{"id":45277,"date":"2025-09-30T09:46:14","date_gmt":"2025-09-30T09:46:14","guid":{"rendered":"https:\/\/lovme.pt\/?post_type=product&p=45277"},"modified":"2026-02-19T20:04:35","modified_gmt":"2026-02-19T20:04:35","slug":"bijoux-indiscrets-oleo-de-massagem-light-my-fire-efeito-de-calor-sabor-goma","status":"publish","type":"product","link":"https:\/\/lovme.pt\/index.php\/produto\/bijoux-indiscrets-oleo-de-massagem-light-my-fire-efeito-de-calor-sabor-goma\/","title":{"rendered":"BIJOUX &#8211; INDISCRETS \u00d3LEO DE MASSAGEM LIGHT MY FIRE EFEITO DE CALOR SABOR GOMA"},"content":{"rendered":"<p>Voc\u00ea sabia que a pele \u00e9 o maior \u00f3rg\u00e3o do corpo? Temos 2 m\u00b2 de pele, e o sentido do tato \u00e9 o \u00fanico que se estende por todo o corpo. Os \u00f3leos com efeito aquecedor <strong>Light My Fire<\/strong> s\u00e3o uma homenagem \u00e0s car\u00edcias e massagens. Acaricie suavemente e aumente a temperatura. Golpe e surpresa. Chegou a hora: beije-o e desfrute do sabor irresist\u00edvel em sua pele. Com <strong>Light My Fire,<\/strong> seu amante \u00e9 a melhor sobremesa do mundo!<\/p>\n<p>\u00a0<\/p>\n<p><b><u>INFORMA\u00c7\u00c3O EXTRA:<\/u><\/b><\/p>\n<ul>\n<li><strong>Sabores irresist\u00edveis:<\/strong> Sabor chiclete. E como os nossos \u00f3leos s\u00e3o comest\u00edveis, eles transformam o seu corpo na melhor sobremesa do mundo.<\/li>\n<li><strong>Um efeito t\u00e9rmico muito surpreendente<\/strong> : Sua f\u00f3rmula, 100% glicerina com ginseng, reage com a umidade natural e potencializa o efeito t\u00e9rmico do gel de massagem. A circula\u00e7\u00e3o sangu\u00ednea \u00e9 ativada e as massagens tornam-se aperitivos muito emocionantes.<\/li>\n<li><strong>Aque\u00e7a com um sussurro:<\/strong> Uma vez na pele, sussurre ou sopre suavemente para ver como isso aumenta a temperatura do gel e aumenta o efeito de aquecimento.<\/li>\n<li><strong>Natural e beij\u00e1vel:<\/strong> 100% natural e com aromas alimentares, \u00e9 comest\u00edvel e vai transformar o seu corpo na tenta\u00e7\u00e3o mais irresist\u00edvel, SEM A\u00c7\u00daCARES nem GL\u00daTEN.<\/li>\n<li><strong>Garantia de qualidade:<\/strong> Os nossos produtos s\u00e3o fabricados em Espanha. S\u00e3o 100% naturais e de origem vegetal (n\u00e3o cont\u00eam produtos de origem animal). N\u00e3o foram testados em animais e n\u00e3o cont\u00eam parabenos ou \u00f3leos minerais.<\/li>\n<li><strong>Todo mundo brinca!:<\/strong> Brinque, assopre e beije sem parar. Sem a\u00e7\u00facar, sem gl\u00faten e 100% vegetal. Ent\u00e3o todos podem experimentar. Tamb\u00e9m \u00e9 compat\u00edvel com a \u00e1rea \u00edntima e preservativos de l\u00e1tex.<\/li>\n<li><strong>Todos podem brincar!:<\/strong> SEM ADI\u00c7\u00c3O DE A\u00c7\u00daCARES E GL\u00daTEN, s\u00e3o indicados para cel\u00edacos e diab\u00e9ticos.<\/li>\n<li><strong>Quer saber um segredo?:<\/strong> Guarde o gel Light My Fire na geladeira. Aplique frio na pele. Comece com movimentos circulares, sopre para surpreender e termine provando na pele do seu amante.<\/li>\n<li><strong>O presente perfeito gra\u00e7as ao seu design e embalagem:<\/strong> Embrulhados numa embalagem deslumbrante, os \u00f3leos de massagem Light My Fire s\u00e3o o presente perfeito.<\/li>\n<\/ul>\n<p>\u00a0<\/p>\n<p><u><strong>CARACTER\u00cdSTICAS:<\/strong><\/u><\/p>\n<ul>\n<li>Peso l\u00edquido: 100ML<\/li>\n<li>Peso com embalagem: 0,3770 kg<\/li>\n<li>Feito na Espanha<\/li>\n<li>Data de validade: 12 meses ap\u00f3s a abertura. Frasco de vidro com dispensador anti-gotas (fabricado na China)<\/li>\n<li>Idioma: \/en\/es\/fr\/<\/li>\n<\/ul>\n","protected":false},"excerpt":{"rendered":"<p>BIJOUX &#8211; INDISCRETS \u00d3LEO DE MASSAGEM LIGHT MY FIRE EFEITO DE CALOR SABOR GOMA<\/p>\n","protected":false},"featured_media":56767,"template":"","meta":{"_acf_changed":false},"product_brand":[],"product_cat":[49,51],"product_tag":[],"class_list":{"0":"post-45277","1":"product","2":"type-product","3":"status-publish","4":"has-post-thumbnail","6":"product_cat-cosmeticos","7":"product_cat-oleos-de-massagem","8":"yith_product_brand-bijoux-indiscrets","9":"yith_product_brand-bijoux-indiscretsbijoux-love-cosmetiques","11":"first","12":"instock","13":"taxable","14":"shipping-taxable","15":"purchasable","16":"product-type-simple"},"acf":[],"yoast_head":"<!-- This site is optimized with the Yoast SEO plugin v27.4 - https:\/\/yoast.com\/product\/yoast-seo-wordpress\/ -->\n<title>BIJOUX - INDISCRETS \u00d3LEO DE MASSAGEM LIGHT MY FIRE EFEITO DE CALOR SABOR GOMA - Lovme<\/title>\n<meta name=\"robots\" content=\"index, follow, max-snippet:-1, max-image-preview:large, max-video-preview:-1\" \/>\n<link rel=\"canonical\" href=\"https:\/\/lovme.pt\/index.php\/produto\/bijoux-indiscrets-oleo-de-massagem-light-my-fire-efeito-de-calor-sabor-goma\/\" \/>\n<meta property=\"og:locale\" content=\"pt_PT\" \/>\n<meta property=\"og:type\" content=\"article\" \/>\n<meta property=\"og:title\" content=\"BIJOUX - INDISCRETS \u00d3LEO DE MASSAGEM LIGHT MY FIRE EFEITO DE CALOR SABOR GOMA - Lovme\" \/>\n<meta property=\"og:description\" content=\"BIJOUX - INDISCRETS \u00d3LEO DE MASSAGEM LIGHT MY FIRE EFEITO DE CALOR SABOR GOMA\" \/>\n<meta property=\"og:url\" content=\"https:\/\/lovme.pt\/index.php\/produto\/bijoux-indiscrets-oleo-de-massagem-light-my-fire-efeito-de-calor-sabor-goma\/\" \/>\n<meta property=\"og:site_name\" content=\"Lovme\" \/>\n<meta property=\"article:modified_time\" content=\"2026-02-19T20:04:35+00:00\" \/>\n<meta property=\"og:image\" content=\"https:\/\/erki24nd3ub.exactdn.com\/wp-content\/uploads\/dream\/img\/img_156667_45fe87e80d5d7c03fecadccb7232c650_1.jpg?strip=all\" \/>\n\t<meta property=\"og:image:width\" content=\"800\" \/>\n\t<meta property=\"og:image:height\" content=\"800\" \/>\n\t<meta property=\"og:image:type\" content=\"image\/jpeg\" \/>\n<meta name=\"twitter:card\" content=\"summary_large_image\" \/>\n<meta name=\"twitter:label1\" content=\"Tempo estimado de leitura\" \/>\n\t<meta name=\"twitter:data1\" content=\"2 minutos\" \/>\n<script type=\"application\/ld+json\" class=\"yoast-schema-graph\">{\"@context\":\"https:\\\/\\\/schema.org\",\"@graph\":[{\"@type\":\"WebPage\",\"@id\":\"https:\\\/\\\/lovme.pt\\\/index.php\\\/produto\\\/bijoux-indiscrets-oleo-de-massagem-light-my-fire-efeito-de-calor-sabor-goma\\\/\",\"url\":\"https:\\\/\\\/lovme.pt\\\/index.php\\\/produto\\\/bijoux-indiscrets-oleo-de-massagem-light-my-fire-efeito-de-calor-sabor-goma\\\/\",\"name\":\"BIJOUX - INDISCRETS \u00d3LEO DE MASSAGEM LIGHT MY FIRE EFEITO DE CALOR SABOR GOMA - Lovme\",\"isPartOf\":{\"@id\":\"https:\\\/\\\/lovme.pt\\\/#website\"},\"primaryImageOfPage\":{\"@id\":\"https:\\\/\\\/lovme.pt\\\/index.php\\\/produto\\\/bijoux-indiscrets-oleo-de-massagem-light-my-fire-efeito-de-calor-sabor-goma\\\/#primaryimage\"},\"image\":{\"@id\":\"https:\\\/\\\/lovme.pt\\\/index.php\\\/produto\\\/bijoux-indiscrets-oleo-de-massagem-light-my-fire-efeito-de-calor-sabor-goma\\\/#primaryimage\"},\"thumbnailUrl\":\"https:\\\/\\\/erki24nd3ub.exactdn.com\\\/wp-content\\\/uploads\\\/dream\\\/img\\\/img_156667_45fe87e80d5d7c03fecadccb7232c650_1.jpg?strip=all\",\"datePublished\":\"2025-09-30T09:46:14+00:00\",\"dateModified\":\"2026-02-19T20:04:35+00:00\",\"breadcrumb\":{\"@id\":\"https:\\\/\\\/lovme.pt\\\/index.php\\\/produto\\\/bijoux-indiscrets-oleo-de-massagem-light-my-fire-efeito-de-calor-sabor-goma\\\/#breadcrumb\"},\"inLanguage\":\"pt-PT\",\"potentialAction\":[{\"@type\":\"ReadAction\",\"target\":[\"https:\\\/\\\/lovme.pt\\\/index.php\\\/produto\\\/bijoux-indiscrets-oleo-de-massagem-light-my-fire-efeito-de-calor-sabor-goma\\\/\"]}]},{\"@type\":\"ImageObject\",\"inLanguage\":\"pt-PT\",\"@id\":\"https:\\\/\\\/lovme.pt\\\/index.php\\\/produto\\\/bijoux-indiscrets-oleo-de-massagem-light-my-fire-efeito-de-calor-sabor-goma\\\/#primaryimage\",\"url\":\"https:\\\/\\\/erki24nd3ub.exactdn.com\\\/wp-content\\\/uploads\\\/dream\\\/img\\\/img_156667_45fe87e80d5d7c03fecadccb7232c650_1.jpg?strip=all\",\"contentUrl\":\"https:\\\/\\\/erki24nd3ub.exactdn.com\\\/wp-content\\\/uploads\\\/dream\\\/img\\\/img_156667_45fe87e80d5d7c03fecadccb7232c650_1.jpg?strip=all\",\"width\":800,\"height\":800},{\"@type\":\"BreadcrumbList\",\"@id\":\"https:\\\/\\\/lovme.pt\\\/index.php\\\/produto\\\/bijoux-indiscrets-oleo-de-massagem-light-my-fire-efeito-de-calor-sabor-goma\\\/#breadcrumb\",\"itemListElement\":[{\"@type\":\"ListItem\",\"position\":1,\"name\":\"In\u00edcio\",\"item\":\"https:\\\/\\\/lovme.pt\\\/\"},{\"@type\":\"ListItem\",\"position\":2,\"name\":\"Loja\",\"item\":\"https:\\\/\\\/lovme.pt\\\/index.php\\\/loja\\\/\"},{\"@type\":\"ListItem\",\"position\":3,\"name\":\"BIJOUX &#8211; INDISCRETS \u00d3LEO DE MASSAGEM LIGHT MY FIRE EFEITO DE CALOR SABOR GOMA\"}]},{\"@type\":\"WebSite\",\"@id\":\"https:\\\/\\\/lovme.pt\\\/#website\",\"url\":\"https:\\\/\\\/lovme.pt\\\/\",\"name\":\"Lovme Loja Er\u00f3tica N\u00ba1 em Portugal\",\"description\":\"A melhor loja er\u00f3tica de Portugal.\",\"alternateName\":\"Loja Er\u00f3tica Lovme\",\"potentialAction\":[{\"@type\":\"SearchAction\",\"target\":{\"@type\":\"EntryPoint\",\"urlTemplate\":\"https:\\\/\\\/lovme.pt\\\/?s={search_term_string}\"},\"query-input\":{\"@type\":\"PropertyValueSpecification\",\"valueRequired\":true,\"valueName\":\"search_term_string\"}}],\"inLanguage\":\"pt-PT\"}]}<\/script>\n<!-- \/ Yoast SEO plugin. -->","yoast_head_json":{"title":"BIJOUX - INDISCRETS \u00d3LEO DE MASSAGEM LIGHT MY FIRE EFEITO DE CALOR SABOR GOMA - Lovme","robots":{"index":"index","follow":"follow","max-snippet":"max-snippet:-1","max-image-preview":"max-image-preview:large","max-video-preview":"max-video-preview:-1"},"canonical":"https:\/\/lovme.pt\/index.php\/produto\/bijoux-indiscrets-oleo-de-massagem-light-my-fire-efeito-de-calor-sabor-goma\/","og_locale":"pt_PT","og_type":"article","og_title":"BIJOUX - INDISCRETS \u00d3LEO DE MASSAGEM LIGHT MY FIRE EFEITO DE CALOR SABOR GOMA - Lovme","og_description":"BIJOUX - INDISCRETS \u00d3LEO DE MASSAGEM LIGHT MY FIRE EFEITO DE CALOR SABOR GOMA","og_url":"https:\/\/lovme.pt\/index.php\/produto\/bijoux-indiscrets-oleo-de-massagem-light-my-fire-efeito-de-calor-sabor-goma\/","og_site_name":"Lovme","article_modified_time":"2026-02-19T20:04:35+00:00","og_image":[{"width":800,"height":800,"url":"https:\/\/erki24nd3ub.exactdn.com\/wp-content\/uploads\/dream\/img\/img_156667_45fe87e80d5d7c03fecadccb7232c650_1.jpg?strip=all","type":"image\/jpeg"}],"twitter_card":"summary_large_image","twitter_misc":{"Tempo estimado de leitura":"2 minutos"},"schema":{"@context":"https:\/\/schema.org","@graph":[{"@type":"WebPage","@id":"https:\/\/lovme.pt\/index.php\/produto\/bijoux-indiscrets-oleo-de-massagem-light-my-fire-efeito-de-calor-sabor-goma\/","url":"https:\/\/lovme.pt\/index.php\/produto\/bijoux-indiscrets-oleo-de-massagem-light-my-fire-efeito-de-calor-sabor-goma\/","name":"BIJOUX - INDISCRETS \u00d3LEO DE MASSAGEM LIGHT MY FIRE EFEITO DE CALOR SABOR GOMA - Lovme","isPartOf":{"@id":"https:\/\/lovme.pt\/#website"},"primaryImageOfPage":{"@id":"https:\/\/lovme.pt\/index.php\/produto\/bijoux-indiscrets-oleo-de-massagem-light-my-fire-efeito-de-calor-sabor-goma\/#primaryimage"},"image":{"@id":"https:\/\/lovme.pt\/index.php\/produto\/bijoux-indiscrets-oleo-de-massagem-light-my-fire-efeito-de-calor-sabor-goma\/#primaryimage"},"thumbnailUrl":"https:\/\/erki24nd3ub.exactdn.com\/wp-content\/uploads\/dream\/img\/img_156667_45fe87e80d5d7c03fecadccb7232c650_1.jpg?strip=all","datePublished":"2025-09-30T09:46:14+00:00","dateModified":"2026-02-19T20:04:35+00:00","breadcrumb":{"@id":"https:\/\/lovme.pt\/index.php\/produto\/bijoux-indiscrets-oleo-de-massagem-light-my-fire-efeito-de-calor-sabor-goma\/#breadcrumb"},"inLanguage":"pt-PT","potentialAction":[{"@type":"ReadAction","target":["https:\/\/lovme.pt\/index.php\/produto\/bijoux-indiscrets-oleo-de-massagem-light-my-fire-efeito-de-calor-sabor-goma\/"]}]},{"@type":"ImageObject","inLanguage":"pt-PT","@id":"https:\/\/lovme.pt\/index.php\/produto\/bijoux-indiscrets-oleo-de-massagem-light-my-fire-efeito-de-calor-sabor-goma\/#primaryimage","url":"https:\/\/erki24nd3ub.exactdn.com\/wp-content\/uploads\/dream\/img\/img_156667_45fe87e80d5d7c03fecadccb7232c650_1.jpg?strip=all","contentUrl":"https:\/\/erki24nd3ub.exactdn.com\/wp-content\/uploads\/dream\/img\/img_156667_45fe87e80d5d7c03fecadccb7232c650_1.jpg?strip=all","width":800,"height":800},{"@type":"BreadcrumbList","@id":"https:\/\/lovme.pt\/index.php\/produto\/bijoux-indiscrets-oleo-de-massagem-light-my-fire-efeito-de-calor-sabor-goma\/#breadcrumb","itemListElement":[{"@type":"ListItem","position":1,"name":"In\u00edcio","item":"https:\/\/lovme.pt\/"},{"@type":"ListItem","position":2,"name":"Loja","item":"https:\/\/lovme.pt\/index.php\/loja\/"},{"@type":"ListItem","position":3,"name":"BIJOUX &#8211; INDISCRETS \u00d3LEO DE MASSAGEM LIGHT MY FIRE EFEITO DE CALOR SABOR GOMA"}]},{"@type":"WebSite","@id":"https:\/\/lovme.pt\/#website","url":"https:\/\/lovme.pt\/","name":"Lovme Loja Er\u00f3tica N\u00ba1 em Portugal","description":"A melhor loja er\u00f3tica de Portugal.","alternateName":"Loja Er\u00f3tica Lovme","potentialAction":[{"@type":"SearchAction","target":{"@type":"EntryPoint","urlTemplate":"https:\/\/lovme.pt\/?s={search_term_string}"},"query-input":{"@type":"PropertyValueSpecification","valueRequired":true,"valueName":"search_term_string"}}],"inLanguage":"pt-PT"}]}},"_links":{"self":[{"href":"https:\/\/lovme.pt\/index.php\/wp-json\/wp\/v2\/product\/45277","targetHints":{"allow":["GET"]}}],"collection":[{"href":"https:\/\/lovme.pt\/index.php\/wp-json\/wp\/v2\/product"}],"about":[{"href":"https:\/\/lovme.pt\/index.php\/wp-json\/wp\/v2\/types\/product"}],"wp:featuredmedia":[{"embeddable":true,"href":"https:\/\/lovme.pt\/index.php\/wp-json\/wp\/v2\/media\/56767"}],"wp:attachment":[{"href":"https:\/\/lovme.pt\/index.php\/wp-json\/wp\/v2\/media?parent=45277"}],"wp:term":[{"taxonomy":"product_brand","embeddable":true,"href":"https:\/\/lovme.pt\/index.php\/wp-json\/wp\/v2\/product_brand?post=45277"},{"taxonomy":"product_cat","embeddable":true,"href":"https:\/\/lovme.pt\/index.php\/wp-json\/wp\/v2\/product_cat?post=45277"},{"taxonomy":"product_tag","embeddable":true,"href":"https:\/\/lovme.pt\/index.php\/wp-json\/wp\/v2\/product_tag?post=45277"}],"curies":[{"name":"wp","href":"https:\/\/api.w.org\/{rel}","templated":true}]}}