{"id":45256,"date":"2025-09-30T09:49:31","date_gmt":"2025-09-30T09:49:31","guid":{"rendered":"https:\/\/lovme.pt\/?post_type=product&p=45256"},"modified":"2026-02-19T20:05:29","modified_gmt":"2026-02-19T20:05:29","slug":"diablo-picante-mscara-de-penis","status":"publish","type":"product","link":"https:\/\/lovme.pt\/index.php\/produto\/diablo-picante-mscara-de-penis\/","title":{"rendered":"DIABLO PICANTE &#8211; MSCARA DE P\u00caNIS"},"content":{"rendered":"<p>\u00c9 uma <strong>m\u00e1scara com apito<\/strong> para uma noite de tes\u00e3o, festa ou at\u00e9 mesmo dormir. \u00c9 muito divertido.<\/p>\n<ul>\n<li><strong>Decora\u00e7\u00e3o tem\u00e1tica:<\/strong> A decora\u00e7\u00e3o \u00e9 um elemento essencial de qualquer despedida de solteiro. Voc\u00ea pode optar por um tema espec\u00edfico, como uma noite de cassino, uma festa na praia, uma festa de princesa ou qualquer outro conceito que a noiva goste. Decora\u00e7\u00f5es como bal\u00f5es, guirlandas e bandeirinhas podem ajudar a criar a atmosfera certa.<\/li>\n<li><strong>Adere\u00e7os para fotos:<\/strong> adere\u00e7os para fotos s\u00e3o uma maneira divertida de capturar mem\u00f3rias. Eles incluem chap\u00e9us, \u00f3culos de sol, bigodes e outros objetos extravagantes que os convidados podem usar nas fotos. Isso adiciona um toque de divers\u00e3o e espontaneidade \u00e0 festa.<\/li>\n<li><strong>Acess\u00f3rios er\u00f3ticos:<\/strong> Algumas despedidas de solteiro incluem acess\u00f3rios er\u00f3ticos, como jogos de dados, fantasias picantes ou brinquedos adultos. Isso depende do conforto e dos desejos do noivo.<\/li>\n<\/ul>\n<p>\u00a0<\/p>\n<p>Com <strong>DIABLO PICANTE<\/strong> voc\u00ea encher\u00e1 suas despedidas de solteiro de felicidade. Somos especialistas em presentes sensuais para anivers\u00e1rios, despedidas de solteiro e qualquer tipo de celebra\u00e7\u00e3o que exija um toque picante. Estamos no mercado de produtos sexuais h\u00e1 mais de 15 anos para oferecer uma gama de produtos muito particular. \u00c9 vis\u00edvel em praticamente 100% das lojas adultas e \u00e9 essencial na hora de organizar uma festa com tem\u00e1tica sexual.<\/p>\n","protected":false},"excerpt":{"rendered":"<p>DIABLO PICANTE &#8211; MSCARA DE SONO PARA O P\u00caNIS<\/p>\n","protected":false},"featured_media":57537,"template":"","meta":{"_acf_changed":false},"product_brand":[],"product_cat":[50,69,15],"product_tag":[],"class_list":{"0":"post-45256","1":"product","2":"type-product","3":"status-publish","4":"has-post-thumbnail","6":"product_cat-complementos-e-acessorios","7":"product_cat-jogos-eroticos","8":"product_cat-loja","9":"yith_product_brand-diverty-sexdiablo-picante","10":"yith_product_brand-diverty-sex","12":"first","13":"instock","14":"taxable","15":"shipping-taxable","16":"purchasable","17":"product-type-simple"},"acf":[],"yoast_head":"<!-- This site is optimized with the Yoast SEO plugin v27.4 - https:\/\/yoast.com\/product\/yoast-seo-wordpress\/ -->\n<title>DIABLO PICANTE - MSCARA DE P\u00caNIS - Lovme<\/title>\n<meta name=\"robots\" content=\"index, follow, max-snippet:-1, max-image-preview:large, max-video-preview:-1\" \/>\n<link rel=\"canonical\" href=\"https:\/\/lovme.pt\/index.php\/produto\/diablo-picante-mscara-de-penis\/\" \/>\n<meta property=\"og:locale\" content=\"pt_PT\" \/>\n<meta property=\"og:type\" content=\"article\" \/>\n<meta property=\"og:title\" content=\"DIABLO PICANTE - MSCARA DE P\u00caNIS - Lovme\" \/>\n<meta property=\"og:description\" content=\"DIABLO PICANTE - MSCARA DE SONO PARA O P\u00caNIS\" \/>\n<meta property=\"og:url\" content=\"https:\/\/lovme.pt\/index.php\/produto\/diablo-picante-mscara-de-penis\/\" \/>\n<meta property=\"og:site_name\" content=\"Lovme\" \/>\n<meta property=\"article:modified_time\" content=\"2026-02-19T20:05:29+00:00\" \/>\n<meta property=\"og:image\" content=\"https:\/\/erki24nd3ub.exactdn.com\/wp-content\/uploads\/dream\/img\/img_156473_77f28ab341c112d490319a77a4c0905b_1.jpg?strip=all\" \/>\n\t<meta property=\"og:image:width\" content=\"800\" \/>\n\t<meta property=\"og:image:height\" content=\"800\" \/>\n\t<meta property=\"og:image:type\" content=\"image\/jpeg\" \/>\n<meta name=\"twitter:card\" content=\"summary_large_image\" \/>\n<meta name=\"twitter:label1\" content=\"Tempo estimado de leitura\" \/>\n\t<meta name=\"twitter:data1\" content=\"1 minuto\" \/>\n<script type=\"application\/ld+json\" class=\"yoast-schema-graph\">{\"@context\":\"https:\\\/\\\/schema.org\",\"@graph\":[{\"@type\":\"WebPage\",\"@id\":\"https:\\\/\\\/lovme.pt\\\/index.php\\\/produto\\\/diablo-picante-mscara-de-penis\\\/\",\"url\":\"https:\\\/\\\/lovme.pt\\\/index.php\\\/produto\\\/diablo-picante-mscara-de-penis\\\/\",\"name\":\"DIABLO PICANTE - MSCARA DE P\u00caNIS - Lovme\",\"isPartOf\":{\"@id\":\"https:\\\/\\\/lovme.pt\\\/#website\"},\"primaryImageOfPage\":{\"@id\":\"https:\\\/\\\/lovme.pt\\\/index.php\\\/produto\\\/diablo-picante-mscara-de-penis\\\/#primaryimage\"},\"image\":{\"@id\":\"https:\\\/\\\/lovme.pt\\\/index.php\\\/produto\\\/diablo-picante-mscara-de-penis\\\/#primaryimage\"},\"thumbnailUrl\":\"https:\\\/\\\/erki24nd3ub.exactdn.com\\\/wp-content\\\/uploads\\\/dream\\\/img\\\/img_156473_77f28ab341c112d490319a77a4c0905b_1.jpg?strip=all\",\"datePublished\":\"2025-09-30T09:49:31+00:00\",\"dateModified\":\"2026-02-19T20:05:29+00:00\",\"breadcrumb\":{\"@id\":\"https:\\\/\\\/lovme.pt\\\/index.php\\\/produto\\\/diablo-picante-mscara-de-penis\\\/#breadcrumb\"},\"inLanguage\":\"pt-PT\",\"potentialAction\":[{\"@type\":\"ReadAction\",\"target\":[\"https:\\\/\\\/lovme.pt\\\/index.php\\\/produto\\\/diablo-picante-mscara-de-penis\\\/\"]}]},{\"@type\":\"ImageObject\",\"inLanguage\":\"pt-PT\",\"@id\":\"https:\\\/\\\/lovme.pt\\\/index.php\\\/produto\\\/diablo-picante-mscara-de-penis\\\/#primaryimage\",\"url\":\"https:\\\/\\\/erki24nd3ub.exactdn.com\\\/wp-content\\\/uploads\\\/dream\\\/img\\\/img_156473_77f28ab341c112d490319a77a4c0905b_1.jpg?strip=all\",\"contentUrl\":\"https:\\\/\\\/erki24nd3ub.exactdn.com\\\/wp-content\\\/uploads\\\/dream\\\/img\\\/img_156473_77f28ab341c112d490319a77a4c0905b_1.jpg?strip=all\",\"width\":800,\"height\":800},{\"@type\":\"BreadcrumbList\",\"@id\":\"https:\\\/\\\/lovme.pt\\\/index.php\\\/produto\\\/diablo-picante-mscara-de-penis\\\/#breadcrumb\",\"itemListElement\":[{\"@type\":\"ListItem\",\"position\":1,\"name\":\"In\u00edcio\",\"item\":\"https:\\\/\\\/lovme.pt\\\/\"},{\"@type\":\"ListItem\",\"position\":2,\"name\":\"Loja\",\"item\":\"https:\\\/\\\/lovme.pt\\\/index.php\\\/loja\\\/\"},{\"@type\":\"ListItem\",\"position\":3,\"name\":\"DIABLO PICANTE &#8211; MSCARA DE P\u00caNIS\"}]},{\"@type\":\"WebSite\",\"@id\":\"https:\\\/\\\/lovme.pt\\\/#website\",\"url\":\"https:\\\/\\\/lovme.pt\\\/\",\"name\":\"Lovme Loja Er\u00f3tica N\u00ba1 em Portugal\",\"description\":\"A melhor loja er\u00f3tica de Portugal.\",\"alternateName\":\"Loja Er\u00f3tica Lovme\",\"potentialAction\":[{\"@type\":\"SearchAction\",\"target\":{\"@type\":\"EntryPoint\",\"urlTemplate\":\"https:\\\/\\\/lovme.pt\\\/?s={search_term_string}\"},\"query-input\":{\"@type\":\"PropertyValueSpecification\",\"valueRequired\":true,\"valueName\":\"search_term_string\"}}],\"inLanguage\":\"pt-PT\"}]}<\/script>\n<!-- \/ Yoast SEO plugin. -->","yoast_head_json":{"title":"DIABLO PICANTE - MSCARA DE P\u00caNIS - Lovme","robots":{"index":"index","follow":"follow","max-snippet":"max-snippet:-1","max-image-preview":"max-image-preview:large","max-video-preview":"max-video-preview:-1"},"canonical":"https:\/\/lovme.pt\/index.php\/produto\/diablo-picante-mscara-de-penis\/","og_locale":"pt_PT","og_type":"article","og_title":"DIABLO PICANTE - MSCARA DE P\u00caNIS - Lovme","og_description":"DIABLO PICANTE - MSCARA DE SONO PARA O P\u00caNIS","og_url":"https:\/\/lovme.pt\/index.php\/produto\/diablo-picante-mscara-de-penis\/","og_site_name":"Lovme","article_modified_time":"2026-02-19T20:05:29+00:00","og_image":[{"width":800,"height":800,"url":"https:\/\/erki24nd3ub.exactdn.com\/wp-content\/uploads\/dream\/img\/img_156473_77f28ab341c112d490319a77a4c0905b_1.jpg?strip=all","type":"image\/jpeg"}],"twitter_card":"summary_large_image","twitter_misc":{"Tempo estimado de leitura":"1 minuto"},"schema":{"@context":"https:\/\/schema.org","@graph":[{"@type":"WebPage","@id":"https:\/\/lovme.pt\/index.php\/produto\/diablo-picante-mscara-de-penis\/","url":"https:\/\/lovme.pt\/index.php\/produto\/diablo-picante-mscara-de-penis\/","name":"DIABLO PICANTE - MSCARA DE P\u00caNIS - Lovme","isPartOf":{"@id":"https:\/\/lovme.pt\/#website"},"primaryImageOfPage":{"@id":"https:\/\/lovme.pt\/index.php\/produto\/diablo-picante-mscara-de-penis\/#primaryimage"},"image":{"@id":"https:\/\/lovme.pt\/index.php\/produto\/diablo-picante-mscara-de-penis\/#primaryimage"},"thumbnailUrl":"https:\/\/erki24nd3ub.exactdn.com\/wp-content\/uploads\/dream\/img\/img_156473_77f28ab341c112d490319a77a4c0905b_1.jpg?strip=all","datePublished":"2025-09-30T09:49:31+00:00","dateModified":"2026-02-19T20:05:29+00:00","breadcrumb":{"@id":"https:\/\/lovme.pt\/index.php\/produto\/diablo-picante-mscara-de-penis\/#breadcrumb"},"inLanguage":"pt-PT","potentialAction":[{"@type":"ReadAction","target":["https:\/\/lovme.pt\/index.php\/produto\/diablo-picante-mscara-de-penis\/"]}]},{"@type":"ImageObject","inLanguage":"pt-PT","@id":"https:\/\/lovme.pt\/index.php\/produto\/diablo-picante-mscara-de-penis\/#primaryimage","url":"https:\/\/erki24nd3ub.exactdn.com\/wp-content\/uploads\/dream\/img\/img_156473_77f28ab341c112d490319a77a4c0905b_1.jpg?strip=all","contentUrl":"https:\/\/erki24nd3ub.exactdn.com\/wp-content\/uploads\/dream\/img\/img_156473_77f28ab341c112d490319a77a4c0905b_1.jpg?strip=all","width":800,"height":800},{"@type":"BreadcrumbList","@id":"https:\/\/lovme.pt\/index.php\/produto\/diablo-picante-mscara-de-penis\/#breadcrumb","itemListElement":[{"@type":"ListItem","position":1,"name":"In\u00edcio","item":"https:\/\/lovme.pt\/"},{"@type":"ListItem","position":2,"name":"Loja","item":"https:\/\/lovme.pt\/index.php\/loja\/"},{"@type":"ListItem","position":3,"name":"DIABLO PICANTE &#8211; MSCARA DE P\u00caNIS"}]},{"@type":"WebSite","@id":"https:\/\/lovme.pt\/#website","url":"https:\/\/lovme.pt\/","name":"Lovme Loja Er\u00f3tica N\u00ba1 em Portugal","description":"A melhor loja er\u00f3tica de Portugal.","alternateName":"Loja Er\u00f3tica Lovme","potentialAction":[{"@type":"SearchAction","target":{"@type":"EntryPoint","urlTemplate":"https:\/\/lovme.pt\/?s={search_term_string}"},"query-input":{"@type":"PropertyValueSpecification","valueRequired":true,"valueName":"search_term_string"}}],"inLanguage":"pt-PT"}]}},"_links":{"self":[{"href":"https:\/\/lovme.pt\/index.php\/wp-json\/wp\/v2\/product\/45256","targetHints":{"allow":["GET"]}}],"collection":[{"href":"https:\/\/lovme.pt\/index.php\/wp-json\/wp\/v2\/product"}],"about":[{"href":"https:\/\/lovme.pt\/index.php\/wp-json\/wp\/v2\/types\/product"}],"wp:featuredmedia":[{"embeddable":true,"href":"https:\/\/lovme.pt\/index.php\/wp-json\/wp\/v2\/media\/57537"}],"wp:attachment":[{"href":"https:\/\/lovme.pt\/index.php\/wp-json\/wp\/v2\/media?parent=45256"}],"wp:term":[{"taxonomy":"product_brand","embeddable":true,"href":"https:\/\/lovme.pt\/index.php\/wp-json\/wp\/v2\/product_brand?post=45256"},{"taxonomy":"product_cat","embeddable":true,"href":"https:\/\/lovme.pt\/index.php\/wp-json\/wp\/v2\/product_cat?post=45256"},{"taxonomy":"product_tag","embeddable":true,"href":"https:\/\/lovme.pt\/index.php\/wp-json\/wp\/v2\/product_tag?post=45256"}],"curies":[{"name":"wp","href":"https:\/\/api.w.org\/{rel}","templated":true}]}}