{"id":45225,"date":"2025-09-30T22:26:19","date_gmt":"2025-09-30T22:26:19","guid":{"rendered":"https:\/\/lovme.pt\/?post_type=product&p=45225"},"modified":"2026-02-19T20:12:19","modified_gmt":"2026-02-19T20:12:19","slug":"diablo-picante-candy-sexy-jar-com-12-gomas-sabor-morango-cereja","status":"publish","type":"product","link":"https:\/\/lovme.pt\/index.php\/produto\/diablo-picante-candy-sexy-jar-com-12-gomas-sabor-morango-cereja\/","title":{"rendered":"DIABLO PICANTE &#8211; CANDY SEXY JAR COM 12 GOMAS SABOR MORANGO-CEREJA"},"content":{"rendered":"<p><strong>Barco com 12 balas<\/strong> de 25 gramas, em formato de P\u00eanis com sabor morango e cereja, cor vermelha intensa com um sabor extraordin\u00e1rio de morango e cereja que as bocas mais exigentes v\u00e3o adorar.<\/p>\n<p> As cerejas s\u00e3o as frutas mais sensuais e afrodis\u00edacas, junto com o morango.<\/p>\n<p> \u00c9 ideal para comer com os amigos para presentear em qualquer ocasi\u00e3o, para se divertir com o sabor de morango e cereja. Experimente-me, voc\u00ea n\u00e3o vai se arrepender, doce com gra\u00e7a n\u00e3o faz mal.<\/p>\n<p> Com frases muito engra\u00e7adas, s\u00e3o 10 diferentes, escolha a sua para presentear.<\/p>\n<p> Com <strong>DIABLO PICANTE<\/strong> voc\u00ea encher\u00e1 suas despedidas de solteiro de felicidade. Somos especialistas em presentes sensuais para anivers\u00e1rios, despedidas de solteiro e qualquer tipo de celebra\u00e7\u00e3o que exija um toque picante. Estamos no mercado de produtos sexuais h\u00e1 mais de 15 anos para oferecer uma gama de produtos muito particular. \u00c9 vis\u00edvel em praticamente 100% das lojas adultas e \u00e9 essencial na hora de organizar uma festa com tem\u00e1tica sexual.<\/p>\n","protected":false},"excerpt":{"rendered":"<p>DIABLO PICANTE &#8211; CANDY SEXY JAR COM 12 GOMAS SABOR MORANGO-CEREJA<\/p>\n","protected":false},"featured_media":77771,"template":"","meta":{"_acf_changed":false},"product_brand":[],"product_cat":[15],"product_tag":[],"class_list":{"0":"post-45225","1":"product","2":"type-product","3":"status-publish","4":"has-post-thumbnail","6":"product_cat-loja","7":"yith_product_brand-diverty-sexdiablo-picante","8":"yith_product_brand-diverty-sex","10":"first","11":"instock","12":"taxable","13":"shipping-taxable","14":"purchasable","15":"product-type-simple"},"acf":[],"yoast_head":"<!-- This site is optimized with the Yoast SEO plugin v27.4 - https:\/\/yoast.com\/product\/yoast-seo-wordpress\/ -->\n<title>DIABLO PICANTE - CANDY SEXY JAR COM 12 GOMAS SABOR MORANGO-CEREJA - Lovme<\/title>\n<meta name=\"robots\" content=\"index, follow, max-snippet:-1, max-image-preview:large, max-video-preview:-1\" \/>\n<link rel=\"canonical\" href=\"https:\/\/lovme.pt\/index.php\/produto\/diablo-picante-candy-sexy-jar-com-12-gomas-sabor-morango-cereja\/\" \/>\n<meta property=\"og:locale\" content=\"pt_PT\" \/>\n<meta property=\"og:type\" content=\"article\" \/>\n<meta property=\"og:title\" content=\"DIABLO PICANTE - CANDY SEXY JAR COM 12 GOMAS SABOR MORANGO-CEREJA - Lovme\" \/>\n<meta property=\"og:description\" content=\"DIABLO PICANTE - CANDY SEXY JAR COM 12 GOMAS SABOR MORANGO-CEREJA\" \/>\n<meta property=\"og:url\" content=\"https:\/\/lovme.pt\/index.php\/produto\/diablo-picante-candy-sexy-jar-com-12-gomas-sabor-morango-cereja\/\" \/>\n<meta property=\"og:site_name\" content=\"Lovme\" \/>\n<meta property=\"article:modified_time\" content=\"2026-02-19T20:12:19+00:00\" \/>\n<meta property=\"og:image\" content=\"https:\/\/erki24nd3ub.exactdn.com\/wp-content\/uploads\/dream\/img\/img_156481_85467aebb8e6ee930560653cbb9e41a5_1.jpg?strip=all\" \/>\n\t<meta property=\"og:image:width\" content=\"800\" \/>\n\t<meta property=\"og:image:height\" content=\"800\" \/>\n\t<meta property=\"og:image:type\" content=\"image\/jpeg\" \/>\n<meta name=\"twitter:card\" content=\"summary_large_image\" \/>\n<meta name=\"twitter:label1\" content=\"Tempo estimado de leitura\" \/>\n\t<meta name=\"twitter:data1\" content=\"1 minuto\" \/>\n<script type=\"application\/ld+json\" class=\"yoast-schema-graph\">{\"@context\":\"https:\\\/\\\/schema.org\",\"@graph\":[{\"@type\":\"WebPage\",\"@id\":\"https:\\\/\\\/lovme.pt\\\/index.php\\\/produto\\\/diablo-picante-candy-sexy-jar-com-12-gomas-sabor-morango-cereja\\\/\",\"url\":\"https:\\\/\\\/lovme.pt\\\/index.php\\\/produto\\\/diablo-picante-candy-sexy-jar-com-12-gomas-sabor-morango-cereja\\\/\",\"name\":\"DIABLO PICANTE - CANDY SEXY JAR COM 12 GOMAS SABOR MORANGO-CEREJA - Lovme\",\"isPartOf\":{\"@id\":\"https:\\\/\\\/lovme.pt\\\/#website\"},\"primaryImageOfPage\":{\"@id\":\"https:\\\/\\\/lovme.pt\\\/index.php\\\/produto\\\/diablo-picante-candy-sexy-jar-com-12-gomas-sabor-morango-cereja\\\/#primaryimage\"},\"image\":{\"@id\":\"https:\\\/\\\/lovme.pt\\\/index.php\\\/produto\\\/diablo-picante-candy-sexy-jar-com-12-gomas-sabor-morango-cereja\\\/#primaryimage\"},\"thumbnailUrl\":\"https:\\\/\\\/erki24nd3ub.exactdn.com\\\/wp-content\\\/uploads\\\/dream\\\/img\\\/img_156481_85467aebb8e6ee930560653cbb9e41a5_1.jpg?strip=all\",\"datePublished\":\"2025-09-30T22:26:19+00:00\",\"dateModified\":\"2026-02-19T20:12:19+00:00\",\"breadcrumb\":{\"@id\":\"https:\\\/\\\/lovme.pt\\\/index.php\\\/produto\\\/diablo-picante-candy-sexy-jar-com-12-gomas-sabor-morango-cereja\\\/#breadcrumb\"},\"inLanguage\":\"pt-PT\",\"potentialAction\":[{\"@type\":\"ReadAction\",\"target\":[\"https:\\\/\\\/lovme.pt\\\/index.php\\\/produto\\\/diablo-picante-candy-sexy-jar-com-12-gomas-sabor-morango-cereja\\\/\"]}]},{\"@type\":\"ImageObject\",\"inLanguage\":\"pt-PT\",\"@id\":\"https:\\\/\\\/lovme.pt\\\/index.php\\\/produto\\\/diablo-picante-candy-sexy-jar-com-12-gomas-sabor-morango-cereja\\\/#primaryimage\",\"url\":\"https:\\\/\\\/erki24nd3ub.exactdn.com\\\/wp-content\\\/uploads\\\/dream\\\/img\\\/img_156481_85467aebb8e6ee930560653cbb9e41a5_1.jpg?strip=all\",\"contentUrl\":\"https:\\\/\\\/erki24nd3ub.exactdn.com\\\/wp-content\\\/uploads\\\/dream\\\/img\\\/img_156481_85467aebb8e6ee930560653cbb9e41a5_1.jpg?strip=all\",\"width\":800,\"height\":800},{\"@type\":\"BreadcrumbList\",\"@id\":\"https:\\\/\\\/lovme.pt\\\/index.php\\\/produto\\\/diablo-picante-candy-sexy-jar-com-12-gomas-sabor-morango-cereja\\\/#breadcrumb\",\"itemListElement\":[{\"@type\":\"ListItem\",\"position\":1,\"name\":\"In\u00edcio\",\"item\":\"https:\\\/\\\/lovme.pt\\\/\"},{\"@type\":\"ListItem\",\"position\":2,\"name\":\"Loja\",\"item\":\"https:\\\/\\\/lovme.pt\\\/index.php\\\/loja\\\/\"},{\"@type\":\"ListItem\",\"position\":3,\"name\":\"DIABLO PICANTE &#8211; CANDY SEXY JAR COM 12 GOMAS SABOR MORANGO-CEREJA\"}]},{\"@type\":\"WebSite\",\"@id\":\"https:\\\/\\\/lovme.pt\\\/#website\",\"url\":\"https:\\\/\\\/lovme.pt\\\/\",\"name\":\"Lovme Loja Er\u00f3tica N\u00ba1 em Portugal\",\"description\":\"A melhor loja er\u00f3tica de Portugal.\",\"alternateName\":\"Loja Er\u00f3tica Lovme\",\"potentialAction\":[{\"@type\":\"SearchAction\",\"target\":{\"@type\":\"EntryPoint\",\"urlTemplate\":\"https:\\\/\\\/lovme.pt\\\/?s={search_term_string}\"},\"query-input\":{\"@type\":\"PropertyValueSpecification\",\"valueRequired\":true,\"valueName\":\"search_term_string\"}}],\"inLanguage\":\"pt-PT\"}]}<\/script>\n<!-- \/ Yoast SEO plugin. -->","yoast_head_json":{"title":"DIABLO PICANTE - CANDY SEXY JAR COM 12 GOMAS SABOR MORANGO-CEREJA - Lovme","robots":{"index":"index","follow":"follow","max-snippet":"max-snippet:-1","max-image-preview":"max-image-preview:large","max-video-preview":"max-video-preview:-1"},"canonical":"https:\/\/lovme.pt\/index.php\/produto\/diablo-picante-candy-sexy-jar-com-12-gomas-sabor-morango-cereja\/","og_locale":"pt_PT","og_type":"article","og_title":"DIABLO PICANTE - CANDY SEXY JAR COM 12 GOMAS SABOR MORANGO-CEREJA - Lovme","og_description":"DIABLO PICANTE - CANDY SEXY JAR COM 12 GOMAS SABOR MORANGO-CEREJA","og_url":"https:\/\/lovme.pt\/index.php\/produto\/diablo-picante-candy-sexy-jar-com-12-gomas-sabor-morango-cereja\/","og_site_name":"Lovme","article_modified_time":"2026-02-19T20:12:19+00:00","og_image":[{"width":800,"height":800,"url":"https:\/\/erki24nd3ub.exactdn.com\/wp-content\/uploads\/dream\/img\/img_156481_85467aebb8e6ee930560653cbb9e41a5_1.jpg?strip=all","type":"image\/jpeg"}],"twitter_card":"summary_large_image","twitter_misc":{"Tempo estimado de leitura":"1 minuto"},"schema":{"@context":"https:\/\/schema.org","@graph":[{"@type":"WebPage","@id":"https:\/\/lovme.pt\/index.php\/produto\/diablo-picante-candy-sexy-jar-com-12-gomas-sabor-morango-cereja\/","url":"https:\/\/lovme.pt\/index.php\/produto\/diablo-picante-candy-sexy-jar-com-12-gomas-sabor-morango-cereja\/","name":"DIABLO PICANTE - CANDY SEXY JAR COM 12 GOMAS SABOR MORANGO-CEREJA - Lovme","isPartOf":{"@id":"https:\/\/lovme.pt\/#website"},"primaryImageOfPage":{"@id":"https:\/\/lovme.pt\/index.php\/produto\/diablo-picante-candy-sexy-jar-com-12-gomas-sabor-morango-cereja\/#primaryimage"},"image":{"@id":"https:\/\/lovme.pt\/index.php\/produto\/diablo-picante-candy-sexy-jar-com-12-gomas-sabor-morango-cereja\/#primaryimage"},"thumbnailUrl":"https:\/\/erki24nd3ub.exactdn.com\/wp-content\/uploads\/dream\/img\/img_156481_85467aebb8e6ee930560653cbb9e41a5_1.jpg?strip=all","datePublished":"2025-09-30T22:26:19+00:00","dateModified":"2026-02-19T20:12:19+00:00","breadcrumb":{"@id":"https:\/\/lovme.pt\/index.php\/produto\/diablo-picante-candy-sexy-jar-com-12-gomas-sabor-morango-cereja\/#breadcrumb"},"inLanguage":"pt-PT","potentialAction":[{"@type":"ReadAction","target":["https:\/\/lovme.pt\/index.php\/produto\/diablo-picante-candy-sexy-jar-com-12-gomas-sabor-morango-cereja\/"]}]},{"@type":"ImageObject","inLanguage":"pt-PT","@id":"https:\/\/lovme.pt\/index.php\/produto\/diablo-picante-candy-sexy-jar-com-12-gomas-sabor-morango-cereja\/#primaryimage","url":"https:\/\/erki24nd3ub.exactdn.com\/wp-content\/uploads\/dream\/img\/img_156481_85467aebb8e6ee930560653cbb9e41a5_1.jpg?strip=all","contentUrl":"https:\/\/erki24nd3ub.exactdn.com\/wp-content\/uploads\/dream\/img\/img_156481_85467aebb8e6ee930560653cbb9e41a5_1.jpg?strip=all","width":800,"height":800},{"@type":"BreadcrumbList","@id":"https:\/\/lovme.pt\/index.php\/produto\/diablo-picante-candy-sexy-jar-com-12-gomas-sabor-morango-cereja\/#breadcrumb","itemListElement":[{"@type":"ListItem","position":1,"name":"In\u00edcio","item":"https:\/\/lovme.pt\/"},{"@type":"ListItem","position":2,"name":"Loja","item":"https:\/\/lovme.pt\/index.php\/loja\/"},{"@type":"ListItem","position":3,"name":"DIABLO PICANTE &#8211; CANDY SEXY JAR COM 12 GOMAS SABOR MORANGO-CEREJA"}]},{"@type":"WebSite","@id":"https:\/\/lovme.pt\/#website","url":"https:\/\/lovme.pt\/","name":"Lovme Loja Er\u00f3tica N\u00ba1 em Portugal","description":"A melhor loja er\u00f3tica de Portugal.","alternateName":"Loja Er\u00f3tica Lovme","potentialAction":[{"@type":"SearchAction","target":{"@type":"EntryPoint","urlTemplate":"https:\/\/lovme.pt\/?s={search_term_string}"},"query-input":{"@type":"PropertyValueSpecification","valueRequired":true,"valueName":"search_term_string"}}],"inLanguage":"pt-PT"}]}},"_links":{"self":[{"href":"https:\/\/lovme.pt\/index.php\/wp-json\/wp\/v2\/product\/45225","targetHints":{"allow":["GET"]}}],"collection":[{"href":"https:\/\/lovme.pt\/index.php\/wp-json\/wp\/v2\/product"}],"about":[{"href":"https:\/\/lovme.pt\/index.php\/wp-json\/wp\/v2\/types\/product"}],"wp:featuredmedia":[{"embeddable":true,"href":"https:\/\/lovme.pt\/index.php\/wp-json\/wp\/v2\/media\/77771"}],"wp:attachment":[{"href":"https:\/\/lovme.pt\/index.php\/wp-json\/wp\/v2\/media?parent=45225"}],"wp:term":[{"taxonomy":"product_brand","embeddable":true,"href":"https:\/\/lovme.pt\/index.php\/wp-json\/wp\/v2\/product_brand?post=45225"},{"taxonomy":"product_cat","embeddable":true,"href":"https:\/\/lovme.pt\/index.php\/wp-json\/wp\/v2\/product_cat?post=45225"},{"taxonomy":"product_tag","embeddable":true,"href":"https:\/\/lovme.pt\/index.php\/wp-json\/wp\/v2\/product_tag?post=45225"}],"curies":[{"name":"wp","href":"https:\/\/api.w.org\/{rel}","templated":true}]}}