{"id":45217,"date":"2025-09-30T09:49:28","date_gmt":"2025-09-30T09:49:28","guid":{"rendered":"https:\/\/lovme.pt\/?post_type=product&p=45217"},"modified":"2026-02-19T20:05:29","modified_gmt":"2026-02-19T20:05:29","slug":"diabo-picante-bone-com-peitos-azuis","status":"publish","type":"product","link":"https:\/\/lovme.pt\/index.php\/produto\/diabo-picante-bone-com-peitos-azuis\/","title":{"rendered":"DIABO PICANTE &#8211; BON\u00c9 COM PEITOS AZUIS"},"content":{"rendered":"<p>\u00c9 um bon\u00e9 azul de alta qualidade com peitos na testa, ideal para animar suas festas, despedidas, anivers\u00e1rios e at\u00e9 mesmo como presente.<\/p>\n<p> Somos especializados em brinquedos para adultos na forma de presentes sensuais para anivers\u00e1rios, despedidas de solteiro e qualquer tipo de evento que exija um toque picante. Temos uma grande variedade de produtos sexuais no mercado para oferecer uma gama de produtos muito particular. \u00c9 vis\u00edvel em praticamente 100% das lojas para adultos, e \u00e9 essencial na hora de organizar uma festa com tem\u00e1tica sexual.<\/p>\n<\/p>\n<ul>\n<li> <strong>Ocasi\u00f5es de uso:<\/strong> Esses bon\u00e9s s\u00e3o vers\u00e1teis e podem ser usados em diversas ocasi\u00f5es, desde eventos casuais e reuni\u00f5es com amigos at\u00e9 festivais, festas tem\u00e1ticas ou apenas para adicionar um toque de divers\u00e3o ao seu estilo di\u00e1rio.<\/li>\n<li> <strong>Presente perfeito:<\/strong> bon\u00e9s com s\u00edmbolos engra\u00e7ados tamb\u00e9m s\u00e3o uma excelente op\u00e7\u00e3o de presente, pois podem refletir o senso de humor da pessoa que os recebe e faz\u00ea-la se sentir feliz. se sentir especial.<\/li>\n<\/ul>\n","protected":false},"excerpt":{"rendered":"<p>DIABO PICANTE &#8211; BON\u00c9 AZUL COM PEITOS<\/p>\n","protected":false},"featured_media":57527,"template":"","meta":{"_acf_changed":false},"product_brand":[],"product_cat":[50,69,15],"product_tag":[],"class_list":{"0":"post-45217","1":"product","2":"type-product","3":"status-publish","4":"has-post-thumbnail","6":"product_cat-complementos-e-acessorios","7":"product_cat-jogos-eroticos","8":"product_cat-loja","9":"yith_product_brand-diverty-sexdiablo-picante","10":"yith_product_brand-diverty-sex","12":"first","13":"instock","14":"taxable","15":"shipping-taxable","16":"purchasable","17":"product-type-simple"},"acf":[],"yoast_head":"<!-- This site is optimized with the Yoast SEO plugin v27.4 - https:\/\/yoast.com\/product\/yoast-seo-wordpress\/ -->\n<title>DIABO PICANTE - BON\u00c9 COM PEITOS AZUIS - Lovme<\/title>\n<meta name=\"robots\" content=\"index, follow, max-snippet:-1, max-image-preview:large, max-video-preview:-1\" \/>\n<link rel=\"canonical\" href=\"https:\/\/lovme.pt\/index.php\/produto\/diabo-picante-bone-com-peitos-azuis\/\" \/>\n<meta property=\"og:locale\" content=\"pt_PT\" \/>\n<meta property=\"og:type\" content=\"article\" \/>\n<meta property=\"og:title\" content=\"DIABO PICANTE - BON\u00c9 COM PEITOS AZUIS - Lovme\" \/>\n<meta property=\"og:description\" content=\"DIABO PICANTE - BON\u00c9 AZUL COM PEITOS\" \/>\n<meta property=\"og:url\" content=\"https:\/\/lovme.pt\/index.php\/produto\/diabo-picante-bone-com-peitos-azuis\/\" \/>\n<meta property=\"og:site_name\" content=\"Lovme\" \/>\n<meta property=\"article:modified_time\" content=\"2026-02-19T20:05:29+00:00\" \/>\n<meta property=\"og:image\" content=\"https:\/\/erki24nd3ub.exactdn.com\/wp-content\/uploads\/dream\/img\/img_156384_d91cf3bbd52e3daae47cf6e57c30637b_1.jpg?strip=all\" \/>\n\t<meta property=\"og:image:width\" content=\"800\" \/>\n\t<meta property=\"og:image:height\" content=\"800\" \/>\n\t<meta property=\"og:image:type\" content=\"image\/jpeg\" \/>\n<meta name=\"twitter:card\" content=\"summary_large_image\" \/>\n<meta name=\"twitter:label1\" content=\"Tempo estimado de leitura\" \/>\n\t<meta name=\"twitter:data1\" content=\"1 minuto\" \/>\n<script type=\"application\/ld+json\" class=\"yoast-schema-graph\">{\"@context\":\"https:\\\/\\\/schema.org\",\"@graph\":[{\"@type\":\"WebPage\",\"@id\":\"https:\\\/\\\/lovme.pt\\\/index.php\\\/produto\\\/diabo-picante-bone-com-peitos-azuis\\\/\",\"url\":\"https:\\\/\\\/lovme.pt\\\/index.php\\\/produto\\\/diabo-picante-bone-com-peitos-azuis\\\/\",\"name\":\"DIABO PICANTE - BON\u00c9 COM PEITOS AZUIS - Lovme\",\"isPartOf\":{\"@id\":\"https:\\\/\\\/lovme.pt\\\/#website\"},\"primaryImageOfPage\":{\"@id\":\"https:\\\/\\\/lovme.pt\\\/index.php\\\/produto\\\/diabo-picante-bone-com-peitos-azuis\\\/#primaryimage\"},\"image\":{\"@id\":\"https:\\\/\\\/lovme.pt\\\/index.php\\\/produto\\\/diabo-picante-bone-com-peitos-azuis\\\/#primaryimage\"},\"thumbnailUrl\":\"https:\\\/\\\/erki24nd3ub.exactdn.com\\\/wp-content\\\/uploads\\\/dream\\\/img\\\/img_156384_d91cf3bbd52e3daae47cf6e57c30637b_1.jpg?strip=all\",\"datePublished\":\"2025-09-30T09:49:28+00:00\",\"dateModified\":\"2026-02-19T20:05:29+00:00\",\"breadcrumb\":{\"@id\":\"https:\\\/\\\/lovme.pt\\\/index.php\\\/produto\\\/diabo-picante-bone-com-peitos-azuis\\\/#breadcrumb\"},\"inLanguage\":\"pt-PT\",\"potentialAction\":[{\"@type\":\"ReadAction\",\"target\":[\"https:\\\/\\\/lovme.pt\\\/index.php\\\/produto\\\/diabo-picante-bone-com-peitos-azuis\\\/\"]}]},{\"@type\":\"ImageObject\",\"inLanguage\":\"pt-PT\",\"@id\":\"https:\\\/\\\/lovme.pt\\\/index.php\\\/produto\\\/diabo-picante-bone-com-peitos-azuis\\\/#primaryimage\",\"url\":\"https:\\\/\\\/erki24nd3ub.exactdn.com\\\/wp-content\\\/uploads\\\/dream\\\/img\\\/img_156384_d91cf3bbd52e3daae47cf6e57c30637b_1.jpg?strip=all\",\"contentUrl\":\"https:\\\/\\\/erki24nd3ub.exactdn.com\\\/wp-content\\\/uploads\\\/dream\\\/img\\\/img_156384_d91cf3bbd52e3daae47cf6e57c30637b_1.jpg?strip=all\",\"width\":800,\"height\":800},{\"@type\":\"BreadcrumbList\",\"@id\":\"https:\\\/\\\/lovme.pt\\\/index.php\\\/produto\\\/diabo-picante-bone-com-peitos-azuis\\\/#breadcrumb\",\"itemListElement\":[{\"@type\":\"ListItem\",\"position\":1,\"name\":\"In\u00edcio\",\"item\":\"https:\\\/\\\/lovme.pt\\\/\"},{\"@type\":\"ListItem\",\"position\":2,\"name\":\"Loja\",\"item\":\"https:\\\/\\\/lovme.pt\\\/index.php\\\/loja\\\/\"},{\"@type\":\"ListItem\",\"position\":3,\"name\":\"DIABO PICANTE &#8211; BON\u00c9 COM PEITOS AZUIS\"}]},{\"@type\":\"WebSite\",\"@id\":\"https:\\\/\\\/lovme.pt\\\/#website\",\"url\":\"https:\\\/\\\/lovme.pt\\\/\",\"name\":\"Lovme Loja Er\u00f3tica N\u00ba1 em Portugal\",\"description\":\"A melhor loja er\u00f3tica de Portugal.\",\"alternateName\":\"Loja Er\u00f3tica Lovme\",\"potentialAction\":[{\"@type\":\"SearchAction\",\"target\":{\"@type\":\"EntryPoint\",\"urlTemplate\":\"https:\\\/\\\/lovme.pt\\\/?s={search_term_string}\"},\"query-input\":{\"@type\":\"PropertyValueSpecification\",\"valueRequired\":true,\"valueName\":\"search_term_string\"}}],\"inLanguage\":\"pt-PT\"}]}<\/script>\n<!-- \/ Yoast SEO plugin. -->","yoast_head_json":{"title":"DIABO PICANTE - BON\u00c9 COM PEITOS AZUIS - Lovme","robots":{"index":"index","follow":"follow","max-snippet":"max-snippet:-1","max-image-preview":"max-image-preview:large","max-video-preview":"max-video-preview:-1"},"canonical":"https:\/\/lovme.pt\/index.php\/produto\/diabo-picante-bone-com-peitos-azuis\/","og_locale":"pt_PT","og_type":"article","og_title":"DIABO PICANTE - BON\u00c9 COM PEITOS AZUIS - Lovme","og_description":"DIABO PICANTE - BON\u00c9 AZUL COM PEITOS","og_url":"https:\/\/lovme.pt\/index.php\/produto\/diabo-picante-bone-com-peitos-azuis\/","og_site_name":"Lovme","article_modified_time":"2026-02-19T20:05:29+00:00","og_image":[{"width":800,"height":800,"url":"https:\/\/erki24nd3ub.exactdn.com\/wp-content\/uploads\/dream\/img\/img_156384_d91cf3bbd52e3daae47cf6e57c30637b_1.jpg?strip=all","type":"image\/jpeg"}],"twitter_card":"summary_large_image","twitter_misc":{"Tempo estimado de leitura":"1 minuto"},"schema":{"@context":"https:\/\/schema.org","@graph":[{"@type":"WebPage","@id":"https:\/\/lovme.pt\/index.php\/produto\/diabo-picante-bone-com-peitos-azuis\/","url":"https:\/\/lovme.pt\/index.php\/produto\/diabo-picante-bone-com-peitos-azuis\/","name":"DIABO PICANTE - BON\u00c9 COM PEITOS AZUIS - Lovme","isPartOf":{"@id":"https:\/\/lovme.pt\/#website"},"primaryImageOfPage":{"@id":"https:\/\/lovme.pt\/index.php\/produto\/diabo-picante-bone-com-peitos-azuis\/#primaryimage"},"image":{"@id":"https:\/\/lovme.pt\/index.php\/produto\/diabo-picante-bone-com-peitos-azuis\/#primaryimage"},"thumbnailUrl":"https:\/\/erki24nd3ub.exactdn.com\/wp-content\/uploads\/dream\/img\/img_156384_d91cf3bbd52e3daae47cf6e57c30637b_1.jpg?strip=all","datePublished":"2025-09-30T09:49:28+00:00","dateModified":"2026-02-19T20:05:29+00:00","breadcrumb":{"@id":"https:\/\/lovme.pt\/index.php\/produto\/diabo-picante-bone-com-peitos-azuis\/#breadcrumb"},"inLanguage":"pt-PT","potentialAction":[{"@type":"ReadAction","target":["https:\/\/lovme.pt\/index.php\/produto\/diabo-picante-bone-com-peitos-azuis\/"]}]},{"@type":"ImageObject","inLanguage":"pt-PT","@id":"https:\/\/lovme.pt\/index.php\/produto\/diabo-picante-bone-com-peitos-azuis\/#primaryimage","url":"https:\/\/erki24nd3ub.exactdn.com\/wp-content\/uploads\/dream\/img\/img_156384_d91cf3bbd52e3daae47cf6e57c30637b_1.jpg?strip=all","contentUrl":"https:\/\/erki24nd3ub.exactdn.com\/wp-content\/uploads\/dream\/img\/img_156384_d91cf3bbd52e3daae47cf6e57c30637b_1.jpg?strip=all","width":800,"height":800},{"@type":"BreadcrumbList","@id":"https:\/\/lovme.pt\/index.php\/produto\/diabo-picante-bone-com-peitos-azuis\/#breadcrumb","itemListElement":[{"@type":"ListItem","position":1,"name":"In\u00edcio","item":"https:\/\/lovme.pt\/"},{"@type":"ListItem","position":2,"name":"Loja","item":"https:\/\/lovme.pt\/index.php\/loja\/"},{"@type":"ListItem","position":3,"name":"DIABO PICANTE &#8211; BON\u00c9 COM PEITOS AZUIS"}]},{"@type":"WebSite","@id":"https:\/\/lovme.pt\/#website","url":"https:\/\/lovme.pt\/","name":"Lovme Loja Er\u00f3tica N\u00ba1 em Portugal","description":"A melhor loja er\u00f3tica de Portugal.","alternateName":"Loja Er\u00f3tica Lovme","potentialAction":[{"@type":"SearchAction","target":{"@type":"EntryPoint","urlTemplate":"https:\/\/lovme.pt\/?s={search_term_string}"},"query-input":{"@type":"PropertyValueSpecification","valueRequired":true,"valueName":"search_term_string"}}],"inLanguage":"pt-PT"}]}},"_links":{"self":[{"href":"https:\/\/lovme.pt\/index.php\/wp-json\/wp\/v2\/product\/45217","targetHints":{"allow":["GET"]}}],"collection":[{"href":"https:\/\/lovme.pt\/index.php\/wp-json\/wp\/v2\/product"}],"about":[{"href":"https:\/\/lovme.pt\/index.php\/wp-json\/wp\/v2\/types\/product"}],"wp:featuredmedia":[{"embeddable":true,"href":"https:\/\/lovme.pt\/index.php\/wp-json\/wp\/v2\/media\/57527"}],"wp:attachment":[{"href":"https:\/\/lovme.pt\/index.php\/wp-json\/wp\/v2\/media?parent=45217"}],"wp:term":[{"taxonomy":"product_brand","embeddable":true,"href":"https:\/\/lovme.pt\/index.php\/wp-json\/wp\/v2\/product_brand?post=45217"},{"taxonomy":"product_cat","embeddable":true,"href":"https:\/\/lovme.pt\/index.php\/wp-json\/wp\/v2\/product_cat?post=45217"},{"taxonomy":"product_tag","embeddable":true,"href":"https:\/\/lovme.pt\/index.php\/wp-json\/wp\/v2\/product_tag?post=45217"}],"curies":[{"name":"wp","href":"https:\/\/api.w.org\/{rel}","templated":true}]}}