{"id":45209,"date":"2025-09-30T09:49:27","date_gmt":"2025-09-30T09:49:27","guid":{"rendered":"https:\/\/lovme.pt\/?post_type=product&p=45209"},"modified":"2026-02-19T20:05:28","modified_gmt":"2026-02-19T20:05:28","slug":"diabo-picante-penis-de-cenoura","status":"publish","type":"product","link":"https:\/\/lovme.pt\/index.php\/produto\/diabo-picante-penis-de-cenoura\/","title":{"rendered":"DIABO PICANTE &#8211; P\u00caNIS DE CENOURA"},"content":{"rendered":"<p>\u00c9 uma <strong>CENOURA COM P\u00caNIS SURPRESA<\/strong> para despedidas de solteiro, anivers\u00e1rios, festas ou qualquer evento. O riso ser\u00e1 garantido, voc\u00ea encher\u00e1 suas despedidas de solteiro de felicidade!<\/p>\n<p> Somos especializados em brinquedos para adultos na forma de presentes sensuais para anivers\u00e1rios, despedidas de solteiro e qualquer tipo de evento que exija um toque picante. Temos uma grande variedade de produtos sexuais no mercado para oferecer uma gama de produtos muito particular. \u00c9 vis\u00edvel em praticamente 100% das lojas para adultos, e \u00e9 essencial na hora de organizar uma festa com tem\u00e1tica sexual.<\/p>\n<ul>\n<li> <strong>Vegetais de Pl\u00e1stico com Surpresas<\/strong> : S\u00e3o r\u00e9plicas de vegetais feitos de pl\u00e1stico, como cenouras, pepinos, berinjelas e piment\u00f5es, projetados para parecerem realistas a olho nu. No entanto, a surpresa est\u00e1 dentro. Ao abrir ou desmontar esses vegetais, os participantes da festa encontrar\u00e3o uma surpresa, que ser\u00e1 um p\u00eanis.<\/li>\n<li> <strong>Componente interativo<\/strong> : Esses produtos adicionam um elemento de surpresa e intera\u00e7\u00e3o \u00e0 festa, pois os participantes podem descobrir as surpresas ao abrir os vegetais de pl\u00e1stico. Isso pode encorajar a participa\u00e7\u00e3o dos convidados e criar momentos memor\u00e1veis durante a celebra\u00e7\u00e3o.<\/li>\n<li> <strong>Elemento decorativo:<\/strong> Al\u00e9m da fun\u00e7\u00e3o surpresa, esses vegetais de pl\u00e1stico podem servir como decora\u00e7\u00e3o tem\u00e1tica para a festa. Eles podem adicionar um toque de humor e originalidade \u00e0 atmosfera festiva.<\/li>\n<li> <strong>Variedade de op\u00e7\u00f5es<\/strong> : Existem diferentes tipos de vegetais de pl\u00e1stico com surpresas.<\/li>\n<\/ul>\n","protected":false},"excerpt":{"rendered":"<p>DIABO PICANTE &#8211; CENOURA P\u00caNIS<\/p>\n","protected":false},"featured_media":57522,"template":"","meta":{"_acf_changed":false},"product_brand":[],"product_cat":[50,69,15],"product_tag":[],"class_list":{"0":"post-45209","1":"product","2":"type-product","3":"status-publish","4":"has-post-thumbnail","6":"product_cat-complementos-e-acessorios","7":"product_cat-jogos-eroticos","8":"product_cat-loja","9":"yith_product_brand-diverty-sexdiablo-picante","10":"yith_product_brand-diverty-sex","12":"first","13":"instock","14":"taxable","15":"shipping-taxable","16":"purchasable","17":"product-type-simple"},"acf":[],"yoast_head":"<!-- This site is optimized with the Yoast SEO plugin v27.4 - https:\/\/yoast.com\/product\/yoast-seo-wordpress\/ -->\n<title>DIABO PICANTE - P\u00caNIS DE CENOURA - Lovme<\/title>\n<meta name=\"robots\" content=\"index, follow, max-snippet:-1, max-image-preview:large, max-video-preview:-1\" \/>\n<link rel=\"canonical\" href=\"https:\/\/lovme.pt\/index.php\/produto\/diabo-picante-penis-de-cenoura\/\" \/>\n<meta property=\"og:locale\" content=\"pt_PT\" \/>\n<meta property=\"og:type\" content=\"article\" \/>\n<meta property=\"og:title\" content=\"DIABO PICANTE - P\u00caNIS DE CENOURA - Lovme\" \/>\n<meta property=\"og:description\" content=\"DIABO PICANTE - CENOURA P\u00caNIS\" \/>\n<meta property=\"og:url\" content=\"https:\/\/lovme.pt\/index.php\/produto\/diabo-picante-penis-de-cenoura\/\" \/>\n<meta property=\"og:site_name\" content=\"Lovme\" \/>\n<meta property=\"article:modified_time\" content=\"2026-02-19T20:05:28+00:00\" \/>\n<meta property=\"og:image\" content=\"https:\/\/erki24nd3ub.exactdn.com\/wp-content\/uploads\/dream\/img\/img_156372_9bca013205371ea1b064811d2b989f9d_1.jpg?strip=all\" \/>\n\t<meta property=\"og:image:width\" content=\"800\" \/>\n\t<meta property=\"og:image:height\" content=\"800\" \/>\n\t<meta property=\"og:image:type\" content=\"image\/jpeg\" \/>\n<meta name=\"twitter:card\" content=\"summary_large_image\" \/>\n<meta name=\"twitter:label1\" content=\"Tempo estimado de leitura\" \/>\n\t<meta name=\"twitter:data1\" content=\"1 minuto\" \/>\n<script type=\"application\/ld+json\" class=\"yoast-schema-graph\">{\"@context\":\"https:\\\/\\\/schema.org\",\"@graph\":[{\"@type\":\"WebPage\",\"@id\":\"https:\\\/\\\/lovme.pt\\\/index.php\\\/produto\\\/diabo-picante-penis-de-cenoura\\\/\",\"url\":\"https:\\\/\\\/lovme.pt\\\/index.php\\\/produto\\\/diabo-picante-penis-de-cenoura\\\/\",\"name\":\"DIABO PICANTE - P\u00caNIS DE CENOURA - Lovme\",\"isPartOf\":{\"@id\":\"https:\\\/\\\/lovme.pt\\\/#website\"},\"primaryImageOfPage\":{\"@id\":\"https:\\\/\\\/lovme.pt\\\/index.php\\\/produto\\\/diabo-picante-penis-de-cenoura\\\/#primaryimage\"},\"image\":{\"@id\":\"https:\\\/\\\/lovme.pt\\\/index.php\\\/produto\\\/diabo-picante-penis-de-cenoura\\\/#primaryimage\"},\"thumbnailUrl\":\"https:\\\/\\\/erki24nd3ub.exactdn.com\\\/wp-content\\\/uploads\\\/dream\\\/img\\\/img_156372_9bca013205371ea1b064811d2b989f9d_1.jpg?strip=all\",\"datePublished\":\"2025-09-30T09:49:27+00:00\",\"dateModified\":\"2026-02-19T20:05:28+00:00\",\"breadcrumb\":{\"@id\":\"https:\\\/\\\/lovme.pt\\\/index.php\\\/produto\\\/diabo-picante-penis-de-cenoura\\\/#breadcrumb\"},\"inLanguage\":\"pt-PT\",\"potentialAction\":[{\"@type\":\"ReadAction\",\"target\":[\"https:\\\/\\\/lovme.pt\\\/index.php\\\/produto\\\/diabo-picante-penis-de-cenoura\\\/\"]}]},{\"@type\":\"ImageObject\",\"inLanguage\":\"pt-PT\",\"@id\":\"https:\\\/\\\/lovme.pt\\\/index.php\\\/produto\\\/diabo-picante-penis-de-cenoura\\\/#primaryimage\",\"url\":\"https:\\\/\\\/erki24nd3ub.exactdn.com\\\/wp-content\\\/uploads\\\/dream\\\/img\\\/img_156372_9bca013205371ea1b064811d2b989f9d_1.jpg?strip=all\",\"contentUrl\":\"https:\\\/\\\/erki24nd3ub.exactdn.com\\\/wp-content\\\/uploads\\\/dream\\\/img\\\/img_156372_9bca013205371ea1b064811d2b989f9d_1.jpg?strip=all\",\"width\":800,\"height\":800},{\"@type\":\"BreadcrumbList\",\"@id\":\"https:\\\/\\\/lovme.pt\\\/index.php\\\/produto\\\/diabo-picante-penis-de-cenoura\\\/#breadcrumb\",\"itemListElement\":[{\"@type\":\"ListItem\",\"position\":1,\"name\":\"In\u00edcio\",\"item\":\"https:\\\/\\\/lovme.pt\\\/\"},{\"@type\":\"ListItem\",\"position\":2,\"name\":\"Loja\",\"item\":\"https:\\\/\\\/lovme.pt\\\/index.php\\\/loja\\\/\"},{\"@type\":\"ListItem\",\"position\":3,\"name\":\"DIABO PICANTE &#8211; P\u00caNIS DE CENOURA\"}]},{\"@type\":\"WebSite\",\"@id\":\"https:\\\/\\\/lovme.pt\\\/#website\",\"url\":\"https:\\\/\\\/lovme.pt\\\/\",\"name\":\"Lovme Loja Er\u00f3tica N\u00ba1 em Portugal\",\"description\":\"A melhor loja er\u00f3tica de Portugal.\",\"alternateName\":\"Loja Er\u00f3tica Lovme\",\"potentialAction\":[{\"@type\":\"SearchAction\",\"target\":{\"@type\":\"EntryPoint\",\"urlTemplate\":\"https:\\\/\\\/lovme.pt\\\/?s={search_term_string}\"},\"query-input\":{\"@type\":\"PropertyValueSpecification\",\"valueRequired\":true,\"valueName\":\"search_term_string\"}}],\"inLanguage\":\"pt-PT\"}]}<\/script>\n<!-- \/ Yoast SEO plugin. -->","yoast_head_json":{"title":"DIABO PICANTE - P\u00caNIS DE CENOURA - Lovme","robots":{"index":"index","follow":"follow","max-snippet":"max-snippet:-1","max-image-preview":"max-image-preview:large","max-video-preview":"max-video-preview:-1"},"canonical":"https:\/\/lovme.pt\/index.php\/produto\/diabo-picante-penis-de-cenoura\/","og_locale":"pt_PT","og_type":"article","og_title":"DIABO PICANTE - P\u00caNIS DE CENOURA - Lovme","og_description":"DIABO PICANTE - CENOURA P\u00caNIS","og_url":"https:\/\/lovme.pt\/index.php\/produto\/diabo-picante-penis-de-cenoura\/","og_site_name":"Lovme","article_modified_time":"2026-02-19T20:05:28+00:00","og_image":[{"width":800,"height":800,"url":"https:\/\/erki24nd3ub.exactdn.com\/wp-content\/uploads\/dream\/img\/img_156372_9bca013205371ea1b064811d2b989f9d_1.jpg?strip=all","type":"image\/jpeg"}],"twitter_card":"summary_large_image","twitter_misc":{"Tempo estimado de leitura":"1 minuto"},"schema":{"@context":"https:\/\/schema.org","@graph":[{"@type":"WebPage","@id":"https:\/\/lovme.pt\/index.php\/produto\/diabo-picante-penis-de-cenoura\/","url":"https:\/\/lovme.pt\/index.php\/produto\/diabo-picante-penis-de-cenoura\/","name":"DIABO PICANTE - P\u00caNIS DE CENOURA - Lovme","isPartOf":{"@id":"https:\/\/lovme.pt\/#website"},"primaryImageOfPage":{"@id":"https:\/\/lovme.pt\/index.php\/produto\/diabo-picante-penis-de-cenoura\/#primaryimage"},"image":{"@id":"https:\/\/lovme.pt\/index.php\/produto\/diabo-picante-penis-de-cenoura\/#primaryimage"},"thumbnailUrl":"https:\/\/erki24nd3ub.exactdn.com\/wp-content\/uploads\/dream\/img\/img_156372_9bca013205371ea1b064811d2b989f9d_1.jpg?strip=all","datePublished":"2025-09-30T09:49:27+00:00","dateModified":"2026-02-19T20:05:28+00:00","breadcrumb":{"@id":"https:\/\/lovme.pt\/index.php\/produto\/diabo-picante-penis-de-cenoura\/#breadcrumb"},"inLanguage":"pt-PT","potentialAction":[{"@type":"ReadAction","target":["https:\/\/lovme.pt\/index.php\/produto\/diabo-picante-penis-de-cenoura\/"]}]},{"@type":"ImageObject","inLanguage":"pt-PT","@id":"https:\/\/lovme.pt\/index.php\/produto\/diabo-picante-penis-de-cenoura\/#primaryimage","url":"https:\/\/erki24nd3ub.exactdn.com\/wp-content\/uploads\/dream\/img\/img_156372_9bca013205371ea1b064811d2b989f9d_1.jpg?strip=all","contentUrl":"https:\/\/erki24nd3ub.exactdn.com\/wp-content\/uploads\/dream\/img\/img_156372_9bca013205371ea1b064811d2b989f9d_1.jpg?strip=all","width":800,"height":800},{"@type":"BreadcrumbList","@id":"https:\/\/lovme.pt\/index.php\/produto\/diabo-picante-penis-de-cenoura\/#breadcrumb","itemListElement":[{"@type":"ListItem","position":1,"name":"In\u00edcio","item":"https:\/\/lovme.pt\/"},{"@type":"ListItem","position":2,"name":"Loja","item":"https:\/\/lovme.pt\/index.php\/loja\/"},{"@type":"ListItem","position":3,"name":"DIABO PICANTE &#8211; P\u00caNIS DE CENOURA"}]},{"@type":"WebSite","@id":"https:\/\/lovme.pt\/#website","url":"https:\/\/lovme.pt\/","name":"Lovme Loja Er\u00f3tica N\u00ba1 em Portugal","description":"A melhor loja er\u00f3tica de Portugal.","alternateName":"Loja Er\u00f3tica Lovme","potentialAction":[{"@type":"SearchAction","target":{"@type":"EntryPoint","urlTemplate":"https:\/\/lovme.pt\/?s={search_term_string}"},"query-input":{"@type":"PropertyValueSpecification","valueRequired":true,"valueName":"search_term_string"}}],"inLanguage":"pt-PT"}]}},"_links":{"self":[{"href":"https:\/\/lovme.pt\/index.php\/wp-json\/wp\/v2\/product\/45209","targetHints":{"allow":["GET"]}}],"collection":[{"href":"https:\/\/lovme.pt\/index.php\/wp-json\/wp\/v2\/product"}],"about":[{"href":"https:\/\/lovme.pt\/index.php\/wp-json\/wp\/v2\/types\/product"}],"wp:featuredmedia":[{"embeddable":true,"href":"https:\/\/lovme.pt\/index.php\/wp-json\/wp\/v2\/media\/57522"}],"wp:attachment":[{"href":"https:\/\/lovme.pt\/index.php\/wp-json\/wp\/v2\/media?parent=45209"}],"wp:term":[{"taxonomy":"product_brand","embeddable":true,"href":"https:\/\/lovme.pt\/index.php\/wp-json\/wp\/v2\/product_brand?post=45209"},{"taxonomy":"product_cat","embeddable":true,"href":"https:\/\/lovme.pt\/index.php\/wp-json\/wp\/v2\/product_cat?post=45209"},{"taxonomy":"product_tag","embeddable":true,"href":"https:\/\/lovme.pt\/index.php\/wp-json\/wp\/v2\/product_tag?post=45209"}],"curies":[{"name":"wp","href":"https:\/\/api.w.org\/{rel}","templated":true}]}}