{"id":45154,"date":"2025-09-30T09:32:17","date_gmt":"2025-09-30T09:32:17","guid":{"rendered":"https:\/\/lovme.pt\/?post_type=product&p=45154"},"modified":"2026-02-19T20:00:50","modified_gmt":"2026-02-19T20:00:50","slug":"king-cock-elite-arnes-ajustvel-e-confortvel","status":"publish","type":"product","link":"https:\/\/lovme.pt\/index.php\/produto\/king-cock-elite-arnes-ajustvel-e-confortvel\/","title":{"rendered":"KING COCK &#8211; ELITE ARN\u00caS AJUSTVEL E CONFORTVEL"},"content":{"rendered":"<p>SEM AN\u00c9IS, SEM CLIPES, SEM PROBLEMAS! O sistema patenteado de arn\u00eas universal Body Dock leva a brincadeira com cinta a um n\u00edvel totalmente novo!<\/p>\n<p> \u00c9 t\u00e3o simples quanto anexar seu vibrador de silicone King Cock Elite favorito ou qualquer vibrador \/ vibrador com ventosa * \u00e0 base de suc\u00e7\u00e3o.<\/p>\n<p> As tiras de n\u00e1ilon Body Dock podem ser facilmente ajustadas para caber na maioria dos tamanhos e tipos de corpo. A placa de encaixe mede 8,6 cm de di\u00e2metro e pode acomodar qualquer vibrador com ventosa com di\u00e2metro menor que este tamanho.<\/p>\n<p> *Vibrador n\u00e3o inclu\u00eddo.<\/p>\n<\/p>\n<p> <u><strong>ESPECIFICA\u00c7\u00d5ES:<\/strong><\/u><\/p>\n<ul>\n<li> <strong>Dimens\u00e3o do produto<\/strong> : Cintura: 61 a 137 cm<\/li>\n<li> <strong>Di\u00e2metro:<\/strong> 8,6 cm<\/li>\n<li> <strong>Material:<\/strong> Pl\u00e1stico ABS  N\u00e1ilon  PU<\/li>\n<\/ul>\n<p> Nos \u00faltimos 20 anos, <strong>a Pipedream Products<\/strong> criou e desenvolveu alguns dos produtos inovadores mais vendidos no mundo. Esses produtos incluem brinquedos e vibra\u00e7\u00f5es realistas, mas tamb\u00e9m uma ampla variedade de piadas, lo\u00e7\u00f5es, itens fetichistas e presentes. Pipedream \u00e9 uma marca americana fundada em 1973, que dispensa muitas apresenta\u00e7\u00f5es, com mais de 40 anos no setor de brinquedos er\u00f3ticos, atualmente \u00e9 a maior fabricante de produtos er\u00f3ticos do mundo, ocupando n\u00e3o s\u00f3 o primeiro lugar na fabrica\u00e7\u00e3o, mas tamb\u00e9m na vendas, com sede na Calif\u00f3rnia. Pioneiros na comercializa\u00e7\u00e3o de produtos BDSM, ali\u00e1s s\u00e3o a marca n\u00famero 1 em vendas de produtos para introdu\u00e7\u00e3o ao Bondage. Pipedream engloba mais de 35 marcas er\u00f3ticas e acumulou mais de 70 pr\u00eamios por sua qualidade e inova\u00e7\u00e3o.<\/p>\n","protected":false},"excerpt":{"rendered":"<p>KING COCK &#8211; ELITE ARN\u00caS AJUSTVEL E CONFORTVEL<\/p>\n","protected":false},"featured_media":49472,"template":"","meta":{"_acf_changed":false},"product_brand":[],"product_cat":[17,56],"product_tag":[],"class_list":{"0":"post-45154","1":"product","2":"type-product","3":"status-publish","4":"has-post-thumbnail","6":"product_cat-brinquedos-de-bem-estar-sexual","7":"product_cat-dildos-e-arneses","8":"yith_product_brand-pipedreamsking-cock","9":"yith_product_brand-pipedreams","11":"first","12":"instock","13":"taxable","14":"shipping-taxable","15":"purchasable","16":"product-type-simple"},"acf":[],"yoast_head":"<!-- This site is optimized with the Yoast SEO plugin v27.4 - https:\/\/yoast.com\/product\/yoast-seo-wordpress\/ -->\n<title>KING COCK - ELITE ARN\u00caS AJUSTVEL E CONFORTVEL - Lovme<\/title>\n<meta name=\"robots\" content=\"index, follow, max-snippet:-1, max-image-preview:large, max-video-preview:-1\" \/>\n<link rel=\"canonical\" href=\"https:\/\/lovme.pt\/index.php\/produto\/king-cock-elite-arnes-ajustvel-e-confortvel\/\" \/>\n<meta property=\"og:locale\" content=\"pt_PT\" \/>\n<meta property=\"og:type\" content=\"article\" \/>\n<meta property=\"og:title\" content=\"KING COCK - ELITE ARN\u00caS AJUSTVEL E CONFORTVEL - Lovme\" \/>\n<meta property=\"og:description\" content=\"KING COCK - ELITE ARN\u00caS AJUSTVEL E CONFORTVEL\" \/>\n<meta property=\"og:url\" content=\"https:\/\/lovme.pt\/index.php\/produto\/king-cock-elite-arnes-ajustvel-e-confortvel\/\" \/>\n<meta property=\"og:site_name\" content=\"Lovme\" \/>\n<meta property=\"article:modified_time\" content=\"2026-02-19T20:00:50+00:00\" \/>\n<meta property=\"og:image\" content=\"https:\/\/erki24nd3ub.exactdn.com\/wp-content\/uploads\/dream\/img\/img_156233_7843696e6d235ae01e5be2f954790d40_1.jpg?strip=all\" \/>\n\t<meta property=\"og:image:width\" content=\"800\" \/>\n\t<meta property=\"og:image:height\" content=\"800\" \/>\n\t<meta property=\"og:image:type\" content=\"image\/jpeg\" \/>\n<meta name=\"twitter:card\" content=\"summary_large_image\" \/>\n<meta name=\"twitter:label1\" content=\"Tempo estimado de leitura\" \/>\n\t<meta name=\"twitter:data1\" content=\"1 minuto\" \/>\n<script type=\"application\/ld+json\" class=\"yoast-schema-graph\">{\"@context\":\"https:\\\/\\\/schema.org\",\"@graph\":[{\"@type\":\"WebPage\",\"@id\":\"https:\\\/\\\/lovme.pt\\\/index.php\\\/produto\\\/king-cock-elite-arnes-ajustvel-e-confortvel\\\/\",\"url\":\"https:\\\/\\\/lovme.pt\\\/index.php\\\/produto\\\/king-cock-elite-arnes-ajustvel-e-confortvel\\\/\",\"name\":\"KING COCK - ELITE ARN\u00caS AJUSTVEL E CONFORTVEL - Lovme\",\"isPartOf\":{\"@id\":\"https:\\\/\\\/lovme.pt\\\/#website\"},\"primaryImageOfPage\":{\"@id\":\"https:\\\/\\\/lovme.pt\\\/index.php\\\/produto\\\/king-cock-elite-arnes-ajustvel-e-confortvel\\\/#primaryimage\"},\"image\":{\"@id\":\"https:\\\/\\\/lovme.pt\\\/index.php\\\/produto\\\/king-cock-elite-arnes-ajustvel-e-confortvel\\\/#primaryimage\"},\"thumbnailUrl\":\"https:\\\/\\\/erki24nd3ub.exactdn.com\\\/wp-content\\\/uploads\\\/dream\\\/img\\\/img_156233_7843696e6d235ae01e5be2f954790d40_1.jpg?strip=all\",\"datePublished\":\"2025-09-30T09:32:17+00:00\",\"dateModified\":\"2026-02-19T20:00:50+00:00\",\"breadcrumb\":{\"@id\":\"https:\\\/\\\/lovme.pt\\\/index.php\\\/produto\\\/king-cock-elite-arnes-ajustvel-e-confortvel\\\/#breadcrumb\"},\"inLanguage\":\"pt-PT\",\"potentialAction\":[{\"@type\":\"ReadAction\",\"target\":[\"https:\\\/\\\/lovme.pt\\\/index.php\\\/produto\\\/king-cock-elite-arnes-ajustvel-e-confortvel\\\/\"]}]},{\"@type\":\"ImageObject\",\"inLanguage\":\"pt-PT\",\"@id\":\"https:\\\/\\\/lovme.pt\\\/index.php\\\/produto\\\/king-cock-elite-arnes-ajustvel-e-confortvel\\\/#primaryimage\",\"url\":\"https:\\\/\\\/erki24nd3ub.exactdn.com\\\/wp-content\\\/uploads\\\/dream\\\/img\\\/img_156233_7843696e6d235ae01e5be2f954790d40_1.jpg?strip=all\",\"contentUrl\":\"https:\\\/\\\/erki24nd3ub.exactdn.com\\\/wp-content\\\/uploads\\\/dream\\\/img\\\/img_156233_7843696e6d235ae01e5be2f954790d40_1.jpg?strip=all\",\"width\":800,\"height\":800},{\"@type\":\"BreadcrumbList\",\"@id\":\"https:\\\/\\\/lovme.pt\\\/index.php\\\/produto\\\/king-cock-elite-arnes-ajustvel-e-confortvel\\\/#breadcrumb\",\"itemListElement\":[{\"@type\":\"ListItem\",\"position\":1,\"name\":\"In\u00edcio\",\"item\":\"https:\\\/\\\/lovme.pt\\\/\"},{\"@type\":\"ListItem\",\"position\":2,\"name\":\"Loja\",\"item\":\"https:\\\/\\\/lovme.pt\\\/index.php\\\/loja\\\/\"},{\"@type\":\"ListItem\",\"position\":3,\"name\":\"KING COCK &#8211; ELITE ARN\u00caS AJUSTVEL E CONFORTVEL\"}]},{\"@type\":\"WebSite\",\"@id\":\"https:\\\/\\\/lovme.pt\\\/#website\",\"url\":\"https:\\\/\\\/lovme.pt\\\/\",\"name\":\"Lovme Loja Er\u00f3tica N\u00ba1 em Portugal\",\"description\":\"A melhor loja er\u00f3tica de Portugal.\",\"alternateName\":\"Loja Er\u00f3tica Lovme\",\"potentialAction\":[{\"@type\":\"SearchAction\",\"target\":{\"@type\":\"EntryPoint\",\"urlTemplate\":\"https:\\\/\\\/lovme.pt\\\/?s={search_term_string}\"},\"query-input\":{\"@type\":\"PropertyValueSpecification\",\"valueRequired\":true,\"valueName\":\"search_term_string\"}}],\"inLanguage\":\"pt-PT\"}]}<\/script>\n<!-- \/ Yoast SEO plugin. -->","yoast_head_json":{"title":"KING COCK - ELITE ARN\u00caS AJUSTVEL E CONFORTVEL - Lovme","robots":{"index":"index","follow":"follow","max-snippet":"max-snippet:-1","max-image-preview":"max-image-preview:large","max-video-preview":"max-video-preview:-1"},"canonical":"https:\/\/lovme.pt\/index.php\/produto\/king-cock-elite-arnes-ajustvel-e-confortvel\/","og_locale":"pt_PT","og_type":"article","og_title":"KING COCK - ELITE ARN\u00caS AJUSTVEL E CONFORTVEL - Lovme","og_description":"KING COCK - ELITE ARN\u00caS AJUSTVEL E CONFORTVEL","og_url":"https:\/\/lovme.pt\/index.php\/produto\/king-cock-elite-arnes-ajustvel-e-confortvel\/","og_site_name":"Lovme","article_modified_time":"2026-02-19T20:00:50+00:00","og_image":[{"width":800,"height":800,"url":"https:\/\/erki24nd3ub.exactdn.com\/wp-content\/uploads\/dream\/img\/img_156233_7843696e6d235ae01e5be2f954790d40_1.jpg?strip=all","type":"image\/jpeg"}],"twitter_card":"summary_large_image","twitter_misc":{"Tempo estimado de leitura":"1 minuto"},"schema":{"@context":"https:\/\/schema.org","@graph":[{"@type":"WebPage","@id":"https:\/\/lovme.pt\/index.php\/produto\/king-cock-elite-arnes-ajustvel-e-confortvel\/","url":"https:\/\/lovme.pt\/index.php\/produto\/king-cock-elite-arnes-ajustvel-e-confortvel\/","name":"KING COCK - ELITE ARN\u00caS AJUSTVEL E CONFORTVEL - Lovme","isPartOf":{"@id":"https:\/\/lovme.pt\/#website"},"primaryImageOfPage":{"@id":"https:\/\/lovme.pt\/index.php\/produto\/king-cock-elite-arnes-ajustvel-e-confortvel\/#primaryimage"},"image":{"@id":"https:\/\/lovme.pt\/index.php\/produto\/king-cock-elite-arnes-ajustvel-e-confortvel\/#primaryimage"},"thumbnailUrl":"https:\/\/erki24nd3ub.exactdn.com\/wp-content\/uploads\/dream\/img\/img_156233_7843696e6d235ae01e5be2f954790d40_1.jpg?strip=all","datePublished":"2025-09-30T09:32:17+00:00","dateModified":"2026-02-19T20:00:50+00:00","breadcrumb":{"@id":"https:\/\/lovme.pt\/index.php\/produto\/king-cock-elite-arnes-ajustvel-e-confortvel\/#breadcrumb"},"inLanguage":"pt-PT","potentialAction":[{"@type":"ReadAction","target":["https:\/\/lovme.pt\/index.php\/produto\/king-cock-elite-arnes-ajustvel-e-confortvel\/"]}]},{"@type":"ImageObject","inLanguage":"pt-PT","@id":"https:\/\/lovme.pt\/index.php\/produto\/king-cock-elite-arnes-ajustvel-e-confortvel\/#primaryimage","url":"https:\/\/erki24nd3ub.exactdn.com\/wp-content\/uploads\/dream\/img\/img_156233_7843696e6d235ae01e5be2f954790d40_1.jpg?strip=all","contentUrl":"https:\/\/erki24nd3ub.exactdn.com\/wp-content\/uploads\/dream\/img\/img_156233_7843696e6d235ae01e5be2f954790d40_1.jpg?strip=all","width":800,"height":800},{"@type":"BreadcrumbList","@id":"https:\/\/lovme.pt\/index.php\/produto\/king-cock-elite-arnes-ajustvel-e-confortvel\/#breadcrumb","itemListElement":[{"@type":"ListItem","position":1,"name":"In\u00edcio","item":"https:\/\/lovme.pt\/"},{"@type":"ListItem","position":2,"name":"Loja","item":"https:\/\/lovme.pt\/index.php\/loja\/"},{"@type":"ListItem","position":3,"name":"KING COCK &#8211; ELITE ARN\u00caS AJUSTVEL E CONFORTVEL"}]},{"@type":"WebSite","@id":"https:\/\/lovme.pt\/#website","url":"https:\/\/lovme.pt\/","name":"Lovme Loja Er\u00f3tica N\u00ba1 em Portugal","description":"A melhor loja er\u00f3tica de Portugal.","alternateName":"Loja Er\u00f3tica Lovme","potentialAction":[{"@type":"SearchAction","target":{"@type":"EntryPoint","urlTemplate":"https:\/\/lovme.pt\/?s={search_term_string}"},"query-input":{"@type":"PropertyValueSpecification","valueRequired":true,"valueName":"search_term_string"}}],"inLanguage":"pt-PT"}]}},"_links":{"self":[{"href":"https:\/\/lovme.pt\/index.php\/wp-json\/wp\/v2\/product\/45154","targetHints":{"allow":["GET"]}}],"collection":[{"href":"https:\/\/lovme.pt\/index.php\/wp-json\/wp\/v2\/product"}],"about":[{"href":"https:\/\/lovme.pt\/index.php\/wp-json\/wp\/v2\/types\/product"}],"wp:featuredmedia":[{"embeddable":true,"href":"https:\/\/lovme.pt\/index.php\/wp-json\/wp\/v2\/media\/49472"}],"wp:attachment":[{"href":"https:\/\/lovme.pt\/index.php\/wp-json\/wp\/v2\/media?parent=45154"}],"wp:term":[{"taxonomy":"product_brand","embeddable":true,"href":"https:\/\/lovme.pt\/index.php\/wp-json\/wp\/v2\/product_brand?post=45154"},{"taxonomy":"product_cat","embeddable":true,"href":"https:\/\/lovme.pt\/index.php\/wp-json\/wp\/v2\/product_cat?post=45154"},{"taxonomy":"product_tag","embeddable":true,"href":"https:\/\/lovme.pt\/index.php\/wp-json\/wp\/v2\/product_tag?post=45154"}],"curies":[{"name":"wp","href":"https:\/\/api.w.org\/{rel}","templated":true}]}}