{"id":45128,"date":"2025-10-01T02:23:04","date_gmt":"2025-10-01T02:23:04","guid":{"rendered":"https:\/\/lovme.pt\/?post_type=product&p=45128"},"modified":"2026-02-19T20:19:04","modified_gmt":"2026-02-19T20:19:04","slug":"pdx-plus-stroker-masturbador-discreto-design-de-garrafa-milk-me-honey-candy-shampoo","status":"publish","type":"product","link":"https:\/\/lovme.pt\/index.php\/produto\/pdx-plus-stroker-masturbador-discreto-design-de-garrafa-milk-me-honey-candy-shampoo\/","title":{"rendered":"PDX PLUS &#8211; STROKER MASTURBADOR DISCRETO DESIGN DE GARRAFA MILK ME HONEY CANDY SHAMPOO"},"content":{"rendered":"<p>Voc\u00ea est\u00e1 cansado de comprometer sua rotina de autocuidado? Depois, assuma o controle e melhore seu jogo de prazer com <strong>Shower Therapy<\/strong> , o frasco de shampoo desenvolvido exclusivamente para cavalheiros exigentes como voc\u00ea. Projetado pensando na sua privacidade, o <strong>Shower Therapy<\/strong> Stroker foi projetado para imitar a apar\u00eancia de um frasco de xampu normal, para que se misture facilmente em qualquer ambiente de banheiro, sem deixar vest\u00edgios de suspeita.<\/p>\n<p> Chega de olhares indiscretos ou sobrancelhas levantadas! A manga interna apresenta uma textura de couro super detalhada e um t\u00fanel interno intrincado forrado com fileiras de protuber\u00e2ncias de prazer que ir\u00e3o abalar o seu mundo!<\/p>\n<p> Feito com nosso material exclusivo Fanta Flesh, o <strong>Shower Therapy<\/strong> Stroker tem uma \u00f3tima apar\u00eancia e \u00e9 igual ao real. Voc\u00ea quer usar as m\u00e3os livres? Em seguida, aparafuse a poderosa ventosa ajust\u00e1vel e fixe-a em praticamente qualquer superf\u00edcie plana.<\/p>\n<\/p>\n<p> <u><strong>INFORMA\u00c7\u00c3O EXTRA<\/strong><\/u> :<\/p>\n<\/p>\n<ul>\n<li> <strong>Caso realista:<\/strong> detalhes hiper-realistas s\u00e3o t\u00e3o bons quanto parecem!<\/li>\n<li> <strong>Design intrincado de t\u00fanel:<\/strong> projetado para lhe proporcionar o m\u00e1ximo prazer!<\/li>\n<li> <strong>Tampa flip top de controle de suc\u00e7\u00e3o:<\/strong> Abra ou feche a tampa para controlar o n\u00edvel de suc\u00e7\u00e3o.<\/li>\n<li> <strong>Ventosa inclu\u00edda:<\/strong> adere \u00e0 maioria das superf\u00edcies e \u00e9 ajust\u00e1vel para divers\u00e3o com as m\u00e3os livres!<\/li>\n<li> <strong>Design discreto da garrafa de chuveiro<\/strong> : esconda convenientemente a garrafa da vista ou guarde-a em uma mala e diga adeus a encontros ou situa\u00e7\u00f5es embara\u00e7osas.<\/li>\n<li> <strong>Dica Profissional<\/strong> : O coldre tem um furo na parte inferior que \u00e9 perfeito para uma bala vibrat\u00f3ria!<\/li>\n<\/ul>\n<p> <u><strong>ESPECIFICA\u00c7\u00d5ES:<\/strong><\/u><\/p>\n<ul>\n<li> <strong>Dimens\u00e3o do produto:<\/strong> 20,7 x 8,5 cm<\/li>\n<li> <strong>Comprimento total<\/strong> : 20,7 cm<\/li>\n<li> <strong>Di\u00e2metro:<\/strong> 5,1 cm<\/li>\n<li> <strong>Comprimento inser\u00edvel:<\/strong> 17,8 cm<\/li>\n<li> <strong>Material:<\/strong> Polipropileno  TPE  Pl\u00e1stico ABS  PVC  A\u00e7o inoxid\u00e1vel<br type=\"_moz\" \/><\/li>\n<\/ul>\n<p> Nos \u00faltimos 20 anos, <strong>a Pipedream Products<\/strong> criou e desenvolveu alguns dos produtos inovadores mais vendidos do mundo. Esses produtos incluem brinquedos e vibra\u00e7\u00f5es realistas, mas tamb\u00e9m uma ampla variedade de piadas, lo\u00e7\u00f5es, itens fetichistas e presentes. Pipedream \u00e9 uma marca americana fundada em 1973, que dispensa muitas apresenta\u00e7\u00f5es, com mais de 40 anos no setor de brinquedos er\u00f3ticos, \u00e9 atualmente a maior fabricante de produtos er\u00f3ticos do mundo, ocupando n\u00e3o s\u00f3 o primeiro lugar na fabrica\u00e7\u00e3o, mas tamb\u00e9m na vendas, com sede na Calif\u00f3rnia. Pioneiros na comercializa\u00e7\u00e3o de produtos BDSM, na verdade s\u00e3o a marca n\u00famero 1 em vendas de produtos para inicia\u00e7\u00e3o de Bondage. Pipedream engloba mais de 35 marcas er\u00f3ticas e acumulou mais de 70 pr\u00eamios por sua qualidade e inova\u00e7\u00e3o.<\/p>\n","protected":false},"excerpt":{"rendered":"<p>PDX PLUS &#8211; STROKER MASTURBADOR DISCRETO DESIGN DE GARRAFA MILK ME HONEY CANDY SHAMPOO<\/p>\n","protected":false},"featured_media":96564,"template":"","meta":{"_acf_changed":false},"product_brand":[],"product_cat":[17,58,60],"product_tag":[],"class_list":{"0":"post-45128","1":"product","2":"type-product","3":"status-publish","4":"has-post-thumbnail","6":"product_cat-brinquedos-de-bem-estar-sexual","7":"product_cat-masturbadores-para-penis","8":"product_cat-para-eles","9":"yith_product_brand-pipedreamspdx-plus","10":"yith_product_brand-pipedreams","12":"first","13":"instock","14":"taxable","15":"shipping-taxable","16":"purchasable","17":"product-type-simple"},"acf":[],"yoast_head":"<!-- This site is optimized with the Yoast SEO plugin v27.4 - https:\/\/yoast.com\/product\/yoast-seo-wordpress\/ -->\n<title>PDX PLUS - STROKER MASTURBADOR DISCRETO DESIGN DE GARRAFA MILK ME HONEY CANDY SHAMPOO - Lovme<\/title>\n<meta name=\"robots\" content=\"index, follow, max-snippet:-1, max-image-preview:large, max-video-preview:-1\" \/>\n<link rel=\"canonical\" href=\"https:\/\/lovme.pt\/index.php\/produto\/pdx-plus-stroker-masturbador-discreto-design-de-garrafa-milk-me-honey-candy-shampoo\/\" \/>\n<meta property=\"og:locale\" content=\"pt_PT\" \/>\n<meta property=\"og:type\" content=\"article\" \/>\n<meta property=\"og:title\" content=\"PDX PLUS - STROKER MASTURBADOR DISCRETO DESIGN DE GARRAFA MILK ME HONEY CANDY SHAMPOO - Lovme\" \/>\n<meta property=\"og:description\" content=\"PDX PLUS - STROKER MASTURBADOR DISCRETO DESIGN DE GARRAFA MILK ME HONEY CANDY SHAMPOO\" \/>\n<meta property=\"og:url\" content=\"https:\/\/lovme.pt\/index.php\/produto\/pdx-plus-stroker-masturbador-discreto-design-de-garrafa-milk-me-honey-candy-shampoo\/\" \/>\n<meta property=\"og:site_name\" content=\"Lovme\" \/>\n<meta property=\"article:modified_time\" content=\"2026-02-19T20:19:04+00:00\" \/>\n<meta property=\"og:image\" content=\"https:\/\/erki24nd3ub.exactdn.com\/wp-content\/uploads\/dream\/img\/img_156065_dd4df4f70a2b078d8d36668d44163ef2_1.jpg?strip=all\" \/>\n\t<meta property=\"og:image:width\" content=\"800\" \/>\n\t<meta property=\"og:image:height\" content=\"800\" \/>\n\t<meta property=\"og:image:type\" content=\"image\/jpeg\" \/>\n<meta name=\"twitter:card\" content=\"summary_large_image\" \/>\n<meta name=\"twitter:label1\" content=\"Tempo estimado de leitura\" \/>\n\t<meta name=\"twitter:data1\" content=\"2 minutos\" \/>\n<script type=\"application\/ld+json\" class=\"yoast-schema-graph\">{\"@context\":\"https:\\\/\\\/schema.org\",\"@graph\":[{\"@type\":\"WebPage\",\"@id\":\"https:\\\/\\\/lovme.pt\\\/index.php\\\/produto\\\/pdx-plus-stroker-masturbador-discreto-design-de-garrafa-milk-me-honey-candy-shampoo\\\/\",\"url\":\"https:\\\/\\\/lovme.pt\\\/index.php\\\/produto\\\/pdx-plus-stroker-masturbador-discreto-design-de-garrafa-milk-me-honey-candy-shampoo\\\/\",\"name\":\"PDX PLUS - STROKER MASTURBADOR DISCRETO DESIGN DE GARRAFA MILK ME HONEY CANDY SHAMPOO - Lovme\",\"isPartOf\":{\"@id\":\"https:\\\/\\\/lovme.pt\\\/#website\"},\"primaryImageOfPage\":{\"@id\":\"https:\\\/\\\/lovme.pt\\\/index.php\\\/produto\\\/pdx-plus-stroker-masturbador-discreto-design-de-garrafa-milk-me-honey-candy-shampoo\\\/#primaryimage\"},\"image\":{\"@id\":\"https:\\\/\\\/lovme.pt\\\/index.php\\\/produto\\\/pdx-plus-stroker-masturbador-discreto-design-de-garrafa-milk-me-honey-candy-shampoo\\\/#primaryimage\"},\"thumbnailUrl\":\"https:\\\/\\\/erki24nd3ub.exactdn.com\\\/wp-content\\\/uploads\\\/dream\\\/img\\\/img_156065_dd4df4f70a2b078d8d36668d44163ef2_1.jpg?strip=all\",\"datePublished\":\"2025-10-01T02:23:04+00:00\",\"dateModified\":\"2026-02-19T20:19:04+00:00\",\"breadcrumb\":{\"@id\":\"https:\\\/\\\/lovme.pt\\\/index.php\\\/produto\\\/pdx-plus-stroker-masturbador-discreto-design-de-garrafa-milk-me-honey-candy-shampoo\\\/#breadcrumb\"},\"inLanguage\":\"pt-PT\",\"potentialAction\":[{\"@type\":\"ReadAction\",\"target\":[\"https:\\\/\\\/lovme.pt\\\/index.php\\\/produto\\\/pdx-plus-stroker-masturbador-discreto-design-de-garrafa-milk-me-honey-candy-shampoo\\\/\"]}]},{\"@type\":\"ImageObject\",\"inLanguage\":\"pt-PT\",\"@id\":\"https:\\\/\\\/lovme.pt\\\/index.php\\\/produto\\\/pdx-plus-stroker-masturbador-discreto-design-de-garrafa-milk-me-honey-candy-shampoo\\\/#primaryimage\",\"url\":\"https:\\\/\\\/erki24nd3ub.exactdn.com\\\/wp-content\\\/uploads\\\/dream\\\/img\\\/img_156065_dd4df4f70a2b078d8d36668d44163ef2_1.jpg?strip=all\",\"contentUrl\":\"https:\\\/\\\/erki24nd3ub.exactdn.com\\\/wp-content\\\/uploads\\\/dream\\\/img\\\/img_156065_dd4df4f70a2b078d8d36668d44163ef2_1.jpg?strip=all\",\"width\":800,\"height\":800},{\"@type\":\"BreadcrumbList\",\"@id\":\"https:\\\/\\\/lovme.pt\\\/index.php\\\/produto\\\/pdx-plus-stroker-masturbador-discreto-design-de-garrafa-milk-me-honey-candy-shampoo\\\/#breadcrumb\",\"itemListElement\":[{\"@type\":\"ListItem\",\"position\":1,\"name\":\"In\u00edcio\",\"item\":\"https:\\\/\\\/lovme.pt\\\/\"},{\"@type\":\"ListItem\",\"position\":2,\"name\":\"Loja\",\"item\":\"https:\\\/\\\/lovme.pt\\\/index.php\\\/loja\\\/\"},{\"@type\":\"ListItem\",\"position\":3,\"name\":\"PDX PLUS &#8211; STROKER MASTURBADOR DISCRETO DESIGN DE GARRAFA MILK ME HONEY CANDY SHAMPOO\"}]},{\"@type\":\"WebSite\",\"@id\":\"https:\\\/\\\/lovme.pt\\\/#website\",\"url\":\"https:\\\/\\\/lovme.pt\\\/\",\"name\":\"Lovme Loja Er\u00f3tica N\u00ba1 em Portugal\",\"description\":\"A melhor loja er\u00f3tica de Portugal.\",\"alternateName\":\"Loja Er\u00f3tica Lovme\",\"potentialAction\":[{\"@type\":\"SearchAction\",\"target\":{\"@type\":\"EntryPoint\",\"urlTemplate\":\"https:\\\/\\\/lovme.pt\\\/?s={search_term_string}\"},\"query-input\":{\"@type\":\"PropertyValueSpecification\",\"valueRequired\":true,\"valueName\":\"search_term_string\"}}],\"inLanguage\":\"pt-PT\"}]}<\/script>\n<!-- \/ Yoast SEO plugin. -->","yoast_head_json":{"title":"PDX PLUS - STROKER MASTURBADOR DISCRETO DESIGN DE GARRAFA MILK ME HONEY CANDY SHAMPOO - Lovme","robots":{"index":"index","follow":"follow","max-snippet":"max-snippet:-1","max-image-preview":"max-image-preview:large","max-video-preview":"max-video-preview:-1"},"canonical":"https:\/\/lovme.pt\/index.php\/produto\/pdx-plus-stroker-masturbador-discreto-design-de-garrafa-milk-me-honey-candy-shampoo\/","og_locale":"pt_PT","og_type":"article","og_title":"PDX PLUS - STROKER MASTURBADOR DISCRETO DESIGN DE GARRAFA MILK ME HONEY CANDY SHAMPOO - Lovme","og_description":"PDX PLUS - STROKER MASTURBADOR DISCRETO DESIGN DE GARRAFA MILK ME HONEY CANDY SHAMPOO","og_url":"https:\/\/lovme.pt\/index.php\/produto\/pdx-plus-stroker-masturbador-discreto-design-de-garrafa-milk-me-honey-candy-shampoo\/","og_site_name":"Lovme","article_modified_time":"2026-02-19T20:19:04+00:00","og_image":[{"width":800,"height":800,"url":"https:\/\/erki24nd3ub.exactdn.com\/wp-content\/uploads\/dream\/img\/img_156065_dd4df4f70a2b078d8d36668d44163ef2_1.jpg?strip=all","type":"image\/jpeg"}],"twitter_card":"summary_large_image","twitter_misc":{"Tempo estimado de leitura":"2 minutos"},"schema":{"@context":"https:\/\/schema.org","@graph":[{"@type":"WebPage","@id":"https:\/\/lovme.pt\/index.php\/produto\/pdx-plus-stroker-masturbador-discreto-design-de-garrafa-milk-me-honey-candy-shampoo\/","url":"https:\/\/lovme.pt\/index.php\/produto\/pdx-plus-stroker-masturbador-discreto-design-de-garrafa-milk-me-honey-candy-shampoo\/","name":"PDX PLUS - STROKER MASTURBADOR DISCRETO DESIGN DE GARRAFA MILK ME HONEY CANDY SHAMPOO - Lovme","isPartOf":{"@id":"https:\/\/lovme.pt\/#website"},"primaryImageOfPage":{"@id":"https:\/\/lovme.pt\/index.php\/produto\/pdx-plus-stroker-masturbador-discreto-design-de-garrafa-milk-me-honey-candy-shampoo\/#primaryimage"},"image":{"@id":"https:\/\/lovme.pt\/index.php\/produto\/pdx-plus-stroker-masturbador-discreto-design-de-garrafa-milk-me-honey-candy-shampoo\/#primaryimage"},"thumbnailUrl":"https:\/\/erki24nd3ub.exactdn.com\/wp-content\/uploads\/dream\/img\/img_156065_dd4df4f70a2b078d8d36668d44163ef2_1.jpg?strip=all","datePublished":"2025-10-01T02:23:04+00:00","dateModified":"2026-02-19T20:19:04+00:00","breadcrumb":{"@id":"https:\/\/lovme.pt\/index.php\/produto\/pdx-plus-stroker-masturbador-discreto-design-de-garrafa-milk-me-honey-candy-shampoo\/#breadcrumb"},"inLanguage":"pt-PT","potentialAction":[{"@type":"ReadAction","target":["https:\/\/lovme.pt\/index.php\/produto\/pdx-plus-stroker-masturbador-discreto-design-de-garrafa-milk-me-honey-candy-shampoo\/"]}]},{"@type":"ImageObject","inLanguage":"pt-PT","@id":"https:\/\/lovme.pt\/index.php\/produto\/pdx-plus-stroker-masturbador-discreto-design-de-garrafa-milk-me-honey-candy-shampoo\/#primaryimage","url":"https:\/\/erki24nd3ub.exactdn.com\/wp-content\/uploads\/dream\/img\/img_156065_dd4df4f70a2b078d8d36668d44163ef2_1.jpg?strip=all","contentUrl":"https:\/\/erki24nd3ub.exactdn.com\/wp-content\/uploads\/dream\/img\/img_156065_dd4df4f70a2b078d8d36668d44163ef2_1.jpg?strip=all","width":800,"height":800},{"@type":"BreadcrumbList","@id":"https:\/\/lovme.pt\/index.php\/produto\/pdx-plus-stroker-masturbador-discreto-design-de-garrafa-milk-me-honey-candy-shampoo\/#breadcrumb","itemListElement":[{"@type":"ListItem","position":1,"name":"In\u00edcio","item":"https:\/\/lovme.pt\/"},{"@type":"ListItem","position":2,"name":"Loja","item":"https:\/\/lovme.pt\/index.php\/loja\/"},{"@type":"ListItem","position":3,"name":"PDX PLUS &#8211; STROKER MASTURBADOR DISCRETO DESIGN DE GARRAFA MILK ME HONEY CANDY SHAMPOO"}]},{"@type":"WebSite","@id":"https:\/\/lovme.pt\/#website","url":"https:\/\/lovme.pt\/","name":"Lovme Loja Er\u00f3tica N\u00ba1 em Portugal","description":"A melhor loja er\u00f3tica de Portugal.","alternateName":"Loja Er\u00f3tica Lovme","potentialAction":[{"@type":"SearchAction","target":{"@type":"EntryPoint","urlTemplate":"https:\/\/lovme.pt\/?s={search_term_string}"},"query-input":{"@type":"PropertyValueSpecification","valueRequired":true,"valueName":"search_term_string"}}],"inLanguage":"pt-PT"}]}},"_links":{"self":[{"href":"https:\/\/lovme.pt\/index.php\/wp-json\/wp\/v2\/product\/45128","targetHints":{"allow":["GET"]}}],"collection":[{"href":"https:\/\/lovme.pt\/index.php\/wp-json\/wp\/v2\/product"}],"about":[{"href":"https:\/\/lovme.pt\/index.php\/wp-json\/wp\/v2\/types\/product"}],"wp:featuredmedia":[{"embeddable":true,"href":"https:\/\/lovme.pt\/index.php\/wp-json\/wp\/v2\/media\/96564"}],"wp:attachment":[{"href":"https:\/\/lovme.pt\/index.php\/wp-json\/wp\/v2\/media?parent=45128"}],"wp:term":[{"taxonomy":"product_brand","embeddable":true,"href":"https:\/\/lovme.pt\/index.php\/wp-json\/wp\/v2\/product_brand?post=45128"},{"taxonomy":"product_cat","embeddable":true,"href":"https:\/\/lovme.pt\/index.php\/wp-json\/wp\/v2\/product_cat?post=45128"},{"taxonomy":"product_tag","embeddable":true,"href":"https:\/\/lovme.pt\/index.php\/wp-json\/wp\/v2\/product_tag?post=45128"}],"curies":[{"name":"wp","href":"https:\/\/api.w.org\/{rel}","templated":true}]}}