{"id":45080,"date":"2025-09-30T10:12:04","date_gmt":"2025-09-30T10:12:04","guid":{"rendered":"https:\/\/lovme.pt\/?post_type=product&p=45080"},"modified":"2026-02-19T20:06:54","modified_gmt":"2026-02-19T20:06:54","slug":"pdx-elite-stroker-air-tight","status":"publish","type":"product","link":"https:\/\/lovme.pt\/index.php\/produto\/pdx-elite-stroker-air-tight\/","title":{"rendered":"PDX ELITE &#8211; STROKER AIR-TIGHT"},"content":{"rendered":"<p>Com um revestimento externo dur\u00e1vel e com nervuras para uma ader\u00eancia s\u00f3lida, o <strong>PDX ELITE AIR-TIGHT PUSSY STROKER<\/strong> cria uma suc\u00e7\u00e3o poderosa que masturba cada cent\u00edmetro do seu p\u00eanis.<\/p>\n<p> Uma manga interna Fanta Flesh supermacia e realista, forrada com costelas massageadoras, sali\u00eancias e texturas agrad\u00e1veis, atender\u00e1 \u00e0s suas necessidades. suas fantasias com cada impulso. Para desfrutar de uma variedade de sensa\u00e7\u00f5es estimulantes, basta remover a etiqueta de controle de suc\u00e7\u00e3o e usar o polegar para ajustar os n\u00edveis manualmente. A manga interna Fanta Flesh tamb\u00e9m \u00e9 remov\u00edvel. ;capaz de desfrutar em sua m\u00e3o.<\/p>\n<\/p>\n<p> <u><strong>INFORMA\u00c7\u00c3O EXTRA:<\/strong><\/u><\/p>\n<ul>\n<li> <strong>Suc\u00e7\u00e3o herm\u00e9tica:<\/strong> A suc\u00e7\u00e3o poderosa garante a experi\u00eancia mais incr\u00edvel. Remova a etiqueta de controle de suc\u00e7\u00e3o e use o polegar para ajustar manualmente os n\u00edveis de suc\u00e7\u00e3o.<\/li>\n<li> <strong>Estojo externo resistente<\/strong> : armazenamento fechado conveniente apresenta um design ergon\u00f4mico que garante uma ader\u00eancia s\u00f3lida em todos os momentos.<\/li>\n<li> <strong>Sensa\u00e7\u00e3o confort\u00e1vel e realista:<\/strong> o t\u00fanel estreito aquece a temperatura do seu corpo e cria uma experi\u00eancia incrivelmente realista.<\/li>\n<\/ul>\n<p> <u><strong>ESPECIFICA\u00c7\u00d5ES:<\/strong><\/u><\/p>\n<ul>\n<li> <strong>Dimens\u00e3o do produto<\/strong> : 10,1 x 7,6 cm<\/li>\n<li> <strong>Comprimento total:<\/strong> 19,1 cm<\/li>\n<li> <strong>Comprimento inser\u00edvel<\/strong> : 15,2 cm<\/li>\n<li> <strong>Material:<\/strong> Pl\u00e1stico ABS  TP <strong>R<\/strong><\/li>\n<\/ul>\n<p> Nos \u00faltimos 20 anos, <strong>a Pipedream Products<\/strong> criou e desenvolveu alguns dos produtos inovadores mais vendidos no mundo. Esses produtos incluem brinquedos e vibra\u00e7\u00f5es realistas, mas tamb\u00e9m uma ampla variedade de piadas, lo\u00e7\u00f5es, itens fetichistas e presentes. Pipedream \u00e9 uma marca americana fundada em 1973, que dispensa muitas apresenta\u00e7\u00f5es, com mais de 40 anos no setor de brinquedos er\u00f3ticos, atualmente \u00e9 a maior fabricante de produtos er\u00f3ticos do mundo, ocupando n\u00e3o s\u00f3 o primeiro lugar na fabrica\u00e7\u00e3o, mas tamb\u00e9m na vendas, com sede na Calif\u00f3rnia. Pioneiros na comercializa\u00e7\u00e3o de produtos BDSM, ali\u00e1s s\u00e3o a marca n\u00famero 1 em vendas de produtos para introdu\u00e7\u00e3o ao Bondage. Pipedream engloba mais de 35 marcas er\u00f3ticas e acumulou mais de 70 pr\u00eamios por sua qualidade e inova\u00e7\u00e3o.<\/p><\/p>\n","protected":false},"excerpt":{"rendered":"<p>PDX ELITE &#8211; STROKER AIR-TIGHT<\/p>\n","protected":false},"featured_media":63935,"template":"","meta":{"_acf_changed":false},"product_brand":[],"product_cat":[17,58,60],"product_tag":[],"class_list":{"0":"post-45080","1":"product","2":"type-product","3":"status-publish","4":"has-post-thumbnail","6":"product_cat-brinquedos-de-bem-estar-sexual","7":"product_cat-masturbadores-para-penis","8":"product_cat-para-eles","9":"yith_product_brand-pipedreamspdx-elite","10":"yith_product_brand-pipedreams","12":"first","13":"instock","14":"taxable","15":"shipping-taxable","16":"purchasable","17":"product-type-simple"},"acf":[],"yoast_head":"<!-- This site is optimized with the Yoast SEO plugin v27.4 - https:\/\/yoast.com\/product\/yoast-seo-wordpress\/ -->\n<title>PDX ELITE - STROKER AIR-TIGHT - Lovme<\/title>\n<meta name=\"robots\" content=\"index, follow, max-snippet:-1, max-image-preview:large, max-video-preview:-1\" \/>\n<link rel=\"canonical\" href=\"https:\/\/lovme.pt\/index.php\/produto\/pdx-elite-stroker-air-tight\/\" \/>\n<meta property=\"og:locale\" content=\"pt_PT\" \/>\n<meta property=\"og:type\" content=\"article\" \/>\n<meta property=\"og:title\" content=\"PDX ELITE - STROKER AIR-TIGHT - Lovme\" \/>\n<meta property=\"og:description\" content=\"PDX ELITE - STROKER AIR-TIGHT\" \/>\n<meta property=\"og:url\" content=\"https:\/\/lovme.pt\/index.php\/produto\/pdx-elite-stroker-air-tight\/\" \/>\n<meta property=\"og:site_name\" content=\"Lovme\" \/>\n<meta property=\"article:modified_time\" content=\"2026-02-19T20:06:54+00:00\" \/>\n<meta property=\"og:image\" content=\"https:\/\/erki24nd3ub.exactdn.com\/wp-content\/uploads\/dream\/img\/img_155690_5d0673169f1a704691ec9a94bf25170d_1.jpg?strip=all\" \/>\n\t<meta property=\"og:image:width\" content=\"800\" \/>\n\t<meta property=\"og:image:height\" content=\"800\" \/>\n\t<meta property=\"og:image:type\" content=\"image\/jpeg\" \/>\n<meta name=\"twitter:card\" content=\"summary_large_image\" \/>\n<meta name=\"twitter:label1\" content=\"Tempo estimado de leitura\" \/>\n\t<meta name=\"twitter:data1\" content=\"2 minutos\" \/>\n<script type=\"application\/ld+json\" class=\"yoast-schema-graph\">{\"@context\":\"https:\\\/\\\/schema.org\",\"@graph\":[{\"@type\":\"WebPage\",\"@id\":\"https:\\\/\\\/lovme.pt\\\/index.php\\\/produto\\\/pdx-elite-stroker-air-tight\\\/\",\"url\":\"https:\\\/\\\/lovme.pt\\\/index.php\\\/produto\\\/pdx-elite-stroker-air-tight\\\/\",\"name\":\"PDX ELITE - STROKER AIR-TIGHT - Lovme\",\"isPartOf\":{\"@id\":\"https:\\\/\\\/lovme.pt\\\/#website\"},\"primaryImageOfPage\":{\"@id\":\"https:\\\/\\\/lovme.pt\\\/index.php\\\/produto\\\/pdx-elite-stroker-air-tight\\\/#primaryimage\"},\"image\":{\"@id\":\"https:\\\/\\\/lovme.pt\\\/index.php\\\/produto\\\/pdx-elite-stroker-air-tight\\\/#primaryimage\"},\"thumbnailUrl\":\"https:\\\/\\\/erki24nd3ub.exactdn.com\\\/wp-content\\\/uploads\\\/dream\\\/img\\\/img_155690_5d0673169f1a704691ec9a94bf25170d_1.jpg?strip=all\",\"datePublished\":\"2025-09-30T10:12:04+00:00\",\"dateModified\":\"2026-02-19T20:06:54+00:00\",\"breadcrumb\":{\"@id\":\"https:\\\/\\\/lovme.pt\\\/index.php\\\/produto\\\/pdx-elite-stroker-air-tight\\\/#breadcrumb\"},\"inLanguage\":\"pt-PT\",\"potentialAction\":[{\"@type\":\"ReadAction\",\"target\":[\"https:\\\/\\\/lovme.pt\\\/index.php\\\/produto\\\/pdx-elite-stroker-air-tight\\\/\"]}]},{\"@type\":\"ImageObject\",\"inLanguage\":\"pt-PT\",\"@id\":\"https:\\\/\\\/lovme.pt\\\/index.php\\\/produto\\\/pdx-elite-stroker-air-tight\\\/#primaryimage\",\"url\":\"https:\\\/\\\/erki24nd3ub.exactdn.com\\\/wp-content\\\/uploads\\\/dream\\\/img\\\/img_155690_5d0673169f1a704691ec9a94bf25170d_1.jpg?strip=all\",\"contentUrl\":\"https:\\\/\\\/erki24nd3ub.exactdn.com\\\/wp-content\\\/uploads\\\/dream\\\/img\\\/img_155690_5d0673169f1a704691ec9a94bf25170d_1.jpg?strip=all\",\"width\":800,\"height\":800},{\"@type\":\"BreadcrumbList\",\"@id\":\"https:\\\/\\\/lovme.pt\\\/index.php\\\/produto\\\/pdx-elite-stroker-air-tight\\\/#breadcrumb\",\"itemListElement\":[{\"@type\":\"ListItem\",\"position\":1,\"name\":\"In\u00edcio\",\"item\":\"https:\\\/\\\/lovme.pt\\\/\"},{\"@type\":\"ListItem\",\"position\":2,\"name\":\"Loja\",\"item\":\"https:\\\/\\\/lovme.pt\\\/index.php\\\/loja\\\/\"},{\"@type\":\"ListItem\",\"position\":3,\"name\":\"PDX ELITE &#8211; STROKER AIR-TIGHT\"}]},{\"@type\":\"WebSite\",\"@id\":\"https:\\\/\\\/lovme.pt\\\/#website\",\"url\":\"https:\\\/\\\/lovme.pt\\\/\",\"name\":\"Lovme Loja Er\u00f3tica N\u00ba1 em Portugal\",\"description\":\"A melhor loja er\u00f3tica de Portugal.\",\"alternateName\":\"Loja Er\u00f3tica Lovme\",\"potentialAction\":[{\"@type\":\"SearchAction\",\"target\":{\"@type\":\"EntryPoint\",\"urlTemplate\":\"https:\\\/\\\/lovme.pt\\\/?s={search_term_string}\"},\"query-input\":{\"@type\":\"PropertyValueSpecification\",\"valueRequired\":true,\"valueName\":\"search_term_string\"}}],\"inLanguage\":\"pt-PT\"}]}<\/script>\n<!-- \/ Yoast SEO plugin. -->","yoast_head_json":{"title":"PDX ELITE - STROKER AIR-TIGHT - Lovme","robots":{"index":"index","follow":"follow","max-snippet":"max-snippet:-1","max-image-preview":"max-image-preview:large","max-video-preview":"max-video-preview:-1"},"canonical":"https:\/\/lovme.pt\/index.php\/produto\/pdx-elite-stroker-air-tight\/","og_locale":"pt_PT","og_type":"article","og_title":"PDX ELITE - STROKER AIR-TIGHT - Lovme","og_description":"PDX ELITE - STROKER AIR-TIGHT","og_url":"https:\/\/lovme.pt\/index.php\/produto\/pdx-elite-stroker-air-tight\/","og_site_name":"Lovme","article_modified_time":"2026-02-19T20:06:54+00:00","og_image":[{"width":800,"height":800,"url":"https:\/\/erki24nd3ub.exactdn.com\/wp-content\/uploads\/dream\/img\/img_155690_5d0673169f1a704691ec9a94bf25170d_1.jpg?strip=all","type":"image\/jpeg"}],"twitter_card":"summary_large_image","twitter_misc":{"Tempo estimado de leitura":"2 minutos"},"schema":{"@context":"https:\/\/schema.org","@graph":[{"@type":"WebPage","@id":"https:\/\/lovme.pt\/index.php\/produto\/pdx-elite-stroker-air-tight\/","url":"https:\/\/lovme.pt\/index.php\/produto\/pdx-elite-stroker-air-tight\/","name":"PDX ELITE - STROKER AIR-TIGHT - Lovme","isPartOf":{"@id":"https:\/\/lovme.pt\/#website"},"primaryImageOfPage":{"@id":"https:\/\/lovme.pt\/index.php\/produto\/pdx-elite-stroker-air-tight\/#primaryimage"},"image":{"@id":"https:\/\/lovme.pt\/index.php\/produto\/pdx-elite-stroker-air-tight\/#primaryimage"},"thumbnailUrl":"https:\/\/erki24nd3ub.exactdn.com\/wp-content\/uploads\/dream\/img\/img_155690_5d0673169f1a704691ec9a94bf25170d_1.jpg?strip=all","datePublished":"2025-09-30T10:12:04+00:00","dateModified":"2026-02-19T20:06:54+00:00","breadcrumb":{"@id":"https:\/\/lovme.pt\/index.php\/produto\/pdx-elite-stroker-air-tight\/#breadcrumb"},"inLanguage":"pt-PT","potentialAction":[{"@type":"ReadAction","target":["https:\/\/lovme.pt\/index.php\/produto\/pdx-elite-stroker-air-tight\/"]}]},{"@type":"ImageObject","inLanguage":"pt-PT","@id":"https:\/\/lovme.pt\/index.php\/produto\/pdx-elite-stroker-air-tight\/#primaryimage","url":"https:\/\/erki24nd3ub.exactdn.com\/wp-content\/uploads\/dream\/img\/img_155690_5d0673169f1a704691ec9a94bf25170d_1.jpg?strip=all","contentUrl":"https:\/\/erki24nd3ub.exactdn.com\/wp-content\/uploads\/dream\/img\/img_155690_5d0673169f1a704691ec9a94bf25170d_1.jpg?strip=all","width":800,"height":800},{"@type":"BreadcrumbList","@id":"https:\/\/lovme.pt\/index.php\/produto\/pdx-elite-stroker-air-tight\/#breadcrumb","itemListElement":[{"@type":"ListItem","position":1,"name":"In\u00edcio","item":"https:\/\/lovme.pt\/"},{"@type":"ListItem","position":2,"name":"Loja","item":"https:\/\/lovme.pt\/index.php\/loja\/"},{"@type":"ListItem","position":3,"name":"PDX ELITE &#8211; STROKER AIR-TIGHT"}]},{"@type":"WebSite","@id":"https:\/\/lovme.pt\/#website","url":"https:\/\/lovme.pt\/","name":"Lovme Loja Er\u00f3tica N\u00ba1 em Portugal","description":"A melhor loja er\u00f3tica de Portugal.","alternateName":"Loja Er\u00f3tica Lovme","potentialAction":[{"@type":"SearchAction","target":{"@type":"EntryPoint","urlTemplate":"https:\/\/lovme.pt\/?s={search_term_string}"},"query-input":{"@type":"PropertyValueSpecification","valueRequired":true,"valueName":"search_term_string"}}],"inLanguage":"pt-PT"}]}},"_links":{"self":[{"href":"https:\/\/lovme.pt\/index.php\/wp-json\/wp\/v2\/product\/45080","targetHints":{"allow":["GET"]}}],"collection":[{"href":"https:\/\/lovme.pt\/index.php\/wp-json\/wp\/v2\/product"}],"about":[{"href":"https:\/\/lovme.pt\/index.php\/wp-json\/wp\/v2\/types\/product"}],"wp:featuredmedia":[{"embeddable":true,"href":"https:\/\/lovme.pt\/index.php\/wp-json\/wp\/v2\/media\/63935"}],"wp:attachment":[{"href":"https:\/\/lovme.pt\/index.php\/wp-json\/wp\/v2\/media?parent=45080"}],"wp:term":[{"taxonomy":"product_brand","embeddable":true,"href":"https:\/\/lovme.pt\/index.php\/wp-json\/wp\/v2\/product_brand?post=45080"},{"taxonomy":"product_cat","embeddable":true,"href":"https:\/\/lovme.pt\/index.php\/wp-json\/wp\/v2\/product_cat?post=45080"},{"taxonomy":"product_tag","embeddable":true,"href":"https:\/\/lovme.pt\/index.php\/wp-json\/wp\/v2\/product_tag?post=45080"}],"curies":[{"name":"wp","href":"https:\/\/api.w.org\/{rel}","templated":true}]}}