{"id":45079,"date":"2025-09-30T10:12:03","date_gmt":"2025-09-30T10:12:03","guid":{"rendered":"https:\/\/lovme.pt\/?post_type=product&p=45079"},"modified":"2026-02-19T20:06:54","modified_gmt":"2026-02-19T20:06:54","slug":"pdx-elite-stroker-fap-o-matic-pro-com-base-de-testiculos","status":"publish","type":"product","link":"https:\/\/lovme.pt\/index.php\/produto\/pdx-elite-stroker-fap-o-matic-pro-com-base-de-testiculos\/","title":{"rendered":"PDX ELITE &#8211; STROKER FAP-O-MATIC PRO COM BASE DE TEST\u00cdCULOS"},"content":{"rendered":"<p>O PDX ELITE FAP-O-MATIC PRO eleva a masturba\u00e7\u00e3o com uma poderosa a\u00e7\u00e3o de suc\u00e7\u00e3o para a melhor experi\u00eancia de car\u00edcias. \u00c9 uma tempestade perfeita de sensa\u00e7\u00f5es para intensas sess\u00f5es de sexo solo que podem ser personalizadas de acordo com o seu humor pessoal! Prepare-se para uma vibra\u00e7\u00e3o explosiva e com as m\u00e3os livres que envolve suas bolas com fileiras e mais fileiras de solavancos suaves de prazer. Sua melhor experi\u00eancia de masturba\u00e7\u00e3o estar\u00e1 pronta quando voc\u00ea estiver!<\/p>\n<p> O exclusivo \u201cHyper-Pulse\u201d concentra estimula\u00e7\u00e3o intensa na base das bolas. Um motor potente aciona o diafragma de silicone macio para criar a massagem terap\u00eautica mais intensa para suas bolas que voc\u00ea j\u00e1 experimentou! Ao mesmo tempo, aumente a intensidade com o vibrador adicional e prepare-se para explodir em \u00eaxtase!<\/p>\n<\/p>\n<p> <u><strong>INFORMA\u00c7\u00c3O EXTRA:<\/strong><\/u><\/p>\n<ul>\n<li> <strong>Tecnologia de suc\u00e7\u00e3o intermitente<\/strong> : O motor ultrapotente oferece 5 modos de suc\u00e7\u00e3o profundos e agrad\u00e1veis. A suc\u00e7\u00e3o intermitente faz com que seu p\u00eanis entre e saia automaticamente e de forma \u00e9tica para obter prazeres que v\u00e3o al\u00e9m dos seus sonhos mais loucos!<\/li>\n<li> <strong>Personalize seu poder<\/strong> : Desfrute de 10 modos de vibra\u00e7\u00e3o. A massagem terap\u00eautica por vibra\u00e7\u00e3o e hiperpulso est\u00e1 estrategicamente posicionada para maximizar a estimula\u00e7\u00e3o e, ao mesmo tempo, massagear o p\u00eanis e os test\u00edculos. Experimente os 10 modos e personalize o seu prazer!<\/li>\n<li> <strong>Fanta Flesh STROKER<\/strong> : A extraordin\u00e1ria sensa\u00e7\u00e3o do Stroker Fanta Flesh envolve ritmicamente seu p\u00eanis com cada pulso do poderoso motor. A tecnologia de suc\u00e7\u00e3o intermitente empurra. Ele mover\u00e1 seu p\u00eanis para dentro e para fora, proporcionando a melhor experi\u00eancia em a\u00e7\u00e3o de car\u00edcia autom\u00e1tica!<\/li>\n<li> <strong>C\u00f3cegas na l\u00edngua macia<\/strong> : C\u00f3cegas na l\u00edngua super macias est\u00e3o dispon\u00edveis para voc\u00ea. forrado com fileiras e mais fileiras de pontos de prazer estimulantes.<\/li>\n<li> <strong>USB recarreg\u00e1vel<\/strong> : Pronto quando voc\u00ea estiver. Voc\u00ea \u00e9! Recarreg\u00e1vel de forma f\u00e1cil e conveniente com o cabo de carregamento inclu\u00eddo, oferecendo horas de divers\u00e3o. Feito em Elite Silicone\u2122, \u00e9 super sedoso ao toque, aquece agradavelmente \u00e0 temperatura corporal e \u00e9 f\u00e1cil de limpar.<\/li>\n<\/ul>\n<p> <u><strong>ESPECIFICA\u00c7\u00d5ES:<\/strong><\/u><\/p>\n<ul>\n<li> <strong>Comprimento total:<\/strong> 24,8 cm<\/li>\n<li> <strong>Di\u00e2metro<\/strong> : 5,1 cm.<\/li>\n<li> <strong>Comprimento inser\u00edvel<\/strong> : 12,7 cm<\/li>\n<li> <strong>Material:<\/strong> Pl\u00e1stico ABS  TPE  Silicone<\/li>\n<li> <strong>Recarreg\u00e1vel<\/strong> : Sim<\/li>\n<li> <strong>Tempo de carregamento<\/strong> : 90 minutos.<\/li>\n<li> <strong>Tempo de funcionamento<\/strong> : 40 minutos.<\/li>\n<\/ul>\n<p> Nos \u00faltimos 20 anos, <strong>a Pipedream Products<\/strong> criou e desenvolveu alguns dos produtos inovadores mais vendidos no mundo. Esses produtos incluem brinquedos e vibra\u00e7\u00f5es realistas, mas tamb\u00e9m uma ampla variedade de piadas, lo\u00e7\u00f5es, itens fetichistas e presentes. Pipedream \u00e9 uma marca americana fundada em 1973, que dispensa muitas apresenta\u00e7\u00f5es, com mais de 40 anos no setor de brinquedos er\u00f3ticos, atualmente \u00e9 a maior fabricante de produtos er\u00f3ticos do mundo, ocupando n\u00e3o s\u00f3 o primeiro lugar na fabrica\u00e7\u00e3o, mas tamb\u00e9m na vendas, com sede na Calif\u00f3rnia. Pioneiros na comercializa\u00e7\u00e3o de produtos BDSM, ali\u00e1s s\u00e3o a marca n\u00famero 1 em vendas de produtos para introdu\u00e7\u00e3o ao Bondage. Pipedream engloba mais de 35 marcas er\u00f3ticas e acumulou mais de 70 pr\u00eamios por sua qualidade e inova\u00e7\u00e3o.<\/p><\/p>\n","protected":false},"excerpt":{"rendered":"<p>PDX ELITE &#8211; STROKER FAP-O-MATIC PRO COM BASE DE TEST\u00cdCULOS<\/p>\n","protected":false},"featured_media":63932,"template":"","meta":{"_acf_changed":false},"product_brand":[],"product_cat":[17,58,60],"product_tag":[],"class_list":{"0":"post-45079","1":"product","2":"type-product","3":"status-publish","4":"has-post-thumbnail","6":"product_cat-brinquedos-de-bem-estar-sexual","7":"product_cat-masturbadores-para-penis","8":"product_cat-para-eles","9":"yith_product_brand-pipedreamspdx-elite","10":"yith_product_brand-pipedreams","12":"first","13":"instock","14":"taxable","15":"shipping-taxable","16":"purchasable","17":"product-type-simple"},"acf":[],"yoast_head":"<!-- This site is optimized with the Yoast SEO plugin v27.4 - https:\/\/yoast.com\/product\/yoast-seo-wordpress\/ -->\n<title>PDX ELITE - STROKER FAP-O-MATIC PRO COM BASE DE TEST\u00cdCULOS - Lovme<\/title>\n<meta name=\"robots\" content=\"index, follow, max-snippet:-1, max-image-preview:large, max-video-preview:-1\" \/>\n<link rel=\"canonical\" href=\"https:\/\/lovme.pt\/index.php\/produto\/pdx-elite-stroker-fap-o-matic-pro-com-base-de-testiculos\/\" \/>\n<meta property=\"og:locale\" content=\"pt_PT\" \/>\n<meta property=\"og:type\" content=\"article\" \/>\n<meta property=\"og:title\" content=\"PDX ELITE - STROKER FAP-O-MATIC PRO COM BASE DE TEST\u00cdCULOS - Lovme\" \/>\n<meta property=\"og:description\" content=\"PDX ELITE - STROKER FAP-O-MATIC PRO COM BASE DE TEST\u00cdCULOS\" \/>\n<meta property=\"og:url\" content=\"https:\/\/lovme.pt\/index.php\/produto\/pdx-elite-stroker-fap-o-matic-pro-com-base-de-testiculos\/\" \/>\n<meta property=\"og:site_name\" content=\"Lovme\" \/>\n<meta property=\"article:modified_time\" content=\"2026-02-19T20:06:54+00:00\" \/>\n<meta property=\"og:image\" content=\"https:\/\/erki24nd3ub.exactdn.com\/wp-content\/uploads\/dream\/img\/img_155685_c8b93f78f37b14a51753edf04df39749_1.jpg?strip=all\" \/>\n\t<meta property=\"og:image:width\" content=\"800\" \/>\n\t<meta property=\"og:image:height\" content=\"800\" \/>\n\t<meta property=\"og:image:type\" content=\"image\/jpeg\" \/>\n<meta name=\"twitter:card\" content=\"summary_large_image\" \/>\n<meta name=\"twitter:label1\" content=\"Tempo estimado de leitura\" \/>\n\t<meta name=\"twitter:data1\" content=\"3 minutos\" \/>\n<script type=\"application\/ld+json\" class=\"yoast-schema-graph\">{\"@context\":\"https:\\\/\\\/schema.org\",\"@graph\":[{\"@type\":\"WebPage\",\"@id\":\"https:\\\/\\\/lovme.pt\\\/index.php\\\/produto\\\/pdx-elite-stroker-fap-o-matic-pro-com-base-de-testiculos\\\/\",\"url\":\"https:\\\/\\\/lovme.pt\\\/index.php\\\/produto\\\/pdx-elite-stroker-fap-o-matic-pro-com-base-de-testiculos\\\/\",\"name\":\"PDX ELITE - STROKER FAP-O-MATIC PRO COM BASE DE TEST\u00cdCULOS - Lovme\",\"isPartOf\":{\"@id\":\"https:\\\/\\\/lovme.pt\\\/#website\"},\"primaryImageOfPage\":{\"@id\":\"https:\\\/\\\/lovme.pt\\\/index.php\\\/produto\\\/pdx-elite-stroker-fap-o-matic-pro-com-base-de-testiculos\\\/#primaryimage\"},\"image\":{\"@id\":\"https:\\\/\\\/lovme.pt\\\/index.php\\\/produto\\\/pdx-elite-stroker-fap-o-matic-pro-com-base-de-testiculos\\\/#primaryimage\"},\"thumbnailUrl\":\"https:\\\/\\\/erki24nd3ub.exactdn.com\\\/wp-content\\\/uploads\\\/dream\\\/img\\\/img_155685_c8b93f78f37b14a51753edf04df39749_1.jpg?strip=all\",\"datePublished\":\"2025-09-30T10:12:03+00:00\",\"dateModified\":\"2026-02-19T20:06:54+00:00\",\"breadcrumb\":{\"@id\":\"https:\\\/\\\/lovme.pt\\\/index.php\\\/produto\\\/pdx-elite-stroker-fap-o-matic-pro-com-base-de-testiculos\\\/#breadcrumb\"},\"inLanguage\":\"pt-PT\",\"potentialAction\":[{\"@type\":\"ReadAction\",\"target\":[\"https:\\\/\\\/lovme.pt\\\/index.php\\\/produto\\\/pdx-elite-stroker-fap-o-matic-pro-com-base-de-testiculos\\\/\"]}]},{\"@type\":\"ImageObject\",\"inLanguage\":\"pt-PT\",\"@id\":\"https:\\\/\\\/lovme.pt\\\/index.php\\\/produto\\\/pdx-elite-stroker-fap-o-matic-pro-com-base-de-testiculos\\\/#primaryimage\",\"url\":\"https:\\\/\\\/erki24nd3ub.exactdn.com\\\/wp-content\\\/uploads\\\/dream\\\/img\\\/img_155685_c8b93f78f37b14a51753edf04df39749_1.jpg?strip=all\",\"contentUrl\":\"https:\\\/\\\/erki24nd3ub.exactdn.com\\\/wp-content\\\/uploads\\\/dream\\\/img\\\/img_155685_c8b93f78f37b14a51753edf04df39749_1.jpg?strip=all\",\"width\":800,\"height\":800},{\"@type\":\"BreadcrumbList\",\"@id\":\"https:\\\/\\\/lovme.pt\\\/index.php\\\/produto\\\/pdx-elite-stroker-fap-o-matic-pro-com-base-de-testiculos\\\/#breadcrumb\",\"itemListElement\":[{\"@type\":\"ListItem\",\"position\":1,\"name\":\"In\u00edcio\",\"item\":\"https:\\\/\\\/lovme.pt\\\/\"},{\"@type\":\"ListItem\",\"position\":2,\"name\":\"Loja\",\"item\":\"https:\\\/\\\/lovme.pt\\\/index.php\\\/loja\\\/\"},{\"@type\":\"ListItem\",\"position\":3,\"name\":\"PDX ELITE &#8211; STROKER FAP-O-MATIC PRO COM BASE DE TEST\u00cdCULOS\"}]},{\"@type\":\"WebSite\",\"@id\":\"https:\\\/\\\/lovme.pt\\\/#website\",\"url\":\"https:\\\/\\\/lovme.pt\\\/\",\"name\":\"Lovme Loja Er\u00f3tica N\u00ba1 em Portugal\",\"description\":\"A melhor loja er\u00f3tica de Portugal.\",\"alternateName\":\"Loja Er\u00f3tica Lovme\",\"potentialAction\":[{\"@type\":\"SearchAction\",\"target\":{\"@type\":\"EntryPoint\",\"urlTemplate\":\"https:\\\/\\\/lovme.pt\\\/?s={search_term_string}\"},\"query-input\":{\"@type\":\"PropertyValueSpecification\",\"valueRequired\":true,\"valueName\":\"search_term_string\"}}],\"inLanguage\":\"pt-PT\"}]}<\/script>\n<!-- \/ Yoast SEO plugin. -->","yoast_head_json":{"title":"PDX ELITE - STROKER FAP-O-MATIC PRO COM BASE DE TEST\u00cdCULOS - Lovme","robots":{"index":"index","follow":"follow","max-snippet":"max-snippet:-1","max-image-preview":"max-image-preview:large","max-video-preview":"max-video-preview:-1"},"canonical":"https:\/\/lovme.pt\/index.php\/produto\/pdx-elite-stroker-fap-o-matic-pro-com-base-de-testiculos\/","og_locale":"pt_PT","og_type":"article","og_title":"PDX ELITE - STROKER FAP-O-MATIC PRO COM BASE DE TEST\u00cdCULOS - Lovme","og_description":"PDX ELITE - STROKER FAP-O-MATIC PRO COM BASE DE TEST\u00cdCULOS","og_url":"https:\/\/lovme.pt\/index.php\/produto\/pdx-elite-stroker-fap-o-matic-pro-com-base-de-testiculos\/","og_site_name":"Lovme","article_modified_time":"2026-02-19T20:06:54+00:00","og_image":[{"width":800,"height":800,"url":"https:\/\/erki24nd3ub.exactdn.com\/wp-content\/uploads\/dream\/img\/img_155685_c8b93f78f37b14a51753edf04df39749_1.jpg?strip=all","type":"image\/jpeg"}],"twitter_card":"summary_large_image","twitter_misc":{"Tempo estimado de leitura":"3 minutos"},"schema":{"@context":"https:\/\/schema.org","@graph":[{"@type":"WebPage","@id":"https:\/\/lovme.pt\/index.php\/produto\/pdx-elite-stroker-fap-o-matic-pro-com-base-de-testiculos\/","url":"https:\/\/lovme.pt\/index.php\/produto\/pdx-elite-stroker-fap-o-matic-pro-com-base-de-testiculos\/","name":"PDX ELITE - STROKER FAP-O-MATIC PRO COM BASE DE TEST\u00cdCULOS - Lovme","isPartOf":{"@id":"https:\/\/lovme.pt\/#website"},"primaryImageOfPage":{"@id":"https:\/\/lovme.pt\/index.php\/produto\/pdx-elite-stroker-fap-o-matic-pro-com-base-de-testiculos\/#primaryimage"},"image":{"@id":"https:\/\/lovme.pt\/index.php\/produto\/pdx-elite-stroker-fap-o-matic-pro-com-base-de-testiculos\/#primaryimage"},"thumbnailUrl":"https:\/\/erki24nd3ub.exactdn.com\/wp-content\/uploads\/dream\/img\/img_155685_c8b93f78f37b14a51753edf04df39749_1.jpg?strip=all","datePublished":"2025-09-30T10:12:03+00:00","dateModified":"2026-02-19T20:06:54+00:00","breadcrumb":{"@id":"https:\/\/lovme.pt\/index.php\/produto\/pdx-elite-stroker-fap-o-matic-pro-com-base-de-testiculos\/#breadcrumb"},"inLanguage":"pt-PT","potentialAction":[{"@type":"ReadAction","target":["https:\/\/lovme.pt\/index.php\/produto\/pdx-elite-stroker-fap-o-matic-pro-com-base-de-testiculos\/"]}]},{"@type":"ImageObject","inLanguage":"pt-PT","@id":"https:\/\/lovme.pt\/index.php\/produto\/pdx-elite-stroker-fap-o-matic-pro-com-base-de-testiculos\/#primaryimage","url":"https:\/\/erki24nd3ub.exactdn.com\/wp-content\/uploads\/dream\/img\/img_155685_c8b93f78f37b14a51753edf04df39749_1.jpg?strip=all","contentUrl":"https:\/\/erki24nd3ub.exactdn.com\/wp-content\/uploads\/dream\/img\/img_155685_c8b93f78f37b14a51753edf04df39749_1.jpg?strip=all","width":800,"height":800},{"@type":"BreadcrumbList","@id":"https:\/\/lovme.pt\/index.php\/produto\/pdx-elite-stroker-fap-o-matic-pro-com-base-de-testiculos\/#breadcrumb","itemListElement":[{"@type":"ListItem","position":1,"name":"In\u00edcio","item":"https:\/\/lovme.pt\/"},{"@type":"ListItem","position":2,"name":"Loja","item":"https:\/\/lovme.pt\/index.php\/loja\/"},{"@type":"ListItem","position":3,"name":"PDX ELITE &#8211; STROKER FAP-O-MATIC PRO COM BASE DE TEST\u00cdCULOS"}]},{"@type":"WebSite","@id":"https:\/\/lovme.pt\/#website","url":"https:\/\/lovme.pt\/","name":"Lovme Loja Er\u00f3tica N\u00ba1 em Portugal","description":"A melhor loja er\u00f3tica de Portugal.","alternateName":"Loja Er\u00f3tica Lovme","potentialAction":[{"@type":"SearchAction","target":{"@type":"EntryPoint","urlTemplate":"https:\/\/lovme.pt\/?s={search_term_string}"},"query-input":{"@type":"PropertyValueSpecification","valueRequired":true,"valueName":"search_term_string"}}],"inLanguage":"pt-PT"}]}},"_links":{"self":[{"href":"https:\/\/lovme.pt\/index.php\/wp-json\/wp\/v2\/product\/45079","targetHints":{"allow":["GET"]}}],"collection":[{"href":"https:\/\/lovme.pt\/index.php\/wp-json\/wp\/v2\/product"}],"about":[{"href":"https:\/\/lovme.pt\/index.php\/wp-json\/wp\/v2\/types\/product"}],"wp:featuredmedia":[{"embeddable":true,"href":"https:\/\/lovme.pt\/index.php\/wp-json\/wp\/v2\/media\/63932"}],"wp:attachment":[{"href":"https:\/\/lovme.pt\/index.php\/wp-json\/wp\/v2\/media?parent=45079"}],"wp:term":[{"taxonomy":"product_brand","embeddable":true,"href":"https:\/\/lovme.pt\/index.php\/wp-json\/wp\/v2\/product_brand?post=45079"},{"taxonomy":"product_cat","embeddable":true,"href":"https:\/\/lovme.pt\/index.php\/wp-json\/wp\/v2\/product_cat?post=45079"},{"taxonomy":"product_tag","embeddable":true,"href":"https:\/\/lovme.pt\/index.php\/wp-json\/wp\/v2\/product_tag?post=45079"}],"curies":[{"name":"wp","href":"https:\/\/api.w.org\/{rel}","templated":true}]}}