{"id":45076,"date":"2025-09-30T10:12:01","date_gmt":"2025-09-30T10:12:01","guid":{"rendered":"https:\/\/lovme.pt\/?post_type=product&p=45076"},"modified":"2026-02-19T20:06:54","modified_gmt":"2026-02-19T20:06:54","slug":"pdx-elite-stroker-viewtube-2-compresso-espiral-transparente","status":"publish","type":"product","link":"https:\/\/lovme.pt\/index.php\/produto\/pdx-elite-stroker-viewtube-2-compresso-espiral-transparente\/","title":{"rendered":"PDX ELITE &#8211; STROKER VIEWTUBE 2 COMPRESSO ESPIRAL TRANSPARENTE"},"content":{"rendered":"<p>Todo mundo gosta de assistir, e agora voc\u00ea tamb\u00e9m pode com <strong>ViewTube 2 See-Thru Stroker<\/strong> ! Projetado para aprimorar a estimula\u00e7\u00e3o visual, <strong>o ViewTube 2<\/strong> permite que voc\u00ea seja a estrela do show.<\/p>\n<p> O interior da caixa transparente \u00e9 forrado. forrado com fileiras de nervuras e contas para estimula\u00e7\u00e3o alucinante. O que voc\u00ea est\u00e1 esperando, eu sei. Torne-se uma estrela do ViewTube e aproveite toda a a\u00e7\u00e3o! O design em forma de saca-rolhas contrai e produz compress\u00e3o a cada golpe, criando sensa\u00e7\u00f5es de estalo irresist\u00edveis ao entrar e sair da caixa ultramacia e transparente.<\/p>\n<\/p>\n<p> <u><strong>INFORMA\u00c7\u00c3O EXTRA:<\/strong><\/u><\/p>\n<ul>\n<li> Veja a inova\u00e7\u00e3o: um material incrivelmente puro e transl\u00facido<\/li>\n<li> Orif\u00edcio de controle de suc\u00e7\u00e3o: use um dedo para restringir ou permitir o fluxo de ar para uma incr\u00edvel sensa\u00e7\u00e3o de suc\u00e7\u00e3o.<\/li>\n<\/ul>\n<p> <u><strong>ESPECIFICA\u00c7\u00d5ES:<\/strong><\/u><\/p>\n<ul>\n<li> <strong>Dimens\u00e3o do produto<\/strong> : 18&#215;7 cm<\/li>\n<li> <strong>Comprimento total:<\/strong> 18 cm<\/li>\n<li> <strong>Di\u00e2metro<\/strong> : 5 cm.<\/li>\n<li> <strong>Comprimento inser\u00edvel<\/strong> : 17 cm<\/li>\n<li> <strong>Material:<\/strong> Policarbonato  Polipropileno  TPE<\/li>\n<\/ul>\n<p> Nos \u00faltimos 20 anos, <strong>a Pipedream Products<\/strong> criou e desenvolveu alguns dos produtos inovadores mais vendidos no mundo. Esses produtos incluem brinquedos e vibra\u00e7\u00f5es realistas, mas tamb\u00e9m uma ampla variedade de piadas, lo\u00e7\u00f5es, itens fetichistas e presentes. Pipedream \u00e9 uma marca americana fundada em 1973, que dispensa muitas apresenta\u00e7\u00f5es, com mais de 40 anos no setor de brinquedos er\u00f3ticos, atualmente \u00e9 a maior fabricante de produtos er\u00f3ticos do mundo, ocupando n\u00e3o s\u00f3 o primeiro lugar na fabrica\u00e7\u00e3o, mas tamb\u00e9m na vendas, com sede na Calif\u00f3rnia. Pioneiros na comercializa\u00e7\u00e3o de produtos BDSM, ali\u00e1s s\u00e3o a marca n\u00famero 1 em vendas de produtos para introdu\u00e7\u00e3o ao Bondage. Pipedream engloba mais de 35 marcas er\u00f3ticas e acumulou mais de 70 pr\u00eamios por sua qualidade e inova\u00e7\u00e3o.<\/p><\/p>\n","protected":false},"excerpt":{"rendered":"<p>PDX ELITE &#8211; STROKER VIEWTUBE 2 COMPRESSO ESPIRAL TRANSPARENTE<\/p>\n","protected":false},"featured_media":63922,"template":"","meta":{"_acf_changed":false},"product_brand":[],"product_cat":[17,58,60],"product_tag":[],"class_list":{"0":"post-45076","1":"product","2":"type-product","3":"status-publish","4":"has-post-thumbnail","6":"product_cat-brinquedos-de-bem-estar-sexual","7":"product_cat-masturbadores-para-penis","8":"product_cat-para-eles","9":"yith_product_brand-pipedreamspdx-elite","10":"yith_product_brand-pipedreams","12":"first","13":"instock","14":"taxable","15":"shipping-taxable","16":"purchasable","17":"product-type-simple"},"acf":[],"yoast_head":"<!-- This site is optimized with the Yoast SEO plugin v27.4 - https:\/\/yoast.com\/product\/yoast-seo-wordpress\/ -->\n<title>PDX ELITE - STROKER VIEWTUBE 2 COMPRESSO ESPIRAL TRANSPARENTE - Lovme<\/title>\n<meta name=\"robots\" content=\"index, follow, max-snippet:-1, max-image-preview:large, max-video-preview:-1\" \/>\n<link rel=\"canonical\" href=\"https:\/\/lovme.pt\/index.php\/produto\/pdx-elite-stroker-viewtube-2-compresso-espiral-transparente\/\" \/>\n<meta property=\"og:locale\" content=\"pt_PT\" \/>\n<meta property=\"og:type\" content=\"article\" \/>\n<meta property=\"og:title\" content=\"PDX ELITE - STROKER VIEWTUBE 2 COMPRESSO ESPIRAL TRANSPARENTE - Lovme\" \/>\n<meta property=\"og:description\" content=\"PDX ELITE - STROKER VIEWTUBE 2 COMPRESSO ESPIRAL TRANSPARENTE\" \/>\n<meta property=\"og:url\" content=\"https:\/\/lovme.pt\/index.php\/produto\/pdx-elite-stroker-viewtube-2-compresso-espiral-transparente\/\" \/>\n<meta property=\"og:site_name\" content=\"Lovme\" \/>\n<meta property=\"article:modified_time\" content=\"2026-02-19T20:06:54+00:00\" \/>\n<meta property=\"og:image\" content=\"https:\/\/erki24nd3ub.exactdn.com\/wp-content\/uploads\/dream\/img\/img_155671_965abadbc3aebe32886354e4fe3699bc_1.jpg?strip=all\" \/>\n\t<meta property=\"og:image:width\" content=\"800\" \/>\n\t<meta property=\"og:image:height\" content=\"800\" \/>\n\t<meta property=\"og:image:type\" content=\"image\/jpeg\" \/>\n<meta name=\"twitter:card\" content=\"summary_large_image\" \/>\n<meta name=\"twitter:label1\" content=\"Tempo estimado de leitura\" \/>\n\t<meta name=\"twitter:data1\" content=\"1 minuto\" \/>\n<script type=\"application\/ld+json\" class=\"yoast-schema-graph\">{\"@context\":\"https:\\\/\\\/schema.org\",\"@graph\":[{\"@type\":\"WebPage\",\"@id\":\"https:\\\/\\\/lovme.pt\\\/index.php\\\/produto\\\/pdx-elite-stroker-viewtube-2-compresso-espiral-transparente\\\/\",\"url\":\"https:\\\/\\\/lovme.pt\\\/index.php\\\/produto\\\/pdx-elite-stroker-viewtube-2-compresso-espiral-transparente\\\/\",\"name\":\"PDX ELITE - STROKER VIEWTUBE 2 COMPRESSO ESPIRAL TRANSPARENTE - Lovme\",\"isPartOf\":{\"@id\":\"https:\\\/\\\/lovme.pt\\\/#website\"},\"primaryImageOfPage\":{\"@id\":\"https:\\\/\\\/lovme.pt\\\/index.php\\\/produto\\\/pdx-elite-stroker-viewtube-2-compresso-espiral-transparente\\\/#primaryimage\"},\"image\":{\"@id\":\"https:\\\/\\\/lovme.pt\\\/index.php\\\/produto\\\/pdx-elite-stroker-viewtube-2-compresso-espiral-transparente\\\/#primaryimage\"},\"thumbnailUrl\":\"https:\\\/\\\/erki24nd3ub.exactdn.com\\\/wp-content\\\/uploads\\\/dream\\\/img\\\/img_155671_965abadbc3aebe32886354e4fe3699bc_1.jpg?strip=all\",\"datePublished\":\"2025-09-30T10:12:01+00:00\",\"dateModified\":\"2026-02-19T20:06:54+00:00\",\"breadcrumb\":{\"@id\":\"https:\\\/\\\/lovme.pt\\\/index.php\\\/produto\\\/pdx-elite-stroker-viewtube-2-compresso-espiral-transparente\\\/#breadcrumb\"},\"inLanguage\":\"pt-PT\",\"potentialAction\":[{\"@type\":\"ReadAction\",\"target\":[\"https:\\\/\\\/lovme.pt\\\/index.php\\\/produto\\\/pdx-elite-stroker-viewtube-2-compresso-espiral-transparente\\\/\"]}]},{\"@type\":\"ImageObject\",\"inLanguage\":\"pt-PT\",\"@id\":\"https:\\\/\\\/lovme.pt\\\/index.php\\\/produto\\\/pdx-elite-stroker-viewtube-2-compresso-espiral-transparente\\\/#primaryimage\",\"url\":\"https:\\\/\\\/erki24nd3ub.exactdn.com\\\/wp-content\\\/uploads\\\/dream\\\/img\\\/img_155671_965abadbc3aebe32886354e4fe3699bc_1.jpg?strip=all\",\"contentUrl\":\"https:\\\/\\\/erki24nd3ub.exactdn.com\\\/wp-content\\\/uploads\\\/dream\\\/img\\\/img_155671_965abadbc3aebe32886354e4fe3699bc_1.jpg?strip=all\",\"width\":800,\"height\":800},{\"@type\":\"BreadcrumbList\",\"@id\":\"https:\\\/\\\/lovme.pt\\\/index.php\\\/produto\\\/pdx-elite-stroker-viewtube-2-compresso-espiral-transparente\\\/#breadcrumb\",\"itemListElement\":[{\"@type\":\"ListItem\",\"position\":1,\"name\":\"In\u00edcio\",\"item\":\"https:\\\/\\\/lovme.pt\\\/\"},{\"@type\":\"ListItem\",\"position\":2,\"name\":\"Loja\",\"item\":\"https:\\\/\\\/lovme.pt\\\/index.php\\\/loja\\\/\"},{\"@type\":\"ListItem\",\"position\":3,\"name\":\"PDX ELITE &#8211; STROKER VIEWTUBE 2 COMPRESSO ESPIRAL TRANSPARENTE\"}]},{\"@type\":\"WebSite\",\"@id\":\"https:\\\/\\\/lovme.pt\\\/#website\",\"url\":\"https:\\\/\\\/lovme.pt\\\/\",\"name\":\"Lovme Loja Er\u00f3tica N\u00ba1 em Portugal\",\"description\":\"A melhor loja er\u00f3tica de Portugal.\",\"alternateName\":\"Loja Er\u00f3tica Lovme\",\"potentialAction\":[{\"@type\":\"SearchAction\",\"target\":{\"@type\":\"EntryPoint\",\"urlTemplate\":\"https:\\\/\\\/lovme.pt\\\/?s={search_term_string}\"},\"query-input\":{\"@type\":\"PropertyValueSpecification\",\"valueRequired\":true,\"valueName\":\"search_term_string\"}}],\"inLanguage\":\"pt-PT\"}]}<\/script>\n<!-- \/ Yoast SEO plugin. -->","yoast_head_json":{"title":"PDX ELITE - STROKER VIEWTUBE 2 COMPRESSO ESPIRAL TRANSPARENTE - Lovme","robots":{"index":"index","follow":"follow","max-snippet":"max-snippet:-1","max-image-preview":"max-image-preview:large","max-video-preview":"max-video-preview:-1"},"canonical":"https:\/\/lovme.pt\/index.php\/produto\/pdx-elite-stroker-viewtube-2-compresso-espiral-transparente\/","og_locale":"pt_PT","og_type":"article","og_title":"PDX ELITE - STROKER VIEWTUBE 2 COMPRESSO ESPIRAL TRANSPARENTE - Lovme","og_description":"PDX ELITE - STROKER VIEWTUBE 2 COMPRESSO ESPIRAL TRANSPARENTE","og_url":"https:\/\/lovme.pt\/index.php\/produto\/pdx-elite-stroker-viewtube-2-compresso-espiral-transparente\/","og_site_name":"Lovme","article_modified_time":"2026-02-19T20:06:54+00:00","og_image":[{"width":800,"height":800,"url":"https:\/\/erki24nd3ub.exactdn.com\/wp-content\/uploads\/dream\/img\/img_155671_965abadbc3aebe32886354e4fe3699bc_1.jpg?strip=all","type":"image\/jpeg"}],"twitter_card":"summary_large_image","twitter_misc":{"Tempo estimado de leitura":"1 minuto"},"schema":{"@context":"https:\/\/schema.org","@graph":[{"@type":"WebPage","@id":"https:\/\/lovme.pt\/index.php\/produto\/pdx-elite-stroker-viewtube-2-compresso-espiral-transparente\/","url":"https:\/\/lovme.pt\/index.php\/produto\/pdx-elite-stroker-viewtube-2-compresso-espiral-transparente\/","name":"PDX ELITE - STROKER VIEWTUBE 2 COMPRESSO ESPIRAL TRANSPARENTE - Lovme","isPartOf":{"@id":"https:\/\/lovme.pt\/#website"},"primaryImageOfPage":{"@id":"https:\/\/lovme.pt\/index.php\/produto\/pdx-elite-stroker-viewtube-2-compresso-espiral-transparente\/#primaryimage"},"image":{"@id":"https:\/\/lovme.pt\/index.php\/produto\/pdx-elite-stroker-viewtube-2-compresso-espiral-transparente\/#primaryimage"},"thumbnailUrl":"https:\/\/erki24nd3ub.exactdn.com\/wp-content\/uploads\/dream\/img\/img_155671_965abadbc3aebe32886354e4fe3699bc_1.jpg?strip=all","datePublished":"2025-09-30T10:12:01+00:00","dateModified":"2026-02-19T20:06:54+00:00","breadcrumb":{"@id":"https:\/\/lovme.pt\/index.php\/produto\/pdx-elite-stroker-viewtube-2-compresso-espiral-transparente\/#breadcrumb"},"inLanguage":"pt-PT","potentialAction":[{"@type":"ReadAction","target":["https:\/\/lovme.pt\/index.php\/produto\/pdx-elite-stroker-viewtube-2-compresso-espiral-transparente\/"]}]},{"@type":"ImageObject","inLanguage":"pt-PT","@id":"https:\/\/lovme.pt\/index.php\/produto\/pdx-elite-stroker-viewtube-2-compresso-espiral-transparente\/#primaryimage","url":"https:\/\/erki24nd3ub.exactdn.com\/wp-content\/uploads\/dream\/img\/img_155671_965abadbc3aebe32886354e4fe3699bc_1.jpg?strip=all","contentUrl":"https:\/\/erki24nd3ub.exactdn.com\/wp-content\/uploads\/dream\/img\/img_155671_965abadbc3aebe32886354e4fe3699bc_1.jpg?strip=all","width":800,"height":800},{"@type":"BreadcrumbList","@id":"https:\/\/lovme.pt\/index.php\/produto\/pdx-elite-stroker-viewtube-2-compresso-espiral-transparente\/#breadcrumb","itemListElement":[{"@type":"ListItem","position":1,"name":"In\u00edcio","item":"https:\/\/lovme.pt\/"},{"@type":"ListItem","position":2,"name":"Loja","item":"https:\/\/lovme.pt\/index.php\/loja\/"},{"@type":"ListItem","position":3,"name":"PDX ELITE &#8211; STROKER VIEWTUBE 2 COMPRESSO ESPIRAL TRANSPARENTE"}]},{"@type":"WebSite","@id":"https:\/\/lovme.pt\/#website","url":"https:\/\/lovme.pt\/","name":"Lovme Loja Er\u00f3tica N\u00ba1 em Portugal","description":"A melhor loja er\u00f3tica de Portugal.","alternateName":"Loja Er\u00f3tica Lovme","potentialAction":[{"@type":"SearchAction","target":{"@type":"EntryPoint","urlTemplate":"https:\/\/lovme.pt\/?s={search_term_string}"},"query-input":{"@type":"PropertyValueSpecification","valueRequired":true,"valueName":"search_term_string"}}],"inLanguage":"pt-PT"}]}},"_links":{"self":[{"href":"https:\/\/lovme.pt\/index.php\/wp-json\/wp\/v2\/product\/45076","targetHints":{"allow":["GET"]}}],"collection":[{"href":"https:\/\/lovme.pt\/index.php\/wp-json\/wp\/v2\/product"}],"about":[{"href":"https:\/\/lovme.pt\/index.php\/wp-json\/wp\/v2\/types\/product"}],"wp:featuredmedia":[{"embeddable":true,"href":"https:\/\/lovme.pt\/index.php\/wp-json\/wp\/v2\/media\/63922"}],"wp:attachment":[{"href":"https:\/\/lovme.pt\/index.php\/wp-json\/wp\/v2\/media?parent=45076"}],"wp:term":[{"taxonomy":"product_brand","embeddable":true,"href":"https:\/\/lovme.pt\/index.php\/wp-json\/wp\/v2\/product_brand?post=45076"},{"taxonomy":"product_cat","embeddable":true,"href":"https:\/\/lovme.pt\/index.php\/wp-json\/wp\/v2\/product_cat?post=45076"},{"taxonomy":"product_tag","embeddable":true,"href":"https:\/\/lovme.pt\/index.php\/wp-json\/wp\/v2\/product_tag?post=45076"}],"curies":[{"name":"wp","href":"https:\/\/api.w.org\/{rel}","templated":true}]}}