{"id":45073,"date":"2025-09-30T10:11:59","date_gmt":"2025-09-30T10:11:59","guid":{"rendered":"https:\/\/lovme.pt\/?post_type=product&p=45073"},"modified":"2026-02-19T20:06:54","modified_gmt":"2026-02-19T20:06:54","slug":"pdx-elite-stroker-fuck-o-matic-vagina-dupla-vibrao-penis-e-testiculos","status":"publish","type":"product","link":"https:\/\/lovme.pt\/index.php\/produto\/pdx-elite-stroker-fuck-o-matic-vagina-dupla-vibrao-penis-e-testiculos\/","title":{"rendered":"PDX ELITE &#8211; STROKER FUCK-O-MATIC VAGINA DUPLA VIBRAO P\u00caNIS E TEST\u00cdCULOS"},"content":{"rendered":"<p>O <strong>Fuck-O-Matic<\/strong> eleva a masturba\u00e7\u00e3o com uma poderosa a\u00e7\u00e3o de suc\u00e7\u00e3o para a melhor experi\u00eancia de car\u00edcias. \u00c9 uma tempestade perfeita de sensa\u00e7\u00f5es para intensas sess\u00f5es de sexo Solo que podem ser personalizadas de acordo com o seu humor pessoal!<\/p>\n<p>Prepare-se para uma vibra\u00e7\u00e3o explosiva e com as m\u00e3os livres que envolve suas bolas com fileiras e mais fileiras de protuber\u00e2ncias suaves de prazer. Sua melhor experi\u00eancia de masturba\u00e7\u00e3o estar\u00e1 pronta quando voc\u00ea estiver!<\/p>\n<p>\u00a0<\/p>\n<p><u><strong>ESPECIFICA\u00c7\u00d5ES:<\/strong><\/u><\/p>\n<ul>\n<li><strong>Dimens\u00e3o do produto<\/strong> : 27 x 8,8 cm<\/li>\n<li><strong>Comprimento total:<\/strong> 27 cm<\/li>\n<li><strong>Di\u00e2metro<\/strong> : 5,1 cm.<\/li>\n<li><strong>Comprimento inser\u00edvel<\/strong> : 12,7 cm<\/li>\n<li><strong>Modos de vibra\u00e7\u00e3o<\/strong> : 10<\/li>\n<li><strong>Modos de velocidade:<\/strong> 5<\/li>\n<li><strong>Resist\u00eancia \u00e0 \u00e1gua<\/strong> : \u00e0 prova d\u00e1gua<\/li>\n<li><strong>Material:<\/strong> Pl\u00e1stico ABS  TPE  Silicone<\/li>\n<li><strong>Recarreg\u00e1vel<\/strong> : Sim<\/li>\n<li><strong>Baterias<\/strong> : \u00edon de l\u00edtio<\/li>\n<li><strong>Baterias inclu\u00eddas<\/strong> : Sim<\/li>\n<li><strong>Tempo de carregamento<\/strong> : 90 minutos.<\/li>\n<li><strong>Tempo de funcionamento<\/strong> : 40 minutos.<\/li>\n<\/ul>\n<p>\u00a0<\/p>\n<p>Nos \u00faltimos 20 anos, <strong>a Pipedream Products<\/strong> criou e desenvolveu alguns dos produtos inovadores mais vendidos no mundo. Esses produtos incluem brinquedos e vibra\u00e7\u00f5es realistas, mas tamb\u00e9m uma ampla variedade de piadas, lo\u00e7\u00f5es, itens fetichistas e presentes. Pipedream \u00e9 uma marca americana fundada em 1973, que dispensa muitas apresenta\u00e7\u00f5es, com mais de 40 anos no setor de brinquedos er\u00f3ticos, atualmente \u00e9 a maior fabricante de produtos er\u00f3ticos do mundo, ocupando n\u00e3o s\u00f3 o primeiro lugar na fabrica\u00e7\u00e3o, mas tamb\u00e9m em vendas, com sede na Calif\u00f3rnia. Pioneiros na comercializa\u00e7\u00e3o de produtos BDSM, ali\u00e1s s\u00e3o a marca n\u00famero 1 em vendas de produtos para introdu\u00e7\u00e3o ao Bondage. Pipedream engloba mais de 35 marcas er\u00f3ticas e acumulou mais de 70 pr\u00eamios por sua qualidade e inova\u00e7\u00e3o.<\/p>\n<p>\u00a0<\/p>\n","protected":false},"excerpt":{"rendered":"<p>PDX ELITE &#8211; STROKER FUCK-O-MATIC VAGINA DUPLA VIBRAO P\u00caNIS E TEST\u00cdCULOS<\/p>\n","protected":false},"featured_media":63914,"template":"","meta":{"_acf_changed":false},"product_brand":[],"product_cat":[17,60],"product_tag":[],"class_list":{"0":"post-45073","1":"product","2":"type-product","3":"status-publish","4":"has-post-thumbnail","6":"product_cat-brinquedos-de-bem-estar-sexual","7":"product_cat-para-eles","8":"yith_product_brand-pipedreamspdx-elite","9":"yith_product_brand-pipedreams","11":"first","12":"instock","13":"taxable","14":"shipping-taxable","15":"purchasable","16":"product-type-simple"},"acf":[],"yoast_head":"<!-- This site is optimized with the Yoast SEO plugin v27.4 - https:\/\/yoast.com\/product\/yoast-seo-wordpress\/ -->\n<title>PDX ELITE - STROKER FUCK-O-MATIC VAGINA DUPLA VIBRAO P\u00caNIS E TEST\u00cdCULOS - Lovme<\/title>\n<meta name=\"robots\" content=\"index, follow, max-snippet:-1, max-image-preview:large, max-video-preview:-1\" \/>\n<link rel=\"canonical\" href=\"https:\/\/lovme.pt\/index.php\/produto\/pdx-elite-stroker-fuck-o-matic-vagina-dupla-vibrao-penis-e-testiculos\/\" \/>\n<meta property=\"og:locale\" content=\"pt_PT\" \/>\n<meta property=\"og:type\" content=\"article\" \/>\n<meta property=\"og:title\" content=\"PDX ELITE - STROKER FUCK-O-MATIC VAGINA DUPLA VIBRAO P\u00caNIS E TEST\u00cdCULOS - Lovme\" \/>\n<meta property=\"og:description\" content=\"PDX ELITE - STROKER FUCK-O-MATIC VAGINA DUPLA VIBRAO P\u00caNIS E TEST\u00cdCULOS\" \/>\n<meta property=\"og:url\" content=\"https:\/\/lovme.pt\/index.php\/produto\/pdx-elite-stroker-fuck-o-matic-vagina-dupla-vibrao-penis-e-testiculos\/\" \/>\n<meta property=\"og:site_name\" content=\"Lovme\" \/>\n<meta property=\"article:modified_time\" content=\"2026-02-19T20:06:54+00:00\" \/>\n<meta property=\"og:image\" content=\"https:\/\/erki24nd3ub.exactdn.com\/wp-content\/uploads\/dream\/img\/img_155661_78d21fe5dde17f78b49e20f050f75dbd_1.jpg?strip=all\" \/>\n\t<meta property=\"og:image:width\" content=\"800\" \/>\n\t<meta property=\"og:image:height\" content=\"800\" \/>\n\t<meta property=\"og:image:type\" content=\"image\/jpeg\" \/>\n<meta name=\"twitter:card\" content=\"summary_large_image\" \/>\n<meta name=\"twitter:label1\" content=\"Tempo estimado de leitura\" \/>\n\t<meta name=\"twitter:data1\" content=\"1 minuto\" \/>\n<script type=\"application\/ld+json\" class=\"yoast-schema-graph\">{\"@context\":\"https:\\\/\\\/schema.org\",\"@graph\":[{\"@type\":\"WebPage\",\"@id\":\"https:\\\/\\\/lovme.pt\\\/index.php\\\/produto\\\/pdx-elite-stroker-fuck-o-matic-vagina-dupla-vibrao-penis-e-testiculos\\\/\",\"url\":\"https:\\\/\\\/lovme.pt\\\/index.php\\\/produto\\\/pdx-elite-stroker-fuck-o-matic-vagina-dupla-vibrao-penis-e-testiculos\\\/\",\"name\":\"PDX ELITE - STROKER FUCK-O-MATIC VAGINA DUPLA VIBRAO P\u00caNIS E TEST\u00cdCULOS - Lovme\",\"isPartOf\":{\"@id\":\"https:\\\/\\\/lovme.pt\\\/#website\"},\"primaryImageOfPage\":{\"@id\":\"https:\\\/\\\/lovme.pt\\\/index.php\\\/produto\\\/pdx-elite-stroker-fuck-o-matic-vagina-dupla-vibrao-penis-e-testiculos\\\/#primaryimage\"},\"image\":{\"@id\":\"https:\\\/\\\/lovme.pt\\\/index.php\\\/produto\\\/pdx-elite-stroker-fuck-o-matic-vagina-dupla-vibrao-penis-e-testiculos\\\/#primaryimage\"},\"thumbnailUrl\":\"https:\\\/\\\/erki24nd3ub.exactdn.com\\\/wp-content\\\/uploads\\\/dream\\\/img\\\/img_155661_78d21fe5dde17f78b49e20f050f75dbd_1.jpg?strip=all\",\"datePublished\":\"2025-09-30T10:11:59+00:00\",\"dateModified\":\"2026-02-19T20:06:54+00:00\",\"breadcrumb\":{\"@id\":\"https:\\\/\\\/lovme.pt\\\/index.php\\\/produto\\\/pdx-elite-stroker-fuck-o-matic-vagina-dupla-vibrao-penis-e-testiculos\\\/#breadcrumb\"},\"inLanguage\":\"pt-PT\",\"potentialAction\":[{\"@type\":\"ReadAction\",\"target\":[\"https:\\\/\\\/lovme.pt\\\/index.php\\\/produto\\\/pdx-elite-stroker-fuck-o-matic-vagina-dupla-vibrao-penis-e-testiculos\\\/\"]}]},{\"@type\":\"ImageObject\",\"inLanguage\":\"pt-PT\",\"@id\":\"https:\\\/\\\/lovme.pt\\\/index.php\\\/produto\\\/pdx-elite-stroker-fuck-o-matic-vagina-dupla-vibrao-penis-e-testiculos\\\/#primaryimage\",\"url\":\"https:\\\/\\\/erki24nd3ub.exactdn.com\\\/wp-content\\\/uploads\\\/dream\\\/img\\\/img_155661_78d21fe5dde17f78b49e20f050f75dbd_1.jpg?strip=all\",\"contentUrl\":\"https:\\\/\\\/erki24nd3ub.exactdn.com\\\/wp-content\\\/uploads\\\/dream\\\/img\\\/img_155661_78d21fe5dde17f78b49e20f050f75dbd_1.jpg?strip=all\",\"width\":800,\"height\":800},{\"@type\":\"BreadcrumbList\",\"@id\":\"https:\\\/\\\/lovme.pt\\\/index.php\\\/produto\\\/pdx-elite-stroker-fuck-o-matic-vagina-dupla-vibrao-penis-e-testiculos\\\/#breadcrumb\",\"itemListElement\":[{\"@type\":\"ListItem\",\"position\":1,\"name\":\"In\u00edcio\",\"item\":\"https:\\\/\\\/lovme.pt\\\/\"},{\"@type\":\"ListItem\",\"position\":2,\"name\":\"Loja\",\"item\":\"https:\\\/\\\/lovme.pt\\\/index.php\\\/loja\\\/\"},{\"@type\":\"ListItem\",\"position\":3,\"name\":\"PDX ELITE &#8211; STROKER FUCK-O-MATIC VAGINA DUPLA VIBRAO P\u00caNIS E TEST\u00cdCULOS\"}]},{\"@type\":\"WebSite\",\"@id\":\"https:\\\/\\\/lovme.pt\\\/#website\",\"url\":\"https:\\\/\\\/lovme.pt\\\/\",\"name\":\"Lovme Loja Er\u00f3tica N\u00ba1 em Portugal\",\"description\":\"A melhor loja er\u00f3tica de Portugal.\",\"alternateName\":\"Loja Er\u00f3tica Lovme\",\"potentialAction\":[{\"@type\":\"SearchAction\",\"target\":{\"@type\":\"EntryPoint\",\"urlTemplate\":\"https:\\\/\\\/lovme.pt\\\/?s={search_term_string}\"},\"query-input\":{\"@type\":\"PropertyValueSpecification\",\"valueRequired\":true,\"valueName\":\"search_term_string\"}}],\"inLanguage\":\"pt-PT\"}]}<\/script>\n<!-- \/ Yoast SEO plugin. -->","yoast_head_json":{"title":"PDX ELITE - STROKER FUCK-O-MATIC VAGINA DUPLA VIBRAO P\u00caNIS E TEST\u00cdCULOS - Lovme","robots":{"index":"index","follow":"follow","max-snippet":"max-snippet:-1","max-image-preview":"max-image-preview:large","max-video-preview":"max-video-preview:-1"},"canonical":"https:\/\/lovme.pt\/index.php\/produto\/pdx-elite-stroker-fuck-o-matic-vagina-dupla-vibrao-penis-e-testiculos\/","og_locale":"pt_PT","og_type":"article","og_title":"PDX ELITE - STROKER FUCK-O-MATIC VAGINA DUPLA VIBRAO P\u00caNIS E TEST\u00cdCULOS - Lovme","og_description":"PDX ELITE - STROKER FUCK-O-MATIC VAGINA DUPLA VIBRAO P\u00caNIS E TEST\u00cdCULOS","og_url":"https:\/\/lovme.pt\/index.php\/produto\/pdx-elite-stroker-fuck-o-matic-vagina-dupla-vibrao-penis-e-testiculos\/","og_site_name":"Lovme","article_modified_time":"2026-02-19T20:06:54+00:00","og_image":[{"width":800,"height":800,"url":"https:\/\/erki24nd3ub.exactdn.com\/wp-content\/uploads\/dream\/img\/img_155661_78d21fe5dde17f78b49e20f050f75dbd_1.jpg?strip=all","type":"image\/jpeg"}],"twitter_card":"summary_large_image","twitter_misc":{"Tempo estimado de leitura":"1 minuto"},"schema":{"@context":"https:\/\/schema.org","@graph":[{"@type":"WebPage","@id":"https:\/\/lovme.pt\/index.php\/produto\/pdx-elite-stroker-fuck-o-matic-vagina-dupla-vibrao-penis-e-testiculos\/","url":"https:\/\/lovme.pt\/index.php\/produto\/pdx-elite-stroker-fuck-o-matic-vagina-dupla-vibrao-penis-e-testiculos\/","name":"PDX ELITE - STROKER FUCK-O-MATIC VAGINA DUPLA VIBRAO P\u00caNIS E TEST\u00cdCULOS - Lovme","isPartOf":{"@id":"https:\/\/lovme.pt\/#website"},"primaryImageOfPage":{"@id":"https:\/\/lovme.pt\/index.php\/produto\/pdx-elite-stroker-fuck-o-matic-vagina-dupla-vibrao-penis-e-testiculos\/#primaryimage"},"image":{"@id":"https:\/\/lovme.pt\/index.php\/produto\/pdx-elite-stroker-fuck-o-matic-vagina-dupla-vibrao-penis-e-testiculos\/#primaryimage"},"thumbnailUrl":"https:\/\/erki24nd3ub.exactdn.com\/wp-content\/uploads\/dream\/img\/img_155661_78d21fe5dde17f78b49e20f050f75dbd_1.jpg?strip=all","datePublished":"2025-09-30T10:11:59+00:00","dateModified":"2026-02-19T20:06:54+00:00","breadcrumb":{"@id":"https:\/\/lovme.pt\/index.php\/produto\/pdx-elite-stroker-fuck-o-matic-vagina-dupla-vibrao-penis-e-testiculos\/#breadcrumb"},"inLanguage":"pt-PT","potentialAction":[{"@type":"ReadAction","target":["https:\/\/lovme.pt\/index.php\/produto\/pdx-elite-stroker-fuck-o-matic-vagina-dupla-vibrao-penis-e-testiculos\/"]}]},{"@type":"ImageObject","inLanguage":"pt-PT","@id":"https:\/\/lovme.pt\/index.php\/produto\/pdx-elite-stroker-fuck-o-matic-vagina-dupla-vibrao-penis-e-testiculos\/#primaryimage","url":"https:\/\/erki24nd3ub.exactdn.com\/wp-content\/uploads\/dream\/img\/img_155661_78d21fe5dde17f78b49e20f050f75dbd_1.jpg?strip=all","contentUrl":"https:\/\/erki24nd3ub.exactdn.com\/wp-content\/uploads\/dream\/img\/img_155661_78d21fe5dde17f78b49e20f050f75dbd_1.jpg?strip=all","width":800,"height":800},{"@type":"BreadcrumbList","@id":"https:\/\/lovme.pt\/index.php\/produto\/pdx-elite-stroker-fuck-o-matic-vagina-dupla-vibrao-penis-e-testiculos\/#breadcrumb","itemListElement":[{"@type":"ListItem","position":1,"name":"In\u00edcio","item":"https:\/\/lovme.pt\/"},{"@type":"ListItem","position":2,"name":"Loja","item":"https:\/\/lovme.pt\/index.php\/loja\/"},{"@type":"ListItem","position":3,"name":"PDX ELITE &#8211; STROKER FUCK-O-MATIC VAGINA DUPLA VIBRAO P\u00caNIS E TEST\u00cdCULOS"}]},{"@type":"WebSite","@id":"https:\/\/lovme.pt\/#website","url":"https:\/\/lovme.pt\/","name":"Lovme Loja Er\u00f3tica N\u00ba1 em Portugal","description":"A melhor loja er\u00f3tica de Portugal.","alternateName":"Loja Er\u00f3tica Lovme","potentialAction":[{"@type":"SearchAction","target":{"@type":"EntryPoint","urlTemplate":"https:\/\/lovme.pt\/?s={search_term_string}"},"query-input":{"@type":"PropertyValueSpecification","valueRequired":true,"valueName":"search_term_string"}}],"inLanguage":"pt-PT"}]}},"_links":{"self":[{"href":"https:\/\/lovme.pt\/index.php\/wp-json\/wp\/v2\/product\/45073","targetHints":{"allow":["GET"]}}],"collection":[{"href":"https:\/\/lovme.pt\/index.php\/wp-json\/wp\/v2\/product"}],"about":[{"href":"https:\/\/lovme.pt\/index.php\/wp-json\/wp\/v2\/types\/product"}],"wp:featuredmedia":[{"embeddable":true,"href":"https:\/\/lovme.pt\/index.php\/wp-json\/wp\/v2\/media\/63914"}],"wp:attachment":[{"href":"https:\/\/lovme.pt\/index.php\/wp-json\/wp\/v2\/media?parent=45073"}],"wp:term":[{"taxonomy":"product_brand","embeddable":true,"href":"https:\/\/lovme.pt\/index.php\/wp-json\/wp\/v2\/product_brand?post=45073"},{"taxonomy":"product_cat","embeddable":true,"href":"https:\/\/lovme.pt\/index.php\/wp-json\/wp\/v2\/product_cat?post=45073"},{"taxonomy":"product_tag","embeddable":true,"href":"https:\/\/lovme.pt\/index.php\/wp-json\/wp\/v2\/product_tag?post=45073"}],"curies":[{"name":"wp","href":"https:\/\/api.w.org\/{rel}","templated":true}]}}