{"id":45070,"date":"2025-09-30T10:11:57","date_gmt":"2025-09-30T10:11:57","guid":{"rendered":"https:\/\/lovme.pt\/?post_type=product&p=45070"},"modified":"2026-02-19T20:06:54","modified_gmt":"2026-02-19T20:06:54","slug":"pdx-elite-stroker-ultimate-milker-com-voz","status":"publish","type":"product","link":"https:\/\/lovme.pt\/index.php\/produto\/pdx-elite-stroker-ultimate-milker-com-voz\/","title":{"rendered":"PDX ELITE &#8211; STROKER ULTIMATE MILKER COM VOZ"},"content":{"rendered":"<p>Apresentando a primeira tecnologia de masturba\u00e7\u00e3o por computador projetada para envolver completamente seu eixo com estimula\u00e7\u00e3o rotativa e apertada para a melhor experi\u00eancia de prazer pr\u00f3prio!<\/p>\n<p> Uma janela transparente permite que voc\u00ea observe a a\u00e7\u00e3o enquanto cada cent\u00edmetro do seu p\u00eanis \u00e9 ordenhado repetidamente por 10 fun\u00e7\u00f5es rotativas, al\u00e9m de 5 n\u00edveis de velocidade ativos, todos alimentados por um conveniente motor recarreg\u00e1vel. A capa interna em TPE com m\u00faltiplas nervuras foi projetada para facilitar o carregamento. Forrado com texturas incrivelmente satisfat\u00f3rias para aumentar o prazer rotacional e possui uma extremidade fechada para intensificar ainda mais a suc\u00e7\u00e3o natural. Para desfrutar da masturba\u00e7\u00e3o rotacional totalmente automatizada, basta pressionar o bot\u00e3o para iniciar a ordenha ativa. Gemidos sensuais e ofegantes tamb\u00e9m podem ser ativados para intensificar a excita\u00e7\u00e3o er\u00f3tica! Explore suas op\u00e7\u00f5es!<\/p>\n<p> O case externo dur\u00e1vel com uma ventosa de travamento ajust\u00e1vel pode ser colocado em sua posi\u00e7\u00e3o preferida com as m\u00e3os livres ou remover a capa interna de TPE para uso port\u00e1til.<\/p>\n<\/p>\n<p> <u><strong>INFORMA\u00c7\u00c3O EXTRA:<\/strong><\/u><\/p>\n<ul>\n<li> Tecnologia de masturba\u00e7\u00e3o de ordenha rotacional: A tecnologia avan\u00e7ada permite a estimula\u00e7\u00e3o m\u00e1xima da ordenha em espiral.<\/li>\n<li> Personalize sua pot\u00eancia: explore 10 fun\u00e7\u00f5es girat\u00f3rias e 5 n\u00edveis de velocidade ativos.<\/li>\n<li> Motor de alta pot\u00eancia: O motor ultra-forte proporciona rota\u00e7\u00f5es poderosas e agrad\u00e1veis.<\/li>\n<li> Sexy Moans: Aumente sua experi\u00eancia de masturba\u00e7\u00e3o com gemidos ofegantes de prazer atrav\u00e9s dos fones de ouvido GRATUITOS inclu\u00eddos.<\/li>\n<li> Tampa de armazenamento com z\u00edper: mant\u00e9m o estojo TPE confortavelmente protegido para armazenamento ideal.<\/li>\n<li> Capa macia e el\u00e1stica remov\u00edvel: A capa super el\u00e1stica e macia apresenta uma vagina flex\u00edvel e foi projetada para se ajustar ao seu corpo. forrado com fileiras e mais fileiras de pontos de prazer estimulantes. Ele aquece agradavelmente \u00e0 temperatura do seu corpo e \u00e9 remov\u00edvel para divers\u00e3o individual e f\u00e1cil limpeza.<\/li>\n<li> Janela Transparente: A janela transparente dur\u00e1vel permite que voc\u00ea se veja aproveitando sempre a melhor experi\u00eancia de masturba\u00e7\u00e3o!<\/li>\n<li> Recarreg\u00e1vel USB: Pronto quando voc\u00ea estiver! Voc\u00ea \u00e9! Recarreg\u00e1vel de forma f\u00e1cil e conveniente com o cabo de carregamento inclu\u00eddo, oferecendo horas de divers\u00e3o.<\/li>\n<li> Ventosa de travamento ajust\u00e1vel e remov\u00edvel: A ventosa intensamente poderosa permite que voc\u00ea prenda ventosas a quase qualquer superf\u00edcie plana com um design inovador de trava girat\u00f3ria para uma conex\u00e3o mais forte.<\/li>\n<li> Ajuda na disfun\u00e7\u00e3o er\u00e9til: A masturba\u00e7\u00e3o regular fortalece os m\u00fasculos do assoalho p\u00e9lvico e ajuda a prevenir a disfun\u00e7\u00e3o er\u00e9til (DE) nos homens. The Edge, a pr\u00e1tica de retardar intencionalmente o orgasmo, pode aumentar a resist\u00eancia sexual e ajudar na disfun\u00e7\u00e3o er\u00e9til, estimulando o fluxo sangu\u00edneo saud\u00e1vel para o p\u00eanis.<\/li>\n<\/ul>\n<p> <u>Instru\u00e7\u00f5es de cuidados<\/u> : Recarreg\u00e1vel usando o cabo USB inclu\u00eddo. O case \u00e9 remov\u00edvel para facilitar a limpeza. A limpeza \u00e9 muito f\u00e1cil depois da divers\u00e3o. n com Refresh Toy Cleaner e \u00e1gua morna. N\u00e3o mergulhe o PDX Elite Ultimate Milker em \u00e1gua. Se desejar, use uma lo\u00e7\u00e3o \u00e0 base de \u00e1gua, como Moist, com este produto.<\/p>\n<p> <u>Guia de in\u00edcio r\u00e1pido<\/u> : ON\/OFF: Pressione o bot\u00e3o liga\/desliga por 3 segundos para ligar. Pressione e segure o bot\u00e3o liga \/ desliga por 3 segundos para deslig\u00e1-lo. Masturba\u00e7\u00e3o por computador: Para controlar a masturba\u00e7\u00e3o durante a ordenha, pressione o bot\u00e3o liga \/ desliga novamente para percorrer 10 fun\u00e7\u00f5es de estimula\u00e7\u00e3o rotativas. Aumentar\/Diminuir velocidade: Pressione os bot\u00f5es +\/- para percorrer 5 n\u00edveis de intensidade de velocidade. Ative o som: pressione o bot\u00e3o do alto-falante para iniciar gemidos sensuais assim que os fones de ouvido estiverem conectados \u00e0 base do Ultimate. Ordenhador. Fones de ouvido est\u00e3o inclu\u00eddos.<\/p>\n<\/p>\n<p> <u><strong>ESPECIFICA\u00c7\u00d5ES:<\/strong><\/u><\/p>\n<ul>\n<li> <strong>Comprimento total:<\/strong> 26,9 x 8,4 cm \/\/ 10,5 x 3,25 polegadas<\/li>\n<li> <strong>Di\u00e2metro<\/strong> : 7,1 cm \/\/ 2,75 polegadas<\/li>\n<li> <strong>Comprimento inser\u00edvel:<\/strong> 19 cm<\/li>\n<li> <strong>Modos de vibra\u00e7\u00e3o<\/strong> : 10<\/li>\n<li> <strong>Modos de velocidade:<\/strong> 5<\/li>\n<li> <strong>Resist\u00eancia \u00e0 \u00e1gua<\/strong> : \u00e0 prova d\u00e1gua<\/li>\n<li> <strong>Material:<\/strong> Pl\u00e1stico ABS  TPR  Silicone<\/li>\n<li> <strong>Baterias<\/strong> : \u00edon de l\u00edtio<\/li>\n<\/ul>\n<p> Nos \u00faltimos 20 anos, <strong>a Pipedream Products<\/strong> criou e desenvolveu alguns dos produtos inovadores mais vendidos no mundo. Esses produtos incluem brinquedos e vibra\u00e7\u00f5es realistas, mas tamb\u00e9m uma ampla variedade de piadas, lo\u00e7\u00f5es, itens fetichistas e presentes. Pipedream \u00e9 uma marca americana fundada em 1973, que dispensa muitas apresenta\u00e7\u00f5es, com mais de 40 anos no setor de brinquedos er\u00f3ticos, atualmente \u00e9 a maior fabricante de produtos er\u00f3ticos do mundo, ocupando n\u00e3o s\u00f3 o primeiro lugar na fabrica\u00e7\u00e3o, mas tamb\u00e9m em vendas, com sede na Calif\u00f3rnia. Pioneiros na comercializa\u00e7\u00e3o de produtos BDSM, ali\u00e1s s\u00e3o a marca n\u00famero 1 em vendas de produtos para introdu\u00e7\u00e3o ao Bondage. Pipedream engloba mais de 35 marcas er\u00f3ticas e acumulou mais de 70 pr\u00eamios por sua qualidade e inova\u00e7\u00e3o.<\/p>\n","protected":false},"excerpt":{"rendered":"<p>PDX ELITE &#8211; STROKER ULTIMATE MILKER COM VOZ<\/p>\n","protected":false},"featured_media":63909,"template":"","meta":{"_acf_changed":false},"product_brand":[],"product_cat":[17,58,60],"product_tag":[],"class_list":{"0":"post-45070","1":"product","2":"type-product","3":"status-publish","4":"has-post-thumbnail","6":"product_cat-brinquedos-de-bem-estar-sexual","7":"product_cat-masturbadores-para-penis","8":"product_cat-para-eles","9":"yith_product_brand-pipedreamspdx-elite","10":"yith_product_brand-pipedreams","12":"first","13":"instock","14":"taxable","15":"shipping-taxable","16":"purchasable","17":"product-type-simple"},"acf":[],"yoast_head":"<!-- This site is optimized with the Yoast SEO plugin v27.4 - https:\/\/yoast.com\/product\/yoast-seo-wordpress\/ -->\n<title>PDX ELITE - STROKER ULTIMATE MILKER COM VOZ - Lovme<\/title>\n<meta name=\"robots\" content=\"index, follow, max-snippet:-1, max-image-preview:large, max-video-preview:-1\" \/>\n<link rel=\"canonical\" href=\"https:\/\/lovme.pt\/index.php\/produto\/pdx-elite-stroker-ultimate-milker-com-voz\/\" \/>\n<meta property=\"og:locale\" content=\"pt_PT\" \/>\n<meta property=\"og:type\" content=\"article\" \/>\n<meta property=\"og:title\" content=\"PDX ELITE - STROKER ULTIMATE MILKER COM VOZ - Lovme\" \/>\n<meta property=\"og:description\" content=\"PDX ELITE - STROKER ULTIMATE MILKER COM VOZ\" \/>\n<meta property=\"og:url\" content=\"https:\/\/lovme.pt\/index.php\/produto\/pdx-elite-stroker-ultimate-milker-com-voz\/\" \/>\n<meta property=\"og:site_name\" content=\"Lovme\" \/>\n<meta property=\"article:modified_time\" content=\"2026-02-19T20:06:54+00:00\" \/>\n<meta property=\"og:image\" content=\"https:\/\/erki24nd3ub.exactdn.com\/wp-content\/uploads\/dream\/img\/img_155645_0f0009278b84a2ff5248745d1d4d0f69_1.jpg?strip=all\" \/>\n\t<meta property=\"og:image:width\" content=\"800\" \/>\n\t<meta property=\"og:image:height\" content=\"800\" \/>\n\t<meta property=\"og:image:type\" content=\"image\/jpeg\" \/>\n<meta name=\"twitter:card\" content=\"summary_large_image\" \/>\n<meta name=\"twitter:label1\" content=\"Tempo estimado de leitura\" \/>\n\t<meta name=\"twitter:data1\" content=\"4 minutos\" \/>\n<script type=\"application\/ld+json\" class=\"yoast-schema-graph\">{\"@context\":\"https:\\\/\\\/schema.org\",\"@graph\":[{\"@type\":\"WebPage\",\"@id\":\"https:\\\/\\\/lovme.pt\\\/index.php\\\/produto\\\/pdx-elite-stroker-ultimate-milker-com-voz\\\/\",\"url\":\"https:\\\/\\\/lovme.pt\\\/index.php\\\/produto\\\/pdx-elite-stroker-ultimate-milker-com-voz\\\/\",\"name\":\"PDX ELITE - STROKER ULTIMATE MILKER COM VOZ - Lovme\",\"isPartOf\":{\"@id\":\"https:\\\/\\\/lovme.pt\\\/#website\"},\"primaryImageOfPage\":{\"@id\":\"https:\\\/\\\/lovme.pt\\\/index.php\\\/produto\\\/pdx-elite-stroker-ultimate-milker-com-voz\\\/#primaryimage\"},\"image\":{\"@id\":\"https:\\\/\\\/lovme.pt\\\/index.php\\\/produto\\\/pdx-elite-stroker-ultimate-milker-com-voz\\\/#primaryimage\"},\"thumbnailUrl\":\"https:\\\/\\\/erki24nd3ub.exactdn.com\\\/wp-content\\\/uploads\\\/dream\\\/img\\\/img_155645_0f0009278b84a2ff5248745d1d4d0f69_1.jpg?strip=all\",\"datePublished\":\"2025-09-30T10:11:57+00:00\",\"dateModified\":\"2026-02-19T20:06:54+00:00\",\"breadcrumb\":{\"@id\":\"https:\\\/\\\/lovme.pt\\\/index.php\\\/produto\\\/pdx-elite-stroker-ultimate-milker-com-voz\\\/#breadcrumb\"},\"inLanguage\":\"pt-PT\",\"potentialAction\":[{\"@type\":\"ReadAction\",\"target\":[\"https:\\\/\\\/lovme.pt\\\/index.php\\\/produto\\\/pdx-elite-stroker-ultimate-milker-com-voz\\\/\"]}]},{\"@type\":\"ImageObject\",\"inLanguage\":\"pt-PT\",\"@id\":\"https:\\\/\\\/lovme.pt\\\/index.php\\\/produto\\\/pdx-elite-stroker-ultimate-milker-com-voz\\\/#primaryimage\",\"url\":\"https:\\\/\\\/erki24nd3ub.exactdn.com\\\/wp-content\\\/uploads\\\/dream\\\/img\\\/img_155645_0f0009278b84a2ff5248745d1d4d0f69_1.jpg?strip=all\",\"contentUrl\":\"https:\\\/\\\/erki24nd3ub.exactdn.com\\\/wp-content\\\/uploads\\\/dream\\\/img\\\/img_155645_0f0009278b84a2ff5248745d1d4d0f69_1.jpg?strip=all\",\"width\":800,\"height\":800},{\"@type\":\"BreadcrumbList\",\"@id\":\"https:\\\/\\\/lovme.pt\\\/index.php\\\/produto\\\/pdx-elite-stroker-ultimate-milker-com-voz\\\/#breadcrumb\",\"itemListElement\":[{\"@type\":\"ListItem\",\"position\":1,\"name\":\"In\u00edcio\",\"item\":\"https:\\\/\\\/lovme.pt\\\/\"},{\"@type\":\"ListItem\",\"position\":2,\"name\":\"Loja\",\"item\":\"https:\\\/\\\/lovme.pt\\\/index.php\\\/loja\\\/\"},{\"@type\":\"ListItem\",\"position\":3,\"name\":\"PDX ELITE &#8211; STROKER ULTIMATE MILKER COM VOZ\"}]},{\"@type\":\"WebSite\",\"@id\":\"https:\\\/\\\/lovme.pt\\\/#website\",\"url\":\"https:\\\/\\\/lovme.pt\\\/\",\"name\":\"Lovme Loja Er\u00f3tica N\u00ba1 em Portugal\",\"description\":\"A melhor loja er\u00f3tica de Portugal.\",\"alternateName\":\"Loja Er\u00f3tica Lovme\",\"potentialAction\":[{\"@type\":\"SearchAction\",\"target\":{\"@type\":\"EntryPoint\",\"urlTemplate\":\"https:\\\/\\\/lovme.pt\\\/?s={search_term_string}\"},\"query-input\":{\"@type\":\"PropertyValueSpecification\",\"valueRequired\":true,\"valueName\":\"search_term_string\"}}],\"inLanguage\":\"pt-PT\"}]}<\/script>\n<!-- \/ Yoast SEO plugin. -->","yoast_head_json":{"title":"PDX ELITE - STROKER ULTIMATE MILKER COM VOZ - Lovme","robots":{"index":"index","follow":"follow","max-snippet":"max-snippet:-1","max-image-preview":"max-image-preview:large","max-video-preview":"max-video-preview:-1"},"canonical":"https:\/\/lovme.pt\/index.php\/produto\/pdx-elite-stroker-ultimate-milker-com-voz\/","og_locale":"pt_PT","og_type":"article","og_title":"PDX ELITE - STROKER ULTIMATE MILKER COM VOZ - Lovme","og_description":"PDX ELITE - STROKER ULTIMATE MILKER COM VOZ","og_url":"https:\/\/lovme.pt\/index.php\/produto\/pdx-elite-stroker-ultimate-milker-com-voz\/","og_site_name":"Lovme","article_modified_time":"2026-02-19T20:06:54+00:00","og_image":[{"width":800,"height":800,"url":"https:\/\/erki24nd3ub.exactdn.com\/wp-content\/uploads\/dream\/img\/img_155645_0f0009278b84a2ff5248745d1d4d0f69_1.jpg?strip=all","type":"image\/jpeg"}],"twitter_card":"summary_large_image","twitter_misc":{"Tempo estimado de leitura":"4 minutos"},"schema":{"@context":"https:\/\/schema.org","@graph":[{"@type":"WebPage","@id":"https:\/\/lovme.pt\/index.php\/produto\/pdx-elite-stroker-ultimate-milker-com-voz\/","url":"https:\/\/lovme.pt\/index.php\/produto\/pdx-elite-stroker-ultimate-milker-com-voz\/","name":"PDX ELITE - STROKER ULTIMATE MILKER COM VOZ - Lovme","isPartOf":{"@id":"https:\/\/lovme.pt\/#website"},"primaryImageOfPage":{"@id":"https:\/\/lovme.pt\/index.php\/produto\/pdx-elite-stroker-ultimate-milker-com-voz\/#primaryimage"},"image":{"@id":"https:\/\/lovme.pt\/index.php\/produto\/pdx-elite-stroker-ultimate-milker-com-voz\/#primaryimage"},"thumbnailUrl":"https:\/\/erki24nd3ub.exactdn.com\/wp-content\/uploads\/dream\/img\/img_155645_0f0009278b84a2ff5248745d1d4d0f69_1.jpg?strip=all","datePublished":"2025-09-30T10:11:57+00:00","dateModified":"2026-02-19T20:06:54+00:00","breadcrumb":{"@id":"https:\/\/lovme.pt\/index.php\/produto\/pdx-elite-stroker-ultimate-milker-com-voz\/#breadcrumb"},"inLanguage":"pt-PT","potentialAction":[{"@type":"ReadAction","target":["https:\/\/lovme.pt\/index.php\/produto\/pdx-elite-stroker-ultimate-milker-com-voz\/"]}]},{"@type":"ImageObject","inLanguage":"pt-PT","@id":"https:\/\/lovme.pt\/index.php\/produto\/pdx-elite-stroker-ultimate-milker-com-voz\/#primaryimage","url":"https:\/\/erki24nd3ub.exactdn.com\/wp-content\/uploads\/dream\/img\/img_155645_0f0009278b84a2ff5248745d1d4d0f69_1.jpg?strip=all","contentUrl":"https:\/\/erki24nd3ub.exactdn.com\/wp-content\/uploads\/dream\/img\/img_155645_0f0009278b84a2ff5248745d1d4d0f69_1.jpg?strip=all","width":800,"height":800},{"@type":"BreadcrumbList","@id":"https:\/\/lovme.pt\/index.php\/produto\/pdx-elite-stroker-ultimate-milker-com-voz\/#breadcrumb","itemListElement":[{"@type":"ListItem","position":1,"name":"In\u00edcio","item":"https:\/\/lovme.pt\/"},{"@type":"ListItem","position":2,"name":"Loja","item":"https:\/\/lovme.pt\/index.php\/loja\/"},{"@type":"ListItem","position":3,"name":"PDX ELITE &#8211; STROKER ULTIMATE MILKER COM VOZ"}]},{"@type":"WebSite","@id":"https:\/\/lovme.pt\/#website","url":"https:\/\/lovme.pt\/","name":"Lovme Loja Er\u00f3tica N\u00ba1 em Portugal","description":"A melhor loja er\u00f3tica de Portugal.","alternateName":"Loja Er\u00f3tica Lovme","potentialAction":[{"@type":"SearchAction","target":{"@type":"EntryPoint","urlTemplate":"https:\/\/lovme.pt\/?s={search_term_string}"},"query-input":{"@type":"PropertyValueSpecification","valueRequired":true,"valueName":"search_term_string"}}],"inLanguage":"pt-PT"}]}},"_links":{"self":[{"href":"https:\/\/lovme.pt\/index.php\/wp-json\/wp\/v2\/product\/45070","targetHints":{"allow":["GET"]}}],"collection":[{"href":"https:\/\/lovme.pt\/index.php\/wp-json\/wp\/v2\/product"}],"about":[{"href":"https:\/\/lovme.pt\/index.php\/wp-json\/wp\/v2\/types\/product"}],"wp:featuredmedia":[{"embeddable":true,"href":"https:\/\/lovme.pt\/index.php\/wp-json\/wp\/v2\/media\/63909"}],"wp:attachment":[{"href":"https:\/\/lovme.pt\/index.php\/wp-json\/wp\/v2\/media?parent=45070"}],"wp:term":[{"taxonomy":"product_brand","embeddable":true,"href":"https:\/\/lovme.pt\/index.php\/wp-json\/wp\/v2\/product_brand?post=45070"},{"taxonomy":"product_cat","embeddable":true,"href":"https:\/\/lovme.pt\/index.php\/wp-json\/wp\/v2\/product_cat?post=45070"},{"taxonomy":"product_tag","embeddable":true,"href":"https:\/\/lovme.pt\/index.php\/wp-json\/wp\/v2\/product_tag?post=45070"}],"curies":[{"name":"wp","href":"https:\/\/api.w.org\/{rel}","templated":true}]}}