{"id":45069,"date":"2025-10-01T02:29:05","date_gmt":"2025-10-01T02:29:05","guid":{"rendered":"https:\/\/lovme.pt\/?post_type=product&p=45069"},"modified":"2026-02-19T20:19:10","modified_gmt":"2026-02-19T20:19:10","slug":"pdx-elite-vibrador-stroker-extender-pro","status":"publish","type":"product","link":"https:\/\/lovme.pt\/index.php\/produto\/pdx-elite-vibrador-stroker-extender-pro\/","title":{"rendered":"PDX ELITE &#8211; VIBRADOR STROKER EXTENDER PRO"},"content":{"rendered":"<p>Este design revolucion\u00e1rio e patenteado permite que voc\u00ea personalize seu prazer com um tubo extens\u00edvel que se encaixa no comprimento exato que voc\u00ea deseja. A bomba vibrat\u00f3ria Extender Pro possui tecnologia avan\u00e7ada. IST progressivo com suc\u00e7\u00e3o intermitente incrivelmente realista para proporcionar sensa\u00e7\u00f5es de ordenha realistas. para o melhor boquete da sua vida!<\/p>\n<p> Para uma experi\u00eancia de masturba\u00e7\u00e3o ainda mais alucinante, desfrute de vibra\u00e7\u00e3o totalmente automatizada junto com suc\u00e7\u00e3o poderosa. Basta pressionar os bot\u00f5es do motor recarreg\u00e1vel para 3 modos de suc\u00e7\u00e3o. n e 5 padr\u00f5es de vibra\u00e7\u00f5es provocativas que percorrem todo o p\u00eanis. O tubo transparente foi projetado para uma pegada firme e permite que voc\u00ea veja a a\u00e7\u00e3o.<\/p>\n<p> O donut el\u00e1stico do prazer TPR ajuda a criar uma veda\u00e7\u00e3o herm\u00e9tica, enquanto as protuber\u00e2ncias internas macias do prazer acariciam suavemente seu eixo.<\/p>\n<\/p>\n<p> <strong><u>INFORMA\u00c7\u00c3O EXTRA:<\/u><\/strong><\/p>\n<ul>\n<li> Tecnologia IST progressiva = suc\u00e7\u00e3o intermitente realista: Desfrute do m\u00e1ximo prazer com suc\u00e7\u00e3o intermitente realista que ordenha automaticamente seu eixo e parece uma verdadeira experi\u00eancia oral.<\/li>\n<li> Envolva seu p\u00eanis com 3 modos de suc\u00e7\u00e3o a v\u00e1cuo estimulante que o levam confortavelmente ao \u00eaxtase.<\/li>\n<li> Os resultados s\u00e3o claros: o tubo de suc\u00e7\u00e3o transparente e dur\u00e1vel permite que voc\u00ea veja a a\u00e7\u00e3o.<\/li>\n<li> Topper de prazer macio remov\u00edvel: O topper de prazer el\u00e1stico apresenta uma vagina flex\u00edvel que forma uma veda\u00e7\u00e3o herm\u00e9tica para criar suc\u00e7\u00e3o intermitente.<\/li>\n<li> O topper \u00e9 remov\u00edvel para facilitar a limpeza e a bomba pode ser usada com ou sem ele.<\/li>\n<li> Ajuda na disfun\u00e7\u00e3o er\u00e9til: A masturba\u00e7\u00e3o regular fortalece os m\u00fasculos do assoalho p\u00e9lvico, o que ajuda a prevenir a disfun\u00e7\u00e3o er\u00e9til (DE) nos homens. Afia\u00e7\u00e3o, a pr\u00e1tica de retardar intencionalmente os orgasmos, pode aumentar a resist\u00eancia sexual e ajudar na disfun\u00e7\u00e3o er\u00e9til, estimulando o fluxo sangu\u00edneo saud\u00e1vel para o p\u00eanis.<\/li>\n<\/ul>\n<p> <u><strong>ESPECIFICA\u00c7\u00d5ES:<\/strong><\/u><\/p>\n<ul>\n<li> <strong>Comprimento total:<\/strong> 3 cm \/\/ 10,25 polegadas<\/li>\n<li> <strong>Di\u00e2metro<\/strong> : 6,6 cm \/\/ 2,5 polegadas<\/li>\n<li> <strong>Comprimento inser\u00edvel:<\/strong> 14,9 cm<\/li>\n<li> <strong>Modos de vibra\u00e7\u00e3o<\/strong> : 5<\/li>\n<li> <strong>Modos de velocidade:<\/strong> 3<\/li>\n<li> <strong>Resist\u00eancia \u00e0 \u00e1gua<\/strong> : \u00e0 prova d\u00e1gua<\/li>\n<li> <strong>Material:<\/strong> Pl\u00e1stico ABS  TPR  Silicone<\/li>\n<li> <strong>Baterias<\/strong> : \u00edon de l\u00edtio<\/li>\n<\/ul>\n<p> Nos \u00faltimos 20 anos, <strong>a Pipedream Products<\/strong> criou e desenvolveu alguns dos produtos inovadores mais vendidos no mundo. Esses produtos incluem brinquedos e vibra\u00e7\u00f5es realistas, mas tamb\u00e9m uma ampla variedade de piadas, lo\u00e7\u00f5es, itens fetichistas e presentes. Pipedream \u00e9 uma marca americana fundada em 1973, que dispensa muitas apresenta\u00e7\u00f5es, com mais de 40 anos no setor de brinquedos er\u00f3ticos, atualmente \u00e9 a maior fabricante de produtos er\u00f3ticos do mundo, ocupando n\u00e3o s\u00f3 o primeiro lugar na fabrica\u00e7\u00e3o, mas tamb\u00e9m em vendas, com sede na Calif\u00f3rnia. Pioneiros na comercializa\u00e7\u00e3o de produtos BDSM, ali\u00e1s s\u00e3o a marca n\u00famero 1 em vendas de produtos para introdu\u00e7\u00e3o ao Bondage. Pipedream engloba mais de 35 marcas er\u00f3ticas e acumulou mais de 70 pr\u00eamios por sua qualidade e inova\u00e7\u00e3o.<\/p>\n","protected":false},"excerpt":{"rendered":"<p>PDX ELITE &#8211; VIBRADOR STROKER EXTENDER PRO<\/p>\n","protected":false},"featured_media":97167,"template":"","meta":{"_acf_changed":false},"product_brand":[],"product_cat":[17,58,60],"product_tag":[],"class_list":{"0":"post-45069","1":"product","2":"type-product","3":"status-publish","4":"has-post-thumbnail","6":"product_cat-brinquedos-de-bem-estar-sexual","7":"product_cat-masturbadores-para-penis","8":"product_cat-para-eles","9":"yith_product_brand-pipedreamspdx-elite","10":"yith_product_brand-pipedreams","12":"first","13":"instock","14":"taxable","15":"shipping-taxable","16":"purchasable","17":"product-type-simple"},"acf":[],"yoast_head":"<!-- This site is optimized with the Yoast SEO plugin v27.4 - https:\/\/yoast.com\/product\/yoast-seo-wordpress\/ -->\n<title>PDX ELITE - VIBRADOR STROKER EXTENDER PRO - Lovme<\/title>\n<meta name=\"robots\" content=\"index, follow, max-snippet:-1, max-image-preview:large, max-video-preview:-1\" \/>\n<link rel=\"canonical\" href=\"https:\/\/lovme.pt\/index.php\/produto\/pdx-elite-vibrador-stroker-extender-pro\/\" \/>\n<meta property=\"og:locale\" content=\"pt_PT\" \/>\n<meta property=\"og:type\" content=\"article\" \/>\n<meta property=\"og:title\" content=\"PDX ELITE - VIBRADOR STROKER EXTENDER PRO - Lovme\" \/>\n<meta property=\"og:description\" content=\"PDX ELITE - VIBRADOR STROKER EXTENDER PRO\" \/>\n<meta property=\"og:url\" content=\"https:\/\/lovme.pt\/index.php\/produto\/pdx-elite-vibrador-stroker-extender-pro\/\" \/>\n<meta property=\"og:site_name\" content=\"Lovme\" \/>\n<meta property=\"article:modified_time\" content=\"2026-02-19T20:19:10+00:00\" \/>\n<meta property=\"og:image\" content=\"https:\/\/erki24nd3ub.exactdn.com\/wp-content\/uploads\/dream\/img\/img_155639_79f745c0e2b264f18feef1330fa64353_1.jpg?strip=all\" \/>\n\t<meta property=\"og:image:width\" content=\"800\" \/>\n\t<meta property=\"og:image:height\" content=\"800\" \/>\n\t<meta property=\"og:image:type\" content=\"image\/jpeg\" \/>\n<meta name=\"twitter:card\" content=\"summary_large_image\" \/>\n<meta name=\"twitter:label1\" content=\"Tempo estimado de leitura\" \/>\n\t<meta name=\"twitter:data1\" content=\"3 minutos\" \/>\n<script type=\"application\/ld+json\" class=\"yoast-schema-graph\">{\"@context\":\"https:\\\/\\\/schema.org\",\"@graph\":[{\"@type\":\"WebPage\",\"@id\":\"https:\\\/\\\/lovme.pt\\\/index.php\\\/produto\\\/pdx-elite-vibrador-stroker-extender-pro\\\/\",\"url\":\"https:\\\/\\\/lovme.pt\\\/index.php\\\/produto\\\/pdx-elite-vibrador-stroker-extender-pro\\\/\",\"name\":\"PDX ELITE - VIBRADOR STROKER EXTENDER PRO - Lovme\",\"isPartOf\":{\"@id\":\"https:\\\/\\\/lovme.pt\\\/#website\"},\"primaryImageOfPage\":{\"@id\":\"https:\\\/\\\/lovme.pt\\\/index.php\\\/produto\\\/pdx-elite-vibrador-stroker-extender-pro\\\/#primaryimage\"},\"image\":{\"@id\":\"https:\\\/\\\/lovme.pt\\\/index.php\\\/produto\\\/pdx-elite-vibrador-stroker-extender-pro\\\/#primaryimage\"},\"thumbnailUrl\":\"https:\\\/\\\/erki24nd3ub.exactdn.com\\\/wp-content\\\/uploads\\\/dream\\\/img\\\/img_155639_79f745c0e2b264f18feef1330fa64353_1.jpg?strip=all\",\"datePublished\":\"2025-10-01T02:29:05+00:00\",\"dateModified\":\"2026-02-19T20:19:10+00:00\",\"breadcrumb\":{\"@id\":\"https:\\\/\\\/lovme.pt\\\/index.php\\\/produto\\\/pdx-elite-vibrador-stroker-extender-pro\\\/#breadcrumb\"},\"inLanguage\":\"pt-PT\",\"potentialAction\":[{\"@type\":\"ReadAction\",\"target\":[\"https:\\\/\\\/lovme.pt\\\/index.php\\\/produto\\\/pdx-elite-vibrador-stroker-extender-pro\\\/\"]}]},{\"@type\":\"ImageObject\",\"inLanguage\":\"pt-PT\",\"@id\":\"https:\\\/\\\/lovme.pt\\\/index.php\\\/produto\\\/pdx-elite-vibrador-stroker-extender-pro\\\/#primaryimage\",\"url\":\"https:\\\/\\\/erki24nd3ub.exactdn.com\\\/wp-content\\\/uploads\\\/dream\\\/img\\\/img_155639_79f745c0e2b264f18feef1330fa64353_1.jpg?strip=all\",\"contentUrl\":\"https:\\\/\\\/erki24nd3ub.exactdn.com\\\/wp-content\\\/uploads\\\/dream\\\/img\\\/img_155639_79f745c0e2b264f18feef1330fa64353_1.jpg?strip=all\",\"width\":800,\"height\":800},{\"@type\":\"BreadcrumbList\",\"@id\":\"https:\\\/\\\/lovme.pt\\\/index.php\\\/produto\\\/pdx-elite-vibrador-stroker-extender-pro\\\/#breadcrumb\",\"itemListElement\":[{\"@type\":\"ListItem\",\"position\":1,\"name\":\"In\u00edcio\",\"item\":\"https:\\\/\\\/lovme.pt\\\/\"},{\"@type\":\"ListItem\",\"position\":2,\"name\":\"Loja\",\"item\":\"https:\\\/\\\/lovme.pt\\\/index.php\\\/loja\\\/\"},{\"@type\":\"ListItem\",\"position\":3,\"name\":\"PDX ELITE &#8211; VIBRADOR STROKER EXTENDER PRO\"}]},{\"@type\":\"WebSite\",\"@id\":\"https:\\\/\\\/lovme.pt\\\/#website\",\"url\":\"https:\\\/\\\/lovme.pt\\\/\",\"name\":\"Lovme Loja Er\u00f3tica N\u00ba1 em Portugal\",\"description\":\"A melhor loja er\u00f3tica de Portugal.\",\"alternateName\":\"Loja Er\u00f3tica Lovme\",\"potentialAction\":[{\"@type\":\"SearchAction\",\"target\":{\"@type\":\"EntryPoint\",\"urlTemplate\":\"https:\\\/\\\/lovme.pt\\\/?s={search_term_string}\"},\"query-input\":{\"@type\":\"PropertyValueSpecification\",\"valueRequired\":true,\"valueName\":\"search_term_string\"}}],\"inLanguage\":\"pt-PT\"}]}<\/script>\n<!-- \/ Yoast SEO plugin. -->","yoast_head_json":{"title":"PDX ELITE - VIBRADOR STROKER EXTENDER PRO - Lovme","robots":{"index":"index","follow":"follow","max-snippet":"max-snippet:-1","max-image-preview":"max-image-preview:large","max-video-preview":"max-video-preview:-1"},"canonical":"https:\/\/lovme.pt\/index.php\/produto\/pdx-elite-vibrador-stroker-extender-pro\/","og_locale":"pt_PT","og_type":"article","og_title":"PDX ELITE - VIBRADOR STROKER EXTENDER PRO - Lovme","og_description":"PDX ELITE - VIBRADOR STROKER EXTENDER PRO","og_url":"https:\/\/lovme.pt\/index.php\/produto\/pdx-elite-vibrador-stroker-extender-pro\/","og_site_name":"Lovme","article_modified_time":"2026-02-19T20:19:10+00:00","og_image":[{"width":800,"height":800,"url":"https:\/\/erki24nd3ub.exactdn.com\/wp-content\/uploads\/dream\/img\/img_155639_79f745c0e2b264f18feef1330fa64353_1.jpg?strip=all","type":"image\/jpeg"}],"twitter_card":"summary_large_image","twitter_misc":{"Tempo estimado de leitura":"3 minutos"},"schema":{"@context":"https:\/\/schema.org","@graph":[{"@type":"WebPage","@id":"https:\/\/lovme.pt\/index.php\/produto\/pdx-elite-vibrador-stroker-extender-pro\/","url":"https:\/\/lovme.pt\/index.php\/produto\/pdx-elite-vibrador-stroker-extender-pro\/","name":"PDX ELITE - VIBRADOR STROKER EXTENDER PRO - Lovme","isPartOf":{"@id":"https:\/\/lovme.pt\/#website"},"primaryImageOfPage":{"@id":"https:\/\/lovme.pt\/index.php\/produto\/pdx-elite-vibrador-stroker-extender-pro\/#primaryimage"},"image":{"@id":"https:\/\/lovme.pt\/index.php\/produto\/pdx-elite-vibrador-stroker-extender-pro\/#primaryimage"},"thumbnailUrl":"https:\/\/erki24nd3ub.exactdn.com\/wp-content\/uploads\/dream\/img\/img_155639_79f745c0e2b264f18feef1330fa64353_1.jpg?strip=all","datePublished":"2025-10-01T02:29:05+00:00","dateModified":"2026-02-19T20:19:10+00:00","breadcrumb":{"@id":"https:\/\/lovme.pt\/index.php\/produto\/pdx-elite-vibrador-stroker-extender-pro\/#breadcrumb"},"inLanguage":"pt-PT","potentialAction":[{"@type":"ReadAction","target":["https:\/\/lovme.pt\/index.php\/produto\/pdx-elite-vibrador-stroker-extender-pro\/"]}]},{"@type":"ImageObject","inLanguage":"pt-PT","@id":"https:\/\/lovme.pt\/index.php\/produto\/pdx-elite-vibrador-stroker-extender-pro\/#primaryimage","url":"https:\/\/erki24nd3ub.exactdn.com\/wp-content\/uploads\/dream\/img\/img_155639_79f745c0e2b264f18feef1330fa64353_1.jpg?strip=all","contentUrl":"https:\/\/erki24nd3ub.exactdn.com\/wp-content\/uploads\/dream\/img\/img_155639_79f745c0e2b264f18feef1330fa64353_1.jpg?strip=all","width":800,"height":800},{"@type":"BreadcrumbList","@id":"https:\/\/lovme.pt\/index.php\/produto\/pdx-elite-vibrador-stroker-extender-pro\/#breadcrumb","itemListElement":[{"@type":"ListItem","position":1,"name":"In\u00edcio","item":"https:\/\/lovme.pt\/"},{"@type":"ListItem","position":2,"name":"Loja","item":"https:\/\/lovme.pt\/index.php\/loja\/"},{"@type":"ListItem","position":3,"name":"PDX ELITE &#8211; VIBRADOR STROKER EXTENDER PRO"}]},{"@type":"WebSite","@id":"https:\/\/lovme.pt\/#website","url":"https:\/\/lovme.pt\/","name":"Lovme Loja Er\u00f3tica N\u00ba1 em Portugal","description":"A melhor loja er\u00f3tica de Portugal.","alternateName":"Loja Er\u00f3tica Lovme","potentialAction":[{"@type":"SearchAction","target":{"@type":"EntryPoint","urlTemplate":"https:\/\/lovme.pt\/?s={search_term_string}"},"query-input":{"@type":"PropertyValueSpecification","valueRequired":true,"valueName":"search_term_string"}}],"inLanguage":"pt-PT"}]}},"_links":{"self":[{"href":"https:\/\/lovme.pt\/index.php\/wp-json\/wp\/v2\/product\/45069","targetHints":{"allow":["GET"]}}],"collection":[{"href":"https:\/\/lovme.pt\/index.php\/wp-json\/wp\/v2\/product"}],"about":[{"href":"https:\/\/lovme.pt\/index.php\/wp-json\/wp\/v2\/types\/product"}],"wp:featuredmedia":[{"embeddable":true,"href":"https:\/\/lovme.pt\/index.php\/wp-json\/wp\/v2\/media\/97167"}],"wp:attachment":[{"href":"https:\/\/lovme.pt\/index.php\/wp-json\/wp\/v2\/media?parent=45069"}],"wp:term":[{"taxonomy":"product_brand","embeddable":true,"href":"https:\/\/lovme.pt\/index.php\/wp-json\/wp\/v2\/product_brand?post=45069"},{"taxonomy":"product_cat","embeddable":true,"href":"https:\/\/lovme.pt\/index.php\/wp-json\/wp\/v2\/product_cat?post=45069"},{"taxonomy":"product_tag","embeddable":true,"href":"https:\/\/lovme.pt\/index.php\/wp-json\/wp\/v2\/product_tag?post=45069"}],"curies":[{"name":"wp","href":"https:\/\/api.w.org\/{rel}","templated":true}]}}