{"id":45058,"date":"2025-09-30T22:10:52","date_gmt":"2025-09-30T22:10:52","guid":{"rendered":"https:\/\/lovme.pt\/?post_type=product&p=45058"},"modified":"2026-02-19T20:09:28","modified_gmt":"2026-02-19T20:09:28","slug":"anal-fantasy-elite-collection-dilator-anal-gaper-para-iniciantes-cristal-tamanho-s","status":"publish","type":"product","link":"https:\/\/lovme.pt\/index.php\/produto\/anal-fantasy-elite-collection-dilator-anal-gaper-para-iniciantes-cristal-tamanho-s\/","title":{"rendered":"ANAL FANTASY ELITE COLLECTION -DILATOR ANAL GAPER PARA INICIANTES CRISTAL TAMANHO S"},"content":{"rendered":"<p>Quando voc\u00ea deseja levar seu jogo anal para o pr\u00f3ximo n\u00edvel, a cole\u00e7\u00e3o Anal Fantasy Elite \u00e9 a melhor escolha para excita\u00e7\u00e3o anal e jogo de pr\u00f3stata de alto n\u00edvel.<\/p>\n<p> Fabricada com materiais da mais alta qualidade, a cole\u00e7\u00e3o Elite \u00e9 ergonomicamente projetada para proporcionar o m\u00e1ximo conforto e satisfa\u00e7\u00e3o garantida. Perfeita para qualquer g\u00eanero, esta cole\u00e7\u00e3o unissex vem repleta de recursos alucinantes que proporcionam emo\u00e7\u00f5es incr\u00edveis e resultados explosivos.<\/p>\n<p> Ergonomicamente projetado para uma vis\u00e3o interna emocionante. Feito com materiais da mais alta qualidade. Perfeito para jogos de sensa\u00e7\u00e3o.<\/p>\n<\/p>\n<p> <u><strong>ESPECIFICA\u00c7\u00d5ES:<\/strong><\/u><\/p>\n<ul>\n<li> <strong>Comprimento total:<\/strong> 9,7 cm<\/li>\n<li> <strong>Di\u00e2metro:<\/strong> 3,5 cm<\/li>\n<li> <strong>Comprimento inser\u00edvel:<\/strong> 7,6 cm<\/li>\n<li> <strong>Resist\u00eancia \u00e0 \u00e1gua:<\/strong> \u00e0 prova d\u00e1gua<\/li>\n<li> <strong>Material:<\/strong> Cristal<\/li>\n<li> <strong>Baterias inclu\u00eddas:<\/strong> N\u00e3o<\/li>\n<\/ul>\n<p> Nos \u00faltimos 20 anos, <strong>a Pipedream Products<\/strong> criou e desenvolveu alguns dos produtos inovadores mais vendidos do mundo. Esses produtos incluem brinquedos e vibra\u00e7\u00f5es realistas, mas tamb\u00e9m uma ampla variedade de piadas, lo\u00e7\u00f5es, itens fetichistas e presentes. Pipedream \u00e9 uma marca americana fundada em 1973, que dispensa muitas apresenta\u00e7\u00f5es, com mais de 40 anos no setor de brinquedos er\u00f3ticos, \u00e9 atualmente a maior fabricante de produtos er\u00f3ticos do mundo, ocupando n\u00e3o s\u00f3 o primeiro lugar na fabrica\u00e7\u00e3o, mas tamb\u00e9m na vendas, com sede na Calif\u00f3rnia. Pioneiros na comercializa\u00e7\u00e3o de produtos BDSM, na verdade s\u00e3o a marca n\u00famero 1 em vendas de produtos para inicia\u00e7\u00e3o de Bondage. Pipedream engloba mais de 35 marcas er\u00f3ticas e acumulou mais de 70 pr\u00eamios por sua qualidade e inova\u00e7\u00e3o.<\/p>\n","protected":false},"excerpt":{"rendered":"<p>ANAL FANTASY ELITE COLLECTION -DILATOR ANAL GAPER PARA INICIANTES CRISTAL TAMANHO S<\/p>\n","protected":false},"featured_media":74764,"template":"","meta":{"_acf_changed":false},"product_brand":[],"product_cat":[17,56,62,63],"product_tag":[],"class_list":{"0":"post-45058","1":"product","2":"type-product","3":"status-publish","4":"has-post-thumbnail","6":"product_cat-brinquedos-de-bem-estar-sexual","7":"product_cat-dildos-e-arneses","8":"product_cat-plugues-e-correntes-anais","9":"product_cat-sexo-anal","10":"yith_product_brand-pipedreamsanal-fantasy-elite-collection","11":"yith_product_brand-pipedreams","13":"first","14":"instock","15":"taxable","16":"shipping-taxable","17":"purchasable","18":"product-type-simple"},"acf":[],"yoast_head":"<!-- This site is optimized with the Yoast SEO plugin v27.4 - https:\/\/yoast.com\/product\/yoast-seo-wordpress\/ -->\n<title>ANAL FANTASY ELITE COLLECTION -DILATOR ANAL GAPER PARA INICIANTES CRISTAL TAMANHO S - Lovme<\/title>\n<meta name=\"robots\" content=\"index, follow, max-snippet:-1, max-image-preview:large, max-video-preview:-1\" \/>\n<link rel=\"canonical\" href=\"https:\/\/lovme.pt\/index.php\/produto\/anal-fantasy-elite-collection-dilator-anal-gaper-para-iniciantes-cristal-tamanho-s\/\" \/>\n<meta property=\"og:locale\" content=\"pt_PT\" \/>\n<meta property=\"og:type\" content=\"article\" \/>\n<meta property=\"og:title\" content=\"ANAL FANTASY ELITE COLLECTION -DILATOR ANAL GAPER PARA INICIANTES CRISTAL TAMANHO S - Lovme\" \/>\n<meta property=\"og:description\" content=\"ANAL FANTASY ELITE COLLECTION -DILATOR ANAL GAPER PARA INICIANTES CRISTAL TAMANHO S\" \/>\n<meta property=\"og:url\" content=\"https:\/\/lovme.pt\/index.php\/produto\/anal-fantasy-elite-collection-dilator-anal-gaper-para-iniciantes-cristal-tamanho-s\/\" \/>\n<meta property=\"og:site_name\" content=\"Lovme\" \/>\n<meta property=\"article:modified_time\" content=\"2026-02-19T20:09:28+00:00\" \/>\n<meta property=\"og:image\" content=\"https:\/\/erki24nd3ub.exactdn.com\/wp-content\/uploads\/dream\/img\/img_155591_bed80faef84bbc6ad8354f722fc196df_1.jpg?strip=all\" \/>\n\t<meta property=\"og:image:width\" content=\"800\" \/>\n\t<meta property=\"og:image:height\" content=\"800\" \/>\n\t<meta property=\"og:image:type\" content=\"image\/jpeg\" \/>\n<meta name=\"twitter:card\" content=\"summary_large_image\" \/>\n<meta name=\"twitter:label1\" content=\"Tempo estimado de leitura\" \/>\n\t<meta name=\"twitter:data1\" content=\"1 minuto\" \/>\n<script type=\"application\/ld+json\" class=\"yoast-schema-graph\">{\"@context\":\"https:\\\/\\\/schema.org\",\"@graph\":[{\"@type\":\"WebPage\",\"@id\":\"https:\\\/\\\/lovme.pt\\\/index.php\\\/produto\\\/anal-fantasy-elite-collection-dilator-anal-gaper-para-iniciantes-cristal-tamanho-s\\\/\",\"url\":\"https:\\\/\\\/lovme.pt\\\/index.php\\\/produto\\\/anal-fantasy-elite-collection-dilator-anal-gaper-para-iniciantes-cristal-tamanho-s\\\/\",\"name\":\"ANAL FANTASY ELITE COLLECTION -DILATOR ANAL GAPER PARA INICIANTES CRISTAL TAMANHO S - Lovme\",\"isPartOf\":{\"@id\":\"https:\\\/\\\/lovme.pt\\\/#website\"},\"primaryImageOfPage\":{\"@id\":\"https:\\\/\\\/lovme.pt\\\/index.php\\\/produto\\\/anal-fantasy-elite-collection-dilator-anal-gaper-para-iniciantes-cristal-tamanho-s\\\/#primaryimage\"},\"image\":{\"@id\":\"https:\\\/\\\/lovme.pt\\\/index.php\\\/produto\\\/anal-fantasy-elite-collection-dilator-anal-gaper-para-iniciantes-cristal-tamanho-s\\\/#primaryimage\"},\"thumbnailUrl\":\"https:\\\/\\\/erki24nd3ub.exactdn.com\\\/wp-content\\\/uploads\\\/dream\\\/img\\\/img_155591_bed80faef84bbc6ad8354f722fc196df_1.jpg?strip=all\",\"datePublished\":\"2025-09-30T22:10:52+00:00\",\"dateModified\":\"2026-02-19T20:09:28+00:00\",\"breadcrumb\":{\"@id\":\"https:\\\/\\\/lovme.pt\\\/index.php\\\/produto\\\/anal-fantasy-elite-collection-dilator-anal-gaper-para-iniciantes-cristal-tamanho-s\\\/#breadcrumb\"},\"inLanguage\":\"pt-PT\",\"potentialAction\":[{\"@type\":\"ReadAction\",\"target\":[\"https:\\\/\\\/lovme.pt\\\/index.php\\\/produto\\\/anal-fantasy-elite-collection-dilator-anal-gaper-para-iniciantes-cristal-tamanho-s\\\/\"]}]},{\"@type\":\"ImageObject\",\"inLanguage\":\"pt-PT\",\"@id\":\"https:\\\/\\\/lovme.pt\\\/index.php\\\/produto\\\/anal-fantasy-elite-collection-dilator-anal-gaper-para-iniciantes-cristal-tamanho-s\\\/#primaryimage\",\"url\":\"https:\\\/\\\/erki24nd3ub.exactdn.com\\\/wp-content\\\/uploads\\\/dream\\\/img\\\/img_155591_bed80faef84bbc6ad8354f722fc196df_1.jpg?strip=all\",\"contentUrl\":\"https:\\\/\\\/erki24nd3ub.exactdn.com\\\/wp-content\\\/uploads\\\/dream\\\/img\\\/img_155591_bed80faef84bbc6ad8354f722fc196df_1.jpg?strip=all\",\"width\":800,\"height\":800},{\"@type\":\"BreadcrumbList\",\"@id\":\"https:\\\/\\\/lovme.pt\\\/index.php\\\/produto\\\/anal-fantasy-elite-collection-dilator-anal-gaper-para-iniciantes-cristal-tamanho-s\\\/#breadcrumb\",\"itemListElement\":[{\"@type\":\"ListItem\",\"position\":1,\"name\":\"In\u00edcio\",\"item\":\"https:\\\/\\\/lovme.pt\\\/\"},{\"@type\":\"ListItem\",\"position\":2,\"name\":\"Loja\",\"item\":\"https:\\\/\\\/lovme.pt\\\/index.php\\\/loja\\\/\"},{\"@type\":\"ListItem\",\"position\":3,\"name\":\"ANAL FANTASY ELITE COLLECTION -DILATOR ANAL GAPER PARA INICIANTES CRISTAL TAMANHO S\"}]},{\"@type\":\"WebSite\",\"@id\":\"https:\\\/\\\/lovme.pt\\\/#website\",\"url\":\"https:\\\/\\\/lovme.pt\\\/\",\"name\":\"Lovme Loja Er\u00f3tica N\u00ba1 em Portugal\",\"description\":\"A melhor loja er\u00f3tica de Portugal.\",\"alternateName\":\"Loja Er\u00f3tica Lovme\",\"potentialAction\":[{\"@type\":\"SearchAction\",\"target\":{\"@type\":\"EntryPoint\",\"urlTemplate\":\"https:\\\/\\\/lovme.pt\\\/?s={search_term_string}\"},\"query-input\":{\"@type\":\"PropertyValueSpecification\",\"valueRequired\":true,\"valueName\":\"search_term_string\"}}],\"inLanguage\":\"pt-PT\"}]}<\/script>\n<!-- \/ Yoast SEO plugin. -->","yoast_head_json":{"title":"ANAL FANTASY ELITE COLLECTION -DILATOR ANAL GAPER PARA INICIANTES CRISTAL TAMANHO S - Lovme","robots":{"index":"index","follow":"follow","max-snippet":"max-snippet:-1","max-image-preview":"max-image-preview:large","max-video-preview":"max-video-preview:-1"},"canonical":"https:\/\/lovme.pt\/index.php\/produto\/anal-fantasy-elite-collection-dilator-anal-gaper-para-iniciantes-cristal-tamanho-s\/","og_locale":"pt_PT","og_type":"article","og_title":"ANAL FANTASY ELITE COLLECTION -DILATOR ANAL GAPER PARA INICIANTES CRISTAL TAMANHO S - Lovme","og_description":"ANAL FANTASY ELITE COLLECTION -DILATOR ANAL GAPER PARA INICIANTES CRISTAL TAMANHO S","og_url":"https:\/\/lovme.pt\/index.php\/produto\/anal-fantasy-elite-collection-dilator-anal-gaper-para-iniciantes-cristal-tamanho-s\/","og_site_name":"Lovme","article_modified_time":"2026-02-19T20:09:28+00:00","og_image":[{"width":800,"height":800,"url":"https:\/\/erki24nd3ub.exactdn.com\/wp-content\/uploads\/dream\/img\/img_155591_bed80faef84bbc6ad8354f722fc196df_1.jpg?strip=all","type":"image\/jpeg"}],"twitter_card":"summary_large_image","twitter_misc":{"Tempo estimado de leitura":"1 minuto"},"schema":{"@context":"https:\/\/schema.org","@graph":[{"@type":"WebPage","@id":"https:\/\/lovme.pt\/index.php\/produto\/anal-fantasy-elite-collection-dilator-anal-gaper-para-iniciantes-cristal-tamanho-s\/","url":"https:\/\/lovme.pt\/index.php\/produto\/anal-fantasy-elite-collection-dilator-anal-gaper-para-iniciantes-cristal-tamanho-s\/","name":"ANAL FANTASY ELITE COLLECTION -DILATOR ANAL GAPER PARA INICIANTES CRISTAL TAMANHO S - Lovme","isPartOf":{"@id":"https:\/\/lovme.pt\/#website"},"primaryImageOfPage":{"@id":"https:\/\/lovme.pt\/index.php\/produto\/anal-fantasy-elite-collection-dilator-anal-gaper-para-iniciantes-cristal-tamanho-s\/#primaryimage"},"image":{"@id":"https:\/\/lovme.pt\/index.php\/produto\/anal-fantasy-elite-collection-dilator-anal-gaper-para-iniciantes-cristal-tamanho-s\/#primaryimage"},"thumbnailUrl":"https:\/\/erki24nd3ub.exactdn.com\/wp-content\/uploads\/dream\/img\/img_155591_bed80faef84bbc6ad8354f722fc196df_1.jpg?strip=all","datePublished":"2025-09-30T22:10:52+00:00","dateModified":"2026-02-19T20:09:28+00:00","breadcrumb":{"@id":"https:\/\/lovme.pt\/index.php\/produto\/anal-fantasy-elite-collection-dilator-anal-gaper-para-iniciantes-cristal-tamanho-s\/#breadcrumb"},"inLanguage":"pt-PT","potentialAction":[{"@type":"ReadAction","target":["https:\/\/lovme.pt\/index.php\/produto\/anal-fantasy-elite-collection-dilator-anal-gaper-para-iniciantes-cristal-tamanho-s\/"]}]},{"@type":"ImageObject","inLanguage":"pt-PT","@id":"https:\/\/lovme.pt\/index.php\/produto\/anal-fantasy-elite-collection-dilator-anal-gaper-para-iniciantes-cristal-tamanho-s\/#primaryimage","url":"https:\/\/erki24nd3ub.exactdn.com\/wp-content\/uploads\/dream\/img\/img_155591_bed80faef84bbc6ad8354f722fc196df_1.jpg?strip=all","contentUrl":"https:\/\/erki24nd3ub.exactdn.com\/wp-content\/uploads\/dream\/img\/img_155591_bed80faef84bbc6ad8354f722fc196df_1.jpg?strip=all","width":800,"height":800},{"@type":"BreadcrumbList","@id":"https:\/\/lovme.pt\/index.php\/produto\/anal-fantasy-elite-collection-dilator-anal-gaper-para-iniciantes-cristal-tamanho-s\/#breadcrumb","itemListElement":[{"@type":"ListItem","position":1,"name":"In\u00edcio","item":"https:\/\/lovme.pt\/"},{"@type":"ListItem","position":2,"name":"Loja","item":"https:\/\/lovme.pt\/index.php\/loja\/"},{"@type":"ListItem","position":3,"name":"ANAL FANTASY ELITE COLLECTION -DILATOR ANAL GAPER PARA INICIANTES CRISTAL TAMANHO S"}]},{"@type":"WebSite","@id":"https:\/\/lovme.pt\/#website","url":"https:\/\/lovme.pt\/","name":"Lovme Loja Er\u00f3tica N\u00ba1 em Portugal","description":"A melhor loja er\u00f3tica de Portugal.","alternateName":"Loja Er\u00f3tica Lovme","potentialAction":[{"@type":"SearchAction","target":{"@type":"EntryPoint","urlTemplate":"https:\/\/lovme.pt\/?s={search_term_string}"},"query-input":{"@type":"PropertyValueSpecification","valueRequired":true,"valueName":"search_term_string"}}],"inLanguage":"pt-PT"}]}},"_links":{"self":[{"href":"https:\/\/lovme.pt\/index.php\/wp-json\/wp\/v2\/product\/45058","targetHints":{"allow":["GET"]}}],"collection":[{"href":"https:\/\/lovme.pt\/index.php\/wp-json\/wp\/v2\/product"}],"about":[{"href":"https:\/\/lovme.pt\/index.php\/wp-json\/wp\/v2\/types\/product"}],"wp:featuredmedia":[{"embeddable":true,"href":"https:\/\/lovme.pt\/index.php\/wp-json\/wp\/v2\/media\/74764"}],"wp:attachment":[{"href":"https:\/\/lovme.pt\/index.php\/wp-json\/wp\/v2\/media?parent=45058"}],"wp:term":[{"taxonomy":"product_brand","embeddable":true,"href":"https:\/\/lovme.pt\/index.php\/wp-json\/wp\/v2\/product_brand?post=45058"},{"taxonomy":"product_cat","embeddable":true,"href":"https:\/\/lovme.pt\/index.php\/wp-json\/wp\/v2\/product_cat?post=45058"},{"taxonomy":"product_tag","embeddable":true,"href":"https:\/\/lovme.pt\/index.php\/wp-json\/wp\/v2\/product_tag?post=45058"}],"curies":[{"name":"wp","href":"https:\/\/api.w.org\/{rel}","templated":true}]}}