{"id":45050,"date":"2025-09-30T10:11:52","date_gmt":"2025-09-30T10:11:52","guid":{"rendered":"https:\/\/lovme.pt\/?post_type=product&p=45050"},"modified":"2026-02-19T20:06:53","modified_gmt":"2026-02-19T20:06:53","slug":"fetish-fantasy-series-arnes-ajustvel-penis-realista-28-cm","status":"publish","type":"product","link":"https:\/\/lovme.pt\/index.php\/produto\/fetish-fantasy-series-arnes-ajustvel-penis-realista-28-cm\/","title":{"rendered":"FETISH FANTASY SERIES &#8211; ARN\u00caS AJUSTVEL P\u00c9NIS REALISTA 28 CM"},"content":{"rendered":"<p>Voc\u00ea sempre quis se sentir mais confiante em rela\u00e7\u00e3o ao seu tamanho e desfrutar de sexo satisfat\u00f3rio com seu parceiro por tempo suficiente para que ambos chegassem ao orgasmo? Seu amante sabe que o tamanho importa. \u00c9 importante, e nada pode realizar suas fantasias e agradar sua parceira como um homem confiante. o mesmo que sabe o que est\u00e1 fazendo!<\/p>\n<p>Agora voc\u00ea pode ter o comprimento e a circunfer\u00eancia que sempre sonhou e ser todo o homem que puder com o arn\u00eas oco com 11 bolas. da <strong>s\u00e9rie Fetish Fantasy<\/strong> . \u00a1Diga adeus \u00e0s embara\u00e7osas decep\u00e7\u00f5es intermedi\u00e1rias e ol\u00e1 ao sorriso satisfat\u00f3rio de seu amante!<\/p>\n<p>O confort\u00e1vel arn\u00eas el\u00e1stico ajusta-se facilmente para caber na maioria dos tamanhos, enquanto o vibrador de PVC sem ftalato atinge at\u00e9 25 cent\u00edmetros de comprimento. \u00c9 perfeito para homens com disfun\u00e7\u00e3o er\u00e9til, problemas de ejacula\u00e7\u00e3o precoce ou para qualquer pessoa que queira simplesmente adicionar algo extra ao pr\u00f3ximo encontro. O melhor de tudo \u00e9 que voc\u00ea ainda pode desfrutar de sexo quente cara a cara e garantir que ambos gozem, mesmo que ele j\u00e1 tenha feito isso. ou voc\u00ea n\u00e3o pode fazer isso!<\/p>\n<p>O vibrador \u00e9 seguro para o corpo, sem l\u00e1tex e compat\u00edvel com lubrificantes \u00e0 base de \u00e1gua e silicone. A limpeza \u00e9 muito f\u00e1cil depois da divers\u00e3o com o limpador de vibrador. Brinquedos Pipedream e \u00e1gua morna.<\/p>\n<p>\u00a0<\/p>\n<p><u><strong>INFORMA\u00c7\u00c3O EXTRA:<\/strong><\/u><\/p>\n<ul>\n<li>Desfrute de sexo cara a cara ininterrupto at\u00e9 que ambos alcancem o cl\u00edmax!<\/li>\n<li>Texturas artesanais realistas oferecem sentimentos realistas<\/li>\n<li>O arn\u00eas super el\u00e1stico cabe confortavelmente em todos os tamanhos at\u00e9 52<\/li>\n<li>Hardware de metal resistente mant\u00e9m o vibrador firmemente no lugar<\/li>\n<\/ul>\n<p>\u00a0<\/p>\n<p><u><strong>ESPECIFICA\u00c7\u00d5ES:<\/strong><\/u><\/p>\n<ul>\n<li><strong>Comprimento total<\/strong> : 29 cm &#8211; 11,4 polegadas<\/li>\n<li><strong>Di\u00e2metro:<\/strong> 4,8 cm<\/li>\n<li><strong>Comprimento inser\u00edvel:<\/strong> 27,9 cm<\/li>\n<li><strong>Material:<\/strong> PVC  ABS  El\u00e1stico<\/li>\n<\/ul>\n<p>\u00a0<\/p>\n<p>Nos \u00faltimos 20 anos, <strong>a Pipedream Products<\/strong> criou e desenvolveu alguns dos produtos inovadores mais vendidos no mundo. Esses produtos incluem brinquedos e vibra\u00e7\u00f5es realistas, mas tamb\u00e9m uma ampla variedade de piadas, lo\u00e7\u00f5es, itens fetichistas e presentes. Pipedream \u00e9 uma marca americana fundada em 1973, que dispensa muitas apresenta\u00e7\u00f5es, com mais de 40 anos no setor de brinquedos er\u00f3ticos, atualmente \u00e9 a maior fabricante de produtos er\u00f3ticos do mundo, ocupando n\u00e3o s\u00f3 o primeiro lugar na fabrica\u00e7\u00e3o, mas tamb\u00e9m na vendas, com sede na Calif\u00f3rnia. Pioneiros na comercializa\u00e7\u00e3o de produtos BDSM, ali\u00e1s s\u00e3o a marca n\u00famero 1 em vendas de produtos para introdu\u00e7\u00e3o ao Bondage. Pipedream engloba mais de 35 marcas er\u00f3ticas e acumulou mais de 70 pr\u00eamios por sua qualidade e inova\u00e7\u00e3o.<\/p>\n","protected":false},"excerpt":{"rendered":"<p>FETISH FANTASY SERIES &#8211; ARN\u00caS AJUSTVEL P\u00c9NIS REALISTA 28 CM<\/p>\n","protected":false},"featured_media":63884,"template":"","meta":{"_acf_changed":false},"product_brand":[],"product_cat":[17,56,60],"product_tag":[],"class_list":{"0":"post-45050","1":"product","2":"type-product","3":"status-publish","4":"has-post-thumbnail","6":"product_cat-brinquedos-de-bem-estar-sexual","7":"product_cat-dildos-e-arneses","8":"product_cat-para-eles","9":"yith_product_brand-pipedreamsfetish-fantasy-series","10":"yith_product_brand-pipedreams","12":"first","13":"instock","14":"taxable","15":"shipping-taxable","16":"purchasable","17":"product-type-simple"},"acf":[],"yoast_head":"<!-- This site is optimized with the Yoast SEO plugin v27.4 - https:\/\/yoast.com\/product\/yoast-seo-wordpress\/ -->\n<title>FETISH FANTASY SERIES - ARN\u00caS AJUSTVEL P\u00c9NIS REALISTA 28 CM - Lovme<\/title>\n<meta name=\"robots\" content=\"index, follow, max-snippet:-1, max-image-preview:large, max-video-preview:-1\" \/>\n<link rel=\"canonical\" href=\"https:\/\/lovme.pt\/index.php\/produto\/fetish-fantasy-series-arnes-ajustvel-penis-realista-28-cm\/\" \/>\n<meta property=\"og:locale\" content=\"pt_PT\" \/>\n<meta property=\"og:type\" content=\"article\" \/>\n<meta property=\"og:title\" content=\"FETISH FANTASY SERIES - ARN\u00caS AJUSTVEL P\u00c9NIS REALISTA 28 CM - Lovme\" \/>\n<meta property=\"og:description\" content=\"FETISH FANTASY SERIES - ARN\u00caS AJUSTVEL P\u00c9NIS REALISTA 28 CM\" \/>\n<meta property=\"og:url\" content=\"https:\/\/lovme.pt\/index.php\/produto\/fetish-fantasy-series-arnes-ajustvel-penis-realista-28-cm\/\" \/>\n<meta property=\"og:site_name\" content=\"Lovme\" \/>\n<meta property=\"article:modified_time\" content=\"2026-02-19T20:06:53+00:00\" \/>\n<meta property=\"og:image\" content=\"https:\/\/erki24nd3ub.exactdn.com\/wp-content\/uploads\/dream\/img\/img_155570_aef8d9a8e161f9cc7fd15ccd6dcc1e13_1.jpg?strip=all\" \/>\n\t<meta property=\"og:image:width\" content=\"800\" \/>\n\t<meta property=\"og:image:height\" content=\"800\" \/>\n\t<meta property=\"og:image:type\" content=\"image\/jpeg\" \/>\n<meta name=\"twitter:card\" content=\"summary_large_image\" \/>\n<meta name=\"twitter:label1\" content=\"Tempo estimado de leitura\" \/>\n\t<meta name=\"twitter:data1\" content=\"2 minutos\" \/>\n<script type=\"application\/ld+json\" class=\"yoast-schema-graph\">{\"@context\":\"https:\\\/\\\/schema.org\",\"@graph\":[{\"@type\":\"WebPage\",\"@id\":\"https:\\\/\\\/lovme.pt\\\/index.php\\\/produto\\\/fetish-fantasy-series-arnes-ajustvel-penis-realista-28-cm\\\/\",\"url\":\"https:\\\/\\\/lovme.pt\\\/index.php\\\/produto\\\/fetish-fantasy-series-arnes-ajustvel-penis-realista-28-cm\\\/\",\"name\":\"FETISH FANTASY SERIES - ARN\u00caS AJUSTVEL P\u00c9NIS REALISTA 28 CM - Lovme\",\"isPartOf\":{\"@id\":\"https:\\\/\\\/lovme.pt\\\/#website\"},\"primaryImageOfPage\":{\"@id\":\"https:\\\/\\\/lovme.pt\\\/index.php\\\/produto\\\/fetish-fantasy-series-arnes-ajustvel-penis-realista-28-cm\\\/#primaryimage\"},\"image\":{\"@id\":\"https:\\\/\\\/lovme.pt\\\/index.php\\\/produto\\\/fetish-fantasy-series-arnes-ajustvel-penis-realista-28-cm\\\/#primaryimage\"},\"thumbnailUrl\":\"https:\\\/\\\/erki24nd3ub.exactdn.com\\\/wp-content\\\/uploads\\\/dream\\\/img\\\/img_155570_aef8d9a8e161f9cc7fd15ccd6dcc1e13_1.jpg?strip=all\",\"datePublished\":\"2025-09-30T10:11:52+00:00\",\"dateModified\":\"2026-02-19T20:06:53+00:00\",\"breadcrumb\":{\"@id\":\"https:\\\/\\\/lovme.pt\\\/index.php\\\/produto\\\/fetish-fantasy-series-arnes-ajustvel-penis-realista-28-cm\\\/#breadcrumb\"},\"inLanguage\":\"pt-PT\",\"potentialAction\":[{\"@type\":\"ReadAction\",\"target\":[\"https:\\\/\\\/lovme.pt\\\/index.php\\\/produto\\\/fetish-fantasy-series-arnes-ajustvel-penis-realista-28-cm\\\/\"]}]},{\"@type\":\"ImageObject\",\"inLanguage\":\"pt-PT\",\"@id\":\"https:\\\/\\\/lovme.pt\\\/index.php\\\/produto\\\/fetish-fantasy-series-arnes-ajustvel-penis-realista-28-cm\\\/#primaryimage\",\"url\":\"https:\\\/\\\/erki24nd3ub.exactdn.com\\\/wp-content\\\/uploads\\\/dream\\\/img\\\/img_155570_aef8d9a8e161f9cc7fd15ccd6dcc1e13_1.jpg?strip=all\",\"contentUrl\":\"https:\\\/\\\/erki24nd3ub.exactdn.com\\\/wp-content\\\/uploads\\\/dream\\\/img\\\/img_155570_aef8d9a8e161f9cc7fd15ccd6dcc1e13_1.jpg?strip=all\",\"width\":800,\"height\":800},{\"@type\":\"BreadcrumbList\",\"@id\":\"https:\\\/\\\/lovme.pt\\\/index.php\\\/produto\\\/fetish-fantasy-series-arnes-ajustvel-penis-realista-28-cm\\\/#breadcrumb\",\"itemListElement\":[{\"@type\":\"ListItem\",\"position\":1,\"name\":\"In\u00edcio\",\"item\":\"https:\\\/\\\/lovme.pt\\\/\"},{\"@type\":\"ListItem\",\"position\":2,\"name\":\"Loja\",\"item\":\"https:\\\/\\\/lovme.pt\\\/index.php\\\/loja\\\/\"},{\"@type\":\"ListItem\",\"position\":3,\"name\":\"FETISH FANTASY SERIES &#8211; ARN\u00caS AJUSTVEL P\u00c9NIS REALISTA 28 CM\"}]},{\"@type\":\"WebSite\",\"@id\":\"https:\\\/\\\/lovme.pt\\\/#website\",\"url\":\"https:\\\/\\\/lovme.pt\\\/\",\"name\":\"Lovme Loja Er\u00f3tica N\u00ba1 em Portugal\",\"description\":\"A melhor loja er\u00f3tica de Portugal.\",\"alternateName\":\"Loja Er\u00f3tica Lovme\",\"potentialAction\":[{\"@type\":\"SearchAction\",\"target\":{\"@type\":\"EntryPoint\",\"urlTemplate\":\"https:\\\/\\\/lovme.pt\\\/?s={search_term_string}\"},\"query-input\":{\"@type\":\"PropertyValueSpecification\",\"valueRequired\":true,\"valueName\":\"search_term_string\"}}],\"inLanguage\":\"pt-PT\"}]}<\/script>\n<!-- \/ Yoast SEO plugin. -->","yoast_head_json":{"title":"FETISH FANTASY SERIES - ARN\u00caS AJUSTVEL P\u00c9NIS REALISTA 28 CM - Lovme","robots":{"index":"index","follow":"follow","max-snippet":"max-snippet:-1","max-image-preview":"max-image-preview:large","max-video-preview":"max-video-preview:-1"},"canonical":"https:\/\/lovme.pt\/index.php\/produto\/fetish-fantasy-series-arnes-ajustvel-penis-realista-28-cm\/","og_locale":"pt_PT","og_type":"article","og_title":"FETISH FANTASY SERIES - ARN\u00caS AJUSTVEL P\u00c9NIS REALISTA 28 CM - Lovme","og_description":"FETISH FANTASY SERIES - ARN\u00caS AJUSTVEL P\u00c9NIS REALISTA 28 CM","og_url":"https:\/\/lovme.pt\/index.php\/produto\/fetish-fantasy-series-arnes-ajustvel-penis-realista-28-cm\/","og_site_name":"Lovme","article_modified_time":"2026-02-19T20:06:53+00:00","og_image":[{"width":800,"height":800,"url":"https:\/\/erki24nd3ub.exactdn.com\/wp-content\/uploads\/dream\/img\/img_155570_aef8d9a8e161f9cc7fd15ccd6dcc1e13_1.jpg?strip=all","type":"image\/jpeg"}],"twitter_card":"summary_large_image","twitter_misc":{"Tempo estimado de leitura":"2 minutos"},"schema":{"@context":"https:\/\/schema.org","@graph":[{"@type":"WebPage","@id":"https:\/\/lovme.pt\/index.php\/produto\/fetish-fantasy-series-arnes-ajustvel-penis-realista-28-cm\/","url":"https:\/\/lovme.pt\/index.php\/produto\/fetish-fantasy-series-arnes-ajustvel-penis-realista-28-cm\/","name":"FETISH FANTASY SERIES - ARN\u00caS AJUSTVEL P\u00c9NIS REALISTA 28 CM - Lovme","isPartOf":{"@id":"https:\/\/lovme.pt\/#website"},"primaryImageOfPage":{"@id":"https:\/\/lovme.pt\/index.php\/produto\/fetish-fantasy-series-arnes-ajustvel-penis-realista-28-cm\/#primaryimage"},"image":{"@id":"https:\/\/lovme.pt\/index.php\/produto\/fetish-fantasy-series-arnes-ajustvel-penis-realista-28-cm\/#primaryimage"},"thumbnailUrl":"https:\/\/erki24nd3ub.exactdn.com\/wp-content\/uploads\/dream\/img\/img_155570_aef8d9a8e161f9cc7fd15ccd6dcc1e13_1.jpg?strip=all","datePublished":"2025-09-30T10:11:52+00:00","dateModified":"2026-02-19T20:06:53+00:00","breadcrumb":{"@id":"https:\/\/lovme.pt\/index.php\/produto\/fetish-fantasy-series-arnes-ajustvel-penis-realista-28-cm\/#breadcrumb"},"inLanguage":"pt-PT","potentialAction":[{"@type":"ReadAction","target":["https:\/\/lovme.pt\/index.php\/produto\/fetish-fantasy-series-arnes-ajustvel-penis-realista-28-cm\/"]}]},{"@type":"ImageObject","inLanguage":"pt-PT","@id":"https:\/\/lovme.pt\/index.php\/produto\/fetish-fantasy-series-arnes-ajustvel-penis-realista-28-cm\/#primaryimage","url":"https:\/\/erki24nd3ub.exactdn.com\/wp-content\/uploads\/dream\/img\/img_155570_aef8d9a8e161f9cc7fd15ccd6dcc1e13_1.jpg?strip=all","contentUrl":"https:\/\/erki24nd3ub.exactdn.com\/wp-content\/uploads\/dream\/img\/img_155570_aef8d9a8e161f9cc7fd15ccd6dcc1e13_1.jpg?strip=all","width":800,"height":800},{"@type":"BreadcrumbList","@id":"https:\/\/lovme.pt\/index.php\/produto\/fetish-fantasy-series-arnes-ajustvel-penis-realista-28-cm\/#breadcrumb","itemListElement":[{"@type":"ListItem","position":1,"name":"In\u00edcio","item":"https:\/\/lovme.pt\/"},{"@type":"ListItem","position":2,"name":"Loja","item":"https:\/\/lovme.pt\/index.php\/loja\/"},{"@type":"ListItem","position":3,"name":"FETISH FANTASY SERIES &#8211; ARN\u00caS AJUSTVEL P\u00c9NIS REALISTA 28 CM"}]},{"@type":"WebSite","@id":"https:\/\/lovme.pt\/#website","url":"https:\/\/lovme.pt\/","name":"Lovme Loja Er\u00f3tica N\u00ba1 em Portugal","description":"A melhor loja er\u00f3tica de Portugal.","alternateName":"Loja Er\u00f3tica Lovme","potentialAction":[{"@type":"SearchAction","target":{"@type":"EntryPoint","urlTemplate":"https:\/\/lovme.pt\/?s={search_term_string}"},"query-input":{"@type":"PropertyValueSpecification","valueRequired":true,"valueName":"search_term_string"}}],"inLanguage":"pt-PT"}]}},"_links":{"self":[{"href":"https:\/\/lovme.pt\/index.php\/wp-json\/wp\/v2\/product\/45050","targetHints":{"allow":["GET"]}}],"collection":[{"href":"https:\/\/lovme.pt\/index.php\/wp-json\/wp\/v2\/product"}],"about":[{"href":"https:\/\/lovme.pt\/index.php\/wp-json\/wp\/v2\/types\/product"}],"wp:featuredmedia":[{"embeddable":true,"href":"https:\/\/lovme.pt\/index.php\/wp-json\/wp\/v2\/media\/63884"}],"wp:attachment":[{"href":"https:\/\/lovme.pt\/index.php\/wp-json\/wp\/v2\/media?parent=45050"}],"wp:term":[{"taxonomy":"product_brand","embeddable":true,"href":"https:\/\/lovme.pt\/index.php\/wp-json\/wp\/v2\/product_brand?post=45050"},{"taxonomy":"product_cat","embeddable":true,"href":"https:\/\/lovme.pt\/index.php\/wp-json\/wp\/v2\/product_cat?post=45050"},{"taxonomy":"product_tag","embeddable":true,"href":"https:\/\/lovme.pt\/index.php\/wp-json\/wp\/v2\/product_tag?post=45050"}],"curies":[{"name":"wp","href":"https:\/\/api.w.org\/{rel}","templated":true}]}}