{"id":45049,"date":"2025-09-30T22:34:07","date_gmt":"2025-09-30T22:34:07","guid":{"rendered":"https:\/\/lovme.pt\/?post_type=product&p=45049"},"modified":"2026-02-19T20:12:43","modified_gmt":"2026-02-19T20:12:43","slug":"serie-fetish-fantasy-calca-de-controle-remoto-20-funcoes","status":"publish","type":"product","link":"https:\/\/lovme.pt\/index.php\/produto\/serie-fetish-fantasy-calca-de-controle-remoto-20-funcoes\/","title":{"rendered":"S\u00c9RIE FETISH FANTASY &#8211; CAL\u00c7A DE CONTROLE REMOTO 20 FUN\u00c7\u00d5ES"},"content":{"rendered":"<p>Ligue seu amante com o toque de um bot\u00e3o com o controle remoto de 20 fun\u00e7\u00f5es <strong>Panty Fantasy<\/strong> .<\/p>\n<p>Escondida discretamente dentro desta sexy tanga de PVC patenteada est\u00e1 uma poderosa bala \u00e0 prova d\u00e1gua, operada por um controle remoto sem fio que funciona at\u00e9 25 p\u00e9s de dist\u00e2ncia. Um plugue de vinil elegante \u00e9 inserido dentro de voc\u00ea e mant\u00e9m a bala no lugar silenciosamente, gerando vibra\u00e7\u00f5es emocionantes onde voc\u00ea mais deseja, sem que ningu\u00e9m saiba por que voc\u00ea est\u00e1 sorrindo.<\/p>\n<p>Com 20 padr\u00f5es de pulsa\u00e7\u00e3o para escolher no controle remoto, as possibilidades de prazer s\u00e3o infinitas e a divers\u00e3o tamb\u00e9m. Fa\u00e7a pegadinhas com seu amante do outro lado da sala ou represente suas fantasias de RPG mais perversas. V\u00e1 de uma vibra\u00e7\u00e3o a um batimento card\u00edaco com o apertar de um bot\u00e3o e n\u00e3o se preocupe com nada &#8211; \u00e9 o seu segredinho sexy!<\/p>\n<p>Use a calcinha em encontros, em casa, em festas, no supermercado ou sempre que precisar de um est\u00edmulo extra. Ambos concordar\u00e3o, estas n\u00e3o s\u00e3o calcinhas comuns&#8230; Finalmente, um controle remoto que ambos podem desfrutar! Com seu amante no controle de sua satisfa\u00e7\u00e3o, voc\u00ea se comportar\u00e1 da melhor maneira se quiser que ele pressione o bot\u00e3o m\u00e1gico e ative as vibra\u00e7\u00f5es alucinantes. Experimente sozinho para uma sess\u00e3o solo sexy e voc\u00ea vai adorar estar no controle do seu cl\u00edmax!<\/p>\n<p>O tecido macio da calcinha \u00e9 \u00f3timo contra a pele e se estica para caber confortavelmente at\u00e9 uma cintura de 44 p\u00e9s. A limpeza \u00e9 muito f\u00e1cil depois da divers\u00e3o com Pipedream Toy Cleaner e \u00e1gua morna. Aplique bastante lo\u00e7\u00e3o corporal \u00famida para um encontro mais \u00famido e selvagem.<\/p>\n<p>\u00a0<\/p>\n<p><u><strong>INCLUI:<\/strong><\/u><\/p>\n<ul>\n<li>Calcinha Fantasia PVC<\/li>\n<li>bala \u00e0 prova d\u00e1gua<\/li>\n<li>Controle remoto sem fio \u00e0 prova d\u00e1gua<\/li>\n<li>M\u00e1scara de amor de cetim gr\u00e1tis PARA MELHORES RESULTADOS:<\/li>\n<li>Remova (3) baterias LR44\/AG13 da bala entre os usos, antes de limpar e ao armazenar.<\/li>\n<\/ul>\n<p><u><strong>ESPECIFICA\u00c7\u00d5ES:<\/strong><\/u><\/p>\n<ul>\n<li><strong>Di\u00e2metro<\/strong> : 2cm<\/li>\n<li><strong>Comprimento inser\u00edvel<\/strong> : 7,3 cm<\/li>\n<li><strong>Resist\u00eancia \u00e0 \u00e1gua<\/strong> : \u00e0 prova d\u00e1gua<\/li>\n<li><strong>Material:<\/strong> Lycra  Neoprene  Vinil  Nylon<\/li>\n<li><strong>Baterias<\/strong> : AG13\/LR44<\/li>\n<li><strong>Quantidade de bateria<\/strong> : 3<\/li>\n<li><strong>Baterias inclu\u00eddas<\/strong> : Sim<\/li>\n<\/ul>\n<p>Nos \u00faltimos 20 anos, <strong>a Pipedream Products<\/strong> criou e desenvolveu alguns dos produtos inovadores mais vendidos do mundo. Esses produtos incluem brinquedos e vibra\u00e7\u00f5es realistas, mas tamb\u00e9m uma ampla variedade de piadas, lo\u00e7\u00f5es, itens fetichistas e presentes. Pipedream \u00e9 uma marca americana fundada em 1973, que dispensa muitas apresenta\u00e7\u00f5es, com mais de 40 anos no setor de brinquedos er\u00f3ticos, \u00e9 atualmente a maior fabricante de produtos er\u00f3ticos do mundo, ocupando n\u00e3o s\u00f3 o primeiro lugar na fabrica\u00e7\u00e3o, mas tamb\u00e9m na vendas, com sede na Calif\u00f3rnia. Pioneiros na comercializa\u00e7\u00e3o de produtos BDSM, na verdade s\u00e3o a marca n\u00famero 1 em vendas de produtos para inicia\u00e7\u00e3o de Bondage. Pipedream engloba mais de 35 marcas er\u00f3ticas e acumulou mais de 70 pr\u00eamios por sua qualidade e inova\u00e7\u00e3o.<\/p>\n","protected":false},"excerpt":{"rendered":"<p>S\u00c9RIE FETISH FANTASY &#8211; CALCINHA DE CONTROLE REMOTO 20 FUN\u00c7\u00d5ES<\/p>\n","protected":false},"featured_media":78903,"template":"","meta":{"_acf_changed":false},"product_brand":[],"product_cat":[48,17,61,76],"product_tag":[],"class_list":{"0":"post-45049","1":"product","2":"type-product","3":"status-publish","4":"has-post-thumbnail","6":"product_cat-bdsm","7":"product_cat-brinquedos-de-bem-estar-sexual","8":"product_cat-para-elas","9":"product_cat-vibradores","10":"yith_product_brand-pipedreams","12":"first","13":"instock","14":"taxable","15":"shipping-taxable","16":"purchasable","17":"product-type-simple"},"acf":[],"yoast_head":"<!-- This site is optimized with the Yoast SEO plugin v27.4 - https:\/\/yoast.com\/product\/yoast-seo-wordpress\/ -->\n<title>S\u00c9RIE FETISH FANTASY - CAL\u00c7A DE CONTROLE REMOTO 20 FUN\u00c7\u00d5ES - Lovme<\/title>\n<meta name=\"robots\" content=\"index, follow, max-snippet:-1, max-image-preview:large, max-video-preview:-1\" \/>\n<link rel=\"canonical\" href=\"https:\/\/lovme.pt\/index.php\/produto\/serie-fetish-fantasy-calca-de-controle-remoto-20-funcoes\/\" \/>\n<meta property=\"og:locale\" content=\"pt_PT\" \/>\n<meta property=\"og:type\" content=\"article\" \/>\n<meta property=\"og:title\" content=\"S\u00c9RIE FETISH FANTASY - CAL\u00c7A DE CONTROLE REMOTO 20 FUN\u00c7\u00d5ES - Lovme\" \/>\n<meta property=\"og:description\" content=\"S\u00c9RIE FETISH FANTASY - CALCINHA DE CONTROLE REMOTO 20 FUN\u00c7\u00d5ES\" \/>\n<meta property=\"og:url\" content=\"https:\/\/lovme.pt\/index.php\/produto\/serie-fetish-fantasy-calca-de-controle-remoto-20-funcoes\/\" \/>\n<meta property=\"og:site_name\" content=\"Lovme\" \/>\n<meta property=\"article:modified_time\" content=\"2026-02-19T20:12:43+00:00\" \/>\n<meta property=\"og:image\" content=\"https:\/\/erki24nd3ub.exactdn.com\/wp-content\/uploads\/dream\/img\/img_155569_70c72f22d30fc7fe346e8d3626ec793a_1.jpg?strip=all\" \/>\n\t<meta property=\"og:image:width\" content=\"800\" \/>\n\t<meta property=\"og:image:height\" content=\"800\" \/>\n\t<meta property=\"og:image:type\" content=\"image\/jpeg\" \/>\n<meta name=\"twitter:card\" content=\"summary_large_image\" \/>\n<meta name=\"twitter:label1\" content=\"Tempo estimado de leitura\" \/>\n\t<meta name=\"twitter:data1\" content=\"2 minutos\" \/>\n<script type=\"application\/ld+json\" class=\"yoast-schema-graph\">{\"@context\":\"https:\\\/\\\/schema.org\",\"@graph\":[{\"@type\":\"WebPage\",\"@id\":\"https:\\\/\\\/lovme.pt\\\/index.php\\\/produto\\\/serie-fetish-fantasy-calca-de-controle-remoto-20-funcoes\\\/\",\"url\":\"https:\\\/\\\/lovme.pt\\\/index.php\\\/produto\\\/serie-fetish-fantasy-calca-de-controle-remoto-20-funcoes\\\/\",\"name\":\"S\u00c9RIE FETISH FANTASY - CAL\u00c7A DE CONTROLE REMOTO 20 FUN\u00c7\u00d5ES - Lovme\",\"isPartOf\":{\"@id\":\"https:\\\/\\\/lovme.pt\\\/#website\"},\"primaryImageOfPage\":{\"@id\":\"https:\\\/\\\/lovme.pt\\\/index.php\\\/produto\\\/serie-fetish-fantasy-calca-de-controle-remoto-20-funcoes\\\/#primaryimage\"},\"image\":{\"@id\":\"https:\\\/\\\/lovme.pt\\\/index.php\\\/produto\\\/serie-fetish-fantasy-calca-de-controle-remoto-20-funcoes\\\/#primaryimage\"},\"thumbnailUrl\":\"https:\\\/\\\/erki24nd3ub.exactdn.com\\\/wp-content\\\/uploads\\\/dream\\\/img\\\/img_155569_70c72f22d30fc7fe346e8d3626ec793a_1.jpg?strip=all\",\"datePublished\":\"2025-09-30T22:34:07+00:00\",\"dateModified\":\"2026-02-19T20:12:43+00:00\",\"breadcrumb\":{\"@id\":\"https:\\\/\\\/lovme.pt\\\/index.php\\\/produto\\\/serie-fetish-fantasy-calca-de-controle-remoto-20-funcoes\\\/#breadcrumb\"},\"inLanguage\":\"pt-PT\",\"potentialAction\":[{\"@type\":\"ReadAction\",\"target\":[\"https:\\\/\\\/lovme.pt\\\/index.php\\\/produto\\\/serie-fetish-fantasy-calca-de-controle-remoto-20-funcoes\\\/\"]}]},{\"@type\":\"ImageObject\",\"inLanguage\":\"pt-PT\",\"@id\":\"https:\\\/\\\/lovme.pt\\\/index.php\\\/produto\\\/serie-fetish-fantasy-calca-de-controle-remoto-20-funcoes\\\/#primaryimage\",\"url\":\"https:\\\/\\\/erki24nd3ub.exactdn.com\\\/wp-content\\\/uploads\\\/dream\\\/img\\\/img_155569_70c72f22d30fc7fe346e8d3626ec793a_1.jpg?strip=all\",\"contentUrl\":\"https:\\\/\\\/erki24nd3ub.exactdn.com\\\/wp-content\\\/uploads\\\/dream\\\/img\\\/img_155569_70c72f22d30fc7fe346e8d3626ec793a_1.jpg?strip=all\",\"width\":800,\"height\":800},{\"@type\":\"BreadcrumbList\",\"@id\":\"https:\\\/\\\/lovme.pt\\\/index.php\\\/produto\\\/serie-fetish-fantasy-calca-de-controle-remoto-20-funcoes\\\/#breadcrumb\",\"itemListElement\":[{\"@type\":\"ListItem\",\"position\":1,\"name\":\"In\u00edcio\",\"item\":\"https:\\\/\\\/lovme.pt\\\/\"},{\"@type\":\"ListItem\",\"position\":2,\"name\":\"Loja\",\"item\":\"https:\\\/\\\/lovme.pt\\\/index.php\\\/loja\\\/\"},{\"@type\":\"ListItem\",\"position\":3,\"name\":\"S\u00c9RIE FETISH FANTASY &#8211; CAL\u00c7A DE CONTROLE REMOTO 20 FUN\u00c7\u00d5ES\"}]},{\"@type\":\"WebSite\",\"@id\":\"https:\\\/\\\/lovme.pt\\\/#website\",\"url\":\"https:\\\/\\\/lovme.pt\\\/\",\"name\":\"Lovme Loja Er\u00f3tica N\u00ba1 em Portugal\",\"description\":\"A melhor loja er\u00f3tica de Portugal.\",\"alternateName\":\"Loja Er\u00f3tica Lovme\",\"potentialAction\":[{\"@type\":\"SearchAction\",\"target\":{\"@type\":\"EntryPoint\",\"urlTemplate\":\"https:\\\/\\\/lovme.pt\\\/?s={search_term_string}\"},\"query-input\":{\"@type\":\"PropertyValueSpecification\",\"valueRequired\":true,\"valueName\":\"search_term_string\"}}],\"inLanguage\":\"pt-PT\"}]}<\/script>\n<!-- \/ Yoast SEO plugin. -->","yoast_head_json":{"title":"S\u00c9RIE FETISH FANTASY - CAL\u00c7A DE CONTROLE REMOTO 20 FUN\u00c7\u00d5ES - Lovme","robots":{"index":"index","follow":"follow","max-snippet":"max-snippet:-1","max-image-preview":"max-image-preview:large","max-video-preview":"max-video-preview:-1"},"canonical":"https:\/\/lovme.pt\/index.php\/produto\/serie-fetish-fantasy-calca-de-controle-remoto-20-funcoes\/","og_locale":"pt_PT","og_type":"article","og_title":"S\u00c9RIE FETISH FANTASY - CAL\u00c7A DE CONTROLE REMOTO 20 FUN\u00c7\u00d5ES - Lovme","og_description":"S\u00c9RIE FETISH FANTASY - CALCINHA DE CONTROLE REMOTO 20 FUN\u00c7\u00d5ES","og_url":"https:\/\/lovme.pt\/index.php\/produto\/serie-fetish-fantasy-calca-de-controle-remoto-20-funcoes\/","og_site_name":"Lovme","article_modified_time":"2026-02-19T20:12:43+00:00","og_image":[{"width":800,"height":800,"url":"https:\/\/erki24nd3ub.exactdn.com\/wp-content\/uploads\/dream\/img\/img_155569_70c72f22d30fc7fe346e8d3626ec793a_1.jpg?strip=all","type":"image\/jpeg"}],"twitter_card":"summary_large_image","twitter_misc":{"Tempo estimado de leitura":"2 minutos"},"schema":{"@context":"https:\/\/schema.org","@graph":[{"@type":"WebPage","@id":"https:\/\/lovme.pt\/index.php\/produto\/serie-fetish-fantasy-calca-de-controle-remoto-20-funcoes\/","url":"https:\/\/lovme.pt\/index.php\/produto\/serie-fetish-fantasy-calca-de-controle-remoto-20-funcoes\/","name":"S\u00c9RIE FETISH FANTASY - CAL\u00c7A DE CONTROLE REMOTO 20 FUN\u00c7\u00d5ES - Lovme","isPartOf":{"@id":"https:\/\/lovme.pt\/#website"},"primaryImageOfPage":{"@id":"https:\/\/lovme.pt\/index.php\/produto\/serie-fetish-fantasy-calca-de-controle-remoto-20-funcoes\/#primaryimage"},"image":{"@id":"https:\/\/lovme.pt\/index.php\/produto\/serie-fetish-fantasy-calca-de-controle-remoto-20-funcoes\/#primaryimage"},"thumbnailUrl":"https:\/\/erki24nd3ub.exactdn.com\/wp-content\/uploads\/dream\/img\/img_155569_70c72f22d30fc7fe346e8d3626ec793a_1.jpg?strip=all","datePublished":"2025-09-30T22:34:07+00:00","dateModified":"2026-02-19T20:12:43+00:00","breadcrumb":{"@id":"https:\/\/lovme.pt\/index.php\/produto\/serie-fetish-fantasy-calca-de-controle-remoto-20-funcoes\/#breadcrumb"},"inLanguage":"pt-PT","potentialAction":[{"@type":"ReadAction","target":["https:\/\/lovme.pt\/index.php\/produto\/serie-fetish-fantasy-calca-de-controle-remoto-20-funcoes\/"]}]},{"@type":"ImageObject","inLanguage":"pt-PT","@id":"https:\/\/lovme.pt\/index.php\/produto\/serie-fetish-fantasy-calca-de-controle-remoto-20-funcoes\/#primaryimage","url":"https:\/\/erki24nd3ub.exactdn.com\/wp-content\/uploads\/dream\/img\/img_155569_70c72f22d30fc7fe346e8d3626ec793a_1.jpg?strip=all","contentUrl":"https:\/\/erki24nd3ub.exactdn.com\/wp-content\/uploads\/dream\/img\/img_155569_70c72f22d30fc7fe346e8d3626ec793a_1.jpg?strip=all","width":800,"height":800},{"@type":"BreadcrumbList","@id":"https:\/\/lovme.pt\/index.php\/produto\/serie-fetish-fantasy-calca-de-controle-remoto-20-funcoes\/#breadcrumb","itemListElement":[{"@type":"ListItem","position":1,"name":"In\u00edcio","item":"https:\/\/lovme.pt\/"},{"@type":"ListItem","position":2,"name":"Loja","item":"https:\/\/lovme.pt\/index.php\/loja\/"},{"@type":"ListItem","position":3,"name":"S\u00c9RIE FETISH FANTASY &#8211; CAL\u00c7A DE CONTROLE REMOTO 20 FUN\u00c7\u00d5ES"}]},{"@type":"WebSite","@id":"https:\/\/lovme.pt\/#website","url":"https:\/\/lovme.pt\/","name":"Lovme Loja Er\u00f3tica N\u00ba1 em Portugal","description":"A melhor loja er\u00f3tica de Portugal.","alternateName":"Loja Er\u00f3tica Lovme","potentialAction":[{"@type":"SearchAction","target":{"@type":"EntryPoint","urlTemplate":"https:\/\/lovme.pt\/?s={search_term_string}"},"query-input":{"@type":"PropertyValueSpecification","valueRequired":true,"valueName":"search_term_string"}}],"inLanguage":"pt-PT"}]}},"_links":{"self":[{"href":"https:\/\/lovme.pt\/index.php\/wp-json\/wp\/v2\/product\/45049","targetHints":{"allow":["GET"]}}],"collection":[{"href":"https:\/\/lovme.pt\/index.php\/wp-json\/wp\/v2\/product"}],"about":[{"href":"https:\/\/lovme.pt\/index.php\/wp-json\/wp\/v2\/types\/product"}],"wp:featuredmedia":[{"embeddable":true,"href":"https:\/\/lovme.pt\/index.php\/wp-json\/wp\/v2\/media\/78903"}],"wp:attachment":[{"href":"https:\/\/lovme.pt\/index.php\/wp-json\/wp\/v2\/media?parent=45049"}],"wp:term":[{"taxonomy":"product_brand","embeddable":true,"href":"https:\/\/lovme.pt\/index.php\/wp-json\/wp\/v2\/product_brand?post=45049"},{"taxonomy":"product_cat","embeddable":true,"href":"https:\/\/lovme.pt\/index.php\/wp-json\/wp\/v2\/product_cat?post=45049"},{"taxonomy":"product_tag","embeddable":true,"href":"https:\/\/lovme.pt\/index.php\/wp-json\/wp\/v2\/product_tag?post=45049"}],"curies":[{"name":"wp","href":"https:\/\/api.w.org\/{rel}","templated":true}]}}