{"id":45038,"date":"2025-09-30T22:54:31","date_gmt":"2025-09-30T22:54:31","guid":{"rendered":"https:\/\/lovme.pt\/?post_type=product&p=45038"},"modified":"2026-02-19T20:13:33","modified_gmt":"2026-02-19T20:13:33","slug":"fetish-fantasy-series-gag-com-grampas-de-nipple","status":"publish","type":"product","link":"https:\/\/lovme.pt\/index.php\/produto\/fetish-fantasy-series-gag-com-grampas-de-nipple\/","title":{"rendered":"FETISH FANTASY SERIES &#8211; GAG COM GRAMPAS DE NIPPLE"},"content":{"rendered":"<p>Explore o seu lado fetichista com a Open Gag com Nipple Covers. \u00c9 perfeito para iniciantes em domina\u00e7\u00e3o. Voc\u00ea e seu parceiro alcan\u00e7ar\u00e3o um cl\u00edmax explosivo durante a submiss\u00e3o. A al\u00e7a de morda\u00e7a \u00e9 ajust\u00e1vel. O suti\u00e3 que aparece na caixa n\u00e3o est\u00e1 inclu\u00eddo. inclu\u00eddo.<\/p>\n<p> O produto consiste em um pequeno anel de metal como morda\u00e7a, envolto em couro, conectado a duas fortes tiras de couro para ajuste ao pesco\u00e7o e duas correntes com pin\u00e7as de mamilo. Gra\u00e7as \u00e0s suas al\u00e7as Al\u00e7as de couro ajust\u00e1veis, podem ser adaptadas aos tamanhos e tens\u00f5es desejadas. Ao puxar o anel com a boca aberta, voc\u00ea controla a tens\u00e3o da pin\u00e7a. As tiras de couro s\u00e3o ajust\u00e1veis para caber na maioria dos tamanhos.<\/p>\n<p> NOTA: O O-Ring Gag e os Grampos de Nipple n\u00e3o v\u00eam com o fecho aberto mostrado na foto da caixa. Voc\u00ea receber\u00e1 apenas a morda\u00e7a com o anel e a corrente com as pin\u00e7as de mamilo.<\/p>\n<\/p>\n<p> <u><strong>ESPECIFICA\u00c7\u00d5ES:<\/strong><\/u><\/p>\n<ul>\n<li> <strong>Dimens\u00e3o do produto<\/strong> : Di\u00e2metro exterior: 4,2 cm \/\/ Di\u00e2metro interior: 2,8 cm<\/li>\n<li> <strong>Material:<\/strong> Metal  Vinil<\/li>\n<\/ul>\n<p> Nos \u00faltimos 20 anos, <strong>a Pipedream Products<\/strong> criou e desenvolveu alguns dos produtos inovadores mais vendidos no mundo. Esses produtos incluem brinquedos e vibra\u00e7\u00f5es realistas, mas tamb\u00e9m uma ampla variedade de piadas, lo\u00e7\u00f5es, itens fetichistas e presentes. Pipedream \u00e9 uma marca americana fundada em 1973, que dispensa muitas apresenta\u00e7\u00f5es, com mais de 40 anos no setor de brinquedos er\u00f3ticos, atualmente \u00e9 a maior fabricante de produtos er\u00f3ticos do mundo, ocupando n\u00e3o s\u00f3 o primeiro lugar na fabrica\u00e7\u00e3o, mas tamb\u00e9m na vendas, com sede na Calif\u00f3rnia. Pioneiros na comercializa\u00e7\u00e3o de produtos BDSM, ali\u00e1s s\u00e3o a marca n\u00famero 1 em vendas de produtos para introdu\u00e7\u00e3o ao Bondage. Pipedream engloba mais de 35 marcas er\u00f3ticas e acumulou mais de 70 pr\u00eamios por sua qualidade e inova\u00e7\u00e3o.<\/p>\n","protected":false},"excerpt":{"rendered":"<p>FETISH FANTASY SERIES &#8211; GAG COM GRAMPAS DE NIPPLE<\/p>\n","protected":false},"featured_media":82034,"template":"","meta":{"_acf_changed":false},"product_brand":[],"product_cat":[48],"product_tag":[],"class_list":{"0":"post-45038","1":"product","2":"type-product","3":"status-publish","4":"has-post-thumbnail","6":"product_cat-bdsm","7":"yith_product_brand-pipedreamsfetish-fantasy-series","8":"yith_product_brand-pipedreams","10":"first","11":"instock","12":"taxable","13":"shipping-taxable","14":"purchasable","15":"product-type-simple"},"acf":[],"yoast_head":"<!-- This site is optimized with the Yoast SEO plugin v27.4 - https:\/\/yoast.com\/product\/yoast-seo-wordpress\/ -->\n<title>FETISH FANTASY SERIES - GAG COM GRAMPAS DE NIPPLE - Lovme<\/title>\n<meta name=\"robots\" content=\"index, follow, max-snippet:-1, max-image-preview:large, max-video-preview:-1\" \/>\n<link rel=\"canonical\" href=\"https:\/\/lovme.pt\/index.php\/produto\/fetish-fantasy-series-gag-com-grampas-de-nipple\/\" \/>\n<meta property=\"og:locale\" content=\"pt_PT\" \/>\n<meta property=\"og:type\" content=\"article\" \/>\n<meta property=\"og:title\" content=\"FETISH FANTASY SERIES - GAG COM GRAMPAS DE NIPPLE - Lovme\" \/>\n<meta property=\"og:description\" content=\"FETISH FANTASY SERIES - GAG COM GRAMPAS DE NIPPLE\" \/>\n<meta property=\"og:url\" content=\"https:\/\/lovme.pt\/index.php\/produto\/fetish-fantasy-series-gag-com-grampas-de-nipple\/\" \/>\n<meta property=\"og:site_name\" content=\"Lovme\" \/>\n<meta property=\"article:modified_time\" content=\"2026-02-19T20:13:33+00:00\" \/>\n<meta property=\"og:image\" content=\"https:\/\/erki24nd3ub.exactdn.com\/wp-content\/uploads\/dream\/img\/img_155441_bd0044cc918f6e9d10dbef9e47ab5551_1.jpg?strip=all\" \/>\n\t<meta property=\"og:image:width\" content=\"800\" \/>\n\t<meta property=\"og:image:height\" content=\"800\" \/>\n\t<meta property=\"og:image:type\" content=\"image\/jpeg\" \/>\n<meta name=\"twitter:card\" content=\"summary_large_image\" \/>\n<meta name=\"twitter:label1\" content=\"Tempo estimado de leitura\" \/>\n\t<meta name=\"twitter:data1\" content=\"2 minutos\" \/>\n<script type=\"application\/ld+json\" class=\"yoast-schema-graph\">{\"@context\":\"https:\\\/\\\/schema.org\",\"@graph\":[{\"@type\":\"WebPage\",\"@id\":\"https:\\\/\\\/lovme.pt\\\/index.php\\\/produto\\\/fetish-fantasy-series-gag-com-grampas-de-nipple\\\/\",\"url\":\"https:\\\/\\\/lovme.pt\\\/index.php\\\/produto\\\/fetish-fantasy-series-gag-com-grampas-de-nipple\\\/\",\"name\":\"FETISH FANTASY SERIES - GAG COM GRAMPAS DE NIPPLE - Lovme\",\"isPartOf\":{\"@id\":\"https:\\\/\\\/lovme.pt\\\/#website\"},\"primaryImageOfPage\":{\"@id\":\"https:\\\/\\\/lovme.pt\\\/index.php\\\/produto\\\/fetish-fantasy-series-gag-com-grampas-de-nipple\\\/#primaryimage\"},\"image\":{\"@id\":\"https:\\\/\\\/lovme.pt\\\/index.php\\\/produto\\\/fetish-fantasy-series-gag-com-grampas-de-nipple\\\/#primaryimage\"},\"thumbnailUrl\":\"https:\\\/\\\/erki24nd3ub.exactdn.com\\\/wp-content\\\/uploads\\\/dream\\\/img\\\/img_155441_bd0044cc918f6e9d10dbef9e47ab5551_1.jpg?strip=all\",\"datePublished\":\"2025-09-30T22:54:31+00:00\",\"dateModified\":\"2026-02-19T20:13:33+00:00\",\"breadcrumb\":{\"@id\":\"https:\\\/\\\/lovme.pt\\\/index.php\\\/produto\\\/fetish-fantasy-series-gag-com-grampas-de-nipple\\\/#breadcrumb\"},\"inLanguage\":\"pt-PT\",\"potentialAction\":[{\"@type\":\"ReadAction\",\"target\":[\"https:\\\/\\\/lovme.pt\\\/index.php\\\/produto\\\/fetish-fantasy-series-gag-com-grampas-de-nipple\\\/\"]}]},{\"@type\":\"ImageObject\",\"inLanguage\":\"pt-PT\",\"@id\":\"https:\\\/\\\/lovme.pt\\\/index.php\\\/produto\\\/fetish-fantasy-series-gag-com-grampas-de-nipple\\\/#primaryimage\",\"url\":\"https:\\\/\\\/erki24nd3ub.exactdn.com\\\/wp-content\\\/uploads\\\/dream\\\/img\\\/img_155441_bd0044cc918f6e9d10dbef9e47ab5551_1.jpg?strip=all\",\"contentUrl\":\"https:\\\/\\\/erki24nd3ub.exactdn.com\\\/wp-content\\\/uploads\\\/dream\\\/img\\\/img_155441_bd0044cc918f6e9d10dbef9e47ab5551_1.jpg?strip=all\",\"width\":800,\"height\":800},{\"@type\":\"BreadcrumbList\",\"@id\":\"https:\\\/\\\/lovme.pt\\\/index.php\\\/produto\\\/fetish-fantasy-series-gag-com-grampas-de-nipple\\\/#breadcrumb\",\"itemListElement\":[{\"@type\":\"ListItem\",\"position\":1,\"name\":\"In\u00edcio\",\"item\":\"https:\\\/\\\/lovme.pt\\\/\"},{\"@type\":\"ListItem\",\"position\":2,\"name\":\"Loja\",\"item\":\"https:\\\/\\\/lovme.pt\\\/index.php\\\/loja\\\/\"},{\"@type\":\"ListItem\",\"position\":3,\"name\":\"FETISH FANTASY SERIES &#8211; GAG COM GRAMPAS DE NIPPLE\"}]},{\"@type\":\"WebSite\",\"@id\":\"https:\\\/\\\/lovme.pt\\\/#website\",\"url\":\"https:\\\/\\\/lovme.pt\\\/\",\"name\":\"Lovme Loja Er\u00f3tica N\u00ba1 em Portugal\",\"description\":\"A melhor loja er\u00f3tica de Portugal.\",\"alternateName\":\"Loja Er\u00f3tica Lovme\",\"potentialAction\":[{\"@type\":\"SearchAction\",\"target\":{\"@type\":\"EntryPoint\",\"urlTemplate\":\"https:\\\/\\\/lovme.pt\\\/?s={search_term_string}\"},\"query-input\":{\"@type\":\"PropertyValueSpecification\",\"valueRequired\":true,\"valueName\":\"search_term_string\"}}],\"inLanguage\":\"pt-PT\"}]}<\/script>\n<!-- \/ Yoast SEO plugin. -->","yoast_head_json":{"title":"FETISH FANTASY SERIES - GAG COM GRAMPAS DE NIPPLE - Lovme","robots":{"index":"index","follow":"follow","max-snippet":"max-snippet:-1","max-image-preview":"max-image-preview:large","max-video-preview":"max-video-preview:-1"},"canonical":"https:\/\/lovme.pt\/index.php\/produto\/fetish-fantasy-series-gag-com-grampas-de-nipple\/","og_locale":"pt_PT","og_type":"article","og_title":"FETISH FANTASY SERIES - GAG COM GRAMPAS DE NIPPLE - Lovme","og_description":"FETISH FANTASY SERIES - GAG COM GRAMPAS DE NIPPLE","og_url":"https:\/\/lovme.pt\/index.php\/produto\/fetish-fantasy-series-gag-com-grampas-de-nipple\/","og_site_name":"Lovme","article_modified_time":"2026-02-19T20:13:33+00:00","og_image":[{"width":800,"height":800,"url":"https:\/\/erki24nd3ub.exactdn.com\/wp-content\/uploads\/dream\/img\/img_155441_bd0044cc918f6e9d10dbef9e47ab5551_1.jpg?strip=all","type":"image\/jpeg"}],"twitter_card":"summary_large_image","twitter_misc":{"Tempo estimado de leitura":"2 minutos"},"schema":{"@context":"https:\/\/schema.org","@graph":[{"@type":"WebPage","@id":"https:\/\/lovme.pt\/index.php\/produto\/fetish-fantasy-series-gag-com-grampas-de-nipple\/","url":"https:\/\/lovme.pt\/index.php\/produto\/fetish-fantasy-series-gag-com-grampas-de-nipple\/","name":"FETISH FANTASY SERIES - GAG COM GRAMPAS DE NIPPLE - Lovme","isPartOf":{"@id":"https:\/\/lovme.pt\/#website"},"primaryImageOfPage":{"@id":"https:\/\/lovme.pt\/index.php\/produto\/fetish-fantasy-series-gag-com-grampas-de-nipple\/#primaryimage"},"image":{"@id":"https:\/\/lovme.pt\/index.php\/produto\/fetish-fantasy-series-gag-com-grampas-de-nipple\/#primaryimage"},"thumbnailUrl":"https:\/\/erki24nd3ub.exactdn.com\/wp-content\/uploads\/dream\/img\/img_155441_bd0044cc918f6e9d10dbef9e47ab5551_1.jpg?strip=all","datePublished":"2025-09-30T22:54:31+00:00","dateModified":"2026-02-19T20:13:33+00:00","breadcrumb":{"@id":"https:\/\/lovme.pt\/index.php\/produto\/fetish-fantasy-series-gag-com-grampas-de-nipple\/#breadcrumb"},"inLanguage":"pt-PT","potentialAction":[{"@type":"ReadAction","target":["https:\/\/lovme.pt\/index.php\/produto\/fetish-fantasy-series-gag-com-grampas-de-nipple\/"]}]},{"@type":"ImageObject","inLanguage":"pt-PT","@id":"https:\/\/lovme.pt\/index.php\/produto\/fetish-fantasy-series-gag-com-grampas-de-nipple\/#primaryimage","url":"https:\/\/erki24nd3ub.exactdn.com\/wp-content\/uploads\/dream\/img\/img_155441_bd0044cc918f6e9d10dbef9e47ab5551_1.jpg?strip=all","contentUrl":"https:\/\/erki24nd3ub.exactdn.com\/wp-content\/uploads\/dream\/img\/img_155441_bd0044cc918f6e9d10dbef9e47ab5551_1.jpg?strip=all","width":800,"height":800},{"@type":"BreadcrumbList","@id":"https:\/\/lovme.pt\/index.php\/produto\/fetish-fantasy-series-gag-com-grampas-de-nipple\/#breadcrumb","itemListElement":[{"@type":"ListItem","position":1,"name":"In\u00edcio","item":"https:\/\/lovme.pt\/"},{"@type":"ListItem","position":2,"name":"Loja","item":"https:\/\/lovme.pt\/index.php\/loja\/"},{"@type":"ListItem","position":3,"name":"FETISH FANTASY SERIES &#8211; GAG COM GRAMPAS DE NIPPLE"}]},{"@type":"WebSite","@id":"https:\/\/lovme.pt\/#website","url":"https:\/\/lovme.pt\/","name":"Lovme Loja Er\u00f3tica N\u00ba1 em Portugal","description":"A melhor loja er\u00f3tica de Portugal.","alternateName":"Loja Er\u00f3tica Lovme","potentialAction":[{"@type":"SearchAction","target":{"@type":"EntryPoint","urlTemplate":"https:\/\/lovme.pt\/?s={search_term_string}"},"query-input":{"@type":"PropertyValueSpecification","valueRequired":true,"valueName":"search_term_string"}}],"inLanguage":"pt-PT"}]}},"_links":{"self":[{"href":"https:\/\/lovme.pt\/index.php\/wp-json\/wp\/v2\/product\/45038","targetHints":{"allow":["GET"]}}],"collection":[{"href":"https:\/\/lovme.pt\/index.php\/wp-json\/wp\/v2\/product"}],"about":[{"href":"https:\/\/lovme.pt\/index.php\/wp-json\/wp\/v2\/types\/product"}],"wp:featuredmedia":[{"embeddable":true,"href":"https:\/\/lovme.pt\/index.php\/wp-json\/wp\/v2\/media\/82034"}],"wp:attachment":[{"href":"https:\/\/lovme.pt\/index.php\/wp-json\/wp\/v2\/media?parent=45038"}],"wp:term":[{"taxonomy":"product_brand","embeddable":true,"href":"https:\/\/lovme.pt\/index.php\/wp-json\/wp\/v2\/product_brand?post=45038"},{"taxonomy":"product_cat","embeddable":true,"href":"https:\/\/lovme.pt\/index.php\/wp-json\/wp\/v2\/product_cat?post=45038"},{"taxonomy":"product_tag","embeddable":true,"href":"https:\/\/lovme.pt\/index.php\/wp-json\/wp\/v2\/product_tag?post=45038"}],"curies":[{"name":"wp","href":"https:\/\/api.w.org\/{rel}","templated":true}]}}