{"id":45034,"date":"2025-09-30T10:11:47","date_gmt":"2025-09-30T10:11:47","guid":{"rendered":"https:\/\/lovme.pt\/?post_type=product&p=45034"},"modified":"2026-02-19T20:06:53","modified_gmt":"2026-02-19T20:06:53","slug":"anal-fantasy-elite-collection-anal-balls-ass-gasm-cockring","status":"publish","type":"product","link":"https:\/\/lovme.pt\/index.php\/produto\/anal-fantasy-elite-collection-anal-balls-ass-gasm-cockring\/","title":{"rendered":"ANAL FANTASY ELITE COLLECTION -ANAL BALLS ASS-GASM COCKRING"},"content":{"rendered":"<p>O anel peniano <strong>Ass-Gasm<\/strong> mais vendido agora est\u00e1 dispon\u00edvel em uma vers\u00e3o com mi\u00e7angas para iniciantes! Desfrute das ejacula\u00e7\u00f5es mais explosivas j\u00e1 vistas com as contas anais <strong>Ass-Gasm Cockring<\/strong> .<\/p>\n<p> Feito inteiramente de nosso silicone Elite suave como a seda, este plug vest\u00edvel tamb\u00e9m funciona como um anel peniano para melhorar o desempenho, permitindo ao usu\u00e1rio prolongar a ejacula\u00e7\u00e3o e prolongar a divers\u00e3o enquanto desfruta de uma incr\u00edvel estimula\u00e7\u00e3o da pr\u00f3stata. Com as contas anais <strong>Ass-Gasm Cockring<\/strong> em sua bunda e o anel enrolado confortavelmente em torno de seu p\u00eanis e bolas, voc\u00ea ficar\u00e1 mais duro e forte do que nunca!<\/p>\n<p> O anel de silicone super el\u00e1stico pressiona as decep\u00e7\u00f5es de desempenho, mantendo ere\u00e7\u00f5es firmes que duram e duram! As bolas graduadas facilitam a entrada e a recupera\u00e7\u00e3o, enquanto o eixo fino e c\u00f4nico garante que o plugue permane\u00e7a no lugar entre suas bochechas quando a a\u00e7\u00e3o esquenta.<\/p>\n<p> Coloque o anel alongado ao redor da base do seu p\u00eanis e bolas e use-o o dia todo para divers\u00e3o duradoura e ejacula\u00e7\u00f5es enormes e poderosas! As contas anais <strong>Ass-Gasm Cockring<\/strong> apresentam uma base exclusiva que foi estrategicamente projetada para permitir que o usu\u00e1rio aplique suavemente press\u00e3o na parte inferior do plugue para facilitar a inser\u00e7\u00e3o confort\u00e1vel. O silicone Elite ultra-higi\u00eanico \u00e9 super flex\u00edvel.<\/p>\n<\/p>\n<p> <u><strong>INFORMA\u00c7\u00c3O EXTRA:<\/strong><\/u><\/p>\n<ul>\n<li> Silicone Elite ultra-higi\u00eanico<\/li>\n<li> Vers\u00e3o em bola do nosso anel peniano Ass-Gasm mais vendido!<\/li>\n<li> Ejacula\u00e7\u00f5es explosivas!<\/li>\n<li> Funciona como bolas e anel peniano<\/li>\n<li> Contas c\u00f4nicas para f\u00e1cil inser\u00e7\u00e3o<\/li>\n<li> Use-o confortavelmente o dia todo<\/li>\n<li> Anel mais largo para um ajuste sem aperto<\/li>\n<\/ul>\n<p> <u><strong>ESPECIFICA\u00c7\u00d5ES:<\/strong><\/u><\/p>\n<\/p>\n<ul>\n<li> <strong>Dimens\u00e3o do produto:<\/strong> 12x12x4cm<\/li>\n<li> <strong>Comprimento total:<\/strong> 12 cm<\/li>\n<li> <strong>Di\u00e2metro:<\/strong> anel C: 4,5 cm<\/li>\n<li> <strong>Comprimento inser\u00edvel:<\/strong> 10cm<\/li>\n<li> <strong>Material:<\/strong> Silicone<\/li>\n<\/ul>\n<p> Nos \u00faltimos 20 anos, <strong>a Pipedream Products<\/strong> criou e desenvolveu alguns dos produtos inovadores mais vendidos do mundo. Esses produtos incluem brinquedos e vibra\u00e7\u00f5es realistas, mas tamb\u00e9m uma ampla variedade de piadas, lo\u00e7\u00f5es, itens fetichistas e presentes. Pipedream \u00e9 uma marca americana fundada em 1973, que dispensa muitas apresenta\u00e7\u00f5es, com mais de 40 anos no setor de brinquedos er\u00f3ticos, \u00e9 atualmente a maior fabricante de produtos er\u00f3ticos do mundo, ocupando n\u00e3o s\u00f3 o primeiro lugar na fabrica\u00e7\u00e3o, mas tamb\u00e9m na vendas, com sede na Calif\u00f3rnia. Pioneiros na comercializa\u00e7\u00e3o de produtos BDSM, na verdade s\u00e3o a marca n\u00famero 1 em vendas de produtos para inicia\u00e7\u00e3o de Bondage. Pipedream engloba mais de 35 marcas er\u00f3ticas e acumulou mais de 70 pr\u00eamios por sua qualidade e inova\u00e7\u00e3o.<\/p>\n","protected":false},"excerpt":{"rendered":"<p>ANAL FANTASY ELITE COLLECTION -ANAL BALLS ASS-GASM COCKRING<\/p>\n","protected":false},"featured_media":63864,"template":"","meta":{"_acf_changed":false},"product_brand":[],"product_cat":[17,60,63],"product_tag":[],"class_list":{"0":"post-45034","1":"product","2":"type-product","3":"status-publish","4":"has-post-thumbnail","6":"product_cat-brinquedos-de-bem-estar-sexual","7":"product_cat-para-eles","8":"product_cat-sexo-anal","9":"yith_product_brand-pipedreamsanal-fantasy-elite-collection","10":"yith_product_brand-pipedreams","12":"first","13":"instock","14":"taxable","15":"shipping-taxable","16":"purchasable","17":"product-type-simple"},"acf":[],"yoast_head":"<!-- This site is optimized with the Yoast SEO plugin v27.4 - https:\/\/yoast.com\/product\/yoast-seo-wordpress\/ -->\n<title>ANAL FANTASY ELITE COLLECTION -ANAL BALLS ASS-GASM COCKRING - Lovme<\/title>\n<meta name=\"robots\" content=\"index, follow, max-snippet:-1, max-image-preview:large, max-video-preview:-1\" \/>\n<link rel=\"canonical\" href=\"https:\/\/lovme.pt\/index.php\/produto\/anal-fantasy-elite-collection-anal-balls-ass-gasm-cockring\/\" \/>\n<meta property=\"og:locale\" content=\"pt_PT\" \/>\n<meta property=\"og:type\" content=\"article\" \/>\n<meta property=\"og:title\" content=\"ANAL FANTASY ELITE COLLECTION -ANAL BALLS ASS-GASM COCKRING - Lovme\" \/>\n<meta property=\"og:description\" content=\"ANAL FANTASY ELITE COLLECTION -ANAL BALLS ASS-GASM COCKRING\" \/>\n<meta property=\"og:url\" content=\"https:\/\/lovme.pt\/index.php\/produto\/anal-fantasy-elite-collection-anal-balls-ass-gasm-cockring\/\" \/>\n<meta property=\"og:site_name\" content=\"Lovme\" \/>\n<meta property=\"article:modified_time\" content=\"2026-02-19T20:06:53+00:00\" \/>\n<meta property=\"og:image\" content=\"https:\/\/erki24nd3ub.exactdn.com\/wp-content\/uploads\/dream\/img\/img_155426_3c87ea352a36fbd5b201000140aaac1f_1.jpg?strip=all\" \/>\n\t<meta property=\"og:image:width\" content=\"800\" \/>\n\t<meta property=\"og:image:height\" content=\"800\" \/>\n\t<meta property=\"og:image:type\" content=\"image\/jpeg\" \/>\n<meta name=\"twitter:card\" content=\"summary_large_image\" \/>\n<meta name=\"twitter:label1\" content=\"Tempo estimado de leitura\" \/>\n\t<meta name=\"twitter:data1\" content=\"2 minutos\" \/>\n<script type=\"application\/ld+json\" class=\"yoast-schema-graph\">{\"@context\":\"https:\\\/\\\/schema.org\",\"@graph\":[{\"@type\":\"WebPage\",\"@id\":\"https:\\\/\\\/lovme.pt\\\/index.php\\\/produto\\\/anal-fantasy-elite-collection-anal-balls-ass-gasm-cockring\\\/\",\"url\":\"https:\\\/\\\/lovme.pt\\\/index.php\\\/produto\\\/anal-fantasy-elite-collection-anal-balls-ass-gasm-cockring\\\/\",\"name\":\"ANAL FANTASY ELITE COLLECTION -ANAL BALLS ASS-GASM COCKRING - Lovme\",\"isPartOf\":{\"@id\":\"https:\\\/\\\/lovme.pt\\\/#website\"},\"primaryImageOfPage\":{\"@id\":\"https:\\\/\\\/lovme.pt\\\/index.php\\\/produto\\\/anal-fantasy-elite-collection-anal-balls-ass-gasm-cockring\\\/#primaryimage\"},\"image\":{\"@id\":\"https:\\\/\\\/lovme.pt\\\/index.php\\\/produto\\\/anal-fantasy-elite-collection-anal-balls-ass-gasm-cockring\\\/#primaryimage\"},\"thumbnailUrl\":\"https:\\\/\\\/erki24nd3ub.exactdn.com\\\/wp-content\\\/uploads\\\/dream\\\/img\\\/img_155426_3c87ea352a36fbd5b201000140aaac1f_1.jpg?strip=all\",\"datePublished\":\"2025-09-30T10:11:47+00:00\",\"dateModified\":\"2026-02-19T20:06:53+00:00\",\"breadcrumb\":{\"@id\":\"https:\\\/\\\/lovme.pt\\\/index.php\\\/produto\\\/anal-fantasy-elite-collection-anal-balls-ass-gasm-cockring\\\/#breadcrumb\"},\"inLanguage\":\"pt-PT\",\"potentialAction\":[{\"@type\":\"ReadAction\",\"target\":[\"https:\\\/\\\/lovme.pt\\\/index.php\\\/produto\\\/anal-fantasy-elite-collection-anal-balls-ass-gasm-cockring\\\/\"]}]},{\"@type\":\"ImageObject\",\"inLanguage\":\"pt-PT\",\"@id\":\"https:\\\/\\\/lovme.pt\\\/index.php\\\/produto\\\/anal-fantasy-elite-collection-anal-balls-ass-gasm-cockring\\\/#primaryimage\",\"url\":\"https:\\\/\\\/erki24nd3ub.exactdn.com\\\/wp-content\\\/uploads\\\/dream\\\/img\\\/img_155426_3c87ea352a36fbd5b201000140aaac1f_1.jpg?strip=all\",\"contentUrl\":\"https:\\\/\\\/erki24nd3ub.exactdn.com\\\/wp-content\\\/uploads\\\/dream\\\/img\\\/img_155426_3c87ea352a36fbd5b201000140aaac1f_1.jpg?strip=all\",\"width\":800,\"height\":800},{\"@type\":\"BreadcrumbList\",\"@id\":\"https:\\\/\\\/lovme.pt\\\/index.php\\\/produto\\\/anal-fantasy-elite-collection-anal-balls-ass-gasm-cockring\\\/#breadcrumb\",\"itemListElement\":[{\"@type\":\"ListItem\",\"position\":1,\"name\":\"In\u00edcio\",\"item\":\"https:\\\/\\\/lovme.pt\\\/\"},{\"@type\":\"ListItem\",\"position\":2,\"name\":\"Loja\",\"item\":\"https:\\\/\\\/lovme.pt\\\/index.php\\\/loja\\\/\"},{\"@type\":\"ListItem\",\"position\":3,\"name\":\"ANAL FANTASY ELITE COLLECTION -ANAL BALLS ASS-GASM COCKRING\"}]},{\"@type\":\"WebSite\",\"@id\":\"https:\\\/\\\/lovme.pt\\\/#website\",\"url\":\"https:\\\/\\\/lovme.pt\\\/\",\"name\":\"Lovme Loja Er\u00f3tica N\u00ba1 em Portugal\",\"description\":\"A melhor loja er\u00f3tica de Portugal.\",\"alternateName\":\"Loja Er\u00f3tica Lovme\",\"potentialAction\":[{\"@type\":\"SearchAction\",\"target\":{\"@type\":\"EntryPoint\",\"urlTemplate\":\"https:\\\/\\\/lovme.pt\\\/?s={search_term_string}\"},\"query-input\":{\"@type\":\"PropertyValueSpecification\",\"valueRequired\":true,\"valueName\":\"search_term_string\"}}],\"inLanguage\":\"pt-PT\"}]}<\/script>\n<!-- \/ Yoast SEO plugin. -->","yoast_head_json":{"title":"ANAL FANTASY ELITE COLLECTION -ANAL BALLS ASS-GASM COCKRING - Lovme","robots":{"index":"index","follow":"follow","max-snippet":"max-snippet:-1","max-image-preview":"max-image-preview:large","max-video-preview":"max-video-preview:-1"},"canonical":"https:\/\/lovme.pt\/index.php\/produto\/anal-fantasy-elite-collection-anal-balls-ass-gasm-cockring\/","og_locale":"pt_PT","og_type":"article","og_title":"ANAL FANTASY ELITE COLLECTION -ANAL BALLS ASS-GASM COCKRING - Lovme","og_description":"ANAL FANTASY ELITE COLLECTION -ANAL BALLS ASS-GASM COCKRING","og_url":"https:\/\/lovme.pt\/index.php\/produto\/anal-fantasy-elite-collection-anal-balls-ass-gasm-cockring\/","og_site_name":"Lovme","article_modified_time":"2026-02-19T20:06:53+00:00","og_image":[{"width":800,"height":800,"url":"https:\/\/erki24nd3ub.exactdn.com\/wp-content\/uploads\/dream\/img\/img_155426_3c87ea352a36fbd5b201000140aaac1f_1.jpg?strip=all","type":"image\/jpeg"}],"twitter_card":"summary_large_image","twitter_misc":{"Tempo estimado de leitura":"2 minutos"},"schema":{"@context":"https:\/\/schema.org","@graph":[{"@type":"WebPage","@id":"https:\/\/lovme.pt\/index.php\/produto\/anal-fantasy-elite-collection-anal-balls-ass-gasm-cockring\/","url":"https:\/\/lovme.pt\/index.php\/produto\/anal-fantasy-elite-collection-anal-balls-ass-gasm-cockring\/","name":"ANAL FANTASY ELITE COLLECTION -ANAL BALLS ASS-GASM COCKRING - Lovme","isPartOf":{"@id":"https:\/\/lovme.pt\/#website"},"primaryImageOfPage":{"@id":"https:\/\/lovme.pt\/index.php\/produto\/anal-fantasy-elite-collection-anal-balls-ass-gasm-cockring\/#primaryimage"},"image":{"@id":"https:\/\/lovme.pt\/index.php\/produto\/anal-fantasy-elite-collection-anal-balls-ass-gasm-cockring\/#primaryimage"},"thumbnailUrl":"https:\/\/erki24nd3ub.exactdn.com\/wp-content\/uploads\/dream\/img\/img_155426_3c87ea352a36fbd5b201000140aaac1f_1.jpg?strip=all","datePublished":"2025-09-30T10:11:47+00:00","dateModified":"2026-02-19T20:06:53+00:00","breadcrumb":{"@id":"https:\/\/lovme.pt\/index.php\/produto\/anal-fantasy-elite-collection-anal-balls-ass-gasm-cockring\/#breadcrumb"},"inLanguage":"pt-PT","potentialAction":[{"@type":"ReadAction","target":["https:\/\/lovme.pt\/index.php\/produto\/anal-fantasy-elite-collection-anal-balls-ass-gasm-cockring\/"]}]},{"@type":"ImageObject","inLanguage":"pt-PT","@id":"https:\/\/lovme.pt\/index.php\/produto\/anal-fantasy-elite-collection-anal-balls-ass-gasm-cockring\/#primaryimage","url":"https:\/\/erki24nd3ub.exactdn.com\/wp-content\/uploads\/dream\/img\/img_155426_3c87ea352a36fbd5b201000140aaac1f_1.jpg?strip=all","contentUrl":"https:\/\/erki24nd3ub.exactdn.com\/wp-content\/uploads\/dream\/img\/img_155426_3c87ea352a36fbd5b201000140aaac1f_1.jpg?strip=all","width":800,"height":800},{"@type":"BreadcrumbList","@id":"https:\/\/lovme.pt\/index.php\/produto\/anal-fantasy-elite-collection-anal-balls-ass-gasm-cockring\/#breadcrumb","itemListElement":[{"@type":"ListItem","position":1,"name":"In\u00edcio","item":"https:\/\/lovme.pt\/"},{"@type":"ListItem","position":2,"name":"Loja","item":"https:\/\/lovme.pt\/index.php\/loja\/"},{"@type":"ListItem","position":3,"name":"ANAL FANTASY ELITE COLLECTION -ANAL BALLS ASS-GASM COCKRING"}]},{"@type":"WebSite","@id":"https:\/\/lovme.pt\/#website","url":"https:\/\/lovme.pt\/","name":"Lovme Loja Er\u00f3tica N\u00ba1 em Portugal","description":"A melhor loja er\u00f3tica de Portugal.","alternateName":"Loja Er\u00f3tica Lovme","potentialAction":[{"@type":"SearchAction","target":{"@type":"EntryPoint","urlTemplate":"https:\/\/lovme.pt\/?s={search_term_string}"},"query-input":{"@type":"PropertyValueSpecification","valueRequired":true,"valueName":"search_term_string"}}],"inLanguage":"pt-PT"}]}},"_links":{"self":[{"href":"https:\/\/lovme.pt\/index.php\/wp-json\/wp\/v2\/product\/45034","targetHints":{"allow":["GET"]}}],"collection":[{"href":"https:\/\/lovme.pt\/index.php\/wp-json\/wp\/v2\/product"}],"about":[{"href":"https:\/\/lovme.pt\/index.php\/wp-json\/wp\/v2\/types\/product"}],"wp:featuredmedia":[{"embeddable":true,"href":"https:\/\/lovme.pt\/index.php\/wp-json\/wp\/v2\/media\/63864"}],"wp:attachment":[{"href":"https:\/\/lovme.pt\/index.php\/wp-json\/wp\/v2\/media?parent=45034"}],"wp:term":[{"taxonomy":"product_brand","embeddable":true,"href":"https:\/\/lovme.pt\/index.php\/wp-json\/wp\/v2\/product_brand?post=45034"},{"taxonomy":"product_cat","embeddable":true,"href":"https:\/\/lovme.pt\/index.php\/wp-json\/wp\/v2\/product_cat?post=45034"},{"taxonomy":"product_tag","embeddable":true,"href":"https:\/\/lovme.pt\/index.php\/wp-json\/wp\/v2\/product_tag?post=45034"}],"curies":[{"name":"wp","href":"https:\/\/api.w.org\/{rel}","templated":true}]}}