{"id":45032,"date":"2025-10-01T00:05:33","date_gmt":"2025-10-01T00:05:33","guid":{"rendered":"https:\/\/lovme.pt\/?post_type=product&p=45032"},"modified":"2026-02-19T20:14:19","modified_gmt":"2026-02-19T20:14:19","slug":"anal-fantasy-elite-collection-plug-vibrador-de-anal-cockring-ass-gasm","status":"publish","type":"product","link":"https:\/\/lovme.pt\/index.php\/produto\/anal-fantasy-elite-collection-plug-vibrador-de-anal-cockring-ass-gasm\/","title":{"rendered":"ANAL FANTASY ELITE COLLECTION &#8211; PLUG VIBRADOR DE ANAL COCKRING ASS-GASM"},"content":{"rendered":"<p>Nosso anel <strong>peniano Ass-Gasm<\/strong> mais vendido agora est\u00e1 dispon\u00edvel em uma vers\u00e3o vibrat\u00f3ria poderosa! Desfrute das ejacula\u00e7\u00f5es mais explosivas de todos os tempos com o <strong>plug vibrat\u00f3rio Ass-Gasm Cockring.<\/strong><\/p>\n<p>Feito inteiramente de nosso silicone Elite suave como a seda, este plug vest\u00edvel funciona como um anel peniano que melhora o desempenho, permitindo ao usu\u00e1rio prolongar a ejacula\u00e7\u00e3o e prolongar a divers\u00e3o enquanto desfruta de uma incr\u00edvel estimula\u00e7\u00e3o da pr\u00f3stata. A chave para o jogo anal \u00e9 ir devagar! Tentar a penetra\u00e7\u00e3o anal antes de estar devidamente excitado pode ser desagrad\u00e1vel, ent\u00e3o relaxe para aproveitar a experi\u00eancia.<\/p>\n<p>Brincar com os dedos \u00e9 uma \u00f3tima maneira de relaxar o \u00e2nus. O \u00e2nus e o reto n\u00e3o possuem um sistema de lubrifica\u00e7\u00e3o natural como a vagina, ent\u00e3o use bastante Moist\u00ae Anal Lube para reduzir o atrito e aumentar o prazer. Com o <strong>Ass-Gasm<\/strong> na sua bunda e o anel bem enrolado em seu pau, voc\u00ea ficar\u00e1 mais duro e forte do que nunca! O anel de silicone super el\u00e1stico pressiona as quedas de desempenho, mantendo ere\u00e7\u00f5es firmes que duram e duram!<\/p>\n<p>A cabe\u00e7a redonda e lisa facilita a entrada e a recupera\u00e7\u00e3o, enquanto a haste fina e c\u00f4nica garante que o plugue permanecer\u00e1 no lugar entre suas bochechas quando a a\u00e7\u00e3o esquentar. Coloque o anel ao redor da base do seu pau e bolas e use-o o dia todo para divers\u00e3o duradoura e ejacula\u00e7\u00f5es enormes e poderosas! Com o apertar de um bot\u00e3o, a bala poderosa proporciona vibra\u00e7\u00f5es incr\u00edveis exatamente onde voc\u00ea mais deseja.<\/p>\n<p>Experimente no duche ou no spa para transformar a hora do banho num momento de prazer! Nosso ultra-higi\u00eanico Elite Silicone \u00e9 super flex\u00edvel. A limpeza \u00e9 muito f\u00e1cil depois da divers\u00e3o com Refresh\u00ae Toy Cleaner e \u00e1gua morna<\/p>\n<p><u><strong>ESPECIFICA\u00c7\u00d5ES:<\/strong><\/u><\/p>\n<p>\u00a0<\/p>\n<ul>\n<li><strong>Comprimento total:<\/strong> 15 cm &#8211; 6 polegadas<\/li>\n<li><strong>Di\u00e2metro:<\/strong> 4 cm<\/li>\n<li><strong>Comprimento inser\u00edvel:<\/strong> 8,9 cm<\/li>\n<li><strong>Resist\u00eancia \u00e0 \u00e1gua:<\/strong> \u00e0 prova d\u00e1gua<\/li>\n<li><strong>Material:<\/strong> Silicone  abd\u00f4men<\/li>\n<li><strong>Baterias:<\/strong> AAA<\/li>\n<li><strong>Quantidade de bateria:<\/strong> 1<\/li>\n<li><strong>Baterias inclu\u00eddas:<\/strong> N\u00e3o<\/li>\n<\/ul>\n<p>\u00a0<\/p>\n<p>\u00a0<\/p>\n<p>Nos \u00faltimos 20 anos, <strong>a Pipedream Products<\/strong> criou e desenvolveu alguns dos produtos inovadores mais vendidos no mundo. Esses produtos incluem brinquedos e vibra\u00e7\u00f5es realistas, mas tamb\u00e9m uma ampla variedade de piadas, lo\u00e7\u00f5es, itens fetichistas e presentes. Pipedream \u00e9 uma marca americana fundada em 1973, que dispensa muitas apresenta\u00e7\u00f5es, com mais de 40 anos no setor de brinquedos er\u00f3ticos, atualmente \u00e9 a maior fabricante de produtos er\u00f3ticos do mundo, ocupando n\u00e3o s\u00f3 o primeiro lugar na fabrica\u00e7\u00e3o, mas tamb\u00e9m em vendas, com sede na Calif\u00f3rnia. Pioneiros na comercializa\u00e7\u00e3o de produtos BDSM, ali\u00e1s s\u00e3o a marca n\u00famero 1 em vendas de produtos para introdu\u00e7\u00e3o ao Bondage. Pipedream engloba mais de 35 marcas er\u00f3ticas e acumulou mais de 70 pr\u00eamios por sua qualidade e inova\u00e7\u00e3o.<\/p>\n","protected":false},"excerpt":{"rendered":"<p>ANAL FANTASY ELITE COLLECTION &#8211; PLUG VIBRADOR DE ANAL COCKRING ASS-GASM<\/p>\n","protected":false},"featured_media":84414,"template":"","meta":{"_acf_changed":false},"product_brand":[],"product_cat":[48,17,59,60,62,63,76],"product_tag":[],"class_list":{"0":"post-45032","1":"product","2":"type-product","3":"status-publish","4":"has-post-thumbnail","6":"product_cat-bdsm","7":"product_cat-brinquedos-de-bem-estar-sexual","8":"product_cat-para-casais","9":"product_cat-para-eles","10":"product_cat-plugues-e-correntes-anais","11":"product_cat-sexo-anal","12":"product_cat-vibradores","13":"yith_product_brand-pipedreamsanal-fantasy-elite-collection","14":"yith_product_brand-pipedreams","16":"first","17":"instock","18":"taxable","19":"shipping-taxable","20":"purchasable","21":"product-type-simple"},"acf":[],"yoast_head":"<!-- This site is optimized with the Yoast SEO plugin v27.4 - https:\/\/yoast.com\/product\/yoast-seo-wordpress\/ -->\n<title>ANAL FANTASY ELITE COLLECTION - PLUG VIBRADOR DE ANAL COCKRING ASS-GASM - Lovme<\/title>\n<meta name=\"robots\" content=\"index, follow, max-snippet:-1, max-image-preview:large, max-video-preview:-1\" \/>\n<link rel=\"canonical\" href=\"https:\/\/lovme.pt\/index.php\/produto\/anal-fantasy-elite-collection-plug-vibrador-de-anal-cockring-ass-gasm\/\" \/>\n<meta property=\"og:locale\" content=\"pt_PT\" \/>\n<meta property=\"og:type\" content=\"article\" \/>\n<meta property=\"og:title\" content=\"ANAL FANTASY ELITE COLLECTION - PLUG VIBRADOR DE ANAL COCKRING ASS-GASM - Lovme\" \/>\n<meta property=\"og:description\" content=\"ANAL FANTASY ELITE COLLECTION - PLUG VIBRADOR DE ANAL COCKRING ASS-GASM\" \/>\n<meta property=\"og:url\" content=\"https:\/\/lovme.pt\/index.php\/produto\/anal-fantasy-elite-collection-plug-vibrador-de-anal-cockring-ass-gasm\/\" \/>\n<meta property=\"og:site_name\" content=\"Lovme\" \/>\n<meta property=\"article:modified_time\" content=\"2026-02-19T20:14:19+00:00\" \/>\n<meta property=\"og:image\" content=\"https:\/\/erki24nd3ub.exactdn.com\/wp-content\/uploads\/dream\/img\/img_155418_a3fe97f72d80955a2657eee2c0c0e9f1_1.jpg?strip=all\" \/>\n\t<meta property=\"og:image:width\" content=\"800\" \/>\n\t<meta property=\"og:image:height\" content=\"800\" \/>\n\t<meta property=\"og:image:type\" content=\"image\/jpeg\" \/>\n<meta name=\"twitter:card\" content=\"summary_large_image\" \/>\n<meta name=\"twitter:label1\" content=\"Tempo estimado de leitura\" \/>\n\t<meta name=\"twitter:data1\" content=\"2 minutos\" \/>\n<script type=\"application\/ld+json\" class=\"yoast-schema-graph\">{\"@context\":\"https:\\\/\\\/schema.org\",\"@graph\":[{\"@type\":\"WebPage\",\"@id\":\"https:\\\/\\\/lovme.pt\\\/index.php\\\/produto\\\/anal-fantasy-elite-collection-plug-vibrador-de-anal-cockring-ass-gasm\\\/\",\"url\":\"https:\\\/\\\/lovme.pt\\\/index.php\\\/produto\\\/anal-fantasy-elite-collection-plug-vibrador-de-anal-cockring-ass-gasm\\\/\",\"name\":\"ANAL FANTASY ELITE COLLECTION - PLUG VIBRADOR DE ANAL COCKRING ASS-GASM - Lovme\",\"isPartOf\":{\"@id\":\"https:\\\/\\\/lovme.pt\\\/#website\"},\"primaryImageOfPage\":{\"@id\":\"https:\\\/\\\/lovme.pt\\\/index.php\\\/produto\\\/anal-fantasy-elite-collection-plug-vibrador-de-anal-cockring-ass-gasm\\\/#primaryimage\"},\"image\":{\"@id\":\"https:\\\/\\\/lovme.pt\\\/index.php\\\/produto\\\/anal-fantasy-elite-collection-plug-vibrador-de-anal-cockring-ass-gasm\\\/#primaryimage\"},\"thumbnailUrl\":\"https:\\\/\\\/erki24nd3ub.exactdn.com\\\/wp-content\\\/uploads\\\/dream\\\/img\\\/img_155418_a3fe97f72d80955a2657eee2c0c0e9f1_1.jpg?strip=all\",\"datePublished\":\"2025-10-01T00:05:33+00:00\",\"dateModified\":\"2026-02-19T20:14:19+00:00\",\"breadcrumb\":{\"@id\":\"https:\\\/\\\/lovme.pt\\\/index.php\\\/produto\\\/anal-fantasy-elite-collection-plug-vibrador-de-anal-cockring-ass-gasm\\\/#breadcrumb\"},\"inLanguage\":\"pt-PT\",\"potentialAction\":[{\"@type\":\"ReadAction\",\"target\":[\"https:\\\/\\\/lovme.pt\\\/index.php\\\/produto\\\/anal-fantasy-elite-collection-plug-vibrador-de-anal-cockring-ass-gasm\\\/\"]}]},{\"@type\":\"ImageObject\",\"inLanguage\":\"pt-PT\",\"@id\":\"https:\\\/\\\/lovme.pt\\\/index.php\\\/produto\\\/anal-fantasy-elite-collection-plug-vibrador-de-anal-cockring-ass-gasm\\\/#primaryimage\",\"url\":\"https:\\\/\\\/erki24nd3ub.exactdn.com\\\/wp-content\\\/uploads\\\/dream\\\/img\\\/img_155418_a3fe97f72d80955a2657eee2c0c0e9f1_1.jpg?strip=all\",\"contentUrl\":\"https:\\\/\\\/erki24nd3ub.exactdn.com\\\/wp-content\\\/uploads\\\/dream\\\/img\\\/img_155418_a3fe97f72d80955a2657eee2c0c0e9f1_1.jpg?strip=all\",\"width\":800,\"height\":800},{\"@type\":\"BreadcrumbList\",\"@id\":\"https:\\\/\\\/lovme.pt\\\/index.php\\\/produto\\\/anal-fantasy-elite-collection-plug-vibrador-de-anal-cockring-ass-gasm\\\/#breadcrumb\",\"itemListElement\":[{\"@type\":\"ListItem\",\"position\":1,\"name\":\"In\u00edcio\",\"item\":\"https:\\\/\\\/lovme.pt\\\/\"},{\"@type\":\"ListItem\",\"position\":2,\"name\":\"Loja\",\"item\":\"https:\\\/\\\/lovme.pt\\\/index.php\\\/loja\\\/\"},{\"@type\":\"ListItem\",\"position\":3,\"name\":\"ANAL FANTASY ELITE COLLECTION &#8211; PLUG VIBRADOR DE ANAL COCKRING ASS-GASM\"}]},{\"@type\":\"WebSite\",\"@id\":\"https:\\\/\\\/lovme.pt\\\/#website\",\"url\":\"https:\\\/\\\/lovme.pt\\\/\",\"name\":\"Lovme Loja Er\u00f3tica N\u00ba1 em Portugal\",\"description\":\"A melhor loja er\u00f3tica de Portugal.\",\"alternateName\":\"Loja Er\u00f3tica Lovme\",\"potentialAction\":[{\"@type\":\"SearchAction\",\"target\":{\"@type\":\"EntryPoint\",\"urlTemplate\":\"https:\\\/\\\/lovme.pt\\\/?s={search_term_string}\"},\"query-input\":{\"@type\":\"PropertyValueSpecification\",\"valueRequired\":true,\"valueName\":\"search_term_string\"}}],\"inLanguage\":\"pt-PT\"}]}<\/script>\n<!-- \/ Yoast SEO plugin. -->","yoast_head_json":{"title":"ANAL FANTASY ELITE COLLECTION - PLUG VIBRADOR DE ANAL COCKRING ASS-GASM - Lovme","robots":{"index":"index","follow":"follow","max-snippet":"max-snippet:-1","max-image-preview":"max-image-preview:large","max-video-preview":"max-video-preview:-1"},"canonical":"https:\/\/lovme.pt\/index.php\/produto\/anal-fantasy-elite-collection-plug-vibrador-de-anal-cockring-ass-gasm\/","og_locale":"pt_PT","og_type":"article","og_title":"ANAL FANTASY ELITE COLLECTION - PLUG VIBRADOR DE ANAL COCKRING ASS-GASM - Lovme","og_description":"ANAL FANTASY ELITE COLLECTION - PLUG VIBRADOR DE ANAL COCKRING ASS-GASM","og_url":"https:\/\/lovme.pt\/index.php\/produto\/anal-fantasy-elite-collection-plug-vibrador-de-anal-cockring-ass-gasm\/","og_site_name":"Lovme","article_modified_time":"2026-02-19T20:14:19+00:00","og_image":[{"width":800,"height":800,"url":"https:\/\/erki24nd3ub.exactdn.com\/wp-content\/uploads\/dream\/img\/img_155418_a3fe97f72d80955a2657eee2c0c0e9f1_1.jpg?strip=all","type":"image\/jpeg"}],"twitter_card":"summary_large_image","twitter_misc":{"Tempo estimado de leitura":"2 minutos"},"schema":{"@context":"https:\/\/schema.org","@graph":[{"@type":"WebPage","@id":"https:\/\/lovme.pt\/index.php\/produto\/anal-fantasy-elite-collection-plug-vibrador-de-anal-cockring-ass-gasm\/","url":"https:\/\/lovme.pt\/index.php\/produto\/anal-fantasy-elite-collection-plug-vibrador-de-anal-cockring-ass-gasm\/","name":"ANAL FANTASY ELITE COLLECTION - PLUG VIBRADOR DE ANAL COCKRING ASS-GASM - Lovme","isPartOf":{"@id":"https:\/\/lovme.pt\/#website"},"primaryImageOfPage":{"@id":"https:\/\/lovme.pt\/index.php\/produto\/anal-fantasy-elite-collection-plug-vibrador-de-anal-cockring-ass-gasm\/#primaryimage"},"image":{"@id":"https:\/\/lovme.pt\/index.php\/produto\/anal-fantasy-elite-collection-plug-vibrador-de-anal-cockring-ass-gasm\/#primaryimage"},"thumbnailUrl":"https:\/\/erki24nd3ub.exactdn.com\/wp-content\/uploads\/dream\/img\/img_155418_a3fe97f72d80955a2657eee2c0c0e9f1_1.jpg?strip=all","datePublished":"2025-10-01T00:05:33+00:00","dateModified":"2026-02-19T20:14:19+00:00","breadcrumb":{"@id":"https:\/\/lovme.pt\/index.php\/produto\/anal-fantasy-elite-collection-plug-vibrador-de-anal-cockring-ass-gasm\/#breadcrumb"},"inLanguage":"pt-PT","potentialAction":[{"@type":"ReadAction","target":["https:\/\/lovme.pt\/index.php\/produto\/anal-fantasy-elite-collection-plug-vibrador-de-anal-cockring-ass-gasm\/"]}]},{"@type":"ImageObject","inLanguage":"pt-PT","@id":"https:\/\/lovme.pt\/index.php\/produto\/anal-fantasy-elite-collection-plug-vibrador-de-anal-cockring-ass-gasm\/#primaryimage","url":"https:\/\/erki24nd3ub.exactdn.com\/wp-content\/uploads\/dream\/img\/img_155418_a3fe97f72d80955a2657eee2c0c0e9f1_1.jpg?strip=all","contentUrl":"https:\/\/erki24nd3ub.exactdn.com\/wp-content\/uploads\/dream\/img\/img_155418_a3fe97f72d80955a2657eee2c0c0e9f1_1.jpg?strip=all","width":800,"height":800},{"@type":"BreadcrumbList","@id":"https:\/\/lovme.pt\/index.php\/produto\/anal-fantasy-elite-collection-plug-vibrador-de-anal-cockring-ass-gasm\/#breadcrumb","itemListElement":[{"@type":"ListItem","position":1,"name":"In\u00edcio","item":"https:\/\/lovme.pt\/"},{"@type":"ListItem","position":2,"name":"Loja","item":"https:\/\/lovme.pt\/index.php\/loja\/"},{"@type":"ListItem","position":3,"name":"ANAL FANTASY ELITE COLLECTION &#8211; PLUG VIBRADOR DE ANAL COCKRING ASS-GASM"}]},{"@type":"WebSite","@id":"https:\/\/lovme.pt\/#website","url":"https:\/\/lovme.pt\/","name":"Lovme Loja Er\u00f3tica N\u00ba1 em Portugal","description":"A melhor loja er\u00f3tica de Portugal.","alternateName":"Loja Er\u00f3tica Lovme","potentialAction":[{"@type":"SearchAction","target":{"@type":"EntryPoint","urlTemplate":"https:\/\/lovme.pt\/?s={search_term_string}"},"query-input":{"@type":"PropertyValueSpecification","valueRequired":true,"valueName":"search_term_string"}}],"inLanguage":"pt-PT"}]}},"_links":{"self":[{"href":"https:\/\/lovme.pt\/index.php\/wp-json\/wp\/v2\/product\/45032","targetHints":{"allow":["GET"]}}],"collection":[{"href":"https:\/\/lovme.pt\/index.php\/wp-json\/wp\/v2\/product"}],"about":[{"href":"https:\/\/lovme.pt\/index.php\/wp-json\/wp\/v2\/types\/product"}],"wp:featuredmedia":[{"embeddable":true,"href":"https:\/\/lovme.pt\/index.php\/wp-json\/wp\/v2\/media\/84414"}],"wp:attachment":[{"href":"https:\/\/lovme.pt\/index.php\/wp-json\/wp\/v2\/media?parent=45032"}],"wp:term":[{"taxonomy":"product_brand","embeddable":true,"href":"https:\/\/lovme.pt\/index.php\/wp-json\/wp\/v2\/product_brand?post=45032"},{"taxonomy":"product_cat","embeddable":true,"href":"https:\/\/lovme.pt\/index.php\/wp-json\/wp\/v2\/product_cat?post=45032"},{"taxonomy":"product_tag","embeddable":true,"href":"https:\/\/lovme.pt\/index.php\/wp-json\/wp\/v2\/product_tag?post=45032"}],"curies":[{"name":"wp","href":"https:\/\/api.w.org\/{rel}","templated":true}]}}