{"id":45029,"date":"2025-10-01T02:29:13","date_gmt":"2025-10-01T02:29:13","guid":{"rendered":"https:\/\/lovme.pt\/?post_type=product&p=45029"},"modified":"2026-02-19T20:19:10","modified_gmt":"2026-02-19T20:19:10","slug":"jamyjob-vortex-thrusting-e-360-rotate-tech-turbo-mode-masturbator","status":"publish","type":"product","link":"https:\/\/lovme.pt\/index.php\/produto\/jamyjob-vortex-thrusting-e-360-rotate-tech-turbo-mode-masturbator\/","title":{"rendered":"JAMYJOB &#8211; VORTEX THRUSTING E 360 ROTATE TECH TURBO MODE MASTURBATOR"},"content":{"rendered":"<p>O masturbador masculino para cima e para baixo <strong>JAMYJOB<\/strong> <strong>VORTEX<\/strong> \u00e9 um brinquedo de prazer de alto desempenho que o levar\u00e1 a novos patamares de satisfa\u00e7\u00e3o. Em preto elegante com detalhes em vermelho profundo, este dispositivo oferece uma s\u00e9rie de recursos excepcionais.<\/p>\n<p><u><em><strong>Caracter\u00edsticas:<\/strong><\/em><\/u><\/p>\n<ul>\n<li><strong>Modos de estimula\u00e7\u00e3o variados:<\/strong> Com 10 modos de impulso e 10 modos de rota\u00e7\u00e3o, o <strong>VORTEX<\/strong> para cima e para baixo permite explorar uma ampla gama de sensa\u00e7\u00f5es, desde car\u00edcias suaves at\u00e9 vibra\u00e7\u00f5es intensas. Al\u00e9m disso, possui um \u201cmodo turbo\u201d integrado para uma experi\u00eancia ainda mais emocionante.<\/li>\n<li><strong>Dimens\u00f5es Ajust\u00e1veis:<\/strong> Com medida total de 13 cm e largura inser\u00edvel que varia de 5 cm a 8,5 cm, o <strong>VORTEX<\/strong> para cima e para baixo se adapta \u00e0s suas prefer\u00eancias pessoais, permitindo personalizar a experi\u00eancia.<\/li>\n<li><strong>Altura Ergon\u00f4mica:<\/strong> Com 11,8 cm de altura, esse brinquedo cabe confortavelmente na m\u00e3o, facilitando seu uso e manobrabilidade.<\/li>\n<li><strong>Motor Potente:<\/strong> Equipado com motor de alto desempenho, este masturbador proporciona uma estimula\u00e7\u00e3o intensa que o deixar\u00e1 sem f\u00f4lego.<\/li>\n<li><strong>Resistente \u00e0 \u00e1gua:<\/strong> Projetado para ser \u00e0 prova d\u2019\u00e1gua, o <strong>VORTEX<\/strong> up and down \u00e9 f\u00e1cil de limpar e pode te acompanhar nos seus momentos de prazer na banheira ou no chuveiro.<\/li>\n<li><strong>Recarga conveniente:<\/strong> A recarga \u00e9 f\u00e1cil com o carregador USB magn\u00e9tico, garantindo que seu brinquedo esteja sempre pronto para satisfazer seus desejos.<\/li>\n<li><strong>Silicone Ultra Suave:<\/strong> Feito com silicone de alta qualidade e extra macio ao toque, o <strong>VORTEX<\/strong> para cima e para baixo proporciona uma experi\u00eancia confort\u00e1vel e agrad\u00e1vel.<\/li>\n<\/ul>\n<p>Resumindo, o <strong>VORTEX<\/strong> up and down \u00e9 um masturbador masculino premium que oferece uma grande variedade de funcionalidades para elevar os seus momentos de prazer a novos patamares.<\/p>\n<p>\u00a0<\/p>\n<p><strong>MATERIAIS E CUIDADOS<\/strong><\/p>\n<p>Jamyjob \u00e9 um brinquedo \u00e0 prova d\u00e1gua feito de silicone m\u00e9dico macio e sedoso, que \u00e9 extremamente escorregadio e absorve rapidamente o calor do corpo. O brinquedo pode ser facilmente limpo com um pouco de sab\u00e3o e \u00e1gua morna. Com um pouco de limpador desinfetante para brinquedos voc\u00ea pode garantir uma higiene particularmente completa depois, de prefer\u00eancia com o spray desinfetante perfeitamente coordenado da Waterfeel. Para o m\u00e1ximo prazer, utilize sempre o seu brinquedo com um dos lubrificantes \u00e0 base de \u00e1gua da Waterfeel que combinam perfeitamente com o produto. Est\u00e3o dispon\u00edveis nas vers\u00f5es cl\u00e1ssica, sedosa e quente. A composi\u00e7\u00e3o vegana \u00e0 base de \u00e1gua protege o material e mant\u00e9m a superf\u00edcie do seu brinquedo bonita e lisa.<\/p>\n","protected":false},"excerpt":{"rendered":"<p>JAMYJOB &#8211; VORTEX THRUSTING E 360 ROTATE TECH TURBO MODE MASTURBATOR<\/p>\n","protected":false},"featured_media":97181,"template":"","meta":{"_acf_changed":false},"product_brand":[],"product_cat":[17,58,60],"product_tag":[],"class_list":{"0":"post-45029","1":"product","2":"type-product","3":"status-publish","4":"has-post-thumbnail","6":"product_cat-brinquedos-de-bem-estar-sexual","7":"product_cat-masturbadores-para-penis","8":"product_cat-para-eles","9":"yith_product_brand-jamyjob","11":"first","12":"instock","13":"taxable","14":"shipping-taxable","15":"purchasable","16":"product-type-simple"},"acf":[],"yoast_head":"<!-- This site is optimized with the Yoast SEO plugin v27.4 - https:\/\/yoast.com\/product\/yoast-seo-wordpress\/ -->\n<title>JAMYJOB - VORTEX THRUSTING E 360 ROTATE TECH TURBO MODE MASTURBATOR - Lovme<\/title>\n<meta name=\"robots\" content=\"index, follow, max-snippet:-1, max-image-preview:large, max-video-preview:-1\" \/>\n<link rel=\"canonical\" href=\"https:\/\/lovme.pt\/index.php\/produto\/jamyjob-vortex-thrusting-e-360-rotate-tech-turbo-mode-masturbator\/\" \/>\n<meta property=\"og:locale\" content=\"pt_PT\" \/>\n<meta property=\"og:type\" content=\"article\" \/>\n<meta property=\"og:title\" content=\"JAMYJOB - VORTEX THRUSTING E 360 ROTATE TECH TURBO MODE MASTURBATOR - Lovme\" \/>\n<meta property=\"og:description\" content=\"JAMYJOB - VORTEX THRUSTING E 360 ROTATE TECH TURBO MODE MASTURBATOR\" \/>\n<meta property=\"og:url\" content=\"https:\/\/lovme.pt\/index.php\/produto\/jamyjob-vortex-thrusting-e-360-rotate-tech-turbo-mode-masturbator\/\" \/>\n<meta property=\"og:site_name\" content=\"Lovme\" \/>\n<meta property=\"article:modified_time\" content=\"2026-02-19T20:19:10+00:00\" \/>\n<meta property=\"og:image\" content=\"https:\/\/erki24nd3ub.exactdn.com\/wp-content\/uploads\/dream\/img\/img_155345_6261b55be13aa918bbebc30d74808b93_1.png?strip=all\" \/>\n\t<meta property=\"og:image:width\" content=\"800\" \/>\n\t<meta property=\"og:image:height\" content=\"800\" \/>\n\t<meta property=\"og:image:type\" content=\"image\/png\" \/>\n<meta name=\"twitter:card\" content=\"summary_large_image\" \/>\n<meta name=\"twitter:label1\" content=\"Tempo estimado de leitura\" \/>\n\t<meta name=\"twitter:data1\" content=\"2 minutos\" \/>\n<script type=\"application\/ld+json\" class=\"yoast-schema-graph\">{\"@context\":\"https:\\\/\\\/schema.org\",\"@graph\":[{\"@type\":\"WebPage\",\"@id\":\"https:\\\/\\\/lovme.pt\\\/index.php\\\/produto\\\/jamyjob-vortex-thrusting-e-360-rotate-tech-turbo-mode-masturbator\\\/\",\"url\":\"https:\\\/\\\/lovme.pt\\\/index.php\\\/produto\\\/jamyjob-vortex-thrusting-e-360-rotate-tech-turbo-mode-masturbator\\\/\",\"name\":\"JAMYJOB - VORTEX THRUSTING E 360 ROTATE TECH TURBO MODE MASTURBATOR - Lovme\",\"isPartOf\":{\"@id\":\"https:\\\/\\\/lovme.pt\\\/#website\"},\"primaryImageOfPage\":{\"@id\":\"https:\\\/\\\/lovme.pt\\\/index.php\\\/produto\\\/jamyjob-vortex-thrusting-e-360-rotate-tech-turbo-mode-masturbator\\\/#primaryimage\"},\"image\":{\"@id\":\"https:\\\/\\\/lovme.pt\\\/index.php\\\/produto\\\/jamyjob-vortex-thrusting-e-360-rotate-tech-turbo-mode-masturbator\\\/#primaryimage\"},\"thumbnailUrl\":\"https:\\\/\\\/erki24nd3ub.exactdn.com\\\/wp-content\\\/uploads\\\/dream\\\/img\\\/img_155345_6261b55be13aa918bbebc30d74808b93_1.png?strip=all\",\"datePublished\":\"2025-10-01T02:29:13+00:00\",\"dateModified\":\"2026-02-19T20:19:10+00:00\",\"breadcrumb\":{\"@id\":\"https:\\\/\\\/lovme.pt\\\/index.php\\\/produto\\\/jamyjob-vortex-thrusting-e-360-rotate-tech-turbo-mode-masturbator\\\/#breadcrumb\"},\"inLanguage\":\"pt-PT\",\"potentialAction\":[{\"@type\":\"ReadAction\",\"target\":[\"https:\\\/\\\/lovme.pt\\\/index.php\\\/produto\\\/jamyjob-vortex-thrusting-e-360-rotate-tech-turbo-mode-masturbator\\\/\"]}]},{\"@type\":\"ImageObject\",\"inLanguage\":\"pt-PT\",\"@id\":\"https:\\\/\\\/lovme.pt\\\/index.php\\\/produto\\\/jamyjob-vortex-thrusting-e-360-rotate-tech-turbo-mode-masturbator\\\/#primaryimage\",\"url\":\"https:\\\/\\\/erki24nd3ub.exactdn.com\\\/wp-content\\\/uploads\\\/dream\\\/img\\\/img_155345_6261b55be13aa918bbebc30d74808b93_1.png?strip=all\",\"contentUrl\":\"https:\\\/\\\/erki24nd3ub.exactdn.com\\\/wp-content\\\/uploads\\\/dream\\\/img\\\/img_155345_6261b55be13aa918bbebc30d74808b93_1.png?strip=all\",\"width\":800,\"height\":800},{\"@type\":\"BreadcrumbList\",\"@id\":\"https:\\\/\\\/lovme.pt\\\/index.php\\\/produto\\\/jamyjob-vortex-thrusting-e-360-rotate-tech-turbo-mode-masturbator\\\/#breadcrumb\",\"itemListElement\":[{\"@type\":\"ListItem\",\"position\":1,\"name\":\"In\u00edcio\",\"item\":\"https:\\\/\\\/lovme.pt\\\/\"},{\"@type\":\"ListItem\",\"position\":2,\"name\":\"Loja\",\"item\":\"https:\\\/\\\/lovme.pt\\\/index.php\\\/loja\\\/\"},{\"@type\":\"ListItem\",\"position\":3,\"name\":\"JAMYJOB &#8211; VORTEX THRUSTING E 360 ROTATE TECH TURBO MODE MASTURBATOR\"}]},{\"@type\":\"WebSite\",\"@id\":\"https:\\\/\\\/lovme.pt\\\/#website\",\"url\":\"https:\\\/\\\/lovme.pt\\\/\",\"name\":\"Lovme Loja Er\u00f3tica N\u00ba1 em Portugal\",\"description\":\"A melhor loja er\u00f3tica de Portugal.\",\"alternateName\":\"Loja Er\u00f3tica Lovme\",\"potentialAction\":[{\"@type\":\"SearchAction\",\"target\":{\"@type\":\"EntryPoint\",\"urlTemplate\":\"https:\\\/\\\/lovme.pt\\\/?s={search_term_string}\"},\"query-input\":{\"@type\":\"PropertyValueSpecification\",\"valueRequired\":true,\"valueName\":\"search_term_string\"}}],\"inLanguage\":\"pt-PT\"}]}<\/script>\n<!-- \/ Yoast SEO plugin. -->","yoast_head_json":{"title":"JAMYJOB - VORTEX THRUSTING E 360 ROTATE TECH TURBO MODE MASTURBATOR - Lovme","robots":{"index":"index","follow":"follow","max-snippet":"max-snippet:-1","max-image-preview":"max-image-preview:large","max-video-preview":"max-video-preview:-1"},"canonical":"https:\/\/lovme.pt\/index.php\/produto\/jamyjob-vortex-thrusting-e-360-rotate-tech-turbo-mode-masturbator\/","og_locale":"pt_PT","og_type":"article","og_title":"JAMYJOB - VORTEX THRUSTING E 360 ROTATE TECH TURBO MODE MASTURBATOR - Lovme","og_description":"JAMYJOB - VORTEX THRUSTING E 360 ROTATE TECH TURBO MODE MASTURBATOR","og_url":"https:\/\/lovme.pt\/index.php\/produto\/jamyjob-vortex-thrusting-e-360-rotate-tech-turbo-mode-masturbator\/","og_site_name":"Lovme","article_modified_time":"2026-02-19T20:19:10+00:00","og_image":[{"width":800,"height":800,"url":"https:\/\/erki24nd3ub.exactdn.com\/wp-content\/uploads\/dream\/img\/img_155345_6261b55be13aa918bbebc30d74808b93_1.png?strip=all","type":"image\/png"}],"twitter_card":"summary_large_image","twitter_misc":{"Tempo estimado de leitura":"2 minutos"},"schema":{"@context":"https:\/\/schema.org","@graph":[{"@type":"WebPage","@id":"https:\/\/lovme.pt\/index.php\/produto\/jamyjob-vortex-thrusting-e-360-rotate-tech-turbo-mode-masturbator\/","url":"https:\/\/lovme.pt\/index.php\/produto\/jamyjob-vortex-thrusting-e-360-rotate-tech-turbo-mode-masturbator\/","name":"JAMYJOB - VORTEX THRUSTING E 360 ROTATE TECH TURBO MODE MASTURBATOR - Lovme","isPartOf":{"@id":"https:\/\/lovme.pt\/#website"},"primaryImageOfPage":{"@id":"https:\/\/lovme.pt\/index.php\/produto\/jamyjob-vortex-thrusting-e-360-rotate-tech-turbo-mode-masturbator\/#primaryimage"},"image":{"@id":"https:\/\/lovme.pt\/index.php\/produto\/jamyjob-vortex-thrusting-e-360-rotate-tech-turbo-mode-masturbator\/#primaryimage"},"thumbnailUrl":"https:\/\/erki24nd3ub.exactdn.com\/wp-content\/uploads\/dream\/img\/img_155345_6261b55be13aa918bbebc30d74808b93_1.png?strip=all","datePublished":"2025-10-01T02:29:13+00:00","dateModified":"2026-02-19T20:19:10+00:00","breadcrumb":{"@id":"https:\/\/lovme.pt\/index.php\/produto\/jamyjob-vortex-thrusting-e-360-rotate-tech-turbo-mode-masturbator\/#breadcrumb"},"inLanguage":"pt-PT","potentialAction":[{"@type":"ReadAction","target":["https:\/\/lovme.pt\/index.php\/produto\/jamyjob-vortex-thrusting-e-360-rotate-tech-turbo-mode-masturbator\/"]}]},{"@type":"ImageObject","inLanguage":"pt-PT","@id":"https:\/\/lovme.pt\/index.php\/produto\/jamyjob-vortex-thrusting-e-360-rotate-tech-turbo-mode-masturbator\/#primaryimage","url":"https:\/\/erki24nd3ub.exactdn.com\/wp-content\/uploads\/dream\/img\/img_155345_6261b55be13aa918bbebc30d74808b93_1.png?strip=all","contentUrl":"https:\/\/erki24nd3ub.exactdn.com\/wp-content\/uploads\/dream\/img\/img_155345_6261b55be13aa918bbebc30d74808b93_1.png?strip=all","width":800,"height":800},{"@type":"BreadcrumbList","@id":"https:\/\/lovme.pt\/index.php\/produto\/jamyjob-vortex-thrusting-e-360-rotate-tech-turbo-mode-masturbator\/#breadcrumb","itemListElement":[{"@type":"ListItem","position":1,"name":"In\u00edcio","item":"https:\/\/lovme.pt\/"},{"@type":"ListItem","position":2,"name":"Loja","item":"https:\/\/lovme.pt\/index.php\/loja\/"},{"@type":"ListItem","position":3,"name":"JAMYJOB &#8211; VORTEX THRUSTING E 360 ROTATE TECH TURBO MODE MASTURBATOR"}]},{"@type":"WebSite","@id":"https:\/\/lovme.pt\/#website","url":"https:\/\/lovme.pt\/","name":"Lovme Loja Er\u00f3tica N\u00ba1 em Portugal","description":"A melhor loja er\u00f3tica de Portugal.","alternateName":"Loja Er\u00f3tica Lovme","potentialAction":[{"@type":"SearchAction","target":{"@type":"EntryPoint","urlTemplate":"https:\/\/lovme.pt\/?s={search_term_string}"},"query-input":{"@type":"PropertyValueSpecification","valueRequired":true,"valueName":"search_term_string"}}],"inLanguage":"pt-PT"}]}},"_links":{"self":[{"href":"https:\/\/lovme.pt\/index.php\/wp-json\/wp\/v2\/product\/45029","targetHints":{"allow":["GET"]}}],"collection":[{"href":"https:\/\/lovme.pt\/index.php\/wp-json\/wp\/v2\/product"}],"about":[{"href":"https:\/\/lovme.pt\/index.php\/wp-json\/wp\/v2\/types\/product"}],"wp:featuredmedia":[{"embeddable":true,"href":"https:\/\/lovme.pt\/index.php\/wp-json\/wp\/v2\/media\/97181"}],"wp:attachment":[{"href":"https:\/\/lovme.pt\/index.php\/wp-json\/wp\/v2\/media?parent=45029"}],"wp:term":[{"taxonomy":"product_brand","embeddable":true,"href":"https:\/\/lovme.pt\/index.php\/wp-json\/wp\/v2\/product_brand?post=45029"},{"taxonomy":"product_cat","embeddable":true,"href":"https:\/\/lovme.pt\/index.php\/wp-json\/wp\/v2\/product_cat?post=45029"},{"taxonomy":"product_tag","embeddable":true,"href":"https:\/\/lovme.pt\/index.php\/wp-json\/wp\/v2\/product_tag?post=45029"}],"curies":[{"name":"wp","href":"https:\/\/api.w.org\/{rel}","templated":true}]}}