{"id":45017,"date":"2025-09-30T20:14:00","date_gmt":"2025-09-30T20:14:00","guid":{"rendered":"https:\/\/lovme.pt\/?post_type=product&p=45017"},"modified":"2026-02-19T20:07:29","modified_gmt":"2026-02-19T20:07:29","slug":"king-cock-clear-penis-realistico-com-bolas-15-2-cm-transparente","status":"publish","type":"product","link":"https:\/\/lovme.pt\/index.php\/produto\/king-cock-clear-penis-realistico-com-bolas-15-2-cm-transparente\/","title":{"rendered":"KING COCK &#8211; CLEAR P\u00caNIS REAL\u00cdSTICO COM BOLAS 15.2 CM TRANSPARENTE"},"content":{"rendered":"<p><font style=\"vertical-align: inherit;\"><font style=\"vertical-align: inherit;\">\u00a1Claramente o melhor!<\/font> <font style=\"vertical-align: inherit;\">Criada para aumentar sua experi\u00eancia de placer, esta f\u00f3rmula especialmente projetada \u00e9 praticamente inodora, n\u00e3o pegajosa e f\u00e1cil de limpar.<\/font><\/font> <strong><font style=\"vertical-align: inherit;\"><font style=\"vertical-align: inherit;\">King Cock Clear<\/font><\/font><\/strong> <font style=\"vertical-align: inherit;\"><font style=\"vertical-align: inherit;\">combina um consolador transl\u00facido com um design de p\u00eanis realista.<\/font> <font style=\"vertical-align: inherit;\">A clareza luminosa e a forma realista cumprir\u00e3o todas as suas fantasias!<\/font><\/font><\/p>\n<p> <font style=\"vertical-align: inherit;\"><font style=\"vertical-align: inherit;\">Com seu exemplo flex\u00edvel, veias detalhadas e cabe\u00e7a definida,<\/font><\/font> <strong><font style=\"vertical-align: inherit;\"><font style=\"vertical-align: inherit;\">King Cock Clear<\/font><\/font><\/strong> <font style=\"vertical-align: inherit;\"><font style=\"vertical-align: inherit;\">atrair\u00e1 seus sentidos visuais e f\u00edsicos.<\/font> <font style=\"vertical-align: inherit;\">A poderosa base de ventosa \u00e9 aderida a quase qualquer superf\u00edcie plana e faz com que todos os arneses do consolador sejam compat\u00edveis.<\/font> <font style=\"vertical-align: inherit;\">Vea a inova\u00e7\u00e3o, um material incrivelmente puro e transl\u00facido, sente o realismo<\/font><\/font><\/p>\n<p> <font style=\"vertical-align: inherit;\"><font style=\"vertical-align: inherit;\">Fabricado nas instala\u00e7\u00f5es de fabrica\u00e7\u00e3o de caucho de \u00faltima gera\u00e7\u00e3o da Pipedream, cada King Cock n\u00e3o cont\u00e9m ftalatos nem l\u00e1tex, \u00e9 seguro para o corpo e hipoalerg\u00eanico.<\/font><\/font><\/p>\n<p> <u><strong><font style=\"vertical-align: inherit;\"><font style=\"vertical-align: inherit;\">ESPECIFICA\u00c7\u00d5ES:<\/font><\/font><\/strong><\/u><\/p>\n<ul>\n<li> <strong><font style=\"vertical-align: inherit;\"><font style=\"vertical-align: inherit;\">Longitude total:<\/font><\/font><\/strong> <font style=\"vertical-align: inherit;\"><font style=\"vertical-align: inherit;\">20,3 cm.<\/font><\/font><\/li>\n<li> <strong><font style=\"vertical-align: inherit;\"><font style=\"vertical-align: inherit;\">Di\u00e2metro:<\/font><\/font><\/strong> <font style=\"vertical-align: inherit;\"><font style=\"vertical-align: inherit;\">4 cm<\/font><\/font><\/li>\n<li> <strong><font style=\"vertical-align: inherit;\"><font style=\"vertical-align: inherit;\">Longitude inser\u00edvel:<\/font><\/font><\/strong> <font style=\"vertical-align: inherit;\"><font style=\"vertical-align: inherit;\">15,2 cm<\/font><\/font><\/li>\n<li> <strong><font style=\"vertical-align: inherit;\"><font style=\"vertical-align: inherit;\">Resist\u00eancia \u00e0 \u00e1gua<\/font><\/font><\/strong> <font style=\"vertical-align: inherit;\"><font style=\"vertical-align: inherit;\">: Imperme\u00e1vel<\/font><\/font><\/li>\n<li> <strong><font style=\"vertical-align: inherit;\"><font style=\"vertical-align: inherit;\">Material:<\/font><\/font><\/strong> <font style=\"vertical-align: inherit;\"><font style=\"vertical-align: inherit;\">TPE<\/font><\/font><\/li>\n<\/ul>\n<p> <font style=\"vertical-align: inherit;\"><font style=\"vertical-align: inherit;\">Durante os \u00faltimos 20 anos,<\/font><\/font> <strong><font style=\"vertical-align: inherit;\"><font style=\"vertical-align: inherit;\">a Pipedream Products<\/font><\/font><\/strong> <font style=\"vertical-align: inherit;\"><font style=\"vertical-align: inherit;\">criou e desenvolveu alguns dos produtos mais novos mais vendidos do mundo.<\/font> <font style=\"vertical-align: inherit;\">Esses produtos incluem brinquedos e vibra\u00e7\u00f5es realistas, mas tamb\u00e9m uma ampla gama de morda\u00e7as, lo\u00e7\u00f5es, artigos fetiches e presentes.<\/font> <font style=\"vertical-align: inherit;\">Pipedream \u00e9 uma marca americana fundada em 1973, que n\u00e3o precisa de muitas apresenta\u00e7\u00f5es, com mais de 40 anos no setor de jogos er\u00f3ticos, atualmente \u00e9 o maior fabricante de produtos er\u00f3ticos do mundo, ocupando n\u00e3o apenas o primeiro lugar de fabrica\u00e7\u00e3o, tamb\u00e9m conhecido como vendas, com sede na Calif\u00f3rnia.<\/font> <font style=\"vertical-align: inherit;\">Pioneiros na comercializa\u00e7\u00e3o de produtos BDSM, ele tem a marca n\u00famero 1 em vendas de produtos para introdu\u00e7\u00e3o ao Bondage.<\/font> <font style=\"vertical-align: inherit;\">Pipedream engloba mais de 35 marcas er\u00f3ticas e acumula mais de 70 pr\u00eamios por sua qualidade e inova\u00e7\u00e3o.<\/font><\/font><\/p>\n","protected":false},"excerpt":{"rendered":"<p>KING COCK &#8211; CLEAR P\u00caNIS REAL\u00cdSTICO COM BOLAS 15.2 CM TRANSPARENTE<\/p>\n","protected":false},"featured_media":66415,"template":"","meta":{"_acf_changed":false},"product_brand":[],"product_cat":[17,56],"product_tag":[],"class_list":{"0":"post-45017","1":"product","2":"type-product","3":"status-publish","4":"has-post-thumbnail","6":"product_cat-brinquedos-de-bem-estar-sexual","7":"product_cat-dildos-e-arneses","8":"yith_product_brand-pipedreamsking-cock","9":"yith_product_brand-pipedreams","11":"first","12":"instock","13":"taxable","14":"shipping-taxable","15":"purchasable","16":"product-type-simple"},"acf":[],"yoast_head":"<!-- This site is optimized with the Yoast SEO plugin v27.4 - https:\/\/yoast.com\/product\/yoast-seo-wordpress\/ -->\n<title>KING COCK - CLEAR P\u00caNIS REAL\u00cdSTICO COM BOLAS 15.2 CM TRANSPARENTE - Lovme<\/title>\n<meta name=\"robots\" content=\"index, follow, max-snippet:-1, max-image-preview:large, max-video-preview:-1\" \/>\n<link rel=\"canonical\" href=\"https:\/\/lovme.pt\/index.php\/produto\/king-cock-clear-penis-realistico-com-bolas-15-2-cm-transparente\/\" \/>\n<meta property=\"og:locale\" content=\"pt_PT\" \/>\n<meta property=\"og:type\" content=\"article\" \/>\n<meta property=\"og:title\" content=\"KING COCK - CLEAR P\u00caNIS REAL\u00cdSTICO COM BOLAS 15.2 CM TRANSPARENTE - Lovme\" \/>\n<meta property=\"og:description\" content=\"KING COCK - CLEAR P\u00caNIS REAL\u00cdSTICO COM BOLAS 15.2 CM TRANSPARENTE\" \/>\n<meta property=\"og:url\" content=\"https:\/\/lovme.pt\/index.php\/produto\/king-cock-clear-penis-realistico-com-bolas-15-2-cm-transparente\/\" \/>\n<meta property=\"og:site_name\" content=\"Lovme\" \/>\n<meta property=\"article:modified_time\" content=\"2026-02-19T20:07:29+00:00\" \/>\n<meta property=\"og:image\" content=\"https:\/\/erki24nd3ub.exactdn.com\/wp-content\/uploads\/dream\/img\/img_155379_8efe1ea3ae8c66d951f22f4a28f9344a_1.jpg?strip=all\" \/>\n\t<meta property=\"og:image:width\" content=\"800\" \/>\n\t<meta property=\"og:image:height\" content=\"800\" \/>\n\t<meta property=\"og:image:type\" content=\"image\/jpeg\" \/>\n<meta name=\"twitter:card\" content=\"summary_large_image\" \/>\n<meta name=\"twitter:label1\" content=\"Tempo estimado de leitura\" \/>\n\t<meta name=\"twitter:data1\" content=\"2 minutos\" \/>\n<script type=\"application\/ld+json\" class=\"yoast-schema-graph\">{\"@context\":\"https:\\\/\\\/schema.org\",\"@graph\":[{\"@type\":\"WebPage\",\"@id\":\"https:\\\/\\\/lovme.pt\\\/index.php\\\/produto\\\/king-cock-clear-penis-realistico-com-bolas-15-2-cm-transparente\\\/\",\"url\":\"https:\\\/\\\/lovme.pt\\\/index.php\\\/produto\\\/king-cock-clear-penis-realistico-com-bolas-15-2-cm-transparente\\\/\",\"name\":\"KING COCK - CLEAR P\u00caNIS REAL\u00cdSTICO COM BOLAS 15.2 CM TRANSPARENTE - Lovme\",\"isPartOf\":{\"@id\":\"https:\\\/\\\/lovme.pt\\\/#website\"},\"primaryImageOfPage\":{\"@id\":\"https:\\\/\\\/lovme.pt\\\/index.php\\\/produto\\\/king-cock-clear-penis-realistico-com-bolas-15-2-cm-transparente\\\/#primaryimage\"},\"image\":{\"@id\":\"https:\\\/\\\/lovme.pt\\\/index.php\\\/produto\\\/king-cock-clear-penis-realistico-com-bolas-15-2-cm-transparente\\\/#primaryimage\"},\"thumbnailUrl\":\"https:\\\/\\\/erki24nd3ub.exactdn.com\\\/wp-content\\\/uploads\\\/dream\\\/img\\\/img_155379_8efe1ea3ae8c66d951f22f4a28f9344a_1.jpg?strip=all\",\"datePublished\":\"2025-09-30T20:14:00+00:00\",\"dateModified\":\"2026-02-19T20:07:29+00:00\",\"breadcrumb\":{\"@id\":\"https:\\\/\\\/lovme.pt\\\/index.php\\\/produto\\\/king-cock-clear-penis-realistico-com-bolas-15-2-cm-transparente\\\/#breadcrumb\"},\"inLanguage\":\"pt-PT\",\"potentialAction\":[{\"@type\":\"ReadAction\",\"target\":[\"https:\\\/\\\/lovme.pt\\\/index.php\\\/produto\\\/king-cock-clear-penis-realistico-com-bolas-15-2-cm-transparente\\\/\"]}]},{\"@type\":\"ImageObject\",\"inLanguage\":\"pt-PT\",\"@id\":\"https:\\\/\\\/lovme.pt\\\/index.php\\\/produto\\\/king-cock-clear-penis-realistico-com-bolas-15-2-cm-transparente\\\/#primaryimage\",\"url\":\"https:\\\/\\\/erki24nd3ub.exactdn.com\\\/wp-content\\\/uploads\\\/dream\\\/img\\\/img_155379_8efe1ea3ae8c66d951f22f4a28f9344a_1.jpg?strip=all\",\"contentUrl\":\"https:\\\/\\\/erki24nd3ub.exactdn.com\\\/wp-content\\\/uploads\\\/dream\\\/img\\\/img_155379_8efe1ea3ae8c66d951f22f4a28f9344a_1.jpg?strip=all\",\"width\":800,\"height\":800},{\"@type\":\"BreadcrumbList\",\"@id\":\"https:\\\/\\\/lovme.pt\\\/index.php\\\/produto\\\/king-cock-clear-penis-realistico-com-bolas-15-2-cm-transparente\\\/#breadcrumb\",\"itemListElement\":[{\"@type\":\"ListItem\",\"position\":1,\"name\":\"In\u00edcio\",\"item\":\"https:\\\/\\\/lovme.pt\\\/\"},{\"@type\":\"ListItem\",\"position\":2,\"name\":\"Loja\",\"item\":\"https:\\\/\\\/lovme.pt\\\/index.php\\\/loja\\\/\"},{\"@type\":\"ListItem\",\"position\":3,\"name\":\"KING COCK &#8211; CLEAR P\u00caNIS REAL\u00cdSTICO COM BOLAS 15.2 CM TRANSPARENTE\"}]},{\"@type\":\"WebSite\",\"@id\":\"https:\\\/\\\/lovme.pt\\\/#website\",\"url\":\"https:\\\/\\\/lovme.pt\\\/\",\"name\":\"Lovme Loja Er\u00f3tica N\u00ba1 em Portugal\",\"description\":\"A melhor loja er\u00f3tica de Portugal.\",\"alternateName\":\"Loja Er\u00f3tica Lovme\",\"potentialAction\":[{\"@type\":\"SearchAction\",\"target\":{\"@type\":\"EntryPoint\",\"urlTemplate\":\"https:\\\/\\\/lovme.pt\\\/?s={search_term_string}\"},\"query-input\":{\"@type\":\"PropertyValueSpecification\",\"valueRequired\":true,\"valueName\":\"search_term_string\"}}],\"inLanguage\":\"pt-PT\"}]}<\/script>\n<!-- \/ Yoast SEO plugin. -->","yoast_head_json":{"title":"KING COCK - CLEAR P\u00caNIS REAL\u00cdSTICO COM BOLAS 15.2 CM TRANSPARENTE - Lovme","robots":{"index":"index","follow":"follow","max-snippet":"max-snippet:-1","max-image-preview":"max-image-preview:large","max-video-preview":"max-video-preview:-1"},"canonical":"https:\/\/lovme.pt\/index.php\/produto\/king-cock-clear-penis-realistico-com-bolas-15-2-cm-transparente\/","og_locale":"pt_PT","og_type":"article","og_title":"KING COCK - CLEAR P\u00caNIS REAL\u00cdSTICO COM BOLAS 15.2 CM TRANSPARENTE - Lovme","og_description":"KING COCK - CLEAR P\u00caNIS REAL\u00cdSTICO COM BOLAS 15.2 CM TRANSPARENTE","og_url":"https:\/\/lovme.pt\/index.php\/produto\/king-cock-clear-penis-realistico-com-bolas-15-2-cm-transparente\/","og_site_name":"Lovme","article_modified_time":"2026-02-19T20:07:29+00:00","og_image":[{"width":800,"height":800,"url":"https:\/\/erki24nd3ub.exactdn.com\/wp-content\/uploads\/dream\/img\/img_155379_8efe1ea3ae8c66d951f22f4a28f9344a_1.jpg?strip=all","type":"image\/jpeg"}],"twitter_card":"summary_large_image","twitter_misc":{"Tempo estimado de leitura":"2 minutos"},"schema":{"@context":"https:\/\/schema.org","@graph":[{"@type":"WebPage","@id":"https:\/\/lovme.pt\/index.php\/produto\/king-cock-clear-penis-realistico-com-bolas-15-2-cm-transparente\/","url":"https:\/\/lovme.pt\/index.php\/produto\/king-cock-clear-penis-realistico-com-bolas-15-2-cm-transparente\/","name":"KING COCK - CLEAR P\u00caNIS REAL\u00cdSTICO COM BOLAS 15.2 CM TRANSPARENTE - Lovme","isPartOf":{"@id":"https:\/\/lovme.pt\/#website"},"primaryImageOfPage":{"@id":"https:\/\/lovme.pt\/index.php\/produto\/king-cock-clear-penis-realistico-com-bolas-15-2-cm-transparente\/#primaryimage"},"image":{"@id":"https:\/\/lovme.pt\/index.php\/produto\/king-cock-clear-penis-realistico-com-bolas-15-2-cm-transparente\/#primaryimage"},"thumbnailUrl":"https:\/\/erki24nd3ub.exactdn.com\/wp-content\/uploads\/dream\/img\/img_155379_8efe1ea3ae8c66d951f22f4a28f9344a_1.jpg?strip=all","datePublished":"2025-09-30T20:14:00+00:00","dateModified":"2026-02-19T20:07:29+00:00","breadcrumb":{"@id":"https:\/\/lovme.pt\/index.php\/produto\/king-cock-clear-penis-realistico-com-bolas-15-2-cm-transparente\/#breadcrumb"},"inLanguage":"pt-PT","potentialAction":[{"@type":"ReadAction","target":["https:\/\/lovme.pt\/index.php\/produto\/king-cock-clear-penis-realistico-com-bolas-15-2-cm-transparente\/"]}]},{"@type":"ImageObject","inLanguage":"pt-PT","@id":"https:\/\/lovme.pt\/index.php\/produto\/king-cock-clear-penis-realistico-com-bolas-15-2-cm-transparente\/#primaryimage","url":"https:\/\/erki24nd3ub.exactdn.com\/wp-content\/uploads\/dream\/img\/img_155379_8efe1ea3ae8c66d951f22f4a28f9344a_1.jpg?strip=all","contentUrl":"https:\/\/erki24nd3ub.exactdn.com\/wp-content\/uploads\/dream\/img\/img_155379_8efe1ea3ae8c66d951f22f4a28f9344a_1.jpg?strip=all","width":800,"height":800},{"@type":"BreadcrumbList","@id":"https:\/\/lovme.pt\/index.php\/produto\/king-cock-clear-penis-realistico-com-bolas-15-2-cm-transparente\/#breadcrumb","itemListElement":[{"@type":"ListItem","position":1,"name":"In\u00edcio","item":"https:\/\/lovme.pt\/"},{"@type":"ListItem","position":2,"name":"Loja","item":"https:\/\/lovme.pt\/index.php\/loja\/"},{"@type":"ListItem","position":3,"name":"KING COCK &#8211; CLEAR P\u00caNIS REAL\u00cdSTICO COM BOLAS 15.2 CM TRANSPARENTE"}]},{"@type":"WebSite","@id":"https:\/\/lovme.pt\/#website","url":"https:\/\/lovme.pt\/","name":"Lovme Loja Er\u00f3tica N\u00ba1 em Portugal","description":"A melhor loja er\u00f3tica de Portugal.","alternateName":"Loja Er\u00f3tica Lovme","potentialAction":[{"@type":"SearchAction","target":{"@type":"EntryPoint","urlTemplate":"https:\/\/lovme.pt\/?s={search_term_string}"},"query-input":{"@type":"PropertyValueSpecification","valueRequired":true,"valueName":"search_term_string"}}],"inLanguage":"pt-PT"}]}},"_links":{"self":[{"href":"https:\/\/lovme.pt\/index.php\/wp-json\/wp\/v2\/product\/45017","targetHints":{"allow":["GET"]}}],"collection":[{"href":"https:\/\/lovme.pt\/index.php\/wp-json\/wp\/v2\/product"}],"about":[{"href":"https:\/\/lovme.pt\/index.php\/wp-json\/wp\/v2\/types\/product"}],"wp:featuredmedia":[{"embeddable":true,"href":"https:\/\/lovme.pt\/index.php\/wp-json\/wp\/v2\/media\/66415"}],"wp:attachment":[{"href":"https:\/\/lovme.pt\/index.php\/wp-json\/wp\/v2\/media?parent=45017"}],"wp:term":[{"taxonomy":"product_brand","embeddable":true,"href":"https:\/\/lovme.pt\/index.php\/wp-json\/wp\/v2\/product_brand?post=45017"},{"taxonomy":"product_cat","embeddable":true,"href":"https:\/\/lovme.pt\/index.php\/wp-json\/wp\/v2\/product_cat?post=45017"},{"taxonomy":"product_tag","embeddable":true,"href":"https:\/\/lovme.pt\/index.php\/wp-json\/wp\/v2\/product_tag?post=45017"}],"curies":[{"name":"wp","href":"https:\/\/api.w.org\/{rel}","templated":true}]}}