{"id":45002,"date":"2025-09-30T20:13:46","date_gmt":"2025-09-30T20:13:46","guid":{"rendered":"https:\/\/lovme.pt\/?post_type=product&p=45002"},"modified":"2026-02-19T20:07:29","modified_gmt":"2026-02-19T20:07:29","slug":"king-cock-penis-realistico-com-bolas-19-4-cm-leve","status":"publish","type":"product","link":"https:\/\/lovme.pt\/index.php\/produto\/king-cock-penis-realistico-com-bolas-19-4-cm-leve\/","title":{"rendered":"KING COCK &#8211; P\u00caNIS REAL\u00cdSTICO COM BOLAS 19.4 CM LEVE"},"content":{"rendered":"<p>O vibrador <strong>King Cock Plus<\/strong> Triple Density tem uma haste interna r\u00edgida, uma pele externa macia, detalhes de textura realistas e uma ventosa s\u00f3lida! O design e a f\u00f3rmula aprimorados oferecem realismo superior com um exterior macio e realista, criando a sensa\u00e7\u00e3o e a flexibilidade de um p\u00eanis real.<\/p>\n<p> Feito nas instala\u00e7\u00f5es de fabrica\u00e7\u00e3o de borracha de \u00faltima gera\u00e7\u00e3o da Pipedream, cada King Cock \u00e9 livre de ftalato e l\u00e1tex, seguro para o corpo e hipoalerg\u00eanico. O melhor de tudo \u00e9 que King Cock \u00e9 orgulhosamente fabricado nos EUA para que voc\u00ea possa desfrutar de cada obra-prima com confian\u00e7a.<\/p>\n<\/p>\n<p> <u><strong>ESPECIFICA\u00c7\u00d5ES:<\/strong><\/u><\/p>\n<ul>\n<li> <strong>Comprimento total:<\/strong> 26,7 cm<\/li>\n<li> <strong>Di\u00e2metro:<\/strong> 5,4 cm<\/li>\n<li> <strong>Comprimento inser\u00edvel:<\/strong> 19,4 cm<\/li>\n<li> <strong>Vibrat\u00f3rio<\/strong> : N\u00e3o<\/li>\n<li> <strong>Material: TPE<\/strong><\/li>\n<\/ul>\n<p> Nos \u00faltimos 20 anos, <strong>a Pipedream Products<\/strong> criou e desenvolveu alguns dos produtos inovadores mais vendidos no mundo. Esses produtos incluem brinquedos e vibra\u00e7\u00f5es realistas, mas tamb\u00e9m uma ampla variedade de piadas, lo\u00e7\u00f5es, itens fetichistas e presentes. Pipedream \u00e9 uma marca americana fundada em 1973, que dispensa muitas apresenta\u00e7\u00f5es, com mais de 40 anos no setor de brinquedos er\u00f3ticos, atualmente \u00e9 a maior fabricante de produtos er\u00f3ticos do mundo, ocupando n\u00e3o s\u00f3 o primeiro lugar na fabrica\u00e7\u00e3o, mas tamb\u00e9m na vendas, com sede na Calif\u00f3rnia. Pioneiros na comercializa\u00e7\u00e3o de produtos BDSM, ali\u00e1s s\u00e3o a marca n\u00famero 1 em vendas de produtos para introdu\u00e7\u00e3o ao Bondage. Pipedream engloba mais de 35 marcas er\u00f3ticas e acumulou mais de 70 pr\u00eamios por sua qualidade e inova\u00e7\u00e3o.<\/p>\n","protected":false},"excerpt":{"rendered":"<p>KING COCK &#8211; P\u00caNIS REAL\u00cdSTICO COM BOLAS 19.4 CM LEVE<\/p>\n","protected":false},"featured_media":66372,"template":"","meta":{"_acf_changed":false},"product_brand":[],"product_cat":[17,56],"product_tag":[],"class_list":{"0":"post-45002","1":"product","2":"type-product","3":"status-publish","4":"has-post-thumbnail","6":"product_cat-brinquedos-de-bem-estar-sexual","7":"product_cat-dildos-e-arneses","8":"yith_product_brand-pipedreamsking-cock","9":"yith_product_brand-pipedreams","11":"first","12":"instock","13":"taxable","14":"shipping-taxable","15":"purchasable","16":"product-type-simple"},"acf":[],"yoast_head":"<!-- This site is optimized with the Yoast SEO plugin v27.4 - https:\/\/yoast.com\/product\/yoast-seo-wordpress\/ -->\n<title>KING COCK - P\u00caNIS REAL\u00cdSTICO COM BOLAS 19.4 CM LEVE - Lovme<\/title>\n<meta name=\"robots\" content=\"index, follow, max-snippet:-1, max-image-preview:large, max-video-preview:-1\" \/>\n<link rel=\"canonical\" href=\"https:\/\/lovme.pt\/index.php\/produto\/king-cock-penis-realistico-com-bolas-19-4-cm-leve\/\" \/>\n<meta property=\"og:locale\" content=\"pt_PT\" \/>\n<meta property=\"og:type\" content=\"article\" \/>\n<meta property=\"og:title\" content=\"KING COCK - P\u00caNIS REAL\u00cdSTICO COM BOLAS 19.4 CM LEVE - Lovme\" \/>\n<meta property=\"og:description\" content=\"KING COCK - P\u00caNIS REAL\u00cdSTICO COM BOLAS 19.4 CM LEVE\" \/>\n<meta property=\"og:url\" content=\"https:\/\/lovme.pt\/index.php\/produto\/king-cock-penis-realistico-com-bolas-19-4-cm-leve\/\" \/>\n<meta property=\"og:site_name\" content=\"Lovme\" \/>\n<meta property=\"article:modified_time\" content=\"2026-02-19T20:07:29+00:00\" \/>\n<meta property=\"og:image\" content=\"https:\/\/erki24nd3ub.exactdn.com\/wp-content\/uploads\/dream\/img\/img_155317_6528b3f417097999bf0b030bda75854d_1.jpg?strip=all\" \/>\n\t<meta property=\"og:image:width\" content=\"800\" \/>\n\t<meta property=\"og:image:height\" content=\"800\" \/>\n\t<meta property=\"og:image:type\" content=\"image\/jpeg\" \/>\n<meta name=\"twitter:card\" content=\"summary_large_image\" \/>\n<meta name=\"twitter:label1\" content=\"Tempo estimado de leitura\" \/>\n\t<meta name=\"twitter:data1\" content=\"1 minuto\" \/>\n<script type=\"application\/ld+json\" class=\"yoast-schema-graph\">{\"@context\":\"https:\\\/\\\/schema.org\",\"@graph\":[{\"@type\":\"WebPage\",\"@id\":\"https:\\\/\\\/lovme.pt\\\/index.php\\\/produto\\\/king-cock-penis-realistico-com-bolas-19-4-cm-leve\\\/\",\"url\":\"https:\\\/\\\/lovme.pt\\\/index.php\\\/produto\\\/king-cock-penis-realistico-com-bolas-19-4-cm-leve\\\/\",\"name\":\"KING COCK - P\u00caNIS REAL\u00cdSTICO COM BOLAS 19.4 CM LEVE - Lovme\",\"isPartOf\":{\"@id\":\"https:\\\/\\\/lovme.pt\\\/#website\"},\"primaryImageOfPage\":{\"@id\":\"https:\\\/\\\/lovme.pt\\\/index.php\\\/produto\\\/king-cock-penis-realistico-com-bolas-19-4-cm-leve\\\/#primaryimage\"},\"image\":{\"@id\":\"https:\\\/\\\/lovme.pt\\\/index.php\\\/produto\\\/king-cock-penis-realistico-com-bolas-19-4-cm-leve\\\/#primaryimage\"},\"thumbnailUrl\":\"https:\\\/\\\/erki24nd3ub.exactdn.com\\\/wp-content\\\/uploads\\\/dream\\\/img\\\/img_155317_6528b3f417097999bf0b030bda75854d_1.jpg?strip=all\",\"datePublished\":\"2025-09-30T20:13:46+00:00\",\"dateModified\":\"2026-02-19T20:07:29+00:00\",\"breadcrumb\":{\"@id\":\"https:\\\/\\\/lovme.pt\\\/index.php\\\/produto\\\/king-cock-penis-realistico-com-bolas-19-4-cm-leve\\\/#breadcrumb\"},\"inLanguage\":\"pt-PT\",\"potentialAction\":[{\"@type\":\"ReadAction\",\"target\":[\"https:\\\/\\\/lovme.pt\\\/index.php\\\/produto\\\/king-cock-penis-realistico-com-bolas-19-4-cm-leve\\\/\"]}]},{\"@type\":\"ImageObject\",\"inLanguage\":\"pt-PT\",\"@id\":\"https:\\\/\\\/lovme.pt\\\/index.php\\\/produto\\\/king-cock-penis-realistico-com-bolas-19-4-cm-leve\\\/#primaryimage\",\"url\":\"https:\\\/\\\/erki24nd3ub.exactdn.com\\\/wp-content\\\/uploads\\\/dream\\\/img\\\/img_155317_6528b3f417097999bf0b030bda75854d_1.jpg?strip=all\",\"contentUrl\":\"https:\\\/\\\/erki24nd3ub.exactdn.com\\\/wp-content\\\/uploads\\\/dream\\\/img\\\/img_155317_6528b3f417097999bf0b030bda75854d_1.jpg?strip=all\",\"width\":800,\"height\":800},{\"@type\":\"BreadcrumbList\",\"@id\":\"https:\\\/\\\/lovme.pt\\\/index.php\\\/produto\\\/king-cock-penis-realistico-com-bolas-19-4-cm-leve\\\/#breadcrumb\",\"itemListElement\":[{\"@type\":\"ListItem\",\"position\":1,\"name\":\"In\u00edcio\",\"item\":\"https:\\\/\\\/lovme.pt\\\/\"},{\"@type\":\"ListItem\",\"position\":2,\"name\":\"Loja\",\"item\":\"https:\\\/\\\/lovme.pt\\\/index.php\\\/loja\\\/\"},{\"@type\":\"ListItem\",\"position\":3,\"name\":\"KING COCK &#8211; P\u00caNIS REAL\u00cdSTICO COM BOLAS 19.4 CM LEVE\"}]},{\"@type\":\"WebSite\",\"@id\":\"https:\\\/\\\/lovme.pt\\\/#website\",\"url\":\"https:\\\/\\\/lovme.pt\\\/\",\"name\":\"Lovme Loja Er\u00f3tica N\u00ba1 em Portugal\",\"description\":\"A melhor loja er\u00f3tica de Portugal.\",\"alternateName\":\"Loja Er\u00f3tica Lovme\",\"potentialAction\":[{\"@type\":\"SearchAction\",\"target\":{\"@type\":\"EntryPoint\",\"urlTemplate\":\"https:\\\/\\\/lovme.pt\\\/?s={search_term_string}\"},\"query-input\":{\"@type\":\"PropertyValueSpecification\",\"valueRequired\":true,\"valueName\":\"search_term_string\"}}],\"inLanguage\":\"pt-PT\"}]}<\/script>\n<!-- \/ Yoast SEO plugin. -->","yoast_head_json":{"title":"KING COCK - P\u00caNIS REAL\u00cdSTICO COM BOLAS 19.4 CM LEVE - Lovme","robots":{"index":"index","follow":"follow","max-snippet":"max-snippet:-1","max-image-preview":"max-image-preview:large","max-video-preview":"max-video-preview:-1"},"canonical":"https:\/\/lovme.pt\/index.php\/produto\/king-cock-penis-realistico-com-bolas-19-4-cm-leve\/","og_locale":"pt_PT","og_type":"article","og_title":"KING COCK - P\u00caNIS REAL\u00cdSTICO COM BOLAS 19.4 CM LEVE - Lovme","og_description":"KING COCK - P\u00caNIS REAL\u00cdSTICO COM BOLAS 19.4 CM LEVE","og_url":"https:\/\/lovme.pt\/index.php\/produto\/king-cock-penis-realistico-com-bolas-19-4-cm-leve\/","og_site_name":"Lovme","article_modified_time":"2026-02-19T20:07:29+00:00","og_image":[{"width":800,"height":800,"url":"https:\/\/erki24nd3ub.exactdn.com\/wp-content\/uploads\/dream\/img\/img_155317_6528b3f417097999bf0b030bda75854d_1.jpg?strip=all","type":"image\/jpeg"}],"twitter_card":"summary_large_image","twitter_misc":{"Tempo estimado de leitura":"1 minuto"},"schema":{"@context":"https:\/\/schema.org","@graph":[{"@type":"WebPage","@id":"https:\/\/lovme.pt\/index.php\/produto\/king-cock-penis-realistico-com-bolas-19-4-cm-leve\/","url":"https:\/\/lovme.pt\/index.php\/produto\/king-cock-penis-realistico-com-bolas-19-4-cm-leve\/","name":"KING COCK - P\u00caNIS REAL\u00cdSTICO COM BOLAS 19.4 CM LEVE - Lovme","isPartOf":{"@id":"https:\/\/lovme.pt\/#website"},"primaryImageOfPage":{"@id":"https:\/\/lovme.pt\/index.php\/produto\/king-cock-penis-realistico-com-bolas-19-4-cm-leve\/#primaryimage"},"image":{"@id":"https:\/\/lovme.pt\/index.php\/produto\/king-cock-penis-realistico-com-bolas-19-4-cm-leve\/#primaryimage"},"thumbnailUrl":"https:\/\/erki24nd3ub.exactdn.com\/wp-content\/uploads\/dream\/img\/img_155317_6528b3f417097999bf0b030bda75854d_1.jpg?strip=all","datePublished":"2025-09-30T20:13:46+00:00","dateModified":"2026-02-19T20:07:29+00:00","breadcrumb":{"@id":"https:\/\/lovme.pt\/index.php\/produto\/king-cock-penis-realistico-com-bolas-19-4-cm-leve\/#breadcrumb"},"inLanguage":"pt-PT","potentialAction":[{"@type":"ReadAction","target":["https:\/\/lovme.pt\/index.php\/produto\/king-cock-penis-realistico-com-bolas-19-4-cm-leve\/"]}]},{"@type":"ImageObject","inLanguage":"pt-PT","@id":"https:\/\/lovme.pt\/index.php\/produto\/king-cock-penis-realistico-com-bolas-19-4-cm-leve\/#primaryimage","url":"https:\/\/erki24nd3ub.exactdn.com\/wp-content\/uploads\/dream\/img\/img_155317_6528b3f417097999bf0b030bda75854d_1.jpg?strip=all","contentUrl":"https:\/\/erki24nd3ub.exactdn.com\/wp-content\/uploads\/dream\/img\/img_155317_6528b3f417097999bf0b030bda75854d_1.jpg?strip=all","width":800,"height":800},{"@type":"BreadcrumbList","@id":"https:\/\/lovme.pt\/index.php\/produto\/king-cock-penis-realistico-com-bolas-19-4-cm-leve\/#breadcrumb","itemListElement":[{"@type":"ListItem","position":1,"name":"In\u00edcio","item":"https:\/\/lovme.pt\/"},{"@type":"ListItem","position":2,"name":"Loja","item":"https:\/\/lovme.pt\/index.php\/loja\/"},{"@type":"ListItem","position":3,"name":"KING COCK &#8211; P\u00caNIS REAL\u00cdSTICO COM BOLAS 19.4 CM LEVE"}]},{"@type":"WebSite","@id":"https:\/\/lovme.pt\/#website","url":"https:\/\/lovme.pt\/","name":"Lovme Loja Er\u00f3tica N\u00ba1 em Portugal","description":"A melhor loja er\u00f3tica de Portugal.","alternateName":"Loja Er\u00f3tica Lovme","potentialAction":[{"@type":"SearchAction","target":{"@type":"EntryPoint","urlTemplate":"https:\/\/lovme.pt\/?s={search_term_string}"},"query-input":{"@type":"PropertyValueSpecification","valueRequired":true,"valueName":"search_term_string"}}],"inLanguage":"pt-PT"}]}},"_links":{"self":[{"href":"https:\/\/lovme.pt\/index.php\/wp-json\/wp\/v2\/product\/45002","targetHints":{"allow":["GET"]}}],"collection":[{"href":"https:\/\/lovme.pt\/index.php\/wp-json\/wp\/v2\/product"}],"about":[{"href":"https:\/\/lovme.pt\/index.php\/wp-json\/wp\/v2\/types\/product"}],"wp:featuredmedia":[{"embeddable":true,"href":"https:\/\/lovme.pt\/index.php\/wp-json\/wp\/v2\/media\/66372"}],"wp:attachment":[{"href":"https:\/\/lovme.pt\/index.php\/wp-json\/wp\/v2\/media?parent=45002"}],"wp:term":[{"taxonomy":"product_brand","embeddable":true,"href":"https:\/\/lovme.pt\/index.php\/wp-json\/wp\/v2\/product_brand?post=45002"},{"taxonomy":"product_cat","embeddable":true,"href":"https:\/\/lovme.pt\/index.php\/wp-json\/wp\/v2\/product_cat?post=45002"},{"taxonomy":"product_tag","embeddable":true,"href":"https:\/\/lovme.pt\/index.php\/wp-json\/wp\/v2\/product_tag?post=45002"}],"curies":[{"name":"wp","href":"https:\/\/api.w.org\/{rel}","templated":true}]}}