{"id":44957,"date":"2025-10-01T02:08:45","date_gmt":"2025-10-01T02:08:45","guid":{"rendered":"https:\/\/lovme.pt\/?post_type=product&p=44957"},"modified":"2026-02-19T20:18:29","modified_gmt":"2026-02-19T20:18:29","slug":"pasante-saco-de-preservativo-sabor-morango-144-unidades","status":"publish","type":"product","link":"https:\/\/lovme.pt\/index.php\/produto\/pasante-saco-de-preservativo-sabor-morango-144-unidades\/","title":{"rendered":"PASANTE &#8211; SACO DE PRESERVATIVO SABOR MORANGO 144 UNIDADES"},"content":{"rendered":"<p>A marca Pasante cria preservativos com sabor, incluindo preservativo de morango. Com este preservativo voc\u00ea pode trazer para a cama um delicioso sabor afrodis\u00edaco que vai te fazer babar. irresist\u00edvel aos olhos do seu parceiro de sorte.<br \/> Usar camisinha aromatizada ajuda a eliminar o cheiro desagrad\u00e1vel de l\u00e1tex e d\u00e1 um sabor mais intenso e delicioso ao sexo oral que Pasante far\u00e1. o sabor intenso de morango.<\/p>\n<p> Os preservativos de morango da marca Pasante t\u00eam sabor e cheiro maravilhosos e agu\u00e7am todos os seus sentidos. Os preservativos tornam a sua vida sexual ainda mais prazerosa e oferecem seguran\u00e7a ideal. Todos os preservativos s\u00e3o fabricados e testados de acordo com os mais altos padr\u00f5es de qualidade. Os preservativos s\u00e3o feitos de l\u00e1tex natural e fornecidos com lubrificante e reservat\u00f3rio.<\/p>\n<p> <u><strong>Propriedades do preservativo:<\/strong><\/u><\/p>\n<ul>\n<li> Sabor: Morango.<\/li>\n<li> Lubrificante: Normal.<\/li>\n<li> Cor vermelha.<\/li>\n<li> Estrutura: Suave.<\/li>\n<li> Tamanho m\u00e9dio.<\/li>\n<li> Largura nominal: 53 mm<\/li>\n<li> Espessura: Normal.<\/li>\n<li> Quantidade por pacote: 144 pe\u00e7as.<\/li>\n<li> Marca: Pasante.<\/li>\n<li> Recomendado para: Todos os preservativos testados. \u00c9 adequado para contato vaginal, oral e anal, desde que o ajuste seja bom e seja utilizado lubrificante adequado em quantidade suficiente.<\/li>\n<\/ul>\n<p> Fa\u00e7a amor com um sabor completamente novo. Descubra os preservativos <strong>Pasante Morango<\/strong> com seu delicioso sabor de morango. Se o cheiro de l\u00e1tex te incomoda ou se voc\u00ea gosta tanto de doces que fica excitado com o aroma saboroso de um bolo, esses preservativos s\u00e3o definitivamente para voc\u00ea! Frutado, divertido e colorido, descubra como tornar o sexo seguro. Tamb\u00e9m \u00e9 delicioso e sem preocupa\u00e7\u00f5es. Provoque o seu parceiro e fa\u00e7a-o desfrutar de todos os sentidos, aque\u00e7a o ambiente com estes originais preservativos.<\/p>\n","protected":false},"excerpt":{"rendered":"<p>PASANTE &#8211; SACO DE PRESERVATIVO SABOR MORANGO 144 UNIDADES<\/p>\n","protected":false},"featured_media":95109,"template":"","meta":{"_acf_changed":false},"product_brand":[],"product_cat":[73],"product_tag":[],"class_list":{"0":"post-44957","1":"product","2":"type-product","3":"status-publish","4":"has-post-thumbnail","6":"product_cat-preservativos","7":"yith_product_brand-pasante","9":"first","10":"instock","11":"taxable","12":"shipping-taxable","13":"purchasable","14":"product-type-simple"},"acf":[],"yoast_head":"<!-- This site is optimized with the Yoast SEO plugin v27.4 - https:\/\/yoast.com\/product\/yoast-seo-wordpress\/ -->\n<title>PASANTE - SACO DE PRESERVATIVO SABOR MORANGO 144 UNIDADES - Lovme<\/title>\n<meta name=\"robots\" content=\"index, follow, max-snippet:-1, max-image-preview:large, max-video-preview:-1\" \/>\n<link rel=\"canonical\" href=\"https:\/\/lovme.pt\/index.php\/produto\/pasante-saco-de-preservativo-sabor-morango-144-unidades\/\" \/>\n<meta property=\"og:locale\" content=\"pt_PT\" \/>\n<meta property=\"og:type\" content=\"article\" \/>\n<meta property=\"og:title\" content=\"PASANTE - SACO DE PRESERVATIVO SABOR MORANGO 144 UNIDADES - Lovme\" \/>\n<meta property=\"og:description\" content=\"PASANTE - SACO DE PRESERVATIVO SABOR MORANGO 144 UNIDADES\" \/>\n<meta property=\"og:url\" content=\"https:\/\/lovme.pt\/index.php\/produto\/pasante-saco-de-preservativo-sabor-morango-144-unidades\/\" \/>\n<meta property=\"og:site_name\" content=\"Lovme\" \/>\n<meta property=\"article:modified_time\" content=\"2026-02-19T20:18:29+00:00\" \/>\n<meta property=\"og:image\" content=\"https:\/\/erki24nd3ub.exactdn.com\/wp-content\/uploads\/dream\/img\/img_155019_ce631f91ee7224b842aec12e0f57b2b7_1.jpg?strip=all\" \/>\n\t<meta property=\"og:image:width\" content=\"800\" \/>\n\t<meta property=\"og:image:height\" content=\"800\" \/>\n\t<meta property=\"og:image:type\" content=\"image\/jpeg\" \/>\n<meta name=\"twitter:card\" content=\"summary_large_image\" \/>\n<meta name=\"twitter:label1\" content=\"Tempo estimado de leitura\" \/>\n\t<meta name=\"twitter:data1\" content=\"1 minuto\" \/>\n<script type=\"application\/ld+json\" class=\"yoast-schema-graph\">{\"@context\":\"https:\\\/\\\/schema.org\",\"@graph\":[{\"@type\":\"WebPage\",\"@id\":\"https:\\\/\\\/lovme.pt\\\/index.php\\\/produto\\\/pasante-saco-de-preservativo-sabor-morango-144-unidades\\\/\",\"url\":\"https:\\\/\\\/lovme.pt\\\/index.php\\\/produto\\\/pasante-saco-de-preservativo-sabor-morango-144-unidades\\\/\",\"name\":\"PASANTE - SACO DE PRESERVATIVO SABOR MORANGO 144 UNIDADES - Lovme\",\"isPartOf\":{\"@id\":\"https:\\\/\\\/lovme.pt\\\/#website\"},\"primaryImageOfPage\":{\"@id\":\"https:\\\/\\\/lovme.pt\\\/index.php\\\/produto\\\/pasante-saco-de-preservativo-sabor-morango-144-unidades\\\/#primaryimage\"},\"image\":{\"@id\":\"https:\\\/\\\/lovme.pt\\\/index.php\\\/produto\\\/pasante-saco-de-preservativo-sabor-morango-144-unidades\\\/#primaryimage\"},\"thumbnailUrl\":\"https:\\\/\\\/erki24nd3ub.exactdn.com\\\/wp-content\\\/uploads\\\/dream\\\/img\\\/img_155019_ce631f91ee7224b842aec12e0f57b2b7_1.jpg?strip=all\",\"datePublished\":\"2025-10-01T02:08:45+00:00\",\"dateModified\":\"2026-02-19T20:18:29+00:00\",\"breadcrumb\":{\"@id\":\"https:\\\/\\\/lovme.pt\\\/index.php\\\/produto\\\/pasante-saco-de-preservativo-sabor-morango-144-unidades\\\/#breadcrumb\"},\"inLanguage\":\"pt-PT\",\"potentialAction\":[{\"@type\":\"ReadAction\",\"target\":[\"https:\\\/\\\/lovme.pt\\\/index.php\\\/produto\\\/pasante-saco-de-preservativo-sabor-morango-144-unidades\\\/\"]}]},{\"@type\":\"ImageObject\",\"inLanguage\":\"pt-PT\",\"@id\":\"https:\\\/\\\/lovme.pt\\\/index.php\\\/produto\\\/pasante-saco-de-preservativo-sabor-morango-144-unidades\\\/#primaryimage\",\"url\":\"https:\\\/\\\/erki24nd3ub.exactdn.com\\\/wp-content\\\/uploads\\\/dream\\\/img\\\/img_155019_ce631f91ee7224b842aec12e0f57b2b7_1.jpg?strip=all\",\"contentUrl\":\"https:\\\/\\\/erki24nd3ub.exactdn.com\\\/wp-content\\\/uploads\\\/dream\\\/img\\\/img_155019_ce631f91ee7224b842aec12e0f57b2b7_1.jpg?strip=all\",\"width\":800,\"height\":800},{\"@type\":\"BreadcrumbList\",\"@id\":\"https:\\\/\\\/lovme.pt\\\/index.php\\\/produto\\\/pasante-saco-de-preservativo-sabor-morango-144-unidades\\\/#breadcrumb\",\"itemListElement\":[{\"@type\":\"ListItem\",\"position\":1,\"name\":\"In\u00edcio\",\"item\":\"https:\\\/\\\/lovme.pt\\\/\"},{\"@type\":\"ListItem\",\"position\":2,\"name\":\"Loja\",\"item\":\"https:\\\/\\\/lovme.pt\\\/index.php\\\/loja\\\/\"},{\"@type\":\"ListItem\",\"position\":3,\"name\":\"PASANTE &#8211; SACO DE PRESERVATIVO SABOR MORANGO 144 UNIDADES\"}]},{\"@type\":\"WebSite\",\"@id\":\"https:\\\/\\\/lovme.pt\\\/#website\",\"url\":\"https:\\\/\\\/lovme.pt\\\/\",\"name\":\"Lovme Loja Er\u00f3tica N\u00ba1 em Portugal\",\"description\":\"A melhor loja er\u00f3tica de Portugal.\",\"alternateName\":\"Loja Er\u00f3tica Lovme\",\"potentialAction\":[{\"@type\":\"SearchAction\",\"target\":{\"@type\":\"EntryPoint\",\"urlTemplate\":\"https:\\\/\\\/lovme.pt\\\/?s={search_term_string}\"},\"query-input\":{\"@type\":\"PropertyValueSpecification\",\"valueRequired\":true,\"valueName\":\"search_term_string\"}}],\"inLanguage\":\"pt-PT\"}]}<\/script>\n<!-- \/ Yoast SEO plugin. -->","yoast_head_json":{"title":"PASANTE - SACO DE PRESERVATIVO SABOR MORANGO 144 UNIDADES - Lovme","robots":{"index":"index","follow":"follow","max-snippet":"max-snippet:-1","max-image-preview":"max-image-preview:large","max-video-preview":"max-video-preview:-1"},"canonical":"https:\/\/lovme.pt\/index.php\/produto\/pasante-saco-de-preservativo-sabor-morango-144-unidades\/","og_locale":"pt_PT","og_type":"article","og_title":"PASANTE - SACO DE PRESERVATIVO SABOR MORANGO 144 UNIDADES - Lovme","og_description":"PASANTE - SACO DE PRESERVATIVO SABOR MORANGO 144 UNIDADES","og_url":"https:\/\/lovme.pt\/index.php\/produto\/pasante-saco-de-preservativo-sabor-morango-144-unidades\/","og_site_name":"Lovme","article_modified_time":"2026-02-19T20:18:29+00:00","og_image":[{"width":800,"height":800,"url":"https:\/\/erki24nd3ub.exactdn.com\/wp-content\/uploads\/dream\/img\/img_155019_ce631f91ee7224b842aec12e0f57b2b7_1.jpg?strip=all","type":"image\/jpeg"}],"twitter_card":"summary_large_image","twitter_misc":{"Tempo estimado de leitura":"1 minuto"},"schema":{"@context":"https:\/\/schema.org","@graph":[{"@type":"WebPage","@id":"https:\/\/lovme.pt\/index.php\/produto\/pasante-saco-de-preservativo-sabor-morango-144-unidades\/","url":"https:\/\/lovme.pt\/index.php\/produto\/pasante-saco-de-preservativo-sabor-morango-144-unidades\/","name":"PASANTE - SACO DE PRESERVATIVO SABOR MORANGO 144 UNIDADES - Lovme","isPartOf":{"@id":"https:\/\/lovme.pt\/#website"},"primaryImageOfPage":{"@id":"https:\/\/lovme.pt\/index.php\/produto\/pasante-saco-de-preservativo-sabor-morango-144-unidades\/#primaryimage"},"image":{"@id":"https:\/\/lovme.pt\/index.php\/produto\/pasante-saco-de-preservativo-sabor-morango-144-unidades\/#primaryimage"},"thumbnailUrl":"https:\/\/erki24nd3ub.exactdn.com\/wp-content\/uploads\/dream\/img\/img_155019_ce631f91ee7224b842aec12e0f57b2b7_1.jpg?strip=all","datePublished":"2025-10-01T02:08:45+00:00","dateModified":"2026-02-19T20:18:29+00:00","breadcrumb":{"@id":"https:\/\/lovme.pt\/index.php\/produto\/pasante-saco-de-preservativo-sabor-morango-144-unidades\/#breadcrumb"},"inLanguage":"pt-PT","potentialAction":[{"@type":"ReadAction","target":["https:\/\/lovme.pt\/index.php\/produto\/pasante-saco-de-preservativo-sabor-morango-144-unidades\/"]}]},{"@type":"ImageObject","inLanguage":"pt-PT","@id":"https:\/\/lovme.pt\/index.php\/produto\/pasante-saco-de-preservativo-sabor-morango-144-unidades\/#primaryimage","url":"https:\/\/erki24nd3ub.exactdn.com\/wp-content\/uploads\/dream\/img\/img_155019_ce631f91ee7224b842aec12e0f57b2b7_1.jpg?strip=all","contentUrl":"https:\/\/erki24nd3ub.exactdn.com\/wp-content\/uploads\/dream\/img\/img_155019_ce631f91ee7224b842aec12e0f57b2b7_1.jpg?strip=all","width":800,"height":800},{"@type":"BreadcrumbList","@id":"https:\/\/lovme.pt\/index.php\/produto\/pasante-saco-de-preservativo-sabor-morango-144-unidades\/#breadcrumb","itemListElement":[{"@type":"ListItem","position":1,"name":"In\u00edcio","item":"https:\/\/lovme.pt\/"},{"@type":"ListItem","position":2,"name":"Loja","item":"https:\/\/lovme.pt\/index.php\/loja\/"},{"@type":"ListItem","position":3,"name":"PASANTE &#8211; SACO DE PRESERVATIVO SABOR MORANGO 144 UNIDADES"}]},{"@type":"WebSite","@id":"https:\/\/lovme.pt\/#website","url":"https:\/\/lovme.pt\/","name":"Lovme Loja Er\u00f3tica N\u00ba1 em Portugal","description":"A melhor loja er\u00f3tica de Portugal.","alternateName":"Loja Er\u00f3tica Lovme","potentialAction":[{"@type":"SearchAction","target":{"@type":"EntryPoint","urlTemplate":"https:\/\/lovme.pt\/?s={search_term_string}"},"query-input":{"@type":"PropertyValueSpecification","valueRequired":true,"valueName":"search_term_string"}}],"inLanguage":"pt-PT"}]}},"_links":{"self":[{"href":"https:\/\/lovme.pt\/index.php\/wp-json\/wp\/v2\/product\/44957","targetHints":{"allow":["GET"]}}],"collection":[{"href":"https:\/\/lovme.pt\/index.php\/wp-json\/wp\/v2\/product"}],"about":[{"href":"https:\/\/lovme.pt\/index.php\/wp-json\/wp\/v2\/types\/product"}],"wp:featuredmedia":[{"embeddable":true,"href":"https:\/\/lovme.pt\/index.php\/wp-json\/wp\/v2\/media\/95109"}],"wp:attachment":[{"href":"https:\/\/lovme.pt\/index.php\/wp-json\/wp\/v2\/media?parent=44957"}],"wp:term":[{"taxonomy":"product_brand","embeddable":true,"href":"https:\/\/lovme.pt\/index.php\/wp-json\/wp\/v2\/product_brand?post=44957"},{"taxonomy":"product_cat","embeddable":true,"href":"https:\/\/lovme.pt\/index.php\/wp-json\/wp\/v2\/product_cat?post=44957"},{"taxonomy":"product_tag","embeddable":true,"href":"https:\/\/lovme.pt\/index.php\/wp-json\/wp\/v2\/product_tag?post=44957"}],"curies":[{"name":"wp","href":"https:\/\/api.w.org\/{rel}","templated":true}]}}