{"id":44926,"date":"2025-10-01T02:08:40","date_gmt":"2025-10-01T02:08:40","guid":{"rendered":"https:\/\/lovme.pt\/?post_type=product&#038;p=44926"},"modified":"2026-02-19T20:18:29","modified_gmt":"2026-02-19T20:18:29","slug":"pasante-saco-de-sabores-eco-pack-preservativos-288-unidades","status":"publish","type":"product","link":"https:\/\/lovme.pt\/index.php\/produto\/pasante-saco-de-sabores-eco-pack-preservativos-288-unidades\/","title":{"rendered":"PASANTE &#8211; SACO DE SABORES ECO PACK PRESERVATIVOS 288 UNIDADES"},"content":{"rendered":"<p><strong>Pasante Sabores<\/strong> chocolate, menta, mirtilo e morango, preservativos coloridos e aromatizados. Fa\u00e7a amor com um sabor completamente novo.<\/p>\n<p>Se voc\u00ea se incomoda com o cheiro de l\u00e1tex ou se gosta tanto de doces que o aroma saboroso de um bolo te excita, esses preservativos s\u00e3o definitivamente para voc\u00ea! Frutado, divertido e colorido, descubra como fazer Sexo seguro tamb\u00e9m \u00e9 delicioso e sem preocupa\u00e7\u00f5es. Provoque o seu parceiro e fa\u00e7a-o desfrutar de todos os sentidos, aque\u00e7a o ambiente com estes originais preservativos de sabor e cor.<\/p>\n<p>Quer experimentar um sabor diferente todos os dias? Experimente os preservativos Pasante Taste com sabores variados! Chocolate, Morango, Mirtilo e Hortel\u00e3.<\/p>\n<p>\u00a0<\/p>\n<p>Em 2016, a Pasante Healthcare Firm foi adquirida pela Karex Bhd, maior fabricante de preservativos do mundo, sendo um ajuste estrat\u00e9gico para ambas as empresas, pois permitir\u00e1 o seu crescimento e investimento na Pasante e nas suas marcas subsidi\u00e1rias. Pasante oferece a maior sele\u00e7\u00e3o de preservativos do mundo, todos fabricados com os mais altos padr\u00f5es de qualidade. Todos os preservativos de l\u00e1tex Pasante possuem a marca kitemark e a marca CE, enquanto os preservativos sem l\u00e1tex possuem a marca CE.<\/p>\n<p>\u00a0<\/p>\n<p><u><strong>Caracter\u00edsticas:<\/strong><\/u><\/p>\n<ul>\n<li>Sabor: Sim, chocolate, menta, mirtilos e morango.<\/li>\n<li>Cor: <span -webkit-text-stroke-width:=\"\" background-color:=\"\" display:=\"\" float:=\"\" font-family:=\"\" font-size:=\"\" font-style:=\"\" font-variant-caps:=\"\" font-variant-ligatures:=\"\" font-weight:=\"\" inline=\"\" letter-spacing:=\"\" orphans:=\"\" style=\"color:\" text-align:=\"\" text-decoration-color:=\"\" text-decoration-style:=\"\" text-decoration-thickness:=\"\" text-indent:=\"\" text-transform:=\"\" white-space:=\"\" widows:=\"\" word-spacing:=\"\">verde Mint Tingle, vermelho Strawberry Crush, marrom Chocolate Temptation e azul Blueberry Blast.<\/span><\/li>\n<li>Textura: Suave.<\/li>\n<li>Largura nominal: 52mm.<\/li>\n<li>Quantidade: Saco de 288 Unidades.<\/li>\n<li>Material: l\u00e1tex 100% natural.<\/li>\n<li>Sexo: Vaginal, anal e oral.<\/li>\n<li>Marca: Pasante.<\/li>\n<li>Comprimento: 190 mm.<\/li>\n<li>Cont\u00e9m: 72 preservativos de cada sabor.<\/li>\n<\/ul>\n<p>Em princ\u00edpio, qualquer preservativo \u00e9 adequado para contacto vaginal, oral e anal, desde que o ajuste seja bom e seja utilizado lubrificante suficiente, especialmente durante o sexo anal.<\/p>\n<p>Lubrificado sem espermicida. Cada preservativo deve ser usado apenas uma vez. N\u00e3o use com lubrificantes \u00e0 base de \u00f3leo.<\/p>\n","protected":false},"excerpt":{"rendered":"<p>PASANTE &#8211; SACO DE SABORES ECO PACK PRESERVATIVOS 288 UNIDADES<\/p>\n","protected":false},"featured_media":95101,"template":"","meta":{"_acf_changed":false},"product_brand":[],"product_cat":[73],"product_tag":[],"class_list":{"0":"post-44926","1":"product","2":"type-product","3":"status-publish","4":"has-post-thumbnail","6":"product_cat-preservativos","7":"yith_product_brand-pasante","9":"first","10":"instock","11":"taxable","12":"shipping-taxable","13":"purchasable","14":"product-type-simple"},"acf":[],"yoast_head":"<!-- This site is optimized with the Yoast SEO plugin v27.4 - https:\/\/yoast.com\/product\/yoast-seo-wordpress\/ -->\n<title>PASANTE - SACO DE SABORES ECO PACK PRESERVATIVOS 288 UNIDADES - Lovme<\/title>\n<meta name=\"robots\" content=\"index, follow, max-snippet:-1, max-image-preview:large, max-video-preview:-1\" \/>\n<link rel=\"canonical\" href=\"https:\/\/lovme.pt\/index.php\/produto\/pasante-saco-de-sabores-eco-pack-preservativos-288-unidades\/\" \/>\n<meta property=\"og:locale\" content=\"pt_PT\" \/>\n<meta property=\"og:type\" content=\"article\" \/>\n<meta property=\"og:title\" content=\"PASANTE - SACO DE SABORES ECO PACK PRESERVATIVOS 288 UNIDADES - Lovme\" \/>\n<meta property=\"og:description\" content=\"PASANTE - SACO DE SABORES ECO PACK PRESERVATIVOS 288 UNIDADES\" \/>\n<meta property=\"og:url\" content=\"https:\/\/lovme.pt\/index.php\/produto\/pasante-saco-de-sabores-eco-pack-preservativos-288-unidades\/\" \/>\n<meta property=\"og:site_name\" content=\"Lovme\" \/>\n<meta property=\"article:modified_time\" content=\"2026-02-19T20:18:29+00:00\" \/>\n<meta property=\"og:image\" content=\"https:\/\/erki24nd3ub.exactdn.com\/wp-content\/uploads\/dream\/img\/img_154853_33c97b04bdc077b473a75b696eb80ae0_1.jpg?strip=all\" \/>\n\t<meta property=\"og:image:width\" content=\"800\" \/>\n\t<meta property=\"og:image:height\" content=\"800\" \/>\n\t<meta property=\"og:image:type\" content=\"image\/jpeg\" \/>\n<meta name=\"twitter:card\" content=\"summary_large_image\" \/>\n<meta name=\"twitter:label1\" content=\"Tempo estimado de leitura\" \/>\n\t<meta name=\"twitter:data1\" content=\"1 minuto\" \/>\n<script type=\"application\/ld+json\" class=\"yoast-schema-graph\">{\"@context\":\"https:\\\/\\\/schema.org\",\"@graph\":[{\"@type\":\"WebPage\",\"@id\":\"https:\\\/\\\/lovme.pt\\\/index.php\\\/produto\\\/pasante-saco-de-sabores-eco-pack-preservativos-288-unidades\\\/\",\"url\":\"https:\\\/\\\/lovme.pt\\\/index.php\\\/produto\\\/pasante-saco-de-sabores-eco-pack-preservativos-288-unidades\\\/\",\"name\":\"PASANTE - SACO DE SABORES ECO PACK PRESERVATIVOS 288 UNIDADES - Lovme\",\"isPartOf\":{\"@id\":\"https:\\\/\\\/lovme.pt\\\/#website\"},\"primaryImageOfPage\":{\"@id\":\"https:\\\/\\\/lovme.pt\\\/index.php\\\/produto\\\/pasante-saco-de-sabores-eco-pack-preservativos-288-unidades\\\/#primaryimage\"},\"image\":{\"@id\":\"https:\\\/\\\/lovme.pt\\\/index.php\\\/produto\\\/pasante-saco-de-sabores-eco-pack-preservativos-288-unidades\\\/#primaryimage\"},\"thumbnailUrl\":\"https:\\\/\\\/erki24nd3ub.exactdn.com\\\/wp-content\\\/uploads\\\/dream\\\/img\\\/img_154853_33c97b04bdc077b473a75b696eb80ae0_1.jpg?strip=all\",\"datePublished\":\"2025-10-01T02:08:40+00:00\",\"dateModified\":\"2026-02-19T20:18:29+00:00\",\"breadcrumb\":{\"@id\":\"https:\\\/\\\/lovme.pt\\\/index.php\\\/produto\\\/pasante-saco-de-sabores-eco-pack-preservativos-288-unidades\\\/#breadcrumb\"},\"inLanguage\":\"pt-PT\",\"potentialAction\":[{\"@type\":\"ReadAction\",\"target\":[\"https:\\\/\\\/lovme.pt\\\/index.php\\\/produto\\\/pasante-saco-de-sabores-eco-pack-preservativos-288-unidades\\\/\"]}]},{\"@type\":\"ImageObject\",\"inLanguage\":\"pt-PT\",\"@id\":\"https:\\\/\\\/lovme.pt\\\/index.php\\\/produto\\\/pasante-saco-de-sabores-eco-pack-preservativos-288-unidades\\\/#primaryimage\",\"url\":\"https:\\\/\\\/erki24nd3ub.exactdn.com\\\/wp-content\\\/uploads\\\/dream\\\/img\\\/img_154853_33c97b04bdc077b473a75b696eb80ae0_1.jpg?strip=all\",\"contentUrl\":\"https:\\\/\\\/erki24nd3ub.exactdn.com\\\/wp-content\\\/uploads\\\/dream\\\/img\\\/img_154853_33c97b04bdc077b473a75b696eb80ae0_1.jpg?strip=all\",\"width\":800,\"height\":800},{\"@type\":\"BreadcrumbList\",\"@id\":\"https:\\\/\\\/lovme.pt\\\/index.php\\\/produto\\\/pasante-saco-de-sabores-eco-pack-preservativos-288-unidades\\\/#breadcrumb\",\"itemListElement\":[{\"@type\":\"ListItem\",\"position\":1,\"name\":\"In\u00edcio\",\"item\":\"https:\\\/\\\/lovme.pt\\\/\"},{\"@type\":\"ListItem\",\"position\":2,\"name\":\"Loja\",\"item\":\"https:\\\/\\\/lovme.pt\\\/index.php\\\/loja\\\/\"},{\"@type\":\"ListItem\",\"position\":3,\"name\":\"PASANTE &#8211; SACO DE SABORES ECO PACK PRESERVATIVOS 288 UNIDADES\"}]},{\"@type\":\"WebSite\",\"@id\":\"https:\\\/\\\/lovme.pt\\\/#website\",\"url\":\"https:\\\/\\\/lovme.pt\\\/\",\"name\":\"Lovme Loja Er\u00f3tica N\u00ba1 em Portugal\",\"description\":\"A melhor loja er\u00f3tica de Portugal.\",\"alternateName\":\"Loja Er\u00f3tica Lovme\",\"potentialAction\":[{\"@type\":\"SearchAction\",\"target\":{\"@type\":\"EntryPoint\",\"urlTemplate\":\"https:\\\/\\\/lovme.pt\\\/?s={search_term_string}\"},\"query-input\":{\"@type\":\"PropertyValueSpecification\",\"valueRequired\":true,\"valueName\":\"search_term_string\"}}],\"inLanguage\":\"pt-PT\"}]}<\/script>\n<!-- \/ Yoast SEO plugin. -->","yoast_head_json":{"title":"PASANTE - SACO DE SABORES ECO PACK PRESERVATIVOS 288 UNIDADES - Lovme","robots":{"index":"index","follow":"follow","max-snippet":"max-snippet:-1","max-image-preview":"max-image-preview:large","max-video-preview":"max-video-preview:-1"},"canonical":"https:\/\/lovme.pt\/index.php\/produto\/pasante-saco-de-sabores-eco-pack-preservativos-288-unidades\/","og_locale":"pt_PT","og_type":"article","og_title":"PASANTE - SACO DE SABORES ECO PACK PRESERVATIVOS 288 UNIDADES - Lovme","og_description":"PASANTE - SACO DE SABORES ECO PACK PRESERVATIVOS 288 UNIDADES","og_url":"https:\/\/lovme.pt\/index.php\/produto\/pasante-saco-de-sabores-eco-pack-preservativos-288-unidades\/","og_site_name":"Lovme","article_modified_time":"2026-02-19T20:18:29+00:00","og_image":[{"width":800,"height":800,"url":"https:\/\/erki24nd3ub.exactdn.com\/wp-content\/uploads\/dream\/img\/img_154853_33c97b04bdc077b473a75b696eb80ae0_1.jpg?strip=all","type":"image\/jpeg"}],"twitter_card":"summary_large_image","twitter_misc":{"Tempo estimado de leitura":"1 minuto"},"schema":{"@context":"https:\/\/schema.org","@graph":[{"@type":"WebPage","@id":"https:\/\/lovme.pt\/index.php\/produto\/pasante-saco-de-sabores-eco-pack-preservativos-288-unidades\/","url":"https:\/\/lovme.pt\/index.php\/produto\/pasante-saco-de-sabores-eco-pack-preservativos-288-unidades\/","name":"PASANTE - SACO DE SABORES ECO PACK PRESERVATIVOS 288 UNIDADES - Lovme","isPartOf":{"@id":"https:\/\/lovme.pt\/#website"},"primaryImageOfPage":{"@id":"https:\/\/lovme.pt\/index.php\/produto\/pasante-saco-de-sabores-eco-pack-preservativos-288-unidades\/#primaryimage"},"image":{"@id":"https:\/\/lovme.pt\/index.php\/produto\/pasante-saco-de-sabores-eco-pack-preservativos-288-unidades\/#primaryimage"},"thumbnailUrl":"https:\/\/erki24nd3ub.exactdn.com\/wp-content\/uploads\/dream\/img\/img_154853_33c97b04bdc077b473a75b696eb80ae0_1.jpg?strip=all","datePublished":"2025-10-01T02:08:40+00:00","dateModified":"2026-02-19T20:18:29+00:00","breadcrumb":{"@id":"https:\/\/lovme.pt\/index.php\/produto\/pasante-saco-de-sabores-eco-pack-preservativos-288-unidades\/#breadcrumb"},"inLanguage":"pt-PT","potentialAction":[{"@type":"ReadAction","target":["https:\/\/lovme.pt\/index.php\/produto\/pasante-saco-de-sabores-eco-pack-preservativos-288-unidades\/"]}]},{"@type":"ImageObject","inLanguage":"pt-PT","@id":"https:\/\/lovme.pt\/index.php\/produto\/pasante-saco-de-sabores-eco-pack-preservativos-288-unidades\/#primaryimage","url":"https:\/\/erki24nd3ub.exactdn.com\/wp-content\/uploads\/dream\/img\/img_154853_33c97b04bdc077b473a75b696eb80ae0_1.jpg?strip=all","contentUrl":"https:\/\/erki24nd3ub.exactdn.com\/wp-content\/uploads\/dream\/img\/img_154853_33c97b04bdc077b473a75b696eb80ae0_1.jpg?strip=all","width":800,"height":800},{"@type":"BreadcrumbList","@id":"https:\/\/lovme.pt\/index.php\/produto\/pasante-saco-de-sabores-eco-pack-preservativos-288-unidades\/#breadcrumb","itemListElement":[{"@type":"ListItem","position":1,"name":"In\u00edcio","item":"https:\/\/lovme.pt\/"},{"@type":"ListItem","position":2,"name":"Loja","item":"https:\/\/lovme.pt\/index.php\/loja\/"},{"@type":"ListItem","position":3,"name":"PASANTE &#8211; SACO DE SABORES ECO PACK PRESERVATIVOS 288 UNIDADES"}]},{"@type":"WebSite","@id":"https:\/\/lovme.pt\/#website","url":"https:\/\/lovme.pt\/","name":"Lovme Loja Er\u00f3tica N\u00ba1 em Portugal","description":"A melhor loja er\u00f3tica de Portugal.","alternateName":"Loja Er\u00f3tica Lovme","potentialAction":[{"@type":"SearchAction","target":{"@type":"EntryPoint","urlTemplate":"https:\/\/lovme.pt\/?s={search_term_string}"},"query-input":{"@type":"PropertyValueSpecification","valueRequired":true,"valueName":"search_term_string"}}],"inLanguage":"pt-PT"}]}},"_links":{"self":[{"href":"https:\/\/lovme.pt\/index.php\/wp-json\/wp\/v2\/product\/44926","targetHints":{"allow":["GET"]}}],"collection":[{"href":"https:\/\/lovme.pt\/index.php\/wp-json\/wp\/v2\/product"}],"about":[{"href":"https:\/\/lovme.pt\/index.php\/wp-json\/wp\/v2\/types\/product"}],"wp:featuredmedia":[{"embeddable":true,"href":"https:\/\/lovme.pt\/index.php\/wp-json\/wp\/v2\/media\/95101"}],"wp:attachment":[{"href":"https:\/\/lovme.pt\/index.php\/wp-json\/wp\/v2\/media?parent=44926"}],"wp:term":[{"taxonomy":"product_brand","embeddable":true,"href":"https:\/\/lovme.pt\/index.php\/wp-json\/wp\/v2\/product_brand?post=44926"},{"taxonomy":"product_cat","embeddable":true,"href":"https:\/\/lovme.pt\/index.php\/wp-json\/wp\/v2\/product_cat?post=44926"},{"taxonomy":"product_tag","embeddable":true,"href":"https:\/\/lovme.pt\/index.php\/wp-json\/wp\/v2\/product_tag?post=44926"}],"curies":[{"name":"wp","href":"https:\/\/api.w.org\/{rel}","templated":true}]}}