{"id":44923,"date":"2025-10-01T02:08:35","date_gmt":"2025-10-01T02:08:35","guid":{"rendered":"https:\/\/lovme.pt\/?post_type=product&p=44923"},"modified":"2026-02-19T20:18:29","modified_gmt":"2026-02-19T20:18:29","slug":"pasante-preservativos-seda-mais-fino-144-unidades","status":"publish","type":"product","link":"https:\/\/lovme.pt\/index.php\/produto\/pasante-preservativos-seda-mais-fino-144-unidades\/","title":{"rendered":"PASANTE &#8211; PRESERVATIVOS SEDA MAIS FINO 144 UNIDADES"},"content":{"rendered":"<p>Os preservativos Pasante <strong>Silk Thin<\/strong> foram concebidos para oferecer uma sensa\u00e7\u00e3o de prazer maior que os preservativos normais, mas sem esquecer a seguran\u00e7a. A sua resist\u00eancia n\u00e3o tem nada a invejar ao preservativo tradicional.<\/p>\n<p> Os <strong>preservativos Pasante Silk Thin,<\/strong> finos como a seda, o nosso preservativo mais fino para essa sensa\u00e7\u00e3o real, apenas 0,04mm. Os preservativos Pasante <strong>Silk Thin<\/strong> s\u00e3o os preservativos de l\u00e1tex mais finos da Pasante e t\u00eam at\u00e9 metade da espessura do preservativo regular da Pasante. Oferece a ambos os membros do casal a experi\u00eancia sexual mais pr\u00f3xima desse sentimento real.<\/p>\n<\/p>\n<p> Em 2016, a Pasante Healthcare Firm foi adquirida pela Karex Bhd, maior fabricante de preservativos do mundo, sendo um ajuste estrat\u00e9gico para ambas as empresas, pois permitir\u00e1 o seu crescimento e investimento na Pasante e nas suas marcas subsidi\u00e1rias. Pasante oferece a maior sele\u00e7\u00e3o de preservativos do mundo, todos fabricados com os mais altos padr\u00f5es de qualidade. Todos os preservativos de l\u00e1tex Pasante possuem a marca kitemark e a marca CE, enquanto os preservativos sem l\u00e1tex possuem a marca CE.<\/p>\n<p> <u><strong>Caracter\u00edsticas:<\/strong><\/u><\/p>\n<ul>\n<li> Sabor: Neutro.<\/li>\n<li> Cor: Transparente.<\/li>\n<li> Textura: Suave.<\/li>\n<li> Largura nominal: 53mm.<\/li>\n<li> Quantidade: Saco de 144 Unidades.<\/li>\n<li> Material: l\u00e1tex 100% natural.<\/li>\n<li> Sexo: Vaginal, anal e oral.<\/li>\n<li> Marca: Pasante.<\/li>\n<li> Comprimento: 190 mm.<\/li>\n<\/ul>\n<p> Em princ\u00edpio, qualquer preservativo \u00e9 adequado para contacto vaginal, oral e anal, desde que o ajuste seja bom e seja utilizado lubrificante suficiente, especialmente durante o sexo anal.<\/p>\n<p> Lubrificado sem espermicida. Cada preservativo deve ser usado apenas uma vez. N\u00e3o use com lubrificantes \u00e0 base de \u00f3leo.<\/p>\n","protected":false},"excerpt":{"rendered":"<p>PASANTE &#8211; PRESERVATIVOS SEDA MAIS FINO 144 UNIDADES<\/p>\n","protected":false},"featured_media":95092,"template":"","meta":{"_acf_changed":false},"product_brand":[],"product_cat":[73],"product_tag":[],"class_list":{"0":"post-44923","1":"product","2":"type-product","3":"status-publish","4":"has-post-thumbnail","6":"product_cat-preservativos","7":"yith_product_brand-pasante","9":"first","10":"instock","11":"taxable","12":"shipping-taxable","13":"purchasable","14":"product-type-simple"},"acf":[],"yoast_head":"<!-- This site is optimized with the Yoast SEO plugin v27.4 - https:\/\/yoast.com\/product\/yoast-seo-wordpress\/ -->\n<title>PASANTE - PRESERVATIVOS SEDA MAIS FINO 144 UNIDADES - Lovme<\/title>\n<meta name=\"robots\" content=\"index, follow, max-snippet:-1, max-image-preview:large, max-video-preview:-1\" \/>\n<link rel=\"canonical\" href=\"https:\/\/lovme.pt\/index.php\/produto\/pasante-preservativos-seda-mais-fino-144-unidades\/\" \/>\n<meta property=\"og:locale\" content=\"pt_PT\" \/>\n<meta property=\"og:type\" content=\"article\" \/>\n<meta property=\"og:title\" content=\"PASANTE - PRESERVATIVOS SEDA MAIS FINO 144 UNIDADES - Lovme\" \/>\n<meta property=\"og:description\" content=\"PASANTE - PRESERVATIVOS SEDA MAIS FINO 144 UNIDADES\" \/>\n<meta property=\"og:url\" content=\"https:\/\/lovme.pt\/index.php\/produto\/pasante-preservativos-seda-mais-fino-144-unidades\/\" \/>\n<meta property=\"og:site_name\" content=\"Lovme\" \/>\n<meta property=\"article:modified_time\" content=\"2026-02-19T20:18:29+00:00\" \/>\n<meta property=\"og:image\" content=\"https:\/\/erki24nd3ub.exactdn.com\/wp-content\/uploads\/dream\/img\/img_154891_1097552b95632d9e46c42a254a7810a4_1.jpg?strip=all\" \/>\n\t<meta property=\"og:image:width\" content=\"800\" \/>\n\t<meta property=\"og:image:height\" content=\"800\" \/>\n\t<meta property=\"og:image:type\" content=\"image\/jpeg\" \/>\n<meta name=\"twitter:card\" content=\"summary_large_image\" \/>\n<meta name=\"twitter:label1\" content=\"Tempo estimado de leitura\" \/>\n\t<meta name=\"twitter:data1\" content=\"1 minuto\" \/>\n<script type=\"application\/ld+json\" class=\"yoast-schema-graph\">{\"@context\":\"https:\\\/\\\/schema.org\",\"@graph\":[{\"@type\":\"WebPage\",\"@id\":\"https:\\\/\\\/lovme.pt\\\/index.php\\\/produto\\\/pasante-preservativos-seda-mais-fino-144-unidades\\\/\",\"url\":\"https:\\\/\\\/lovme.pt\\\/index.php\\\/produto\\\/pasante-preservativos-seda-mais-fino-144-unidades\\\/\",\"name\":\"PASANTE - PRESERVATIVOS SEDA MAIS FINO 144 UNIDADES - Lovme\",\"isPartOf\":{\"@id\":\"https:\\\/\\\/lovme.pt\\\/#website\"},\"primaryImageOfPage\":{\"@id\":\"https:\\\/\\\/lovme.pt\\\/index.php\\\/produto\\\/pasante-preservativos-seda-mais-fino-144-unidades\\\/#primaryimage\"},\"image\":{\"@id\":\"https:\\\/\\\/lovme.pt\\\/index.php\\\/produto\\\/pasante-preservativos-seda-mais-fino-144-unidades\\\/#primaryimage\"},\"thumbnailUrl\":\"https:\\\/\\\/erki24nd3ub.exactdn.com\\\/wp-content\\\/uploads\\\/dream\\\/img\\\/img_154891_1097552b95632d9e46c42a254a7810a4_1.jpg?strip=all\",\"datePublished\":\"2025-10-01T02:08:35+00:00\",\"dateModified\":\"2026-02-19T20:18:29+00:00\",\"breadcrumb\":{\"@id\":\"https:\\\/\\\/lovme.pt\\\/index.php\\\/produto\\\/pasante-preservativos-seda-mais-fino-144-unidades\\\/#breadcrumb\"},\"inLanguage\":\"pt-PT\",\"potentialAction\":[{\"@type\":\"ReadAction\",\"target\":[\"https:\\\/\\\/lovme.pt\\\/index.php\\\/produto\\\/pasante-preservativos-seda-mais-fino-144-unidades\\\/\"]}]},{\"@type\":\"ImageObject\",\"inLanguage\":\"pt-PT\",\"@id\":\"https:\\\/\\\/lovme.pt\\\/index.php\\\/produto\\\/pasante-preservativos-seda-mais-fino-144-unidades\\\/#primaryimage\",\"url\":\"https:\\\/\\\/erki24nd3ub.exactdn.com\\\/wp-content\\\/uploads\\\/dream\\\/img\\\/img_154891_1097552b95632d9e46c42a254a7810a4_1.jpg?strip=all\",\"contentUrl\":\"https:\\\/\\\/erki24nd3ub.exactdn.com\\\/wp-content\\\/uploads\\\/dream\\\/img\\\/img_154891_1097552b95632d9e46c42a254a7810a4_1.jpg?strip=all\",\"width\":800,\"height\":800},{\"@type\":\"BreadcrumbList\",\"@id\":\"https:\\\/\\\/lovme.pt\\\/index.php\\\/produto\\\/pasante-preservativos-seda-mais-fino-144-unidades\\\/#breadcrumb\",\"itemListElement\":[{\"@type\":\"ListItem\",\"position\":1,\"name\":\"In\u00edcio\",\"item\":\"https:\\\/\\\/lovme.pt\\\/\"},{\"@type\":\"ListItem\",\"position\":2,\"name\":\"Loja\",\"item\":\"https:\\\/\\\/lovme.pt\\\/index.php\\\/loja\\\/\"},{\"@type\":\"ListItem\",\"position\":3,\"name\":\"PASANTE &#8211; PRESERVATIVOS SEDA MAIS FINO 144 UNIDADES\"}]},{\"@type\":\"WebSite\",\"@id\":\"https:\\\/\\\/lovme.pt\\\/#website\",\"url\":\"https:\\\/\\\/lovme.pt\\\/\",\"name\":\"Lovme Loja Er\u00f3tica N\u00ba1 em Portugal\",\"description\":\"A melhor loja er\u00f3tica de Portugal.\",\"alternateName\":\"Loja Er\u00f3tica Lovme\",\"potentialAction\":[{\"@type\":\"SearchAction\",\"target\":{\"@type\":\"EntryPoint\",\"urlTemplate\":\"https:\\\/\\\/lovme.pt\\\/?s={search_term_string}\"},\"query-input\":{\"@type\":\"PropertyValueSpecification\",\"valueRequired\":true,\"valueName\":\"search_term_string\"}}],\"inLanguage\":\"pt-PT\"}]}<\/script>\n<!-- \/ Yoast SEO plugin. -->","yoast_head_json":{"title":"PASANTE - PRESERVATIVOS SEDA MAIS FINO 144 UNIDADES - Lovme","robots":{"index":"index","follow":"follow","max-snippet":"max-snippet:-1","max-image-preview":"max-image-preview:large","max-video-preview":"max-video-preview:-1"},"canonical":"https:\/\/lovme.pt\/index.php\/produto\/pasante-preservativos-seda-mais-fino-144-unidades\/","og_locale":"pt_PT","og_type":"article","og_title":"PASANTE - PRESERVATIVOS SEDA MAIS FINO 144 UNIDADES - Lovme","og_description":"PASANTE - PRESERVATIVOS SEDA MAIS FINO 144 UNIDADES","og_url":"https:\/\/lovme.pt\/index.php\/produto\/pasante-preservativos-seda-mais-fino-144-unidades\/","og_site_name":"Lovme","article_modified_time":"2026-02-19T20:18:29+00:00","og_image":[{"width":800,"height":800,"url":"https:\/\/erki24nd3ub.exactdn.com\/wp-content\/uploads\/dream\/img\/img_154891_1097552b95632d9e46c42a254a7810a4_1.jpg?strip=all","type":"image\/jpeg"}],"twitter_card":"summary_large_image","twitter_misc":{"Tempo estimado de leitura":"1 minuto"},"schema":{"@context":"https:\/\/schema.org","@graph":[{"@type":"WebPage","@id":"https:\/\/lovme.pt\/index.php\/produto\/pasante-preservativos-seda-mais-fino-144-unidades\/","url":"https:\/\/lovme.pt\/index.php\/produto\/pasante-preservativos-seda-mais-fino-144-unidades\/","name":"PASANTE - PRESERVATIVOS SEDA MAIS FINO 144 UNIDADES - Lovme","isPartOf":{"@id":"https:\/\/lovme.pt\/#website"},"primaryImageOfPage":{"@id":"https:\/\/lovme.pt\/index.php\/produto\/pasante-preservativos-seda-mais-fino-144-unidades\/#primaryimage"},"image":{"@id":"https:\/\/lovme.pt\/index.php\/produto\/pasante-preservativos-seda-mais-fino-144-unidades\/#primaryimage"},"thumbnailUrl":"https:\/\/erki24nd3ub.exactdn.com\/wp-content\/uploads\/dream\/img\/img_154891_1097552b95632d9e46c42a254a7810a4_1.jpg?strip=all","datePublished":"2025-10-01T02:08:35+00:00","dateModified":"2026-02-19T20:18:29+00:00","breadcrumb":{"@id":"https:\/\/lovme.pt\/index.php\/produto\/pasante-preservativos-seda-mais-fino-144-unidades\/#breadcrumb"},"inLanguage":"pt-PT","potentialAction":[{"@type":"ReadAction","target":["https:\/\/lovme.pt\/index.php\/produto\/pasante-preservativos-seda-mais-fino-144-unidades\/"]}]},{"@type":"ImageObject","inLanguage":"pt-PT","@id":"https:\/\/lovme.pt\/index.php\/produto\/pasante-preservativos-seda-mais-fino-144-unidades\/#primaryimage","url":"https:\/\/erki24nd3ub.exactdn.com\/wp-content\/uploads\/dream\/img\/img_154891_1097552b95632d9e46c42a254a7810a4_1.jpg?strip=all","contentUrl":"https:\/\/erki24nd3ub.exactdn.com\/wp-content\/uploads\/dream\/img\/img_154891_1097552b95632d9e46c42a254a7810a4_1.jpg?strip=all","width":800,"height":800},{"@type":"BreadcrumbList","@id":"https:\/\/lovme.pt\/index.php\/produto\/pasante-preservativos-seda-mais-fino-144-unidades\/#breadcrumb","itemListElement":[{"@type":"ListItem","position":1,"name":"In\u00edcio","item":"https:\/\/lovme.pt\/"},{"@type":"ListItem","position":2,"name":"Loja","item":"https:\/\/lovme.pt\/index.php\/loja\/"},{"@type":"ListItem","position":3,"name":"PASANTE &#8211; PRESERVATIVOS SEDA MAIS FINO 144 UNIDADES"}]},{"@type":"WebSite","@id":"https:\/\/lovme.pt\/#website","url":"https:\/\/lovme.pt\/","name":"Lovme Loja Er\u00f3tica N\u00ba1 em Portugal","description":"A melhor loja er\u00f3tica de Portugal.","alternateName":"Loja Er\u00f3tica Lovme","potentialAction":[{"@type":"SearchAction","target":{"@type":"EntryPoint","urlTemplate":"https:\/\/lovme.pt\/?s={search_term_string}"},"query-input":{"@type":"PropertyValueSpecification","valueRequired":true,"valueName":"search_term_string"}}],"inLanguage":"pt-PT"}]}},"_links":{"self":[{"href":"https:\/\/lovme.pt\/index.php\/wp-json\/wp\/v2\/product\/44923","targetHints":{"allow":["GET"]}}],"collection":[{"href":"https:\/\/lovme.pt\/index.php\/wp-json\/wp\/v2\/product"}],"about":[{"href":"https:\/\/lovme.pt\/index.php\/wp-json\/wp\/v2\/types\/product"}],"wp:featuredmedia":[{"embeddable":true,"href":"https:\/\/lovme.pt\/index.php\/wp-json\/wp\/v2\/media\/95092"}],"wp:attachment":[{"href":"https:\/\/lovme.pt\/index.php\/wp-json\/wp\/v2\/media?parent=44923"}],"wp:term":[{"taxonomy":"product_brand","embeddable":true,"href":"https:\/\/lovme.pt\/index.php\/wp-json\/wp\/v2\/product_brand?post=44923"},{"taxonomy":"product_cat","embeddable":true,"href":"https:\/\/lovme.pt\/index.php\/wp-json\/wp\/v2\/product_cat?post=44923"},{"taxonomy":"product_tag","embeddable":true,"href":"https:\/\/lovme.pt\/index.php\/wp-json\/wp\/v2\/product_tag?post=44923"}],"curies":[{"name":"wp","href":"https:\/\/api.w.org\/{rel}","templated":true}]}}