{"id":44831,"date":"2025-10-01T00:50:02","date_gmt":"2025-10-01T00:50:02","guid":{"rendered":"https:\/\/lovme.pt\/?post_type=product&#038;p=44831"},"modified":"2026-02-19T20:23:26","modified_gmt":"2026-02-19T20:23:26","slug":"passion-bs096-bodystock-preto-tamanho-unico","status":"publish","type":"product","link":"https:\/\/lovme.pt\/index.php\/produto\/passion-bs096-bodystock-preto-tamanho-unico\/","title":{"rendered":"PASSION &#8211; BS096 BODYSTOCKING NEGRO TALLA UNICA"},"content":{"rendered":"<p>O body da prestigiada marca <strong>PASSION<\/strong> \u00e9 uma obra-prima de sensualidade com um design espetacularmente sexy que se adapta ao corpo em tamanho \u00fanico. Este look se diferencia pela estampa deslumbrante, que acrescenta um toque de intriga e paix\u00e3o ao seu estilo.<\/p>\n<p> Al\u00e9m do design atraente, o bodystocking \u00e9 confeccionado com um material resistente e de alta qualidade que garante durabilidade e resist\u00eancia.<\/p>\n<p> Com o body <strong>PASSION<\/strong> voc\u00ea estar\u00e1 pronto para cativar e surpreender a qualquer hora e em qualquer lugar, levando sua sensualidade a um n\u00edvel completamente novo.<\/p>\n<ul>\n<li> Minivestido sensual em corpo de malha<\/li>\n<li> Renda sexy e transpar\u00eancias<\/li>\n<li> Design espetacular<\/li>\n<li> Material el\u00e1stico. Adapta-se ao corpo<\/li>\n<li> Composi\u00e7\u00e3o: 80% poliamida \/ 20% elastano<\/li>\n<li> Um tamanho<\/li>\n<li> Cores: Preto, vermelho e branco<\/li>\n<\/ul>\n<p> <strong>PASSION<\/strong> <span style=\"line-height:\">\u00e9 uma lingerie fabricada na Uni\u00e3o Europeia com rigorosos controles de qualidade, cuidando ao m\u00e1ximo detalhe tanto na fabrica\u00e7\u00e3o quanto nos seus elementos decorativos, pensada para o mundo de hoje, pessoas din\u00e2micas com vontade de inovar e que se sentem sempre atualizadas.<\/span><\/p>\n","protected":false},"excerpt":{"rendered":"<p>PASSION &#8211; BS096 BODYSTOCK PRETO TAMANHO \u00daNICO<\/p>\n","protected":false},"featured_media":91374,"template":"","meta":{"_acf_changed":false},"product_brand":[],"product_cat":[47,66],"product_tag":[],"class_list":{"0":"post-44831","1":"product","2":"type-product","3":"status-publish","4":"has-post-thumbnail","6":"product_cat-lingerie","7":"product_cat-lingerie-feminina","8":"yith_product_brand-passion","9":"yith_product_brand-passionpassion-woman","10":"yith_product_brand-passionpassion-womanpassion-woman-bodystockings","12":"first","13":"instock","14":"taxable","15":"shipping-taxable","16":"purchasable","17":"product-type-variable","18":"has-default-attributes"},"acf":[],"yoast_head":"<!-- This site is optimized with the Yoast SEO plugin v27.4 - https:\/\/yoast.com\/product\/yoast-seo-wordpress\/ -->\n<title>PASSION - BS096 BODYSTOCKING NEGRO TALLA UNICA - Lovme<\/title>\n<meta name=\"robots\" content=\"index, follow, max-snippet:-1, max-image-preview:large, max-video-preview:-1\" \/>\n<link rel=\"canonical\" href=\"https:\/\/lovme.pt\/index.php\/produto\/passion-bs096-bodystock-preto-tamanho-unico\/\" \/>\n<meta property=\"og:locale\" content=\"pt_PT\" \/>\n<meta property=\"og:type\" content=\"article\" \/>\n<meta property=\"og:title\" content=\"PASSION - BS096 BODYSTOCKING NEGRO TALLA UNICA - Lovme\" \/>\n<meta property=\"og:description\" content=\"PASSION - BS096 BODYSTOCK PRETO TAMANHO \u00daNICO\" \/>\n<meta property=\"og:url\" content=\"https:\/\/lovme.pt\/index.php\/produto\/passion-bs096-bodystock-preto-tamanho-unico\/\" \/>\n<meta property=\"og:site_name\" content=\"Lovme\" \/>\n<meta property=\"article:modified_time\" content=\"2026-02-19T20:23:26+00:00\" \/>\n<meta property=\"og:image\" content=\"https:\/\/erki24nd3ub.exactdn.com\/wp-content\/uploads\/dream\/img\/img_154146_fe37e8a72041b918f0904430f818fcb3_1.jpg?strip=all\" \/>\n\t<meta property=\"og:image:width\" content=\"800\" \/>\n\t<meta property=\"og:image:height\" content=\"800\" \/>\n\t<meta property=\"og:image:type\" content=\"image\/jpeg\" \/>\n<meta name=\"twitter:card\" content=\"summary_large_image\" \/>\n<meta name=\"twitter:label1\" content=\"Tempo estimado de leitura\" \/>\n\t<meta name=\"twitter:data1\" content=\"1 minuto\" \/>\n<script type=\"application\/ld+json\" class=\"yoast-schema-graph\">{\"@context\":\"https:\\\/\\\/schema.org\",\"@graph\":[{\"@type\":\"WebPage\",\"@id\":\"https:\\\/\\\/lovme.pt\\\/index.php\\\/produto\\\/passion-bs096-bodystock-preto-tamanho-unico\\\/\",\"url\":\"https:\\\/\\\/lovme.pt\\\/index.php\\\/produto\\\/passion-bs096-bodystock-preto-tamanho-unico\\\/\",\"name\":\"PASSION - BS096 BODYSTOCKING NEGRO TALLA UNICA - Lovme\",\"isPartOf\":{\"@id\":\"https:\\\/\\\/lovme.pt\\\/#website\"},\"primaryImageOfPage\":{\"@id\":\"https:\\\/\\\/lovme.pt\\\/index.php\\\/produto\\\/passion-bs096-bodystock-preto-tamanho-unico\\\/#primaryimage\"},\"image\":{\"@id\":\"https:\\\/\\\/lovme.pt\\\/index.php\\\/produto\\\/passion-bs096-bodystock-preto-tamanho-unico\\\/#primaryimage\"},\"thumbnailUrl\":\"https:\\\/\\\/erki24nd3ub.exactdn.com\\\/wp-content\\\/uploads\\\/dream\\\/img\\\/img_154146_fe37e8a72041b918f0904430f818fcb3_1.jpg?strip=all\",\"datePublished\":\"2025-10-01T00:50:02+00:00\",\"dateModified\":\"2026-02-19T20:23:26+00:00\",\"breadcrumb\":{\"@id\":\"https:\\\/\\\/lovme.pt\\\/index.php\\\/produto\\\/passion-bs096-bodystock-preto-tamanho-unico\\\/#breadcrumb\"},\"inLanguage\":\"pt-PT\",\"potentialAction\":[{\"@type\":\"ReadAction\",\"target\":[\"https:\\\/\\\/lovme.pt\\\/index.php\\\/produto\\\/passion-bs096-bodystock-preto-tamanho-unico\\\/\"]}]},{\"@type\":\"ImageObject\",\"inLanguage\":\"pt-PT\",\"@id\":\"https:\\\/\\\/lovme.pt\\\/index.php\\\/produto\\\/passion-bs096-bodystock-preto-tamanho-unico\\\/#primaryimage\",\"url\":\"https:\\\/\\\/erki24nd3ub.exactdn.com\\\/wp-content\\\/uploads\\\/dream\\\/img\\\/img_154146_fe37e8a72041b918f0904430f818fcb3_1.jpg?strip=all\",\"contentUrl\":\"https:\\\/\\\/erki24nd3ub.exactdn.com\\\/wp-content\\\/uploads\\\/dream\\\/img\\\/img_154146_fe37e8a72041b918f0904430f818fcb3_1.jpg?strip=all\",\"width\":800,\"height\":800},{\"@type\":\"BreadcrumbList\",\"@id\":\"https:\\\/\\\/lovme.pt\\\/index.php\\\/produto\\\/passion-bs096-bodystock-preto-tamanho-unico\\\/#breadcrumb\",\"itemListElement\":[{\"@type\":\"ListItem\",\"position\":1,\"name\":\"In\u00edcio\",\"item\":\"https:\\\/\\\/lovme.pt\\\/\"},{\"@type\":\"ListItem\",\"position\":2,\"name\":\"Loja\",\"item\":\"https:\\\/\\\/lovme.pt\\\/index.php\\\/loja\\\/\"},{\"@type\":\"ListItem\",\"position\":3,\"name\":\"PASSION &#8211; BS096 BODYSTOCKING NEGRO TALLA UNICA\"}]},{\"@type\":\"WebSite\",\"@id\":\"https:\\\/\\\/lovme.pt\\\/#website\",\"url\":\"https:\\\/\\\/lovme.pt\\\/\",\"name\":\"Lovme Loja Er\u00f3tica N\u00ba1 em Portugal\",\"description\":\"A melhor loja er\u00f3tica de Portugal.\",\"alternateName\":\"Loja Er\u00f3tica Lovme\",\"potentialAction\":[{\"@type\":\"SearchAction\",\"target\":{\"@type\":\"EntryPoint\",\"urlTemplate\":\"https:\\\/\\\/lovme.pt\\\/?s={search_term_string}\"},\"query-input\":{\"@type\":\"PropertyValueSpecification\",\"valueRequired\":true,\"valueName\":\"search_term_string\"}}],\"inLanguage\":\"pt-PT\"}]}<\/script>\n<!-- \/ Yoast SEO plugin. -->","yoast_head_json":{"title":"PASSION - BS096 BODYSTOCKING NEGRO TALLA UNICA - Lovme","robots":{"index":"index","follow":"follow","max-snippet":"max-snippet:-1","max-image-preview":"max-image-preview:large","max-video-preview":"max-video-preview:-1"},"canonical":"https:\/\/lovme.pt\/index.php\/produto\/passion-bs096-bodystock-preto-tamanho-unico\/","og_locale":"pt_PT","og_type":"article","og_title":"PASSION - BS096 BODYSTOCKING NEGRO TALLA UNICA - Lovme","og_description":"PASSION - BS096 BODYSTOCK PRETO TAMANHO \u00daNICO","og_url":"https:\/\/lovme.pt\/index.php\/produto\/passion-bs096-bodystock-preto-tamanho-unico\/","og_site_name":"Lovme","article_modified_time":"2026-02-19T20:23:26+00:00","og_image":[{"width":800,"height":800,"url":"https:\/\/erki24nd3ub.exactdn.com\/wp-content\/uploads\/dream\/img\/img_154146_fe37e8a72041b918f0904430f818fcb3_1.jpg?strip=all","type":"image\/jpeg"}],"twitter_card":"summary_large_image","twitter_misc":{"Tempo estimado de leitura":"1 minuto"},"schema":{"@context":"https:\/\/schema.org","@graph":[{"@type":"WebPage","@id":"https:\/\/lovme.pt\/index.php\/produto\/passion-bs096-bodystock-preto-tamanho-unico\/","url":"https:\/\/lovme.pt\/index.php\/produto\/passion-bs096-bodystock-preto-tamanho-unico\/","name":"PASSION - BS096 BODYSTOCKING NEGRO TALLA UNICA - Lovme","isPartOf":{"@id":"https:\/\/lovme.pt\/#website"},"primaryImageOfPage":{"@id":"https:\/\/lovme.pt\/index.php\/produto\/passion-bs096-bodystock-preto-tamanho-unico\/#primaryimage"},"image":{"@id":"https:\/\/lovme.pt\/index.php\/produto\/passion-bs096-bodystock-preto-tamanho-unico\/#primaryimage"},"thumbnailUrl":"https:\/\/erki24nd3ub.exactdn.com\/wp-content\/uploads\/dream\/img\/img_154146_fe37e8a72041b918f0904430f818fcb3_1.jpg?strip=all","datePublished":"2025-10-01T00:50:02+00:00","dateModified":"2026-02-19T20:23:26+00:00","breadcrumb":{"@id":"https:\/\/lovme.pt\/index.php\/produto\/passion-bs096-bodystock-preto-tamanho-unico\/#breadcrumb"},"inLanguage":"pt-PT","potentialAction":[{"@type":"ReadAction","target":["https:\/\/lovme.pt\/index.php\/produto\/passion-bs096-bodystock-preto-tamanho-unico\/"]}]},{"@type":"ImageObject","inLanguage":"pt-PT","@id":"https:\/\/lovme.pt\/index.php\/produto\/passion-bs096-bodystock-preto-tamanho-unico\/#primaryimage","url":"https:\/\/erki24nd3ub.exactdn.com\/wp-content\/uploads\/dream\/img\/img_154146_fe37e8a72041b918f0904430f818fcb3_1.jpg?strip=all","contentUrl":"https:\/\/erki24nd3ub.exactdn.com\/wp-content\/uploads\/dream\/img\/img_154146_fe37e8a72041b918f0904430f818fcb3_1.jpg?strip=all","width":800,"height":800},{"@type":"BreadcrumbList","@id":"https:\/\/lovme.pt\/index.php\/produto\/passion-bs096-bodystock-preto-tamanho-unico\/#breadcrumb","itemListElement":[{"@type":"ListItem","position":1,"name":"In\u00edcio","item":"https:\/\/lovme.pt\/"},{"@type":"ListItem","position":2,"name":"Loja","item":"https:\/\/lovme.pt\/index.php\/loja\/"},{"@type":"ListItem","position":3,"name":"PASSION &#8211; BS096 BODYSTOCKING NEGRO TALLA UNICA"}]},{"@type":"WebSite","@id":"https:\/\/lovme.pt\/#website","url":"https:\/\/lovme.pt\/","name":"Lovme Loja Er\u00f3tica N\u00ba1 em Portugal","description":"A melhor loja er\u00f3tica de Portugal.","alternateName":"Loja Er\u00f3tica Lovme","potentialAction":[{"@type":"SearchAction","target":{"@type":"EntryPoint","urlTemplate":"https:\/\/lovme.pt\/?s={search_term_string}"},"query-input":{"@type":"PropertyValueSpecification","valueRequired":true,"valueName":"search_term_string"}}],"inLanguage":"pt-PT"}]}},"_links":{"self":[{"href":"https:\/\/lovme.pt\/index.php\/wp-json\/wp\/v2\/product\/44831","targetHints":{"allow":["GET"]}}],"collection":[{"href":"https:\/\/lovme.pt\/index.php\/wp-json\/wp\/v2\/product"}],"about":[{"href":"https:\/\/lovme.pt\/index.php\/wp-json\/wp\/v2\/types\/product"}],"wp:featuredmedia":[{"embeddable":true,"href":"https:\/\/lovme.pt\/index.php\/wp-json\/wp\/v2\/media\/91374"}],"wp:attachment":[{"href":"https:\/\/lovme.pt\/index.php\/wp-json\/wp\/v2\/media?parent=44831"}],"wp:term":[{"taxonomy":"product_brand","embeddable":true,"href":"https:\/\/lovme.pt\/index.php\/wp-json\/wp\/v2\/product_brand?post=44831"},{"taxonomy":"product_cat","embeddable":true,"href":"https:\/\/lovme.pt\/index.php\/wp-json\/wp\/v2\/product_cat?post=44831"},{"taxonomy":"product_tag","embeddable":true,"href":"https:\/\/lovme.pt\/index.php\/wp-json\/wp\/v2\/product_tag?post=44831"}],"curies":[{"name":"wp","href":"https:\/\/api.w.org\/{rel}","templated":true}]}}