{"id":44771,"date":"2025-10-01T03:11:05","date_gmt":"2025-10-01T03:11:05","guid":{"rendered":"https:\/\/lovme.pt\/?post_type=product&p=44771"},"modified":"2026-02-19T20:22:34","modified_gmt":"2026-02-19T20:22:34","slug":"moq-220-kiki-travel-lubrificante-a-base-de-agua-sabor-frutas-tropicais-50-ml-4","status":"publish","type":"product","link":"https:\/\/lovme.pt\/index.php\/produto\/moq-220-kiki-travel-lubrificante-a-base-de-agua-sabor-frutas-tropicais-50-ml-4\/","title":{"rendered":"MOQ 220 &#8211; KIK\u00cd TRAVEL LUBRIFICANTE \u00c0 BASE DE \u00c1GUA SABOR FRUTAS TROPICAIS &#8211; 50 ML"},"content":{"rendered":"<p>CAIXA 200 UNIDADES<\/p>\n<p>\u00a0<\/p>\n<p>Todos sabemos que viajar \u00e9 a melhor forma de nos perdermos e de nos encontrarmos ao mesmo tempo e que existem demasiadas aventuras por a\u00ed \u00e0 espera de serem vividas. Mas, viaje, n\u00e3o para fugir da vida, mas para que a vida n\u00e3o fuja, porque \u00e9 a \u00fanica coisa que podemos comprar na vida mas ao mesmo tempo, nos tornar mais ricos&#8230;<\/p>\n<p>Como adoramos viajar, sabemos o que \u00e9 preciso para torn\u00e1-la inesquec\u00edvel e <strong>a Aqua Travel<\/strong> com a sua gama de lubrificantes \u00e0 base de \u00e1gua e sabor explosivo, ser\u00e1 a partir de agora a sua companhia ideal, o seu sabor delicioso, lubrifica\u00e7\u00e3o de longa dura\u00e7\u00e3o, limpeza f\u00e1cil e o tamanho compacto se tornar\u00e1 indispens\u00e1vel na sua mala de viagem!<\/p>\n<ul>\n<li>Lubrificante \u00e0 base de \u00e1gua<\/li>\n<li>Sabor delicioso e intenso de Frutas Tropicais<\/li>\n<li>Lubrifica\u00e7\u00e3o de longa dura\u00e7\u00e3o<\/li>\n<li>F\u00e1cil de limpar<\/li>\n<li>Ideal para sexo oral<\/li>\n<li>Compat\u00edvel com preservativos de l\u00e1tex<\/li>\n<li>Formato de viagem: 50 ml<\/li>\n<\/ul>\n<p>Encha a sua vida de momentos maravilhosos e deixe <strong>a Aqua Travel<\/strong> acompanh\u00e1-lo na sua viagem!<\/p>\n","protected":false},"excerpt":{"rendered":"<p>EMBALAGEM DISPON\u00cdVEL EM: \/es\/en\/fr\/de\/pt\/it\/ro\/el\/ru\/hu\/<\/p>\n","protected":false},"featured_media":101980,"template":"","meta":{"_acf_changed":false},"product_brand":[],"product_cat":[49,65,53],"product_tag":[],"class_list":{"0":"post-44771","1":"product","2":"type-product","3":"status-publish","4":"has-post-thumbnail","6":"product_cat-cosmeticos","7":"product_cat-kits","8":"product_cat-lubrificantes-intimos","9":"yith_product_brand-kiki-travel","11":"first","12":"instock","13":"taxable","14":"shipping-taxable","15":"purchasable","16":"product-type-simple"},"acf":[],"yoast_head":"<!-- This site is optimized with the Yoast SEO plugin v27.3 - https:\/\/yoast.com\/product\/yoast-seo-wordpress\/ -->\n<title>MOQ 220 - KIK\u00cd TRAVEL LUBRIFICANTE \u00c0 BASE DE \u00c1GUA SABOR FRUTAS TROPICAIS - 50 ML - Lovme<\/title>\n<meta name=\"robots\" content=\"index, follow, max-snippet:-1, max-image-preview:large, max-video-preview:-1\" \/>\n<link rel=\"canonical\" href=\"https:\/\/lovme.pt\/index.php\/produto\/moq-220-kiki-travel-lubrificante-a-base-de-agua-sabor-frutas-tropicais-50-ml-4\/\" \/>\n<meta property=\"og:locale\" content=\"pt_PT\" \/>\n<meta property=\"og:type\" content=\"article\" \/>\n<meta property=\"og:title\" content=\"MOQ 220 - KIK\u00cd TRAVEL LUBRIFICANTE \u00c0 BASE DE \u00c1GUA SABOR FRUTAS TROPICAIS - 50 ML - Lovme\" \/>\n<meta property=\"og:description\" content=\"EMBALAGEM DISPON\u00cdVEL EM: \/es\/en\/fr\/de\/pt\/it\/ro\/el\/ru\/hu\/\" \/>\n<meta property=\"og:url\" content=\"https:\/\/lovme.pt\/index.php\/produto\/moq-220-kiki-travel-lubrificante-a-base-de-agua-sabor-frutas-tropicais-50-ml-4\/\" \/>\n<meta property=\"og:site_name\" content=\"Lovme\" \/>\n<meta property=\"article:modified_time\" content=\"2026-02-19T20:22:34+00:00\" \/>\n<meta property=\"og:image\" content=\"https:\/\/erki24nd3ub.exactdn.com\/wp-content\/uploads\/dream\/img\/img_153710_317e0d27e5a29752f2fc169d81497f72_1.png?strip=all\" \/>\n\t<meta property=\"og:image:width\" content=\"800\" \/>\n\t<meta property=\"og:image:height\" content=\"800\" \/>\n\t<meta property=\"og:image:type\" content=\"image\/png\" \/>\n<meta name=\"twitter:card\" content=\"summary_large_image\" \/>\n<meta name=\"twitter:label1\" content=\"Tempo estimado de leitura\" \/>\n\t<meta name=\"twitter:data1\" content=\"1 minuto\" \/>\n<script type=\"application\/ld+json\" class=\"yoast-schema-graph\">{\"@context\":\"https:\\\/\\\/schema.org\",\"@graph\":[{\"@type\":\"WebPage\",\"@id\":\"https:\\\/\\\/lovme.pt\\\/index.php\\\/produto\\\/moq-220-kiki-travel-lubrificante-a-base-de-agua-sabor-frutas-tropicais-50-ml-4\\\/\",\"url\":\"https:\\\/\\\/lovme.pt\\\/index.php\\\/produto\\\/moq-220-kiki-travel-lubrificante-a-base-de-agua-sabor-frutas-tropicais-50-ml-4\\\/\",\"name\":\"MOQ 220 - KIK\u00cd TRAVEL LUBRIFICANTE \u00c0 BASE DE \u00c1GUA SABOR FRUTAS TROPICAIS - 50 ML - Lovme\",\"isPartOf\":{\"@id\":\"https:\\\/\\\/lovme.pt\\\/#website\"},\"primaryImageOfPage\":{\"@id\":\"https:\\\/\\\/lovme.pt\\\/index.php\\\/produto\\\/moq-220-kiki-travel-lubrificante-a-base-de-agua-sabor-frutas-tropicais-50-ml-4\\\/#primaryimage\"},\"image\":{\"@id\":\"https:\\\/\\\/lovme.pt\\\/index.php\\\/produto\\\/moq-220-kiki-travel-lubrificante-a-base-de-agua-sabor-frutas-tropicais-50-ml-4\\\/#primaryimage\"},\"thumbnailUrl\":\"https:\\\/\\\/erki24nd3ub.exactdn.com\\\/wp-content\\\/uploads\\\/dream\\\/img\\\/img_153710_317e0d27e5a29752f2fc169d81497f72_1.png?strip=all\",\"datePublished\":\"2025-10-01T03:11:05+00:00\",\"dateModified\":\"2026-02-19T20:22:34+00:00\",\"breadcrumb\":{\"@id\":\"https:\\\/\\\/lovme.pt\\\/index.php\\\/produto\\\/moq-220-kiki-travel-lubrificante-a-base-de-agua-sabor-frutas-tropicais-50-ml-4\\\/#breadcrumb\"},\"inLanguage\":\"pt-PT\",\"potentialAction\":[{\"@type\":\"ReadAction\",\"target\":[\"https:\\\/\\\/lovme.pt\\\/index.php\\\/produto\\\/moq-220-kiki-travel-lubrificante-a-base-de-agua-sabor-frutas-tropicais-50-ml-4\\\/\"]}]},{\"@type\":\"ImageObject\",\"inLanguage\":\"pt-PT\",\"@id\":\"https:\\\/\\\/lovme.pt\\\/index.php\\\/produto\\\/moq-220-kiki-travel-lubrificante-a-base-de-agua-sabor-frutas-tropicais-50-ml-4\\\/#primaryimage\",\"url\":\"https:\\\/\\\/erki24nd3ub.exactdn.com\\\/wp-content\\\/uploads\\\/dream\\\/img\\\/img_153710_317e0d27e5a29752f2fc169d81497f72_1.png?strip=all\",\"contentUrl\":\"https:\\\/\\\/erki24nd3ub.exactdn.com\\\/wp-content\\\/uploads\\\/dream\\\/img\\\/img_153710_317e0d27e5a29752f2fc169d81497f72_1.png?strip=all\",\"width\":800,\"height\":800},{\"@type\":\"BreadcrumbList\",\"@id\":\"https:\\\/\\\/lovme.pt\\\/index.php\\\/produto\\\/moq-220-kiki-travel-lubrificante-a-base-de-agua-sabor-frutas-tropicais-50-ml-4\\\/#breadcrumb\",\"itemListElement\":[{\"@type\":\"ListItem\",\"position\":1,\"name\":\"In\u00edcio\",\"item\":\"https:\\\/\\\/lovme.pt\\\/\"},{\"@type\":\"ListItem\",\"position\":2,\"name\":\"Loja\",\"item\":\"https:\\\/\\\/lovme.pt\\\/index.php\\\/loja\\\/\"},{\"@type\":\"ListItem\",\"position\":3,\"name\":\"MOQ 220 &#8211; KIK\u00cd TRAVEL LUBRIFICANTE \u00c0 BASE DE \u00c1GUA SABOR FRUTAS TROPICAIS &#8211; 50 ML\"}]},{\"@type\":\"WebSite\",\"@id\":\"https:\\\/\\\/lovme.pt\\\/#website\",\"url\":\"https:\\\/\\\/lovme.pt\\\/\",\"name\":\"Lovme Loja Er\u00f3tica N\u00ba1 em Portugal\",\"description\":\"A melhor loja er\u00f3tica de Portugal.\",\"alternateName\":\"Loja Er\u00f3tica Lovme\",\"potentialAction\":[{\"@type\":\"SearchAction\",\"target\":{\"@type\":\"EntryPoint\",\"urlTemplate\":\"https:\\\/\\\/lovme.pt\\\/?s={search_term_string}\"},\"query-input\":{\"@type\":\"PropertyValueSpecification\",\"valueRequired\":true,\"valueName\":\"search_term_string\"}}],\"inLanguage\":\"pt-PT\"}]}<\/script>\n<!-- \/ Yoast SEO plugin. -->","yoast_head_json":{"title":"MOQ 220 - KIK\u00cd TRAVEL LUBRIFICANTE \u00c0 BASE DE \u00c1GUA SABOR FRUTAS TROPICAIS - 50 ML - Lovme","robots":{"index":"index","follow":"follow","max-snippet":"max-snippet:-1","max-image-preview":"max-image-preview:large","max-video-preview":"max-video-preview:-1"},"canonical":"https:\/\/lovme.pt\/index.php\/produto\/moq-220-kiki-travel-lubrificante-a-base-de-agua-sabor-frutas-tropicais-50-ml-4\/","og_locale":"pt_PT","og_type":"article","og_title":"MOQ 220 - KIK\u00cd TRAVEL LUBRIFICANTE \u00c0 BASE DE \u00c1GUA SABOR FRUTAS TROPICAIS - 50 ML - Lovme","og_description":"EMBALAGEM DISPON\u00cdVEL EM: \/es\/en\/fr\/de\/pt\/it\/ro\/el\/ru\/hu\/","og_url":"https:\/\/lovme.pt\/index.php\/produto\/moq-220-kiki-travel-lubrificante-a-base-de-agua-sabor-frutas-tropicais-50-ml-4\/","og_site_name":"Lovme","article_modified_time":"2026-02-19T20:22:34+00:00","og_image":[{"width":800,"height":800,"url":"https:\/\/erki24nd3ub.exactdn.com\/wp-content\/uploads\/dream\/img\/img_153710_317e0d27e5a29752f2fc169d81497f72_1.png?strip=all","type":"image\/png"}],"twitter_card":"summary_large_image","twitter_misc":{"Tempo estimado de leitura":"1 minuto"},"schema":{"@context":"https:\/\/schema.org","@graph":[{"@type":"WebPage","@id":"https:\/\/lovme.pt\/index.php\/produto\/moq-220-kiki-travel-lubrificante-a-base-de-agua-sabor-frutas-tropicais-50-ml-4\/","url":"https:\/\/lovme.pt\/index.php\/produto\/moq-220-kiki-travel-lubrificante-a-base-de-agua-sabor-frutas-tropicais-50-ml-4\/","name":"MOQ 220 - KIK\u00cd TRAVEL LUBRIFICANTE \u00c0 BASE DE \u00c1GUA SABOR FRUTAS TROPICAIS - 50 ML - Lovme","isPartOf":{"@id":"https:\/\/lovme.pt\/#website"},"primaryImageOfPage":{"@id":"https:\/\/lovme.pt\/index.php\/produto\/moq-220-kiki-travel-lubrificante-a-base-de-agua-sabor-frutas-tropicais-50-ml-4\/#primaryimage"},"image":{"@id":"https:\/\/lovme.pt\/index.php\/produto\/moq-220-kiki-travel-lubrificante-a-base-de-agua-sabor-frutas-tropicais-50-ml-4\/#primaryimage"},"thumbnailUrl":"https:\/\/erki24nd3ub.exactdn.com\/wp-content\/uploads\/dream\/img\/img_153710_317e0d27e5a29752f2fc169d81497f72_1.png?strip=all","datePublished":"2025-10-01T03:11:05+00:00","dateModified":"2026-02-19T20:22:34+00:00","breadcrumb":{"@id":"https:\/\/lovme.pt\/index.php\/produto\/moq-220-kiki-travel-lubrificante-a-base-de-agua-sabor-frutas-tropicais-50-ml-4\/#breadcrumb"},"inLanguage":"pt-PT","potentialAction":[{"@type":"ReadAction","target":["https:\/\/lovme.pt\/index.php\/produto\/moq-220-kiki-travel-lubrificante-a-base-de-agua-sabor-frutas-tropicais-50-ml-4\/"]}]},{"@type":"ImageObject","inLanguage":"pt-PT","@id":"https:\/\/lovme.pt\/index.php\/produto\/moq-220-kiki-travel-lubrificante-a-base-de-agua-sabor-frutas-tropicais-50-ml-4\/#primaryimage","url":"https:\/\/erki24nd3ub.exactdn.com\/wp-content\/uploads\/dream\/img\/img_153710_317e0d27e5a29752f2fc169d81497f72_1.png?strip=all","contentUrl":"https:\/\/erki24nd3ub.exactdn.com\/wp-content\/uploads\/dream\/img\/img_153710_317e0d27e5a29752f2fc169d81497f72_1.png?strip=all","width":800,"height":800},{"@type":"BreadcrumbList","@id":"https:\/\/lovme.pt\/index.php\/produto\/moq-220-kiki-travel-lubrificante-a-base-de-agua-sabor-frutas-tropicais-50-ml-4\/#breadcrumb","itemListElement":[{"@type":"ListItem","position":1,"name":"In\u00edcio","item":"https:\/\/lovme.pt\/"},{"@type":"ListItem","position":2,"name":"Loja","item":"https:\/\/lovme.pt\/index.php\/loja\/"},{"@type":"ListItem","position":3,"name":"MOQ 220 &#8211; KIK\u00cd TRAVEL LUBRIFICANTE \u00c0 BASE DE \u00c1GUA SABOR FRUTAS TROPICAIS &#8211; 50 ML"}]},{"@type":"WebSite","@id":"https:\/\/lovme.pt\/#website","url":"https:\/\/lovme.pt\/","name":"Lovme Loja Er\u00f3tica N\u00ba1 em Portugal","description":"A melhor loja er\u00f3tica de Portugal.","alternateName":"Loja Er\u00f3tica Lovme","potentialAction":[{"@type":"SearchAction","target":{"@type":"EntryPoint","urlTemplate":"https:\/\/lovme.pt\/?s={search_term_string}"},"query-input":{"@type":"PropertyValueSpecification","valueRequired":true,"valueName":"search_term_string"}}],"inLanguage":"pt-PT"}]}},"_links":{"self":[{"href":"https:\/\/lovme.pt\/index.php\/wp-json\/wp\/v2\/product\/44771","targetHints":{"allow":["GET"]}}],"collection":[{"href":"https:\/\/lovme.pt\/index.php\/wp-json\/wp\/v2\/product"}],"about":[{"href":"https:\/\/lovme.pt\/index.php\/wp-json\/wp\/v2\/types\/product"}],"wp:featuredmedia":[{"embeddable":true,"href":"https:\/\/lovme.pt\/index.php\/wp-json\/wp\/v2\/media\/101980"}],"wp:attachment":[{"href":"https:\/\/lovme.pt\/index.php\/wp-json\/wp\/v2\/media?parent=44771"}],"wp:term":[{"taxonomy":"product_brand","embeddable":true,"href":"https:\/\/lovme.pt\/index.php\/wp-json\/wp\/v2\/product_brand?post=44771"},{"taxonomy":"product_cat","embeddable":true,"href":"https:\/\/lovme.pt\/index.php\/wp-json\/wp\/v2\/product_cat?post=44771"},{"taxonomy":"product_tag","embeddable":true,"href":"https:\/\/lovme.pt\/index.php\/wp-json\/wp\/v2\/product_tag?post=44771"}],"curies":[{"name":"wp","href":"https:\/\/api.w.org\/{rel}","templated":true}]}}