{"id":44631,"date":"2025-10-01T00:17:00","date_gmt":"2025-10-01T00:17:00","guid":{"rendered":"https:\/\/lovme.pt\/?post_type=product&#038;p=44631"},"modified":"2026-02-19T20:23:21","modified_gmt":"2026-02-19T20:23:21","slug":"passion-cala-tiopen-005-preta-1-2-60-den","status":"publish","type":"product","link":"https:\/\/lovme.pt\/index.php\/produto\/passion-cala-tiopen-005-preta-1-2-60-den\/","title":{"rendered":"PASSION &#8211; TIOPEN 005 MEDIAS NEGRO 3\/4 60 DEN"},"content":{"rendered":"<p>Meias macias e elegantes com um corte incomum nos quadris ser\u00e3o uma alternativa ideal aos modelos tradicionais, cl\u00e1ssicos e conhecidos.<\/p>\n<p> Abrir uma caixa Passion \u00e9 uma experi\u00eancia de Luxo, com caixa dupla para garantir a seguran\u00e7a de uma experi\u00eancia \u00fanica. Pensado e desenhado para a mulher moderna e din\u00e2mica.<\/p>\n<p> <strong>Passion<\/strong> \u00e9 uma lingerie fabricada na Uni\u00e3o Europeia com rigorosos controles de qualidade, cuidando ao m\u00e1ximo detalhe tanto na fabrica\u00e7\u00e3o quanto nos seus elementos decorativos, pensada para o mundo de hoje, pessoas din\u00e2micas com vontade de inovar e se sentirem sempre atualizadas.<\/p>\n<p> <u><strong>Caracter\u00edsticas:<\/strong><\/u><\/p>\n<ul>\n<li> O produto n\u00e3o causa alergias<\/li>\n<li> N\u00e3o desaparece<\/li>\n<li> N\u00e3o tinge quando lavado<\/li>\n<li> Material: 80% PA, 20% EA.<\/li>\n<li> Tamanhos: 1\/2, 3\/4<\/li>\n<li> Composi\u00e7\u00e3o do conjunto: Meias.<\/li>\n<li> Dispon\u00edvel nas cores: Preto cl\u00e1ssico e vermelho. <\/li>\n<\/ul>\n<table border=\"1\" cellpadding=\"1\" cellspacing=\"1\" font-family:=\"\" font-size:=\"\" style=\"color:\" trebuchet=\"\" width:=\"\">\n<thead>\n<tr>\n<th scope=\"col\"> TAMANHO<\/th>\n<th scope=\"col\"> TAMANHO DAS CAL\u00c7AS<\/th>\n<th scope=\"col\"> ALTURA<\/th>\n<th scope=\"col\"> TAMANHO DE F\u00c1BRICA<\/th>\n<\/tr>\n<\/thead>\n<tbody>\n<tr>\n<td style=\"text-align: center;\"> XS<\/td>\n<td style=\"text-align: center;\"> 34\/36<\/td>\n<td style=\"text-align: center;\"> M\u00c1X. 155<\/td>\n<td style=\"text-align: center;\"> 1<\/td>\n<\/tr>\n<tr>\n<td style=\"text-align: center;\"> Sim<\/td>\n<td style=\"text-align: center;\"> 36\/38<\/td>\n<td style=\"text-align: center;\"> M\u00c1X. 165<\/td>\n<td style=\"text-align: center;\"> 2<\/td>\n<\/tr>\n<tr>\n<td style=\"text-align: center;\"> M<\/td>\n<td style=\"text-align: center;\"> 40\/42<\/td>\n<td style=\"text-align: center;\"> M\u00c1X. 175<\/td>\n<td style=\"text-align: center;\"> 3<\/td>\n<\/tr>\n<tr>\n<td style=\"text-align: center;\"> eu<\/td>\n<td style=\"text-align: center;\"> 44\/46<\/td>\n<td style=\"text-align: center;\"> M\u00c1X. 185<\/td>\n<td>\n<p style=\"text-align: center;\"> 4<\/p>\n<\/td>\n<\/tr>\n<\/tbody>\n<\/table>\n<p> <strong>* O que \u00e9 um NEGADOR?<\/strong><\/p>\n<p> DENIER \u00e9 a unidade de medida da espessura do fio com que s\u00e3o feitas as meias e collants.<\/p>\n<p> Quanto menor o n\u00famero de DENIERS 8, 10, 15, 20, etc. Mais fina e transparente \u00e9 a meia ou calcinha. Pelo contr\u00e1rio, quanto maior o n\u00famero 40, 70, etc. \u00c9 mais espesso e a pele fica menos vis\u00edvel.<\/p>\n<p> Por outro lado, existem collants e collants de microfibra opacos, em 50 e 100 den, em que a pele fica pouco vis\u00edvel. Seu uso \u00e9 comum no outono-inverno.<\/p>\n<p> Collants e collants com baixo n\u00famero DEN s\u00e3o normalmente usados para a temporada primavera-ver\u00e3o. O resto pode ser usado durante todo o ano, por exemplo para cerim\u00f3nias, pois a finura das meias torna-as mais elegantes.<\/p>\n","protected":false},"excerpt":{"rendered":"<p>PASSION &#8211; CALA TIOPEN 005 PRETA 1\/2 60 DEN<\/p>\n","protected":false},"featured_media":86201,"template":"","meta":{"_acf_changed":false},"product_brand":[],"product_cat":[47,66],"product_tag":[],"class_list":{"0":"post-44631","1":"product","2":"type-product","3":"status-publish","4":"has-post-thumbnail","6":"product_cat-lingerie","7":"product_cat-lingerie-feminina","8":"yith_product_brand-passion","9":"yith_product_brand-passionpassion-woman","10":"yith_product_brand-passionpassion-womanpassion-woman-garter-stock","12":"first","13":"instock","14":"taxable","15":"shipping-taxable","16":"purchasable","17":"product-type-variable","18":"has-default-attributes"},"acf":[],"yoast_head":"<!-- This site is optimized with the Yoast SEO plugin v27.4 - https:\/\/yoast.com\/product\/yoast-seo-wordpress\/ -->\n<title>PASSION - TIOPEN 005 MEDIAS NEGRO 3\/4 60 DEN - Lovme<\/title>\n<meta name=\"robots\" content=\"index, follow, max-snippet:-1, max-image-preview:large, max-video-preview:-1\" \/>\n<link rel=\"canonical\" href=\"https:\/\/lovme.pt\/index.php\/produto\/passion-cala-tiopen-005-preta-1-2-60-den\/\" \/>\n<meta property=\"og:locale\" content=\"pt_PT\" \/>\n<meta property=\"og:type\" content=\"article\" \/>\n<meta property=\"og:title\" content=\"PASSION - TIOPEN 005 MEDIAS NEGRO 3\/4 60 DEN - Lovme\" \/>\n<meta property=\"og:description\" content=\"PASSION - CALA TIOPEN 005 PRETA 1\/2 60 DEN\" \/>\n<meta property=\"og:url\" content=\"https:\/\/lovme.pt\/index.php\/produto\/passion-cala-tiopen-005-preta-1-2-60-den\/\" \/>\n<meta property=\"og:site_name\" content=\"Lovme\" \/>\n<meta property=\"article:modified_time\" content=\"2026-02-19T20:23:21+00:00\" \/>\n<meta property=\"og:image\" content=\"https:\/\/erki24nd3ub.exactdn.com\/wp-content\/uploads\/dream\/img\/img_153295_532bdb82fbf844047e29f1a0f3165e08_1.jpg?strip=all\" \/>\n\t<meta property=\"og:image:width\" content=\"900\" \/>\n\t<meta property=\"og:image:height\" content=\"900\" \/>\n\t<meta property=\"og:image:type\" content=\"image\/jpeg\" \/>\n<meta name=\"twitter:card\" content=\"summary_large_image\" \/>\n<meta name=\"twitter:label1\" content=\"Tempo estimado de leitura\" \/>\n\t<meta name=\"twitter:data1\" content=\"1 minuto\" \/>\n<script type=\"application\/ld+json\" class=\"yoast-schema-graph\">{\"@context\":\"https:\\\/\\\/schema.org\",\"@graph\":[{\"@type\":\"WebPage\",\"@id\":\"https:\\\/\\\/lovme.pt\\\/index.php\\\/produto\\\/passion-cala-tiopen-005-preta-1-2-60-den\\\/\",\"url\":\"https:\\\/\\\/lovme.pt\\\/index.php\\\/produto\\\/passion-cala-tiopen-005-preta-1-2-60-den\\\/\",\"name\":\"PASSION - TIOPEN 005 MEDIAS NEGRO 3\\\/4 60 DEN - Lovme\",\"isPartOf\":{\"@id\":\"https:\\\/\\\/lovme.pt\\\/#website\"},\"primaryImageOfPage\":{\"@id\":\"https:\\\/\\\/lovme.pt\\\/index.php\\\/produto\\\/passion-cala-tiopen-005-preta-1-2-60-den\\\/#primaryimage\"},\"image\":{\"@id\":\"https:\\\/\\\/lovme.pt\\\/index.php\\\/produto\\\/passion-cala-tiopen-005-preta-1-2-60-den\\\/#primaryimage\"},\"thumbnailUrl\":\"https:\\\/\\\/erki24nd3ub.exactdn.com\\\/wp-content\\\/uploads\\\/dream\\\/img\\\/img_153295_532bdb82fbf844047e29f1a0f3165e08_1.jpg?strip=all\",\"datePublished\":\"2025-10-01T00:17:00+00:00\",\"dateModified\":\"2026-02-19T20:23:21+00:00\",\"breadcrumb\":{\"@id\":\"https:\\\/\\\/lovme.pt\\\/index.php\\\/produto\\\/passion-cala-tiopen-005-preta-1-2-60-den\\\/#breadcrumb\"},\"inLanguage\":\"pt-PT\",\"potentialAction\":[{\"@type\":\"ReadAction\",\"target\":[\"https:\\\/\\\/lovme.pt\\\/index.php\\\/produto\\\/passion-cala-tiopen-005-preta-1-2-60-den\\\/\"]}]},{\"@type\":\"ImageObject\",\"inLanguage\":\"pt-PT\",\"@id\":\"https:\\\/\\\/lovme.pt\\\/index.php\\\/produto\\\/passion-cala-tiopen-005-preta-1-2-60-den\\\/#primaryimage\",\"url\":\"https:\\\/\\\/erki24nd3ub.exactdn.com\\\/wp-content\\\/uploads\\\/dream\\\/img\\\/img_153295_532bdb82fbf844047e29f1a0f3165e08_1.jpg?strip=all\",\"contentUrl\":\"https:\\\/\\\/erki24nd3ub.exactdn.com\\\/wp-content\\\/uploads\\\/dream\\\/img\\\/img_153295_532bdb82fbf844047e29f1a0f3165e08_1.jpg?strip=all\",\"width\":900,\"height\":900},{\"@type\":\"BreadcrumbList\",\"@id\":\"https:\\\/\\\/lovme.pt\\\/index.php\\\/produto\\\/passion-cala-tiopen-005-preta-1-2-60-den\\\/#breadcrumb\",\"itemListElement\":[{\"@type\":\"ListItem\",\"position\":1,\"name\":\"In\u00edcio\",\"item\":\"https:\\\/\\\/lovme.pt\\\/\"},{\"@type\":\"ListItem\",\"position\":2,\"name\":\"Loja\",\"item\":\"https:\\\/\\\/lovme.pt\\\/index.php\\\/loja\\\/\"},{\"@type\":\"ListItem\",\"position\":3,\"name\":\"PASSION &#8211; TIOPEN 005 MEDIAS NEGRO 3\\\/4 60 DEN\"}]},{\"@type\":\"WebSite\",\"@id\":\"https:\\\/\\\/lovme.pt\\\/#website\",\"url\":\"https:\\\/\\\/lovme.pt\\\/\",\"name\":\"Lovme Loja Er\u00f3tica N\u00ba1 em Portugal\",\"description\":\"A melhor loja er\u00f3tica de Portugal.\",\"alternateName\":\"Loja Er\u00f3tica Lovme\",\"potentialAction\":[{\"@type\":\"SearchAction\",\"target\":{\"@type\":\"EntryPoint\",\"urlTemplate\":\"https:\\\/\\\/lovme.pt\\\/?s={search_term_string}\"},\"query-input\":{\"@type\":\"PropertyValueSpecification\",\"valueRequired\":true,\"valueName\":\"search_term_string\"}}],\"inLanguage\":\"pt-PT\"}]}<\/script>\n<!-- \/ Yoast SEO plugin. -->","yoast_head_json":{"title":"PASSION - TIOPEN 005 MEDIAS NEGRO 3\/4 60 DEN - Lovme","robots":{"index":"index","follow":"follow","max-snippet":"max-snippet:-1","max-image-preview":"max-image-preview:large","max-video-preview":"max-video-preview:-1"},"canonical":"https:\/\/lovme.pt\/index.php\/produto\/passion-cala-tiopen-005-preta-1-2-60-den\/","og_locale":"pt_PT","og_type":"article","og_title":"PASSION - TIOPEN 005 MEDIAS NEGRO 3\/4 60 DEN - Lovme","og_description":"PASSION - CALA TIOPEN 005 PRETA 1\/2 60 DEN","og_url":"https:\/\/lovme.pt\/index.php\/produto\/passion-cala-tiopen-005-preta-1-2-60-den\/","og_site_name":"Lovme","article_modified_time":"2026-02-19T20:23:21+00:00","og_image":[{"width":900,"height":900,"url":"https:\/\/erki24nd3ub.exactdn.com\/wp-content\/uploads\/dream\/img\/img_153295_532bdb82fbf844047e29f1a0f3165e08_1.jpg?strip=all","type":"image\/jpeg"}],"twitter_card":"summary_large_image","twitter_misc":{"Tempo estimado de leitura":"1 minuto"},"schema":{"@context":"https:\/\/schema.org","@graph":[{"@type":"WebPage","@id":"https:\/\/lovme.pt\/index.php\/produto\/passion-cala-tiopen-005-preta-1-2-60-den\/","url":"https:\/\/lovme.pt\/index.php\/produto\/passion-cala-tiopen-005-preta-1-2-60-den\/","name":"PASSION - TIOPEN 005 MEDIAS NEGRO 3\/4 60 DEN - Lovme","isPartOf":{"@id":"https:\/\/lovme.pt\/#website"},"primaryImageOfPage":{"@id":"https:\/\/lovme.pt\/index.php\/produto\/passion-cala-tiopen-005-preta-1-2-60-den\/#primaryimage"},"image":{"@id":"https:\/\/lovme.pt\/index.php\/produto\/passion-cala-tiopen-005-preta-1-2-60-den\/#primaryimage"},"thumbnailUrl":"https:\/\/erki24nd3ub.exactdn.com\/wp-content\/uploads\/dream\/img\/img_153295_532bdb82fbf844047e29f1a0f3165e08_1.jpg?strip=all","datePublished":"2025-10-01T00:17:00+00:00","dateModified":"2026-02-19T20:23:21+00:00","breadcrumb":{"@id":"https:\/\/lovme.pt\/index.php\/produto\/passion-cala-tiopen-005-preta-1-2-60-den\/#breadcrumb"},"inLanguage":"pt-PT","potentialAction":[{"@type":"ReadAction","target":["https:\/\/lovme.pt\/index.php\/produto\/passion-cala-tiopen-005-preta-1-2-60-den\/"]}]},{"@type":"ImageObject","inLanguage":"pt-PT","@id":"https:\/\/lovme.pt\/index.php\/produto\/passion-cala-tiopen-005-preta-1-2-60-den\/#primaryimage","url":"https:\/\/erki24nd3ub.exactdn.com\/wp-content\/uploads\/dream\/img\/img_153295_532bdb82fbf844047e29f1a0f3165e08_1.jpg?strip=all","contentUrl":"https:\/\/erki24nd3ub.exactdn.com\/wp-content\/uploads\/dream\/img\/img_153295_532bdb82fbf844047e29f1a0f3165e08_1.jpg?strip=all","width":900,"height":900},{"@type":"BreadcrumbList","@id":"https:\/\/lovme.pt\/index.php\/produto\/passion-cala-tiopen-005-preta-1-2-60-den\/#breadcrumb","itemListElement":[{"@type":"ListItem","position":1,"name":"In\u00edcio","item":"https:\/\/lovme.pt\/"},{"@type":"ListItem","position":2,"name":"Loja","item":"https:\/\/lovme.pt\/index.php\/loja\/"},{"@type":"ListItem","position":3,"name":"PASSION &#8211; TIOPEN 005 MEDIAS NEGRO 3\/4 60 DEN"}]},{"@type":"WebSite","@id":"https:\/\/lovme.pt\/#website","url":"https:\/\/lovme.pt\/","name":"Lovme Loja Er\u00f3tica N\u00ba1 em Portugal","description":"A melhor loja er\u00f3tica de Portugal.","alternateName":"Loja Er\u00f3tica Lovme","potentialAction":[{"@type":"SearchAction","target":{"@type":"EntryPoint","urlTemplate":"https:\/\/lovme.pt\/?s={search_term_string}"},"query-input":{"@type":"PropertyValueSpecification","valueRequired":true,"valueName":"search_term_string"}}],"inLanguage":"pt-PT"}]}},"_links":{"self":[{"href":"https:\/\/lovme.pt\/index.php\/wp-json\/wp\/v2\/product\/44631","targetHints":{"allow":["GET"]}}],"collection":[{"href":"https:\/\/lovme.pt\/index.php\/wp-json\/wp\/v2\/product"}],"about":[{"href":"https:\/\/lovme.pt\/index.php\/wp-json\/wp\/v2\/types\/product"}],"wp:featuredmedia":[{"embeddable":true,"href":"https:\/\/lovme.pt\/index.php\/wp-json\/wp\/v2\/media\/86201"}],"wp:attachment":[{"href":"https:\/\/lovme.pt\/index.php\/wp-json\/wp\/v2\/media?parent=44631"}],"wp:term":[{"taxonomy":"product_brand","embeddable":true,"href":"https:\/\/lovme.pt\/index.php\/wp-json\/wp\/v2\/product_brand?post=44631"},{"taxonomy":"product_cat","embeddable":true,"href":"https:\/\/lovme.pt\/index.php\/wp-json\/wp\/v2\/product_cat?post=44631"},{"taxonomy":"product_tag","embeddable":true,"href":"https:\/\/lovme.pt\/index.php\/wp-json\/wp\/v2\/product_tag?post=44631"}],"curies":[{"name":"wp","href":"https:\/\/api.w.org\/{rel}","templated":true}]}}