{"id":44623,"date":"2025-09-30T09:36:55","date_gmt":"2025-09-30T09:36:55","guid":{"rendered":"https:\/\/lovme.pt\/?post_type=product&p=44623"},"modified":"2026-02-19T20:01:11","modified_gmt":"2026-02-19T20:01:11","slug":"mythology-dildo-anal-cobi-onyx-com-anel-de-galo-e-testiculo-13-silicone-cm","status":"publish","type":"product","link":"https:\/\/lovme.pt\/index.php\/produto\/mythology-dildo-anal-cobi-onyx-com-anel-de-galo-e-testiculo-13-silicone-cm\/","title":{"rendered":"MYTHOLOGY &#8211; DILDO ANAL COBI ONYX COM ANEL DE GALO E TEST\u00cdCULO 13 SILICONE CM"},"content":{"rendered":"<p>O <strong>MYTHOLOGY COBI-ONYX<\/strong> \u00e9 um vibrador anal de luxo projetado para levar o seu prazer a novos patamares. Este sofisticado brinquedo possui an\u00e9is embutidos tanto para o p\u00eanis quanto para os test\u00edculos, oferecendo uma experi\u00eancia de satisfa\u00e7\u00e3o completa. Feito de silicone ultramacio e em uma elegante cor preta, este vibrador \u00e9 flex\u00edvel, ergon\u00f4mico e projetado para fornecer estimula\u00e7\u00e3o anal e vaginal simult\u00e2nea.<\/p>\n<p><strong>COBI-ONYX Anal Dildo por MITOLOGIA:<\/strong><\/p>\n<ul>\n<li><strong>Cor<\/strong> preta<\/li>\n<li><strong>Comprimento total:<\/strong> 15,5 cm<\/li>\n<li><strong>Comprimento inser\u00edvel:<\/strong> 13,5 cm<\/li>\n<li><strong>Espessura:<\/strong> 2,8 cm<\/li>\n<li><strong>Material:<\/strong> Silicone supermacio<\/li>\n<li><strong>Flexibilidade:<\/strong> Flex\u00edvel e adapt\u00e1vel \u00e0s suas curvas<\/li>\n<li><strong>Design ergon\u00f4mico:<\/strong> criado para um ajuste confort\u00e1vel e estimulante<\/li>\n<li><strong>Anel Peniano<\/strong> : Integrado, com 3 cm de di\u00e2metro para melhorar a ere\u00e7\u00e3o e o desempenho<\/li>\n<li><strong>Anel de test\u00edculo<\/strong> : embutido, com di\u00e2metro de 5,5 cm para um ajuste seguro e prazeroso<\/li>\n<li><strong>Versatilidade:<\/strong> Projetado para estimula\u00e7\u00e3o anal e vaginal simult\u00e2nea, proporcionando duplo prazer<\/li>\n<li><strong>Textura macia:<\/strong> O silicone supermacio oferece uma agrad\u00e1vel sensa\u00e7\u00e3o de toque<\/li>\n<li><strong>Hipoalerg\u00eanico:<\/strong> Seguro para a maioria dos indiv\u00edduos, adequado para usu\u00e1rios com sensibilidades<\/li>\n<li><strong>F\u00e1cil de limpar:<\/strong> Limpe antes e depois de cada uso com \u00e1gua morna e sab\u00e3o neutro<\/li>\n<li><strong>Recomenda\u00e7\u00e3o:<\/strong> Use lubrificante \u00e0 base de \u00e1gua para uma experi\u00eancia mais confort\u00e1vel<\/li>\n<\/ul>\n<p>\u00a0<\/p>\n<p style=\"text-align: center;\"><strong>O que \u00e9 a marca MITOLOGIA?<\/strong><\/p>\n<p>Mythologyc \u00e9 composta por uma gama de dildos, todos em silicone l\u00edquido PREMIUM, dispon\u00edveis em duas vers\u00f5es (com vibra\u00e7\u00e3o e sem vibra\u00e7\u00e3o) e diferentes tamanhos (S, M, L). A vers\u00e3o vibrat\u00f3ria e recarreg\u00e1vel \u00e9 100% compat\u00edvel com a tecnologia Watchme.<\/p>\n<p>Acabamentos e acabamentos completamente \u00fanicos, Ferrosos, Duot\u00f4nicos ou Gal\u00e1cticos.<\/p>\n<p>O acabamento e o acabamento n\u00e3o s\u00e3o apenas visivelmente especiais, mas tamb\u00e9m internamente, um inovador silicone l\u00edquido PREMIUM que muda de cor com base na temperatura.<\/p>\n<p><strong>Apresenta\u00e7\u00e3o \u00danica<\/strong><\/p>\n<p>Abrir um produto MYTHOLOGY \u00e9 uma experi\u00eancia aut\u00eantica, visivelmente do lado de fora voc\u00ea pode ver o interior, num recipiente totalmente cil\u00edndrico que permite ver o que o espera ao descobrir o interior. De forma totalmente visual, cada MITOLOGIA possui alguns logotipos que permitem ver se possui vibra\u00e7\u00e3o e se \u00e9 compat\u00edvel com a tecnologia WATCHME. (O rel\u00f3gio de controle remoto)<\/p>\n<p><strong>O QUE OS MITOLOGIADILDOS T\u00caM EM COMUM?<\/strong><\/p>\n<p>A resposta mais \u00f3bvia \u00e9, obviamente, o seu tamanho, seguido de perto pela sua forma melhor que a real. \u00c9 o nosso novo design totalmente popular entre quem j\u00e1 teve a oportunidade de experiment\u00e1-lo. A dica dos dildos MYTHOLOGY \u00e9 incr\u00edvel para massagem no ponto G ou na pr\u00f3stata, sozinho ou acompanhado. O eixo firme tem flexibilidade suficiente para facilitar o jogo e suas almofadas de silicone l\u00edquido PREMIUM enquanto voc\u00ea toca.<\/p>\n<p><strong>OS DILDOS DA MITOLOGIA T\u00caM VIBRA\u00c7\u00c3O?<\/strong><\/p>\n<p>Sim, toda a gama MYTHOLOGY estar\u00e1 dispon\u00edvel com ou sem vibra\u00e7\u00e3o, a gama com vibra\u00e7\u00e3o ser\u00e1 compat\u00edvel com o rel\u00f3gio com controlo remoto WATCHME.<\/p>\n<p>\u00a0<\/p>\n<p>\u00a0<\/p>\n","protected":false},"excerpt":{"rendered":"<p>MYTHOLOGY &#8211; COBI ONYX ANAL DILDO COM GALO E ANEL DE TEST\u00cdCULO SILICONE 13 CM<\/p>\n","protected":false},"featured_media":54702,"template":"","meta":{"_acf_changed":false},"product_brand":[],"product_cat":[17,56,63],"product_tag":[],"class_list":{"0":"post-44623","1":"product","2":"type-product","3":"status-publish","4":"has-post-thumbnail","6":"product_cat-brinquedos-de-bem-estar-sexual","7":"product_cat-dildos-e-arneses","8":"product_cat-sexo-anal","9":"yith_product_brand-mythology","10":"yith_product_brand-mythologymythology-fantasy-dildo","12":"first","13":"instock","14":"taxable","15":"shipping-taxable","16":"purchasable","17":"product-type-simple"},"acf":[],"yoast_head":"<!-- This site is optimized with the Yoast SEO plugin v27.4 - https:\/\/yoast.com\/product\/yoast-seo-wordpress\/ -->\n<title>MYTHOLOGY - DILDO ANAL COBI ONYX COM ANEL DE GALO E TEST\u00cdCULO 13 SILICONE CM - Lovme<\/title>\n<meta name=\"robots\" content=\"index, follow, max-snippet:-1, max-image-preview:large, max-video-preview:-1\" \/>\n<link rel=\"canonical\" href=\"https:\/\/lovme.pt\/index.php\/produto\/mythology-dildo-anal-cobi-onyx-com-anel-de-galo-e-testiculo-13-silicone-cm\/\" \/>\n<meta property=\"og:locale\" content=\"pt_PT\" \/>\n<meta property=\"og:type\" content=\"article\" \/>\n<meta property=\"og:title\" content=\"MYTHOLOGY - DILDO ANAL COBI ONYX COM ANEL DE GALO E TEST\u00cdCULO 13 SILICONE CM - Lovme\" \/>\n<meta property=\"og:description\" content=\"MYTHOLOGY - COBI ONYX ANAL DILDO COM GALO E ANEL DE TEST\u00cdCULO SILICONE 13 CM\" \/>\n<meta property=\"og:url\" content=\"https:\/\/lovme.pt\/index.php\/produto\/mythology-dildo-anal-cobi-onyx-com-anel-de-galo-e-testiculo-13-silicone-cm\/\" \/>\n<meta property=\"og:site_name\" content=\"Lovme\" \/>\n<meta property=\"article:modified_time\" content=\"2026-02-19T20:01:11+00:00\" \/>\n<meta property=\"og:image\" content=\"https:\/\/erki24nd3ub.exactdn.com\/wp-content\/uploads\/dream\/img\/img_153015_a45e1e8c9b2c667335b54f02c83568d3_1.png?strip=all\" \/>\n\t<meta property=\"og:image:width\" content=\"800\" \/>\n\t<meta property=\"og:image:height\" content=\"800\" \/>\n\t<meta property=\"og:image:type\" content=\"image\/png\" \/>\n<meta name=\"twitter:card\" content=\"summary_large_image\" \/>\n<meta name=\"twitter:label1\" content=\"Tempo estimado de leitura\" \/>\n\t<meta name=\"twitter:data1\" content=\"2 minutos\" \/>\n<script type=\"application\/ld+json\" class=\"yoast-schema-graph\">{\"@context\":\"https:\\\/\\\/schema.org\",\"@graph\":[{\"@type\":\"WebPage\",\"@id\":\"https:\\\/\\\/lovme.pt\\\/index.php\\\/produto\\\/mythology-dildo-anal-cobi-onyx-com-anel-de-galo-e-testiculo-13-silicone-cm\\\/\",\"url\":\"https:\\\/\\\/lovme.pt\\\/index.php\\\/produto\\\/mythology-dildo-anal-cobi-onyx-com-anel-de-galo-e-testiculo-13-silicone-cm\\\/\",\"name\":\"MYTHOLOGY - DILDO ANAL COBI ONYX COM ANEL DE GALO E TEST\u00cdCULO 13 SILICONE CM - Lovme\",\"isPartOf\":{\"@id\":\"https:\\\/\\\/lovme.pt\\\/#website\"},\"primaryImageOfPage\":{\"@id\":\"https:\\\/\\\/lovme.pt\\\/index.php\\\/produto\\\/mythology-dildo-anal-cobi-onyx-com-anel-de-galo-e-testiculo-13-silicone-cm\\\/#primaryimage\"},\"image\":{\"@id\":\"https:\\\/\\\/lovme.pt\\\/index.php\\\/produto\\\/mythology-dildo-anal-cobi-onyx-com-anel-de-galo-e-testiculo-13-silicone-cm\\\/#primaryimage\"},\"thumbnailUrl\":\"https:\\\/\\\/erki24nd3ub.exactdn.com\\\/wp-content\\\/uploads\\\/dream\\\/img\\\/img_153015_a45e1e8c9b2c667335b54f02c83568d3_1.png?strip=all\",\"datePublished\":\"2025-09-30T09:36:55+00:00\",\"dateModified\":\"2026-02-19T20:01:11+00:00\",\"breadcrumb\":{\"@id\":\"https:\\\/\\\/lovme.pt\\\/index.php\\\/produto\\\/mythology-dildo-anal-cobi-onyx-com-anel-de-galo-e-testiculo-13-silicone-cm\\\/#breadcrumb\"},\"inLanguage\":\"pt-PT\",\"potentialAction\":[{\"@type\":\"ReadAction\",\"target\":[\"https:\\\/\\\/lovme.pt\\\/index.php\\\/produto\\\/mythology-dildo-anal-cobi-onyx-com-anel-de-galo-e-testiculo-13-silicone-cm\\\/\"]}]},{\"@type\":\"ImageObject\",\"inLanguage\":\"pt-PT\",\"@id\":\"https:\\\/\\\/lovme.pt\\\/index.php\\\/produto\\\/mythology-dildo-anal-cobi-onyx-com-anel-de-galo-e-testiculo-13-silicone-cm\\\/#primaryimage\",\"url\":\"https:\\\/\\\/erki24nd3ub.exactdn.com\\\/wp-content\\\/uploads\\\/dream\\\/img\\\/img_153015_a45e1e8c9b2c667335b54f02c83568d3_1.png?strip=all\",\"contentUrl\":\"https:\\\/\\\/erki24nd3ub.exactdn.com\\\/wp-content\\\/uploads\\\/dream\\\/img\\\/img_153015_a45e1e8c9b2c667335b54f02c83568d3_1.png?strip=all\",\"width\":800,\"height\":800},{\"@type\":\"BreadcrumbList\",\"@id\":\"https:\\\/\\\/lovme.pt\\\/index.php\\\/produto\\\/mythology-dildo-anal-cobi-onyx-com-anel-de-galo-e-testiculo-13-silicone-cm\\\/#breadcrumb\",\"itemListElement\":[{\"@type\":\"ListItem\",\"position\":1,\"name\":\"In\u00edcio\",\"item\":\"https:\\\/\\\/lovme.pt\\\/\"},{\"@type\":\"ListItem\",\"position\":2,\"name\":\"Loja\",\"item\":\"https:\\\/\\\/lovme.pt\\\/index.php\\\/loja\\\/\"},{\"@type\":\"ListItem\",\"position\":3,\"name\":\"MYTHOLOGY &#8211; DILDO ANAL COBI ONYX COM ANEL DE GALO E TEST\u00cdCULO 13 SILICONE CM\"}]},{\"@type\":\"WebSite\",\"@id\":\"https:\\\/\\\/lovme.pt\\\/#website\",\"url\":\"https:\\\/\\\/lovme.pt\\\/\",\"name\":\"Lovme Loja Er\u00f3tica N\u00ba1 em Portugal\",\"description\":\"A melhor loja er\u00f3tica de Portugal.\",\"alternateName\":\"Loja Er\u00f3tica Lovme\",\"potentialAction\":[{\"@type\":\"SearchAction\",\"target\":{\"@type\":\"EntryPoint\",\"urlTemplate\":\"https:\\\/\\\/lovme.pt\\\/?s={search_term_string}\"},\"query-input\":{\"@type\":\"PropertyValueSpecification\",\"valueRequired\":true,\"valueName\":\"search_term_string\"}}],\"inLanguage\":\"pt-PT\"}]}<\/script>\n<!-- \/ Yoast SEO plugin. -->","yoast_head_json":{"title":"MYTHOLOGY - DILDO ANAL COBI ONYX COM ANEL DE GALO E TEST\u00cdCULO 13 SILICONE CM - Lovme","robots":{"index":"index","follow":"follow","max-snippet":"max-snippet:-1","max-image-preview":"max-image-preview:large","max-video-preview":"max-video-preview:-1"},"canonical":"https:\/\/lovme.pt\/index.php\/produto\/mythology-dildo-anal-cobi-onyx-com-anel-de-galo-e-testiculo-13-silicone-cm\/","og_locale":"pt_PT","og_type":"article","og_title":"MYTHOLOGY - DILDO ANAL COBI ONYX COM ANEL DE GALO E TEST\u00cdCULO 13 SILICONE CM - Lovme","og_description":"MYTHOLOGY - COBI ONYX ANAL DILDO COM GALO E ANEL DE TEST\u00cdCULO SILICONE 13 CM","og_url":"https:\/\/lovme.pt\/index.php\/produto\/mythology-dildo-anal-cobi-onyx-com-anel-de-galo-e-testiculo-13-silicone-cm\/","og_site_name":"Lovme","article_modified_time":"2026-02-19T20:01:11+00:00","og_image":[{"width":800,"height":800,"url":"https:\/\/erki24nd3ub.exactdn.com\/wp-content\/uploads\/dream\/img\/img_153015_a45e1e8c9b2c667335b54f02c83568d3_1.png?strip=all","type":"image\/png"}],"twitter_card":"summary_large_image","twitter_misc":{"Tempo estimado de leitura":"2 minutos"},"schema":{"@context":"https:\/\/schema.org","@graph":[{"@type":"WebPage","@id":"https:\/\/lovme.pt\/index.php\/produto\/mythology-dildo-anal-cobi-onyx-com-anel-de-galo-e-testiculo-13-silicone-cm\/","url":"https:\/\/lovme.pt\/index.php\/produto\/mythology-dildo-anal-cobi-onyx-com-anel-de-galo-e-testiculo-13-silicone-cm\/","name":"MYTHOLOGY - DILDO ANAL COBI ONYX COM ANEL DE GALO E TEST\u00cdCULO 13 SILICONE CM - Lovme","isPartOf":{"@id":"https:\/\/lovme.pt\/#website"},"primaryImageOfPage":{"@id":"https:\/\/lovme.pt\/index.php\/produto\/mythology-dildo-anal-cobi-onyx-com-anel-de-galo-e-testiculo-13-silicone-cm\/#primaryimage"},"image":{"@id":"https:\/\/lovme.pt\/index.php\/produto\/mythology-dildo-anal-cobi-onyx-com-anel-de-galo-e-testiculo-13-silicone-cm\/#primaryimage"},"thumbnailUrl":"https:\/\/erki24nd3ub.exactdn.com\/wp-content\/uploads\/dream\/img\/img_153015_a45e1e8c9b2c667335b54f02c83568d3_1.png?strip=all","datePublished":"2025-09-30T09:36:55+00:00","dateModified":"2026-02-19T20:01:11+00:00","breadcrumb":{"@id":"https:\/\/lovme.pt\/index.php\/produto\/mythology-dildo-anal-cobi-onyx-com-anel-de-galo-e-testiculo-13-silicone-cm\/#breadcrumb"},"inLanguage":"pt-PT","potentialAction":[{"@type":"ReadAction","target":["https:\/\/lovme.pt\/index.php\/produto\/mythology-dildo-anal-cobi-onyx-com-anel-de-galo-e-testiculo-13-silicone-cm\/"]}]},{"@type":"ImageObject","inLanguage":"pt-PT","@id":"https:\/\/lovme.pt\/index.php\/produto\/mythology-dildo-anal-cobi-onyx-com-anel-de-galo-e-testiculo-13-silicone-cm\/#primaryimage","url":"https:\/\/erki24nd3ub.exactdn.com\/wp-content\/uploads\/dream\/img\/img_153015_a45e1e8c9b2c667335b54f02c83568d3_1.png?strip=all","contentUrl":"https:\/\/erki24nd3ub.exactdn.com\/wp-content\/uploads\/dream\/img\/img_153015_a45e1e8c9b2c667335b54f02c83568d3_1.png?strip=all","width":800,"height":800},{"@type":"BreadcrumbList","@id":"https:\/\/lovme.pt\/index.php\/produto\/mythology-dildo-anal-cobi-onyx-com-anel-de-galo-e-testiculo-13-silicone-cm\/#breadcrumb","itemListElement":[{"@type":"ListItem","position":1,"name":"In\u00edcio","item":"https:\/\/lovme.pt\/"},{"@type":"ListItem","position":2,"name":"Loja","item":"https:\/\/lovme.pt\/index.php\/loja\/"},{"@type":"ListItem","position":3,"name":"MYTHOLOGY &#8211; DILDO ANAL COBI ONYX COM ANEL DE GALO E TEST\u00cdCULO 13 SILICONE CM"}]},{"@type":"WebSite","@id":"https:\/\/lovme.pt\/#website","url":"https:\/\/lovme.pt\/","name":"Lovme Loja Er\u00f3tica N\u00ba1 em Portugal","description":"A melhor loja er\u00f3tica de Portugal.","alternateName":"Loja Er\u00f3tica Lovme","potentialAction":[{"@type":"SearchAction","target":{"@type":"EntryPoint","urlTemplate":"https:\/\/lovme.pt\/?s={search_term_string}"},"query-input":{"@type":"PropertyValueSpecification","valueRequired":true,"valueName":"search_term_string"}}],"inLanguage":"pt-PT"}]}},"_links":{"self":[{"href":"https:\/\/lovme.pt\/index.php\/wp-json\/wp\/v2\/product\/44623","targetHints":{"allow":["GET"]}}],"collection":[{"href":"https:\/\/lovme.pt\/index.php\/wp-json\/wp\/v2\/product"}],"about":[{"href":"https:\/\/lovme.pt\/index.php\/wp-json\/wp\/v2\/types\/product"}],"wp:featuredmedia":[{"embeddable":true,"href":"https:\/\/lovme.pt\/index.php\/wp-json\/wp\/v2\/media\/54702"}],"wp:attachment":[{"href":"https:\/\/lovme.pt\/index.php\/wp-json\/wp\/v2\/media?parent=44623"}],"wp:term":[{"taxonomy":"product_brand","embeddable":true,"href":"https:\/\/lovme.pt\/index.php\/wp-json\/wp\/v2\/product_brand?post=44623"},{"taxonomy":"product_cat","embeddable":true,"href":"https:\/\/lovme.pt\/index.php\/wp-json\/wp\/v2\/product_cat?post=44623"},{"taxonomy":"product_tag","embeddable":true,"href":"https:\/\/lovme.pt\/index.php\/wp-json\/wp\/v2\/product_tag?post=44623"}],"curies":[{"name":"wp","href":"https:\/\/api.w.org\/{rel}","templated":true}]}}