{"id":44589,"date":"2025-09-30T09:54:30","date_gmt":"2025-09-30T09:54:30","guid":{"rendered":"https:\/\/lovme.pt\/?post_type=product&p=44589"},"modified":"2026-02-19T20:05:59","modified_gmt":"2026-02-19T20:05:59","slug":"secretplay-jogo-kinky-ou-vanilla-es-en-fr-de-it-pt-nl","status":"publish","type":"product","link":"https:\/\/lovme.pt\/index.php\/produto\/secretplay-jogo-kinky-ou-vanilla-es-en-fr-de-it-pt-nl\/","title":{"rendered":"SECRETPLAY &#8211; JOGO KINKY OU VANILLA \/ES\/EN\/FR\/DE\/IT\/PT\/NL\/"},"content":{"rendered":"<p>Qual \u00e9 o seu sabor? Com esta sele\u00e7\u00e3o apimentada de perguntas e testes, voc\u00ea e seu parceiro; Vou aprender mais um sobre o outro e ver se seus sabores s\u00e3o compat\u00edveis. Ao responder e realizar os diversos testes, voc\u00ea percorrer\u00e1 o tabuleiro que o guiar\u00e1; at\u00e9 um resultado final: Kinky ou Vanilla.<\/p>\n<p><strong>O jogo inclui:<\/strong><\/p>\n<ul>\n<li>1 tabuleiro<\/li>\n<li>2 pe\u00f5es<\/li>\n<li>1 livreto de instru\u00e7\u00f5es<\/li>\n<li>90 cart\u00f5es de testes e perguntas<\/li>\n<\/ul>\n<p>H\u00e1 quem diga que quando voc\u00ea faz sexo \u00e9 como se estivesse na frente do balc\u00e3o de uma sorveteria. Voc\u00ea tem muito por onde escolher: sabores, coberturas, biscoitos, etc. mas pode acabar escolhendo o sabor mais cl\u00e1ssico e b\u00e1sico que existe: sorvete de baunilha.<br \/>Mas h\u00e1 algo de errado com isso? Pode ser o seu sorvete preferido, aquele que mais te satisfaz, o \u00fanico que te d\u00e1 \u00e1gua na boca\u2026 mas tamb\u00e9m pode ser que voc\u00ea simplesmente n\u00e3o tenha encontrado o seu sabor\u2026 Sexo exc\u00eantrico \u00e9 aquele que engloba o resto dos sabores . Alguns s\u00e3o muito estranhos e ousados, e outros nem tanto.<\/p>\n<p><u><strong>REGRAS DO JOGO<\/strong><\/u><\/p>\n<p>O jogo come\u00e7a com os pe\u00f5es de ambos os jogadores na caixa inicial; do conselho. As cartas s\u00e3o embaralhadas e colocadas em uma pilha viradas para baixo.<\/p>\n<p>O componente do casal mais velho come\u00e7a. O jogador deve retirar uma carta do monte e escolher uma das op\u00e7\u00f5es apresentadas. De acordo com esta op\u00e7\u00e3o a, b ou c voc\u00ea deve ir at\u00e9 uma caixa ou outra, indicada por uma seta. Essas pequenas setas nomeadas com a letra correspondente indicar\u00e3o o caminho ao redor do tabuleiro.<\/p>\n<p>Ap\u00f3s cada jogada, os jogadores devem medir a carta que est\u00e1 no fundo da pilha. Depois ser\u00e1 a vez dos outros jogadores. Quando ambos os jogadores atingirem o resultado final Kinky ou Vanilla, eles verificar\u00e3o a compatibilidade e descobrir\u00e3o no final deste livreto qual. tipo de casal filho. Depois disso eles podem continuar a aventura sexual como quiserem\u2026 Quanto menos tempo o jogador levar para chegar ao sabor do sorvete, mais Kinky ou Baunilha ele ser\u00e1.<\/p>\n<p>Se a viagem for longa significar\u00e1: que seu sabor cont\u00e9m certas nuances e n\u00e3o \u00e9 puramente Kinky ou Baunilha. Algumas das caixas cont\u00eam testes er\u00f3ticos para serem realizados sozinhos ou em casal. Neste caso, o consentimento de ambas as partes \u00e9 muito importante, pois \u00e9 poss\u00edvel que um jogador seja muito mais ousado que o seu parceiro e este se sinta menos confort\u00e1vel com alguns dos testes. Se este fosse o seu caso, o mais ousado deveria faz\u00ea-lo. responda fantasiando e imaginando os testes sem realmente pratic\u00e1-los.<\/p>\n","protected":false},"excerpt":{"rendered":"<p>SECRETPLAY &#8211; JOGO KINKY OU VANILLA \/ES\/EN\/FR\/DE\/IT\/PT\/NL\/<\/p>\n","protected":false},"featured_media":59190,"template":"","meta":{"_acf_changed":false},"product_brand":[],"product_cat":[69],"product_tag":[],"class_list":{"0":"post-44589","1":"product","2":"type-product","3":"status-publish","4":"has-post-thumbnail","6":"product_cat-jogos-eroticos","7":"yith_product_brand-secretplay","8":"yith_product_brand-secretplaysecretplay-100-games","10":"first","11":"instock","12":"taxable","13":"shipping-taxable","14":"purchasable","15":"product-type-simple"},"acf":[],"yoast_head":"<!-- This site is optimized with the Yoast SEO plugin v27.4 - https:\/\/yoast.com\/product\/yoast-seo-wordpress\/ -->\n<title>SECRETPLAY - JOGO KINKY OU VANILLA \/ES\/EN\/FR\/DE\/IT\/PT\/NL\/ - Lovme<\/title>\n<meta name=\"robots\" content=\"index, follow, max-snippet:-1, max-image-preview:large, max-video-preview:-1\" \/>\n<link rel=\"canonical\" href=\"https:\/\/lovme.pt\/index.php\/produto\/secretplay-jogo-kinky-ou-vanilla-es-en-fr-de-it-pt-nl\/\" \/>\n<meta property=\"og:locale\" content=\"pt_PT\" \/>\n<meta property=\"og:type\" content=\"article\" \/>\n<meta property=\"og:title\" content=\"SECRETPLAY - JOGO KINKY OU VANILLA \/ES\/EN\/FR\/DE\/IT\/PT\/NL\/ - Lovme\" \/>\n<meta property=\"og:description\" content=\"SECRETPLAY - JOGO KINKY OU VANILLA \/ES\/EN\/FR\/DE\/IT\/PT\/NL\/\" \/>\n<meta property=\"og:url\" content=\"https:\/\/lovme.pt\/index.php\/produto\/secretplay-jogo-kinky-ou-vanilla-es-en-fr-de-it-pt-nl\/\" \/>\n<meta property=\"og:site_name\" content=\"Lovme\" \/>\n<meta property=\"article:modified_time\" content=\"2026-02-19T20:05:59+00:00\" \/>\n<meta property=\"og:image\" content=\"https:\/\/erki24nd3ub.exactdn.com\/wp-content\/uploads\/dream\/img\/img_152775_6257a34dbb223475453003a1aed95b26_1.jpg?strip=all\" \/>\n\t<meta property=\"og:image:width\" content=\"800\" \/>\n\t<meta property=\"og:image:height\" content=\"800\" \/>\n\t<meta property=\"og:image:type\" content=\"image\/jpeg\" \/>\n<meta name=\"twitter:card\" content=\"summary_large_image\" \/>\n<meta name=\"twitter:label1\" content=\"Tempo estimado de leitura\" \/>\n\t<meta name=\"twitter:data1\" content=\"2 minutos\" \/>\n<script type=\"application\/ld+json\" class=\"yoast-schema-graph\">{\"@context\":\"https:\\\/\\\/schema.org\",\"@graph\":[{\"@type\":\"WebPage\",\"@id\":\"https:\\\/\\\/lovme.pt\\\/index.php\\\/produto\\\/secretplay-jogo-kinky-ou-vanilla-es-en-fr-de-it-pt-nl\\\/\",\"url\":\"https:\\\/\\\/lovme.pt\\\/index.php\\\/produto\\\/secretplay-jogo-kinky-ou-vanilla-es-en-fr-de-it-pt-nl\\\/\",\"name\":\"SECRETPLAY - JOGO KINKY OU VANILLA \\\/ES\\\/EN\\\/FR\\\/DE\\\/IT\\\/PT\\\/NL\\\/ - Lovme\",\"isPartOf\":{\"@id\":\"https:\\\/\\\/lovme.pt\\\/#website\"},\"primaryImageOfPage\":{\"@id\":\"https:\\\/\\\/lovme.pt\\\/index.php\\\/produto\\\/secretplay-jogo-kinky-ou-vanilla-es-en-fr-de-it-pt-nl\\\/#primaryimage\"},\"image\":{\"@id\":\"https:\\\/\\\/lovme.pt\\\/index.php\\\/produto\\\/secretplay-jogo-kinky-ou-vanilla-es-en-fr-de-it-pt-nl\\\/#primaryimage\"},\"thumbnailUrl\":\"https:\\\/\\\/erki24nd3ub.exactdn.com\\\/wp-content\\\/uploads\\\/dream\\\/img\\\/img_152775_6257a34dbb223475453003a1aed95b26_1.jpg?strip=all\",\"datePublished\":\"2025-09-30T09:54:30+00:00\",\"dateModified\":\"2026-02-19T20:05:59+00:00\",\"breadcrumb\":{\"@id\":\"https:\\\/\\\/lovme.pt\\\/index.php\\\/produto\\\/secretplay-jogo-kinky-ou-vanilla-es-en-fr-de-it-pt-nl\\\/#breadcrumb\"},\"inLanguage\":\"pt-PT\",\"potentialAction\":[{\"@type\":\"ReadAction\",\"target\":[\"https:\\\/\\\/lovme.pt\\\/index.php\\\/produto\\\/secretplay-jogo-kinky-ou-vanilla-es-en-fr-de-it-pt-nl\\\/\"]}]},{\"@type\":\"ImageObject\",\"inLanguage\":\"pt-PT\",\"@id\":\"https:\\\/\\\/lovme.pt\\\/index.php\\\/produto\\\/secretplay-jogo-kinky-ou-vanilla-es-en-fr-de-it-pt-nl\\\/#primaryimage\",\"url\":\"https:\\\/\\\/erki24nd3ub.exactdn.com\\\/wp-content\\\/uploads\\\/dream\\\/img\\\/img_152775_6257a34dbb223475453003a1aed95b26_1.jpg?strip=all\",\"contentUrl\":\"https:\\\/\\\/erki24nd3ub.exactdn.com\\\/wp-content\\\/uploads\\\/dream\\\/img\\\/img_152775_6257a34dbb223475453003a1aed95b26_1.jpg?strip=all\",\"width\":800,\"height\":800},{\"@type\":\"BreadcrumbList\",\"@id\":\"https:\\\/\\\/lovme.pt\\\/index.php\\\/produto\\\/secretplay-jogo-kinky-ou-vanilla-es-en-fr-de-it-pt-nl\\\/#breadcrumb\",\"itemListElement\":[{\"@type\":\"ListItem\",\"position\":1,\"name\":\"In\u00edcio\",\"item\":\"https:\\\/\\\/lovme.pt\\\/\"},{\"@type\":\"ListItem\",\"position\":2,\"name\":\"Loja\",\"item\":\"https:\\\/\\\/lovme.pt\\\/index.php\\\/loja\\\/\"},{\"@type\":\"ListItem\",\"position\":3,\"name\":\"SECRETPLAY &#8211; JOGO KINKY OU VANILLA \\\/ES\\\/EN\\\/FR\\\/DE\\\/IT\\\/PT\\\/NL\\\/\"}]},{\"@type\":\"WebSite\",\"@id\":\"https:\\\/\\\/lovme.pt\\\/#website\",\"url\":\"https:\\\/\\\/lovme.pt\\\/\",\"name\":\"Lovme Loja Er\u00f3tica N\u00ba1 em Portugal\",\"description\":\"A melhor loja er\u00f3tica de Portugal.\",\"alternateName\":\"Loja Er\u00f3tica Lovme\",\"potentialAction\":[{\"@type\":\"SearchAction\",\"target\":{\"@type\":\"EntryPoint\",\"urlTemplate\":\"https:\\\/\\\/lovme.pt\\\/?s={search_term_string}\"},\"query-input\":{\"@type\":\"PropertyValueSpecification\",\"valueRequired\":true,\"valueName\":\"search_term_string\"}}],\"inLanguage\":\"pt-PT\"}]}<\/script>\n<!-- \/ Yoast SEO plugin. -->","yoast_head_json":{"title":"SECRETPLAY - JOGO KINKY OU VANILLA \/ES\/EN\/FR\/DE\/IT\/PT\/NL\/ - Lovme","robots":{"index":"index","follow":"follow","max-snippet":"max-snippet:-1","max-image-preview":"max-image-preview:large","max-video-preview":"max-video-preview:-1"},"canonical":"https:\/\/lovme.pt\/index.php\/produto\/secretplay-jogo-kinky-ou-vanilla-es-en-fr-de-it-pt-nl\/","og_locale":"pt_PT","og_type":"article","og_title":"SECRETPLAY - JOGO KINKY OU VANILLA \/ES\/EN\/FR\/DE\/IT\/PT\/NL\/ - Lovme","og_description":"SECRETPLAY - JOGO KINKY OU VANILLA \/ES\/EN\/FR\/DE\/IT\/PT\/NL\/","og_url":"https:\/\/lovme.pt\/index.php\/produto\/secretplay-jogo-kinky-ou-vanilla-es-en-fr-de-it-pt-nl\/","og_site_name":"Lovme","article_modified_time":"2026-02-19T20:05:59+00:00","og_image":[{"width":800,"height":800,"url":"https:\/\/erki24nd3ub.exactdn.com\/wp-content\/uploads\/dream\/img\/img_152775_6257a34dbb223475453003a1aed95b26_1.jpg?strip=all","type":"image\/jpeg"}],"twitter_card":"summary_large_image","twitter_misc":{"Tempo estimado de leitura":"2 minutos"},"schema":{"@context":"https:\/\/schema.org","@graph":[{"@type":"WebPage","@id":"https:\/\/lovme.pt\/index.php\/produto\/secretplay-jogo-kinky-ou-vanilla-es-en-fr-de-it-pt-nl\/","url":"https:\/\/lovme.pt\/index.php\/produto\/secretplay-jogo-kinky-ou-vanilla-es-en-fr-de-it-pt-nl\/","name":"SECRETPLAY - JOGO KINKY OU VANILLA \/ES\/EN\/FR\/DE\/IT\/PT\/NL\/ - Lovme","isPartOf":{"@id":"https:\/\/lovme.pt\/#website"},"primaryImageOfPage":{"@id":"https:\/\/lovme.pt\/index.php\/produto\/secretplay-jogo-kinky-ou-vanilla-es-en-fr-de-it-pt-nl\/#primaryimage"},"image":{"@id":"https:\/\/lovme.pt\/index.php\/produto\/secretplay-jogo-kinky-ou-vanilla-es-en-fr-de-it-pt-nl\/#primaryimage"},"thumbnailUrl":"https:\/\/erki24nd3ub.exactdn.com\/wp-content\/uploads\/dream\/img\/img_152775_6257a34dbb223475453003a1aed95b26_1.jpg?strip=all","datePublished":"2025-09-30T09:54:30+00:00","dateModified":"2026-02-19T20:05:59+00:00","breadcrumb":{"@id":"https:\/\/lovme.pt\/index.php\/produto\/secretplay-jogo-kinky-ou-vanilla-es-en-fr-de-it-pt-nl\/#breadcrumb"},"inLanguage":"pt-PT","potentialAction":[{"@type":"ReadAction","target":["https:\/\/lovme.pt\/index.php\/produto\/secretplay-jogo-kinky-ou-vanilla-es-en-fr-de-it-pt-nl\/"]}]},{"@type":"ImageObject","inLanguage":"pt-PT","@id":"https:\/\/lovme.pt\/index.php\/produto\/secretplay-jogo-kinky-ou-vanilla-es-en-fr-de-it-pt-nl\/#primaryimage","url":"https:\/\/erki24nd3ub.exactdn.com\/wp-content\/uploads\/dream\/img\/img_152775_6257a34dbb223475453003a1aed95b26_1.jpg?strip=all","contentUrl":"https:\/\/erki24nd3ub.exactdn.com\/wp-content\/uploads\/dream\/img\/img_152775_6257a34dbb223475453003a1aed95b26_1.jpg?strip=all","width":800,"height":800},{"@type":"BreadcrumbList","@id":"https:\/\/lovme.pt\/index.php\/produto\/secretplay-jogo-kinky-ou-vanilla-es-en-fr-de-it-pt-nl\/#breadcrumb","itemListElement":[{"@type":"ListItem","position":1,"name":"In\u00edcio","item":"https:\/\/lovme.pt\/"},{"@type":"ListItem","position":2,"name":"Loja","item":"https:\/\/lovme.pt\/index.php\/loja\/"},{"@type":"ListItem","position":3,"name":"SECRETPLAY &#8211; JOGO KINKY OU VANILLA \/ES\/EN\/FR\/DE\/IT\/PT\/NL\/"}]},{"@type":"WebSite","@id":"https:\/\/lovme.pt\/#website","url":"https:\/\/lovme.pt\/","name":"Lovme Loja Er\u00f3tica N\u00ba1 em Portugal","description":"A melhor loja er\u00f3tica de Portugal.","alternateName":"Loja Er\u00f3tica Lovme","potentialAction":[{"@type":"SearchAction","target":{"@type":"EntryPoint","urlTemplate":"https:\/\/lovme.pt\/?s={search_term_string}"},"query-input":{"@type":"PropertyValueSpecification","valueRequired":true,"valueName":"search_term_string"}}],"inLanguage":"pt-PT"}]}},"_links":{"self":[{"href":"https:\/\/lovme.pt\/index.php\/wp-json\/wp\/v2\/product\/44589","targetHints":{"allow":["GET"]}}],"collection":[{"href":"https:\/\/lovme.pt\/index.php\/wp-json\/wp\/v2\/product"}],"about":[{"href":"https:\/\/lovme.pt\/index.php\/wp-json\/wp\/v2\/types\/product"}],"wp:featuredmedia":[{"embeddable":true,"href":"https:\/\/lovme.pt\/index.php\/wp-json\/wp\/v2\/media\/59190"}],"wp:attachment":[{"href":"https:\/\/lovme.pt\/index.php\/wp-json\/wp\/v2\/media?parent=44589"}],"wp:term":[{"taxonomy":"product_brand","embeddable":true,"href":"https:\/\/lovme.pt\/index.php\/wp-json\/wp\/v2\/product_brand?post=44589"},{"taxonomy":"product_cat","embeddable":true,"href":"https:\/\/lovme.pt\/index.php\/wp-json\/wp\/v2\/product_cat?post=44589"},{"taxonomy":"product_tag","embeddable":true,"href":"https:\/\/lovme.pt\/index.php\/wp-json\/wp\/v2\/product_tag?post=44589"}],"curies":[{"name":"wp","href":"https:\/\/api.w.org\/{rel}","templated":true}]}}