{"id":44588,"date":"2025-09-30T09:54:29","date_gmt":"2025-09-30T09:54:29","guid":{"rendered":"https:\/\/lovme.pt\/?post_type=product&p=44588"},"modified":"2026-02-19T20:05:59","modified_gmt":"2026-02-19T20:05:59","slug":"secretplay-jogo-a-piramide-secreta-es-en-fr-de-it-pt-nl","status":"publish","type":"product","link":"https:\/\/lovme.pt\/index.php\/produto\/secretplay-jogo-a-piramide-secreta-es-en-fr-de-it-pt-nl\/","title":{"rendered":"SECRETPLAY &#8211; JOGO A PIR\u00c2MIDE SECRETA \/ES\/EN\/FR\/DE\/IT\/PT\/NL\/"},"content":{"rendered":"<p>Bem-vindo \u00e0 Pir\u00e2mide Secreta! Neste jogo, seu parceiro e\/ou seus amigos e voc\u00ea entrar\u00e3o em uma pir\u00e2mide eg\u00edpcia \u00fanica e ardente, onde explorar\u00e3o al\u00e9m. do mundo m\u00e1gico e misterioso do antigo Egito.<\/p>\n<p><strong>Inclui<\/strong> :<\/p>\n<ul>\n<li>1 tabuleiro<\/li>\n<li>Livro de instru\u00e7\u00f5es e 69 testes<\/li>\n<li>6 pe\u00f5es<\/li>\n<li>6 dados<\/li>\n<li>1 ampulheta<\/li>\n<\/ul>\n<p><strong>\u00c9 recomendado ter<\/strong> :<\/p>\n<ul>\n<li>Len\u00e7os, gravatas ou alguma roupa para amarrar e enfaixar<\/li>\n<li>Gelo<\/li>\n<li>Bebida ou algum outro alimento l\u00edquido comest\u00edvel.<\/li>\n<li>Lubrificante<\/li>\n<li>L\u00e1pis<\/li>\n<li>Quer explorar e experimentar<\/li>\n<\/ul>\n<p>Recomendado para casais, grupos de amigos muito ousados, swingers e liberais, devido ao conte\u00fado sexual expl\u00edcito. De 2 a 6 jogadores.<\/p>\n<p><u><strong>REGRAS DO JOGO<\/strong><\/u> :<\/p>\n<p>Os jogadores entrar\u00e3o com suas pe\u00e7as atrav\u00e9s da caixa START. Come\u00e7ar\u00e1 o jogador mais velho. Ele deve lan\u00e7ar um dado e mover tantos quadrados quanto indicado. Observando o n\u00famero da caixa dever\u00e1 procurar a prova correspondente no \u201cLivro de Instru\u00e7\u00f5es e Desist\u00eancias\u201d.<br \/>Dentro do livreto voc\u00ea encontrar\u00e1 uma combina\u00e7\u00e3o de testes de l\u00f3gica e desafios muito picantes que aumentar\u00e3o de intensidade conforme o jogo avan\u00e7a. O jogador que n\u00e3o cumprir o desafio proposto n\u00e3o participar\u00e1 do jogo. na pr\u00f3xima rodada.<br \/>A ampulheta ser\u00e1 utilizada para calcular 1 minuto nas provas que a exigirem, e no caso de 2 minutos ou mais ser\u00e1 girada. quantas vezes forem necess\u00e1rias. Assim que o teste for conclu\u00eddo e aprovado, voc\u00ea passar\u00e1 no teste. \u00c9 a vez do jogador \u00e0 sua esquerda.<br \/>O jogo terminar\u00e1 quando um dos jogadores atingir o olho de R\u00e1 no topo da pir\u00e2mide. Este se tornar\u00e1 um fara\u00f3 divino e imortal e ser\u00e1 reverenciado por outros, que dever\u00e3o realizar todas as suas fantasias.<\/p>\n<p>\u00a0<\/p>\n","protected":false},"excerpt":{"rendered":"<p>SECRETPLAY &#8211; JOGO A PIR\u00c2MIDE SECRETA \/ES\/EN\/FR\/DE\/IT\/PT\/NL\/<\/p>\n","protected":false},"featured_media":59187,"template":"","meta":{"_acf_changed":false},"product_brand":[],"product_cat":[69],"product_tag":[],"class_list":{"0":"post-44588","1":"product","2":"type-product","3":"status-publish","4":"has-post-thumbnail","6":"product_cat-jogos-eroticos","7":"yith_product_brand-secretplay","8":"yith_product_brand-secretplaysecretplay-100-games","10":"first","11":"instock","12":"taxable","13":"shipping-taxable","14":"purchasable","15":"product-type-simple"},"acf":[],"yoast_head":"<!-- This site is optimized with the Yoast SEO plugin v27.4 - https:\/\/yoast.com\/product\/yoast-seo-wordpress\/ -->\n<title>SECRETPLAY - JOGO A PIR\u00c2MIDE SECRETA \/ES\/EN\/FR\/DE\/IT\/PT\/NL\/ - Lovme<\/title>\n<meta name=\"robots\" content=\"index, follow, max-snippet:-1, max-image-preview:large, max-video-preview:-1\" \/>\n<link rel=\"canonical\" href=\"https:\/\/lovme.pt\/index.php\/produto\/secretplay-jogo-a-piramide-secreta-es-en-fr-de-it-pt-nl\/\" \/>\n<meta property=\"og:locale\" content=\"pt_PT\" \/>\n<meta property=\"og:type\" content=\"article\" \/>\n<meta property=\"og:title\" content=\"SECRETPLAY - JOGO A PIR\u00c2MIDE SECRETA \/ES\/EN\/FR\/DE\/IT\/PT\/NL\/ - Lovme\" \/>\n<meta property=\"og:description\" content=\"SECRETPLAY - JOGO A PIR\u00c2MIDE SECRETA \/ES\/EN\/FR\/DE\/IT\/PT\/NL\/\" \/>\n<meta property=\"og:url\" content=\"https:\/\/lovme.pt\/index.php\/produto\/secretplay-jogo-a-piramide-secreta-es-en-fr-de-it-pt-nl\/\" \/>\n<meta property=\"og:site_name\" content=\"Lovme\" \/>\n<meta property=\"article:modified_time\" content=\"2026-02-19T20:05:59+00:00\" \/>\n<meta property=\"og:image\" content=\"https:\/\/erki24nd3ub.exactdn.com\/wp-content\/uploads\/dream\/img\/img_152772_0a20602591e2e35f7127ab676eae7619_1.jpg?strip=all\" \/>\n\t<meta property=\"og:image:width\" content=\"800\" \/>\n\t<meta property=\"og:image:height\" content=\"800\" \/>\n\t<meta property=\"og:image:type\" content=\"image\/jpeg\" \/>\n<meta name=\"twitter:card\" content=\"summary_large_image\" \/>\n<meta name=\"twitter:label1\" content=\"Tempo estimado de leitura\" \/>\n\t<meta name=\"twitter:data1\" content=\"1 minuto\" \/>\n<script type=\"application\/ld+json\" class=\"yoast-schema-graph\">{\"@context\":\"https:\\\/\\\/schema.org\",\"@graph\":[{\"@type\":\"WebPage\",\"@id\":\"https:\\\/\\\/lovme.pt\\\/index.php\\\/produto\\\/secretplay-jogo-a-piramide-secreta-es-en-fr-de-it-pt-nl\\\/\",\"url\":\"https:\\\/\\\/lovme.pt\\\/index.php\\\/produto\\\/secretplay-jogo-a-piramide-secreta-es-en-fr-de-it-pt-nl\\\/\",\"name\":\"SECRETPLAY - JOGO A PIR\u00c2MIDE SECRETA \\\/ES\\\/EN\\\/FR\\\/DE\\\/IT\\\/PT\\\/NL\\\/ - Lovme\",\"isPartOf\":{\"@id\":\"https:\\\/\\\/lovme.pt\\\/#website\"},\"primaryImageOfPage\":{\"@id\":\"https:\\\/\\\/lovme.pt\\\/index.php\\\/produto\\\/secretplay-jogo-a-piramide-secreta-es-en-fr-de-it-pt-nl\\\/#primaryimage\"},\"image\":{\"@id\":\"https:\\\/\\\/lovme.pt\\\/index.php\\\/produto\\\/secretplay-jogo-a-piramide-secreta-es-en-fr-de-it-pt-nl\\\/#primaryimage\"},\"thumbnailUrl\":\"https:\\\/\\\/erki24nd3ub.exactdn.com\\\/wp-content\\\/uploads\\\/dream\\\/img\\\/img_152772_0a20602591e2e35f7127ab676eae7619_1.jpg?strip=all\",\"datePublished\":\"2025-09-30T09:54:29+00:00\",\"dateModified\":\"2026-02-19T20:05:59+00:00\",\"breadcrumb\":{\"@id\":\"https:\\\/\\\/lovme.pt\\\/index.php\\\/produto\\\/secretplay-jogo-a-piramide-secreta-es-en-fr-de-it-pt-nl\\\/#breadcrumb\"},\"inLanguage\":\"pt-PT\",\"potentialAction\":[{\"@type\":\"ReadAction\",\"target\":[\"https:\\\/\\\/lovme.pt\\\/index.php\\\/produto\\\/secretplay-jogo-a-piramide-secreta-es-en-fr-de-it-pt-nl\\\/\"]}]},{\"@type\":\"ImageObject\",\"inLanguage\":\"pt-PT\",\"@id\":\"https:\\\/\\\/lovme.pt\\\/index.php\\\/produto\\\/secretplay-jogo-a-piramide-secreta-es-en-fr-de-it-pt-nl\\\/#primaryimage\",\"url\":\"https:\\\/\\\/erki24nd3ub.exactdn.com\\\/wp-content\\\/uploads\\\/dream\\\/img\\\/img_152772_0a20602591e2e35f7127ab676eae7619_1.jpg?strip=all\",\"contentUrl\":\"https:\\\/\\\/erki24nd3ub.exactdn.com\\\/wp-content\\\/uploads\\\/dream\\\/img\\\/img_152772_0a20602591e2e35f7127ab676eae7619_1.jpg?strip=all\",\"width\":800,\"height\":800},{\"@type\":\"BreadcrumbList\",\"@id\":\"https:\\\/\\\/lovme.pt\\\/index.php\\\/produto\\\/secretplay-jogo-a-piramide-secreta-es-en-fr-de-it-pt-nl\\\/#breadcrumb\",\"itemListElement\":[{\"@type\":\"ListItem\",\"position\":1,\"name\":\"In\u00edcio\",\"item\":\"https:\\\/\\\/lovme.pt\\\/\"},{\"@type\":\"ListItem\",\"position\":2,\"name\":\"Loja\",\"item\":\"https:\\\/\\\/lovme.pt\\\/index.php\\\/loja\\\/\"},{\"@type\":\"ListItem\",\"position\":3,\"name\":\"SECRETPLAY &#8211; JOGO A PIR\u00c2MIDE SECRETA \\\/ES\\\/EN\\\/FR\\\/DE\\\/IT\\\/PT\\\/NL\\\/\"}]},{\"@type\":\"WebSite\",\"@id\":\"https:\\\/\\\/lovme.pt\\\/#website\",\"url\":\"https:\\\/\\\/lovme.pt\\\/\",\"name\":\"Lovme Loja Er\u00f3tica N\u00ba1 em Portugal\",\"description\":\"A melhor loja er\u00f3tica de Portugal.\",\"alternateName\":\"Loja Er\u00f3tica Lovme\",\"potentialAction\":[{\"@type\":\"SearchAction\",\"target\":{\"@type\":\"EntryPoint\",\"urlTemplate\":\"https:\\\/\\\/lovme.pt\\\/?s={search_term_string}\"},\"query-input\":{\"@type\":\"PropertyValueSpecification\",\"valueRequired\":true,\"valueName\":\"search_term_string\"}}],\"inLanguage\":\"pt-PT\"}]}<\/script>\n<!-- \/ Yoast SEO plugin. -->","yoast_head_json":{"title":"SECRETPLAY - JOGO A PIR\u00c2MIDE SECRETA \/ES\/EN\/FR\/DE\/IT\/PT\/NL\/ - Lovme","robots":{"index":"index","follow":"follow","max-snippet":"max-snippet:-1","max-image-preview":"max-image-preview:large","max-video-preview":"max-video-preview:-1"},"canonical":"https:\/\/lovme.pt\/index.php\/produto\/secretplay-jogo-a-piramide-secreta-es-en-fr-de-it-pt-nl\/","og_locale":"pt_PT","og_type":"article","og_title":"SECRETPLAY - JOGO A PIR\u00c2MIDE SECRETA \/ES\/EN\/FR\/DE\/IT\/PT\/NL\/ - Lovme","og_description":"SECRETPLAY - JOGO A PIR\u00c2MIDE SECRETA \/ES\/EN\/FR\/DE\/IT\/PT\/NL\/","og_url":"https:\/\/lovme.pt\/index.php\/produto\/secretplay-jogo-a-piramide-secreta-es-en-fr-de-it-pt-nl\/","og_site_name":"Lovme","article_modified_time":"2026-02-19T20:05:59+00:00","og_image":[{"width":800,"height":800,"url":"https:\/\/erki24nd3ub.exactdn.com\/wp-content\/uploads\/dream\/img\/img_152772_0a20602591e2e35f7127ab676eae7619_1.jpg?strip=all","type":"image\/jpeg"}],"twitter_card":"summary_large_image","twitter_misc":{"Tempo estimado de leitura":"1 minuto"},"schema":{"@context":"https:\/\/schema.org","@graph":[{"@type":"WebPage","@id":"https:\/\/lovme.pt\/index.php\/produto\/secretplay-jogo-a-piramide-secreta-es-en-fr-de-it-pt-nl\/","url":"https:\/\/lovme.pt\/index.php\/produto\/secretplay-jogo-a-piramide-secreta-es-en-fr-de-it-pt-nl\/","name":"SECRETPLAY - JOGO A PIR\u00c2MIDE SECRETA \/ES\/EN\/FR\/DE\/IT\/PT\/NL\/ - Lovme","isPartOf":{"@id":"https:\/\/lovme.pt\/#website"},"primaryImageOfPage":{"@id":"https:\/\/lovme.pt\/index.php\/produto\/secretplay-jogo-a-piramide-secreta-es-en-fr-de-it-pt-nl\/#primaryimage"},"image":{"@id":"https:\/\/lovme.pt\/index.php\/produto\/secretplay-jogo-a-piramide-secreta-es-en-fr-de-it-pt-nl\/#primaryimage"},"thumbnailUrl":"https:\/\/erki24nd3ub.exactdn.com\/wp-content\/uploads\/dream\/img\/img_152772_0a20602591e2e35f7127ab676eae7619_1.jpg?strip=all","datePublished":"2025-09-30T09:54:29+00:00","dateModified":"2026-02-19T20:05:59+00:00","breadcrumb":{"@id":"https:\/\/lovme.pt\/index.php\/produto\/secretplay-jogo-a-piramide-secreta-es-en-fr-de-it-pt-nl\/#breadcrumb"},"inLanguage":"pt-PT","potentialAction":[{"@type":"ReadAction","target":["https:\/\/lovme.pt\/index.php\/produto\/secretplay-jogo-a-piramide-secreta-es-en-fr-de-it-pt-nl\/"]}]},{"@type":"ImageObject","inLanguage":"pt-PT","@id":"https:\/\/lovme.pt\/index.php\/produto\/secretplay-jogo-a-piramide-secreta-es-en-fr-de-it-pt-nl\/#primaryimage","url":"https:\/\/erki24nd3ub.exactdn.com\/wp-content\/uploads\/dream\/img\/img_152772_0a20602591e2e35f7127ab676eae7619_1.jpg?strip=all","contentUrl":"https:\/\/erki24nd3ub.exactdn.com\/wp-content\/uploads\/dream\/img\/img_152772_0a20602591e2e35f7127ab676eae7619_1.jpg?strip=all","width":800,"height":800},{"@type":"BreadcrumbList","@id":"https:\/\/lovme.pt\/index.php\/produto\/secretplay-jogo-a-piramide-secreta-es-en-fr-de-it-pt-nl\/#breadcrumb","itemListElement":[{"@type":"ListItem","position":1,"name":"In\u00edcio","item":"https:\/\/lovme.pt\/"},{"@type":"ListItem","position":2,"name":"Loja","item":"https:\/\/lovme.pt\/index.php\/loja\/"},{"@type":"ListItem","position":3,"name":"SECRETPLAY &#8211; JOGO A PIR\u00c2MIDE SECRETA \/ES\/EN\/FR\/DE\/IT\/PT\/NL\/"}]},{"@type":"WebSite","@id":"https:\/\/lovme.pt\/#website","url":"https:\/\/lovme.pt\/","name":"Lovme Loja Er\u00f3tica N\u00ba1 em Portugal","description":"A melhor loja er\u00f3tica de Portugal.","alternateName":"Loja Er\u00f3tica Lovme","potentialAction":[{"@type":"SearchAction","target":{"@type":"EntryPoint","urlTemplate":"https:\/\/lovme.pt\/?s={search_term_string}"},"query-input":{"@type":"PropertyValueSpecification","valueRequired":true,"valueName":"search_term_string"}}],"inLanguage":"pt-PT"}]}},"_links":{"self":[{"href":"https:\/\/lovme.pt\/index.php\/wp-json\/wp\/v2\/product\/44588","targetHints":{"allow":["GET"]}}],"collection":[{"href":"https:\/\/lovme.pt\/index.php\/wp-json\/wp\/v2\/product"}],"about":[{"href":"https:\/\/lovme.pt\/index.php\/wp-json\/wp\/v2\/types\/product"}],"wp:featuredmedia":[{"embeddable":true,"href":"https:\/\/lovme.pt\/index.php\/wp-json\/wp\/v2\/media\/59187"}],"wp:attachment":[{"href":"https:\/\/lovme.pt\/index.php\/wp-json\/wp\/v2\/media?parent=44588"}],"wp:term":[{"taxonomy":"product_brand","embeddable":true,"href":"https:\/\/lovme.pt\/index.php\/wp-json\/wp\/v2\/product_brand?post=44588"},{"taxonomy":"product_cat","embeddable":true,"href":"https:\/\/lovme.pt\/index.php\/wp-json\/wp\/v2\/product_cat?post=44588"},{"taxonomy":"product_tag","embeddable":true,"href":"https:\/\/lovme.pt\/index.php\/wp-json\/wp\/v2\/product_tag?post=44588"}],"curies":[{"name":"wp","href":"https:\/\/api.w.org\/{rel}","templated":true}]}}