{"id":44587,"date":"2025-10-01T02:37:58","date_gmt":"2025-10-01T02:37:58","guid":{"rendered":"https:\/\/lovme.pt\/?post_type=product&p=44587"},"modified":"2026-02-19T20:19:37","modified_gmt":"2026-02-19T20:19:37","slug":"secretplay-oleo-de-perfume-de-feromonas-naturais-apolo-20-ml","status":"publish","type":"product","link":"https:\/\/lovme.pt\/index.php\/produto\/secretplay-oleo-de-perfume-de-feromonas-naturais-apolo-20-ml\/","title":{"rendered":"SECRETPLAY &#8211; \u00d3LEO DE PERFUME DE FEROMONAS NATURAIS APOLO 20 ML"},"content":{"rendered":"<p>Voc\u00ea j\u00e1 parou para pensar na import\u00e2ncia do olfato? \u00c0s vezes n\u00e3o damos tanta import\u00e2ncia quanto dever\u00edamos, mas o perfume certo \u00e9 muitas vezes a sua melhor arma para real\u00e7ar a sua atratividade.<\/p>\n<p>Al\u00e9m do aroma irresist\u00edvel de notas amadeiradas e da sofistica\u00e7\u00e3o, apenas duas aplica\u00e7\u00f5es ser\u00e3o suficientes para deix\u00e1-lo bem perfumado o dia todo. \u00c9 perfeito para fazer um bom presente ou simplesmente para se homenagear porque vai gostar. Tanto que voc\u00ea n\u00e3o para de se cheirar. Mas tamb\u00e9m \u00e9 perfeito para levar para qualquer lugar devido ao seu formato.<\/p>\n<p>O perfume feminino em \u00f3leo sensual Apolo, com atrativo sexual natural extra\u00eddo da trufa, real\u00e7a sua atratividade, aumenta sua confian\u00e7a e faz de voc\u00ea uma pessoa mais excitante, sedutora e desejada aos olhos dos outros. As part\u00edculas biol\u00f3gicas da trufa, com o seu aroma, estimulam o desejo sexual de forma natural.<\/p>\n<ul>\n<li>Embalagem com sistema &#8220;Roll-on&#8221;<\/li>\n<li>F\u00e1cil aplica\u00e7\u00e3o<\/li>\n<li>Capacidade: 20ml<\/li>\n<li>Perfeito para levar com voc\u00ea onde quer que voc\u00ea v\u00e1<\/li>\n<li>Produto cosm\u00e9tico apenas para uso externo<\/li>\n<li>Aroma de notas amadeiradas<\/li>\n<li>N\u00e3o testado em animais<\/li>\n<li>Para mulheres<\/li>\n<li>Feito na Espanha<\/li>\n<\/ul>\n<p><strong>Modo de usar<\/strong> : Aplicar com o roll-on e espalhar o perfume diretamente na pele nas \u00e1reas habituais.<\/p>\n<p><strong>Precau\u00e7\u00f5es:<\/strong><\/p>\n<ul>\n<li>N\u00e3o misture com nenhum outro perfume ou col\u00f4nia.<\/li>\n<li>Produto cosm\u00e9tico apenas para uso externo.<\/li>\n<li>N\u00e3o utilizar em caso de hipersensibilidade ou alergia a algum dos ingredientes.<\/li>\n<li>Em caso de irrita\u00e7\u00e3o, interrompa o uso.<\/li>\n<li>N\u00e3o ingira.<\/li>\n<li>N\u00e3o aplique na \u00e1rea dos olhos ou feridas.<\/li>\n<li>Mantenha fora do alcance de crian\u00e7as.<\/li>\n<li>Armazenar em local fresco e seco, longe da luz solar.<\/li>\n<\/ul>\n","protected":false},"excerpt":{"rendered":"<p>SECRETPLAY &#8211; \u00d3LEO DE PERFUME DE FEROMONAS NATURAIS APOLO 20 ML<\/p>\n","protected":false},"featured_media":98135,"template":"","meta":{"_acf_changed":false},"product_brand":[],"product_cat":[49],"product_tag":[],"class_list":{"0":"post-44587","1":"product","2":"type-product","3":"status-publish","4":"has-post-thumbnail","6":"product_cat-cosmeticos","7":"yith_product_brand-secretplay","8":"yith_product_brand-secretplaysecretplay-cosmetic","10":"first","11":"instock","12":"taxable","13":"shipping-taxable","14":"purchasable","15":"product-type-simple"},"acf":[],"yoast_head":"<!-- This site is optimized with the Yoast SEO plugin v27.4 - https:\/\/yoast.com\/product\/yoast-seo-wordpress\/ -->\n<title>SECRETPLAY - \u00d3LEO DE PERFUME DE FEROMONAS NATURAIS APOLO 20 ML - Lovme<\/title>\n<meta name=\"robots\" content=\"index, follow, max-snippet:-1, max-image-preview:large, max-video-preview:-1\" \/>\n<link rel=\"canonical\" href=\"https:\/\/lovme.pt\/index.php\/produto\/secretplay-oleo-de-perfume-de-feromonas-naturais-apolo-20-ml\/\" \/>\n<meta property=\"og:locale\" content=\"pt_PT\" \/>\n<meta property=\"og:type\" content=\"article\" \/>\n<meta property=\"og:title\" content=\"SECRETPLAY - \u00d3LEO DE PERFUME DE FEROMONAS NATURAIS APOLO 20 ML - Lovme\" \/>\n<meta property=\"og:description\" content=\"SECRETPLAY - \u00d3LEO DE PERFUME DE FEROMONAS NATURAIS APOLO 20 ML\" \/>\n<meta property=\"og:url\" content=\"https:\/\/lovme.pt\/index.php\/produto\/secretplay-oleo-de-perfume-de-feromonas-naturais-apolo-20-ml\/\" \/>\n<meta property=\"og:site_name\" content=\"Lovme\" \/>\n<meta property=\"article:modified_time\" content=\"2026-02-19T20:19:37+00:00\" \/>\n<meta property=\"og:image\" content=\"https:\/\/erki24nd3ub.exactdn.com\/wp-content\/uploads\/dream\/img\/img_152758_f4a3df91f01f844ad00c091117585d6e_1.jpg?strip=all\" \/>\n\t<meta property=\"og:image:width\" content=\"800\" \/>\n\t<meta property=\"og:image:height\" content=\"800\" \/>\n\t<meta property=\"og:image:type\" content=\"image\/jpeg\" \/>\n<meta name=\"twitter:card\" content=\"summary_large_image\" \/>\n<meta name=\"twitter:label1\" content=\"Tempo estimado de leitura\" \/>\n\t<meta name=\"twitter:data1\" content=\"1 minuto\" \/>\n<script type=\"application\/ld+json\" class=\"yoast-schema-graph\">{\"@context\":\"https:\\\/\\\/schema.org\",\"@graph\":[{\"@type\":\"WebPage\",\"@id\":\"https:\\\/\\\/lovme.pt\\\/index.php\\\/produto\\\/secretplay-oleo-de-perfume-de-feromonas-naturais-apolo-20-ml\\\/\",\"url\":\"https:\\\/\\\/lovme.pt\\\/index.php\\\/produto\\\/secretplay-oleo-de-perfume-de-feromonas-naturais-apolo-20-ml\\\/\",\"name\":\"SECRETPLAY - \u00d3LEO DE PERFUME DE FEROMONAS NATURAIS APOLO 20 ML - Lovme\",\"isPartOf\":{\"@id\":\"https:\\\/\\\/lovme.pt\\\/#website\"},\"primaryImageOfPage\":{\"@id\":\"https:\\\/\\\/lovme.pt\\\/index.php\\\/produto\\\/secretplay-oleo-de-perfume-de-feromonas-naturais-apolo-20-ml\\\/#primaryimage\"},\"image\":{\"@id\":\"https:\\\/\\\/lovme.pt\\\/index.php\\\/produto\\\/secretplay-oleo-de-perfume-de-feromonas-naturais-apolo-20-ml\\\/#primaryimage\"},\"thumbnailUrl\":\"https:\\\/\\\/erki24nd3ub.exactdn.com\\\/wp-content\\\/uploads\\\/dream\\\/img\\\/img_152758_f4a3df91f01f844ad00c091117585d6e_1.jpg?strip=all\",\"datePublished\":\"2025-10-01T02:37:58+00:00\",\"dateModified\":\"2026-02-19T20:19:37+00:00\",\"breadcrumb\":{\"@id\":\"https:\\\/\\\/lovme.pt\\\/index.php\\\/produto\\\/secretplay-oleo-de-perfume-de-feromonas-naturais-apolo-20-ml\\\/#breadcrumb\"},\"inLanguage\":\"pt-PT\",\"potentialAction\":[{\"@type\":\"ReadAction\",\"target\":[\"https:\\\/\\\/lovme.pt\\\/index.php\\\/produto\\\/secretplay-oleo-de-perfume-de-feromonas-naturais-apolo-20-ml\\\/\"]}]},{\"@type\":\"ImageObject\",\"inLanguage\":\"pt-PT\",\"@id\":\"https:\\\/\\\/lovme.pt\\\/index.php\\\/produto\\\/secretplay-oleo-de-perfume-de-feromonas-naturais-apolo-20-ml\\\/#primaryimage\",\"url\":\"https:\\\/\\\/erki24nd3ub.exactdn.com\\\/wp-content\\\/uploads\\\/dream\\\/img\\\/img_152758_f4a3df91f01f844ad00c091117585d6e_1.jpg?strip=all\",\"contentUrl\":\"https:\\\/\\\/erki24nd3ub.exactdn.com\\\/wp-content\\\/uploads\\\/dream\\\/img\\\/img_152758_f4a3df91f01f844ad00c091117585d6e_1.jpg?strip=all\",\"width\":800,\"height\":800},{\"@type\":\"BreadcrumbList\",\"@id\":\"https:\\\/\\\/lovme.pt\\\/index.php\\\/produto\\\/secretplay-oleo-de-perfume-de-feromonas-naturais-apolo-20-ml\\\/#breadcrumb\",\"itemListElement\":[{\"@type\":\"ListItem\",\"position\":1,\"name\":\"In\u00edcio\",\"item\":\"https:\\\/\\\/lovme.pt\\\/\"},{\"@type\":\"ListItem\",\"position\":2,\"name\":\"Loja\",\"item\":\"https:\\\/\\\/lovme.pt\\\/index.php\\\/loja\\\/\"},{\"@type\":\"ListItem\",\"position\":3,\"name\":\"SECRETPLAY &#8211; \u00d3LEO DE PERFUME DE FEROMONAS NATURAIS APOLO 20 ML\"}]},{\"@type\":\"WebSite\",\"@id\":\"https:\\\/\\\/lovme.pt\\\/#website\",\"url\":\"https:\\\/\\\/lovme.pt\\\/\",\"name\":\"Lovme Loja Er\u00f3tica N\u00ba1 em Portugal\",\"description\":\"A melhor loja er\u00f3tica de Portugal.\",\"alternateName\":\"Loja Er\u00f3tica Lovme\",\"potentialAction\":[{\"@type\":\"SearchAction\",\"target\":{\"@type\":\"EntryPoint\",\"urlTemplate\":\"https:\\\/\\\/lovme.pt\\\/?s={search_term_string}\"},\"query-input\":{\"@type\":\"PropertyValueSpecification\",\"valueRequired\":true,\"valueName\":\"search_term_string\"}}],\"inLanguage\":\"pt-PT\"}]}<\/script>\n<!-- \/ Yoast SEO plugin. -->","yoast_head_json":{"title":"SECRETPLAY - \u00d3LEO DE PERFUME DE FEROMONAS NATURAIS APOLO 20 ML - Lovme","robots":{"index":"index","follow":"follow","max-snippet":"max-snippet:-1","max-image-preview":"max-image-preview:large","max-video-preview":"max-video-preview:-1"},"canonical":"https:\/\/lovme.pt\/index.php\/produto\/secretplay-oleo-de-perfume-de-feromonas-naturais-apolo-20-ml\/","og_locale":"pt_PT","og_type":"article","og_title":"SECRETPLAY - \u00d3LEO DE PERFUME DE FEROMONAS NATURAIS APOLO 20 ML - Lovme","og_description":"SECRETPLAY - \u00d3LEO DE PERFUME DE FEROMONAS NATURAIS APOLO 20 ML","og_url":"https:\/\/lovme.pt\/index.php\/produto\/secretplay-oleo-de-perfume-de-feromonas-naturais-apolo-20-ml\/","og_site_name":"Lovme","article_modified_time":"2026-02-19T20:19:37+00:00","og_image":[{"width":800,"height":800,"url":"https:\/\/erki24nd3ub.exactdn.com\/wp-content\/uploads\/dream\/img\/img_152758_f4a3df91f01f844ad00c091117585d6e_1.jpg?strip=all","type":"image\/jpeg"}],"twitter_card":"summary_large_image","twitter_misc":{"Tempo estimado de leitura":"1 minuto"},"schema":{"@context":"https:\/\/schema.org","@graph":[{"@type":"WebPage","@id":"https:\/\/lovme.pt\/index.php\/produto\/secretplay-oleo-de-perfume-de-feromonas-naturais-apolo-20-ml\/","url":"https:\/\/lovme.pt\/index.php\/produto\/secretplay-oleo-de-perfume-de-feromonas-naturais-apolo-20-ml\/","name":"SECRETPLAY - \u00d3LEO DE PERFUME DE FEROMONAS NATURAIS APOLO 20 ML - Lovme","isPartOf":{"@id":"https:\/\/lovme.pt\/#website"},"primaryImageOfPage":{"@id":"https:\/\/lovme.pt\/index.php\/produto\/secretplay-oleo-de-perfume-de-feromonas-naturais-apolo-20-ml\/#primaryimage"},"image":{"@id":"https:\/\/lovme.pt\/index.php\/produto\/secretplay-oleo-de-perfume-de-feromonas-naturais-apolo-20-ml\/#primaryimage"},"thumbnailUrl":"https:\/\/erki24nd3ub.exactdn.com\/wp-content\/uploads\/dream\/img\/img_152758_f4a3df91f01f844ad00c091117585d6e_1.jpg?strip=all","datePublished":"2025-10-01T02:37:58+00:00","dateModified":"2026-02-19T20:19:37+00:00","breadcrumb":{"@id":"https:\/\/lovme.pt\/index.php\/produto\/secretplay-oleo-de-perfume-de-feromonas-naturais-apolo-20-ml\/#breadcrumb"},"inLanguage":"pt-PT","potentialAction":[{"@type":"ReadAction","target":["https:\/\/lovme.pt\/index.php\/produto\/secretplay-oleo-de-perfume-de-feromonas-naturais-apolo-20-ml\/"]}]},{"@type":"ImageObject","inLanguage":"pt-PT","@id":"https:\/\/lovme.pt\/index.php\/produto\/secretplay-oleo-de-perfume-de-feromonas-naturais-apolo-20-ml\/#primaryimage","url":"https:\/\/erki24nd3ub.exactdn.com\/wp-content\/uploads\/dream\/img\/img_152758_f4a3df91f01f844ad00c091117585d6e_1.jpg?strip=all","contentUrl":"https:\/\/erki24nd3ub.exactdn.com\/wp-content\/uploads\/dream\/img\/img_152758_f4a3df91f01f844ad00c091117585d6e_1.jpg?strip=all","width":800,"height":800},{"@type":"BreadcrumbList","@id":"https:\/\/lovme.pt\/index.php\/produto\/secretplay-oleo-de-perfume-de-feromonas-naturais-apolo-20-ml\/#breadcrumb","itemListElement":[{"@type":"ListItem","position":1,"name":"In\u00edcio","item":"https:\/\/lovme.pt\/"},{"@type":"ListItem","position":2,"name":"Loja","item":"https:\/\/lovme.pt\/index.php\/loja\/"},{"@type":"ListItem","position":3,"name":"SECRETPLAY &#8211; \u00d3LEO DE PERFUME DE FEROMONAS NATURAIS APOLO 20 ML"}]},{"@type":"WebSite","@id":"https:\/\/lovme.pt\/#website","url":"https:\/\/lovme.pt\/","name":"Lovme Loja Er\u00f3tica N\u00ba1 em Portugal","description":"A melhor loja er\u00f3tica de Portugal.","alternateName":"Loja Er\u00f3tica Lovme","potentialAction":[{"@type":"SearchAction","target":{"@type":"EntryPoint","urlTemplate":"https:\/\/lovme.pt\/?s={search_term_string}"},"query-input":{"@type":"PropertyValueSpecification","valueRequired":true,"valueName":"search_term_string"}}],"inLanguage":"pt-PT"}]}},"_links":{"self":[{"href":"https:\/\/lovme.pt\/index.php\/wp-json\/wp\/v2\/product\/44587","targetHints":{"allow":["GET"]}}],"collection":[{"href":"https:\/\/lovme.pt\/index.php\/wp-json\/wp\/v2\/product"}],"about":[{"href":"https:\/\/lovme.pt\/index.php\/wp-json\/wp\/v2\/types\/product"}],"wp:featuredmedia":[{"embeddable":true,"href":"https:\/\/lovme.pt\/index.php\/wp-json\/wp\/v2\/media\/98135"}],"wp:attachment":[{"href":"https:\/\/lovme.pt\/index.php\/wp-json\/wp\/v2\/media?parent=44587"}],"wp:term":[{"taxonomy":"product_brand","embeddable":true,"href":"https:\/\/lovme.pt\/index.php\/wp-json\/wp\/v2\/product_brand?post=44587"},{"taxonomy":"product_cat","embeddable":true,"href":"https:\/\/lovme.pt\/index.php\/wp-json\/wp\/v2\/product_cat?post=44587"},{"taxonomy":"product_tag","embeddable":true,"href":"https:\/\/lovme.pt\/index.php\/wp-json\/wp\/v2\/product_tag?post=44587"}],"curies":[{"name":"wp","href":"https:\/\/api.w.org\/{rel}","templated":true}]}}