{"id":44522,"date":"2025-10-01T00:49:40","date_gmt":"2025-10-01T00:49:40","guid":{"rendered":"https:\/\/lovme.pt\/?post_type=product&#038;p=44522"},"modified":"2026-02-19T20:23:26","modified_gmt":"2026-02-19T20:23:26","slug":"passion-coleo-eco-bodystocking-eco-s006-preto","status":"publish","type":"product","link":"https:\/\/lovme.pt\/index.php\/produto\/passion-coleo-eco-bodystocking-eco-s006-preto\/","title":{"rendered":"PASSION &#8211; ECO COLLECTION BODYSTOCKING ECO S006 NEGRO"},"content":{"rendered":"<p>Body sexy que se adapta perfeitamente \u00e0 figura, valorizando as formas femininas. Body de muito boa qualidade feito com materiais reciclados. Dispon\u00edvel em tamanho universal.<\/p>\n<ul>\n<li> O produto n\u00e3o causa alergias<\/li>\n<li> N\u00e3o desaparece<\/li>\n<li> N\u00e3o tinge quando lavado<\/li>\n<li> Material: 83% nylon regenerado ECONYL, 17% ROICA\u2122 V550 da Asahi Kasel elastano degrad\u00e1vel<\/li>\n<li> Um tamanho<\/li>\n<li> Composi\u00e7\u00e3o do conjunto: Calcinha com tiras<\/li>\n<\/ul>\n<p> <u><strong>COLE\u00c7\u00c3O ECO<\/strong><\/u><\/p>\n<p> Conscientes do mundo que nos rodeia e assumindo total responsabilidade pelas nossas a\u00e7\u00f5es, temos o prazer de lhe apresentar a primeira cole\u00e7\u00e3o de lingerie er\u00f3tica ecol\u00f3gica da Europa. Gra\u00e7as \u00e0s mais recentes solu\u00e7\u00f5es tecnol\u00f3gicas, conseguimos encontrar a harmonia perfeita entre a moda e o ambiente natural na forma da s\u00e9rie <strong>Passion Eco Collection<\/strong> .<\/p>\n<p> Esta cole\u00e7\u00e3o ser\u00e1 perfeita para clientes que valorizam seguir tend\u00eancias e ao mesmo tempo se preocupam com o ambiente natural e a ecologia. Para a produ\u00e7\u00e3o de roupa interior utilizamos materiais reciclados confirmados pelos correspondentes certificados internacionais, por exemplo GRS Global Recycled Standard ou o sistema OEKO-TEX.<\/p>\n<p> <u>Vantagens da cole\u00e7\u00e3o ecol\u00f3gica:<\/u><\/p>\n<ul>\n<li> Design moderno.<\/li>\n<li> Tecidos reciclados.<\/li>\n<li> Tecnologias renov\u00e1veis.<\/li>\n<li> Redu\u00e7\u00e3o do consumo de \u00e1gua durante a produ\u00e7\u00e3o em at\u00e9 56%.<\/li>\n<li> Redu\u00e7\u00e3o de subst\u00e2ncias vol\u00e1teis durante o processo de produ\u00e7\u00e3o,<\/li>\n<li> corantes naturais,<\/li>\n<li> Redu\u00e7\u00e3o das emiss\u00f5es de CO2. <\/li>\n<\/ul>\n<p><img decoding=\"async\" alt=\"src=\/UserFiles\/images\/ECO%20S001%20-%20size.jpg\" height:=\"\" src=\"https:\/\/interno.dreamlove.es\/UserFiles\/images\/ECOMEDIA.jpg\" style=\"height: 600px; width: 400px;\" \/><\/p>\n","protected":false},"excerpt":{"rendered":"<p>PASSION &#8211; COLEO ECO BODYSTOCKING ECO S006 PRETO<\/p>\n","protected":false},"featured_media":91308,"template":"","meta":{"_acf_changed":false},"product_brand":[],"product_cat":[47,66,115],"product_tag":[],"class_list":{"0":"post-44522","1":"product","2":"type-product","3":"status-publish","4":"has-post-thumbnail","6":"product_cat-lingerie","7":"product_cat-lingerie-feminina","8":"product_cat-ofertas","9":"yith_product_brand-passion","10":"yith_product_brand-passionpassion-woman","11":"yith_product_brand-passionpassion-womanpassion-woman-garter-stock","13":"first","14":"instock","15":"taxable","16":"shipping-taxable","17":"purchasable","18":"product-type-variable","19":"has-default-attributes"},"acf":[],"yoast_head":"<!-- This site is optimized with the Yoast SEO plugin v27.4 - https:\/\/yoast.com\/product\/yoast-seo-wordpress\/ -->\n<title>PASSION - ECO COLLECTION BODYSTOCKING ECO S006 NEGRO - Lovme<\/title>\n<meta name=\"robots\" content=\"index, follow, max-snippet:-1, max-image-preview:large, max-video-preview:-1\" \/>\n<link rel=\"canonical\" href=\"https:\/\/lovme.pt\/index.php\/produto\/passion-coleo-eco-bodystocking-eco-s006-preto\/\" \/>\n<meta property=\"og:locale\" content=\"pt_PT\" \/>\n<meta property=\"og:type\" content=\"article\" \/>\n<meta property=\"og:title\" content=\"PASSION - ECO COLLECTION BODYSTOCKING ECO S006 NEGRO - Lovme\" \/>\n<meta property=\"og:description\" content=\"PASSION - COLEO ECO BODYSTOCKING ECO S006 PRETO\" \/>\n<meta property=\"og:url\" content=\"https:\/\/lovme.pt\/index.php\/produto\/passion-coleo-eco-bodystocking-eco-s006-preto\/\" \/>\n<meta property=\"og:site_name\" content=\"Lovme\" \/>\n<meta property=\"article:modified_time\" content=\"2026-02-19T20:23:26+00:00\" \/>\n<meta property=\"og:image\" content=\"https:\/\/erki24nd3ub.exactdn.com\/wp-content\/uploads\/dream\/img\/img_152354_a4217096219be29ad0609fec1ad24c89_1.jpg?strip=all\" \/>\n\t<meta property=\"og:image:width\" content=\"800\" \/>\n\t<meta property=\"og:image:height\" content=\"800\" \/>\n\t<meta property=\"og:image:type\" content=\"image\/jpeg\" \/>\n<meta name=\"twitter:card\" content=\"summary_large_image\" \/>\n<meta name=\"twitter:label1\" content=\"Tempo estimado de leitura\" \/>\n\t<meta name=\"twitter:data1\" content=\"1 minuto\" \/>\n<script type=\"application\/ld+json\" class=\"yoast-schema-graph\">{\"@context\":\"https:\\\/\\\/schema.org\",\"@graph\":[{\"@type\":\"WebPage\",\"@id\":\"https:\\\/\\\/lovme.pt\\\/index.php\\\/produto\\\/passion-coleo-eco-bodystocking-eco-s006-preto\\\/\",\"url\":\"https:\\\/\\\/lovme.pt\\\/index.php\\\/produto\\\/passion-coleo-eco-bodystocking-eco-s006-preto\\\/\",\"name\":\"PASSION - ECO COLLECTION BODYSTOCKING ECO S006 NEGRO - Lovme\",\"isPartOf\":{\"@id\":\"https:\\\/\\\/lovme.pt\\\/#website\"},\"primaryImageOfPage\":{\"@id\":\"https:\\\/\\\/lovme.pt\\\/index.php\\\/produto\\\/passion-coleo-eco-bodystocking-eco-s006-preto\\\/#primaryimage\"},\"image\":{\"@id\":\"https:\\\/\\\/lovme.pt\\\/index.php\\\/produto\\\/passion-coleo-eco-bodystocking-eco-s006-preto\\\/#primaryimage\"},\"thumbnailUrl\":\"https:\\\/\\\/erki24nd3ub.exactdn.com\\\/wp-content\\\/uploads\\\/dream\\\/img\\\/img_152354_a4217096219be29ad0609fec1ad24c89_1.jpg?strip=all\",\"datePublished\":\"2025-10-01T00:49:40+00:00\",\"dateModified\":\"2026-02-19T20:23:26+00:00\",\"breadcrumb\":{\"@id\":\"https:\\\/\\\/lovme.pt\\\/index.php\\\/produto\\\/passion-coleo-eco-bodystocking-eco-s006-preto\\\/#breadcrumb\"},\"inLanguage\":\"pt-PT\",\"potentialAction\":[{\"@type\":\"ReadAction\",\"target\":[\"https:\\\/\\\/lovme.pt\\\/index.php\\\/produto\\\/passion-coleo-eco-bodystocking-eco-s006-preto\\\/\"]}]},{\"@type\":\"ImageObject\",\"inLanguage\":\"pt-PT\",\"@id\":\"https:\\\/\\\/lovme.pt\\\/index.php\\\/produto\\\/passion-coleo-eco-bodystocking-eco-s006-preto\\\/#primaryimage\",\"url\":\"https:\\\/\\\/erki24nd3ub.exactdn.com\\\/wp-content\\\/uploads\\\/dream\\\/img\\\/img_152354_a4217096219be29ad0609fec1ad24c89_1.jpg?strip=all\",\"contentUrl\":\"https:\\\/\\\/erki24nd3ub.exactdn.com\\\/wp-content\\\/uploads\\\/dream\\\/img\\\/img_152354_a4217096219be29ad0609fec1ad24c89_1.jpg?strip=all\",\"width\":800,\"height\":800},{\"@type\":\"BreadcrumbList\",\"@id\":\"https:\\\/\\\/lovme.pt\\\/index.php\\\/produto\\\/passion-coleo-eco-bodystocking-eco-s006-preto\\\/#breadcrumb\",\"itemListElement\":[{\"@type\":\"ListItem\",\"position\":1,\"name\":\"In\u00edcio\",\"item\":\"https:\\\/\\\/lovme.pt\\\/\"},{\"@type\":\"ListItem\",\"position\":2,\"name\":\"Loja\",\"item\":\"https:\\\/\\\/lovme.pt\\\/index.php\\\/loja\\\/\"},{\"@type\":\"ListItem\",\"position\":3,\"name\":\"PASSION &#8211; ECO COLLECTION BODYSTOCKING ECO S006 NEGRO\"}]},{\"@type\":\"WebSite\",\"@id\":\"https:\\\/\\\/lovme.pt\\\/#website\",\"url\":\"https:\\\/\\\/lovme.pt\\\/\",\"name\":\"Lovme Loja Er\u00f3tica N\u00ba1 em Portugal\",\"description\":\"A melhor loja er\u00f3tica de Portugal.\",\"alternateName\":\"Loja Er\u00f3tica Lovme\",\"potentialAction\":[{\"@type\":\"SearchAction\",\"target\":{\"@type\":\"EntryPoint\",\"urlTemplate\":\"https:\\\/\\\/lovme.pt\\\/?s={search_term_string}\"},\"query-input\":{\"@type\":\"PropertyValueSpecification\",\"valueRequired\":true,\"valueName\":\"search_term_string\"}}],\"inLanguage\":\"pt-PT\"}]}<\/script>\n<!-- \/ Yoast SEO plugin. -->","yoast_head_json":{"title":"PASSION - ECO COLLECTION BODYSTOCKING ECO S006 NEGRO - Lovme","robots":{"index":"index","follow":"follow","max-snippet":"max-snippet:-1","max-image-preview":"max-image-preview:large","max-video-preview":"max-video-preview:-1"},"canonical":"https:\/\/lovme.pt\/index.php\/produto\/passion-coleo-eco-bodystocking-eco-s006-preto\/","og_locale":"pt_PT","og_type":"article","og_title":"PASSION - ECO COLLECTION BODYSTOCKING ECO S006 NEGRO - Lovme","og_description":"PASSION - COLEO ECO BODYSTOCKING ECO S006 PRETO","og_url":"https:\/\/lovme.pt\/index.php\/produto\/passion-coleo-eco-bodystocking-eco-s006-preto\/","og_site_name":"Lovme","article_modified_time":"2026-02-19T20:23:26+00:00","og_image":[{"width":800,"height":800,"url":"https:\/\/erki24nd3ub.exactdn.com\/wp-content\/uploads\/dream\/img\/img_152354_a4217096219be29ad0609fec1ad24c89_1.jpg?strip=all","type":"image\/jpeg"}],"twitter_card":"summary_large_image","twitter_misc":{"Tempo estimado de leitura":"1 minuto"},"schema":{"@context":"https:\/\/schema.org","@graph":[{"@type":"WebPage","@id":"https:\/\/lovme.pt\/index.php\/produto\/passion-coleo-eco-bodystocking-eco-s006-preto\/","url":"https:\/\/lovme.pt\/index.php\/produto\/passion-coleo-eco-bodystocking-eco-s006-preto\/","name":"PASSION - ECO COLLECTION BODYSTOCKING ECO S006 NEGRO - Lovme","isPartOf":{"@id":"https:\/\/lovme.pt\/#website"},"primaryImageOfPage":{"@id":"https:\/\/lovme.pt\/index.php\/produto\/passion-coleo-eco-bodystocking-eco-s006-preto\/#primaryimage"},"image":{"@id":"https:\/\/lovme.pt\/index.php\/produto\/passion-coleo-eco-bodystocking-eco-s006-preto\/#primaryimage"},"thumbnailUrl":"https:\/\/erki24nd3ub.exactdn.com\/wp-content\/uploads\/dream\/img\/img_152354_a4217096219be29ad0609fec1ad24c89_1.jpg?strip=all","datePublished":"2025-10-01T00:49:40+00:00","dateModified":"2026-02-19T20:23:26+00:00","breadcrumb":{"@id":"https:\/\/lovme.pt\/index.php\/produto\/passion-coleo-eco-bodystocking-eco-s006-preto\/#breadcrumb"},"inLanguage":"pt-PT","potentialAction":[{"@type":"ReadAction","target":["https:\/\/lovme.pt\/index.php\/produto\/passion-coleo-eco-bodystocking-eco-s006-preto\/"]}]},{"@type":"ImageObject","inLanguage":"pt-PT","@id":"https:\/\/lovme.pt\/index.php\/produto\/passion-coleo-eco-bodystocking-eco-s006-preto\/#primaryimage","url":"https:\/\/erki24nd3ub.exactdn.com\/wp-content\/uploads\/dream\/img\/img_152354_a4217096219be29ad0609fec1ad24c89_1.jpg?strip=all","contentUrl":"https:\/\/erki24nd3ub.exactdn.com\/wp-content\/uploads\/dream\/img\/img_152354_a4217096219be29ad0609fec1ad24c89_1.jpg?strip=all","width":800,"height":800},{"@type":"BreadcrumbList","@id":"https:\/\/lovme.pt\/index.php\/produto\/passion-coleo-eco-bodystocking-eco-s006-preto\/#breadcrumb","itemListElement":[{"@type":"ListItem","position":1,"name":"In\u00edcio","item":"https:\/\/lovme.pt\/"},{"@type":"ListItem","position":2,"name":"Loja","item":"https:\/\/lovme.pt\/index.php\/loja\/"},{"@type":"ListItem","position":3,"name":"PASSION &#8211; ECO COLLECTION BODYSTOCKING ECO S006 NEGRO"}]},{"@type":"WebSite","@id":"https:\/\/lovme.pt\/#website","url":"https:\/\/lovme.pt\/","name":"Lovme Loja Er\u00f3tica N\u00ba1 em Portugal","description":"A melhor loja er\u00f3tica de Portugal.","alternateName":"Loja Er\u00f3tica Lovme","potentialAction":[{"@type":"SearchAction","target":{"@type":"EntryPoint","urlTemplate":"https:\/\/lovme.pt\/?s={search_term_string}"},"query-input":{"@type":"PropertyValueSpecification","valueRequired":true,"valueName":"search_term_string"}}],"inLanguage":"pt-PT"}]}},"_links":{"self":[{"href":"https:\/\/lovme.pt\/index.php\/wp-json\/wp\/v2\/product\/44522","targetHints":{"allow":["GET"]}}],"collection":[{"href":"https:\/\/lovme.pt\/index.php\/wp-json\/wp\/v2\/product"}],"about":[{"href":"https:\/\/lovme.pt\/index.php\/wp-json\/wp\/v2\/types\/product"}],"wp:featuredmedia":[{"embeddable":true,"href":"https:\/\/lovme.pt\/index.php\/wp-json\/wp\/v2\/media\/91308"}],"wp:attachment":[{"href":"https:\/\/lovme.pt\/index.php\/wp-json\/wp\/v2\/media?parent=44522"}],"wp:term":[{"taxonomy":"product_brand","embeddable":true,"href":"https:\/\/lovme.pt\/index.php\/wp-json\/wp\/v2\/product_brand?post=44522"},{"taxonomy":"product_cat","embeddable":true,"href":"https:\/\/lovme.pt\/index.php\/wp-json\/wp\/v2\/product_cat?post=44522"},{"taxonomy":"product_tag","embeddable":true,"href":"https:\/\/lovme.pt\/index.php\/wp-json\/wp\/v2\/product_tag?post=44522"}],"curies":[{"name":"wp","href":"https:\/\/api.w.org\/{rel}","templated":true}]}}