{"id":44416,"date":"2025-09-30T20:45:44","date_gmt":"2025-09-30T20:45:44","guid":{"rendered":"https:\/\/lovme.pt\/?post_type=product&p=44416"},"modified":"2026-02-19T20:08:52","modified_gmt":"2026-02-19T20:08:52","slug":"b-swish-bcute-curve-infinite-classic-edio-limitada-vibrador-recarregvel-de-silicone-azul","status":"publish","type":"product","link":"https:\/\/lovme.pt\/index.php\/produto\/b-swish-bcute-curve-infinite-classic-edio-limitada-vibrador-recarregvel-de-silicone-azul\/","title":{"rendered":"B SWISH &#8211; BCUTE CURVE INFINITE CLASSIC EDIO LIMITADA VIBRADOR RECARREGVEL DE SILICONE AZUL"},"content":{"rendered":"<p>Apresentando <strong>Bcute Curve Infinity Classic<\/strong> , a bala definitiva para o ponto G que desperta sua diva do prazer interior! Experimente um prazer alucinante onde e quando quiser! Deixe <strong>o Bcute Curve<\/strong> tentar o seu clit\u00f3ris ou mamilos, proporcionando-lhe sensa\u00e7\u00f5es maravilhosas. A sua estimula\u00e7\u00e3o interna leva-o numa viagem selvagem ao para\u00edso do prazer!<\/p>\n<p>Acaricie seu silicone macio, rendendo-se ao seu toque. Com 5 intensidades, desfrute de um mundo de prazer, querendo mais. Embarque numa viagem inesquec\u00edvel com <strong>Bcute Curve Infinity Classic<\/strong> , o seu bilhete dourado para um prazer mais profundo! Desfrute do prazer em qualquer lugar com esta linda bolsa de higiene reutiliz\u00e1vel de edi\u00e7\u00e3o limitada. Cont\u00e9m todos os itens essenciais para cuidados \u00edntimos e muito mais&#8230; sem esfor\u00e7o!<\/p>\n<ul>\n<li>Bolsa de beleza gr\u00e1tis<\/li>\n<li>Bateria recarreg\u00e1vel de \u00edon de l\u00edtio<\/li>\n<li>5 modos de vibra\u00e7\u00e3o<\/li>\n<li>IPX7 \u00e0 prova d\u00e1gua<\/li>\n<li>Silicone seguro para o corpo<\/li>\n<\/ul>\n<p>\u00a0<\/p>\n<table border=\"1\" cellpacing=\"1\" cellpadding=\"1\" style=\"width:500px;\">\n<tbody>\n<tr>\n<td>\u00a0<\/td>\n<td>Peso g<\/td>\n<td>Comprimento cm<\/td>\n<td>Profundidade cm<\/td>\n<td>Largura cm<\/td>\n<\/tr>\n<tr>\n<td>produtos<\/td>\n<td>62<\/td>\n<td>10<\/td>\n<td>2<\/td>\n<td>2<\/td>\n<\/tr>\n<tr>\n<td>Caixa<\/td>\n<td>224<\/td>\n<td>18<\/td>\n<td>10<\/td>\n<td>10<\/td>\n<\/tr>\n<\/tbody>\n<\/table>\n","protected":false},"excerpt":{"rendered":"<p>B SWISH &#8211; BCUTE CURVE INFINITE CLASSIC EDIO LIMITADA VIBRADOR RECARREGVEL DE SILICONE AZUL<\/p>\n","protected":false},"featured_media":72368,"template":"","meta":{"_acf_changed":false},"product_brand":[],"product_cat":[17,61,76],"product_tag":[],"class_list":{"0":"post-44416","1":"product","2":"type-product","3":"status-publish","4":"has-post-thumbnail","6":"product_cat-brinquedos-de-bem-estar-sexual","7":"product_cat-para-elas","8":"product_cat-vibradores","9":"yith_product_brand-b-swish","11":"first","12":"instock","13":"taxable","14":"shipping-taxable","15":"purchasable","16":"product-type-simple"},"acf":[],"yoast_head":"<!-- This site is optimized with the Yoast SEO plugin v27.3 - https:\/\/yoast.com\/product\/yoast-seo-wordpress\/ -->\n<title>B SWISH - BCUTE CURVE INFINITE CLASSIC EDIO LIMITADA VIBRADOR RECARREGVEL DE SILICONE AZUL - Lovme<\/title>\n<meta name=\"robots\" content=\"index, follow, max-snippet:-1, max-image-preview:large, max-video-preview:-1\" \/>\n<link rel=\"canonical\" href=\"https:\/\/lovme.pt\/index.php\/produto\/b-swish-bcute-curve-infinite-classic-edio-limitada-vibrador-recarregvel-de-silicone-azul\/\" \/>\n<meta property=\"og:locale\" content=\"pt_PT\" \/>\n<meta property=\"og:type\" content=\"article\" \/>\n<meta property=\"og:title\" content=\"B SWISH - BCUTE CURVE INFINITE CLASSIC EDIO LIMITADA VIBRADOR RECARREGVEL DE SILICONE AZUL - Lovme\" \/>\n<meta property=\"og:description\" content=\"B SWISH - BCUTE CURVE INFINITE CLASSIC EDIO LIMITADA VIBRADOR RECARREGVEL DE SILICONE AZUL\" \/>\n<meta property=\"og:url\" content=\"https:\/\/lovme.pt\/index.php\/produto\/b-swish-bcute-curve-infinite-classic-edio-limitada-vibrador-recarregvel-de-silicone-azul\/\" \/>\n<meta property=\"og:site_name\" content=\"Lovme\" \/>\n<meta property=\"article:modified_time\" content=\"2026-02-19T20:08:52+00:00\" \/>\n<meta property=\"og:image\" content=\"https:\/\/erki24nd3ub.exactdn.com\/wp-content\/uploads\/dream\/img\/img_151620_eec3e5d67b17fd25cd18fa413f133a2d_1.jpg?strip=all\" \/>\n\t<meta property=\"og:image:width\" content=\"800\" \/>\n\t<meta property=\"og:image:height\" content=\"800\" \/>\n\t<meta property=\"og:image:type\" content=\"image\/jpeg\" \/>\n<meta name=\"twitter:card\" content=\"summary_large_image\" \/>\n<meta name=\"twitter:label1\" content=\"Tempo estimado de leitura\" \/>\n\t<meta name=\"twitter:data1\" content=\"1 minuto\" \/>\n<script type=\"application\/ld+json\" class=\"yoast-schema-graph\">{\"@context\":\"https:\\\/\\\/schema.org\",\"@graph\":[{\"@type\":\"WebPage\",\"@id\":\"https:\\\/\\\/lovme.pt\\\/index.php\\\/produto\\\/b-swish-bcute-curve-infinite-classic-edio-limitada-vibrador-recarregvel-de-silicone-azul\\\/\",\"url\":\"https:\\\/\\\/lovme.pt\\\/index.php\\\/produto\\\/b-swish-bcute-curve-infinite-classic-edio-limitada-vibrador-recarregvel-de-silicone-azul\\\/\",\"name\":\"B SWISH - BCUTE CURVE INFINITE CLASSIC EDIO LIMITADA VIBRADOR RECARREGVEL DE SILICONE AZUL - Lovme\",\"isPartOf\":{\"@id\":\"https:\\\/\\\/lovme.pt\\\/#website\"},\"primaryImageOfPage\":{\"@id\":\"https:\\\/\\\/lovme.pt\\\/index.php\\\/produto\\\/b-swish-bcute-curve-infinite-classic-edio-limitada-vibrador-recarregvel-de-silicone-azul\\\/#primaryimage\"},\"image\":{\"@id\":\"https:\\\/\\\/lovme.pt\\\/index.php\\\/produto\\\/b-swish-bcute-curve-infinite-classic-edio-limitada-vibrador-recarregvel-de-silicone-azul\\\/#primaryimage\"},\"thumbnailUrl\":\"https:\\\/\\\/erki24nd3ub.exactdn.com\\\/wp-content\\\/uploads\\\/dream\\\/img\\\/img_151620_eec3e5d67b17fd25cd18fa413f133a2d_1.jpg?strip=all\",\"datePublished\":\"2025-09-30T20:45:44+00:00\",\"dateModified\":\"2026-02-19T20:08:52+00:00\",\"breadcrumb\":{\"@id\":\"https:\\\/\\\/lovme.pt\\\/index.php\\\/produto\\\/b-swish-bcute-curve-infinite-classic-edio-limitada-vibrador-recarregvel-de-silicone-azul\\\/#breadcrumb\"},\"inLanguage\":\"pt-PT\",\"potentialAction\":[{\"@type\":\"ReadAction\",\"target\":[\"https:\\\/\\\/lovme.pt\\\/index.php\\\/produto\\\/b-swish-bcute-curve-infinite-classic-edio-limitada-vibrador-recarregvel-de-silicone-azul\\\/\"]}]},{\"@type\":\"ImageObject\",\"inLanguage\":\"pt-PT\",\"@id\":\"https:\\\/\\\/lovme.pt\\\/index.php\\\/produto\\\/b-swish-bcute-curve-infinite-classic-edio-limitada-vibrador-recarregvel-de-silicone-azul\\\/#primaryimage\",\"url\":\"https:\\\/\\\/erki24nd3ub.exactdn.com\\\/wp-content\\\/uploads\\\/dream\\\/img\\\/img_151620_eec3e5d67b17fd25cd18fa413f133a2d_1.jpg?strip=all\",\"contentUrl\":\"https:\\\/\\\/erki24nd3ub.exactdn.com\\\/wp-content\\\/uploads\\\/dream\\\/img\\\/img_151620_eec3e5d67b17fd25cd18fa413f133a2d_1.jpg?strip=all\",\"width\":800,\"height\":800},{\"@type\":\"BreadcrumbList\",\"@id\":\"https:\\\/\\\/lovme.pt\\\/index.php\\\/produto\\\/b-swish-bcute-curve-infinite-classic-edio-limitada-vibrador-recarregvel-de-silicone-azul\\\/#breadcrumb\",\"itemListElement\":[{\"@type\":\"ListItem\",\"position\":1,\"name\":\"In\u00edcio\",\"item\":\"https:\\\/\\\/lovme.pt\\\/\"},{\"@type\":\"ListItem\",\"position\":2,\"name\":\"Loja\",\"item\":\"https:\\\/\\\/lovme.pt\\\/index.php\\\/loja\\\/\"},{\"@type\":\"ListItem\",\"position\":3,\"name\":\"B SWISH &#8211; BCUTE CURVE INFINITE CLASSIC EDIO LIMITADA VIBRADOR RECARREGVEL DE SILICONE AZUL\"}]},{\"@type\":\"WebSite\",\"@id\":\"https:\\\/\\\/lovme.pt\\\/#website\",\"url\":\"https:\\\/\\\/lovme.pt\\\/\",\"name\":\"Lovme Loja Er\u00f3tica N\u00ba1 em Portugal\",\"description\":\"A melhor loja er\u00f3tica de Portugal.\",\"alternateName\":\"Loja Er\u00f3tica Lovme\",\"potentialAction\":[{\"@type\":\"SearchAction\",\"target\":{\"@type\":\"EntryPoint\",\"urlTemplate\":\"https:\\\/\\\/lovme.pt\\\/?s={search_term_string}\"},\"query-input\":{\"@type\":\"PropertyValueSpecification\",\"valueRequired\":true,\"valueName\":\"search_term_string\"}}],\"inLanguage\":\"pt-PT\"}]}<\/script>\n<!-- \/ Yoast SEO plugin. -->","yoast_head_json":{"title":"B SWISH - BCUTE CURVE INFINITE CLASSIC EDIO LIMITADA VIBRADOR RECARREGVEL DE SILICONE AZUL - Lovme","robots":{"index":"index","follow":"follow","max-snippet":"max-snippet:-1","max-image-preview":"max-image-preview:large","max-video-preview":"max-video-preview:-1"},"canonical":"https:\/\/lovme.pt\/index.php\/produto\/b-swish-bcute-curve-infinite-classic-edio-limitada-vibrador-recarregvel-de-silicone-azul\/","og_locale":"pt_PT","og_type":"article","og_title":"B SWISH - BCUTE CURVE INFINITE CLASSIC EDIO LIMITADA VIBRADOR RECARREGVEL DE SILICONE AZUL - Lovme","og_description":"B SWISH - BCUTE CURVE INFINITE CLASSIC EDIO LIMITADA VIBRADOR RECARREGVEL DE SILICONE AZUL","og_url":"https:\/\/lovme.pt\/index.php\/produto\/b-swish-bcute-curve-infinite-classic-edio-limitada-vibrador-recarregvel-de-silicone-azul\/","og_site_name":"Lovme","article_modified_time":"2026-02-19T20:08:52+00:00","og_image":[{"width":800,"height":800,"url":"https:\/\/erki24nd3ub.exactdn.com\/wp-content\/uploads\/dream\/img\/img_151620_eec3e5d67b17fd25cd18fa413f133a2d_1.jpg?strip=all","type":"image\/jpeg"}],"twitter_card":"summary_large_image","twitter_misc":{"Tempo estimado de leitura":"1 minuto"},"schema":{"@context":"https:\/\/schema.org","@graph":[{"@type":"WebPage","@id":"https:\/\/lovme.pt\/index.php\/produto\/b-swish-bcute-curve-infinite-classic-edio-limitada-vibrador-recarregvel-de-silicone-azul\/","url":"https:\/\/lovme.pt\/index.php\/produto\/b-swish-bcute-curve-infinite-classic-edio-limitada-vibrador-recarregvel-de-silicone-azul\/","name":"B SWISH - BCUTE CURVE INFINITE CLASSIC EDIO LIMITADA VIBRADOR RECARREGVEL DE SILICONE AZUL - Lovme","isPartOf":{"@id":"https:\/\/lovme.pt\/#website"},"primaryImageOfPage":{"@id":"https:\/\/lovme.pt\/index.php\/produto\/b-swish-bcute-curve-infinite-classic-edio-limitada-vibrador-recarregvel-de-silicone-azul\/#primaryimage"},"image":{"@id":"https:\/\/lovme.pt\/index.php\/produto\/b-swish-bcute-curve-infinite-classic-edio-limitada-vibrador-recarregvel-de-silicone-azul\/#primaryimage"},"thumbnailUrl":"https:\/\/erki24nd3ub.exactdn.com\/wp-content\/uploads\/dream\/img\/img_151620_eec3e5d67b17fd25cd18fa413f133a2d_1.jpg?strip=all","datePublished":"2025-09-30T20:45:44+00:00","dateModified":"2026-02-19T20:08:52+00:00","breadcrumb":{"@id":"https:\/\/lovme.pt\/index.php\/produto\/b-swish-bcute-curve-infinite-classic-edio-limitada-vibrador-recarregvel-de-silicone-azul\/#breadcrumb"},"inLanguage":"pt-PT","potentialAction":[{"@type":"ReadAction","target":["https:\/\/lovme.pt\/index.php\/produto\/b-swish-bcute-curve-infinite-classic-edio-limitada-vibrador-recarregvel-de-silicone-azul\/"]}]},{"@type":"ImageObject","inLanguage":"pt-PT","@id":"https:\/\/lovme.pt\/index.php\/produto\/b-swish-bcute-curve-infinite-classic-edio-limitada-vibrador-recarregvel-de-silicone-azul\/#primaryimage","url":"https:\/\/erki24nd3ub.exactdn.com\/wp-content\/uploads\/dream\/img\/img_151620_eec3e5d67b17fd25cd18fa413f133a2d_1.jpg?strip=all","contentUrl":"https:\/\/erki24nd3ub.exactdn.com\/wp-content\/uploads\/dream\/img\/img_151620_eec3e5d67b17fd25cd18fa413f133a2d_1.jpg?strip=all","width":800,"height":800},{"@type":"BreadcrumbList","@id":"https:\/\/lovme.pt\/index.php\/produto\/b-swish-bcute-curve-infinite-classic-edio-limitada-vibrador-recarregvel-de-silicone-azul\/#breadcrumb","itemListElement":[{"@type":"ListItem","position":1,"name":"In\u00edcio","item":"https:\/\/lovme.pt\/"},{"@type":"ListItem","position":2,"name":"Loja","item":"https:\/\/lovme.pt\/index.php\/loja\/"},{"@type":"ListItem","position":3,"name":"B SWISH &#8211; BCUTE CURVE INFINITE CLASSIC EDIO LIMITADA VIBRADOR RECARREGVEL DE SILICONE AZUL"}]},{"@type":"WebSite","@id":"https:\/\/lovme.pt\/#website","url":"https:\/\/lovme.pt\/","name":"Lovme Loja Er\u00f3tica N\u00ba1 em Portugal","description":"A melhor loja er\u00f3tica de Portugal.","alternateName":"Loja Er\u00f3tica Lovme","potentialAction":[{"@type":"SearchAction","target":{"@type":"EntryPoint","urlTemplate":"https:\/\/lovme.pt\/?s={search_term_string}"},"query-input":{"@type":"PropertyValueSpecification","valueRequired":true,"valueName":"search_term_string"}}],"inLanguage":"pt-PT"}]}},"_links":{"self":[{"href":"https:\/\/lovme.pt\/index.php\/wp-json\/wp\/v2\/product\/44416","targetHints":{"allow":["GET"]}}],"collection":[{"href":"https:\/\/lovme.pt\/index.php\/wp-json\/wp\/v2\/product"}],"about":[{"href":"https:\/\/lovme.pt\/index.php\/wp-json\/wp\/v2\/types\/product"}],"wp:featuredmedia":[{"embeddable":true,"href":"https:\/\/lovme.pt\/index.php\/wp-json\/wp\/v2\/media\/72368"}],"wp:attachment":[{"href":"https:\/\/lovme.pt\/index.php\/wp-json\/wp\/v2\/media?parent=44416"}],"wp:term":[{"taxonomy":"product_brand","embeddable":true,"href":"https:\/\/lovme.pt\/index.php\/wp-json\/wp\/v2\/product_brand?post=44416"},{"taxonomy":"product_cat","embeddable":true,"href":"https:\/\/lovme.pt\/index.php\/wp-json\/wp\/v2\/product_cat?post=44416"},{"taxonomy":"product_tag","embeddable":true,"href":"https:\/\/lovme.pt\/index.php\/wp-json\/wp\/v2\/product_tag?post=44416"}],"curies":[{"name":"wp","href":"https:\/\/api.w.org\/{rel}","templated":true}]}}