{"id":44387,"date":"2025-09-30T22:48:08","date_gmt":"2025-09-30T22:48:08","guid":{"rendered":"https:\/\/lovme.pt\/?post_type=product&p=44387"},"modified":"2026-02-19T20:13:10","modified_gmt":"2026-02-19T20:13:10","slug":"intense-fetish-punhos-de-tornozelo-de-couro-vegano","status":"publish","type":"product","link":"https:\/\/lovme.pt\/index.php\/produto\/intense-fetish-punhos-de-tornozelo-de-couro-vegano\/","title":{"rendered":"INTENSE &#8211; FETISH PUNHOS DE TORNOZELO DE COURO VEGANO"},"content":{"rendered":"<p>Os tornozelos em couro vegano da marca <strong>INTENSE FETISH<\/strong> s\u00e3o um convite para explorar seus desejos mais ousados no mundo adulto. Estas tornozeleiras foram cuidadosamente desenhadas para combinar estilo e funcionalidade num acess\u00f3rio que ir\u00e1 mergulhar num mundo de paix\u00e3o e submiss\u00e3o.<\/p>\n<p>Fabricadas em couro vegano de alta qualidade, essas tornozeleiras oferecem um toque de luxo sem comprometer seus valores \u00e9ticos. O couro vegano macio, por\u00e9m resistente, envolve confortavelmente seus tornozelos, proporcionando uma sensa\u00e7\u00e3o de seguran\u00e7a e conten\u00e7\u00e3o que aumenta a excita\u00e7\u00e3o.<\/p>\n<p>As tornozeleiras <strong>INTENSE FETISH<\/strong> n\u00e3o s\u00e3o apenas uma declara\u00e7\u00e3o de estilo, mas tamb\u00e9m uma ferramenta de jogo er\u00f3tico. Seu design ergon\u00f4mico e fechamento seguro garantem que voc\u00ea possa explorar suas fantasias com confian\u00e7a e conforto. Esteja voc\u00ea se aventurando no reino das brincadeiras sensuais ou procurando adicionar brilho \u00e0 sua vida \u00edntima, essas algemas de tornozelo s\u00e3o uma express\u00e3o dos seus desejos mais ousados.<\/p>\n<p>\u00a0<\/p>\n<p><strong>FETICHE INTENSO<\/strong><\/p>\n<p>Bem-vindo ao emocionante mundo do <strong>INTENSE FETISH<\/strong> , onde os seus desejos mais profundos encontram express\u00e3o atrav\u00e9s de produtos concebidos para satisfazer as suas fantasias mais intensas. Somos uma marca que abra\u00e7a a diversidade e a paix\u00e3o, oferecendo uma vasta gama de artigos para adultos que o convidam a explorar e experimentar sem limites.<\/p>\n","protected":false},"excerpt":{"rendered":"<p>INTENSE &#8211; FETISH PUNHOS DE TORNOZELO DE COURO VEGANO<\/p>\n","protected":false},"featured_media":81082,"template":"","meta":{"_acf_changed":false},"product_brand":[],"product_cat":[48],"product_tag":[],"class_list":{"0":"post-44387","1":"product","2":"type-product","3":"status-publish","4":"has-post-thumbnail","6":"product_cat-bdsm","7":"yith_product_brand-intense-fetish","9":"first","10":"instock","11":"taxable","12":"shipping-taxable","13":"purchasable","14":"product-type-simple"},"acf":[],"yoast_head":"<!-- This site is optimized with the Yoast SEO plugin v27.3 - https:\/\/yoast.com\/product\/yoast-seo-wordpress\/ -->\n<title>INTENSE - FETISH PUNHOS DE TORNOZELO DE COURO VEGANO - Lovme<\/title>\n<meta name=\"robots\" content=\"index, follow, max-snippet:-1, max-image-preview:large, max-video-preview:-1\" \/>\n<link rel=\"canonical\" href=\"https:\/\/lovme.pt\/index.php\/produto\/intense-fetish-punhos-de-tornozelo-de-couro-vegano\/\" \/>\n<meta property=\"og:locale\" content=\"pt_PT\" \/>\n<meta property=\"og:type\" content=\"article\" \/>\n<meta property=\"og:title\" content=\"INTENSE - FETISH PUNHOS DE TORNOZELO DE COURO VEGANO - Lovme\" \/>\n<meta property=\"og:description\" content=\"INTENSE - FETISH PUNHOS DE TORNOZELO DE COURO VEGANO\" \/>\n<meta property=\"og:url\" content=\"https:\/\/lovme.pt\/index.php\/produto\/intense-fetish-punhos-de-tornozelo-de-couro-vegano\/\" \/>\n<meta property=\"og:site_name\" content=\"Lovme\" \/>\n<meta property=\"article:modified_time\" content=\"2026-02-19T20:13:10+00:00\" \/>\n<meta property=\"og:image\" content=\"https:\/\/erki24nd3ub.exactdn.com\/wp-content\/uploads\/dream\/img\/img_151562_2f5483492ea49e6f3afc39df03d8aa91_1.png?strip=all\" \/>\n\t<meta property=\"og:image:width\" content=\"800\" \/>\n\t<meta property=\"og:image:height\" content=\"800\" \/>\n\t<meta property=\"og:image:type\" content=\"image\/png\" \/>\n<meta name=\"twitter:card\" content=\"summary_large_image\" \/>\n<meta name=\"twitter:label1\" content=\"Tempo estimado de leitura\" \/>\n\t<meta name=\"twitter:data1\" content=\"1 minuto\" \/>\n<script type=\"application\/ld+json\" class=\"yoast-schema-graph\">{\"@context\":\"https:\\\/\\\/schema.org\",\"@graph\":[{\"@type\":\"WebPage\",\"@id\":\"https:\\\/\\\/lovme.pt\\\/index.php\\\/produto\\\/intense-fetish-punhos-de-tornozelo-de-couro-vegano\\\/\",\"url\":\"https:\\\/\\\/lovme.pt\\\/index.php\\\/produto\\\/intense-fetish-punhos-de-tornozelo-de-couro-vegano\\\/\",\"name\":\"INTENSE - FETISH PUNHOS DE TORNOZELO DE COURO VEGANO - Lovme\",\"isPartOf\":{\"@id\":\"https:\\\/\\\/lovme.pt\\\/#website\"},\"primaryImageOfPage\":{\"@id\":\"https:\\\/\\\/lovme.pt\\\/index.php\\\/produto\\\/intense-fetish-punhos-de-tornozelo-de-couro-vegano\\\/#primaryimage\"},\"image\":{\"@id\":\"https:\\\/\\\/lovme.pt\\\/index.php\\\/produto\\\/intense-fetish-punhos-de-tornozelo-de-couro-vegano\\\/#primaryimage\"},\"thumbnailUrl\":\"https:\\\/\\\/erki24nd3ub.exactdn.com\\\/wp-content\\\/uploads\\\/dream\\\/img\\\/img_151562_2f5483492ea49e6f3afc39df03d8aa91_1.png?strip=all\",\"datePublished\":\"2025-09-30T22:48:08+00:00\",\"dateModified\":\"2026-02-19T20:13:10+00:00\",\"breadcrumb\":{\"@id\":\"https:\\\/\\\/lovme.pt\\\/index.php\\\/produto\\\/intense-fetish-punhos-de-tornozelo-de-couro-vegano\\\/#breadcrumb\"},\"inLanguage\":\"pt-PT\",\"potentialAction\":[{\"@type\":\"ReadAction\",\"target\":[\"https:\\\/\\\/lovme.pt\\\/index.php\\\/produto\\\/intense-fetish-punhos-de-tornozelo-de-couro-vegano\\\/\"]}]},{\"@type\":\"ImageObject\",\"inLanguage\":\"pt-PT\",\"@id\":\"https:\\\/\\\/lovme.pt\\\/index.php\\\/produto\\\/intense-fetish-punhos-de-tornozelo-de-couro-vegano\\\/#primaryimage\",\"url\":\"https:\\\/\\\/erki24nd3ub.exactdn.com\\\/wp-content\\\/uploads\\\/dream\\\/img\\\/img_151562_2f5483492ea49e6f3afc39df03d8aa91_1.png?strip=all\",\"contentUrl\":\"https:\\\/\\\/erki24nd3ub.exactdn.com\\\/wp-content\\\/uploads\\\/dream\\\/img\\\/img_151562_2f5483492ea49e6f3afc39df03d8aa91_1.png?strip=all\",\"width\":800,\"height\":800},{\"@type\":\"BreadcrumbList\",\"@id\":\"https:\\\/\\\/lovme.pt\\\/index.php\\\/produto\\\/intense-fetish-punhos-de-tornozelo-de-couro-vegano\\\/#breadcrumb\",\"itemListElement\":[{\"@type\":\"ListItem\",\"position\":1,\"name\":\"In\u00edcio\",\"item\":\"https:\\\/\\\/lovme.pt\\\/\"},{\"@type\":\"ListItem\",\"position\":2,\"name\":\"Loja\",\"item\":\"https:\\\/\\\/lovme.pt\\\/index.php\\\/loja\\\/\"},{\"@type\":\"ListItem\",\"position\":3,\"name\":\"INTENSE &#8211; FETISH PUNHOS DE TORNOZELO DE COURO VEGANO\"}]},{\"@type\":\"WebSite\",\"@id\":\"https:\\\/\\\/lovme.pt\\\/#website\",\"url\":\"https:\\\/\\\/lovme.pt\\\/\",\"name\":\"Lovme Loja Er\u00f3tica N\u00ba1 em Portugal\",\"description\":\"A melhor loja er\u00f3tica de Portugal.\",\"alternateName\":\"Loja Er\u00f3tica Lovme\",\"potentialAction\":[{\"@type\":\"SearchAction\",\"target\":{\"@type\":\"EntryPoint\",\"urlTemplate\":\"https:\\\/\\\/lovme.pt\\\/?s={search_term_string}\"},\"query-input\":{\"@type\":\"PropertyValueSpecification\",\"valueRequired\":true,\"valueName\":\"search_term_string\"}}],\"inLanguage\":\"pt-PT\"}]}<\/script>\n<!-- \/ Yoast SEO plugin. -->","yoast_head_json":{"title":"INTENSE - FETISH PUNHOS DE TORNOZELO DE COURO VEGANO - Lovme","robots":{"index":"index","follow":"follow","max-snippet":"max-snippet:-1","max-image-preview":"max-image-preview:large","max-video-preview":"max-video-preview:-1"},"canonical":"https:\/\/lovme.pt\/index.php\/produto\/intense-fetish-punhos-de-tornozelo-de-couro-vegano\/","og_locale":"pt_PT","og_type":"article","og_title":"INTENSE - FETISH PUNHOS DE TORNOZELO DE COURO VEGANO - Lovme","og_description":"INTENSE - FETISH PUNHOS DE TORNOZELO DE COURO VEGANO","og_url":"https:\/\/lovme.pt\/index.php\/produto\/intense-fetish-punhos-de-tornozelo-de-couro-vegano\/","og_site_name":"Lovme","article_modified_time":"2026-02-19T20:13:10+00:00","og_image":[{"width":800,"height":800,"url":"https:\/\/erki24nd3ub.exactdn.com\/wp-content\/uploads\/dream\/img\/img_151562_2f5483492ea49e6f3afc39df03d8aa91_1.png?strip=all","type":"image\/png"}],"twitter_card":"summary_large_image","twitter_misc":{"Tempo estimado de leitura":"1 minuto"},"schema":{"@context":"https:\/\/schema.org","@graph":[{"@type":"WebPage","@id":"https:\/\/lovme.pt\/index.php\/produto\/intense-fetish-punhos-de-tornozelo-de-couro-vegano\/","url":"https:\/\/lovme.pt\/index.php\/produto\/intense-fetish-punhos-de-tornozelo-de-couro-vegano\/","name":"INTENSE - FETISH PUNHOS DE TORNOZELO DE COURO VEGANO - Lovme","isPartOf":{"@id":"https:\/\/lovme.pt\/#website"},"primaryImageOfPage":{"@id":"https:\/\/lovme.pt\/index.php\/produto\/intense-fetish-punhos-de-tornozelo-de-couro-vegano\/#primaryimage"},"image":{"@id":"https:\/\/lovme.pt\/index.php\/produto\/intense-fetish-punhos-de-tornozelo-de-couro-vegano\/#primaryimage"},"thumbnailUrl":"https:\/\/erki24nd3ub.exactdn.com\/wp-content\/uploads\/dream\/img\/img_151562_2f5483492ea49e6f3afc39df03d8aa91_1.png?strip=all","datePublished":"2025-09-30T22:48:08+00:00","dateModified":"2026-02-19T20:13:10+00:00","breadcrumb":{"@id":"https:\/\/lovme.pt\/index.php\/produto\/intense-fetish-punhos-de-tornozelo-de-couro-vegano\/#breadcrumb"},"inLanguage":"pt-PT","potentialAction":[{"@type":"ReadAction","target":["https:\/\/lovme.pt\/index.php\/produto\/intense-fetish-punhos-de-tornozelo-de-couro-vegano\/"]}]},{"@type":"ImageObject","inLanguage":"pt-PT","@id":"https:\/\/lovme.pt\/index.php\/produto\/intense-fetish-punhos-de-tornozelo-de-couro-vegano\/#primaryimage","url":"https:\/\/erki24nd3ub.exactdn.com\/wp-content\/uploads\/dream\/img\/img_151562_2f5483492ea49e6f3afc39df03d8aa91_1.png?strip=all","contentUrl":"https:\/\/erki24nd3ub.exactdn.com\/wp-content\/uploads\/dream\/img\/img_151562_2f5483492ea49e6f3afc39df03d8aa91_1.png?strip=all","width":800,"height":800},{"@type":"BreadcrumbList","@id":"https:\/\/lovme.pt\/index.php\/produto\/intense-fetish-punhos-de-tornozelo-de-couro-vegano\/#breadcrumb","itemListElement":[{"@type":"ListItem","position":1,"name":"In\u00edcio","item":"https:\/\/lovme.pt\/"},{"@type":"ListItem","position":2,"name":"Loja","item":"https:\/\/lovme.pt\/index.php\/loja\/"},{"@type":"ListItem","position":3,"name":"INTENSE &#8211; FETISH PUNHOS DE TORNOZELO DE COURO VEGANO"}]},{"@type":"WebSite","@id":"https:\/\/lovme.pt\/#website","url":"https:\/\/lovme.pt\/","name":"Lovme Loja Er\u00f3tica N\u00ba1 em Portugal","description":"A melhor loja er\u00f3tica de Portugal.","alternateName":"Loja Er\u00f3tica Lovme","potentialAction":[{"@type":"SearchAction","target":{"@type":"EntryPoint","urlTemplate":"https:\/\/lovme.pt\/?s={search_term_string}"},"query-input":{"@type":"PropertyValueSpecification","valueRequired":true,"valueName":"search_term_string"}}],"inLanguage":"pt-PT"}]}},"_links":{"self":[{"href":"https:\/\/lovme.pt\/index.php\/wp-json\/wp\/v2\/product\/44387","targetHints":{"allow":["GET"]}}],"collection":[{"href":"https:\/\/lovme.pt\/index.php\/wp-json\/wp\/v2\/product"}],"about":[{"href":"https:\/\/lovme.pt\/index.php\/wp-json\/wp\/v2\/types\/product"}],"wp:featuredmedia":[{"embeddable":true,"href":"https:\/\/lovme.pt\/index.php\/wp-json\/wp\/v2\/media\/81082"}],"wp:attachment":[{"href":"https:\/\/lovme.pt\/index.php\/wp-json\/wp\/v2\/media?parent=44387"}],"wp:term":[{"taxonomy":"product_brand","embeddable":true,"href":"https:\/\/lovme.pt\/index.php\/wp-json\/wp\/v2\/product_brand?post=44387"},{"taxonomy":"product_cat","embeddable":true,"href":"https:\/\/lovme.pt\/index.php\/wp-json\/wp\/v2\/product_cat?post=44387"},{"taxonomy":"product_tag","embeddable":true,"href":"https:\/\/lovme.pt\/index.php\/wp-json\/wp\/v2\/product_tag?post=44387"}],"curies":[{"name":"wp","href":"https:\/\/api.w.org\/{rel}","templated":true}]}}