{"id":44385,"date":"2025-09-30T22:34:00","date_gmt":"2025-09-30T22:34:00","guid":{"rendered":"https:\/\/lovme.pt\/?post_type=product&p=44385"},"modified":"2026-02-19T20:12:43","modified_gmt":"2026-02-19T20:12:43","slug":"intense-fetish-playset-erotico-2-com-algemas-mscara-cega-e-cocegas","status":"publish","type":"product","link":"https:\/\/lovme.pt\/index.php\/produto\/intense-fetish-playset-erotico-2-com-algemas-mscara-cega-e-cocegas\/","title":{"rendered":"INTENSE &#8211; FETISH PLAYSET ER\u00d3TICO 2 COM ALGEMAS, MSCARA CEGA E C\u00d3CEGAS"},"content":{"rendered":"<p>O conjunto er\u00f3tico <strong>INTENSE FETISH<\/strong> \u00e9 um conjunto cativante pensado para explorar as profundezas do prazer no mundo adulto. Este conjunto combina elementos essenciais de excita\u00e7\u00e3o e sensualidade: algemas, venda e c\u00f3cegas, todos confeccionados em couro vegano de alta qualidade.<\/p>\n<p>As algemas de couro vegano oferecem uma experi\u00eancia de conten\u00e7\u00e3o e submiss\u00e3o, permitindo que voc\u00ea se entregue ao jogo de poder com conforto e seguran\u00e7a. A venda acrescenta um toque de mist\u00e9rio e antecipa\u00e7\u00e3o, intensificando cada sensa\u00e7\u00e3o e permitindo-lhe mergulhar no mundo sensorial do prazer. O tickler de couro vegano adiciona um elemento de provoca\u00e7\u00e3o e excita\u00e7\u00e3o, permitindo que voc\u00ea explore jogos de domina\u00e7\u00e3o e submiss\u00e3o com intensidade e criatividade.<\/p>\n<p>Cada pe\u00e7a deste conjunto er\u00f3tico foi meticulosamente desenhada pela <strong>INTENSE FETISH<\/strong> para proporcionar uma experi\u00eancia sensual inesquec\u00edvel. A escolha do couro vegano n\u00e3o s\u00f3 garante uma alternativa \u00e9tica, mas tamb\u00e9m agrega uma est\u00e9tica elegante e sedutora.<\/p>\n<p>Quer esteja a descobrir novas formas de liga\u00e7\u00e3o \u00edntima ou a expandir os seus horizontes de prazer, o conjunto er\u00f3tico <strong>INTENSE FETISH<\/strong> convida-o a mergulhar num mundo de fantasia e desejo.<\/p>\n<p>\u00a0<\/p>\n<p><strong>FETICHE INTENSO<\/strong><\/p>\n<p>Bem-vindo ao emocionante mundo do <strong>INTENSE FETISH<\/strong> , onde os seus desejos mais profundos encontram express\u00e3o atrav\u00e9s de produtos concebidos para satisfazer as suas fantasias mais intensas. Somos uma marca que abra\u00e7a a diversidade e a paix\u00e3o, oferecendo uma vasta gama de artigos para adultos que convidam a explorar e experimentar sem limites.<\/p>\n","protected":false},"excerpt":{"rendered":"<p>INTENSE &#8211; FETISH PLAYSET ER\u00d3TICO 2 COM ALGEMAS, MSCARA CEGA E C\u00d3CEGAS<\/p>\n","protected":false},"featured_media":78886,"template":"","meta":{"_acf_changed":false},"product_brand":[],"product_cat":[48,65],"product_tag":[],"class_list":{"0":"post-44385","1":"product","2":"type-product","3":"status-publish","4":"has-post-thumbnail","6":"product_cat-bdsm","7":"product_cat-kits","8":"yith_product_brand-intense-fetish","10":"first","11":"instock","12":"taxable","13":"shipping-taxable","14":"purchasable","15":"product-type-simple"},"acf":[],"yoast_head":"<!-- This site is optimized with the Yoast SEO plugin v27.3 - https:\/\/yoast.com\/product\/yoast-seo-wordpress\/ -->\n<title>INTENSE - FETISH PLAYSET ER\u00d3TICO 2 COM ALGEMAS, MSCARA CEGA E C\u00d3CEGAS - Lovme<\/title>\n<meta name=\"robots\" content=\"index, follow, max-snippet:-1, max-image-preview:large, max-video-preview:-1\" \/>\n<link rel=\"canonical\" href=\"https:\/\/lovme.pt\/index.php\/produto\/intense-fetish-playset-erotico-2-com-algemas-mscara-cega-e-cocegas\/\" \/>\n<meta property=\"og:locale\" content=\"pt_PT\" \/>\n<meta property=\"og:type\" content=\"article\" \/>\n<meta property=\"og:title\" content=\"INTENSE - FETISH PLAYSET ER\u00d3TICO 2 COM ALGEMAS, MSCARA CEGA E C\u00d3CEGAS - Lovme\" \/>\n<meta property=\"og:description\" content=\"INTENSE - FETISH PLAYSET ER\u00d3TICO 2 COM ALGEMAS, MSCARA CEGA E C\u00d3CEGAS\" \/>\n<meta property=\"og:url\" content=\"https:\/\/lovme.pt\/index.php\/produto\/intense-fetish-playset-erotico-2-com-algemas-mscara-cega-e-cocegas\/\" \/>\n<meta property=\"og:site_name\" content=\"Lovme\" \/>\n<meta property=\"article:modified_time\" content=\"2026-02-19T20:12:43+00:00\" \/>\n<meta property=\"og:image\" content=\"https:\/\/erki24nd3ub.exactdn.com\/wp-content\/uploads\/dream\/img\/img_152792_f78805a1de8b2b05551c9d2750b6454e_1.png?strip=all\" \/>\n\t<meta property=\"og:image:width\" content=\"800\" \/>\n\t<meta property=\"og:image:height\" content=\"800\" \/>\n\t<meta property=\"og:image:type\" content=\"image\/png\" \/>\n<meta name=\"twitter:card\" content=\"summary_large_image\" \/>\n<meta name=\"twitter:label1\" content=\"Tempo estimado de leitura\" \/>\n\t<meta name=\"twitter:data1\" content=\"1 minuto\" \/>\n<script type=\"application\/ld+json\" class=\"yoast-schema-graph\">{\"@context\":\"https:\\\/\\\/schema.org\",\"@graph\":[{\"@type\":\"WebPage\",\"@id\":\"https:\\\/\\\/lovme.pt\\\/index.php\\\/produto\\\/intense-fetish-playset-erotico-2-com-algemas-mscara-cega-e-cocegas\\\/\",\"url\":\"https:\\\/\\\/lovme.pt\\\/index.php\\\/produto\\\/intense-fetish-playset-erotico-2-com-algemas-mscara-cega-e-cocegas\\\/\",\"name\":\"INTENSE - FETISH PLAYSET ER\u00d3TICO 2 COM ALGEMAS, MSCARA CEGA E C\u00d3CEGAS - Lovme\",\"isPartOf\":{\"@id\":\"https:\\\/\\\/lovme.pt\\\/#website\"},\"primaryImageOfPage\":{\"@id\":\"https:\\\/\\\/lovme.pt\\\/index.php\\\/produto\\\/intense-fetish-playset-erotico-2-com-algemas-mscara-cega-e-cocegas\\\/#primaryimage\"},\"image\":{\"@id\":\"https:\\\/\\\/lovme.pt\\\/index.php\\\/produto\\\/intense-fetish-playset-erotico-2-com-algemas-mscara-cega-e-cocegas\\\/#primaryimage\"},\"thumbnailUrl\":\"https:\\\/\\\/erki24nd3ub.exactdn.com\\\/wp-content\\\/uploads\\\/dream\\\/img\\\/img_152792_f78805a1de8b2b05551c9d2750b6454e_1.png?strip=all\",\"datePublished\":\"2025-09-30T22:34:00+00:00\",\"dateModified\":\"2026-02-19T20:12:43+00:00\",\"breadcrumb\":{\"@id\":\"https:\\\/\\\/lovme.pt\\\/index.php\\\/produto\\\/intense-fetish-playset-erotico-2-com-algemas-mscara-cega-e-cocegas\\\/#breadcrumb\"},\"inLanguage\":\"pt-PT\",\"potentialAction\":[{\"@type\":\"ReadAction\",\"target\":[\"https:\\\/\\\/lovme.pt\\\/index.php\\\/produto\\\/intense-fetish-playset-erotico-2-com-algemas-mscara-cega-e-cocegas\\\/\"]}]},{\"@type\":\"ImageObject\",\"inLanguage\":\"pt-PT\",\"@id\":\"https:\\\/\\\/lovme.pt\\\/index.php\\\/produto\\\/intense-fetish-playset-erotico-2-com-algemas-mscara-cega-e-cocegas\\\/#primaryimage\",\"url\":\"https:\\\/\\\/erki24nd3ub.exactdn.com\\\/wp-content\\\/uploads\\\/dream\\\/img\\\/img_152792_f78805a1de8b2b05551c9d2750b6454e_1.png?strip=all\",\"contentUrl\":\"https:\\\/\\\/erki24nd3ub.exactdn.com\\\/wp-content\\\/uploads\\\/dream\\\/img\\\/img_152792_f78805a1de8b2b05551c9d2750b6454e_1.png?strip=all\",\"width\":800,\"height\":800},{\"@type\":\"BreadcrumbList\",\"@id\":\"https:\\\/\\\/lovme.pt\\\/index.php\\\/produto\\\/intense-fetish-playset-erotico-2-com-algemas-mscara-cega-e-cocegas\\\/#breadcrumb\",\"itemListElement\":[{\"@type\":\"ListItem\",\"position\":1,\"name\":\"In\u00edcio\",\"item\":\"https:\\\/\\\/lovme.pt\\\/\"},{\"@type\":\"ListItem\",\"position\":2,\"name\":\"Loja\",\"item\":\"https:\\\/\\\/lovme.pt\\\/index.php\\\/loja\\\/\"},{\"@type\":\"ListItem\",\"position\":3,\"name\":\"INTENSE &#8211; FETISH PLAYSET ER\u00d3TICO 2 COM ALGEMAS, MSCARA CEGA E C\u00d3CEGAS\"}]},{\"@type\":\"WebSite\",\"@id\":\"https:\\\/\\\/lovme.pt\\\/#website\",\"url\":\"https:\\\/\\\/lovme.pt\\\/\",\"name\":\"Lovme Loja Er\u00f3tica N\u00ba1 em Portugal\",\"description\":\"A melhor loja er\u00f3tica de Portugal.\",\"alternateName\":\"Loja Er\u00f3tica Lovme\",\"potentialAction\":[{\"@type\":\"SearchAction\",\"target\":{\"@type\":\"EntryPoint\",\"urlTemplate\":\"https:\\\/\\\/lovme.pt\\\/?s={search_term_string}\"},\"query-input\":{\"@type\":\"PropertyValueSpecification\",\"valueRequired\":true,\"valueName\":\"search_term_string\"}}],\"inLanguage\":\"pt-PT\"}]}<\/script>\n<!-- \/ Yoast SEO plugin. -->","yoast_head_json":{"title":"INTENSE - FETISH PLAYSET ER\u00d3TICO 2 COM ALGEMAS, MSCARA CEGA E C\u00d3CEGAS - Lovme","robots":{"index":"index","follow":"follow","max-snippet":"max-snippet:-1","max-image-preview":"max-image-preview:large","max-video-preview":"max-video-preview:-1"},"canonical":"https:\/\/lovme.pt\/index.php\/produto\/intense-fetish-playset-erotico-2-com-algemas-mscara-cega-e-cocegas\/","og_locale":"pt_PT","og_type":"article","og_title":"INTENSE - FETISH PLAYSET ER\u00d3TICO 2 COM ALGEMAS, MSCARA CEGA E C\u00d3CEGAS - Lovme","og_description":"INTENSE - FETISH PLAYSET ER\u00d3TICO 2 COM ALGEMAS, MSCARA CEGA E C\u00d3CEGAS","og_url":"https:\/\/lovme.pt\/index.php\/produto\/intense-fetish-playset-erotico-2-com-algemas-mscara-cega-e-cocegas\/","og_site_name":"Lovme","article_modified_time":"2026-02-19T20:12:43+00:00","og_image":[{"width":800,"height":800,"url":"https:\/\/erki24nd3ub.exactdn.com\/wp-content\/uploads\/dream\/img\/img_152792_f78805a1de8b2b05551c9d2750b6454e_1.png?strip=all","type":"image\/png"}],"twitter_card":"summary_large_image","twitter_misc":{"Tempo estimado de leitura":"1 minuto"},"schema":{"@context":"https:\/\/schema.org","@graph":[{"@type":"WebPage","@id":"https:\/\/lovme.pt\/index.php\/produto\/intense-fetish-playset-erotico-2-com-algemas-mscara-cega-e-cocegas\/","url":"https:\/\/lovme.pt\/index.php\/produto\/intense-fetish-playset-erotico-2-com-algemas-mscara-cega-e-cocegas\/","name":"INTENSE - FETISH PLAYSET ER\u00d3TICO 2 COM ALGEMAS, MSCARA CEGA E C\u00d3CEGAS - Lovme","isPartOf":{"@id":"https:\/\/lovme.pt\/#website"},"primaryImageOfPage":{"@id":"https:\/\/lovme.pt\/index.php\/produto\/intense-fetish-playset-erotico-2-com-algemas-mscara-cega-e-cocegas\/#primaryimage"},"image":{"@id":"https:\/\/lovme.pt\/index.php\/produto\/intense-fetish-playset-erotico-2-com-algemas-mscara-cega-e-cocegas\/#primaryimage"},"thumbnailUrl":"https:\/\/erki24nd3ub.exactdn.com\/wp-content\/uploads\/dream\/img\/img_152792_f78805a1de8b2b05551c9d2750b6454e_1.png?strip=all","datePublished":"2025-09-30T22:34:00+00:00","dateModified":"2026-02-19T20:12:43+00:00","breadcrumb":{"@id":"https:\/\/lovme.pt\/index.php\/produto\/intense-fetish-playset-erotico-2-com-algemas-mscara-cega-e-cocegas\/#breadcrumb"},"inLanguage":"pt-PT","potentialAction":[{"@type":"ReadAction","target":["https:\/\/lovme.pt\/index.php\/produto\/intense-fetish-playset-erotico-2-com-algemas-mscara-cega-e-cocegas\/"]}]},{"@type":"ImageObject","inLanguage":"pt-PT","@id":"https:\/\/lovme.pt\/index.php\/produto\/intense-fetish-playset-erotico-2-com-algemas-mscara-cega-e-cocegas\/#primaryimage","url":"https:\/\/erki24nd3ub.exactdn.com\/wp-content\/uploads\/dream\/img\/img_152792_f78805a1de8b2b05551c9d2750b6454e_1.png?strip=all","contentUrl":"https:\/\/erki24nd3ub.exactdn.com\/wp-content\/uploads\/dream\/img\/img_152792_f78805a1de8b2b05551c9d2750b6454e_1.png?strip=all","width":800,"height":800},{"@type":"BreadcrumbList","@id":"https:\/\/lovme.pt\/index.php\/produto\/intense-fetish-playset-erotico-2-com-algemas-mscara-cega-e-cocegas\/#breadcrumb","itemListElement":[{"@type":"ListItem","position":1,"name":"In\u00edcio","item":"https:\/\/lovme.pt\/"},{"@type":"ListItem","position":2,"name":"Loja","item":"https:\/\/lovme.pt\/index.php\/loja\/"},{"@type":"ListItem","position":3,"name":"INTENSE &#8211; FETISH PLAYSET ER\u00d3TICO 2 COM ALGEMAS, MSCARA CEGA E C\u00d3CEGAS"}]},{"@type":"WebSite","@id":"https:\/\/lovme.pt\/#website","url":"https:\/\/lovme.pt\/","name":"Lovme Loja Er\u00f3tica N\u00ba1 em Portugal","description":"A melhor loja er\u00f3tica de Portugal.","alternateName":"Loja Er\u00f3tica Lovme","potentialAction":[{"@type":"SearchAction","target":{"@type":"EntryPoint","urlTemplate":"https:\/\/lovme.pt\/?s={search_term_string}"},"query-input":{"@type":"PropertyValueSpecification","valueRequired":true,"valueName":"search_term_string"}}],"inLanguage":"pt-PT"}]}},"_links":{"self":[{"href":"https:\/\/lovme.pt\/index.php\/wp-json\/wp\/v2\/product\/44385","targetHints":{"allow":["GET"]}}],"collection":[{"href":"https:\/\/lovme.pt\/index.php\/wp-json\/wp\/v2\/product"}],"about":[{"href":"https:\/\/lovme.pt\/index.php\/wp-json\/wp\/v2\/types\/product"}],"wp:featuredmedia":[{"embeddable":true,"href":"https:\/\/lovme.pt\/index.php\/wp-json\/wp\/v2\/media\/78886"}],"wp:attachment":[{"href":"https:\/\/lovme.pt\/index.php\/wp-json\/wp\/v2\/media?parent=44385"}],"wp:term":[{"taxonomy":"product_brand","embeddable":true,"href":"https:\/\/lovme.pt\/index.php\/wp-json\/wp\/v2\/product_brand?post=44385"},{"taxonomy":"product_cat","embeddable":true,"href":"https:\/\/lovme.pt\/index.php\/wp-json\/wp\/v2\/product_cat?post=44385"},{"taxonomy":"product_tag","embeddable":true,"href":"https:\/\/lovme.pt\/index.php\/wp-json\/wp\/v2\/product_tag?post=44385"}],"curies":[{"name":"wp","href":"https:\/\/api.w.org\/{rel}","templated":true}]}}