{"id":44380,"date":"2025-09-30T22:33:53","date_gmt":"2025-09-30T22:33:53","guid":{"rendered":"https:\/\/lovme.pt\/?post_type=product&p=44380"},"modified":"2026-02-19T20:12:42","modified_gmt":"2026-02-19T20:12:42","slug":"intense-fetish-mordaa-de-bola-de-couro-vegano","status":"publish","type":"product","link":"https:\/\/lovme.pt\/index.php\/produto\/intense-fetish-mordaa-de-bola-de-couro-vegano\/","title":{"rendered":"INTENSE &#8211; FETISH MORDAA DE BOLA DE COURO VEGANO"},"content":{"rendered":"<p>Apresentando nosso inovador focinho de couro vegano, uma mistura perfeita de funcionalidade, estilo e \u00e9tica. Projetado para garantir a seguran\u00e7a e o conforto do seu animal de estima\u00e7\u00e3o, alinhado aos princ\u00edpios de sustentabilidade. Este focinho foi meticulosamente confeccionado com materiais de alta qualidade que reproduzem perfeitamente a apar\u00eancia e durabilidade do couro genu\u00edno, tudo de forma animal e ecol\u00f3gica.<\/p>\n<p><strong>Caracter\u00edsticas principais:<\/strong><\/p>\n<ul>\n<li><strong>Couro Vegano Premium:<\/strong> Nosso focinho \u00e9 feito com couro vegano premium. Esta escolha garante n\u00e3o s\u00f3 resili\u00eancia e durabilidade, mas tamb\u00e9m o bem-estar animal e a preserva\u00e7\u00e3o do ambiente natural.<\/li>\n<li><strong>Design seguro e confort\u00e1vel:<\/strong> Projetamos este focinho pensando na seguran\u00e7a e no conforto do seu animal de estima\u00e7\u00e3o. O ajuste ergon\u00f4mico ajusta-se com precis\u00e3o e seguran\u00e7a, permitindo que seu amigo peludo respire e beba confortavelmente.<\/li>\n<li><strong>Ajuste personaliz\u00e1vel:<\/strong> Gra\u00e7as \u00e0 sua al\u00e7a ajust\u00e1vel, voc\u00ea pode adaptar o focinho ao tamanho e formato da cabe\u00e7a do seu animal de estima\u00e7\u00e3o, garantindo um ajuste perfeito e evitando poss\u00edveis desconfortos.<\/li>\n<li><strong>Forro Macio:<\/strong> O interior do focinho \u00e9 forrado com um material macio e confort\u00e1vel que evita atritos, garantindo que seu animal de estima\u00e7\u00e3o possa us\u00e1-lo por longos per\u00edodos sem desconforto.<\/li>\n<li><strong>Design Elegante:<\/strong> Al\u00e9m da funcionalidade, nosso focinho oferece um toque de estilo. Seu design elegante e sofisticado complementa a apar\u00eancia do seu animal de estima\u00e7\u00e3o, garantindo sua seguran\u00e7a.<\/li>\n<li><strong>F\u00e1cil de limpar:<\/strong> Ao contr\u00e1rio do couro convencional, o couro vegano \u00e9 resistente \u00e0 \u00e1gua e f\u00e1cil de limpar. Um pano \u00famido \u00e9 suficiente para mant\u00ea-lo em estado impec\u00e1vel.<\/li>\n<\/ul>\n<p>Priorize a seguran\u00e7a e o bem-estar do seu animal de estima\u00e7\u00e3o com nossa focinheira de couro vegano. Transforme cada passeio numa experi\u00eancia agrad\u00e1vel e respons\u00e1vel, demonstrando o seu compromisso tanto com o seu amigo peludo como com o meio ambiente.<\/p>\n<p>\u00a0<\/p>\n<p><strong>FETICHE INTENSO<\/strong><\/p>\n<p>Bem-vindo ao emocionante mundo do <strong>INTENSE FETISH<\/strong> , onde os seus desejos mais profundos encontram express\u00e3o atrav\u00e9s de produtos concebidos para satisfazer as suas fantasias mais intensas. Somos uma marca que abra\u00e7a a diversidade e a paix\u00e3o, oferecendo uma vasta gama de artigos para adultos que convidam a explorar e experimentar sem limites.<\/p>\n","protected":false},"excerpt":{"rendered":"<p>INTENSE &#8211; FETISH MORDAA DE BOLA DE COURO VEGANO<\/p>\n","protected":false},"featured_media":78866,"template":"","meta":{"_acf_changed":false},"product_brand":[],"product_cat":[48],"product_tag":[],"class_list":{"0":"post-44380","1":"product","2":"type-product","3":"status-publish","4":"has-post-thumbnail","6":"product_cat-bdsm","7":"yith_product_brand-intense-fetish","9":"first","10":"instock","11":"taxable","12":"shipping-taxable","13":"purchasable","14":"product-type-simple"},"acf":[],"yoast_head":"<!-- This site is optimized with the Yoast SEO plugin v27.3 - https:\/\/yoast.com\/product\/yoast-seo-wordpress\/ -->\n<title>INTENSE - FETISH MORDAA DE BOLA DE COURO VEGANO - Lovme<\/title>\n<meta name=\"robots\" content=\"index, follow, max-snippet:-1, max-image-preview:large, max-video-preview:-1\" \/>\n<link rel=\"canonical\" href=\"https:\/\/lovme.pt\/index.php\/produto\/intense-fetish-mordaa-de-bola-de-couro-vegano\/\" \/>\n<meta property=\"og:locale\" content=\"pt_PT\" \/>\n<meta property=\"og:type\" content=\"article\" \/>\n<meta property=\"og:title\" content=\"INTENSE - FETISH MORDAA DE BOLA DE COURO VEGANO - Lovme\" \/>\n<meta property=\"og:description\" content=\"INTENSE - FETISH MORDAA DE BOLA DE COURO VEGANO\" \/>\n<meta property=\"og:url\" content=\"https:\/\/lovme.pt\/index.php\/produto\/intense-fetish-mordaa-de-bola-de-couro-vegano\/\" \/>\n<meta property=\"og:site_name\" content=\"Lovme\" \/>\n<meta property=\"article:modified_time\" content=\"2026-02-19T20:12:42+00:00\" \/>\n<meta property=\"og:image\" content=\"https:\/\/erki24nd3ub.exactdn.com\/wp-content\/uploads\/dream\/img\/img_151530_3f73340dad97282a7cfc5a2be17c5736_1.png?strip=all\" \/>\n\t<meta property=\"og:image:width\" content=\"800\" \/>\n\t<meta property=\"og:image:height\" content=\"800\" \/>\n\t<meta property=\"og:image:type\" content=\"image\/png\" \/>\n<meta name=\"twitter:card\" content=\"summary_large_image\" \/>\n<meta name=\"twitter:label1\" content=\"Tempo estimado de leitura\" \/>\n\t<meta name=\"twitter:data1\" content=\"2 minutos\" \/>\n<script type=\"application\/ld+json\" class=\"yoast-schema-graph\">{\"@context\":\"https:\\\/\\\/schema.org\",\"@graph\":[{\"@type\":\"WebPage\",\"@id\":\"https:\\\/\\\/lovme.pt\\\/index.php\\\/produto\\\/intense-fetish-mordaa-de-bola-de-couro-vegano\\\/\",\"url\":\"https:\\\/\\\/lovme.pt\\\/index.php\\\/produto\\\/intense-fetish-mordaa-de-bola-de-couro-vegano\\\/\",\"name\":\"INTENSE - FETISH MORDAA DE BOLA DE COURO VEGANO - Lovme\",\"isPartOf\":{\"@id\":\"https:\\\/\\\/lovme.pt\\\/#website\"},\"primaryImageOfPage\":{\"@id\":\"https:\\\/\\\/lovme.pt\\\/index.php\\\/produto\\\/intense-fetish-mordaa-de-bola-de-couro-vegano\\\/#primaryimage\"},\"image\":{\"@id\":\"https:\\\/\\\/lovme.pt\\\/index.php\\\/produto\\\/intense-fetish-mordaa-de-bola-de-couro-vegano\\\/#primaryimage\"},\"thumbnailUrl\":\"https:\\\/\\\/erki24nd3ub.exactdn.com\\\/wp-content\\\/uploads\\\/dream\\\/img\\\/img_151530_3f73340dad97282a7cfc5a2be17c5736_1.png?strip=all\",\"datePublished\":\"2025-09-30T22:33:53+00:00\",\"dateModified\":\"2026-02-19T20:12:42+00:00\",\"breadcrumb\":{\"@id\":\"https:\\\/\\\/lovme.pt\\\/index.php\\\/produto\\\/intense-fetish-mordaa-de-bola-de-couro-vegano\\\/#breadcrumb\"},\"inLanguage\":\"pt-PT\",\"potentialAction\":[{\"@type\":\"ReadAction\",\"target\":[\"https:\\\/\\\/lovme.pt\\\/index.php\\\/produto\\\/intense-fetish-mordaa-de-bola-de-couro-vegano\\\/\"]}]},{\"@type\":\"ImageObject\",\"inLanguage\":\"pt-PT\",\"@id\":\"https:\\\/\\\/lovme.pt\\\/index.php\\\/produto\\\/intense-fetish-mordaa-de-bola-de-couro-vegano\\\/#primaryimage\",\"url\":\"https:\\\/\\\/erki24nd3ub.exactdn.com\\\/wp-content\\\/uploads\\\/dream\\\/img\\\/img_151530_3f73340dad97282a7cfc5a2be17c5736_1.png?strip=all\",\"contentUrl\":\"https:\\\/\\\/erki24nd3ub.exactdn.com\\\/wp-content\\\/uploads\\\/dream\\\/img\\\/img_151530_3f73340dad97282a7cfc5a2be17c5736_1.png?strip=all\",\"width\":800,\"height\":800},{\"@type\":\"BreadcrumbList\",\"@id\":\"https:\\\/\\\/lovme.pt\\\/index.php\\\/produto\\\/intense-fetish-mordaa-de-bola-de-couro-vegano\\\/#breadcrumb\",\"itemListElement\":[{\"@type\":\"ListItem\",\"position\":1,\"name\":\"In\u00edcio\",\"item\":\"https:\\\/\\\/lovme.pt\\\/\"},{\"@type\":\"ListItem\",\"position\":2,\"name\":\"Loja\",\"item\":\"https:\\\/\\\/lovme.pt\\\/index.php\\\/loja\\\/\"},{\"@type\":\"ListItem\",\"position\":3,\"name\":\"INTENSE &#8211; FETISH MORDAA DE BOLA DE COURO VEGANO\"}]},{\"@type\":\"WebSite\",\"@id\":\"https:\\\/\\\/lovme.pt\\\/#website\",\"url\":\"https:\\\/\\\/lovme.pt\\\/\",\"name\":\"Lovme Loja Er\u00f3tica N\u00ba1 em Portugal\",\"description\":\"A melhor loja er\u00f3tica de Portugal.\",\"alternateName\":\"Loja Er\u00f3tica Lovme\",\"potentialAction\":[{\"@type\":\"SearchAction\",\"target\":{\"@type\":\"EntryPoint\",\"urlTemplate\":\"https:\\\/\\\/lovme.pt\\\/?s={search_term_string}\"},\"query-input\":{\"@type\":\"PropertyValueSpecification\",\"valueRequired\":true,\"valueName\":\"search_term_string\"}}],\"inLanguage\":\"pt-PT\"}]}<\/script>\n<!-- \/ Yoast SEO plugin. -->","yoast_head_json":{"title":"INTENSE - FETISH MORDAA DE BOLA DE COURO VEGANO - Lovme","robots":{"index":"index","follow":"follow","max-snippet":"max-snippet:-1","max-image-preview":"max-image-preview:large","max-video-preview":"max-video-preview:-1"},"canonical":"https:\/\/lovme.pt\/index.php\/produto\/intense-fetish-mordaa-de-bola-de-couro-vegano\/","og_locale":"pt_PT","og_type":"article","og_title":"INTENSE - FETISH MORDAA DE BOLA DE COURO VEGANO - Lovme","og_description":"INTENSE - FETISH MORDAA DE BOLA DE COURO VEGANO","og_url":"https:\/\/lovme.pt\/index.php\/produto\/intense-fetish-mordaa-de-bola-de-couro-vegano\/","og_site_name":"Lovme","article_modified_time":"2026-02-19T20:12:42+00:00","og_image":[{"width":800,"height":800,"url":"https:\/\/erki24nd3ub.exactdn.com\/wp-content\/uploads\/dream\/img\/img_151530_3f73340dad97282a7cfc5a2be17c5736_1.png?strip=all","type":"image\/png"}],"twitter_card":"summary_large_image","twitter_misc":{"Tempo estimado de leitura":"2 minutos"},"schema":{"@context":"https:\/\/schema.org","@graph":[{"@type":"WebPage","@id":"https:\/\/lovme.pt\/index.php\/produto\/intense-fetish-mordaa-de-bola-de-couro-vegano\/","url":"https:\/\/lovme.pt\/index.php\/produto\/intense-fetish-mordaa-de-bola-de-couro-vegano\/","name":"INTENSE - FETISH MORDAA DE BOLA DE COURO VEGANO - Lovme","isPartOf":{"@id":"https:\/\/lovme.pt\/#website"},"primaryImageOfPage":{"@id":"https:\/\/lovme.pt\/index.php\/produto\/intense-fetish-mordaa-de-bola-de-couro-vegano\/#primaryimage"},"image":{"@id":"https:\/\/lovme.pt\/index.php\/produto\/intense-fetish-mordaa-de-bola-de-couro-vegano\/#primaryimage"},"thumbnailUrl":"https:\/\/erki24nd3ub.exactdn.com\/wp-content\/uploads\/dream\/img\/img_151530_3f73340dad97282a7cfc5a2be17c5736_1.png?strip=all","datePublished":"2025-09-30T22:33:53+00:00","dateModified":"2026-02-19T20:12:42+00:00","breadcrumb":{"@id":"https:\/\/lovme.pt\/index.php\/produto\/intense-fetish-mordaa-de-bola-de-couro-vegano\/#breadcrumb"},"inLanguage":"pt-PT","potentialAction":[{"@type":"ReadAction","target":["https:\/\/lovme.pt\/index.php\/produto\/intense-fetish-mordaa-de-bola-de-couro-vegano\/"]}]},{"@type":"ImageObject","inLanguage":"pt-PT","@id":"https:\/\/lovme.pt\/index.php\/produto\/intense-fetish-mordaa-de-bola-de-couro-vegano\/#primaryimage","url":"https:\/\/erki24nd3ub.exactdn.com\/wp-content\/uploads\/dream\/img\/img_151530_3f73340dad97282a7cfc5a2be17c5736_1.png?strip=all","contentUrl":"https:\/\/erki24nd3ub.exactdn.com\/wp-content\/uploads\/dream\/img\/img_151530_3f73340dad97282a7cfc5a2be17c5736_1.png?strip=all","width":800,"height":800},{"@type":"BreadcrumbList","@id":"https:\/\/lovme.pt\/index.php\/produto\/intense-fetish-mordaa-de-bola-de-couro-vegano\/#breadcrumb","itemListElement":[{"@type":"ListItem","position":1,"name":"In\u00edcio","item":"https:\/\/lovme.pt\/"},{"@type":"ListItem","position":2,"name":"Loja","item":"https:\/\/lovme.pt\/index.php\/loja\/"},{"@type":"ListItem","position":3,"name":"INTENSE &#8211; FETISH MORDAA DE BOLA DE COURO VEGANO"}]},{"@type":"WebSite","@id":"https:\/\/lovme.pt\/#website","url":"https:\/\/lovme.pt\/","name":"Lovme Loja Er\u00f3tica N\u00ba1 em Portugal","description":"A melhor loja er\u00f3tica de Portugal.","alternateName":"Loja Er\u00f3tica Lovme","potentialAction":[{"@type":"SearchAction","target":{"@type":"EntryPoint","urlTemplate":"https:\/\/lovme.pt\/?s={search_term_string}"},"query-input":{"@type":"PropertyValueSpecification","valueRequired":true,"valueName":"search_term_string"}}],"inLanguage":"pt-PT"}]}},"_links":{"self":[{"href":"https:\/\/lovme.pt\/index.php\/wp-json\/wp\/v2\/product\/44380","targetHints":{"allow":["GET"]}}],"collection":[{"href":"https:\/\/lovme.pt\/index.php\/wp-json\/wp\/v2\/product"}],"about":[{"href":"https:\/\/lovme.pt\/index.php\/wp-json\/wp\/v2\/types\/product"}],"wp:featuredmedia":[{"embeddable":true,"href":"https:\/\/lovme.pt\/index.php\/wp-json\/wp\/v2\/media\/78866"}],"wp:attachment":[{"href":"https:\/\/lovme.pt\/index.php\/wp-json\/wp\/v2\/media?parent=44380"}],"wp:term":[{"taxonomy":"product_brand","embeddable":true,"href":"https:\/\/lovme.pt\/index.php\/wp-json\/wp\/v2\/product_brand?post=44380"},{"taxonomy":"product_cat","embeddable":true,"href":"https:\/\/lovme.pt\/index.php\/wp-json\/wp\/v2\/product_cat?post=44380"},{"taxonomy":"product_tag","embeddable":true,"href":"https:\/\/lovme.pt\/index.php\/wp-json\/wp\/v2\/product_tag?post=44380"}],"curies":[{"name":"wp","href":"https:\/\/api.w.org\/{rel}","templated":true}]}}