{"id":44167,"date":"2025-09-30T09:57:24","date_gmt":"2025-09-30T09:57:24","guid":{"rendered":"https:\/\/lovme.pt\/?post_type=product&p=44167"},"modified":"2026-05-13T16:37:32","modified_gmt":"2026-05-13T16:37:32","slug":"pipedreams-arnes-de-corpo-de-doca","status":"publish","type":"product","link":"https:\/\/lovme.pt\/index.php\/produto\/pipedreams-arnes-de-corpo-de-doca\/","title":{"rendered":"PIPEDREAMS &#8211; ARN\u00caS DE CORPO DE DOCA"},"content":{"rendered":"<p><strong>Sem An\u00e9is. Sem Snaps. Sem complica\u00e7\u00f5es!<\/strong><\/p>\n<p><strong>PUSH-AND-PLAY Design patenteado de suc\u00e7\u00e3o poderosa!<\/strong><\/p>\n<p>Todo mundo adora uma boa lap dance, mas voc\u00ea n\u00e3o gostaria de ir mais longe \u00e0s vezes? Bem, agora voc\u00ea pode com o patenteado Body Dock Lap Strap! Possui uma placa de encaixe de silicone premium e fivelas de libera\u00e7\u00e3o lateral ajust\u00e1veis, para que voc\u00ea possa us\u00e1-lo confortavelmente em torno de sua perna\/coxa enquanto seu parceiro lhe d\u00e1 a lap dance mais sexy de todos os tempos. Mudar seu acess\u00f3rio favorito nunca foi t\u00e3o r\u00e1pido ou f\u00e1cil! \u00c9 t\u00e3o simples quanto prender a ventosa do seu vibrador ou vibrador favorito \u00e0 placa de encaixe, enquanto as tiras de n\u00e1ilon se ajustam facilmente para caber na maioria dos tamanhos e tipos de corpo. O melhor de tudo, ele funciona com a maioria dos dildos no mercado hoje, incluindo alguns que voc\u00ea j\u00e1 possui. Sem an\u00e9is. Sem estalos. Sem problemas!<\/p>\n<p><strong>Design patenteado baseado em suc\u00e7\u00e3o<\/strong><\/p>\n<p>Empurre e jogue! Basta empurrar a ventosa do seu vibrador ou vibrador favorito contra a base de suc\u00e7\u00e3o c\u00f4ncava at\u00e9 que TODO o ar entre eles seja liberado! A suc\u00e7\u00e3o cria uma liga\u00e7\u00e3o super forte sem necessidade de an\u00e9is ou encaixes!<\/p>\n<p><strong>Quais s\u00e3o os benef\u00edcios de um arn\u00eas de cinta de coxa?<\/strong><\/p>\n<ul>\n<li>\u00d3timo para jogo solo ou parceiro!<\/li>\n<li>Projetado para ser usado em qualquer posi\u00e7\u00e3o na perna\/coxa para que voc\u00ea possa penetrar seu parceiro em posi\u00e7\u00f5es que voc\u00ea s\u00f3 sonhou!<\/li>\n<li>Ambos os parceiros podem usar um para penetrar um ao outro ao mesmo tempo Apenas um arn\u00eas inclu\u00eddo<\/li>\n<li>Pode ser amarrado a travesseiros ou almofadas para sess\u00f5es solo quentes<\/li>\n<li>Grande ajuda para pessoas com problemas de mobilidade<\/li>\n<\/ul>\n<p><strong>Informa\u00e7\u00e3o extra<\/strong><\/p>\n<ul>\n<li>O sistema de arn\u00eas de coxa mais f\u00e1cil do mercado!<\/li>\n<li>Acomoda qualquer vibrador com um di\u00e2metro de ventosa de 3,4 pol. 8,6 cm ou menor<\/li>\n<li>A placa de corpo de silicone ajustada \u00e0 forma se adapta \u00e0s curvas do seu corpo<\/li>\n<li>Al\u00e7as de nylon resistentes e fivelas ajust\u00e1veis<\/li>\n<li>Ajusta-se facilmente para caber nas circunfer\u00eancias das pernas ou coxas de at\u00e9 30 pol. 76,2 cm<\/li>\n<\/ul>\n<p>Nos \u00faltimos 20 anos, a Pipedream Products criou e desenvolveu alguns dos produtos inovadores mais vendidos no mundo. Entre esses produtos est\u00e3o brinquedos e vibra\u00e7\u00f5es realistas, mas tamb\u00e9m uma ampla variedade de piadas, lo\u00e7\u00f5es, acess\u00f3rios fetichistas e presentes.<\/p>\n<p>\u00a0<\/p>\n","protected":false},"excerpt":{"rendered":"<p>PIPEDREAMS &#8211; ARN\u00caS DE CORPO DE DOCA<\/p>\n","protected":false},"featured_media":59908,"template":"","meta":{"_acf_changed":false},"product_brand":[],"product_cat":[17,56],"product_tag":[],"class_list":{"0":"post-44167","1":"product","2":"type-product","3":"status-publish","4":"has-post-thumbnail","6":"product_cat-brinquedos-de-bem-estar-sexual","7":"product_cat-dildos-e-arneses","8":"yith_product_brand-pipedreams","10":"first","11":"outofstock","12":"taxable","13":"shipping-taxable","14":"purchasable","15":"product-type-simple"},"acf":[],"yoast_head":"<!-- This site is optimized with the Yoast SEO plugin v27.4 - https:\/\/yoast.com\/product\/yoast-seo-wordpress\/ -->\n<title>PIPEDREAMS - ARN\u00caS DE CORPO DE DOCA - Lovme<\/title>\n<meta name=\"robots\" content=\"index, follow, max-snippet:-1, max-image-preview:large, max-video-preview:-1\" \/>\n<link rel=\"canonical\" href=\"https:\/\/lovme.pt\/index.php\/produto\/pipedreams-arnes-de-corpo-de-doca\/\" \/>\n<meta property=\"og:locale\" content=\"pt_PT\" \/>\n<meta property=\"og:type\" content=\"article\" \/>\n<meta property=\"og:title\" content=\"PIPEDREAMS - ARN\u00caS DE CORPO DE DOCA - Lovme\" \/>\n<meta property=\"og:description\" content=\"PIPEDREAMS - ARN\u00caS DE CORPO DE DOCA\" \/>\n<meta property=\"og:url\" content=\"https:\/\/lovme.pt\/index.php\/produto\/pipedreams-arnes-de-corpo-de-doca\/\" \/>\n<meta property=\"og:site_name\" content=\"Lovme\" \/>\n<meta property=\"article:modified_time\" content=\"2026-05-13T16:37:32+00:00\" \/>\n<meta property=\"og:image\" content=\"https:\/\/erki24nd3ub.exactdn.com\/wp-content\/uploads\/dream\/img\/img_150288_cd5b79bc0c9e10443f609a93162d6480_1.jpg?strip=all\" \/>\n\t<meta property=\"og:image:width\" content=\"800\" \/>\n\t<meta property=\"og:image:height\" content=\"800\" \/>\n\t<meta property=\"og:image:type\" content=\"image\/jpeg\" \/>\n<meta name=\"twitter:card\" content=\"summary_large_image\" \/>\n<meta name=\"twitter:label1\" content=\"Tempo estimado de leitura\" \/>\n\t<meta name=\"twitter:data1\" content=\"2 minutos\" \/>\n<script type=\"application\/ld+json\" class=\"yoast-schema-graph\">{\"@context\":\"https:\\\/\\\/schema.org\",\"@graph\":[{\"@type\":\"WebPage\",\"@id\":\"https:\\\/\\\/lovme.pt\\\/index.php\\\/produto\\\/pipedreams-arnes-de-corpo-de-doca\\\/\",\"url\":\"https:\\\/\\\/lovme.pt\\\/index.php\\\/produto\\\/pipedreams-arnes-de-corpo-de-doca\\\/\",\"name\":\"PIPEDREAMS - ARN\u00caS DE CORPO DE DOCA - Lovme\",\"isPartOf\":{\"@id\":\"https:\\\/\\\/lovme.pt\\\/#website\"},\"primaryImageOfPage\":{\"@id\":\"https:\\\/\\\/lovme.pt\\\/index.php\\\/produto\\\/pipedreams-arnes-de-corpo-de-doca\\\/#primaryimage\"},\"image\":{\"@id\":\"https:\\\/\\\/lovme.pt\\\/index.php\\\/produto\\\/pipedreams-arnes-de-corpo-de-doca\\\/#primaryimage\"},\"thumbnailUrl\":\"https:\\\/\\\/erki24nd3ub.exactdn.com\\\/wp-content\\\/uploads\\\/dream\\\/img\\\/img_150288_cd5b79bc0c9e10443f609a93162d6480_1.jpg?strip=all\",\"datePublished\":\"2025-09-30T09:57:24+00:00\",\"dateModified\":\"2026-05-13T16:37:32+00:00\",\"breadcrumb\":{\"@id\":\"https:\\\/\\\/lovme.pt\\\/index.php\\\/produto\\\/pipedreams-arnes-de-corpo-de-doca\\\/#breadcrumb\"},\"inLanguage\":\"pt-PT\",\"potentialAction\":[{\"@type\":\"ReadAction\",\"target\":[\"https:\\\/\\\/lovme.pt\\\/index.php\\\/produto\\\/pipedreams-arnes-de-corpo-de-doca\\\/\"]}]},{\"@type\":\"ImageObject\",\"inLanguage\":\"pt-PT\",\"@id\":\"https:\\\/\\\/lovme.pt\\\/index.php\\\/produto\\\/pipedreams-arnes-de-corpo-de-doca\\\/#primaryimage\",\"url\":\"https:\\\/\\\/erki24nd3ub.exactdn.com\\\/wp-content\\\/uploads\\\/dream\\\/img\\\/img_150288_cd5b79bc0c9e10443f609a93162d6480_1.jpg?strip=all\",\"contentUrl\":\"https:\\\/\\\/erki24nd3ub.exactdn.com\\\/wp-content\\\/uploads\\\/dream\\\/img\\\/img_150288_cd5b79bc0c9e10443f609a93162d6480_1.jpg?strip=all\",\"width\":800,\"height\":800},{\"@type\":\"BreadcrumbList\",\"@id\":\"https:\\\/\\\/lovme.pt\\\/index.php\\\/produto\\\/pipedreams-arnes-de-corpo-de-doca\\\/#breadcrumb\",\"itemListElement\":[{\"@type\":\"ListItem\",\"position\":1,\"name\":\"In\u00edcio\",\"item\":\"https:\\\/\\\/lovme.pt\\\/\"},{\"@type\":\"ListItem\",\"position\":2,\"name\":\"Loja\",\"item\":\"https:\\\/\\\/lovme.pt\\\/index.php\\\/loja\\\/\"},{\"@type\":\"ListItem\",\"position\":3,\"name\":\"PIPEDREAMS &#8211; ARN\u00caS DE CORPO DE DOCA\"}]},{\"@type\":\"WebSite\",\"@id\":\"https:\\\/\\\/lovme.pt\\\/#website\",\"url\":\"https:\\\/\\\/lovme.pt\\\/\",\"name\":\"Lovme Loja Er\u00f3tica N\u00ba1 em Portugal\",\"description\":\"A melhor loja er\u00f3tica de Portugal.\",\"alternateName\":\"Loja Er\u00f3tica Lovme\",\"potentialAction\":[{\"@type\":\"SearchAction\",\"target\":{\"@type\":\"EntryPoint\",\"urlTemplate\":\"https:\\\/\\\/lovme.pt\\\/?s={search_term_string}\"},\"query-input\":{\"@type\":\"PropertyValueSpecification\",\"valueRequired\":true,\"valueName\":\"search_term_string\"}}],\"inLanguage\":\"pt-PT\"}]}<\/script>\n<!-- \/ Yoast SEO plugin. -->","yoast_head_json":{"title":"PIPEDREAMS - ARN\u00caS DE CORPO DE DOCA - Lovme","robots":{"index":"index","follow":"follow","max-snippet":"max-snippet:-1","max-image-preview":"max-image-preview:large","max-video-preview":"max-video-preview:-1"},"canonical":"https:\/\/lovme.pt\/index.php\/produto\/pipedreams-arnes-de-corpo-de-doca\/","og_locale":"pt_PT","og_type":"article","og_title":"PIPEDREAMS - ARN\u00caS DE CORPO DE DOCA - Lovme","og_description":"PIPEDREAMS - ARN\u00caS DE CORPO DE DOCA","og_url":"https:\/\/lovme.pt\/index.php\/produto\/pipedreams-arnes-de-corpo-de-doca\/","og_site_name":"Lovme","article_modified_time":"2026-05-13T16:37:32+00:00","og_image":[{"width":800,"height":800,"url":"https:\/\/erki24nd3ub.exactdn.com\/wp-content\/uploads\/dream\/img\/img_150288_cd5b79bc0c9e10443f609a93162d6480_1.jpg?strip=all","type":"image\/jpeg"}],"twitter_card":"summary_large_image","twitter_misc":{"Tempo estimado de leitura":"2 minutos"},"schema":{"@context":"https:\/\/schema.org","@graph":[{"@type":"WebPage","@id":"https:\/\/lovme.pt\/index.php\/produto\/pipedreams-arnes-de-corpo-de-doca\/","url":"https:\/\/lovme.pt\/index.php\/produto\/pipedreams-arnes-de-corpo-de-doca\/","name":"PIPEDREAMS - ARN\u00caS DE CORPO DE DOCA - Lovme","isPartOf":{"@id":"https:\/\/lovme.pt\/#website"},"primaryImageOfPage":{"@id":"https:\/\/lovme.pt\/index.php\/produto\/pipedreams-arnes-de-corpo-de-doca\/#primaryimage"},"image":{"@id":"https:\/\/lovme.pt\/index.php\/produto\/pipedreams-arnes-de-corpo-de-doca\/#primaryimage"},"thumbnailUrl":"https:\/\/erki24nd3ub.exactdn.com\/wp-content\/uploads\/dream\/img\/img_150288_cd5b79bc0c9e10443f609a93162d6480_1.jpg?strip=all","datePublished":"2025-09-30T09:57:24+00:00","dateModified":"2026-05-13T16:37:32+00:00","breadcrumb":{"@id":"https:\/\/lovme.pt\/index.php\/produto\/pipedreams-arnes-de-corpo-de-doca\/#breadcrumb"},"inLanguage":"pt-PT","potentialAction":[{"@type":"ReadAction","target":["https:\/\/lovme.pt\/index.php\/produto\/pipedreams-arnes-de-corpo-de-doca\/"]}]},{"@type":"ImageObject","inLanguage":"pt-PT","@id":"https:\/\/lovme.pt\/index.php\/produto\/pipedreams-arnes-de-corpo-de-doca\/#primaryimage","url":"https:\/\/erki24nd3ub.exactdn.com\/wp-content\/uploads\/dream\/img\/img_150288_cd5b79bc0c9e10443f609a93162d6480_1.jpg?strip=all","contentUrl":"https:\/\/erki24nd3ub.exactdn.com\/wp-content\/uploads\/dream\/img\/img_150288_cd5b79bc0c9e10443f609a93162d6480_1.jpg?strip=all","width":800,"height":800},{"@type":"BreadcrumbList","@id":"https:\/\/lovme.pt\/index.php\/produto\/pipedreams-arnes-de-corpo-de-doca\/#breadcrumb","itemListElement":[{"@type":"ListItem","position":1,"name":"In\u00edcio","item":"https:\/\/lovme.pt\/"},{"@type":"ListItem","position":2,"name":"Loja","item":"https:\/\/lovme.pt\/index.php\/loja\/"},{"@type":"ListItem","position":3,"name":"PIPEDREAMS &#8211; ARN\u00caS DE CORPO DE DOCA"}]},{"@type":"WebSite","@id":"https:\/\/lovme.pt\/#website","url":"https:\/\/lovme.pt\/","name":"Lovme Loja Er\u00f3tica N\u00ba1 em Portugal","description":"A melhor loja er\u00f3tica de Portugal.","alternateName":"Loja Er\u00f3tica Lovme","potentialAction":[{"@type":"SearchAction","target":{"@type":"EntryPoint","urlTemplate":"https:\/\/lovme.pt\/?s={search_term_string}"},"query-input":{"@type":"PropertyValueSpecification","valueRequired":true,"valueName":"search_term_string"}}],"inLanguage":"pt-PT"}]}},"_links":{"self":[{"href":"https:\/\/lovme.pt\/index.php\/wp-json\/wp\/v2\/product\/44167","targetHints":{"allow":["GET"]}}],"collection":[{"href":"https:\/\/lovme.pt\/index.php\/wp-json\/wp\/v2\/product"}],"about":[{"href":"https:\/\/lovme.pt\/index.php\/wp-json\/wp\/v2\/types\/product"}],"wp:featuredmedia":[{"embeddable":true,"href":"https:\/\/lovme.pt\/index.php\/wp-json\/wp\/v2\/media\/59908"}],"wp:attachment":[{"href":"https:\/\/lovme.pt\/index.php\/wp-json\/wp\/v2\/media?parent=44167"}],"wp:term":[{"taxonomy":"product_brand","embeddable":true,"href":"https:\/\/lovme.pt\/index.php\/wp-json\/wp\/v2\/product_brand?post=44167"},{"taxonomy":"product_cat","embeddable":true,"href":"https:\/\/lovme.pt\/index.php\/wp-json\/wp\/v2\/product_cat?post=44167"},{"taxonomy":"product_tag","embeddable":true,"href":"https:\/\/lovme.pt\/index.php\/wp-json\/wp\/v2\/product_tag?post=44167"}],"curies":[{"name":"wp","href":"https:\/\/api.w.org\/{rel}","templated":true}]}}