{"id":44063,"date":"2025-09-30T22:58:43","date_gmt":"2025-09-30T22:58:43","guid":{"rendered":"https:\/\/lovme.pt\/?post_type=product&p=44063"},"modified":"2026-02-19T20:13:48","modified_gmt":"2026-02-19T20:13:48","slug":"fetish-submissive-attitude-arnes-de-peitoral-de-couro-ecologico-masculino-com-tachas","status":"publish","type":"product","link":"https:\/\/lovme.pt\/index.php\/produto\/fetish-submissive-attitude-arnes-de-peitoral-de-couro-ecologico-masculino-com-tachas\/","title":{"rendered":"FETISH SUBMISSIVE ATTITUDE &#8211; ARN\u00caS DE PEITORAL DE COURO ECOL\u00d3GICO MASCULINO COM TACHAS"},"content":{"rendered":"<p><span style=\"font-family: Lato, sans-serif; font-size: 14px;\">Liberte seu poder e domine a pista de dan\u00e7a com nosso arn\u00eas de peito frontal! Este arn\u00eas frontal com uma estrutura sexy \u00e9 projetado para real\u00e7ar a figura masculina e melhorar sua imagem sexual. Gra\u00e7as ao seu material adapt\u00e1vel, \u00e9 f\u00e1cil de colocar e tem um tamanho flex\u00edvel que se ajusta perfeitamente ao seu corpo.<\/span> <br style=\"box-sizing: border-box; font-family: Poppins, sans-serif; font-size: 14px;\" \/><br style=\"box-sizing: border-box; font-family: Poppins, sans-serif; font-size: 14px;\" \/> <span style=\"font-family: Lato, sans-serif; font-size: 14px;\">O material proporciona um excelente ajuste ao tronco, permitindo que voc\u00ea pare\u00e7a impec\u00e1vel em todos os movimentos. Suas m\u00faltiplas al\u00e7as permitem um posicionamento perfeito nas \u00e1reas dos ombros e do peito, destacando seus atributos de forma \u00fanica.<\/span> <br style=\"box-sizing: border-box; font-family: Poppins, sans-serif; font-size: 14px;\" \/><br style=\"box-sizing: border-box; font-family: Poppins, sans-serif; font-size: 14px;\" \/> <span style=\"font-family: Lato, sans-serif; font-size: 14px;\">Este arn\u00eas frontal foi orgulhosamente projetado e feito em Sevilha, o ber\u00e7o do estilo e da eleg\u00e2ncia. Cada detalhe foi cuidadosamente pensado para oferecer a voc\u00ea um produto de alta qualidade e durabilidade.<\/span> <br style=\"box-sizing: border-box; font-family: Poppins, sans-serif; font-size: 14px;\" \/><br style=\"box-sizing: border-box; font-family: Poppins, sans-serif; font-size: 14px;\" \/> <span style=\"font-family: Lato, sans-serif; font-size: 14px;\">Se voc\u00ea est\u00e1 procurando se destacar em qualquer evento ou simplesmente quer adicionar um toque de sensualidade ao seu visual, nosso arn\u00eas frontal \u00e9 a escolha perfeita. Com ele, voc\u00ea pode liberar o poder do seu peito e se sentir confiante em si mesma, atraindo todos os olhares.<\/span> <br style=\"box-sizing: border-box; font-family: Poppins, sans-serif; font-size: 14px;\" \/><br style=\"box-sizing: border-box; font-family: Poppins, sans-serif; font-size: 14px;\" \/> <span style=\"font-family: Lato, sans-serif; font-size: 14px;\">N\u00e3o perca a oportunidade de ficar incr\u00edvel e definir a tend\u00eancia com nosso arn\u00eas de peito frontal. Compre agora e prepare-se para brilhar na pista de dan\u00e7a!<\/span><\/p>\n<ul>\n<li> <span style=\"font-family: Lato, sans-serif; font-size: 14px;\">Tamanho \u00fanico, totalmente ajust\u00e1vel a todos os tamanhos.<\/span><\/li>\n<li> <font face=\"Lato, sans-serif\"><span style=\"font-size: 14px;\">Feito em couro vegano em um design totalmente exclusivo.<\/span><\/font><\/li>\n<\/ul>\n","protected":false},"excerpt":{"rendered":"<p>FETISH SUBMISSIVE ATTITUDE &#8211; ARN\u00caS DE PEITO COM TACHAS AJUSTVEIS COURO ECOL\u00d3GICO HOMENS<\/p>\n","protected":false},"featured_media":82612,"template":"","meta":{"_acf_changed":false},"product_brand":[],"product_cat":[48,47,67],"product_tag":[],"class_list":{"0":"post-44063","1":"product","2":"type-product","3":"status-publish","4":"has-post-thumbnail","6":"product_cat-bdsm","7":"product_cat-lingerie","8":"product_cat-lingerie-masculina","9":"yith_product_brand-fetish-submissive","10":"yith_product_brand-fetish-submissivefetish-submissive-attitude","12":"first","13":"instock","14":"taxable","15":"shipping-taxable","16":"purchasable","17":"product-type-simple"},"acf":[],"yoast_head":"<!-- This site is optimized with the Yoast SEO plugin v27.4 - https:\/\/yoast.com\/product\/yoast-seo-wordpress\/ -->\n<title>FETISH SUBMISSIVE ATTITUDE - ARN\u00caS DE PEITORAL DE COURO ECOL\u00d3GICO MASCULINO COM TACHAS - Lovme<\/title>\n<meta name=\"robots\" content=\"index, follow, max-snippet:-1, max-image-preview:large, max-video-preview:-1\" \/>\n<link rel=\"canonical\" href=\"https:\/\/lovme.pt\/index.php\/produto\/fetish-submissive-attitude-arnes-de-peitoral-de-couro-ecologico-masculino-com-tachas\/\" \/>\n<meta property=\"og:locale\" content=\"pt_PT\" \/>\n<meta property=\"og:type\" content=\"article\" \/>\n<meta property=\"og:title\" content=\"FETISH SUBMISSIVE ATTITUDE - ARN\u00caS DE PEITORAL DE COURO ECOL\u00d3GICO MASCULINO COM TACHAS - Lovme\" \/>\n<meta property=\"og:description\" content=\"FETISH SUBMISSIVE ATTITUDE - ARN\u00caS DE PEITO COM TACHAS AJUSTVEIS COURO ECOL\u00d3GICO HOMENS\" \/>\n<meta property=\"og:url\" content=\"https:\/\/lovme.pt\/index.php\/produto\/fetish-submissive-attitude-arnes-de-peitoral-de-couro-ecologico-masculino-com-tachas\/\" \/>\n<meta property=\"og:site_name\" content=\"Lovme\" \/>\n<meta property=\"article:modified_time\" content=\"2026-02-19T20:13:48+00:00\" \/>\n<meta property=\"og:image\" content=\"https:\/\/erki24nd3ub.exactdn.com\/wp-content\/uploads\/dream\/img\/img_149663_57d71cd46f547e5eb512d6ae20b97337_1.png?strip=all\" \/>\n\t<meta property=\"og:image:width\" content=\"800\" \/>\n\t<meta property=\"og:image:height\" content=\"800\" \/>\n\t<meta property=\"og:image:type\" content=\"image\/png\" \/>\n<meta name=\"twitter:card\" content=\"summary_large_image\" \/>\n<meta name=\"twitter:label1\" content=\"Tempo estimado de leitura\" \/>\n\t<meta name=\"twitter:data1\" content=\"1 minuto\" \/>\n<script type=\"application\/ld+json\" class=\"yoast-schema-graph\">{\"@context\":\"https:\\\/\\\/schema.org\",\"@graph\":[{\"@type\":\"WebPage\",\"@id\":\"https:\\\/\\\/lovme.pt\\\/index.php\\\/produto\\\/fetish-submissive-attitude-arnes-de-peitoral-de-couro-ecologico-masculino-com-tachas\\\/\",\"url\":\"https:\\\/\\\/lovme.pt\\\/index.php\\\/produto\\\/fetish-submissive-attitude-arnes-de-peitoral-de-couro-ecologico-masculino-com-tachas\\\/\",\"name\":\"FETISH SUBMISSIVE ATTITUDE - ARN\u00caS DE PEITORAL DE COURO ECOL\u00d3GICO MASCULINO COM TACHAS - Lovme\",\"isPartOf\":{\"@id\":\"https:\\\/\\\/lovme.pt\\\/#website\"},\"primaryImageOfPage\":{\"@id\":\"https:\\\/\\\/lovme.pt\\\/index.php\\\/produto\\\/fetish-submissive-attitude-arnes-de-peitoral-de-couro-ecologico-masculino-com-tachas\\\/#primaryimage\"},\"image\":{\"@id\":\"https:\\\/\\\/lovme.pt\\\/index.php\\\/produto\\\/fetish-submissive-attitude-arnes-de-peitoral-de-couro-ecologico-masculino-com-tachas\\\/#primaryimage\"},\"thumbnailUrl\":\"https:\\\/\\\/erki24nd3ub.exactdn.com\\\/wp-content\\\/uploads\\\/dream\\\/img\\\/img_149663_57d71cd46f547e5eb512d6ae20b97337_1.png?strip=all\",\"datePublished\":\"2025-09-30T22:58:43+00:00\",\"dateModified\":\"2026-02-19T20:13:48+00:00\",\"breadcrumb\":{\"@id\":\"https:\\\/\\\/lovme.pt\\\/index.php\\\/produto\\\/fetish-submissive-attitude-arnes-de-peitoral-de-couro-ecologico-masculino-com-tachas\\\/#breadcrumb\"},\"inLanguage\":\"pt-PT\",\"potentialAction\":[{\"@type\":\"ReadAction\",\"target\":[\"https:\\\/\\\/lovme.pt\\\/index.php\\\/produto\\\/fetish-submissive-attitude-arnes-de-peitoral-de-couro-ecologico-masculino-com-tachas\\\/\"]}]},{\"@type\":\"ImageObject\",\"inLanguage\":\"pt-PT\",\"@id\":\"https:\\\/\\\/lovme.pt\\\/index.php\\\/produto\\\/fetish-submissive-attitude-arnes-de-peitoral-de-couro-ecologico-masculino-com-tachas\\\/#primaryimage\",\"url\":\"https:\\\/\\\/erki24nd3ub.exactdn.com\\\/wp-content\\\/uploads\\\/dream\\\/img\\\/img_149663_57d71cd46f547e5eb512d6ae20b97337_1.png?strip=all\",\"contentUrl\":\"https:\\\/\\\/erki24nd3ub.exactdn.com\\\/wp-content\\\/uploads\\\/dream\\\/img\\\/img_149663_57d71cd46f547e5eb512d6ae20b97337_1.png?strip=all\",\"width\":800,\"height\":800},{\"@type\":\"BreadcrumbList\",\"@id\":\"https:\\\/\\\/lovme.pt\\\/index.php\\\/produto\\\/fetish-submissive-attitude-arnes-de-peitoral-de-couro-ecologico-masculino-com-tachas\\\/#breadcrumb\",\"itemListElement\":[{\"@type\":\"ListItem\",\"position\":1,\"name\":\"In\u00edcio\",\"item\":\"https:\\\/\\\/lovme.pt\\\/\"},{\"@type\":\"ListItem\",\"position\":2,\"name\":\"Loja\",\"item\":\"https:\\\/\\\/lovme.pt\\\/index.php\\\/loja\\\/\"},{\"@type\":\"ListItem\",\"position\":3,\"name\":\"FETISH SUBMISSIVE ATTITUDE &#8211; ARN\u00caS DE PEITORAL DE COURO ECOL\u00d3GICO MASCULINO COM TACHAS\"}]},{\"@type\":\"WebSite\",\"@id\":\"https:\\\/\\\/lovme.pt\\\/#website\",\"url\":\"https:\\\/\\\/lovme.pt\\\/\",\"name\":\"Lovme Loja Er\u00f3tica N\u00ba1 em Portugal\",\"description\":\"A melhor loja er\u00f3tica de Portugal.\",\"alternateName\":\"Loja Er\u00f3tica Lovme\",\"potentialAction\":[{\"@type\":\"SearchAction\",\"target\":{\"@type\":\"EntryPoint\",\"urlTemplate\":\"https:\\\/\\\/lovme.pt\\\/?s={search_term_string}\"},\"query-input\":{\"@type\":\"PropertyValueSpecification\",\"valueRequired\":true,\"valueName\":\"search_term_string\"}}],\"inLanguage\":\"pt-PT\"}]}<\/script>\n<!-- \/ Yoast SEO plugin. -->","yoast_head_json":{"title":"FETISH SUBMISSIVE ATTITUDE - ARN\u00caS DE PEITORAL DE COURO ECOL\u00d3GICO MASCULINO COM TACHAS - Lovme","robots":{"index":"index","follow":"follow","max-snippet":"max-snippet:-1","max-image-preview":"max-image-preview:large","max-video-preview":"max-video-preview:-1"},"canonical":"https:\/\/lovme.pt\/index.php\/produto\/fetish-submissive-attitude-arnes-de-peitoral-de-couro-ecologico-masculino-com-tachas\/","og_locale":"pt_PT","og_type":"article","og_title":"FETISH SUBMISSIVE ATTITUDE - ARN\u00caS DE PEITORAL DE COURO ECOL\u00d3GICO MASCULINO COM TACHAS - Lovme","og_description":"FETISH SUBMISSIVE ATTITUDE - ARN\u00caS DE PEITO COM TACHAS AJUSTVEIS COURO ECOL\u00d3GICO HOMENS","og_url":"https:\/\/lovme.pt\/index.php\/produto\/fetish-submissive-attitude-arnes-de-peitoral-de-couro-ecologico-masculino-com-tachas\/","og_site_name":"Lovme","article_modified_time":"2026-02-19T20:13:48+00:00","og_image":[{"width":800,"height":800,"url":"https:\/\/erki24nd3ub.exactdn.com\/wp-content\/uploads\/dream\/img\/img_149663_57d71cd46f547e5eb512d6ae20b97337_1.png?strip=all","type":"image\/png"}],"twitter_card":"summary_large_image","twitter_misc":{"Tempo estimado de leitura":"1 minuto"},"schema":{"@context":"https:\/\/schema.org","@graph":[{"@type":"WebPage","@id":"https:\/\/lovme.pt\/index.php\/produto\/fetish-submissive-attitude-arnes-de-peitoral-de-couro-ecologico-masculino-com-tachas\/","url":"https:\/\/lovme.pt\/index.php\/produto\/fetish-submissive-attitude-arnes-de-peitoral-de-couro-ecologico-masculino-com-tachas\/","name":"FETISH SUBMISSIVE ATTITUDE - ARN\u00caS DE PEITORAL DE COURO ECOL\u00d3GICO MASCULINO COM TACHAS - Lovme","isPartOf":{"@id":"https:\/\/lovme.pt\/#website"},"primaryImageOfPage":{"@id":"https:\/\/lovme.pt\/index.php\/produto\/fetish-submissive-attitude-arnes-de-peitoral-de-couro-ecologico-masculino-com-tachas\/#primaryimage"},"image":{"@id":"https:\/\/lovme.pt\/index.php\/produto\/fetish-submissive-attitude-arnes-de-peitoral-de-couro-ecologico-masculino-com-tachas\/#primaryimage"},"thumbnailUrl":"https:\/\/erki24nd3ub.exactdn.com\/wp-content\/uploads\/dream\/img\/img_149663_57d71cd46f547e5eb512d6ae20b97337_1.png?strip=all","datePublished":"2025-09-30T22:58:43+00:00","dateModified":"2026-02-19T20:13:48+00:00","breadcrumb":{"@id":"https:\/\/lovme.pt\/index.php\/produto\/fetish-submissive-attitude-arnes-de-peitoral-de-couro-ecologico-masculino-com-tachas\/#breadcrumb"},"inLanguage":"pt-PT","potentialAction":[{"@type":"ReadAction","target":["https:\/\/lovme.pt\/index.php\/produto\/fetish-submissive-attitude-arnes-de-peitoral-de-couro-ecologico-masculino-com-tachas\/"]}]},{"@type":"ImageObject","inLanguage":"pt-PT","@id":"https:\/\/lovme.pt\/index.php\/produto\/fetish-submissive-attitude-arnes-de-peitoral-de-couro-ecologico-masculino-com-tachas\/#primaryimage","url":"https:\/\/erki24nd3ub.exactdn.com\/wp-content\/uploads\/dream\/img\/img_149663_57d71cd46f547e5eb512d6ae20b97337_1.png?strip=all","contentUrl":"https:\/\/erki24nd3ub.exactdn.com\/wp-content\/uploads\/dream\/img\/img_149663_57d71cd46f547e5eb512d6ae20b97337_1.png?strip=all","width":800,"height":800},{"@type":"BreadcrumbList","@id":"https:\/\/lovme.pt\/index.php\/produto\/fetish-submissive-attitude-arnes-de-peitoral-de-couro-ecologico-masculino-com-tachas\/#breadcrumb","itemListElement":[{"@type":"ListItem","position":1,"name":"In\u00edcio","item":"https:\/\/lovme.pt\/"},{"@type":"ListItem","position":2,"name":"Loja","item":"https:\/\/lovme.pt\/index.php\/loja\/"},{"@type":"ListItem","position":3,"name":"FETISH SUBMISSIVE ATTITUDE &#8211; ARN\u00caS DE PEITORAL DE COURO ECOL\u00d3GICO MASCULINO COM TACHAS"}]},{"@type":"WebSite","@id":"https:\/\/lovme.pt\/#website","url":"https:\/\/lovme.pt\/","name":"Lovme Loja Er\u00f3tica N\u00ba1 em Portugal","description":"A melhor loja er\u00f3tica de Portugal.","alternateName":"Loja Er\u00f3tica Lovme","potentialAction":[{"@type":"SearchAction","target":{"@type":"EntryPoint","urlTemplate":"https:\/\/lovme.pt\/?s={search_term_string}"},"query-input":{"@type":"PropertyValueSpecification","valueRequired":true,"valueName":"search_term_string"}}],"inLanguage":"pt-PT"}]}},"_links":{"self":[{"href":"https:\/\/lovme.pt\/index.php\/wp-json\/wp\/v2\/product\/44063","targetHints":{"allow":["GET"]}}],"collection":[{"href":"https:\/\/lovme.pt\/index.php\/wp-json\/wp\/v2\/product"}],"about":[{"href":"https:\/\/lovme.pt\/index.php\/wp-json\/wp\/v2\/types\/product"}],"wp:featuredmedia":[{"embeddable":true,"href":"https:\/\/lovme.pt\/index.php\/wp-json\/wp\/v2\/media\/82612"}],"wp:attachment":[{"href":"https:\/\/lovme.pt\/index.php\/wp-json\/wp\/v2\/media?parent=44063"}],"wp:term":[{"taxonomy":"product_brand","embeddable":true,"href":"https:\/\/lovme.pt\/index.php\/wp-json\/wp\/v2\/product_brand?post=44063"},{"taxonomy":"product_cat","embeddable":true,"href":"https:\/\/lovme.pt\/index.php\/wp-json\/wp\/v2\/product_cat?post=44063"},{"taxonomy":"product_tag","embeddable":true,"href":"https:\/\/lovme.pt\/index.php\/wp-json\/wp\/v2\/product_tag?post=44063"}],"curies":[{"name":"wp","href":"https:\/\/api.w.org\/{rel}","templated":true}]}}