{"id":44059,"date":"2025-10-01T03:17:32","date_gmt":"2025-10-01T03:17:32","guid":{"rendered":"https:\/\/lovme.pt\/?post_type=product&p=44059"},"modified":"2026-02-19T20:22:48","modified_gmt":"2026-02-19T20:22:48","slug":"fleshlight-quickshot-mia-malkova","status":"publish","type":"product","link":"https:\/\/lovme.pt\/index.php\/produto\/fleshlight-quickshot-mia-malkova\/","title":{"rendered":"FLESHLIGHT &#8211; QUICKSHOT MIA MALKOVA"},"content":{"rendered":"<p>Mia Malkova Quickshot apresenta pontos de sa\u00edda desobstru\u00eddos moldados na vagina e na bunda de Mia. O Quickshot de Mia Malkova pode ser usado como estimula\u00e7\u00e3o adicional durante as brincadeiras orais de um casal ou para masturba\u00e7\u00e3o.<\/p>\n<p> Com o claro e compacto Mia Malkova Quickshot\u2122\ufe0f da Fleshlight\u00ae\ufe0f, voc\u00ea poder\u00e1 ver cada momento satisfat\u00f3rio de prazer pr\u00f3prio. Equipado com a vagina e o bumbum de Mia, o Quickshot oferece duas maneiras de aproveitar seu tempo com essa deusa do sexo. Ou convide um parceiro para alguma a\u00e7\u00e3o oral a tr\u00eas com Mia. Com tantas maneiras de curtir Mia Malkova, talvez voc\u00ea nunca mais saia de casa!<\/p>\n<p> <strong>Aqui est\u00e1 o que voc\u00ea receber\u00e1 em seu pacote Mia Malkova Quickshot<\/strong><\/p>\n<ul>\n<li> Manga patenteada Open End Clear SuperSkin<\/li>\n<li> Estojo Transparente Compacto<\/li>\n<li> O mini buraco da bunda de Mia Malkova<\/li>\n<li> Textura compacta LVL UP<\/li>\n<li> Tampas de manga em cada extremidade para armazenamento conveniente<\/li>\n<\/ul>\n<p> Embora a maioria dos nossos clientes do sexo masculino possa desfrutar da linha de produtos Quickshot, existem alguns indiv\u00edduos cuja dota\u00e7\u00e3o pode impedi-los de faz\u00ea-lo confortavelmente. Um cliente cujo p\u00eanis em qualquer \u00e1rea seja mais grosso que aproximadamente 5,5\u201d ou 14 cm pode achar o Quickshot muito apertado ou restritivo. Os clientes devem usar seu bom senso para determinar se este brinquedo Fleshlight seria do tamanho certo para eles; Caso contr\u00e1rio, h\u00e1 uma grande variedade de brinquedos Fleshlight em tamanho real para voc\u00ea escolher. Observe que brinquedos abertos\/usados N\u00c3O PODEM ser devolvidos para reembolso. Homens com p\u00eanis de maior circunfer\u00eancia ainda podem usar a manga Quickshot sem o inv\u00f3lucro, mas isso fica a crit\u00e9rio de cada usu\u00e1rio.<\/p><\/p>\n","protected":false},"excerpt":{"rendered":"<p>FLESHLIGHT &#8211; QUICKSHOT MIA MALKOVA<\/p>\n","protected":false},"featured_media":102549,"template":"","meta":{"_acf_changed":false},"product_brand":[],"product_cat":[17,58,60],"product_tag":[],"class_list":{"0":"post-44059","1":"product","2":"type-product","3":"status-publish","4":"has-post-thumbnail","6":"product_cat-brinquedos-de-bem-estar-sexual","7":"product_cat-masturbadores-para-penis","8":"product_cat-para-eles","9":"yith_product_brand-fleshlight","10":"yith_product_brand-fleshlightfleshlight-origin","12":"first","13":"instock","14":"taxable","15":"shipping-taxable","16":"purchasable","17":"product-type-simple"},"acf":[],"yoast_head":"<!-- This site is optimized with the Yoast SEO plugin v27.4 - https:\/\/yoast.com\/product\/yoast-seo-wordpress\/ -->\n<title>FLESHLIGHT - QUICKSHOT MIA MALKOVA - Lovme<\/title>\n<meta name=\"robots\" content=\"index, follow, max-snippet:-1, max-image-preview:large, max-video-preview:-1\" \/>\n<link rel=\"canonical\" href=\"https:\/\/lovme.pt\/index.php\/produto\/fleshlight-quickshot-mia-malkova\/\" \/>\n<meta property=\"og:locale\" content=\"pt_PT\" \/>\n<meta property=\"og:type\" content=\"article\" \/>\n<meta property=\"og:title\" content=\"FLESHLIGHT - QUICKSHOT MIA MALKOVA - Lovme\" \/>\n<meta property=\"og:description\" content=\"FLESHLIGHT - QUICKSHOT MIA MALKOVA\" \/>\n<meta property=\"og:url\" content=\"https:\/\/lovme.pt\/index.php\/produto\/fleshlight-quickshot-mia-malkova\/\" \/>\n<meta property=\"og:site_name\" content=\"Lovme\" \/>\n<meta property=\"article:modified_time\" content=\"2026-02-19T20:22:48+00:00\" \/>\n<meta property=\"og:image\" content=\"https:\/\/erki24nd3ub.exactdn.com\/wp-content\/uploads\/dream\/img\/img_149576_3315ec336a55cc608aca6c7a1a6115cb_1.jpg?strip=all\" \/>\n\t<meta property=\"og:image:width\" content=\"800\" \/>\n\t<meta property=\"og:image:height\" content=\"800\" \/>\n\t<meta property=\"og:image:type\" content=\"image\/jpeg\" \/>\n<meta name=\"twitter:card\" content=\"summary_large_image\" \/>\n<meta name=\"twitter:label1\" content=\"Tempo estimado de leitura\" \/>\n\t<meta name=\"twitter:data1\" content=\"1 minuto\" \/>\n<script type=\"application\/ld+json\" class=\"yoast-schema-graph\">{\"@context\":\"https:\\\/\\\/schema.org\",\"@graph\":[{\"@type\":\"WebPage\",\"@id\":\"https:\\\/\\\/lovme.pt\\\/index.php\\\/produto\\\/fleshlight-quickshot-mia-malkova\\\/\",\"url\":\"https:\\\/\\\/lovme.pt\\\/index.php\\\/produto\\\/fleshlight-quickshot-mia-malkova\\\/\",\"name\":\"FLESHLIGHT - QUICKSHOT MIA MALKOVA - Lovme\",\"isPartOf\":{\"@id\":\"https:\\\/\\\/lovme.pt\\\/#website\"},\"primaryImageOfPage\":{\"@id\":\"https:\\\/\\\/lovme.pt\\\/index.php\\\/produto\\\/fleshlight-quickshot-mia-malkova\\\/#primaryimage\"},\"image\":{\"@id\":\"https:\\\/\\\/lovme.pt\\\/index.php\\\/produto\\\/fleshlight-quickshot-mia-malkova\\\/#primaryimage\"},\"thumbnailUrl\":\"https:\\\/\\\/erki24nd3ub.exactdn.com\\\/wp-content\\\/uploads\\\/dream\\\/img\\\/img_149576_3315ec336a55cc608aca6c7a1a6115cb_1.jpg?strip=all\",\"datePublished\":\"2025-10-01T03:17:32+00:00\",\"dateModified\":\"2026-02-19T20:22:48+00:00\",\"breadcrumb\":{\"@id\":\"https:\\\/\\\/lovme.pt\\\/index.php\\\/produto\\\/fleshlight-quickshot-mia-malkova\\\/#breadcrumb\"},\"inLanguage\":\"pt-PT\",\"potentialAction\":[{\"@type\":\"ReadAction\",\"target\":[\"https:\\\/\\\/lovme.pt\\\/index.php\\\/produto\\\/fleshlight-quickshot-mia-malkova\\\/\"]}]},{\"@type\":\"ImageObject\",\"inLanguage\":\"pt-PT\",\"@id\":\"https:\\\/\\\/lovme.pt\\\/index.php\\\/produto\\\/fleshlight-quickshot-mia-malkova\\\/#primaryimage\",\"url\":\"https:\\\/\\\/erki24nd3ub.exactdn.com\\\/wp-content\\\/uploads\\\/dream\\\/img\\\/img_149576_3315ec336a55cc608aca6c7a1a6115cb_1.jpg?strip=all\",\"contentUrl\":\"https:\\\/\\\/erki24nd3ub.exactdn.com\\\/wp-content\\\/uploads\\\/dream\\\/img\\\/img_149576_3315ec336a55cc608aca6c7a1a6115cb_1.jpg?strip=all\",\"width\":800,\"height\":800},{\"@type\":\"BreadcrumbList\",\"@id\":\"https:\\\/\\\/lovme.pt\\\/index.php\\\/produto\\\/fleshlight-quickshot-mia-malkova\\\/#breadcrumb\",\"itemListElement\":[{\"@type\":\"ListItem\",\"position\":1,\"name\":\"In\u00edcio\",\"item\":\"https:\\\/\\\/lovme.pt\\\/\"},{\"@type\":\"ListItem\",\"position\":2,\"name\":\"Loja\",\"item\":\"https:\\\/\\\/lovme.pt\\\/index.php\\\/loja\\\/\"},{\"@type\":\"ListItem\",\"position\":3,\"name\":\"FLESHLIGHT &#8211; QUICKSHOT MIA MALKOVA\"}]},{\"@type\":\"WebSite\",\"@id\":\"https:\\\/\\\/lovme.pt\\\/#website\",\"url\":\"https:\\\/\\\/lovme.pt\\\/\",\"name\":\"Lovme Loja Er\u00f3tica N\u00ba1 em Portugal\",\"description\":\"A melhor loja er\u00f3tica de Portugal.\",\"alternateName\":\"Loja Er\u00f3tica Lovme\",\"potentialAction\":[{\"@type\":\"SearchAction\",\"target\":{\"@type\":\"EntryPoint\",\"urlTemplate\":\"https:\\\/\\\/lovme.pt\\\/?s={search_term_string}\"},\"query-input\":{\"@type\":\"PropertyValueSpecification\",\"valueRequired\":true,\"valueName\":\"search_term_string\"}}],\"inLanguage\":\"pt-PT\"}]}<\/script>\n<!-- \/ Yoast SEO plugin. -->","yoast_head_json":{"title":"FLESHLIGHT - QUICKSHOT MIA MALKOVA - Lovme","robots":{"index":"index","follow":"follow","max-snippet":"max-snippet:-1","max-image-preview":"max-image-preview:large","max-video-preview":"max-video-preview:-1"},"canonical":"https:\/\/lovme.pt\/index.php\/produto\/fleshlight-quickshot-mia-malkova\/","og_locale":"pt_PT","og_type":"article","og_title":"FLESHLIGHT - QUICKSHOT MIA MALKOVA - Lovme","og_description":"FLESHLIGHT - QUICKSHOT MIA MALKOVA","og_url":"https:\/\/lovme.pt\/index.php\/produto\/fleshlight-quickshot-mia-malkova\/","og_site_name":"Lovme","article_modified_time":"2026-02-19T20:22:48+00:00","og_image":[{"width":800,"height":800,"url":"https:\/\/erki24nd3ub.exactdn.com\/wp-content\/uploads\/dream\/img\/img_149576_3315ec336a55cc608aca6c7a1a6115cb_1.jpg?strip=all","type":"image\/jpeg"}],"twitter_card":"summary_large_image","twitter_misc":{"Tempo estimado de leitura":"1 minuto"},"schema":{"@context":"https:\/\/schema.org","@graph":[{"@type":"WebPage","@id":"https:\/\/lovme.pt\/index.php\/produto\/fleshlight-quickshot-mia-malkova\/","url":"https:\/\/lovme.pt\/index.php\/produto\/fleshlight-quickshot-mia-malkova\/","name":"FLESHLIGHT - QUICKSHOT MIA MALKOVA - Lovme","isPartOf":{"@id":"https:\/\/lovme.pt\/#website"},"primaryImageOfPage":{"@id":"https:\/\/lovme.pt\/index.php\/produto\/fleshlight-quickshot-mia-malkova\/#primaryimage"},"image":{"@id":"https:\/\/lovme.pt\/index.php\/produto\/fleshlight-quickshot-mia-malkova\/#primaryimage"},"thumbnailUrl":"https:\/\/erki24nd3ub.exactdn.com\/wp-content\/uploads\/dream\/img\/img_149576_3315ec336a55cc608aca6c7a1a6115cb_1.jpg?strip=all","datePublished":"2025-10-01T03:17:32+00:00","dateModified":"2026-02-19T20:22:48+00:00","breadcrumb":{"@id":"https:\/\/lovme.pt\/index.php\/produto\/fleshlight-quickshot-mia-malkova\/#breadcrumb"},"inLanguage":"pt-PT","potentialAction":[{"@type":"ReadAction","target":["https:\/\/lovme.pt\/index.php\/produto\/fleshlight-quickshot-mia-malkova\/"]}]},{"@type":"ImageObject","inLanguage":"pt-PT","@id":"https:\/\/lovme.pt\/index.php\/produto\/fleshlight-quickshot-mia-malkova\/#primaryimage","url":"https:\/\/erki24nd3ub.exactdn.com\/wp-content\/uploads\/dream\/img\/img_149576_3315ec336a55cc608aca6c7a1a6115cb_1.jpg?strip=all","contentUrl":"https:\/\/erki24nd3ub.exactdn.com\/wp-content\/uploads\/dream\/img\/img_149576_3315ec336a55cc608aca6c7a1a6115cb_1.jpg?strip=all","width":800,"height":800},{"@type":"BreadcrumbList","@id":"https:\/\/lovme.pt\/index.php\/produto\/fleshlight-quickshot-mia-malkova\/#breadcrumb","itemListElement":[{"@type":"ListItem","position":1,"name":"In\u00edcio","item":"https:\/\/lovme.pt\/"},{"@type":"ListItem","position":2,"name":"Loja","item":"https:\/\/lovme.pt\/index.php\/loja\/"},{"@type":"ListItem","position":3,"name":"FLESHLIGHT &#8211; QUICKSHOT MIA MALKOVA"}]},{"@type":"WebSite","@id":"https:\/\/lovme.pt\/#website","url":"https:\/\/lovme.pt\/","name":"Lovme Loja Er\u00f3tica N\u00ba1 em Portugal","description":"A melhor loja er\u00f3tica de Portugal.","alternateName":"Loja Er\u00f3tica Lovme","potentialAction":[{"@type":"SearchAction","target":{"@type":"EntryPoint","urlTemplate":"https:\/\/lovme.pt\/?s={search_term_string}"},"query-input":{"@type":"PropertyValueSpecification","valueRequired":true,"valueName":"search_term_string"}}],"inLanguage":"pt-PT"}]}},"_links":{"self":[{"href":"https:\/\/lovme.pt\/index.php\/wp-json\/wp\/v2\/product\/44059","targetHints":{"allow":["GET"]}}],"collection":[{"href":"https:\/\/lovme.pt\/index.php\/wp-json\/wp\/v2\/product"}],"about":[{"href":"https:\/\/lovme.pt\/index.php\/wp-json\/wp\/v2\/types\/product"}],"wp:featuredmedia":[{"embeddable":true,"href":"https:\/\/lovme.pt\/index.php\/wp-json\/wp\/v2\/media\/102549"}],"wp:attachment":[{"href":"https:\/\/lovme.pt\/index.php\/wp-json\/wp\/v2\/media?parent=44059"}],"wp:term":[{"taxonomy":"product_brand","embeddable":true,"href":"https:\/\/lovme.pt\/index.php\/wp-json\/wp\/v2\/product_brand?post=44059"},{"taxonomy":"product_cat","embeddable":true,"href":"https:\/\/lovme.pt\/index.php\/wp-json\/wp\/v2\/product_cat?post=44059"},{"taxonomy":"product_tag","embeddable":true,"href":"https:\/\/lovme.pt\/index.php\/wp-json\/wp\/v2\/product_tag?post=44059"}],"curies":[{"name":"wp","href":"https:\/\/api.w.org\/{rel}","templated":true}]}}