{"id":44044,"date":"2025-09-30T09:48:07","date_gmt":"2025-09-30T09:48:07","guid":{"rendered":"https:\/\/lovme.pt\/?post_type=product&p=44044"},"modified":"2026-02-19T20:05:22","modified_gmt":"2026-02-19T20:05:22","slug":"confort-365-tampao-esponja-vaginal-lubrificada-3-unidades","status":"publish","type":"product","link":"https:\/\/lovme.pt\/index.php\/produto\/confort-365-tampao-esponja-vaginal-lubrificada-3-unidades\/","title":{"rendered":"CONFORT 365 &#8211; TAMP\u00c3O ESPONJA VAGINAL LUBRIFICADA &#8211; 3 UNIDADES"},"content":{"rendered":"<p><u><strong>365 TAMP\u00c3O DE CONFORTO PARA SEXO: APROVEITE AS RELA\u00c7\u00d5ES SEXUAIS SEM COMPLICA\u00c7\u00d5ES.<\/strong><\/u><\/p>\n<p>?N\u00e3o \u00e9 percept\u00edvel nem se move, proporcionando m\u00e1xima prote\u00e7\u00e3o e conforto 24 horas por dia.? O <strong>tamp\u00e3o Confort 365<\/strong> \u00e9 uma esponja vaginal que oferece o que outros tamp\u00f5es n\u00e3o oferecem:<\/p>\n<ul>\n<li><strong>ESPONJA MENSTRUAL PARA SEXO<\/strong><\/li>\n<\/ul>\n<p>Permite uma vantagem \u00fanica: poder\u00e1 desfrutar das suas rela\u00e7\u00f5es sexuais com total tranquilidade, sem riscos, gra\u00e7as \u00e0 sua discri\u00e7\u00e3o e seguran\u00e7a: sem manchas ou fugas de fluidos menstruais durante a rela\u00e7\u00e3o. Sem que o casal perceba.<\/p>\n<p>Para mulheres que n\u00e3o querem se preocupar com os len\u00e7\u00f3is, o banho ou simplesmente ter que dizer N\u00c3O ou esperar o fim da menstrua\u00e7\u00e3o.<br \/>Para mulheres que n\u00e3o podem interromper o trabalho devido \u00e0 menstrua\u00e7\u00e3o e desejam um produto com o qual realmente se sintam confort\u00e1veis e confiantes.<\/p>\n<ul>\n<li><strong>MUITO MAIS CONFORT\u00c1VEL DO QUE UM TAMP\u00c3O NORMAL<\/strong><\/li>\n<\/ul>\n<p><strong>Confort 365<\/strong> \u00e9 uma esponja vaginal hipoalerg\u00e9nica, f\u00e1cil de aplicar e sem o t\u00edpico cord\u00e3o irritante, que gra\u00e7as ao seu formato \u00e9 muito f\u00e1cil de inserir e retirar.<\/p>\n<p>Indicado para mulheres com alergia ao algod\u00e3o ou celulose por ser feito de poliuretano. Sem odores desagrad\u00e1veis.<\/p>\n<p>Pode ser usado por at\u00e9 8 horas. Uso \u00fanico.<\/p>\n<p>\u00a0<\/p>\n<p><u><strong>Vantagens:<\/strong><\/u><\/p>\n<ul>\n<li><u>Sem cord\u00e3o<\/u> : Prote\u00e7\u00e3o invis\u00edvel e indetect\u00e1vel perfeita para usar com biqu\u00edni, piscina ou roupas justas.<\/li>\n<li><u>Lubrificado e Hipoalerg\u00eanico<\/u> : Macio, n\u00e3o resseca e pode ser facilmente inserido mesmo em dias de menor fluxo. N\u00e3o causa irrita\u00e7\u00e3o nem altera o pH da vagina.<\/li>\n<li><u>Vantagem \u00fanica<\/u> : Permite ter rela\u00e7\u00f5es sexuais sem que o parceiro perceba ou se suje.<\/li>\n<li><u>Adapta-se a voc\u00ea<\/u> : Seu formato macio e flex\u00edvel se adapta perfeitamente ao corpo feminino.<\/li>\n<li><u>Confort\u00e1vel<\/u> : N\u00e3o se move, n\u00e3o \u00e9 percept\u00edvel.<\/li>\n<li><u>Seguro:<\/u> O \u00fanico tamp\u00e3o com Certificados Iso e C\u00f3digo Farmac\u00eautico Nacional fabricado na Europa. Seu pr\u00e1tico furo permite f\u00e1cil coloca\u00e7\u00e3o e remo\u00e7\u00e3o.<\/li>\n<\/ul>\n<p>\u00a0<\/p>\n<p><u><strong>COMO US\u00c1-LO?<\/strong><\/u><\/p>\n<p>A <strong>esponja Confort 365<\/strong> j\u00e1 vem pronta para colocar e se adapta perfeitamente ao formato do corpo feminino. Gra\u00e7as ao seu gel deslizante e \u00e0 sua estrutura macia e arredondada, s\u00e3o muito f\u00e1ceis de inserir e, com a sua pequena abertura, tamb\u00e9m muito f\u00e1ceis de remover.<\/p>\n<p>O gel deslizante \u00e9 ass\u00e9ptico, proporcionando maior prote\u00e7\u00e3o e mantendo o equil\u00edbrio natural da mucosa vaginal. Depois que seus clientes souberem disso, eles n\u00e3o v\u00e3o querer outro. O <strong>tamp\u00e3o Confort 365<\/strong> \u00e9 a esponja menstrual mais confort\u00e1vel que existe.<\/p>\n","protected":false},"excerpt":{"rendered":"<p>CONFORT 365 &#8211; TAMP\u00c3O ESPONJA VAGINAL LUBRIFICADA &#8211; 3 UNIDADES<\/p>\n","protected":false},"featured_media":57271,"template":"","meta":{"_acf_changed":false},"product_brand":[],"product_cat":[49,72,15],"product_tag":[],"class_list":{"0":"post-44044","1":"product","2":"type-product","3":"status-publish","4":"has-post-thumbnail","6":"product_cat-cosmeticos","7":"product_cat-higiene-intima","8":"product_cat-loja","9":"yith_product_brand-confort-365","11":"first","12":"instock","13":"taxable","14":"shipping-taxable","15":"purchasable","16":"product-type-simple"},"acf":[],"yoast_head":"<!-- This site is optimized with the Yoast SEO plugin v27.4 - https:\/\/yoast.com\/product\/yoast-seo-wordpress\/ -->\n<title>CONFORT 365 - TAMP\u00c3O ESPONJA VAGINAL LUBRIFICADA - 3 UNIDADES - Lovme<\/title>\n<meta name=\"robots\" content=\"index, follow, max-snippet:-1, max-image-preview:large, max-video-preview:-1\" \/>\n<link rel=\"canonical\" href=\"https:\/\/lovme.pt\/index.php\/produto\/confort-365-tampao-esponja-vaginal-lubrificada-3-unidades\/\" \/>\n<meta property=\"og:locale\" content=\"pt_PT\" \/>\n<meta property=\"og:type\" content=\"article\" \/>\n<meta property=\"og:title\" content=\"CONFORT 365 - TAMP\u00c3O ESPONJA VAGINAL LUBRIFICADA - 3 UNIDADES - Lovme\" \/>\n<meta property=\"og:description\" content=\"CONFORT 365 - TAMP\u00c3O ESPONJA VAGINAL LUBRIFICADA - 3 UNIDADES\" \/>\n<meta property=\"og:url\" content=\"https:\/\/lovme.pt\/index.php\/produto\/confort-365-tampao-esponja-vaginal-lubrificada-3-unidades\/\" \/>\n<meta property=\"og:site_name\" content=\"Lovme\" \/>\n<meta property=\"article:modified_time\" content=\"2026-02-19T20:05:22+00:00\" \/>\n<meta property=\"og:image\" content=\"https:\/\/erki24nd3ub.exactdn.com\/wp-content\/uploads\/dream\/img\/img_149536_38a215df07854c3dd7791d04696d5dda_1.jpg?strip=all\" \/>\n\t<meta property=\"og:image:width\" content=\"800\" \/>\n\t<meta property=\"og:image:height\" content=\"800\" \/>\n\t<meta property=\"og:image:type\" content=\"image\/jpeg\" \/>\n<meta name=\"twitter:card\" content=\"summary_large_image\" \/>\n<meta name=\"twitter:label1\" content=\"Tempo estimado de leitura\" \/>\n\t<meta name=\"twitter:data1\" content=\"2 minutos\" \/>\n<script type=\"application\/ld+json\" class=\"yoast-schema-graph\">{\"@context\":\"https:\\\/\\\/schema.org\",\"@graph\":[{\"@type\":\"WebPage\",\"@id\":\"https:\\\/\\\/lovme.pt\\\/index.php\\\/produto\\\/confort-365-tampao-esponja-vaginal-lubrificada-3-unidades\\\/\",\"url\":\"https:\\\/\\\/lovme.pt\\\/index.php\\\/produto\\\/confort-365-tampao-esponja-vaginal-lubrificada-3-unidades\\\/\",\"name\":\"CONFORT 365 - TAMP\u00c3O ESPONJA VAGINAL LUBRIFICADA - 3 UNIDADES - Lovme\",\"isPartOf\":{\"@id\":\"https:\\\/\\\/lovme.pt\\\/#website\"},\"primaryImageOfPage\":{\"@id\":\"https:\\\/\\\/lovme.pt\\\/index.php\\\/produto\\\/confort-365-tampao-esponja-vaginal-lubrificada-3-unidades\\\/#primaryimage\"},\"image\":{\"@id\":\"https:\\\/\\\/lovme.pt\\\/index.php\\\/produto\\\/confort-365-tampao-esponja-vaginal-lubrificada-3-unidades\\\/#primaryimage\"},\"thumbnailUrl\":\"https:\\\/\\\/erki24nd3ub.exactdn.com\\\/wp-content\\\/uploads\\\/dream\\\/img\\\/img_149536_38a215df07854c3dd7791d04696d5dda_1.jpg?strip=all\",\"datePublished\":\"2025-09-30T09:48:07+00:00\",\"dateModified\":\"2026-02-19T20:05:22+00:00\",\"breadcrumb\":{\"@id\":\"https:\\\/\\\/lovme.pt\\\/index.php\\\/produto\\\/confort-365-tampao-esponja-vaginal-lubrificada-3-unidades\\\/#breadcrumb\"},\"inLanguage\":\"pt-PT\",\"potentialAction\":[{\"@type\":\"ReadAction\",\"target\":[\"https:\\\/\\\/lovme.pt\\\/index.php\\\/produto\\\/confort-365-tampao-esponja-vaginal-lubrificada-3-unidades\\\/\"]}]},{\"@type\":\"ImageObject\",\"inLanguage\":\"pt-PT\",\"@id\":\"https:\\\/\\\/lovme.pt\\\/index.php\\\/produto\\\/confort-365-tampao-esponja-vaginal-lubrificada-3-unidades\\\/#primaryimage\",\"url\":\"https:\\\/\\\/erki24nd3ub.exactdn.com\\\/wp-content\\\/uploads\\\/dream\\\/img\\\/img_149536_38a215df07854c3dd7791d04696d5dda_1.jpg?strip=all\",\"contentUrl\":\"https:\\\/\\\/erki24nd3ub.exactdn.com\\\/wp-content\\\/uploads\\\/dream\\\/img\\\/img_149536_38a215df07854c3dd7791d04696d5dda_1.jpg?strip=all\",\"width\":800,\"height\":800},{\"@type\":\"BreadcrumbList\",\"@id\":\"https:\\\/\\\/lovme.pt\\\/index.php\\\/produto\\\/confort-365-tampao-esponja-vaginal-lubrificada-3-unidades\\\/#breadcrumb\",\"itemListElement\":[{\"@type\":\"ListItem\",\"position\":1,\"name\":\"In\u00edcio\",\"item\":\"https:\\\/\\\/lovme.pt\\\/\"},{\"@type\":\"ListItem\",\"position\":2,\"name\":\"Loja\",\"item\":\"https:\\\/\\\/lovme.pt\\\/index.php\\\/loja\\\/\"},{\"@type\":\"ListItem\",\"position\":3,\"name\":\"CONFORT 365 &#8211; TAMP\u00c3O ESPONJA VAGINAL LUBRIFICADA &#8211; 3 UNIDADES\"}]},{\"@type\":\"WebSite\",\"@id\":\"https:\\\/\\\/lovme.pt\\\/#website\",\"url\":\"https:\\\/\\\/lovme.pt\\\/\",\"name\":\"Lovme Loja Er\u00f3tica N\u00ba1 em Portugal\",\"description\":\"A melhor loja er\u00f3tica de Portugal.\",\"alternateName\":\"Loja Er\u00f3tica Lovme\",\"potentialAction\":[{\"@type\":\"SearchAction\",\"target\":{\"@type\":\"EntryPoint\",\"urlTemplate\":\"https:\\\/\\\/lovme.pt\\\/?s={search_term_string}\"},\"query-input\":{\"@type\":\"PropertyValueSpecification\",\"valueRequired\":true,\"valueName\":\"search_term_string\"}}],\"inLanguage\":\"pt-PT\"}]}<\/script>\n<!-- \/ Yoast SEO plugin. -->","yoast_head_json":{"title":"CONFORT 365 - TAMP\u00c3O ESPONJA VAGINAL LUBRIFICADA - 3 UNIDADES - Lovme","robots":{"index":"index","follow":"follow","max-snippet":"max-snippet:-1","max-image-preview":"max-image-preview:large","max-video-preview":"max-video-preview:-1"},"canonical":"https:\/\/lovme.pt\/index.php\/produto\/confort-365-tampao-esponja-vaginal-lubrificada-3-unidades\/","og_locale":"pt_PT","og_type":"article","og_title":"CONFORT 365 - TAMP\u00c3O ESPONJA VAGINAL LUBRIFICADA - 3 UNIDADES - Lovme","og_description":"CONFORT 365 - TAMP\u00c3O ESPONJA VAGINAL LUBRIFICADA - 3 UNIDADES","og_url":"https:\/\/lovme.pt\/index.php\/produto\/confort-365-tampao-esponja-vaginal-lubrificada-3-unidades\/","og_site_name":"Lovme","article_modified_time":"2026-02-19T20:05:22+00:00","og_image":[{"width":800,"height":800,"url":"https:\/\/erki24nd3ub.exactdn.com\/wp-content\/uploads\/dream\/img\/img_149536_38a215df07854c3dd7791d04696d5dda_1.jpg?strip=all","type":"image\/jpeg"}],"twitter_card":"summary_large_image","twitter_misc":{"Tempo estimado de leitura":"2 minutos"},"schema":{"@context":"https:\/\/schema.org","@graph":[{"@type":"WebPage","@id":"https:\/\/lovme.pt\/index.php\/produto\/confort-365-tampao-esponja-vaginal-lubrificada-3-unidades\/","url":"https:\/\/lovme.pt\/index.php\/produto\/confort-365-tampao-esponja-vaginal-lubrificada-3-unidades\/","name":"CONFORT 365 - TAMP\u00c3O ESPONJA VAGINAL LUBRIFICADA - 3 UNIDADES - Lovme","isPartOf":{"@id":"https:\/\/lovme.pt\/#website"},"primaryImageOfPage":{"@id":"https:\/\/lovme.pt\/index.php\/produto\/confort-365-tampao-esponja-vaginal-lubrificada-3-unidades\/#primaryimage"},"image":{"@id":"https:\/\/lovme.pt\/index.php\/produto\/confort-365-tampao-esponja-vaginal-lubrificada-3-unidades\/#primaryimage"},"thumbnailUrl":"https:\/\/erki24nd3ub.exactdn.com\/wp-content\/uploads\/dream\/img\/img_149536_38a215df07854c3dd7791d04696d5dda_1.jpg?strip=all","datePublished":"2025-09-30T09:48:07+00:00","dateModified":"2026-02-19T20:05:22+00:00","breadcrumb":{"@id":"https:\/\/lovme.pt\/index.php\/produto\/confort-365-tampao-esponja-vaginal-lubrificada-3-unidades\/#breadcrumb"},"inLanguage":"pt-PT","potentialAction":[{"@type":"ReadAction","target":["https:\/\/lovme.pt\/index.php\/produto\/confort-365-tampao-esponja-vaginal-lubrificada-3-unidades\/"]}]},{"@type":"ImageObject","inLanguage":"pt-PT","@id":"https:\/\/lovme.pt\/index.php\/produto\/confort-365-tampao-esponja-vaginal-lubrificada-3-unidades\/#primaryimage","url":"https:\/\/erki24nd3ub.exactdn.com\/wp-content\/uploads\/dream\/img\/img_149536_38a215df07854c3dd7791d04696d5dda_1.jpg?strip=all","contentUrl":"https:\/\/erki24nd3ub.exactdn.com\/wp-content\/uploads\/dream\/img\/img_149536_38a215df07854c3dd7791d04696d5dda_1.jpg?strip=all","width":800,"height":800},{"@type":"BreadcrumbList","@id":"https:\/\/lovme.pt\/index.php\/produto\/confort-365-tampao-esponja-vaginal-lubrificada-3-unidades\/#breadcrumb","itemListElement":[{"@type":"ListItem","position":1,"name":"In\u00edcio","item":"https:\/\/lovme.pt\/"},{"@type":"ListItem","position":2,"name":"Loja","item":"https:\/\/lovme.pt\/index.php\/loja\/"},{"@type":"ListItem","position":3,"name":"CONFORT 365 &#8211; TAMP\u00c3O ESPONJA VAGINAL LUBRIFICADA &#8211; 3 UNIDADES"}]},{"@type":"WebSite","@id":"https:\/\/lovme.pt\/#website","url":"https:\/\/lovme.pt\/","name":"Lovme Loja Er\u00f3tica N\u00ba1 em Portugal","description":"A melhor loja er\u00f3tica de Portugal.","alternateName":"Loja Er\u00f3tica Lovme","potentialAction":[{"@type":"SearchAction","target":{"@type":"EntryPoint","urlTemplate":"https:\/\/lovme.pt\/?s={search_term_string}"},"query-input":{"@type":"PropertyValueSpecification","valueRequired":true,"valueName":"search_term_string"}}],"inLanguage":"pt-PT"}]}},"_links":{"self":[{"href":"https:\/\/lovme.pt\/index.php\/wp-json\/wp\/v2\/product\/44044","targetHints":{"allow":["GET"]}}],"collection":[{"href":"https:\/\/lovme.pt\/index.php\/wp-json\/wp\/v2\/product"}],"about":[{"href":"https:\/\/lovme.pt\/index.php\/wp-json\/wp\/v2\/types\/product"}],"wp:featuredmedia":[{"embeddable":true,"href":"https:\/\/lovme.pt\/index.php\/wp-json\/wp\/v2\/media\/57271"}],"wp:attachment":[{"href":"https:\/\/lovme.pt\/index.php\/wp-json\/wp\/v2\/media?parent=44044"}],"wp:term":[{"taxonomy":"product_brand","embeddable":true,"href":"https:\/\/lovme.pt\/index.php\/wp-json\/wp\/v2\/product_brand?post=44044"},{"taxonomy":"product_cat","embeddable":true,"href":"https:\/\/lovme.pt\/index.php\/wp-json\/wp\/v2\/product_cat?post=44044"},{"taxonomy":"product_tag","embeddable":true,"href":"https:\/\/lovme.pt\/index.php\/wp-json\/wp\/v2\/product_tag?post=44044"}],"curies":[{"name":"wp","href":"https:\/\/api.w.org\/{rel}","templated":true}]}}