{"id":44039,"date":"2025-09-30T10:11:42","date_gmt":"2025-09-30T10:11:42","guid":{"rendered":"https:\/\/lovme.pt\/?post_type=product&p=44039"},"modified":"2026-02-19T20:06:53","modified_gmt":"2026-02-19T20:06:53","slug":"private-base-de-succao-de-tubo-para-masturbador","status":"publish","type":"product","link":"https:\/\/lovme.pt\/index.php\/produto\/private-base-de-succao-de-tubo-para-masturbador\/","title":{"rendered":"PRIVATE &#8211; BASE DE SUC\u00c7\u00c3O DE TUBO PARA MASTURBADOR"},"content":{"rendered":"<p>Quer experimentar algum prazer <strong>PRIVADO<\/strong> sexy com as m\u00e3os livres? Ent\u00e3o voc\u00ea precisa do acess\u00f3rio <strong>Base de Suc\u00e7\u00e3o Tubo<\/strong> <strong>PRIVADO<\/strong> na sua vida!<\/p>\n<p>Este dispositivo permite que voc\u00ea prenda seus tubos masturbadores <strong>PRIVADOS<\/strong> favoritos com seguran\u00e7a na parede do chuveiro, permitindo muitas op\u00e7\u00f5es de jogo novas e emocionantes.<\/p>\n<p>Fabricada com materiais premium para garantir uma ader\u00eancia s\u00f3lida e antiderrapante: a Base de Suc\u00e7\u00e3o Tubo <strong>PRIVATE<\/strong> segue os mais altos padr\u00f5es de qualidade. Mime-se com este acess\u00f3rio <strong>PRIVADO<\/strong> indispens\u00e1vel e eleve a sua satisfa\u00e7\u00e3o a novos patamares!<\/p>\n<p>\u00a0<\/p>\n<p><strong>PRIVATE<\/strong> \u00e9 l\u00edder mundial em entretenimento adulto de qualidade premium, com conte\u00fado sexy desde 1965. Desde cl\u00e1ssicos vintage feitos nos anos 60 at\u00e9 os sucessos de bilheteria modernos dos dias de hoje. Com a introdu\u00e7\u00e3o de brinquedos de masturba\u00e7\u00e3o de alto padr\u00e3o, voc\u00ea pode n\u00e3o apenas assisti-la em <strong>PRIVADO<\/strong> , mas tamb\u00e9m apreci\u00e1-la em carne e osso com seu masturbador <strong>PRIVADO<\/strong> pessoal. Um masturbador <strong>PRIVADO<\/strong> oferece prazer ilimitado, seguro e discreto para o corpo, na palma da sua m\u00e3o.<\/p>\n","protected":false},"excerpt":{"rendered":"<p>PRIVATE &#8211; BASE DE SUC\u00c7\u00c3O DE TUBO PARA MASTURBADOR<\/p>\n","protected":false},"featured_media":63844,"template":"","meta":{"_acf_changed":false},"product_brand":[],"product_cat":[17,60],"product_tag":[],"class_list":{"0":"post-44039","1":"product","2":"type-product","3":"status-publish","4":"has-post-thumbnail","6":"product_cat-brinquedos-de-bem-estar-sexual","7":"product_cat-para-eles","8":"yith_product_brand-private","10":"first","11":"instock","12":"taxable","13":"shipping-taxable","14":"purchasable","15":"product-type-simple"},"acf":[],"yoast_head":"<!-- This site is optimized with the Yoast SEO plugin v27.4 - https:\/\/yoast.com\/product\/yoast-seo-wordpress\/ -->\n<title>PRIVATE - BASE DE SUC\u00c7\u00c3O DE TUBO PARA MASTURBADOR - Lovme<\/title>\n<meta name=\"robots\" content=\"index, follow, max-snippet:-1, max-image-preview:large, max-video-preview:-1\" \/>\n<link rel=\"canonical\" href=\"https:\/\/lovme.pt\/index.php\/produto\/private-base-de-succao-de-tubo-para-masturbador\/\" \/>\n<meta property=\"og:locale\" content=\"pt_PT\" \/>\n<meta property=\"og:type\" content=\"article\" \/>\n<meta property=\"og:title\" content=\"PRIVATE - BASE DE SUC\u00c7\u00c3O DE TUBO PARA MASTURBADOR - Lovme\" \/>\n<meta property=\"og:description\" content=\"PRIVATE - BASE DE SUC\u00c7\u00c3O DE TUBO PARA MASTURBADOR\" \/>\n<meta property=\"og:url\" content=\"https:\/\/lovme.pt\/index.php\/produto\/private-base-de-succao-de-tubo-para-masturbador\/\" \/>\n<meta property=\"og:site_name\" content=\"Lovme\" \/>\n<meta property=\"article:modified_time\" content=\"2026-02-19T20:06:53+00:00\" \/>\n<meta property=\"og:image\" content=\"https:\/\/erki24nd3ub.exactdn.com\/wp-content\/uploads\/dream\/img\/img_149301_f63c1b52a6dccac1106f0c3a4a32b101_1.jpg?strip=all\" \/>\n\t<meta property=\"og:image:width\" content=\"800\" \/>\n\t<meta property=\"og:image:height\" content=\"800\" \/>\n\t<meta property=\"og:image:type\" content=\"image\/jpeg\" \/>\n<meta name=\"twitter:card\" content=\"summary_large_image\" \/>\n<meta name=\"twitter:label1\" content=\"Tempo estimado de leitura\" \/>\n\t<meta name=\"twitter:data1\" content=\"1 minuto\" \/>\n<script type=\"application\/ld+json\" class=\"yoast-schema-graph\">{\"@context\":\"https:\\\/\\\/schema.org\",\"@graph\":[{\"@type\":\"WebPage\",\"@id\":\"https:\\\/\\\/lovme.pt\\\/index.php\\\/produto\\\/private-base-de-succao-de-tubo-para-masturbador\\\/\",\"url\":\"https:\\\/\\\/lovme.pt\\\/index.php\\\/produto\\\/private-base-de-succao-de-tubo-para-masturbador\\\/\",\"name\":\"PRIVATE - BASE DE SUC\u00c7\u00c3O DE TUBO PARA MASTURBADOR - Lovme\",\"isPartOf\":{\"@id\":\"https:\\\/\\\/lovme.pt\\\/#website\"},\"primaryImageOfPage\":{\"@id\":\"https:\\\/\\\/lovme.pt\\\/index.php\\\/produto\\\/private-base-de-succao-de-tubo-para-masturbador\\\/#primaryimage\"},\"image\":{\"@id\":\"https:\\\/\\\/lovme.pt\\\/index.php\\\/produto\\\/private-base-de-succao-de-tubo-para-masturbador\\\/#primaryimage\"},\"thumbnailUrl\":\"https:\\\/\\\/erki24nd3ub.exactdn.com\\\/wp-content\\\/uploads\\\/dream\\\/img\\\/img_149301_f63c1b52a6dccac1106f0c3a4a32b101_1.jpg?strip=all\",\"datePublished\":\"2025-09-30T10:11:42+00:00\",\"dateModified\":\"2026-02-19T20:06:53+00:00\",\"breadcrumb\":{\"@id\":\"https:\\\/\\\/lovme.pt\\\/index.php\\\/produto\\\/private-base-de-succao-de-tubo-para-masturbador\\\/#breadcrumb\"},\"inLanguage\":\"pt-PT\",\"potentialAction\":[{\"@type\":\"ReadAction\",\"target\":[\"https:\\\/\\\/lovme.pt\\\/index.php\\\/produto\\\/private-base-de-succao-de-tubo-para-masturbador\\\/\"]}]},{\"@type\":\"ImageObject\",\"inLanguage\":\"pt-PT\",\"@id\":\"https:\\\/\\\/lovme.pt\\\/index.php\\\/produto\\\/private-base-de-succao-de-tubo-para-masturbador\\\/#primaryimage\",\"url\":\"https:\\\/\\\/erki24nd3ub.exactdn.com\\\/wp-content\\\/uploads\\\/dream\\\/img\\\/img_149301_f63c1b52a6dccac1106f0c3a4a32b101_1.jpg?strip=all\",\"contentUrl\":\"https:\\\/\\\/erki24nd3ub.exactdn.com\\\/wp-content\\\/uploads\\\/dream\\\/img\\\/img_149301_f63c1b52a6dccac1106f0c3a4a32b101_1.jpg?strip=all\",\"width\":800,\"height\":800},{\"@type\":\"BreadcrumbList\",\"@id\":\"https:\\\/\\\/lovme.pt\\\/index.php\\\/produto\\\/private-base-de-succao-de-tubo-para-masturbador\\\/#breadcrumb\",\"itemListElement\":[{\"@type\":\"ListItem\",\"position\":1,\"name\":\"In\u00edcio\",\"item\":\"https:\\\/\\\/lovme.pt\\\/\"},{\"@type\":\"ListItem\",\"position\":2,\"name\":\"Loja\",\"item\":\"https:\\\/\\\/lovme.pt\\\/index.php\\\/loja\\\/\"},{\"@type\":\"ListItem\",\"position\":3,\"name\":\"PRIVATE &#8211; BASE DE SUC\u00c7\u00c3O DE TUBO PARA MASTURBADOR\"}]},{\"@type\":\"WebSite\",\"@id\":\"https:\\\/\\\/lovme.pt\\\/#website\",\"url\":\"https:\\\/\\\/lovme.pt\\\/\",\"name\":\"Lovme Loja Er\u00f3tica N\u00ba1 em Portugal\",\"description\":\"A melhor loja er\u00f3tica de Portugal.\",\"alternateName\":\"Loja Er\u00f3tica Lovme\",\"potentialAction\":[{\"@type\":\"SearchAction\",\"target\":{\"@type\":\"EntryPoint\",\"urlTemplate\":\"https:\\\/\\\/lovme.pt\\\/?s={search_term_string}\"},\"query-input\":{\"@type\":\"PropertyValueSpecification\",\"valueRequired\":true,\"valueName\":\"search_term_string\"}}],\"inLanguage\":\"pt-PT\"}]}<\/script>\n<!-- \/ Yoast SEO plugin. -->","yoast_head_json":{"title":"PRIVATE - BASE DE SUC\u00c7\u00c3O DE TUBO PARA MASTURBADOR - Lovme","robots":{"index":"index","follow":"follow","max-snippet":"max-snippet:-1","max-image-preview":"max-image-preview:large","max-video-preview":"max-video-preview:-1"},"canonical":"https:\/\/lovme.pt\/index.php\/produto\/private-base-de-succao-de-tubo-para-masturbador\/","og_locale":"pt_PT","og_type":"article","og_title":"PRIVATE - BASE DE SUC\u00c7\u00c3O DE TUBO PARA MASTURBADOR - Lovme","og_description":"PRIVATE - BASE DE SUC\u00c7\u00c3O DE TUBO PARA MASTURBADOR","og_url":"https:\/\/lovme.pt\/index.php\/produto\/private-base-de-succao-de-tubo-para-masturbador\/","og_site_name":"Lovme","article_modified_time":"2026-02-19T20:06:53+00:00","og_image":[{"width":800,"height":800,"url":"https:\/\/erki24nd3ub.exactdn.com\/wp-content\/uploads\/dream\/img\/img_149301_f63c1b52a6dccac1106f0c3a4a32b101_1.jpg?strip=all","type":"image\/jpeg"}],"twitter_card":"summary_large_image","twitter_misc":{"Tempo estimado de leitura":"1 minuto"},"schema":{"@context":"https:\/\/schema.org","@graph":[{"@type":"WebPage","@id":"https:\/\/lovme.pt\/index.php\/produto\/private-base-de-succao-de-tubo-para-masturbador\/","url":"https:\/\/lovme.pt\/index.php\/produto\/private-base-de-succao-de-tubo-para-masturbador\/","name":"PRIVATE - BASE DE SUC\u00c7\u00c3O DE TUBO PARA MASTURBADOR - Lovme","isPartOf":{"@id":"https:\/\/lovme.pt\/#website"},"primaryImageOfPage":{"@id":"https:\/\/lovme.pt\/index.php\/produto\/private-base-de-succao-de-tubo-para-masturbador\/#primaryimage"},"image":{"@id":"https:\/\/lovme.pt\/index.php\/produto\/private-base-de-succao-de-tubo-para-masturbador\/#primaryimage"},"thumbnailUrl":"https:\/\/erki24nd3ub.exactdn.com\/wp-content\/uploads\/dream\/img\/img_149301_f63c1b52a6dccac1106f0c3a4a32b101_1.jpg?strip=all","datePublished":"2025-09-30T10:11:42+00:00","dateModified":"2026-02-19T20:06:53+00:00","breadcrumb":{"@id":"https:\/\/lovme.pt\/index.php\/produto\/private-base-de-succao-de-tubo-para-masturbador\/#breadcrumb"},"inLanguage":"pt-PT","potentialAction":[{"@type":"ReadAction","target":["https:\/\/lovme.pt\/index.php\/produto\/private-base-de-succao-de-tubo-para-masturbador\/"]}]},{"@type":"ImageObject","inLanguage":"pt-PT","@id":"https:\/\/lovme.pt\/index.php\/produto\/private-base-de-succao-de-tubo-para-masturbador\/#primaryimage","url":"https:\/\/erki24nd3ub.exactdn.com\/wp-content\/uploads\/dream\/img\/img_149301_f63c1b52a6dccac1106f0c3a4a32b101_1.jpg?strip=all","contentUrl":"https:\/\/erki24nd3ub.exactdn.com\/wp-content\/uploads\/dream\/img\/img_149301_f63c1b52a6dccac1106f0c3a4a32b101_1.jpg?strip=all","width":800,"height":800},{"@type":"BreadcrumbList","@id":"https:\/\/lovme.pt\/index.php\/produto\/private-base-de-succao-de-tubo-para-masturbador\/#breadcrumb","itemListElement":[{"@type":"ListItem","position":1,"name":"In\u00edcio","item":"https:\/\/lovme.pt\/"},{"@type":"ListItem","position":2,"name":"Loja","item":"https:\/\/lovme.pt\/index.php\/loja\/"},{"@type":"ListItem","position":3,"name":"PRIVATE &#8211; BASE DE SUC\u00c7\u00c3O DE TUBO PARA MASTURBADOR"}]},{"@type":"WebSite","@id":"https:\/\/lovme.pt\/#website","url":"https:\/\/lovme.pt\/","name":"Lovme Loja Er\u00f3tica N\u00ba1 em Portugal","description":"A melhor loja er\u00f3tica de Portugal.","alternateName":"Loja Er\u00f3tica Lovme","potentialAction":[{"@type":"SearchAction","target":{"@type":"EntryPoint","urlTemplate":"https:\/\/lovme.pt\/?s={search_term_string}"},"query-input":{"@type":"PropertyValueSpecification","valueRequired":true,"valueName":"search_term_string"}}],"inLanguage":"pt-PT"}]}},"_links":{"self":[{"href":"https:\/\/lovme.pt\/index.php\/wp-json\/wp\/v2\/product\/44039","targetHints":{"allow":["GET"]}}],"collection":[{"href":"https:\/\/lovme.pt\/index.php\/wp-json\/wp\/v2\/product"}],"about":[{"href":"https:\/\/lovme.pt\/index.php\/wp-json\/wp\/v2\/types\/product"}],"wp:featuredmedia":[{"embeddable":true,"href":"https:\/\/lovme.pt\/index.php\/wp-json\/wp\/v2\/media\/63844"}],"wp:attachment":[{"href":"https:\/\/lovme.pt\/index.php\/wp-json\/wp\/v2\/media?parent=44039"}],"wp:term":[{"taxonomy":"product_brand","embeddable":true,"href":"https:\/\/lovme.pt\/index.php\/wp-json\/wp\/v2\/product_brand?post=44039"},{"taxonomy":"product_cat","embeddable":true,"href":"https:\/\/lovme.pt\/index.php\/wp-json\/wp\/v2\/product_cat?post=44039"},{"taxonomy":"product_tag","embeddable":true,"href":"https:\/\/lovme.pt\/index.php\/wp-json\/wp\/v2\/product_tag?post=44039"}],"curies":[{"name":"wp","href":"https:\/\/api.w.org\/{rel}","templated":true}]}}