{"id":44022,"date":"2025-10-01T02:22:01","date_gmt":"2025-10-01T02:22:01","guid":{"rendered":"https:\/\/lovme.pt\/?post_type=product&p=44022"},"modified":"2026-02-19T20:19:03","modified_gmt":"2026-02-19T20:19:03","slug":"private-alexa-tomas-superstar-masturbador-de-buceta","status":"publish","type":"product","link":"https:\/\/lovme.pt\/index.php\/produto\/private-alexa-tomas-superstar-masturbador-de-buceta\/","title":{"rendered":"PRIVATE &#8211; ALEXA TOMAS SUPERSTAR MASTURBADOR DE BUCETA"},"content":{"rendered":"<p>Experimente as curvas desta pequena se\u00f1orita de perto e pessoalmente com o incr\u00edvel masturbador <strong>Alexa Tomas Pussy<\/strong> .<\/p>\n<p>Este design cor de caramelo ir\u00e1 lev\u00e1-lo no passeio da sua vida, exatamente como <strong>Alexa<\/strong> faria. Um item obrigat\u00f3rio para os f\u00e3s da bomba espanhola, a textura interior realista do masturbador e o orif\u00edcio vaginal apertado proporcionar\u00e3o uma estimula\u00e7\u00e3o sensacional, exatamente onde voc\u00ea deseja. Feita de materiais premium e seguindo o mais alto padr\u00e3o de qualidade, a <strong>Alexa Tomas Pussy<\/strong> \u00e9 uma escolha dur\u00e1vel, segura para o corpo e emocionante no prazer \u00edntimo!  <strong>Alexa<\/strong> Tomas \u00e9 uma verdadeira Superstar <strong>PRIVADA<\/strong> !<\/p>\n<p>Esta sexy megera espanhola pode ser pequena em altura, mas tem um grande apetite por prazer. <strong>Alexa<\/strong> pode parecer um pouco t\u00edmida, mas quando voc\u00ea a deixa nua, seu corpo agitado e sua mente travessa est\u00e3o prontos para qualquer coisa. Oral, anal, qualquer buraco: esta t\u00edmida se\u00f1orita simplesmente n\u00e3o consegue resistir \u00e0 tenta\u00e7\u00e3o apaixonada de um pau duro como pedra. Esta estrela em ascens\u00e3o est\u00e1 conquistando rapidamente o mundo do porn\u00f4, e agora voc\u00ea pode conquistar suas curvas apertadas e convidativas em <strong>PRIVADO<\/strong> !<\/p>\n<p>\u00a0<\/p>\n<p><strong>PRIVATE<\/strong> \u00e9 l\u00edder mundial em entretenimento adulto premium, com conte\u00fado sexy desde 1965. Desde cl\u00e1ssicos antigos feitos na d\u00e9cada de 1960 at\u00e9 sucessos de bilheteria modernos e atuais. Com a introdu\u00e7\u00e3o de brinquedos de masturba\u00e7\u00e3o de alta qualidade, voc\u00ea n\u00e3o s\u00f3 pode v\u00ea-los no <strong>PRIVADO<\/strong> , mas tamb\u00e9m pode aproveit\u00e1-los pessoalmente com seu masturbador <strong>PRIVADO<\/strong> . funcion\u00e1rios. Um masturbador <strong>PRIVADO<\/strong> oferece prazer ilimitado, seguro para o corpo e discreto, na palma da sua m\u00e3o.<\/p>\n","protected":false},"excerpt":{"rendered":"<p>PRIVATE &#8211; ALEXA TOMAS SUPERSTAR MASTURBADOR DE BUCETA<\/p>\n","protected":false},"featured_media":96445,"template":"","meta":{"_acf_changed":false},"product_brand":[],"product_cat":[17,58,60],"product_tag":[],"class_list":{"0":"post-44022","1":"product","2":"type-product","3":"status-publish","4":"has-post-thumbnail","6":"product_cat-brinquedos-de-bem-estar-sexual","7":"product_cat-masturbadores-para-penis","8":"product_cat-para-eles","9":"yith_product_brand-private","11":"first","12":"instock","13":"taxable","14":"shipping-taxable","15":"purchasable","16":"product-type-simple"},"acf":[],"yoast_head":"<!-- This site is optimized with the Yoast SEO plugin v27.4 - https:\/\/yoast.com\/product\/yoast-seo-wordpress\/ -->\n<title>PRIVATE - ALEXA TOMAS SUPERSTAR MASTURBADOR DE BUCETA - Lovme<\/title>\n<meta name=\"robots\" content=\"index, follow, max-snippet:-1, max-image-preview:large, max-video-preview:-1\" \/>\n<link rel=\"canonical\" href=\"https:\/\/lovme.pt\/index.php\/produto\/private-alexa-tomas-superstar-masturbador-de-buceta\/\" \/>\n<meta property=\"og:locale\" content=\"pt_PT\" \/>\n<meta property=\"og:type\" content=\"article\" \/>\n<meta property=\"og:title\" content=\"PRIVATE - ALEXA TOMAS SUPERSTAR MASTURBADOR DE BUCETA - Lovme\" \/>\n<meta property=\"og:description\" content=\"PRIVATE - ALEXA TOMAS SUPERSTAR MASTURBADOR DE BUCETA\" \/>\n<meta property=\"og:url\" content=\"https:\/\/lovme.pt\/index.php\/produto\/private-alexa-tomas-superstar-masturbador-de-buceta\/\" \/>\n<meta property=\"og:site_name\" content=\"Lovme\" \/>\n<meta property=\"article:modified_time\" content=\"2026-02-19T20:19:03+00:00\" \/>\n<meta property=\"og:image\" content=\"https:\/\/erki24nd3ub.exactdn.com\/wp-content\/uploads\/dream\/img\/img_149450_7ff94ad21c86148a010722f97dfeeb51_1.jpg?strip=all\" \/>\n\t<meta property=\"og:image:width\" content=\"800\" \/>\n\t<meta property=\"og:image:height\" content=\"800\" \/>\n\t<meta property=\"og:image:type\" content=\"image\/jpeg\" \/>\n<meta name=\"twitter:card\" content=\"summary_large_image\" \/>\n<meta name=\"twitter:label1\" content=\"Tempo estimado de leitura\" \/>\n\t<meta name=\"twitter:data1\" content=\"1 minuto\" \/>\n<script type=\"application\/ld+json\" class=\"yoast-schema-graph\">{\"@context\":\"https:\\\/\\\/schema.org\",\"@graph\":[{\"@type\":\"WebPage\",\"@id\":\"https:\\\/\\\/lovme.pt\\\/index.php\\\/produto\\\/private-alexa-tomas-superstar-masturbador-de-buceta\\\/\",\"url\":\"https:\\\/\\\/lovme.pt\\\/index.php\\\/produto\\\/private-alexa-tomas-superstar-masturbador-de-buceta\\\/\",\"name\":\"PRIVATE - ALEXA TOMAS SUPERSTAR MASTURBADOR DE BUCETA - Lovme\",\"isPartOf\":{\"@id\":\"https:\\\/\\\/lovme.pt\\\/#website\"},\"primaryImageOfPage\":{\"@id\":\"https:\\\/\\\/lovme.pt\\\/index.php\\\/produto\\\/private-alexa-tomas-superstar-masturbador-de-buceta\\\/#primaryimage\"},\"image\":{\"@id\":\"https:\\\/\\\/lovme.pt\\\/index.php\\\/produto\\\/private-alexa-tomas-superstar-masturbador-de-buceta\\\/#primaryimage\"},\"thumbnailUrl\":\"https:\\\/\\\/erki24nd3ub.exactdn.com\\\/wp-content\\\/uploads\\\/dream\\\/img\\\/img_149450_7ff94ad21c86148a010722f97dfeeb51_1.jpg?strip=all\",\"datePublished\":\"2025-10-01T02:22:01+00:00\",\"dateModified\":\"2026-02-19T20:19:03+00:00\",\"breadcrumb\":{\"@id\":\"https:\\\/\\\/lovme.pt\\\/index.php\\\/produto\\\/private-alexa-tomas-superstar-masturbador-de-buceta\\\/#breadcrumb\"},\"inLanguage\":\"pt-PT\",\"potentialAction\":[{\"@type\":\"ReadAction\",\"target\":[\"https:\\\/\\\/lovme.pt\\\/index.php\\\/produto\\\/private-alexa-tomas-superstar-masturbador-de-buceta\\\/\"]}]},{\"@type\":\"ImageObject\",\"inLanguage\":\"pt-PT\",\"@id\":\"https:\\\/\\\/lovme.pt\\\/index.php\\\/produto\\\/private-alexa-tomas-superstar-masturbador-de-buceta\\\/#primaryimage\",\"url\":\"https:\\\/\\\/erki24nd3ub.exactdn.com\\\/wp-content\\\/uploads\\\/dream\\\/img\\\/img_149450_7ff94ad21c86148a010722f97dfeeb51_1.jpg?strip=all\",\"contentUrl\":\"https:\\\/\\\/erki24nd3ub.exactdn.com\\\/wp-content\\\/uploads\\\/dream\\\/img\\\/img_149450_7ff94ad21c86148a010722f97dfeeb51_1.jpg?strip=all\",\"width\":800,\"height\":800},{\"@type\":\"BreadcrumbList\",\"@id\":\"https:\\\/\\\/lovme.pt\\\/index.php\\\/produto\\\/private-alexa-tomas-superstar-masturbador-de-buceta\\\/#breadcrumb\",\"itemListElement\":[{\"@type\":\"ListItem\",\"position\":1,\"name\":\"In\u00edcio\",\"item\":\"https:\\\/\\\/lovme.pt\\\/\"},{\"@type\":\"ListItem\",\"position\":2,\"name\":\"Loja\",\"item\":\"https:\\\/\\\/lovme.pt\\\/index.php\\\/loja\\\/\"},{\"@type\":\"ListItem\",\"position\":3,\"name\":\"PRIVATE &#8211; ALEXA TOMAS SUPERSTAR MASTURBADOR DE BUCETA\"}]},{\"@type\":\"WebSite\",\"@id\":\"https:\\\/\\\/lovme.pt\\\/#website\",\"url\":\"https:\\\/\\\/lovme.pt\\\/\",\"name\":\"Lovme Loja Er\u00f3tica N\u00ba1 em Portugal\",\"description\":\"A melhor loja er\u00f3tica de Portugal.\",\"alternateName\":\"Loja Er\u00f3tica Lovme\",\"potentialAction\":[{\"@type\":\"SearchAction\",\"target\":{\"@type\":\"EntryPoint\",\"urlTemplate\":\"https:\\\/\\\/lovme.pt\\\/?s={search_term_string}\"},\"query-input\":{\"@type\":\"PropertyValueSpecification\",\"valueRequired\":true,\"valueName\":\"search_term_string\"}}],\"inLanguage\":\"pt-PT\"}]}<\/script>\n<!-- \/ Yoast SEO plugin. -->","yoast_head_json":{"title":"PRIVATE - ALEXA TOMAS SUPERSTAR MASTURBADOR DE BUCETA - Lovme","robots":{"index":"index","follow":"follow","max-snippet":"max-snippet:-1","max-image-preview":"max-image-preview:large","max-video-preview":"max-video-preview:-1"},"canonical":"https:\/\/lovme.pt\/index.php\/produto\/private-alexa-tomas-superstar-masturbador-de-buceta\/","og_locale":"pt_PT","og_type":"article","og_title":"PRIVATE - ALEXA TOMAS SUPERSTAR MASTURBADOR DE BUCETA - Lovme","og_description":"PRIVATE - ALEXA TOMAS SUPERSTAR MASTURBADOR DE BUCETA","og_url":"https:\/\/lovme.pt\/index.php\/produto\/private-alexa-tomas-superstar-masturbador-de-buceta\/","og_site_name":"Lovme","article_modified_time":"2026-02-19T20:19:03+00:00","og_image":[{"width":800,"height":800,"url":"https:\/\/erki24nd3ub.exactdn.com\/wp-content\/uploads\/dream\/img\/img_149450_7ff94ad21c86148a010722f97dfeeb51_1.jpg?strip=all","type":"image\/jpeg"}],"twitter_card":"summary_large_image","twitter_misc":{"Tempo estimado de leitura":"1 minuto"},"schema":{"@context":"https:\/\/schema.org","@graph":[{"@type":"WebPage","@id":"https:\/\/lovme.pt\/index.php\/produto\/private-alexa-tomas-superstar-masturbador-de-buceta\/","url":"https:\/\/lovme.pt\/index.php\/produto\/private-alexa-tomas-superstar-masturbador-de-buceta\/","name":"PRIVATE - ALEXA TOMAS SUPERSTAR MASTURBADOR DE BUCETA - Lovme","isPartOf":{"@id":"https:\/\/lovme.pt\/#website"},"primaryImageOfPage":{"@id":"https:\/\/lovme.pt\/index.php\/produto\/private-alexa-tomas-superstar-masturbador-de-buceta\/#primaryimage"},"image":{"@id":"https:\/\/lovme.pt\/index.php\/produto\/private-alexa-tomas-superstar-masturbador-de-buceta\/#primaryimage"},"thumbnailUrl":"https:\/\/erki24nd3ub.exactdn.com\/wp-content\/uploads\/dream\/img\/img_149450_7ff94ad21c86148a010722f97dfeeb51_1.jpg?strip=all","datePublished":"2025-10-01T02:22:01+00:00","dateModified":"2026-02-19T20:19:03+00:00","breadcrumb":{"@id":"https:\/\/lovme.pt\/index.php\/produto\/private-alexa-tomas-superstar-masturbador-de-buceta\/#breadcrumb"},"inLanguage":"pt-PT","potentialAction":[{"@type":"ReadAction","target":["https:\/\/lovme.pt\/index.php\/produto\/private-alexa-tomas-superstar-masturbador-de-buceta\/"]}]},{"@type":"ImageObject","inLanguage":"pt-PT","@id":"https:\/\/lovme.pt\/index.php\/produto\/private-alexa-tomas-superstar-masturbador-de-buceta\/#primaryimage","url":"https:\/\/erki24nd3ub.exactdn.com\/wp-content\/uploads\/dream\/img\/img_149450_7ff94ad21c86148a010722f97dfeeb51_1.jpg?strip=all","contentUrl":"https:\/\/erki24nd3ub.exactdn.com\/wp-content\/uploads\/dream\/img\/img_149450_7ff94ad21c86148a010722f97dfeeb51_1.jpg?strip=all","width":800,"height":800},{"@type":"BreadcrumbList","@id":"https:\/\/lovme.pt\/index.php\/produto\/private-alexa-tomas-superstar-masturbador-de-buceta\/#breadcrumb","itemListElement":[{"@type":"ListItem","position":1,"name":"In\u00edcio","item":"https:\/\/lovme.pt\/"},{"@type":"ListItem","position":2,"name":"Loja","item":"https:\/\/lovme.pt\/index.php\/loja\/"},{"@type":"ListItem","position":3,"name":"PRIVATE &#8211; ALEXA TOMAS SUPERSTAR MASTURBADOR DE BUCETA"}]},{"@type":"WebSite","@id":"https:\/\/lovme.pt\/#website","url":"https:\/\/lovme.pt\/","name":"Lovme Loja Er\u00f3tica N\u00ba1 em Portugal","description":"A melhor loja er\u00f3tica de Portugal.","alternateName":"Loja Er\u00f3tica Lovme","potentialAction":[{"@type":"SearchAction","target":{"@type":"EntryPoint","urlTemplate":"https:\/\/lovme.pt\/?s={search_term_string}"},"query-input":{"@type":"PropertyValueSpecification","valueRequired":true,"valueName":"search_term_string"}}],"inLanguage":"pt-PT"}]}},"_links":{"self":[{"href":"https:\/\/lovme.pt\/index.php\/wp-json\/wp\/v2\/product\/44022","targetHints":{"allow":["GET"]}}],"collection":[{"href":"https:\/\/lovme.pt\/index.php\/wp-json\/wp\/v2\/product"}],"about":[{"href":"https:\/\/lovme.pt\/index.php\/wp-json\/wp\/v2\/types\/product"}],"wp:featuredmedia":[{"embeddable":true,"href":"https:\/\/lovme.pt\/index.php\/wp-json\/wp\/v2\/media\/96445"}],"wp:attachment":[{"href":"https:\/\/lovme.pt\/index.php\/wp-json\/wp\/v2\/media?parent=44022"}],"wp:term":[{"taxonomy":"product_brand","embeddable":true,"href":"https:\/\/lovme.pt\/index.php\/wp-json\/wp\/v2\/product_brand?post=44022"},{"taxonomy":"product_cat","embeddable":true,"href":"https:\/\/lovme.pt\/index.php\/wp-json\/wp\/v2\/product_cat?post=44022"},{"taxonomy":"product_tag","embeddable":true,"href":"https:\/\/lovme.pt\/index.php\/wp-json\/wp\/v2\/product_tag?post=44022"}],"curies":[{"name":"wp","href":"https:\/\/api.w.org\/{rel}","templated":true}]}}