{"id":43990,"date":"2025-09-30T20:45:33","date_gmt":"2025-09-30T20:45:33","guid":{"rendered":"https:\/\/lovme.pt\/?post_type=product&p=43990"},"modified":"2026-02-19T20:08:51","modified_gmt":"2026-02-19T20:08:51","slug":"intense-vibrador-multifuno-toky-para-cima-e-para-baixo-com-estimulador-clitorico-amarelo","status":"publish","type":"product","link":"https:\/\/lovme.pt\/index.php\/produto\/intense-vibrador-multifuno-toky-para-cima-e-para-baixo-com-estimulador-clitorico-amarelo\/","title":{"rendered":"INTENSE &#8211; VIBRADOR MULTIFUNO TOKY PARA CIMA E PARA BAIXO COM ESTIMULADOR CLIT\u00d3RICO AMARELO"},"content":{"rendered":"<p>O vibrador multifuncional TOKY da marca <strong>INTENSE<\/strong> \u00e9 um brinquedo sexual excepcional projetado para levar o seu prazer ao pr\u00f3ximo n\u00edvel. Este vibrador recarreg\u00e1vel para cima e para baixo (movimento para cima e para baixo) oferece uma experi\u00eancia de estimula\u00e7\u00e3o incompar\u00e1vel. Com 8 tipos de pulsa\u00e7\u00e3o e um estimulador clitoriano em forma de inseto que possui 8 modos de lambida, TOKY foi projetado para satisfazer seus desejos mais profundos.<\/p>\n<p>TOKY vem em uma atraente cor amarela e possui um formato ergon\u00f4mico que se adapta confortavelmente ao seu corpo. O estimulador clitoriano em forma de inseto oferece estimula\u00e7\u00e3o precisa e uma sensa\u00e7\u00e3o \u00fanica que vai deixar voc\u00ea com vontade de querer mais. Voc\u00ea pode personalizar sua experi\u00eancia escolhendo entre diferentes pulsa\u00e7\u00f5es e modos de lambida, criando um prazer totalmente personalizado.<\/p>\n<p>Este vibrador \u00e9 recarreg\u00e1vel, ent\u00e3o voc\u00ea n\u00e3o precisa se preocupar com baterias. Al\u00e9m disso, \u00e9 \u00e0 prova d\u00e1gua, o que o torna perfeito para desfrutar no chuveiro ou na banheira. TOKY \u00e9 o seu companheiro perfeito para explorar novas sensa\u00e7\u00f5es e alcan\u00e7ar orgasmos intensos.<\/p>\n<p>Experimente o m\u00e1ximo prazer com o vibrador TOKY da <strong>INTENSE<\/strong> e descubra um mundo de satisfa\u00e7\u00e3o sexual como nunca antes.<\/p>\n<p>Medidas: 24 x 4,4 cm (inser\u00edvel 13 cm)<\/p>\n","protected":false},"excerpt":{"rendered":"<p>INTENSE &#8211; VIBRADOR MULTIFUNO TOKY PARA CIMA E PARA BAIXO COM ESTIMULADOR CLIT\u00d3RICO AMARELO<\/p>\n","protected":false},"featured_media":72333,"template":"","meta":{"_acf_changed":false},"product_brand":[],"product_cat":[17,61,76],"product_tag":[],"class_list":{"0":"post-43990","1":"product","2":"type-product","3":"status-publish","4":"has-post-thumbnail","6":"product_cat-brinquedos-de-bem-estar-sexual","7":"product_cat-para-elas","8":"product_cat-vibradores","9":"yith_product_brand-intense","10":"yith_product_brand-intenseintense-toysintense-fun","11":"yith_product_brand-intenseintense-toys","13":"first","14":"instock","15":"taxable","16":"shipping-taxable","17":"purchasable","18":"product-type-simple"},"acf":[],"yoast_head":"<!-- This site is optimized with the Yoast SEO plugin v27.4 - https:\/\/yoast.com\/product\/yoast-seo-wordpress\/ -->\n<title>INTENSE - VIBRADOR MULTIFUNO TOKY PARA CIMA E PARA BAIXO COM ESTIMULADOR CLIT\u00d3RICO AMARELO - Lovme<\/title>\n<meta name=\"robots\" content=\"index, follow, max-snippet:-1, max-image-preview:large, max-video-preview:-1\" \/>\n<link rel=\"canonical\" href=\"https:\/\/lovme.pt\/index.php\/produto\/intense-vibrador-multifuno-toky-para-cima-e-para-baixo-com-estimulador-clitorico-amarelo\/\" \/>\n<meta property=\"og:locale\" content=\"pt_PT\" \/>\n<meta property=\"og:type\" content=\"article\" \/>\n<meta property=\"og:title\" content=\"INTENSE - VIBRADOR MULTIFUNO TOKY PARA CIMA E PARA BAIXO COM ESTIMULADOR CLIT\u00d3RICO AMARELO - Lovme\" \/>\n<meta property=\"og:description\" content=\"INTENSE - VIBRADOR MULTIFUNO TOKY PARA CIMA E PARA BAIXO COM ESTIMULADOR CLIT\u00d3RICO AMARELO\" \/>\n<meta property=\"og:url\" content=\"https:\/\/lovme.pt\/index.php\/produto\/intense-vibrador-multifuno-toky-para-cima-e-para-baixo-com-estimulador-clitorico-amarelo\/\" \/>\n<meta property=\"og:site_name\" content=\"Lovme\" \/>\n<meta property=\"article:modified_time\" content=\"2026-02-19T20:08:51+00:00\" \/>\n<meta property=\"og:image\" content=\"https:\/\/erki24nd3ub.exactdn.com\/wp-content\/uploads\/dream\/img\/img_149149_6bb57c9e3a417e4e2c80712f3198a40a_1.png?strip=all\" \/>\n\t<meta property=\"og:image:width\" content=\"800\" \/>\n\t<meta property=\"og:image:height\" content=\"800\" \/>\n\t<meta property=\"og:image:type\" content=\"image\/png\" \/>\n<meta name=\"twitter:card\" content=\"summary_large_image\" \/>\n<meta name=\"twitter:label1\" content=\"Tempo estimado de leitura\" \/>\n\t<meta name=\"twitter:data1\" content=\"1 minuto\" \/>\n<script type=\"application\/ld+json\" class=\"yoast-schema-graph\">{\"@context\":\"https:\\\/\\\/schema.org\",\"@graph\":[{\"@type\":\"WebPage\",\"@id\":\"https:\\\/\\\/lovme.pt\\\/index.php\\\/produto\\\/intense-vibrador-multifuno-toky-para-cima-e-para-baixo-com-estimulador-clitorico-amarelo\\\/\",\"url\":\"https:\\\/\\\/lovme.pt\\\/index.php\\\/produto\\\/intense-vibrador-multifuno-toky-para-cima-e-para-baixo-com-estimulador-clitorico-amarelo\\\/\",\"name\":\"INTENSE - VIBRADOR MULTIFUNO TOKY PARA CIMA E PARA BAIXO COM ESTIMULADOR CLIT\u00d3RICO AMARELO - Lovme\",\"isPartOf\":{\"@id\":\"https:\\\/\\\/lovme.pt\\\/#website\"},\"primaryImageOfPage\":{\"@id\":\"https:\\\/\\\/lovme.pt\\\/index.php\\\/produto\\\/intense-vibrador-multifuno-toky-para-cima-e-para-baixo-com-estimulador-clitorico-amarelo\\\/#primaryimage\"},\"image\":{\"@id\":\"https:\\\/\\\/lovme.pt\\\/index.php\\\/produto\\\/intense-vibrador-multifuno-toky-para-cima-e-para-baixo-com-estimulador-clitorico-amarelo\\\/#primaryimage\"},\"thumbnailUrl\":\"https:\\\/\\\/erki24nd3ub.exactdn.com\\\/wp-content\\\/uploads\\\/dream\\\/img\\\/img_149149_6bb57c9e3a417e4e2c80712f3198a40a_1.png?strip=all\",\"datePublished\":\"2025-09-30T20:45:33+00:00\",\"dateModified\":\"2026-02-19T20:08:51+00:00\",\"breadcrumb\":{\"@id\":\"https:\\\/\\\/lovme.pt\\\/index.php\\\/produto\\\/intense-vibrador-multifuno-toky-para-cima-e-para-baixo-com-estimulador-clitorico-amarelo\\\/#breadcrumb\"},\"inLanguage\":\"pt-PT\",\"potentialAction\":[{\"@type\":\"ReadAction\",\"target\":[\"https:\\\/\\\/lovme.pt\\\/index.php\\\/produto\\\/intense-vibrador-multifuno-toky-para-cima-e-para-baixo-com-estimulador-clitorico-amarelo\\\/\"]}]},{\"@type\":\"ImageObject\",\"inLanguage\":\"pt-PT\",\"@id\":\"https:\\\/\\\/lovme.pt\\\/index.php\\\/produto\\\/intense-vibrador-multifuno-toky-para-cima-e-para-baixo-com-estimulador-clitorico-amarelo\\\/#primaryimage\",\"url\":\"https:\\\/\\\/erki24nd3ub.exactdn.com\\\/wp-content\\\/uploads\\\/dream\\\/img\\\/img_149149_6bb57c9e3a417e4e2c80712f3198a40a_1.png?strip=all\",\"contentUrl\":\"https:\\\/\\\/erki24nd3ub.exactdn.com\\\/wp-content\\\/uploads\\\/dream\\\/img\\\/img_149149_6bb57c9e3a417e4e2c80712f3198a40a_1.png?strip=all\",\"width\":800,\"height\":800},{\"@type\":\"BreadcrumbList\",\"@id\":\"https:\\\/\\\/lovme.pt\\\/index.php\\\/produto\\\/intense-vibrador-multifuno-toky-para-cima-e-para-baixo-com-estimulador-clitorico-amarelo\\\/#breadcrumb\",\"itemListElement\":[{\"@type\":\"ListItem\",\"position\":1,\"name\":\"In\u00edcio\",\"item\":\"https:\\\/\\\/lovme.pt\\\/\"},{\"@type\":\"ListItem\",\"position\":2,\"name\":\"Loja\",\"item\":\"https:\\\/\\\/lovme.pt\\\/index.php\\\/loja\\\/\"},{\"@type\":\"ListItem\",\"position\":3,\"name\":\"INTENSE &#8211; VIBRADOR MULTIFUNO TOKY PARA CIMA E PARA BAIXO COM ESTIMULADOR CLIT\u00d3RICO AMARELO\"}]},{\"@type\":\"WebSite\",\"@id\":\"https:\\\/\\\/lovme.pt\\\/#website\",\"url\":\"https:\\\/\\\/lovme.pt\\\/\",\"name\":\"Lovme Loja Er\u00f3tica N\u00ba1 em Portugal\",\"description\":\"A melhor loja er\u00f3tica de Portugal.\",\"alternateName\":\"Loja Er\u00f3tica Lovme\",\"potentialAction\":[{\"@type\":\"SearchAction\",\"target\":{\"@type\":\"EntryPoint\",\"urlTemplate\":\"https:\\\/\\\/lovme.pt\\\/?s={search_term_string}\"},\"query-input\":{\"@type\":\"PropertyValueSpecification\",\"valueRequired\":true,\"valueName\":\"search_term_string\"}}],\"inLanguage\":\"pt-PT\"}]}<\/script>\n<!-- \/ Yoast SEO plugin. -->","yoast_head_json":{"title":"INTENSE - VIBRADOR MULTIFUNO TOKY PARA CIMA E PARA BAIXO COM ESTIMULADOR CLIT\u00d3RICO AMARELO - Lovme","robots":{"index":"index","follow":"follow","max-snippet":"max-snippet:-1","max-image-preview":"max-image-preview:large","max-video-preview":"max-video-preview:-1"},"canonical":"https:\/\/lovme.pt\/index.php\/produto\/intense-vibrador-multifuno-toky-para-cima-e-para-baixo-com-estimulador-clitorico-amarelo\/","og_locale":"pt_PT","og_type":"article","og_title":"INTENSE - VIBRADOR MULTIFUNO TOKY PARA CIMA E PARA BAIXO COM ESTIMULADOR CLIT\u00d3RICO AMARELO - Lovme","og_description":"INTENSE - VIBRADOR MULTIFUNO TOKY PARA CIMA E PARA BAIXO COM ESTIMULADOR CLIT\u00d3RICO AMARELO","og_url":"https:\/\/lovme.pt\/index.php\/produto\/intense-vibrador-multifuno-toky-para-cima-e-para-baixo-com-estimulador-clitorico-amarelo\/","og_site_name":"Lovme","article_modified_time":"2026-02-19T20:08:51+00:00","og_image":[{"width":800,"height":800,"url":"https:\/\/erki24nd3ub.exactdn.com\/wp-content\/uploads\/dream\/img\/img_149149_6bb57c9e3a417e4e2c80712f3198a40a_1.png?strip=all","type":"image\/png"}],"twitter_card":"summary_large_image","twitter_misc":{"Tempo estimado de leitura":"1 minuto"},"schema":{"@context":"https:\/\/schema.org","@graph":[{"@type":"WebPage","@id":"https:\/\/lovme.pt\/index.php\/produto\/intense-vibrador-multifuno-toky-para-cima-e-para-baixo-com-estimulador-clitorico-amarelo\/","url":"https:\/\/lovme.pt\/index.php\/produto\/intense-vibrador-multifuno-toky-para-cima-e-para-baixo-com-estimulador-clitorico-amarelo\/","name":"INTENSE - VIBRADOR MULTIFUNO TOKY PARA CIMA E PARA BAIXO COM ESTIMULADOR CLIT\u00d3RICO AMARELO - Lovme","isPartOf":{"@id":"https:\/\/lovme.pt\/#website"},"primaryImageOfPage":{"@id":"https:\/\/lovme.pt\/index.php\/produto\/intense-vibrador-multifuno-toky-para-cima-e-para-baixo-com-estimulador-clitorico-amarelo\/#primaryimage"},"image":{"@id":"https:\/\/lovme.pt\/index.php\/produto\/intense-vibrador-multifuno-toky-para-cima-e-para-baixo-com-estimulador-clitorico-amarelo\/#primaryimage"},"thumbnailUrl":"https:\/\/erki24nd3ub.exactdn.com\/wp-content\/uploads\/dream\/img\/img_149149_6bb57c9e3a417e4e2c80712f3198a40a_1.png?strip=all","datePublished":"2025-09-30T20:45:33+00:00","dateModified":"2026-02-19T20:08:51+00:00","breadcrumb":{"@id":"https:\/\/lovme.pt\/index.php\/produto\/intense-vibrador-multifuno-toky-para-cima-e-para-baixo-com-estimulador-clitorico-amarelo\/#breadcrumb"},"inLanguage":"pt-PT","potentialAction":[{"@type":"ReadAction","target":["https:\/\/lovme.pt\/index.php\/produto\/intense-vibrador-multifuno-toky-para-cima-e-para-baixo-com-estimulador-clitorico-amarelo\/"]}]},{"@type":"ImageObject","inLanguage":"pt-PT","@id":"https:\/\/lovme.pt\/index.php\/produto\/intense-vibrador-multifuno-toky-para-cima-e-para-baixo-com-estimulador-clitorico-amarelo\/#primaryimage","url":"https:\/\/erki24nd3ub.exactdn.com\/wp-content\/uploads\/dream\/img\/img_149149_6bb57c9e3a417e4e2c80712f3198a40a_1.png?strip=all","contentUrl":"https:\/\/erki24nd3ub.exactdn.com\/wp-content\/uploads\/dream\/img\/img_149149_6bb57c9e3a417e4e2c80712f3198a40a_1.png?strip=all","width":800,"height":800},{"@type":"BreadcrumbList","@id":"https:\/\/lovme.pt\/index.php\/produto\/intense-vibrador-multifuno-toky-para-cima-e-para-baixo-com-estimulador-clitorico-amarelo\/#breadcrumb","itemListElement":[{"@type":"ListItem","position":1,"name":"In\u00edcio","item":"https:\/\/lovme.pt\/"},{"@type":"ListItem","position":2,"name":"Loja","item":"https:\/\/lovme.pt\/index.php\/loja\/"},{"@type":"ListItem","position":3,"name":"INTENSE &#8211; VIBRADOR MULTIFUNO TOKY PARA CIMA E PARA BAIXO COM ESTIMULADOR CLIT\u00d3RICO AMARELO"}]},{"@type":"WebSite","@id":"https:\/\/lovme.pt\/#website","url":"https:\/\/lovme.pt\/","name":"Lovme Loja Er\u00f3tica N\u00ba1 em Portugal","description":"A melhor loja er\u00f3tica de Portugal.","alternateName":"Loja Er\u00f3tica Lovme","potentialAction":[{"@type":"SearchAction","target":{"@type":"EntryPoint","urlTemplate":"https:\/\/lovme.pt\/?s={search_term_string}"},"query-input":{"@type":"PropertyValueSpecification","valueRequired":true,"valueName":"search_term_string"}}],"inLanguage":"pt-PT"}]}},"_links":{"self":[{"href":"https:\/\/lovme.pt\/index.php\/wp-json\/wp\/v2\/product\/43990","targetHints":{"allow":["GET"]}}],"collection":[{"href":"https:\/\/lovme.pt\/index.php\/wp-json\/wp\/v2\/product"}],"about":[{"href":"https:\/\/lovme.pt\/index.php\/wp-json\/wp\/v2\/types\/product"}],"wp:featuredmedia":[{"embeddable":true,"href":"https:\/\/lovme.pt\/index.php\/wp-json\/wp\/v2\/media\/72333"}],"wp:attachment":[{"href":"https:\/\/lovme.pt\/index.php\/wp-json\/wp\/v2\/media?parent=43990"}],"wp:term":[{"taxonomy":"product_brand","embeddable":true,"href":"https:\/\/lovme.pt\/index.php\/wp-json\/wp\/v2\/product_brand?post=43990"},{"taxonomy":"product_cat","embeddable":true,"href":"https:\/\/lovme.pt\/index.php\/wp-json\/wp\/v2\/product_cat?post=43990"},{"taxonomy":"product_tag","embeddable":true,"href":"https:\/\/lovme.pt\/index.php\/wp-json\/wp\/v2\/product_tag?post=43990"}],"curies":[{"name":"wp","href":"https:\/\/api.w.org\/{rel}","templated":true}]}}