{"id":43988,"date":"2025-09-30T20:45:29","date_gmt":"2025-09-30T20:45:29","guid":{"rendered":"https:\/\/lovme.pt\/?post_type=product&p=43988"},"modified":"2026-02-19T20:08:51","modified_gmt":"2026-02-19T20:08:51","slug":"intense-vibrador-up-down-recarregvel-dua-multifuno-com-lingua-vermelha","status":"publish","type":"product","link":"https:\/\/lovme.pt\/index.php\/produto\/intense-vibrador-up-down-recarregvel-dua-multifuno-com-lingua-vermelha\/","title":{"rendered":"INTENSE &#8211; VIBRADOR UP  DOWN RECARREGVEL DUA MULTIFUNO COM L\u00cdNGUA VERMELHA"},"content":{"rendered":"<p>O vibrador multifuncional DUA da marca <strong>INTENSE<\/strong> \u00e9 um brinquedo sexual inovador pensado para oferecer uma experi\u00eancia de prazer incompar\u00e1vel. Com sua impressionante cor vermelha e uma s\u00e9rie de recursos avan\u00e7ados, este vibrador foi projetado para satisfazer seus desejos mais profundos. Aqui est\u00e1 uma lista de seus principais recursos:<\/p>\n<p><strong>Caracter\u00edsticas:<\/strong><\/p>\n<ul>\n<li>Vibrador recarreg\u00e1vel de alta qualidade.<\/li>\n<li>8 modos de movimento para cima e para baixo (para cima e para baixo) para estimula\u00e7\u00e3o profunda e prazerosa.<\/li>\n<li>8 tipos de pulsa\u00e7\u00e3o que permitem personalizar a intensidade da vibra\u00e7\u00e3o.<\/li>\n<li>8 modos de oscila\u00e7\u00e3o para estimula\u00e7\u00e3o vers\u00e1til e emocionante.<\/li>\n<li>Estimulador clitoriano com 8 modos de lambida que acrescentam uma dimens\u00e3o extra de prazer.<\/li>\n<li>Tamanho 24 cm de comprimento total e 4,4 cm de di\u00e2metro (13 cm inser\u00edveis), para satisfa\u00e7\u00e3o profunda.<\/li>\n<li>\u00c0 prova d\u00e1gua, permitindo que voc\u00ea aproveite no chuveiro ou na banheira.<\/li>\n<li>Tr\u00eas motores independentes para estimula\u00e7\u00e3o precisa e poderosa.<\/li>\n<li>Feito com silicone de alta qualidade e ABS para uma sensa\u00e7\u00e3o suave e segura na pele.<\/li>\n<\/ul>\n<p>Com o DUA, voc\u00ea tem um vibrador vers\u00e1til que lhe d\u00e1 controle total sobre sua experi\u00eancia de prazer. O seu design ergon\u00f3mico adapta-se confortavelmente ao seu corpo e a sua impermeabilidade permite explorar novas sensa\u00e7\u00f5es debaixo de \u00e1gua. Descubra um mundo de satisfa\u00e7\u00e3o sexual com este vibrador <strong>INTENSO<\/strong> .<\/p>\n","protected":false},"excerpt":{"rendered":"<p>INTENSE &#8211; VIBRADOR UP  DOWN RECARREGVEL DUA MULTIFUNO COM L\u00cdNGUA VERMELHA<\/p>\n","protected":false},"featured_media":72323,"template":"","meta":{"_acf_changed":false},"product_brand":[],"product_cat":[17,61,76],"product_tag":[],"class_list":{"0":"post-43988","1":"product","2":"type-product","3":"status-publish","4":"has-post-thumbnail","6":"product_cat-brinquedos-de-bem-estar-sexual","7":"product_cat-para-elas","8":"product_cat-vibradores","9":"yith_product_brand-intense","10":"yith_product_brand-intenseintense-toysintense-fun","11":"yith_product_brand-intenseintense-toys","13":"first","14":"instock","15":"taxable","16":"shipping-taxable","17":"purchasable","18":"product-type-simple"},"acf":[],"yoast_head":"<!-- This site is optimized with the Yoast SEO plugin v27.4 - https:\/\/yoast.com\/product\/yoast-seo-wordpress\/ -->\n<title>INTENSE - VIBRADOR UP DOWN RECARREGVEL DUA MULTIFUNO COM L\u00cdNGUA VERMELHA - Lovme<\/title>\n<meta name=\"robots\" content=\"index, follow, max-snippet:-1, max-image-preview:large, max-video-preview:-1\" \/>\n<link rel=\"canonical\" href=\"https:\/\/lovme.pt\/index.php\/produto\/intense-vibrador-up-down-recarregvel-dua-multifuno-com-lingua-vermelha\/\" \/>\n<meta property=\"og:locale\" content=\"pt_PT\" \/>\n<meta property=\"og:type\" content=\"article\" \/>\n<meta property=\"og:title\" content=\"INTENSE - VIBRADOR UP DOWN RECARREGVEL DUA MULTIFUNO COM L\u00cdNGUA VERMELHA - Lovme\" \/>\n<meta property=\"og:description\" content=\"INTENSE - VIBRADOR UP DOWN RECARREGVEL DUA MULTIFUNO COM L\u00cdNGUA VERMELHA\" \/>\n<meta property=\"og:url\" content=\"https:\/\/lovme.pt\/index.php\/produto\/intense-vibrador-up-down-recarregvel-dua-multifuno-com-lingua-vermelha\/\" \/>\n<meta property=\"og:site_name\" content=\"Lovme\" \/>\n<meta property=\"article:modified_time\" content=\"2026-02-19T20:08:51+00:00\" \/>\n<meta property=\"og:image\" content=\"https:\/\/erki24nd3ub.exactdn.com\/wp-content\/uploads\/dream\/img\/img_149142_4b4f3ee97a5fe638e3675dddebab30cd_1.png?strip=all\" \/>\n\t<meta property=\"og:image:width\" content=\"800\" \/>\n\t<meta property=\"og:image:height\" content=\"800\" \/>\n\t<meta property=\"og:image:type\" content=\"image\/png\" \/>\n<meta name=\"twitter:card\" content=\"summary_large_image\" \/>\n<meta name=\"twitter:label1\" content=\"Tempo estimado de leitura\" \/>\n\t<meta name=\"twitter:data1\" content=\"1 minuto\" \/>\n<script type=\"application\/ld+json\" class=\"yoast-schema-graph\">{\"@context\":\"https:\\\/\\\/schema.org\",\"@graph\":[{\"@type\":\"WebPage\",\"@id\":\"https:\\\/\\\/lovme.pt\\\/index.php\\\/produto\\\/intense-vibrador-up-down-recarregvel-dua-multifuno-com-lingua-vermelha\\\/\",\"url\":\"https:\\\/\\\/lovme.pt\\\/index.php\\\/produto\\\/intense-vibrador-up-down-recarregvel-dua-multifuno-com-lingua-vermelha\\\/\",\"name\":\"INTENSE - VIBRADOR UP DOWN RECARREGVEL DUA MULTIFUNO COM L\u00cdNGUA VERMELHA - Lovme\",\"isPartOf\":{\"@id\":\"https:\\\/\\\/lovme.pt\\\/#website\"},\"primaryImageOfPage\":{\"@id\":\"https:\\\/\\\/lovme.pt\\\/index.php\\\/produto\\\/intense-vibrador-up-down-recarregvel-dua-multifuno-com-lingua-vermelha\\\/#primaryimage\"},\"image\":{\"@id\":\"https:\\\/\\\/lovme.pt\\\/index.php\\\/produto\\\/intense-vibrador-up-down-recarregvel-dua-multifuno-com-lingua-vermelha\\\/#primaryimage\"},\"thumbnailUrl\":\"https:\\\/\\\/erki24nd3ub.exactdn.com\\\/wp-content\\\/uploads\\\/dream\\\/img\\\/img_149142_4b4f3ee97a5fe638e3675dddebab30cd_1.png?strip=all\",\"datePublished\":\"2025-09-30T20:45:29+00:00\",\"dateModified\":\"2026-02-19T20:08:51+00:00\",\"breadcrumb\":{\"@id\":\"https:\\\/\\\/lovme.pt\\\/index.php\\\/produto\\\/intense-vibrador-up-down-recarregvel-dua-multifuno-com-lingua-vermelha\\\/#breadcrumb\"},\"inLanguage\":\"pt-PT\",\"potentialAction\":[{\"@type\":\"ReadAction\",\"target\":[\"https:\\\/\\\/lovme.pt\\\/index.php\\\/produto\\\/intense-vibrador-up-down-recarregvel-dua-multifuno-com-lingua-vermelha\\\/\"]}]},{\"@type\":\"ImageObject\",\"inLanguage\":\"pt-PT\",\"@id\":\"https:\\\/\\\/lovme.pt\\\/index.php\\\/produto\\\/intense-vibrador-up-down-recarregvel-dua-multifuno-com-lingua-vermelha\\\/#primaryimage\",\"url\":\"https:\\\/\\\/erki24nd3ub.exactdn.com\\\/wp-content\\\/uploads\\\/dream\\\/img\\\/img_149142_4b4f3ee97a5fe638e3675dddebab30cd_1.png?strip=all\",\"contentUrl\":\"https:\\\/\\\/erki24nd3ub.exactdn.com\\\/wp-content\\\/uploads\\\/dream\\\/img\\\/img_149142_4b4f3ee97a5fe638e3675dddebab30cd_1.png?strip=all\",\"width\":800,\"height\":800},{\"@type\":\"BreadcrumbList\",\"@id\":\"https:\\\/\\\/lovme.pt\\\/index.php\\\/produto\\\/intense-vibrador-up-down-recarregvel-dua-multifuno-com-lingua-vermelha\\\/#breadcrumb\",\"itemListElement\":[{\"@type\":\"ListItem\",\"position\":1,\"name\":\"In\u00edcio\",\"item\":\"https:\\\/\\\/lovme.pt\\\/\"},{\"@type\":\"ListItem\",\"position\":2,\"name\":\"Loja\",\"item\":\"https:\\\/\\\/lovme.pt\\\/index.php\\\/loja\\\/\"},{\"@type\":\"ListItem\",\"position\":3,\"name\":\"INTENSE &#8211; VIBRADOR UP DOWN RECARREGVEL DUA MULTIFUNO COM L\u00cdNGUA VERMELHA\"}]},{\"@type\":\"WebSite\",\"@id\":\"https:\\\/\\\/lovme.pt\\\/#website\",\"url\":\"https:\\\/\\\/lovme.pt\\\/\",\"name\":\"Lovme Loja Er\u00f3tica N\u00ba1 em Portugal\",\"description\":\"A melhor loja er\u00f3tica de Portugal.\",\"alternateName\":\"Loja Er\u00f3tica Lovme\",\"potentialAction\":[{\"@type\":\"SearchAction\",\"target\":{\"@type\":\"EntryPoint\",\"urlTemplate\":\"https:\\\/\\\/lovme.pt\\\/?s={search_term_string}\"},\"query-input\":{\"@type\":\"PropertyValueSpecification\",\"valueRequired\":true,\"valueName\":\"search_term_string\"}}],\"inLanguage\":\"pt-PT\"}]}<\/script>\n<!-- \/ Yoast SEO plugin. -->","yoast_head_json":{"title":"INTENSE - VIBRADOR UP DOWN RECARREGVEL DUA MULTIFUNO COM L\u00cdNGUA VERMELHA - Lovme","robots":{"index":"index","follow":"follow","max-snippet":"max-snippet:-1","max-image-preview":"max-image-preview:large","max-video-preview":"max-video-preview:-1"},"canonical":"https:\/\/lovme.pt\/index.php\/produto\/intense-vibrador-up-down-recarregvel-dua-multifuno-com-lingua-vermelha\/","og_locale":"pt_PT","og_type":"article","og_title":"INTENSE - VIBRADOR UP DOWN RECARREGVEL DUA MULTIFUNO COM L\u00cdNGUA VERMELHA - Lovme","og_description":"INTENSE - VIBRADOR UP DOWN RECARREGVEL DUA MULTIFUNO COM L\u00cdNGUA VERMELHA","og_url":"https:\/\/lovme.pt\/index.php\/produto\/intense-vibrador-up-down-recarregvel-dua-multifuno-com-lingua-vermelha\/","og_site_name":"Lovme","article_modified_time":"2026-02-19T20:08:51+00:00","og_image":[{"width":800,"height":800,"url":"https:\/\/erki24nd3ub.exactdn.com\/wp-content\/uploads\/dream\/img\/img_149142_4b4f3ee97a5fe638e3675dddebab30cd_1.png?strip=all","type":"image\/png"}],"twitter_card":"summary_large_image","twitter_misc":{"Tempo estimado de leitura":"1 minuto"},"schema":{"@context":"https:\/\/schema.org","@graph":[{"@type":"WebPage","@id":"https:\/\/lovme.pt\/index.php\/produto\/intense-vibrador-up-down-recarregvel-dua-multifuno-com-lingua-vermelha\/","url":"https:\/\/lovme.pt\/index.php\/produto\/intense-vibrador-up-down-recarregvel-dua-multifuno-com-lingua-vermelha\/","name":"INTENSE - VIBRADOR UP DOWN RECARREGVEL DUA MULTIFUNO COM L\u00cdNGUA VERMELHA - Lovme","isPartOf":{"@id":"https:\/\/lovme.pt\/#website"},"primaryImageOfPage":{"@id":"https:\/\/lovme.pt\/index.php\/produto\/intense-vibrador-up-down-recarregvel-dua-multifuno-com-lingua-vermelha\/#primaryimage"},"image":{"@id":"https:\/\/lovme.pt\/index.php\/produto\/intense-vibrador-up-down-recarregvel-dua-multifuno-com-lingua-vermelha\/#primaryimage"},"thumbnailUrl":"https:\/\/erki24nd3ub.exactdn.com\/wp-content\/uploads\/dream\/img\/img_149142_4b4f3ee97a5fe638e3675dddebab30cd_1.png?strip=all","datePublished":"2025-09-30T20:45:29+00:00","dateModified":"2026-02-19T20:08:51+00:00","breadcrumb":{"@id":"https:\/\/lovme.pt\/index.php\/produto\/intense-vibrador-up-down-recarregvel-dua-multifuno-com-lingua-vermelha\/#breadcrumb"},"inLanguage":"pt-PT","potentialAction":[{"@type":"ReadAction","target":["https:\/\/lovme.pt\/index.php\/produto\/intense-vibrador-up-down-recarregvel-dua-multifuno-com-lingua-vermelha\/"]}]},{"@type":"ImageObject","inLanguage":"pt-PT","@id":"https:\/\/lovme.pt\/index.php\/produto\/intense-vibrador-up-down-recarregvel-dua-multifuno-com-lingua-vermelha\/#primaryimage","url":"https:\/\/erki24nd3ub.exactdn.com\/wp-content\/uploads\/dream\/img\/img_149142_4b4f3ee97a5fe638e3675dddebab30cd_1.png?strip=all","contentUrl":"https:\/\/erki24nd3ub.exactdn.com\/wp-content\/uploads\/dream\/img\/img_149142_4b4f3ee97a5fe638e3675dddebab30cd_1.png?strip=all","width":800,"height":800},{"@type":"BreadcrumbList","@id":"https:\/\/lovme.pt\/index.php\/produto\/intense-vibrador-up-down-recarregvel-dua-multifuno-com-lingua-vermelha\/#breadcrumb","itemListElement":[{"@type":"ListItem","position":1,"name":"In\u00edcio","item":"https:\/\/lovme.pt\/"},{"@type":"ListItem","position":2,"name":"Loja","item":"https:\/\/lovme.pt\/index.php\/loja\/"},{"@type":"ListItem","position":3,"name":"INTENSE &#8211; VIBRADOR UP DOWN RECARREGVEL DUA MULTIFUNO COM L\u00cdNGUA VERMELHA"}]},{"@type":"WebSite","@id":"https:\/\/lovme.pt\/#website","url":"https:\/\/lovme.pt\/","name":"Lovme Loja Er\u00f3tica N\u00ba1 em Portugal","description":"A melhor loja er\u00f3tica de Portugal.","alternateName":"Loja Er\u00f3tica Lovme","potentialAction":[{"@type":"SearchAction","target":{"@type":"EntryPoint","urlTemplate":"https:\/\/lovme.pt\/?s={search_term_string}"},"query-input":{"@type":"PropertyValueSpecification","valueRequired":true,"valueName":"search_term_string"}}],"inLanguage":"pt-PT"}]}},"_links":{"self":[{"href":"https:\/\/lovme.pt\/index.php\/wp-json\/wp\/v2\/product\/43988","targetHints":{"allow":["GET"]}}],"collection":[{"href":"https:\/\/lovme.pt\/index.php\/wp-json\/wp\/v2\/product"}],"about":[{"href":"https:\/\/lovme.pt\/index.php\/wp-json\/wp\/v2\/types\/product"}],"wp:featuredmedia":[{"embeddable":true,"href":"https:\/\/lovme.pt\/index.php\/wp-json\/wp\/v2\/media\/72323"}],"wp:attachment":[{"href":"https:\/\/lovme.pt\/index.php\/wp-json\/wp\/v2\/media?parent=43988"}],"wp:term":[{"taxonomy":"product_brand","embeddable":true,"href":"https:\/\/lovme.pt\/index.php\/wp-json\/wp\/v2\/product_brand?post=43988"},{"taxonomy":"product_cat","embeddable":true,"href":"https:\/\/lovme.pt\/index.php\/wp-json\/wp\/v2\/product_cat?post=43988"},{"taxonomy":"product_tag","embeddable":true,"href":"https:\/\/lovme.pt\/index.php\/wp-json\/wp\/v2\/product_tag?post=43988"}],"curies":[{"name":"wp","href":"https:\/\/api.w.org\/{rel}","templated":true}]}}