{"id":43987,"date":"2025-09-30T20:45:27","date_gmt":"2025-09-30T20:45:27","guid":{"rendered":"https:\/\/lovme.pt\/?post_type=product&#038;p=43987"},"modified":"2026-05-13T16:36:04","modified_gmt":"2026-05-13T16:36:04","slug":"intense-vibrador-multifuncional-recarregavel-billie-estimulando-ondas-com-botao-roxo","status":"publish","type":"product","link":"https:\/\/lovme.pt\/index.php\/produto\/intense-vibrador-multifuncional-recarregavel-billie-estimulando-ondas-com-botao-roxo\/","title":{"rendered":"INTENSE &#8211; VIBRADOR DE SUC\u00c7\u00c3O MULTIFUNCIONAL BILLIE RECARREG\u00c1VEL COM BOT\u00c3O ROXO"},"content":{"rendered":"<p>O vibrador multifuncional <strong>INTENSE<\/strong> BILLIE \u00e9 um brinquedo sexual de alta qualidade que proporcionar\u00e1 uma experi\u00eancia de prazer incompar\u00e1vel. Com um design lil\u00e1s elegante e uma ampla gama de recursos avan\u00e7ados, este vibrador foi projetado para atender a todas as suas necessidades \u00edntimas. Aqui est\u00e1 uma lista de seus principais recursos:<\/p>\n<p><strong>Caracter\u00edsticas:<\/strong><\/p>\n<ul>\n<li>Vibrador recarreg\u00e1vel de alta qualidade.<\/li>\n<li>10 modos de movimento para cima e para baixo para uma estimula\u00e7\u00e3o profunda e prazerosa.<\/li>\n<li>10 tipos de pulsa\u00e7\u00e3o que permitem personalizar a intensidade da vibra\u00e7\u00e3o.<\/li>\n<li>10 modos de suc\u00e7\u00e3o que oferecem sensa\u00e7\u00f5es de suc\u00e7\u00e3o intensas e satisfat\u00f3rias.<\/li>\n<li>Estimulador de clit\u00f3ris com cabe\u00e7as intercambi\u00e1veis para atender \u00e0s suas prefer\u00eancias e necessidades.<\/li>\n<li>8 modos de lambida que adicionam uma dimens\u00e3o extra de prazer.<\/li>\n<li>Tamanho de 24 cm de comprimento total e 4,4 cm de di\u00e2metro (13 cm inser\u00edveis), proporcionando profunda satisfa\u00e7\u00e3o.<\/li>\n<li>\u00c0 prova d\u00e1gua, o que significa que voc\u00ea pode aproveit\u00e1-lo no chuveiro ou na banheira.<\/li>\n<li>Quatro motores independentes para estimula\u00e7\u00e3o precisa e potente.<\/li>\n<\/ul>\n<p>Com o BILLIE, voc\u00ea tem um vibrador luxuoso que permite personalizar cada aspecto da sua experi\u00eancia \u00edntima. Seu design ergon\u00f4mico se ajusta confortavelmente ao seu corpo e sua impermeabiliza\u00e7\u00e3o lhe d\u00e1 a liberdade de explorar o prazer na \u00e1gua. Descubra novos patamares de satisfa\u00e7\u00e3o sexual com este vibrador da <strong>INTENSE<\/strong> .<\/p>\n","protected":false},"excerpt":{"rendered":"<p>INTENSE &#8211; VIBRADOR DE SUC\u00c7\u00c3O MULTIFUNCIONAL BILLIE RECARREG\u00c1VEL COM BOT\u00c3O ROXO<\/p>\n","protected":false},"featured_media":72318,"template":"","meta":{"_acf_changed":false},"product_brand":[],"product_cat":[17,61,76],"product_tag":[],"class_list":{"0":"post-43987","1":"product","2":"type-product","3":"status-publish","4":"has-post-thumbnail","6":"product_cat-brinquedos-de-bem-estar-sexual","7":"product_cat-para-elas","8":"product_cat-vibradores","9":"yith_product_brand-intense","10":"yith_product_brand-intenseintense-toysintense-fun","11":"yith_product_brand-intenseintense-toys","13":"first","14":"instock","15":"taxable","16":"shipping-taxable","17":"purchasable","18":"product-type-simple"},"acf":[],"yoast_head":"<!-- This site is optimized with the Yoast SEO plugin v27.4 - https:\/\/yoast.com\/product\/yoast-seo-wordpress\/ -->\n<title>INTENSE - VIBRADOR DE SUC\u00c7\u00c3O MULTIFUNCIONAL BILLIE RECARREG\u00c1VEL COM BOT\u00c3O ROXO - Lovme<\/title>\n<meta name=\"robots\" content=\"index, follow, max-snippet:-1, max-image-preview:large, max-video-preview:-1\" \/>\n<link rel=\"canonical\" href=\"https:\/\/lovme.pt\/index.php\/produto\/intense-vibrador-multifuncional-recarregavel-billie-estimulando-ondas-com-botao-roxo\/\" \/>\n<meta property=\"og:locale\" content=\"pt_PT\" \/>\n<meta property=\"og:type\" content=\"article\" \/>\n<meta property=\"og:title\" content=\"INTENSE - VIBRADOR DE SUC\u00c7\u00c3O MULTIFUNCIONAL BILLIE RECARREG\u00c1VEL COM BOT\u00c3O ROXO - Lovme\" \/>\n<meta property=\"og:description\" content=\"INTENSE - VIBRADOR DE SUC\u00c7\u00c3O MULTIFUNCIONAL BILLIE RECARREG\u00c1VEL COM BOT\u00c3O ROXO\" \/>\n<meta property=\"og:url\" content=\"https:\/\/lovme.pt\/index.php\/produto\/intense-vibrador-multifuncional-recarregavel-billie-estimulando-ondas-com-botao-roxo\/\" \/>\n<meta property=\"og:site_name\" content=\"Lovme\" \/>\n<meta property=\"article:modified_time\" content=\"2026-05-13T16:36:04+00:00\" \/>\n<meta property=\"og:image\" content=\"https:\/\/erki24nd3ub.exactdn.com\/wp-content\/uploads\/dream\/img\/img_149145_c2b877d0dc818af772754d9c2d825aab_1.png?strip=all\" \/>\n\t<meta property=\"og:image:width\" content=\"800\" \/>\n\t<meta property=\"og:image:height\" content=\"800\" \/>\n\t<meta property=\"og:image:type\" content=\"image\/png\" \/>\n<meta name=\"twitter:card\" content=\"summary_large_image\" \/>\n<meta name=\"twitter:label1\" content=\"Tempo estimado de leitura\" \/>\n\t<meta name=\"twitter:data1\" content=\"1 minuto\" \/>\n<script type=\"application\/ld+json\" class=\"yoast-schema-graph\">{\"@context\":\"https:\\\/\\\/schema.org\",\"@graph\":[{\"@type\":\"WebPage\",\"@id\":\"https:\\\/\\\/lovme.pt\\\/index.php\\\/produto\\\/intense-vibrador-multifuncional-recarregavel-billie-estimulando-ondas-com-botao-roxo\\\/\",\"url\":\"https:\\\/\\\/lovme.pt\\\/index.php\\\/produto\\\/intense-vibrador-multifuncional-recarregavel-billie-estimulando-ondas-com-botao-roxo\\\/\",\"name\":\"INTENSE - VIBRADOR DE SUC\u00c7\u00c3O MULTIFUNCIONAL BILLIE RECARREG\u00c1VEL COM BOT\u00c3O ROXO - Lovme\",\"isPartOf\":{\"@id\":\"https:\\\/\\\/lovme.pt\\\/#website\"},\"primaryImageOfPage\":{\"@id\":\"https:\\\/\\\/lovme.pt\\\/index.php\\\/produto\\\/intense-vibrador-multifuncional-recarregavel-billie-estimulando-ondas-com-botao-roxo\\\/#primaryimage\"},\"image\":{\"@id\":\"https:\\\/\\\/lovme.pt\\\/index.php\\\/produto\\\/intense-vibrador-multifuncional-recarregavel-billie-estimulando-ondas-com-botao-roxo\\\/#primaryimage\"},\"thumbnailUrl\":\"https:\\\/\\\/erki24nd3ub.exactdn.com\\\/wp-content\\\/uploads\\\/dream\\\/img\\\/img_149145_c2b877d0dc818af772754d9c2d825aab_1.png?strip=all\",\"datePublished\":\"2025-09-30T20:45:27+00:00\",\"dateModified\":\"2026-05-13T16:36:04+00:00\",\"breadcrumb\":{\"@id\":\"https:\\\/\\\/lovme.pt\\\/index.php\\\/produto\\\/intense-vibrador-multifuncional-recarregavel-billie-estimulando-ondas-com-botao-roxo\\\/#breadcrumb\"},\"inLanguage\":\"pt-PT\",\"potentialAction\":[{\"@type\":\"ReadAction\",\"target\":[\"https:\\\/\\\/lovme.pt\\\/index.php\\\/produto\\\/intense-vibrador-multifuncional-recarregavel-billie-estimulando-ondas-com-botao-roxo\\\/\"]}]},{\"@type\":\"ImageObject\",\"inLanguage\":\"pt-PT\",\"@id\":\"https:\\\/\\\/lovme.pt\\\/index.php\\\/produto\\\/intense-vibrador-multifuncional-recarregavel-billie-estimulando-ondas-com-botao-roxo\\\/#primaryimage\",\"url\":\"https:\\\/\\\/erki24nd3ub.exactdn.com\\\/wp-content\\\/uploads\\\/dream\\\/img\\\/img_149145_c2b877d0dc818af772754d9c2d825aab_1.png?strip=all\",\"contentUrl\":\"https:\\\/\\\/erki24nd3ub.exactdn.com\\\/wp-content\\\/uploads\\\/dream\\\/img\\\/img_149145_c2b877d0dc818af772754d9c2d825aab_1.png?strip=all\",\"width\":800,\"height\":800},{\"@type\":\"BreadcrumbList\",\"@id\":\"https:\\\/\\\/lovme.pt\\\/index.php\\\/produto\\\/intense-vibrador-multifuncional-recarregavel-billie-estimulando-ondas-com-botao-roxo\\\/#breadcrumb\",\"itemListElement\":[{\"@type\":\"ListItem\",\"position\":1,\"name\":\"In\u00edcio\",\"item\":\"https:\\\/\\\/lovme.pt\\\/\"},{\"@type\":\"ListItem\",\"position\":2,\"name\":\"Loja\",\"item\":\"https:\\\/\\\/lovme.pt\\\/index.php\\\/loja\\\/\"},{\"@type\":\"ListItem\",\"position\":3,\"name\":\"INTENSE &#8211; VIBRADOR DE SUC\u00c7\u00c3O MULTIFUNCIONAL BILLIE RECARREG\u00c1VEL COM BOT\u00c3O ROXO\"}]},{\"@type\":\"WebSite\",\"@id\":\"https:\\\/\\\/lovme.pt\\\/#website\",\"url\":\"https:\\\/\\\/lovme.pt\\\/\",\"name\":\"Lovme Loja Er\u00f3tica N\u00ba1 em Portugal\",\"description\":\"A melhor loja er\u00f3tica de Portugal.\",\"alternateName\":\"Loja Er\u00f3tica Lovme\",\"potentialAction\":[{\"@type\":\"SearchAction\",\"target\":{\"@type\":\"EntryPoint\",\"urlTemplate\":\"https:\\\/\\\/lovme.pt\\\/?s={search_term_string}\"},\"query-input\":{\"@type\":\"PropertyValueSpecification\",\"valueRequired\":true,\"valueName\":\"search_term_string\"}}],\"inLanguage\":\"pt-PT\"}]}<\/script>\n<!-- \/ Yoast SEO plugin. -->","yoast_head_json":{"title":"INTENSE - VIBRADOR DE SUC\u00c7\u00c3O MULTIFUNCIONAL BILLIE RECARREG\u00c1VEL COM BOT\u00c3O ROXO - Lovme","robots":{"index":"index","follow":"follow","max-snippet":"max-snippet:-1","max-image-preview":"max-image-preview:large","max-video-preview":"max-video-preview:-1"},"canonical":"https:\/\/lovme.pt\/index.php\/produto\/intense-vibrador-multifuncional-recarregavel-billie-estimulando-ondas-com-botao-roxo\/","og_locale":"pt_PT","og_type":"article","og_title":"INTENSE - VIBRADOR DE SUC\u00c7\u00c3O MULTIFUNCIONAL BILLIE RECARREG\u00c1VEL COM BOT\u00c3O ROXO - Lovme","og_description":"INTENSE - VIBRADOR DE SUC\u00c7\u00c3O MULTIFUNCIONAL BILLIE RECARREG\u00c1VEL COM BOT\u00c3O ROXO","og_url":"https:\/\/lovme.pt\/index.php\/produto\/intense-vibrador-multifuncional-recarregavel-billie-estimulando-ondas-com-botao-roxo\/","og_site_name":"Lovme","article_modified_time":"2026-05-13T16:36:04+00:00","og_image":[{"width":800,"height":800,"url":"https:\/\/erki24nd3ub.exactdn.com\/wp-content\/uploads\/dream\/img\/img_149145_c2b877d0dc818af772754d9c2d825aab_1.png?strip=all","type":"image\/png"}],"twitter_card":"summary_large_image","twitter_misc":{"Tempo estimado de leitura":"1 minuto"},"schema":{"@context":"https:\/\/schema.org","@graph":[{"@type":"WebPage","@id":"https:\/\/lovme.pt\/index.php\/produto\/intense-vibrador-multifuncional-recarregavel-billie-estimulando-ondas-com-botao-roxo\/","url":"https:\/\/lovme.pt\/index.php\/produto\/intense-vibrador-multifuncional-recarregavel-billie-estimulando-ondas-com-botao-roxo\/","name":"INTENSE - VIBRADOR DE SUC\u00c7\u00c3O MULTIFUNCIONAL BILLIE RECARREG\u00c1VEL COM BOT\u00c3O ROXO - Lovme","isPartOf":{"@id":"https:\/\/lovme.pt\/#website"},"primaryImageOfPage":{"@id":"https:\/\/lovme.pt\/index.php\/produto\/intense-vibrador-multifuncional-recarregavel-billie-estimulando-ondas-com-botao-roxo\/#primaryimage"},"image":{"@id":"https:\/\/lovme.pt\/index.php\/produto\/intense-vibrador-multifuncional-recarregavel-billie-estimulando-ondas-com-botao-roxo\/#primaryimage"},"thumbnailUrl":"https:\/\/erki24nd3ub.exactdn.com\/wp-content\/uploads\/dream\/img\/img_149145_c2b877d0dc818af772754d9c2d825aab_1.png?strip=all","datePublished":"2025-09-30T20:45:27+00:00","dateModified":"2026-05-13T16:36:04+00:00","breadcrumb":{"@id":"https:\/\/lovme.pt\/index.php\/produto\/intense-vibrador-multifuncional-recarregavel-billie-estimulando-ondas-com-botao-roxo\/#breadcrumb"},"inLanguage":"pt-PT","potentialAction":[{"@type":"ReadAction","target":["https:\/\/lovme.pt\/index.php\/produto\/intense-vibrador-multifuncional-recarregavel-billie-estimulando-ondas-com-botao-roxo\/"]}]},{"@type":"ImageObject","inLanguage":"pt-PT","@id":"https:\/\/lovme.pt\/index.php\/produto\/intense-vibrador-multifuncional-recarregavel-billie-estimulando-ondas-com-botao-roxo\/#primaryimage","url":"https:\/\/erki24nd3ub.exactdn.com\/wp-content\/uploads\/dream\/img\/img_149145_c2b877d0dc818af772754d9c2d825aab_1.png?strip=all","contentUrl":"https:\/\/erki24nd3ub.exactdn.com\/wp-content\/uploads\/dream\/img\/img_149145_c2b877d0dc818af772754d9c2d825aab_1.png?strip=all","width":800,"height":800},{"@type":"BreadcrumbList","@id":"https:\/\/lovme.pt\/index.php\/produto\/intense-vibrador-multifuncional-recarregavel-billie-estimulando-ondas-com-botao-roxo\/#breadcrumb","itemListElement":[{"@type":"ListItem","position":1,"name":"In\u00edcio","item":"https:\/\/lovme.pt\/"},{"@type":"ListItem","position":2,"name":"Loja","item":"https:\/\/lovme.pt\/index.php\/loja\/"},{"@type":"ListItem","position":3,"name":"INTENSE &#8211; VIBRADOR DE SUC\u00c7\u00c3O MULTIFUNCIONAL BILLIE RECARREG\u00c1VEL COM BOT\u00c3O ROXO"}]},{"@type":"WebSite","@id":"https:\/\/lovme.pt\/#website","url":"https:\/\/lovme.pt\/","name":"Lovme Loja Er\u00f3tica N\u00ba1 em Portugal","description":"A melhor loja er\u00f3tica de Portugal.","alternateName":"Loja Er\u00f3tica Lovme","potentialAction":[{"@type":"SearchAction","target":{"@type":"EntryPoint","urlTemplate":"https:\/\/lovme.pt\/?s={search_term_string}"},"query-input":{"@type":"PropertyValueSpecification","valueRequired":true,"valueName":"search_term_string"}}],"inLanguage":"pt-PT"}]}},"_links":{"self":[{"href":"https:\/\/lovme.pt\/index.php\/wp-json\/wp\/v2\/product\/43987","targetHints":{"allow":["GET"]}}],"collection":[{"href":"https:\/\/lovme.pt\/index.php\/wp-json\/wp\/v2\/product"}],"about":[{"href":"https:\/\/lovme.pt\/index.php\/wp-json\/wp\/v2\/types\/product"}],"wp:featuredmedia":[{"embeddable":true,"href":"https:\/\/lovme.pt\/index.php\/wp-json\/wp\/v2\/media\/72318"}],"wp:attachment":[{"href":"https:\/\/lovme.pt\/index.php\/wp-json\/wp\/v2\/media?parent=43987"}],"wp:term":[{"taxonomy":"product_brand","embeddable":true,"href":"https:\/\/lovme.pt\/index.php\/wp-json\/wp\/v2\/product_brand?post=43987"},{"taxonomy":"product_cat","embeddable":true,"href":"https:\/\/lovme.pt\/index.php\/wp-json\/wp\/v2\/product_cat?post=43987"},{"taxonomy":"product_tag","embeddable":true,"href":"https:\/\/lovme.pt\/index.php\/wp-json\/wp\/v2\/product_tag?post=43987"}],"curies":[{"name":"wp","href":"https:\/\/api.w.org\/{rel}","templated":true}]}}