{"id":43980,"date":"2025-10-01T02:16:16","date_gmt":"2025-10-01T02:16:16","guid":{"rendered":"https:\/\/lovme.pt\/?post_type=product&p=43980"},"modified":"2026-02-19T20:18:58","modified_gmt":"2026-02-19T20:18:58","slug":"kiiroo-feel-stroker-feel-sensation","status":"publish","type":"product","link":"https:\/\/lovme.pt\/index.php\/produto\/kiiroo-feel-stroker-feel-sensation\/","title":{"rendered":"KIIROO &#8211; FEEL STROKER FEEL SENSATION"},"content":{"rendered":"<p>Leve o seu jogo de masturba\u00e7\u00e3o para o pr\u00f3ximo n\u00edvel com o acariciador FeelSensation. Feito de um material macio semelhante \u00e0 pele, com uma entrada elegante e n\u00e3o anat\u00f4mica para experimentar os boquetes mais realistas imagin\u00e1veis quando combinado com o masturbador autom\u00e1tico Keon ou o dispositivo de suc\u00e7\u00e3o PowerBlow<\/p>\n<p>\u00a0<\/p>\n<p>Este stroker n\u00e3o anat\u00f4mico foi projetado para melhorar seu desempenho. O FeelSensation tem uma entrada mais estreita do que a maioria dos Kiiroo Fee Strokers, proporcionando um passeio bastante intenso quando combinado com os solavancos e solavancos dentro do t\u00fanel. Combine o FeelSensation Stroker com o Masturbador Autom\u00e1tico Keon ou o Dispositivo de Suc\u00e7\u00e3o PowerBlow para a melhor combina\u00e7\u00e3o de sensa\u00e7\u00f5es.<\/p>\n<p>\u00a0<\/p>\n<p><u><strong>Especifica\u00e7\u00f5es<\/strong><\/u><\/p>\n<ul>\n<li>Material do curso: ABS, PC<\/li>\n<li>Material da caixa: TPE<\/li>\n<li>Peso do item: 542g\/19,12 on\u00e7as\/1,2 lb<\/li>\n<li>Altura do item: 235 mm\/2,35 cm\/0,93 polegadas<\/li>\n<li>Largura do item: tampa inferior 88 mm\/8,8 cm\/3,5 pol. &#8211; Tampa superior 58 mm\/5,8 cm\/2,3 pol.<\/li>\n<li>Comprimento do item: 237 mm\/23,7 cm\/9,3 polegadas<\/li>\n<li>Peso do item embalado: 592g\/21,0 on\u00e7as\/1,31 lb<\/li>\n<li>Altura do item embalado: 240 mm\/24 cm\/9,45 pol.<\/li>\n<li>Largura do item embalado: 90 mm\/9 cm\/3,54 polegadas<\/li>\n<\/ul>\n<p><strong><u>O que voc\u00ea recebe na caixa:<\/u><\/strong><\/p>\n<ul>\n<li>FeelSensation Stroker por Kiiroo<\/li>\n<\/ul>\n","protected":false},"excerpt":{"rendered":"<p>KIIROO &#8211; FEEL STROKER FEEL SENSATION<\/p>\n","protected":false},"featured_media":95836,"template":"","meta":{"_acf_changed":false},"product_brand":[],"product_cat":[17,58,60,63],"product_tag":[],"class_list":{"0":"post-43980","1":"product","2":"type-product","3":"status-publish","4":"has-post-thumbnail","6":"product_cat-brinquedos-de-bem-estar-sexual","7":"product_cat-masturbadores-para-penis","8":"product_cat-para-eles","9":"product_cat-sexo-anal","10":"yith_product_brand-kiiroo","12":"first","13":"instock","14":"taxable","15":"shipping-taxable","16":"purchasable","17":"product-type-simple"},"acf":[],"yoast_head":"<!-- This site is optimized with the Yoast SEO plugin v27.4 - https:\/\/yoast.com\/product\/yoast-seo-wordpress\/ -->\n<title>KIIROO - FEEL STROKER FEEL SENSATION - Lovme<\/title>\n<meta name=\"robots\" content=\"index, follow, max-snippet:-1, max-image-preview:large, max-video-preview:-1\" \/>\n<link rel=\"canonical\" href=\"https:\/\/lovme.pt\/index.php\/produto\/kiiroo-feel-stroker-feel-sensation\/\" \/>\n<meta property=\"og:locale\" content=\"pt_PT\" \/>\n<meta property=\"og:type\" content=\"article\" \/>\n<meta property=\"og:title\" content=\"KIIROO - FEEL STROKER FEEL SENSATION - Lovme\" \/>\n<meta property=\"og:description\" content=\"KIIROO - FEEL STROKER FEEL SENSATION\" \/>\n<meta property=\"og:url\" content=\"https:\/\/lovme.pt\/index.php\/produto\/kiiroo-feel-stroker-feel-sensation\/\" \/>\n<meta property=\"og:site_name\" content=\"Lovme\" \/>\n<meta property=\"article:modified_time\" content=\"2026-02-19T20:18:58+00:00\" \/>\n<meta property=\"og:image\" content=\"https:\/\/erki24nd3ub.exactdn.com\/wp-content\/uploads\/dream\/img\/img_149080_7b408cf576bc87bffdfd88e082d6b23d_1.jpg?strip=all\" \/>\n\t<meta property=\"og:image:width\" content=\"800\" \/>\n\t<meta property=\"og:image:height\" content=\"800\" \/>\n\t<meta property=\"og:image:type\" content=\"image\/jpeg\" \/>\n<meta name=\"twitter:card\" content=\"summary_large_image\" \/>\n<meta name=\"twitter:label1\" content=\"Tempo estimado de leitura\" \/>\n\t<meta name=\"twitter:data1\" content=\"1 minuto\" \/>\n<script type=\"application\/ld+json\" class=\"yoast-schema-graph\">{\"@context\":\"https:\\\/\\\/schema.org\",\"@graph\":[{\"@type\":\"WebPage\",\"@id\":\"https:\\\/\\\/lovme.pt\\\/index.php\\\/produto\\\/kiiroo-feel-stroker-feel-sensation\\\/\",\"url\":\"https:\\\/\\\/lovme.pt\\\/index.php\\\/produto\\\/kiiroo-feel-stroker-feel-sensation\\\/\",\"name\":\"KIIROO - FEEL STROKER FEEL SENSATION - Lovme\",\"isPartOf\":{\"@id\":\"https:\\\/\\\/lovme.pt\\\/#website\"},\"primaryImageOfPage\":{\"@id\":\"https:\\\/\\\/lovme.pt\\\/index.php\\\/produto\\\/kiiroo-feel-stroker-feel-sensation\\\/#primaryimage\"},\"image\":{\"@id\":\"https:\\\/\\\/lovme.pt\\\/index.php\\\/produto\\\/kiiroo-feel-stroker-feel-sensation\\\/#primaryimage\"},\"thumbnailUrl\":\"https:\\\/\\\/erki24nd3ub.exactdn.com\\\/wp-content\\\/uploads\\\/dream\\\/img\\\/img_149080_7b408cf576bc87bffdfd88e082d6b23d_1.jpg?strip=all\",\"datePublished\":\"2025-10-01T02:16:16+00:00\",\"dateModified\":\"2026-02-19T20:18:58+00:00\",\"breadcrumb\":{\"@id\":\"https:\\\/\\\/lovme.pt\\\/index.php\\\/produto\\\/kiiroo-feel-stroker-feel-sensation\\\/#breadcrumb\"},\"inLanguage\":\"pt-PT\",\"potentialAction\":[{\"@type\":\"ReadAction\",\"target\":[\"https:\\\/\\\/lovme.pt\\\/index.php\\\/produto\\\/kiiroo-feel-stroker-feel-sensation\\\/\"]}]},{\"@type\":\"ImageObject\",\"inLanguage\":\"pt-PT\",\"@id\":\"https:\\\/\\\/lovme.pt\\\/index.php\\\/produto\\\/kiiroo-feel-stroker-feel-sensation\\\/#primaryimage\",\"url\":\"https:\\\/\\\/erki24nd3ub.exactdn.com\\\/wp-content\\\/uploads\\\/dream\\\/img\\\/img_149080_7b408cf576bc87bffdfd88e082d6b23d_1.jpg?strip=all\",\"contentUrl\":\"https:\\\/\\\/erki24nd3ub.exactdn.com\\\/wp-content\\\/uploads\\\/dream\\\/img\\\/img_149080_7b408cf576bc87bffdfd88e082d6b23d_1.jpg?strip=all\",\"width\":800,\"height\":800},{\"@type\":\"BreadcrumbList\",\"@id\":\"https:\\\/\\\/lovme.pt\\\/index.php\\\/produto\\\/kiiroo-feel-stroker-feel-sensation\\\/#breadcrumb\",\"itemListElement\":[{\"@type\":\"ListItem\",\"position\":1,\"name\":\"In\u00edcio\",\"item\":\"https:\\\/\\\/lovme.pt\\\/\"},{\"@type\":\"ListItem\",\"position\":2,\"name\":\"Loja\",\"item\":\"https:\\\/\\\/lovme.pt\\\/index.php\\\/loja\\\/\"},{\"@type\":\"ListItem\",\"position\":3,\"name\":\"KIIROO &#8211; FEEL STROKER FEEL SENSATION\"}]},{\"@type\":\"WebSite\",\"@id\":\"https:\\\/\\\/lovme.pt\\\/#website\",\"url\":\"https:\\\/\\\/lovme.pt\\\/\",\"name\":\"Lovme Loja Er\u00f3tica N\u00ba1 em Portugal\",\"description\":\"A melhor loja er\u00f3tica de Portugal.\",\"alternateName\":\"Loja Er\u00f3tica Lovme\",\"potentialAction\":[{\"@type\":\"SearchAction\",\"target\":{\"@type\":\"EntryPoint\",\"urlTemplate\":\"https:\\\/\\\/lovme.pt\\\/?s={search_term_string}\"},\"query-input\":{\"@type\":\"PropertyValueSpecification\",\"valueRequired\":true,\"valueName\":\"search_term_string\"}}],\"inLanguage\":\"pt-PT\"}]}<\/script>\n<!-- \/ Yoast SEO plugin. -->","yoast_head_json":{"title":"KIIROO - FEEL STROKER FEEL SENSATION - Lovme","robots":{"index":"index","follow":"follow","max-snippet":"max-snippet:-1","max-image-preview":"max-image-preview:large","max-video-preview":"max-video-preview:-1"},"canonical":"https:\/\/lovme.pt\/index.php\/produto\/kiiroo-feel-stroker-feel-sensation\/","og_locale":"pt_PT","og_type":"article","og_title":"KIIROO - FEEL STROKER FEEL SENSATION - Lovme","og_description":"KIIROO - FEEL STROKER FEEL SENSATION","og_url":"https:\/\/lovme.pt\/index.php\/produto\/kiiroo-feel-stroker-feel-sensation\/","og_site_name":"Lovme","article_modified_time":"2026-02-19T20:18:58+00:00","og_image":[{"width":800,"height":800,"url":"https:\/\/erki24nd3ub.exactdn.com\/wp-content\/uploads\/dream\/img\/img_149080_7b408cf576bc87bffdfd88e082d6b23d_1.jpg?strip=all","type":"image\/jpeg"}],"twitter_card":"summary_large_image","twitter_misc":{"Tempo estimado de leitura":"1 minuto"},"schema":{"@context":"https:\/\/schema.org","@graph":[{"@type":"WebPage","@id":"https:\/\/lovme.pt\/index.php\/produto\/kiiroo-feel-stroker-feel-sensation\/","url":"https:\/\/lovme.pt\/index.php\/produto\/kiiroo-feel-stroker-feel-sensation\/","name":"KIIROO - FEEL STROKER FEEL SENSATION - Lovme","isPartOf":{"@id":"https:\/\/lovme.pt\/#website"},"primaryImageOfPage":{"@id":"https:\/\/lovme.pt\/index.php\/produto\/kiiroo-feel-stroker-feel-sensation\/#primaryimage"},"image":{"@id":"https:\/\/lovme.pt\/index.php\/produto\/kiiroo-feel-stroker-feel-sensation\/#primaryimage"},"thumbnailUrl":"https:\/\/erki24nd3ub.exactdn.com\/wp-content\/uploads\/dream\/img\/img_149080_7b408cf576bc87bffdfd88e082d6b23d_1.jpg?strip=all","datePublished":"2025-10-01T02:16:16+00:00","dateModified":"2026-02-19T20:18:58+00:00","breadcrumb":{"@id":"https:\/\/lovme.pt\/index.php\/produto\/kiiroo-feel-stroker-feel-sensation\/#breadcrumb"},"inLanguage":"pt-PT","potentialAction":[{"@type":"ReadAction","target":["https:\/\/lovme.pt\/index.php\/produto\/kiiroo-feel-stroker-feel-sensation\/"]}]},{"@type":"ImageObject","inLanguage":"pt-PT","@id":"https:\/\/lovme.pt\/index.php\/produto\/kiiroo-feel-stroker-feel-sensation\/#primaryimage","url":"https:\/\/erki24nd3ub.exactdn.com\/wp-content\/uploads\/dream\/img\/img_149080_7b408cf576bc87bffdfd88e082d6b23d_1.jpg?strip=all","contentUrl":"https:\/\/erki24nd3ub.exactdn.com\/wp-content\/uploads\/dream\/img\/img_149080_7b408cf576bc87bffdfd88e082d6b23d_1.jpg?strip=all","width":800,"height":800},{"@type":"BreadcrumbList","@id":"https:\/\/lovme.pt\/index.php\/produto\/kiiroo-feel-stroker-feel-sensation\/#breadcrumb","itemListElement":[{"@type":"ListItem","position":1,"name":"In\u00edcio","item":"https:\/\/lovme.pt\/"},{"@type":"ListItem","position":2,"name":"Loja","item":"https:\/\/lovme.pt\/index.php\/loja\/"},{"@type":"ListItem","position":3,"name":"KIIROO &#8211; FEEL STROKER FEEL SENSATION"}]},{"@type":"WebSite","@id":"https:\/\/lovme.pt\/#website","url":"https:\/\/lovme.pt\/","name":"Lovme Loja Er\u00f3tica N\u00ba1 em Portugal","description":"A melhor loja er\u00f3tica de Portugal.","alternateName":"Loja Er\u00f3tica Lovme","potentialAction":[{"@type":"SearchAction","target":{"@type":"EntryPoint","urlTemplate":"https:\/\/lovme.pt\/?s={search_term_string}"},"query-input":{"@type":"PropertyValueSpecification","valueRequired":true,"valueName":"search_term_string"}}],"inLanguage":"pt-PT"}]}},"_links":{"self":[{"href":"https:\/\/lovme.pt\/index.php\/wp-json\/wp\/v2\/product\/43980","targetHints":{"allow":["GET"]}}],"collection":[{"href":"https:\/\/lovme.pt\/index.php\/wp-json\/wp\/v2\/product"}],"about":[{"href":"https:\/\/lovme.pt\/index.php\/wp-json\/wp\/v2\/types\/product"}],"wp:featuredmedia":[{"embeddable":true,"href":"https:\/\/lovme.pt\/index.php\/wp-json\/wp\/v2\/media\/95836"}],"wp:attachment":[{"href":"https:\/\/lovme.pt\/index.php\/wp-json\/wp\/v2\/media?parent=43980"}],"wp:term":[{"taxonomy":"product_brand","embeddable":true,"href":"https:\/\/lovme.pt\/index.php\/wp-json\/wp\/v2\/product_brand?post=43980"},{"taxonomy":"product_cat","embeddable":true,"href":"https:\/\/lovme.pt\/index.php\/wp-json\/wp\/v2\/product_cat?post=43980"},{"taxonomy":"product_tag","embeddable":true,"href":"https:\/\/lovme.pt\/index.php\/wp-json\/wp\/v2\/product_tag?post=43980"}],"curies":[{"name":"wp","href":"https:\/\/api.w.org\/{rel}","templated":true}]}}