{"id":43979,"date":"2025-10-01T02:26:33","date_gmt":"2025-10-01T02:26:33","guid":{"rendered":"https:\/\/lovme.pt\/?post_type=product&p=43979"},"modified":"2026-05-13T16:35:57","modified_gmt":"2026-05-13T16:35:57","slug":"kiiroo-sinta-victoria-junho-boca","status":"publish","type":"product","link":"https:\/\/lovme.pt\/index.php\/produto\/kiiroo-sinta-victoria-junho-boca\/","title":{"rendered":"KIIROO &#8211; SINTA VICTORIA JUNHO BOCA"},"content":{"rendered":"<p><img decoding=\"async\" alt=\"\" src=\"https:\/\/interno.dreamlove.es\/UserFiles\/images\/Detalles-descripcion%282%29.png\" style=\"width: 1100px; height: 250px;\" \/><\/p>\n<p>\u00a0<\/p>\n<p>A bela estrela latina Victoria June \u00e9 conhecida por seus l\u00e1bios deliciosos, ent\u00e3o parecia apropriado que a pr\u00f3xima adi\u00e7\u00e3o \u00e0 linha The FeelVictoria apresentasse seu famoso beicinho. O FeelVictoria Mouth Stroker foi moldado a partir da boca e dos l\u00e1bios de Victoria, para deixar seus f\u00e3s mais perto do que nunca de experimentar um boquete dela.<\/p>\n<p>\u00a0<\/p>\n<p><u><strong>Descri\u00e7\u00e3o<\/strong><\/u><\/p>\n<p>A bela estrela latina Victoria June \u00e9 uma das estrelas mais brilhantes da ind\u00fastria adulta, gra\u00e7as \u00e0s suas performances escaldantes que chamam a aten\u00e7\u00e3o desde o momento em que ela aparece na tela.<\/p>\n<p>A pequena estrela morena do Brooklyn, Nova York, de ascend\u00eancia dominicana e porto-riquenha, estreou no cinema adulto em 2017 e n\u00e3o para de trabalhar, para alegria dos mais de 600.000 f\u00e3s dedicados nas redes sociais que a seguem. . cada movimento.<\/p>\n<p>Conhecida por seus l\u00e1bios voluptuosos, parecia apropriado que a pr\u00f3xima adi\u00e7\u00e3o \u00e0 linha The FeelVictoria inclu\u00edsse sua famosa boca. O FeelVictoria Mouth Stroker foi moldado a partir da boca e dos l\u00e1bios de Victoria, para deixar seus f\u00e3s mais perto do que nunca de experimentar um boquete dela.<\/p>\n<p>O FeelVictoria Mouth Stroker foi projetado para uso com Keon, o principal masturbador de Kiiroo que deixar\u00e1 os f\u00e3s mais perto do que nunca de sentir como \u00e9 ser chupado por Victoria.<\/p>\n<p>\u00a0<\/p>\n<p><u><strong>Especifica\u00e7\u00f5es do produto<\/strong><\/u><\/p>\n<ul>\n<li>Material do curso: ABS, PC<\/li>\n<li>Material da caixa: TPE<\/li>\n<li>Tamanho: 240&#215;90<\/li>\n<li>Peso: 542 gramas<\/li>\n<\/ul>\n<p><u><strong>O que voc\u00ea recebe na caixa<\/strong><\/u><\/p>\n<ul>\n<li>1 acariciador de boca Sinta Victoria June<\/li>\n<\/ul>\n","protected":false},"excerpt":{"rendered":"<p>KIIROO &#8211; SINTA VICTORIA JUNHO BOCA<\/p>\n","protected":false},"featured_media":96917,"template":"","meta":{"_acf_changed":false},"product_brand":[],"product_cat":[17,58,60],"product_tag":[],"class_list":{"0":"post-43979","1":"product","2":"type-product","3":"status-publish","4":"has-post-thumbnail","6":"product_cat-brinquedos-de-bem-estar-sexual","7":"product_cat-masturbadores-para-penis","8":"product_cat-para-eles","9":"yith_product_brand-kiiroo","11":"first","12":"outofstock","13":"taxable","14":"shipping-taxable","15":"purchasable","16":"product-type-simple"},"acf":[],"yoast_head":"<!-- This site is optimized with the Yoast SEO plugin v27.4 - https:\/\/yoast.com\/product\/yoast-seo-wordpress\/ -->\n<title>KIIROO - SINTA VICTORIA JUNHO BOCA - Lovme<\/title>\n<meta name=\"robots\" content=\"index, follow, max-snippet:-1, max-image-preview:large, max-video-preview:-1\" \/>\n<link rel=\"canonical\" href=\"https:\/\/lovme.pt\/index.php\/produto\/kiiroo-sinta-victoria-junho-boca\/\" \/>\n<meta property=\"og:locale\" content=\"pt_PT\" \/>\n<meta property=\"og:type\" content=\"article\" \/>\n<meta property=\"og:title\" content=\"KIIROO - SINTA VICTORIA JUNHO BOCA - Lovme\" \/>\n<meta property=\"og:description\" content=\"KIIROO - SINTA VICTORIA JUNHO BOCA\" \/>\n<meta property=\"og:url\" content=\"https:\/\/lovme.pt\/index.php\/produto\/kiiroo-sinta-victoria-junho-boca\/\" \/>\n<meta property=\"og:site_name\" content=\"Lovme\" \/>\n<meta property=\"article:modified_time\" content=\"2026-05-13T16:35:57+00:00\" \/>\n<meta property=\"og:image\" content=\"https:\/\/erki24nd3ub.exactdn.com\/wp-content\/uploads\/dream\/img\/img_151199_faa28590c7a7f29582077e1f06f2612b_1.png?strip=all\" \/>\n\t<meta property=\"og:image:width\" content=\"800\" \/>\n\t<meta property=\"og:image:height\" content=\"800\" \/>\n\t<meta property=\"og:image:type\" content=\"image\/png\" \/>\n<meta name=\"twitter:card\" content=\"summary_large_image\" \/>\n<meta name=\"twitter:label1\" content=\"Tempo estimado de leitura\" \/>\n\t<meta name=\"twitter:data1\" content=\"1 minuto\" \/>\n<script type=\"application\/ld+json\" class=\"yoast-schema-graph\">{\"@context\":\"https:\\\/\\\/schema.org\",\"@graph\":[{\"@type\":\"WebPage\",\"@id\":\"https:\\\/\\\/lovme.pt\\\/index.php\\\/produto\\\/kiiroo-sinta-victoria-junho-boca\\\/\",\"url\":\"https:\\\/\\\/lovme.pt\\\/index.php\\\/produto\\\/kiiroo-sinta-victoria-junho-boca\\\/\",\"name\":\"KIIROO - SINTA VICTORIA JUNHO BOCA - Lovme\",\"isPartOf\":{\"@id\":\"https:\\\/\\\/lovme.pt\\\/#website\"},\"primaryImageOfPage\":{\"@id\":\"https:\\\/\\\/lovme.pt\\\/index.php\\\/produto\\\/kiiroo-sinta-victoria-junho-boca\\\/#primaryimage\"},\"image\":{\"@id\":\"https:\\\/\\\/lovme.pt\\\/index.php\\\/produto\\\/kiiroo-sinta-victoria-junho-boca\\\/#primaryimage\"},\"thumbnailUrl\":\"https:\\\/\\\/erki24nd3ub.exactdn.com\\\/wp-content\\\/uploads\\\/dream\\\/img\\\/img_151199_faa28590c7a7f29582077e1f06f2612b_1.png?strip=all\",\"datePublished\":\"2025-10-01T02:26:33+00:00\",\"dateModified\":\"2026-05-13T16:35:57+00:00\",\"breadcrumb\":{\"@id\":\"https:\\\/\\\/lovme.pt\\\/index.php\\\/produto\\\/kiiroo-sinta-victoria-junho-boca\\\/#breadcrumb\"},\"inLanguage\":\"pt-PT\",\"potentialAction\":[{\"@type\":\"ReadAction\",\"target\":[\"https:\\\/\\\/lovme.pt\\\/index.php\\\/produto\\\/kiiroo-sinta-victoria-junho-boca\\\/\"]}]},{\"@type\":\"ImageObject\",\"inLanguage\":\"pt-PT\",\"@id\":\"https:\\\/\\\/lovme.pt\\\/index.php\\\/produto\\\/kiiroo-sinta-victoria-junho-boca\\\/#primaryimage\",\"url\":\"https:\\\/\\\/erki24nd3ub.exactdn.com\\\/wp-content\\\/uploads\\\/dream\\\/img\\\/img_151199_faa28590c7a7f29582077e1f06f2612b_1.png?strip=all\",\"contentUrl\":\"https:\\\/\\\/erki24nd3ub.exactdn.com\\\/wp-content\\\/uploads\\\/dream\\\/img\\\/img_151199_faa28590c7a7f29582077e1f06f2612b_1.png?strip=all\",\"width\":800,\"height\":800},{\"@type\":\"BreadcrumbList\",\"@id\":\"https:\\\/\\\/lovme.pt\\\/index.php\\\/produto\\\/kiiroo-sinta-victoria-junho-boca\\\/#breadcrumb\",\"itemListElement\":[{\"@type\":\"ListItem\",\"position\":1,\"name\":\"In\u00edcio\",\"item\":\"https:\\\/\\\/lovme.pt\\\/\"},{\"@type\":\"ListItem\",\"position\":2,\"name\":\"Loja\",\"item\":\"https:\\\/\\\/lovme.pt\\\/index.php\\\/loja\\\/\"},{\"@type\":\"ListItem\",\"position\":3,\"name\":\"KIIROO &#8211; SINTA VICTORIA JUNHO BOCA\"}]},{\"@type\":\"WebSite\",\"@id\":\"https:\\\/\\\/lovme.pt\\\/#website\",\"url\":\"https:\\\/\\\/lovme.pt\\\/\",\"name\":\"Lovme Loja Er\u00f3tica N\u00ba1 em Portugal\",\"description\":\"A melhor loja er\u00f3tica de Portugal.\",\"alternateName\":\"Loja Er\u00f3tica Lovme\",\"potentialAction\":[{\"@type\":\"SearchAction\",\"target\":{\"@type\":\"EntryPoint\",\"urlTemplate\":\"https:\\\/\\\/lovme.pt\\\/?s={search_term_string}\"},\"query-input\":{\"@type\":\"PropertyValueSpecification\",\"valueRequired\":true,\"valueName\":\"search_term_string\"}}],\"inLanguage\":\"pt-PT\"}]}<\/script>\n<!-- \/ Yoast SEO plugin. -->","yoast_head_json":{"title":"KIIROO - SINTA VICTORIA JUNHO BOCA - Lovme","robots":{"index":"index","follow":"follow","max-snippet":"max-snippet:-1","max-image-preview":"max-image-preview:large","max-video-preview":"max-video-preview:-1"},"canonical":"https:\/\/lovme.pt\/index.php\/produto\/kiiroo-sinta-victoria-junho-boca\/","og_locale":"pt_PT","og_type":"article","og_title":"KIIROO - SINTA VICTORIA JUNHO BOCA - Lovme","og_description":"KIIROO - SINTA VICTORIA JUNHO BOCA","og_url":"https:\/\/lovme.pt\/index.php\/produto\/kiiroo-sinta-victoria-junho-boca\/","og_site_name":"Lovme","article_modified_time":"2026-05-13T16:35:57+00:00","og_image":[{"width":800,"height":800,"url":"https:\/\/erki24nd3ub.exactdn.com\/wp-content\/uploads\/dream\/img\/img_151199_faa28590c7a7f29582077e1f06f2612b_1.png?strip=all","type":"image\/png"}],"twitter_card":"summary_large_image","twitter_misc":{"Tempo estimado de leitura":"1 minuto"},"schema":{"@context":"https:\/\/schema.org","@graph":[{"@type":"WebPage","@id":"https:\/\/lovme.pt\/index.php\/produto\/kiiroo-sinta-victoria-junho-boca\/","url":"https:\/\/lovme.pt\/index.php\/produto\/kiiroo-sinta-victoria-junho-boca\/","name":"KIIROO - SINTA VICTORIA JUNHO BOCA - Lovme","isPartOf":{"@id":"https:\/\/lovme.pt\/#website"},"primaryImageOfPage":{"@id":"https:\/\/lovme.pt\/index.php\/produto\/kiiroo-sinta-victoria-junho-boca\/#primaryimage"},"image":{"@id":"https:\/\/lovme.pt\/index.php\/produto\/kiiroo-sinta-victoria-junho-boca\/#primaryimage"},"thumbnailUrl":"https:\/\/erki24nd3ub.exactdn.com\/wp-content\/uploads\/dream\/img\/img_151199_faa28590c7a7f29582077e1f06f2612b_1.png?strip=all","datePublished":"2025-10-01T02:26:33+00:00","dateModified":"2026-05-13T16:35:57+00:00","breadcrumb":{"@id":"https:\/\/lovme.pt\/index.php\/produto\/kiiroo-sinta-victoria-junho-boca\/#breadcrumb"},"inLanguage":"pt-PT","potentialAction":[{"@type":"ReadAction","target":["https:\/\/lovme.pt\/index.php\/produto\/kiiroo-sinta-victoria-junho-boca\/"]}]},{"@type":"ImageObject","inLanguage":"pt-PT","@id":"https:\/\/lovme.pt\/index.php\/produto\/kiiroo-sinta-victoria-junho-boca\/#primaryimage","url":"https:\/\/erki24nd3ub.exactdn.com\/wp-content\/uploads\/dream\/img\/img_151199_faa28590c7a7f29582077e1f06f2612b_1.png?strip=all","contentUrl":"https:\/\/erki24nd3ub.exactdn.com\/wp-content\/uploads\/dream\/img\/img_151199_faa28590c7a7f29582077e1f06f2612b_1.png?strip=all","width":800,"height":800},{"@type":"BreadcrumbList","@id":"https:\/\/lovme.pt\/index.php\/produto\/kiiroo-sinta-victoria-junho-boca\/#breadcrumb","itemListElement":[{"@type":"ListItem","position":1,"name":"In\u00edcio","item":"https:\/\/lovme.pt\/"},{"@type":"ListItem","position":2,"name":"Loja","item":"https:\/\/lovme.pt\/index.php\/loja\/"},{"@type":"ListItem","position":3,"name":"KIIROO &#8211; SINTA VICTORIA JUNHO BOCA"}]},{"@type":"WebSite","@id":"https:\/\/lovme.pt\/#website","url":"https:\/\/lovme.pt\/","name":"Lovme Loja Er\u00f3tica N\u00ba1 em Portugal","description":"A melhor loja er\u00f3tica de Portugal.","alternateName":"Loja Er\u00f3tica Lovme","potentialAction":[{"@type":"SearchAction","target":{"@type":"EntryPoint","urlTemplate":"https:\/\/lovme.pt\/?s={search_term_string}"},"query-input":{"@type":"PropertyValueSpecification","valueRequired":true,"valueName":"search_term_string"}}],"inLanguage":"pt-PT"}]}},"_links":{"self":[{"href":"https:\/\/lovme.pt\/index.php\/wp-json\/wp\/v2\/product\/43979","targetHints":{"allow":["GET"]}}],"collection":[{"href":"https:\/\/lovme.pt\/index.php\/wp-json\/wp\/v2\/product"}],"about":[{"href":"https:\/\/lovme.pt\/index.php\/wp-json\/wp\/v2\/types\/product"}],"wp:featuredmedia":[{"embeddable":true,"href":"https:\/\/lovme.pt\/index.php\/wp-json\/wp\/v2\/media\/96917"}],"wp:attachment":[{"href":"https:\/\/lovme.pt\/index.php\/wp-json\/wp\/v2\/media?parent=43979"}],"wp:term":[{"taxonomy":"product_brand","embeddable":true,"href":"https:\/\/lovme.pt\/index.php\/wp-json\/wp\/v2\/product_brand?post=43979"},{"taxonomy":"product_cat","embeddable":true,"href":"https:\/\/lovme.pt\/index.php\/wp-json\/wp\/v2\/product_cat?post=43979"},{"taxonomy":"product_tag","embeddable":true,"href":"https:\/\/lovme.pt\/index.php\/wp-json\/wp\/v2\/product_tag?post=43979"}],"curies":[{"name":"wp","href":"https:\/\/api.w.org\/{rel}","templated":true}]}}