{"id":43978,"date":"2025-10-01T02:26:29","date_gmt":"2025-10-01T02:26:29","guid":{"rendered":"https:\/\/lovme.pt\/?post_type=product&p=43978"},"modified":"2026-02-19T20:19:08","modified_gmt":"2026-02-19T20:19:08","slug":"kiiroo-powerblow-feel-victoria-june-boca-combo-set","status":"publish","type":"product","link":"https:\/\/lovme.pt\/index.php\/produto\/kiiroo-powerblow-feel-victoria-june-boca-combo-set\/","title":{"rendered":"KIIROO &#8211; POWERBLOW  FEEL VICTORIA June BOCA COMBO SET"},"content":{"rendered":"<p>O <strong>FeelVictoria Mouth Stroker<\/strong> foi projetado para ser usado com PowerBlow, a ventosa de Kiiroo, e Keon, o principal masturbador de Kiiroo que deixar\u00e1 os f\u00e3s mais perto do que nunca de sentir como \u00e9 estar com Victoria.<\/p>\n<p> A bela estrela latina <strong>Victoria June<\/strong> \u00e9 uma das estrelas mais brilhantes da ind\u00fastria adulta, gra\u00e7as \u00e0s suas performances escaldantes que chamam a aten\u00e7\u00e3o desde o momento em que ela aparece na tela.<\/p>\n<p> A pequena estrela morena do Brooklyn, Nova York, de ascend\u00eancia dominicana e porto-riquenha, estreou no cinema adulto em 2017 e n\u00e3o para de trabalhar, para alegria dos mais de 600.000 f\u00e3s dedicados nas redes sociais que a seguem. . cada movimento. Conhecida por seus l\u00e1bios voluptuosos, parecia apropriado que a pr\u00f3xima adi\u00e7\u00e3o \u00e0 linha The FeelVictoria inclu\u00edsse sua famosa boca. O FeelVictoria Mouth Stroker foi moldado a partir da boca e dos l\u00e1bios de Victoria, para deixar seus f\u00e3s mais perto do que nunca de experimentar um boquete dela.<\/p>\n<p> O <strong>FeelVictoria Mouth Stroker<\/strong> foi projetado para ser usado com PowerBlow, a ventosa de Kiiroo, e Keon, o principal masturbador de Kiiroo que deixar\u00e1 os f\u00e3s mais perto do que nunca de sentir como \u00e9 estar com Victoria. O <strong>PowerBlow<\/strong> \u00e9 um dispositivo de suc\u00e7\u00e3o interativo que cabe na extremidade dos Kiiroo Feel Strokers (Stars) e de outras marcas l\u00edderes que usam o mesmo mecanismo de parafuso dos Feel Strokers (Stars).<\/p>\n<p> <u><strong>Caracter\u00edsticas:<\/strong><\/u><\/p>\n<ul>\n<li> Modos Bluetooth, Manual, Autom\u00e1tico<\/li>\n<li> Boquetes personaliz\u00e1veis \/ crie seus pr\u00f3prios padr\u00f5es de boquete<\/li>\n<li> Conecte-se usando FeelMe AI para experimentar conte\u00fado interativo<\/li>\n<li> Compat\u00edvel com FeelSensation, FeelVictoria Mouth, FeelKayley, FeelTanya Stroker<\/li>\n<li> Experi\u00eancia de boquete realista<\/li>\n<li> Integra\u00e7\u00e3o r\u00e1pida e f\u00e1cil usando o aplicativo FeelConnect<\/li>\n<\/ul>\n<p> <u><strong>Especifica\u00e7\u00f5es do produto<\/strong><\/u><\/p>\n<ul>\n<li> Material do curso: ABS, PC<\/li>\n<li> Material da caixa: TPE<\/li>\n<li> Peso do item: 542g\/19,12 on\u00e7as\/1,2 lb<\/li>\n<li> Altura do item: 235 mm\/23,5 cm\/9,3 polegadas<\/li>\n<li> Largura do item: tampa inferior 60 mm\/6 cm\/polegada &#8211; tampa superior 75 mm\/7,5 cm\/2,95 polegadas<\/li>\n<li> Comprimento do item: tampa inferior 55 mm\/5,5 cm\/2,2 pol. &#8211; Tampa superior 70 mm\/7 cm\/2,8 pol.<\/li>\n<\/ul>\n<ul>\n<li> Kiirooo PowerBlow Material: ABS, espuma PU, anel de silicone.<\/li>\n<li> Peso do item: 198g\/6,9 on\u00e7as\/0,44 lb<\/li>\n<li> Altura do item: 72 mm\/7,2 cm\/2,8 polegadas<\/li>\n<li> Di\u00e2metro superior do item: 78 mm\/7,8 cm\/polegada<\/li>\n<li> Di\u00e2metro inferior do item: 60 mm\/6 cm\/2,4 polegadas<\/li>\n<\/ul>\n<p> <u><strong>O que est\u00e1 na caixa<\/strong><\/u><\/p>\n<ul>\n<li> 1 x FeelVictoria Mouth Stroker por Kiiroo<\/li>\n<li> 1 x Kiiroo Power Blow<\/li>\n<li> 1 x anel de silicone.<\/li>\n<li> 1 copo para acidente vascular cerebral.<\/li>\n<li> 1 x anel de espuma absorvente de substitui\u00e7\u00e3o<\/li>\n<li> 1 cabo de carregamento USB-C.<\/li>\n<li> 1 guia de in\u00edcio r\u00e1pido<\/li>\n<li> 1 livreto de vouchers.<\/li>\n<\/ul>\n","protected":false},"excerpt":{"rendered":"<p>KIIROO &#8211; POWERBLOW  FEEL VICTORIA June BOCA COMBO SET<\/p>\n","protected":false},"featured_media":96912,"template":"","meta":{"_acf_changed":false},"product_brand":[],"product_cat":[17,58,60],"product_tag":[],"class_list":{"0":"post-43978","1":"product","2":"type-product","3":"status-publish","4":"has-post-thumbnail","6":"product_cat-brinquedos-de-bem-estar-sexual","7":"product_cat-masturbadores-para-penis","8":"product_cat-para-eles","9":"yith_product_brand-kiiroo","11":"first","12":"instock","13":"taxable","14":"shipping-taxable","15":"purchasable","16":"product-type-simple"},"acf":[],"yoast_head":"<!-- This site is optimized with the Yoast SEO plugin v27.4 - https:\/\/yoast.com\/product\/yoast-seo-wordpress\/ -->\n<title>KIIROO - POWERBLOW FEEL VICTORIA June BOCA COMBO SET - Lovme<\/title>\n<meta name=\"robots\" content=\"index, follow, max-snippet:-1, max-image-preview:large, max-video-preview:-1\" \/>\n<link rel=\"canonical\" href=\"https:\/\/lovme.pt\/index.php\/produto\/kiiroo-powerblow-feel-victoria-june-boca-combo-set\/\" \/>\n<meta property=\"og:locale\" content=\"pt_PT\" \/>\n<meta property=\"og:type\" content=\"article\" \/>\n<meta property=\"og:title\" content=\"KIIROO - POWERBLOW FEEL VICTORIA June BOCA COMBO SET - Lovme\" \/>\n<meta property=\"og:description\" content=\"KIIROO - POWERBLOW FEEL VICTORIA June BOCA COMBO SET\" \/>\n<meta property=\"og:url\" content=\"https:\/\/lovme.pt\/index.php\/produto\/kiiroo-powerblow-feel-victoria-june-boca-combo-set\/\" \/>\n<meta property=\"og:site_name\" content=\"Lovme\" \/>\n<meta property=\"article:modified_time\" content=\"2026-02-19T20:19:08+00:00\" \/>\n<meta property=\"og:image\" content=\"https:\/\/erki24nd3ub.exactdn.com\/wp-content\/uploads\/dream\/img\/img_149105_b9812d34f077d53c7572f390c26e2194_1.jpg?strip=all\" \/>\n\t<meta property=\"og:image:width\" content=\"800\" \/>\n\t<meta property=\"og:image:height\" content=\"800\" \/>\n\t<meta property=\"og:image:type\" content=\"image\/jpeg\" \/>\n<meta name=\"twitter:card\" content=\"summary_large_image\" \/>\n<meta name=\"twitter:label1\" content=\"Tempo estimado de leitura\" \/>\n\t<meta name=\"twitter:data1\" content=\"2 minutos\" \/>\n<script type=\"application\/ld+json\" class=\"yoast-schema-graph\">{\"@context\":\"https:\\\/\\\/schema.org\",\"@graph\":[{\"@type\":\"WebPage\",\"@id\":\"https:\\\/\\\/lovme.pt\\\/index.php\\\/produto\\\/kiiroo-powerblow-feel-victoria-june-boca-combo-set\\\/\",\"url\":\"https:\\\/\\\/lovme.pt\\\/index.php\\\/produto\\\/kiiroo-powerblow-feel-victoria-june-boca-combo-set\\\/\",\"name\":\"KIIROO - POWERBLOW FEEL VICTORIA June BOCA COMBO SET - Lovme\",\"isPartOf\":{\"@id\":\"https:\\\/\\\/lovme.pt\\\/#website\"},\"primaryImageOfPage\":{\"@id\":\"https:\\\/\\\/lovme.pt\\\/index.php\\\/produto\\\/kiiroo-powerblow-feel-victoria-june-boca-combo-set\\\/#primaryimage\"},\"image\":{\"@id\":\"https:\\\/\\\/lovme.pt\\\/index.php\\\/produto\\\/kiiroo-powerblow-feel-victoria-june-boca-combo-set\\\/#primaryimage\"},\"thumbnailUrl\":\"https:\\\/\\\/erki24nd3ub.exactdn.com\\\/wp-content\\\/uploads\\\/dream\\\/img\\\/img_149105_b9812d34f077d53c7572f390c26e2194_1.jpg?strip=all\",\"datePublished\":\"2025-10-01T02:26:29+00:00\",\"dateModified\":\"2026-02-19T20:19:08+00:00\",\"breadcrumb\":{\"@id\":\"https:\\\/\\\/lovme.pt\\\/index.php\\\/produto\\\/kiiroo-powerblow-feel-victoria-june-boca-combo-set\\\/#breadcrumb\"},\"inLanguage\":\"pt-PT\",\"potentialAction\":[{\"@type\":\"ReadAction\",\"target\":[\"https:\\\/\\\/lovme.pt\\\/index.php\\\/produto\\\/kiiroo-powerblow-feel-victoria-june-boca-combo-set\\\/\"]}]},{\"@type\":\"ImageObject\",\"inLanguage\":\"pt-PT\",\"@id\":\"https:\\\/\\\/lovme.pt\\\/index.php\\\/produto\\\/kiiroo-powerblow-feel-victoria-june-boca-combo-set\\\/#primaryimage\",\"url\":\"https:\\\/\\\/erki24nd3ub.exactdn.com\\\/wp-content\\\/uploads\\\/dream\\\/img\\\/img_149105_b9812d34f077d53c7572f390c26e2194_1.jpg?strip=all\",\"contentUrl\":\"https:\\\/\\\/erki24nd3ub.exactdn.com\\\/wp-content\\\/uploads\\\/dream\\\/img\\\/img_149105_b9812d34f077d53c7572f390c26e2194_1.jpg?strip=all\",\"width\":800,\"height\":800},{\"@type\":\"BreadcrumbList\",\"@id\":\"https:\\\/\\\/lovme.pt\\\/index.php\\\/produto\\\/kiiroo-powerblow-feel-victoria-june-boca-combo-set\\\/#breadcrumb\",\"itemListElement\":[{\"@type\":\"ListItem\",\"position\":1,\"name\":\"In\u00edcio\",\"item\":\"https:\\\/\\\/lovme.pt\\\/\"},{\"@type\":\"ListItem\",\"position\":2,\"name\":\"Loja\",\"item\":\"https:\\\/\\\/lovme.pt\\\/index.php\\\/loja\\\/\"},{\"@type\":\"ListItem\",\"position\":3,\"name\":\"KIIROO &#8211; POWERBLOW FEEL VICTORIA June BOCA COMBO SET\"}]},{\"@type\":\"WebSite\",\"@id\":\"https:\\\/\\\/lovme.pt\\\/#website\",\"url\":\"https:\\\/\\\/lovme.pt\\\/\",\"name\":\"Lovme Loja Er\u00f3tica N\u00ba1 em Portugal\",\"description\":\"A melhor loja er\u00f3tica de Portugal.\",\"alternateName\":\"Loja Er\u00f3tica Lovme\",\"potentialAction\":[{\"@type\":\"SearchAction\",\"target\":{\"@type\":\"EntryPoint\",\"urlTemplate\":\"https:\\\/\\\/lovme.pt\\\/?s={search_term_string}\"},\"query-input\":{\"@type\":\"PropertyValueSpecification\",\"valueRequired\":true,\"valueName\":\"search_term_string\"}}],\"inLanguage\":\"pt-PT\"}]}<\/script>\n<!-- \/ Yoast SEO plugin. -->","yoast_head_json":{"title":"KIIROO - POWERBLOW FEEL VICTORIA June BOCA COMBO SET - Lovme","robots":{"index":"index","follow":"follow","max-snippet":"max-snippet:-1","max-image-preview":"max-image-preview:large","max-video-preview":"max-video-preview:-1"},"canonical":"https:\/\/lovme.pt\/index.php\/produto\/kiiroo-powerblow-feel-victoria-june-boca-combo-set\/","og_locale":"pt_PT","og_type":"article","og_title":"KIIROO - POWERBLOW FEEL VICTORIA June BOCA COMBO SET - Lovme","og_description":"KIIROO - POWERBLOW FEEL VICTORIA June BOCA COMBO SET","og_url":"https:\/\/lovme.pt\/index.php\/produto\/kiiroo-powerblow-feel-victoria-june-boca-combo-set\/","og_site_name":"Lovme","article_modified_time":"2026-02-19T20:19:08+00:00","og_image":[{"width":800,"height":800,"url":"https:\/\/erki24nd3ub.exactdn.com\/wp-content\/uploads\/dream\/img\/img_149105_b9812d34f077d53c7572f390c26e2194_1.jpg?strip=all","type":"image\/jpeg"}],"twitter_card":"summary_large_image","twitter_misc":{"Tempo estimado de leitura":"2 minutos"},"schema":{"@context":"https:\/\/schema.org","@graph":[{"@type":"WebPage","@id":"https:\/\/lovme.pt\/index.php\/produto\/kiiroo-powerblow-feel-victoria-june-boca-combo-set\/","url":"https:\/\/lovme.pt\/index.php\/produto\/kiiroo-powerblow-feel-victoria-june-boca-combo-set\/","name":"KIIROO - POWERBLOW FEEL VICTORIA June BOCA COMBO SET - Lovme","isPartOf":{"@id":"https:\/\/lovme.pt\/#website"},"primaryImageOfPage":{"@id":"https:\/\/lovme.pt\/index.php\/produto\/kiiroo-powerblow-feel-victoria-june-boca-combo-set\/#primaryimage"},"image":{"@id":"https:\/\/lovme.pt\/index.php\/produto\/kiiroo-powerblow-feel-victoria-june-boca-combo-set\/#primaryimage"},"thumbnailUrl":"https:\/\/erki24nd3ub.exactdn.com\/wp-content\/uploads\/dream\/img\/img_149105_b9812d34f077d53c7572f390c26e2194_1.jpg?strip=all","datePublished":"2025-10-01T02:26:29+00:00","dateModified":"2026-02-19T20:19:08+00:00","breadcrumb":{"@id":"https:\/\/lovme.pt\/index.php\/produto\/kiiroo-powerblow-feel-victoria-june-boca-combo-set\/#breadcrumb"},"inLanguage":"pt-PT","potentialAction":[{"@type":"ReadAction","target":["https:\/\/lovme.pt\/index.php\/produto\/kiiroo-powerblow-feel-victoria-june-boca-combo-set\/"]}]},{"@type":"ImageObject","inLanguage":"pt-PT","@id":"https:\/\/lovme.pt\/index.php\/produto\/kiiroo-powerblow-feel-victoria-june-boca-combo-set\/#primaryimage","url":"https:\/\/erki24nd3ub.exactdn.com\/wp-content\/uploads\/dream\/img\/img_149105_b9812d34f077d53c7572f390c26e2194_1.jpg?strip=all","contentUrl":"https:\/\/erki24nd3ub.exactdn.com\/wp-content\/uploads\/dream\/img\/img_149105_b9812d34f077d53c7572f390c26e2194_1.jpg?strip=all","width":800,"height":800},{"@type":"BreadcrumbList","@id":"https:\/\/lovme.pt\/index.php\/produto\/kiiroo-powerblow-feel-victoria-june-boca-combo-set\/#breadcrumb","itemListElement":[{"@type":"ListItem","position":1,"name":"In\u00edcio","item":"https:\/\/lovme.pt\/"},{"@type":"ListItem","position":2,"name":"Loja","item":"https:\/\/lovme.pt\/index.php\/loja\/"},{"@type":"ListItem","position":3,"name":"KIIROO &#8211; POWERBLOW FEEL VICTORIA June BOCA COMBO SET"}]},{"@type":"WebSite","@id":"https:\/\/lovme.pt\/#website","url":"https:\/\/lovme.pt\/","name":"Lovme Loja Er\u00f3tica N\u00ba1 em Portugal","description":"A melhor loja er\u00f3tica de Portugal.","alternateName":"Loja Er\u00f3tica Lovme","potentialAction":[{"@type":"SearchAction","target":{"@type":"EntryPoint","urlTemplate":"https:\/\/lovme.pt\/?s={search_term_string}"},"query-input":{"@type":"PropertyValueSpecification","valueRequired":true,"valueName":"search_term_string"}}],"inLanguage":"pt-PT"}]}},"_links":{"self":[{"href":"https:\/\/lovme.pt\/index.php\/wp-json\/wp\/v2\/product\/43978","targetHints":{"allow":["GET"]}}],"collection":[{"href":"https:\/\/lovme.pt\/index.php\/wp-json\/wp\/v2\/product"}],"about":[{"href":"https:\/\/lovme.pt\/index.php\/wp-json\/wp\/v2\/types\/product"}],"wp:featuredmedia":[{"embeddable":true,"href":"https:\/\/lovme.pt\/index.php\/wp-json\/wp\/v2\/media\/96912"}],"wp:attachment":[{"href":"https:\/\/lovme.pt\/index.php\/wp-json\/wp\/v2\/media?parent=43978"}],"wp:term":[{"taxonomy":"product_brand","embeddable":true,"href":"https:\/\/lovme.pt\/index.php\/wp-json\/wp\/v2\/product_brand?post=43978"},{"taxonomy":"product_cat","embeddable":true,"href":"https:\/\/lovme.pt\/index.php\/wp-json\/wp\/v2\/product_cat?post=43978"},{"taxonomy":"product_tag","embeddable":true,"href":"https:\/\/lovme.pt\/index.php\/wp-json\/wp\/v2\/product_tag?post=43978"}],"curies":[{"name":"wp","href":"https:\/\/api.w.org\/{rel}","templated":true}]}}