{"id":43975,"date":"2025-10-01T00:05:07","date_gmt":"2025-10-01T00:05:07","guid":{"rendered":"https:\/\/lovme.pt\/?post_type=product&p=43975"},"modified":"2026-02-19T20:14:17","modified_gmt":"2026-02-19T20:14:17","slug":"je-joue-vibrador-anal-egon-plug-preto","status":"publish","type":"product","link":"https:\/\/lovme.pt\/index.php\/produto\/je-joue-vibrador-anal-egon-plug-preto\/","title":{"rendered":"JE JOUE &#8211; VIBRADOR ANAL EGON PLUG PRETO"},"content":{"rendered":"<p>O vibrador de bunda Egon foi projetado para sua experi\u00eancia multissensacional. O nome, que significa forte com espada, possui poderosas bordas triangulares que proporcionam ao usu\u00e1rio uma sensa\u00e7\u00e3o mais ou menos intensa no ponto P ou ponto G. Seu silicone macio e sedoso e sua alta estatura criar\u00e3o uma sensa\u00e7\u00e3o de poder er\u00f3tico. As poderosas vibra\u00e7\u00f5es estrondosas de baixa frequ\u00eancia penetrar\u00e3o profundamente em seus locais de prazer.<\/p>\n<ul>\n<li>Altura: 135mm<\/li>\n<li>Largura: 62,5 mm<\/li>\n<li>Profundidade: 33,7 mm<\/li>\n<li>Peso: 90,6g<\/li>\n<\/ul>\n","protected":false},"excerpt":{"rendered":"<p>JE JOUE &#8211; VIBRADOR ANAL EGON PLUG PRETO<\/p>\n","protected":false},"featured_media":84341,"template":"","meta":{"_acf_changed":false},"product_brand":[],"product_cat":[48,17,61,62,63,76],"product_tag":[],"class_list":{"0":"post-43975","1":"product","2":"type-product","3":"status-publish","4":"has-post-thumbnail","6":"product_cat-bdsm","7":"product_cat-brinquedos-de-bem-estar-sexual","8":"product_cat-para-elas","9":"product_cat-plugues-e-correntes-anais","10":"product_cat-sexo-anal","11":"product_cat-vibradores","12":"yith_product_brand-je-joue","14":"first","15":"instock","16":"taxable","17":"shipping-taxable","18":"purchasable","19":"product-type-simple"},"acf":[],"yoast_head":"<!-- This site is optimized with the Yoast SEO plugin v27.4 - https:\/\/yoast.com\/product\/yoast-seo-wordpress\/ -->\n<title>JE JOUE - VIBRADOR ANAL EGON PLUG PRETO - Lovme<\/title>\n<meta name=\"robots\" content=\"index, follow, max-snippet:-1, max-image-preview:large, max-video-preview:-1\" \/>\n<link rel=\"canonical\" href=\"https:\/\/lovme.pt\/index.php\/produto\/je-joue-vibrador-anal-egon-plug-preto\/\" \/>\n<meta property=\"og:locale\" content=\"pt_PT\" \/>\n<meta property=\"og:type\" content=\"article\" \/>\n<meta property=\"og:title\" content=\"JE JOUE - VIBRADOR ANAL EGON PLUG PRETO - Lovme\" \/>\n<meta property=\"og:description\" content=\"JE JOUE - VIBRADOR ANAL EGON PLUG PRETO\" \/>\n<meta property=\"og:url\" content=\"https:\/\/lovme.pt\/index.php\/produto\/je-joue-vibrador-anal-egon-plug-preto\/\" \/>\n<meta property=\"og:site_name\" content=\"Lovme\" \/>\n<meta property=\"article:modified_time\" content=\"2026-02-19T20:14:17+00:00\" \/>\n<meta property=\"og:image\" content=\"https:\/\/erki24nd3ub.exactdn.com\/wp-content\/uploads\/dream\/img\/img_150014_f9d0be6aa21769b0561a611f080358d8_1.jpg?strip=all\" \/>\n\t<meta property=\"og:image:width\" content=\"800\" \/>\n\t<meta property=\"og:image:height\" content=\"800\" \/>\n\t<meta property=\"og:image:type\" content=\"image\/jpeg\" \/>\n<meta name=\"twitter:card\" content=\"summary_large_image\" \/>\n<script type=\"application\/ld+json\" class=\"yoast-schema-graph\">{\"@context\":\"https:\\\/\\\/schema.org\",\"@graph\":[{\"@type\":\"WebPage\",\"@id\":\"https:\\\/\\\/lovme.pt\\\/index.php\\\/produto\\\/je-joue-vibrador-anal-egon-plug-preto\\\/\",\"url\":\"https:\\\/\\\/lovme.pt\\\/index.php\\\/produto\\\/je-joue-vibrador-anal-egon-plug-preto\\\/\",\"name\":\"JE JOUE - VIBRADOR ANAL EGON PLUG PRETO - Lovme\",\"isPartOf\":{\"@id\":\"https:\\\/\\\/lovme.pt\\\/#website\"},\"primaryImageOfPage\":{\"@id\":\"https:\\\/\\\/lovme.pt\\\/index.php\\\/produto\\\/je-joue-vibrador-anal-egon-plug-preto\\\/#primaryimage\"},\"image\":{\"@id\":\"https:\\\/\\\/lovme.pt\\\/index.php\\\/produto\\\/je-joue-vibrador-anal-egon-plug-preto\\\/#primaryimage\"},\"thumbnailUrl\":\"https:\\\/\\\/erki24nd3ub.exactdn.com\\\/wp-content\\\/uploads\\\/dream\\\/img\\\/img_150014_f9d0be6aa21769b0561a611f080358d8_1.jpg?strip=all\",\"datePublished\":\"2025-10-01T00:05:07+00:00\",\"dateModified\":\"2026-02-19T20:14:17+00:00\",\"breadcrumb\":{\"@id\":\"https:\\\/\\\/lovme.pt\\\/index.php\\\/produto\\\/je-joue-vibrador-anal-egon-plug-preto\\\/#breadcrumb\"},\"inLanguage\":\"pt-PT\",\"potentialAction\":[{\"@type\":\"ReadAction\",\"target\":[\"https:\\\/\\\/lovme.pt\\\/index.php\\\/produto\\\/je-joue-vibrador-anal-egon-plug-preto\\\/\"]}]},{\"@type\":\"ImageObject\",\"inLanguage\":\"pt-PT\",\"@id\":\"https:\\\/\\\/lovme.pt\\\/index.php\\\/produto\\\/je-joue-vibrador-anal-egon-plug-preto\\\/#primaryimage\",\"url\":\"https:\\\/\\\/erki24nd3ub.exactdn.com\\\/wp-content\\\/uploads\\\/dream\\\/img\\\/img_150014_f9d0be6aa21769b0561a611f080358d8_1.jpg?strip=all\",\"contentUrl\":\"https:\\\/\\\/erki24nd3ub.exactdn.com\\\/wp-content\\\/uploads\\\/dream\\\/img\\\/img_150014_f9d0be6aa21769b0561a611f080358d8_1.jpg?strip=all\",\"width\":800,\"height\":800},{\"@type\":\"BreadcrumbList\",\"@id\":\"https:\\\/\\\/lovme.pt\\\/index.php\\\/produto\\\/je-joue-vibrador-anal-egon-plug-preto\\\/#breadcrumb\",\"itemListElement\":[{\"@type\":\"ListItem\",\"position\":1,\"name\":\"In\u00edcio\",\"item\":\"https:\\\/\\\/lovme.pt\\\/\"},{\"@type\":\"ListItem\",\"position\":2,\"name\":\"Loja\",\"item\":\"https:\\\/\\\/lovme.pt\\\/index.php\\\/loja\\\/\"},{\"@type\":\"ListItem\",\"position\":3,\"name\":\"JE JOUE &#8211; VIBRADOR ANAL EGON PLUG PRETO\"}]},{\"@type\":\"WebSite\",\"@id\":\"https:\\\/\\\/lovme.pt\\\/#website\",\"url\":\"https:\\\/\\\/lovme.pt\\\/\",\"name\":\"Lovme Loja Er\u00f3tica N\u00ba1 em Portugal\",\"description\":\"A melhor loja er\u00f3tica de Portugal.\",\"alternateName\":\"Loja Er\u00f3tica Lovme\",\"potentialAction\":[{\"@type\":\"SearchAction\",\"target\":{\"@type\":\"EntryPoint\",\"urlTemplate\":\"https:\\\/\\\/lovme.pt\\\/?s={search_term_string}\"},\"query-input\":{\"@type\":\"PropertyValueSpecification\",\"valueRequired\":true,\"valueName\":\"search_term_string\"}}],\"inLanguage\":\"pt-PT\"}]}<\/script>\n<!-- \/ Yoast SEO plugin. -->","yoast_head_json":{"title":"JE JOUE - VIBRADOR ANAL EGON PLUG PRETO - Lovme","robots":{"index":"index","follow":"follow","max-snippet":"max-snippet:-1","max-image-preview":"max-image-preview:large","max-video-preview":"max-video-preview:-1"},"canonical":"https:\/\/lovme.pt\/index.php\/produto\/je-joue-vibrador-anal-egon-plug-preto\/","og_locale":"pt_PT","og_type":"article","og_title":"JE JOUE - VIBRADOR ANAL EGON PLUG PRETO - Lovme","og_description":"JE JOUE - VIBRADOR ANAL EGON PLUG PRETO","og_url":"https:\/\/lovme.pt\/index.php\/produto\/je-joue-vibrador-anal-egon-plug-preto\/","og_site_name":"Lovme","article_modified_time":"2026-02-19T20:14:17+00:00","og_image":[{"width":800,"height":800,"url":"https:\/\/erki24nd3ub.exactdn.com\/wp-content\/uploads\/dream\/img\/img_150014_f9d0be6aa21769b0561a611f080358d8_1.jpg?strip=all","type":"image\/jpeg"}],"twitter_card":"summary_large_image","schema":{"@context":"https:\/\/schema.org","@graph":[{"@type":"WebPage","@id":"https:\/\/lovme.pt\/index.php\/produto\/je-joue-vibrador-anal-egon-plug-preto\/","url":"https:\/\/lovme.pt\/index.php\/produto\/je-joue-vibrador-anal-egon-plug-preto\/","name":"JE JOUE - VIBRADOR ANAL EGON PLUG PRETO - Lovme","isPartOf":{"@id":"https:\/\/lovme.pt\/#website"},"primaryImageOfPage":{"@id":"https:\/\/lovme.pt\/index.php\/produto\/je-joue-vibrador-anal-egon-plug-preto\/#primaryimage"},"image":{"@id":"https:\/\/lovme.pt\/index.php\/produto\/je-joue-vibrador-anal-egon-plug-preto\/#primaryimage"},"thumbnailUrl":"https:\/\/erki24nd3ub.exactdn.com\/wp-content\/uploads\/dream\/img\/img_150014_f9d0be6aa21769b0561a611f080358d8_1.jpg?strip=all","datePublished":"2025-10-01T00:05:07+00:00","dateModified":"2026-02-19T20:14:17+00:00","breadcrumb":{"@id":"https:\/\/lovme.pt\/index.php\/produto\/je-joue-vibrador-anal-egon-plug-preto\/#breadcrumb"},"inLanguage":"pt-PT","potentialAction":[{"@type":"ReadAction","target":["https:\/\/lovme.pt\/index.php\/produto\/je-joue-vibrador-anal-egon-plug-preto\/"]}]},{"@type":"ImageObject","inLanguage":"pt-PT","@id":"https:\/\/lovme.pt\/index.php\/produto\/je-joue-vibrador-anal-egon-plug-preto\/#primaryimage","url":"https:\/\/erki24nd3ub.exactdn.com\/wp-content\/uploads\/dream\/img\/img_150014_f9d0be6aa21769b0561a611f080358d8_1.jpg?strip=all","contentUrl":"https:\/\/erki24nd3ub.exactdn.com\/wp-content\/uploads\/dream\/img\/img_150014_f9d0be6aa21769b0561a611f080358d8_1.jpg?strip=all","width":800,"height":800},{"@type":"BreadcrumbList","@id":"https:\/\/lovme.pt\/index.php\/produto\/je-joue-vibrador-anal-egon-plug-preto\/#breadcrumb","itemListElement":[{"@type":"ListItem","position":1,"name":"In\u00edcio","item":"https:\/\/lovme.pt\/"},{"@type":"ListItem","position":2,"name":"Loja","item":"https:\/\/lovme.pt\/index.php\/loja\/"},{"@type":"ListItem","position":3,"name":"JE JOUE &#8211; VIBRADOR ANAL EGON PLUG PRETO"}]},{"@type":"WebSite","@id":"https:\/\/lovme.pt\/#website","url":"https:\/\/lovme.pt\/","name":"Lovme Loja Er\u00f3tica N\u00ba1 em Portugal","description":"A melhor loja er\u00f3tica de Portugal.","alternateName":"Loja Er\u00f3tica Lovme","potentialAction":[{"@type":"SearchAction","target":{"@type":"EntryPoint","urlTemplate":"https:\/\/lovme.pt\/?s={search_term_string}"},"query-input":{"@type":"PropertyValueSpecification","valueRequired":true,"valueName":"search_term_string"}}],"inLanguage":"pt-PT"}]}},"_links":{"self":[{"href":"https:\/\/lovme.pt\/index.php\/wp-json\/wp\/v2\/product\/43975","targetHints":{"allow":["GET"]}}],"collection":[{"href":"https:\/\/lovme.pt\/index.php\/wp-json\/wp\/v2\/product"}],"about":[{"href":"https:\/\/lovme.pt\/index.php\/wp-json\/wp\/v2\/types\/product"}],"wp:featuredmedia":[{"embeddable":true,"href":"https:\/\/lovme.pt\/index.php\/wp-json\/wp\/v2\/media\/84341"}],"wp:attachment":[{"href":"https:\/\/lovme.pt\/index.php\/wp-json\/wp\/v2\/media?parent=43975"}],"wp:term":[{"taxonomy":"product_brand","embeddable":true,"href":"https:\/\/lovme.pt\/index.php\/wp-json\/wp\/v2\/product_brand?post=43975"},{"taxonomy":"product_cat","embeddable":true,"href":"https:\/\/lovme.pt\/index.php\/wp-json\/wp\/v2\/product_cat?post=43975"},{"taxonomy":"product_tag","embeddable":true,"href":"https:\/\/lovme.pt\/index.php\/wp-json\/wp\/v2\/product_tag?post=43975"}],"curies":[{"name":"wp","href":"https:\/\/api.w.org\/{rel}","templated":true}]}}